{"id":736,"date":"2024-09-01T09:07:21","date_gmt":"2024-09-01T09:07:21","guid":{"rendered":"https:\/\/mistrzowieimprez.pl\/produkt\/silomierz-boxer\/"},"modified":"2026-03-18T08:51:39","modified_gmt":"2026-03-18T08:51:39","slug":"silomierz-boxer","status":"publish","type":"product","link":"https:\/\/mistrzowieimprez.pl\/en\/product\/silomierz-boxer\/","title":{"rendered":"Si\u0142omierz Boxer"},"content":{"rendered":"<p>Si\u0142omierz Boxer to niesamowita atrakcja, kt\u00f3ra zapewnia emocje na ka\u017cdym evencie! Ta interaktywna gra testuje si\u0142\u0119 uderzenia, daj\u0105c uczestnikom szans\u0119 na rywalizacj\u0119 i zabaw\u0119. Jest to idealny spos\u00f3b na roz\u0142adowanie energii i zintegrowanie grupy podczas imprezy!<\/p>\n<ul>\n<li>Wytrzyma\u0142a konstrukcja do intensywnego u\u017cytkowania<\/li>\n<li>Wy\u015bwietlacz cyfrowy pokazuj\u0105cy wynik si\u0142y uderzenia<\/li>\n<li>Regulowana wysoko\u015b\u0107, dopasowana do r\u00f3\u017cnych grup wiekowych<\/li>\n<\/ul>\n<ul>\n<li>Wspania\u0142a zabawa i adrenalina gwarantowana<\/li>\n<li>Promuje zdrow\u0105 rywalizacj\u0119 i zwi\u0119ksza poczucie wsp\u00f3\u0142zawodnictwa<\/li>\n<li>Udoskonala umiej\u0119tno\u015b\u0107 koncentracji i koordynacji<\/li>\n<\/ul>\n<p>Dodaj Si\u0142omierz Boxer do swojego zapytania ofertowego i przekonaj si\u0119, jak du\u017co rado\u015bci mo\u017ce przynie\u015b\u0107 ta atrakcja na Twoim evencie!<\/p>","protected":false},"excerpt":{"rendered":"<p>Si\u0142omierz Boxer to interaktywna gra, kt\u00f3ra przetestuje si\u0142\u0119 uderzenia Twoich go\u015bci. Emocje i zdrowa rywalizacja gwarantowane! Idealny wyb\u00f3r na wszelkiego rodzaju eventy, kt\u00f3re maj\u0105 na celu integracj\u0119 i roz\u0142adowanie nadmiaru energii.<\/p>","protected":false},"featured_media":1139,"comment_status":"closed","ping_status":"closed","template":"","meta":{"_acf_changed":false},"product_brand":[],"product_cat":[80,86],"product_tag":[],"class_list":{"0":"post-736","1":"product","2":"type-product","3":"status-publish","4":"has-post-thumbnail","6":"product_cat-dla-mlodziezy-i-doroslych","7":"product_cat-mechaniczne","9":"first","10":"instock","11":"downloadable","12":"virtual","13":"purchasable","14":"product-type-simple"},"acf":[],"yoast_head":"<!-- This site is optimized with the Yoast SEO plugin v27.2 - https:\/\/yoast.com\/product\/yoast-seo-wordpress\/ -->\n<title>Si\u0142omierz Boxer na eventy \u2013 wynajem automatu do mierzenia si\u0142y<\/title>\n<meta name=\"robots\" content=\"index, follow, max-snippet:-1, max-image-preview:large, max-video-preview:-1\" \/>\n<link rel=\"canonical\" href=\"https:\/\/mistrzowieimprez.pl\/en\/product\/silomierz-boxer\/\" \/>\n<meta property=\"og:locale\" content=\"en_GB\" \/>\n<meta property=\"og:type\" content=\"article\" \/>\n<meta property=\"og:title\" content=\"Si\u0142omierz Boxer na eventy \u2013 wynajem automatu do mierzenia si\u0142y\" \/>\n<meta property=\"og:description\" content=\"Si\u0142omierz Boxer to interaktywna gra, kt\u00f3ra przetestuje si\u0142\u0119 uderzenia Twoich go\u015bci. Emocje i zdrowa rywalizacja gwarantowane! Idealny wyb\u00f3r na wszelkiego rodzaju eventy, kt\u00f3re maj\u0105 na celu integracj\u0119 i roz\u0142adowanie nadmiaru energii.\" \/>\n<meta property=\"og:url\" content=\"https:\/\/mistrzowieimprez.pl\/en\/product\/silomierz-boxer\/\" \/>\n<meta property=\"og:site_name\" content=\"Mistrzowie Imprez\" \/>\n<meta property=\"article:publisher\" content=\"https:\/\/www.facebook.com\/mistrzowieimprez\" \/>\n<meta property=\"article:modified_time\" content=\"2026-03-18T08:51:39+00:00\" \/>\n<meta property=\"og:image\" content=\"https:\/\/mistrzowieimprez.pl\/wp-content\/uploads\/2024\/09\/Silomierz-boxer-scaled.jpg\" \/>\n\t<meta property=\"og:image:width\" content=\"2560\" \/>\n\t<meta property=\"og:image:height\" content=\"1707\" \/>\n\t<meta property=\"og:image:type\" content=\"image\/jpeg\" \/>\n<meta name=\"twitter:card\" content=\"summary_large_image\" \/>\n<meta name=\"twitter:label1\" content=\"Estimated reading time\" \/>\n\t<meta name=\"twitter:data1\" content=\"1 minute\" \/>\n<script type=\"application\/ld+json\" class=\"yoast-schema-graph\">{\"@context\":\"https:\/\/schema.org\",\"@graph\":[{\"@type\":\"WebPage\",\"@id\":\"https:\/\/mistrzowieimprez.pl\/produkt\/silomierz-boxer\/\",\"url\":\"https:\/\/mistrzowieimprez.pl\/produkt\/silomierz-boxer\/\",\"name\":\"Si\u0142omierz Boxer na eventy \u2013 wynajem automatu do mierzenia si\u0142y\",\"isPartOf\":{\"@id\":\"https:\/\/mistrzowieimprez.pl\/#website\"},\"primaryImageOfPage\":{\"@id\":\"https:\/\/mistrzowieimprez.pl\/produkt\/silomierz-boxer\/#primaryimage\"},\"image\":{\"@id\":\"https:\/\/mistrzowieimprez.pl\/produkt\/silomierz-boxer\/#primaryimage\"},\"thumbnailUrl\":\"https:\/\/mistrzowieimprez.pl\/wp-content\/uploads\/2024\/09\/Silomierz-boxer-scaled.jpg\",\"datePublished\":\"2024-09-01T09:07:21+00:00\",\"dateModified\":\"2026-03-18T08:51:39+00:00\",\"breadcrumb\":{\"@id\":\"https:\/\/mistrzowieimprez.pl\/produkt\/silomierz-boxer\/#breadcrumb\"},\"inLanguage\":\"en-GB\",\"potentialAction\":[{\"@type\":\"ReadAction\",\"target\":[\"https:\/\/mistrzowieimprez.pl\/produkt\/silomierz-boxer\/\"]}]},{\"@type\":\"ImageObject\",\"inLanguage\":\"en-GB\",\"@id\":\"https:\/\/mistrzowieimprez.pl\/produkt\/silomierz-boxer\/#primaryimage\",\"url\":\"https:\/\/mistrzowieimprez.pl\/wp-content\/uploads\/2024\/09\/Silomierz-boxer-scaled.jpg\",\"contentUrl\":\"https:\/\/mistrzowieimprez.pl\/wp-content\/uploads\/2024\/09\/Silomierz-boxer-scaled.jpg\",\"width\":2560,\"height\":1707,\"caption\":\"Zdj\u0119cie przedstawia m\u0119\u017cczyzn\u0119 graj\u0105cego na automacie do mocowania ciosu, podczas imprezy plenerowej organizowanej przez Mistrz\u00f3w imprez.\"},{\"@type\":\"BreadcrumbList\",\"@id\":\"https:\/\/mistrzowieimprez.pl\/produkt\/silomierz-boxer\/#breadcrumb\",\"itemListElement\":[{\"@type\":\"ListItem\",\"position\":1,\"name\":\"Strona g\u0142\u00f3wna\",\"item\":\"https:\/\/mistrzowieimprez.pl\/\"},{\"@type\":\"ListItem\",\"position\":2,\"name\":\"sklep\",\"item\":\"https:\/\/mistrzowieimprez.pl\/sklep\/\"},{\"@type\":\"ListItem\",\"position\":3,\"name\":\"Si\u0142omierz Boxer\"}]},{\"@type\":\"WebSite\",\"@id\":\"https:\/\/mistrzowieimprez.pl\/#website\",\"url\":\"https:\/\/mistrzowieimprez.pl\/\",\"name\":\"Mistrzowie Imprez\",\"description\":\"Kompleksowa organizacja imprez\",\"publisher\":{\"@id\":\"https:\/\/mistrzowieimprez.pl\/#organization\"},\"potentialAction\":[{\"@type\":\"SearchAction\",\"target\":{\"@type\":\"EntryPoint\",\"urlTemplate\":\"https:\/\/mistrzowieimprez.pl\/?s={search_term_string}\"},\"query-input\":{\"@type\":\"PropertyValueSpecification\",\"valueRequired\":true,\"valueName\":\"search_term_string\"}}],\"inLanguage\":\"en-GB\"},{\"@type\":\"Organization\",\"@id\":\"https:\/\/mistrzowieimprez.pl\/#organization\",\"name\":\"Mistrzowie Imprez\",\"url\":\"https:\/\/mistrzowieimprez.pl\/\",\"logo\":{\"@type\":\"ImageObject\",\"inLanguage\":\"en-GB\",\"@id\":\"https:\/\/mistrzowieimprez.pl\/#\/schema\/logo\/image\/\",\"url\":\"https:\/\/mistrzowieimprez.pl\/wp-content\/uploads\/2024\/08\/mistrzowie_imprez_logo_ciemne-tlo@4x.png\",\"contentUrl\":\"https:\/\/mistrzowieimprez.pl\/wp-content\/uploads\/2024\/08\/mistrzowie_imprez_logo_ciemne-tlo@4x.png\",\"width\":1318,\"height\":351,\"caption\":\"Mistrzowie Imprez\"},\"image\":{\"@id\":\"https:\/\/mistrzowieimprez.pl\/#\/schema\/logo\/image\/\"},\"sameAs\":[\"https:\/\/www.facebook.com\/mistrzowieimprez\",\"https:\/\/www.instagram.com\/mistrzowieimprez\/\",\"https:\/\/www.youtube.com\/@ytmistrzowieimprez\"]}]}<\/script>\n<!-- \/ Yoast SEO plugin. -->","yoast_head_json":{"title":"Si\u0142omierz Boxer na eventy \u2013 wynajem automatu do mierzenia si\u0142y","robots":{"index":"index","follow":"follow","max-snippet":"max-snippet:-1","max-image-preview":"max-image-preview:large","max-video-preview":"max-video-preview:-1"},"canonical":"https:\/\/mistrzowieimprez.pl\/en\/product\/silomierz-boxer\/","og_locale":"en_GB","og_type":"article","og_title":"Si\u0142omierz Boxer na eventy \u2013 wynajem automatu do mierzenia si\u0142y","og_description":"Si\u0142omierz Boxer to interaktywna gra, kt\u00f3ra przetestuje si\u0142\u0119 uderzenia Twoich go\u015bci. Emocje i zdrowa rywalizacja gwarantowane! Idealny wyb\u00f3r na wszelkiego rodzaju eventy, kt\u00f3re maj\u0105 na celu integracj\u0119 i roz\u0142adowanie nadmiaru energii.","og_url":"https:\/\/mistrzowieimprez.pl\/en\/product\/silomierz-boxer\/","og_site_name":"Mistrzowie Imprez","article_publisher":"https:\/\/www.facebook.com\/mistrzowieimprez","article_modified_time":"2026-03-18T08:51:39+00:00","og_image":[{"width":2560,"height":1707,"url":"https:\/\/mistrzowieimprez.pl\/wp-content\/uploads\/2024\/09\/Silomierz-boxer-scaled.jpg","type":"image\/jpeg"}],"twitter_card":"summary_large_image","twitter_misc":{"Estimated reading time":"1 minute"},"schema":{"@context":"https:\/\/schema.org","@graph":[{"@type":"WebPage","@id":"https:\/\/mistrzowieimprez.pl\/produkt\/silomierz-boxer\/","url":"https:\/\/mistrzowieimprez.pl\/produkt\/silomierz-boxer\/","name":"Si\u0142omierz Boxer na eventy \u2013 wynajem automatu do mierzenia si\u0142y","isPartOf":{"@id":"https:\/\/mistrzowieimprez.pl\/#website"},"primaryImageOfPage":{"@id":"https:\/\/mistrzowieimprez.pl\/produkt\/silomierz-boxer\/#primaryimage"},"image":{"@id":"https:\/\/mistrzowieimprez.pl\/produkt\/silomierz-boxer\/#primaryimage"},"thumbnailUrl":"https:\/\/mistrzowieimprez.pl\/wp-content\/uploads\/2024\/09\/Silomierz-boxer-scaled.jpg","datePublished":"2024-09-01T09:07:21+00:00","dateModified":"2026-03-18T08:51:39+00:00","breadcrumb":{"@id":"https:\/\/mistrzowieimprez.pl\/produkt\/silomierz-boxer\/#breadcrumb"},"inLanguage":"en-GB","potentialAction":[{"@type":"ReadAction","target":["https:\/\/mistrzowieimprez.pl\/produkt\/silomierz-boxer\/"]}]},{"@type":"ImageObject","inLanguage":"en-GB","@id":"https:\/\/mistrzowieimprez.pl\/produkt\/silomierz-boxer\/#primaryimage","url":"https:\/\/mistrzowieimprez.pl\/wp-content\/uploads\/2024\/09\/Silomierz-boxer-scaled.jpg","contentUrl":"https:\/\/mistrzowieimprez.pl\/wp-content\/uploads\/2024\/09\/Silomierz-boxer-scaled.jpg","width":2560,"height":1707,"caption":"Zdj\u0119cie przedstawia m\u0119\u017cczyzn\u0119 graj\u0105cego na automacie do mocowania ciosu, podczas imprezy plenerowej organizowanej przez Mistrz\u00f3w imprez."},{"@type":"BreadcrumbList","@id":"https:\/\/mistrzowieimprez.pl\/produkt\/silomierz-boxer\/#breadcrumb","itemListElement":[{"@type":"ListItem","position":1,"name":"Strona g\u0142\u00f3wna","item":"https:\/\/mistrzowieimprez.pl\/"},{"@type":"ListItem","position":2,"name":"sklep","item":"https:\/\/mistrzowieimprez.pl\/sklep\/"},{"@type":"ListItem","position":3,"name":"Si\u0142omierz Boxer"}]},{"@type":"WebSite","@id":"https:\/\/mistrzowieimprez.pl\/#website","url":"https:\/\/mistrzowieimprez.pl\/","name":"Mistrzowie Imprez","description":"Kompleksowa organizacja imprez","publisher":{"@id":"https:\/\/mistrzowieimprez.pl\/#organization"},"potentialAction":[{"@type":"SearchAction","target":{"@type":"EntryPoint","urlTemplate":"https:\/\/mistrzowieimprez.pl\/?s={search_term_string}"},"query-input":{"@type":"PropertyValueSpecification","valueRequired":true,"valueName":"search_term_string"}}],"inLanguage":"en-GB"},{"@type":"Organization","@id":"https:\/\/mistrzowieimprez.pl\/#organization","name":"Mistrzowie Imprez","url":"https:\/\/mistrzowieimprez.pl\/","logo":{"@type":"ImageObject","inLanguage":"en-GB","@id":"https:\/\/mistrzowieimprez.pl\/#\/schema\/logo\/image\/","url":"https:\/\/mistrzowieimprez.pl\/wp-content\/uploads\/2024\/08\/mistrzowie_imprez_logo_ciemne-tlo@4x.png","contentUrl":"https:\/\/mistrzowieimprez.pl\/wp-content\/uploads\/2024\/08\/mistrzowie_imprez_logo_ciemne-tlo@4x.png","width":1318,"height":351,"caption":"Mistrzowie Imprez"},"image":{"@id":"https:\/\/mistrzowieimprez.pl\/#\/schema\/logo\/image\/"},"sameAs":["https:\/\/www.facebook.com\/mistrzowieimprez","https:\/\/www.instagram.com\/mistrzowieimprez\/","https:\/\/www.youtube.com\/@ytmistrzowieimprez"]}]}},"_links":{"self":[{"href":"https:\/\/mistrzowieimprez.pl\/en\/wp-json\/wp\/v2\/product\/736","targetHints":{"allow":["GET"]}}],"collection":[{"href":"https:\/\/mistrzowieimprez.pl\/en\/wp-json\/wp\/v2\/product"}],"about":[{"href":"https:\/\/mistrzowieimprez.pl\/en\/wp-json\/wp\/v2\/types\/product"}],"replies":[{"embeddable":true,"href":"https:\/\/mistrzowieimprez.pl\/en\/wp-json\/wp\/v2\/comments?post=736"}],"version-history":[{"count":1,"href":"https:\/\/mistrzowieimprez.pl\/en\/wp-json\/wp\/v2\/product\/736\/revisions"}],"predecessor-version":[{"id":3544,"href":"https:\/\/mistrzowieimprez.pl\/en\/wp-json\/wp\/v2\/product\/736\/revisions\/3544"}],"wp:featuredmedia":[{"embeddable":true,"href":"https:\/\/mistrzowieimprez.pl\/en\/wp-json\/wp\/v2\/media\/1139"}],"wp:attachment":[{"href":"https:\/\/mistrzowieimprez.pl\/en\/wp-json\/wp\/v2\/media?parent=736"}],"wp:term":[{"taxonomy":"product_brand","embeddable":true,"href":"https:\/\/mistrzowieimprez.pl\/en\/wp-json\/wp\/v2\/product_brand?post=736"},{"taxonomy":"product_cat","embeddable":true,"href":"https:\/\/mistrzowieimprez.pl\/en\/wp-json\/wp\/v2\/product_cat?post=736"},{"taxonomy":"product_tag","embeddable":true,"href":"https:\/\/mistrzowieimprez.pl\/en\/wp-json\/wp\/v2\/product_tag?post=736"}],"curies":[{"name":"wp","href":"https:\/\/api.w.org\/{rel}","templated":true}]}}