{"id":735,"date":"2024-09-01T09:07:21","date_gmt":"2024-09-01T09:07:21","guid":{"rendered":"https:\/\/mistrzowieimprez.pl\/produkt\/byk-mechaniczny\/"},"modified":"2026-03-18T08:51:58","modified_gmt":"2026-03-18T08:51:58","slug":"byk-mechaniczny","status":"publish","type":"product","link":"https:\/\/mistrzowieimprez.pl\/en\/product\/byk-mechaniczny\/","title":{"rendered":"Byk mechaniczny"},"content":{"rendered":"<p>Czy kiedykolwiek marzy\u0142e\u015b o do\u015bwiadczeniu dzikiej przeja\u017cd\u017cki na mechanicznym byku? Teraz mo\u017cesz to zrobi\u0107, niezale\u017cnie od poziomu umiej\u0119tno\u015bci! Nasz byk mechaniczny gwarantuje emocje na najwy\u017cszym poziomie podczas ka\u017cdej imprezy, zapewniaj\u0105c niezapomniane wra\u017cenia i mn\u00f3stwo \u015bmiechu dla wszystkich uczestnik\u00f3w.<\/p>\n<ul>\n<li>Byk mechaniczny z regulowan\u0105 pr\u0119dko\u015bci\u0105 i ruchami<\/li>\n<li>W pe\u0142ni bezpieczny, z mi\u0119kkimi rogami i obszarem do l\u0105dowania<\/li>\n<li>Mo\u017ce obs\u0142u\u017cy\u0107 do 1 osoby na raz, a maksymalna waga u\u017cytkownika wynosi 100 kg<\/li>\n<\/ul>\n<ul>\n<li>Do\u015bwiadczenie niesamowitej adrenaliny podczas jazdy na byku<\/li>\n<li>Unikalna atrakcja, kt\u00f3ra przyci\u0105ga t\u0142umy i sprawia, \u017ce Twoja impreza b\u0119dzie niezapomniana<\/li>\n<li>\u015awietna zabawa i rozwijanie umiej\u0119tno\u015bci r\u00f3wnowagi<\/li>\n<\/ul>\n<p>Nie czekaj, dop\u00f3ki nie b\u0119dzie za p\u00f3\u017ano! Dodaj byka mechanicznego do swojego zapytania ofertowego ju\u017c teraz i zorganizuj imprez\u0119, o kt\u00f3rej wszyscy b\u0119d\u0105 m\u00f3wi\u0107!<\/p>","protected":false},"excerpt":{"rendered":"<p>Nasza atrakcja &#8211; Byk Mechaniczny &#8211; to gwarancja emocji na najwy\u017cszym poziomie na ka\u017cdej imprezie. Bez wzgl\u0119du na poziom umiej\u0119tno\u015bci, mo\u017cesz do\u015bwiadczy\u0107 dzikiej jazdy i niezapomnianych wra\u017ce\u0144. Zabawa i rozwijanie umiej\u0119tno\u015bci r\u00f3wnowagi w jednym!<\/p>","protected":false},"featured_media":1948,"comment_status":"closed","ping_status":"closed","template":"","meta":{"_acf_changed":false},"product_brand":[],"product_cat":[80,86],"product_tag":[],"class_list":{"0":"post-735","1":"product","2":"type-product","3":"status-publish","4":"has-post-thumbnail","6":"product_cat-dla-mlodziezy-i-doroslych","7":"product_cat-mechaniczne","9":"first","10":"instock","11":"downloadable","12":"virtual","13":"purchasable","14":"product-type-simple"},"acf":[],"yoast_head":"<!-- This site is optimized with the Yoast SEO plugin v27.5 - https:\/\/yoast.com\/product\/yoast-seo-wordpress\/ -->\n<title>Byk mechaniczny na eventy \u2013 wynajem symulatora rodeo i atrakcji<\/title>\n<meta name=\"robots\" content=\"index, follow, max-snippet:-1, max-image-preview:large, max-video-preview:-1\" \/>\n<link rel=\"canonical\" href=\"https:\/\/mistrzowieimprez.pl\/en\/product\/byk-mechaniczny\/\" \/>\n<meta property=\"og:locale\" content=\"en_GB\" \/>\n<meta property=\"og:type\" content=\"article\" \/>\n<meta property=\"og:title\" content=\"Byk mechaniczny na eventy \u2013 wynajem symulatora rodeo i atrakcji\" \/>\n<meta property=\"og:description\" content=\"Nasza atrakcja - Byk Mechaniczny - to gwarancja emocji na najwy\u017cszym poziomie na ka\u017cdej imprezie. Bez wzgl\u0119du na poziom umiej\u0119tno\u015bci, mo\u017cesz do\u015bwiadczy\u0107 dzikiej jazdy i niezapomnianych wra\u017ce\u0144. Zabawa i rozwijanie umiej\u0119tno\u015bci r\u00f3wnowagi w jednym!\" \/>\n<meta property=\"og:url\" content=\"https:\/\/mistrzowieimprez.pl\/en\/product\/byk-mechaniczny\/\" \/>\n<meta property=\"og:site_name\" content=\"Mistrzowie Imprez\" \/>\n<meta property=\"article:publisher\" content=\"https:\/\/www.facebook.com\/mistrzowieimprez\" \/>\n<meta property=\"article:modified_time\" content=\"2026-03-18T08:51:58+00:00\" \/>\n<meta property=\"og:image\" content=\"https:\/\/mistrzowieimprez.pl\/wp-content\/uploads\/2024\/09\/MG_3564-scaled.jpg\" \/>\n\t<meta property=\"og:image:width\" content=\"2560\" \/>\n\t<meta property=\"og:image:height\" content=\"1707\" \/>\n\t<meta property=\"og:image:type\" content=\"image\/jpeg\" \/>\n<meta name=\"twitter:card\" content=\"summary_large_image\" \/>\n<meta name=\"twitter:label1\" content=\"Estimated reading time\" \/>\n\t<meta name=\"twitter:data1\" content=\"1 minute\" \/>\n<script type=\"application\/ld+json\" class=\"yoast-schema-graph\">{\"@context\":\"https:\\\/\\\/schema.org\",\"@graph\":[{\"@type\":\"WebPage\",\"@id\":\"https:\\\/\\\/mistrzowieimprez.pl\\\/produkt\\\/byk-mechaniczny\\\/\",\"url\":\"https:\\\/\\\/mistrzowieimprez.pl\\\/produkt\\\/byk-mechaniczny\\\/\",\"name\":\"Byk mechaniczny na eventy \u2013 wynajem symulatora rodeo i atrakcji\",\"isPartOf\":{\"@id\":\"https:\\\/\\\/mistrzowieimprez.pl\\\/#website\"},\"primaryImageOfPage\":{\"@id\":\"https:\\\/\\\/mistrzowieimprez.pl\\\/produkt\\\/byk-mechaniczny\\\/#primaryimage\"},\"image\":{\"@id\":\"https:\\\/\\\/mistrzowieimprez.pl\\\/produkt\\\/byk-mechaniczny\\\/#primaryimage\"},\"thumbnailUrl\":\"https:\\\/\\\/mistrzowieimprez.pl\\\/wp-content\\\/uploads\\\/2024\\\/09\\\/MG_3564-scaled.jpg\",\"datePublished\":\"2024-09-01T09:07:21+00:00\",\"dateModified\":\"2026-03-18T08:51:58+00:00\",\"breadcrumb\":{\"@id\":\"https:\\\/\\\/mistrzowieimprez.pl\\\/produkt\\\/byk-mechaniczny\\\/#breadcrumb\"},\"inLanguage\":\"en-GB\",\"potentialAction\":[{\"@type\":\"ReadAction\",\"target\":[\"https:\\\/\\\/mistrzowieimprez.pl\\\/produkt\\\/byk-mechaniczny\\\/\"]}]},{\"@type\":\"ImageObject\",\"inLanguage\":\"en-GB\",\"@id\":\"https:\\\/\\\/mistrzowieimprez.pl\\\/produkt\\\/byk-mechaniczny\\\/#primaryimage\",\"url\":\"https:\\\/\\\/mistrzowieimprez.pl\\\/wp-content\\\/uploads\\\/2024\\\/09\\\/MG_3564-scaled.jpg\",\"contentUrl\":\"https:\\\/\\\/mistrzowieimprez.pl\\\/wp-content\\\/uploads\\\/2024\\\/09\\\/MG_3564-scaled.jpg\",\"width\":2560,\"height\":1707,\"caption\":\"Na zdj\u0119ciu wida\u0107 m\u0119\u017cczyzn\u0119 je\u017cd\u017c\u0105cego na mechanicznym byku podczas imprezy plenerowej.\"},{\"@type\":\"BreadcrumbList\",\"@id\":\"https:\\\/\\\/mistrzowieimprez.pl\\\/produkt\\\/byk-mechaniczny\\\/#breadcrumb\",\"itemListElement\":[{\"@type\":\"ListItem\",\"position\":1,\"name\":\"Strona g\u0142\u00f3wna\",\"item\":\"https:\\\/\\\/mistrzowieimprez.pl\\\/\"},{\"@type\":\"ListItem\",\"position\":2,\"name\":\"sklep\",\"item\":\"https:\\\/\\\/mistrzowieimprez.pl\\\/sklep\\\/\"},{\"@type\":\"ListItem\",\"position\":3,\"name\":\"Byk mechaniczny\"}]},{\"@type\":\"WebSite\",\"@id\":\"https:\\\/\\\/mistrzowieimprez.pl\\\/#website\",\"url\":\"https:\\\/\\\/mistrzowieimprez.pl\\\/\",\"name\":\"Mistrzowie Imprez\",\"description\":\"Kompleksowa organizacja imprez\",\"publisher\":{\"@id\":\"https:\\\/\\\/mistrzowieimprez.pl\\\/#organization\"},\"potentialAction\":[{\"@type\":\"SearchAction\",\"target\":{\"@type\":\"EntryPoint\",\"urlTemplate\":\"https:\\\/\\\/mistrzowieimprez.pl\\\/?s={search_term_string}\"},\"query-input\":{\"@type\":\"PropertyValueSpecification\",\"valueRequired\":true,\"valueName\":\"search_term_string\"}}],\"inLanguage\":\"en-GB\"},{\"@type\":\"Organization\",\"@id\":\"https:\\\/\\\/mistrzowieimprez.pl\\\/#organization\",\"name\":\"Mistrzowie Imprez\",\"url\":\"https:\\\/\\\/mistrzowieimprez.pl\\\/\",\"logo\":{\"@type\":\"ImageObject\",\"inLanguage\":\"en-GB\",\"@id\":\"https:\\\/\\\/mistrzowieimprez.pl\\\/#\\\/schema\\\/logo\\\/image\\\/\",\"url\":\"https:\\\/\\\/mistrzowieimprez.pl\\\/wp-content\\\/uploads\\\/2024\\\/08\\\/mistrzowie_imprez_logo_ciemne-tlo@4x.png\",\"contentUrl\":\"https:\\\/\\\/mistrzowieimprez.pl\\\/wp-content\\\/uploads\\\/2024\\\/08\\\/mistrzowie_imprez_logo_ciemne-tlo@4x.png\",\"width\":1318,\"height\":351,\"caption\":\"Mistrzowie Imprez\"},\"image\":{\"@id\":\"https:\\\/\\\/mistrzowieimprez.pl\\\/#\\\/schema\\\/logo\\\/image\\\/\"},\"sameAs\":[\"https:\\\/\\\/www.facebook.com\\\/mistrzowieimprez\",\"https:\\\/\\\/www.instagram.com\\\/mistrzowieimprez\\\/\",\"https:\\\/\\\/www.youtube.com\\\/@ytmistrzowieimprez\"]}]}<\/script>\n<!-- \/ Yoast SEO plugin. -->","yoast_head_json":{"title":"Byk mechaniczny na eventy \u2013 wynajem symulatora rodeo i atrakcji","robots":{"index":"index","follow":"follow","max-snippet":"max-snippet:-1","max-image-preview":"max-image-preview:large","max-video-preview":"max-video-preview:-1"},"canonical":"https:\/\/mistrzowieimprez.pl\/en\/product\/byk-mechaniczny\/","og_locale":"en_GB","og_type":"article","og_title":"Byk mechaniczny na eventy \u2013 wynajem symulatora rodeo i atrakcji","og_description":"Nasza atrakcja - Byk Mechaniczny - to gwarancja emocji na najwy\u017cszym poziomie na ka\u017cdej imprezie. Bez wzgl\u0119du na poziom umiej\u0119tno\u015bci, mo\u017cesz do\u015bwiadczy\u0107 dzikiej jazdy i niezapomnianych wra\u017ce\u0144. Zabawa i rozwijanie umiej\u0119tno\u015bci r\u00f3wnowagi w jednym!","og_url":"https:\/\/mistrzowieimprez.pl\/en\/product\/byk-mechaniczny\/","og_site_name":"Mistrzowie Imprez","article_publisher":"https:\/\/www.facebook.com\/mistrzowieimprez","article_modified_time":"2026-03-18T08:51:58+00:00","og_image":[{"width":2560,"height":1707,"url":"https:\/\/mistrzowieimprez.pl\/wp-content\/uploads\/2024\/09\/MG_3564-scaled.jpg","type":"image\/jpeg"}],"twitter_card":"summary_large_image","twitter_misc":{"Estimated reading time":"1 minute"},"schema":{"@context":"https:\/\/schema.org","@graph":[{"@type":"WebPage","@id":"https:\/\/mistrzowieimprez.pl\/produkt\/byk-mechaniczny\/","url":"https:\/\/mistrzowieimprez.pl\/produkt\/byk-mechaniczny\/","name":"Byk mechaniczny na eventy \u2013 wynajem symulatora rodeo i atrakcji","isPartOf":{"@id":"https:\/\/mistrzowieimprez.pl\/#website"},"primaryImageOfPage":{"@id":"https:\/\/mistrzowieimprez.pl\/produkt\/byk-mechaniczny\/#primaryimage"},"image":{"@id":"https:\/\/mistrzowieimprez.pl\/produkt\/byk-mechaniczny\/#primaryimage"},"thumbnailUrl":"https:\/\/mistrzowieimprez.pl\/wp-content\/uploads\/2024\/09\/MG_3564-scaled.jpg","datePublished":"2024-09-01T09:07:21+00:00","dateModified":"2026-03-18T08:51:58+00:00","breadcrumb":{"@id":"https:\/\/mistrzowieimprez.pl\/produkt\/byk-mechaniczny\/#breadcrumb"},"inLanguage":"en-GB","potentialAction":[{"@type":"ReadAction","target":["https:\/\/mistrzowieimprez.pl\/produkt\/byk-mechaniczny\/"]}]},{"@type":"ImageObject","inLanguage":"en-GB","@id":"https:\/\/mistrzowieimprez.pl\/produkt\/byk-mechaniczny\/#primaryimage","url":"https:\/\/mistrzowieimprez.pl\/wp-content\/uploads\/2024\/09\/MG_3564-scaled.jpg","contentUrl":"https:\/\/mistrzowieimprez.pl\/wp-content\/uploads\/2024\/09\/MG_3564-scaled.jpg","width":2560,"height":1707,"caption":"Na zdj\u0119ciu wida\u0107 m\u0119\u017cczyzn\u0119 je\u017cd\u017c\u0105cego na mechanicznym byku podczas imprezy plenerowej."},{"@type":"BreadcrumbList","@id":"https:\/\/mistrzowieimprez.pl\/produkt\/byk-mechaniczny\/#breadcrumb","itemListElement":[{"@type":"ListItem","position":1,"name":"Strona g\u0142\u00f3wna","item":"https:\/\/mistrzowieimprez.pl\/"},{"@type":"ListItem","position":2,"name":"sklep","item":"https:\/\/mistrzowieimprez.pl\/sklep\/"},{"@type":"ListItem","position":3,"name":"Byk mechaniczny"}]},{"@type":"WebSite","@id":"https:\/\/mistrzowieimprez.pl\/#website","url":"https:\/\/mistrzowieimprez.pl\/","name":"Mistrzowie Imprez","description":"Kompleksowa organizacja imprez","publisher":{"@id":"https:\/\/mistrzowieimprez.pl\/#organization"},"potentialAction":[{"@type":"SearchAction","target":{"@type":"EntryPoint","urlTemplate":"https:\/\/mistrzowieimprez.pl\/?s={search_term_string}"},"query-input":{"@type":"PropertyValueSpecification","valueRequired":true,"valueName":"search_term_string"}}],"inLanguage":"en-GB"},{"@type":"Organization","@id":"https:\/\/mistrzowieimprez.pl\/#organization","name":"Mistrzowie Imprez","url":"https:\/\/mistrzowieimprez.pl\/","logo":{"@type":"ImageObject","inLanguage":"en-GB","@id":"https:\/\/mistrzowieimprez.pl\/#\/schema\/logo\/image\/","url":"https:\/\/mistrzowieimprez.pl\/wp-content\/uploads\/2024\/08\/mistrzowie_imprez_logo_ciemne-tlo@4x.png","contentUrl":"https:\/\/mistrzowieimprez.pl\/wp-content\/uploads\/2024\/08\/mistrzowie_imprez_logo_ciemne-tlo@4x.png","width":1318,"height":351,"caption":"Mistrzowie Imprez"},"image":{"@id":"https:\/\/mistrzowieimprez.pl\/#\/schema\/logo\/image\/"},"sameAs":["https:\/\/www.facebook.com\/mistrzowieimprez","https:\/\/www.instagram.com\/mistrzowieimprez\/","https:\/\/www.youtube.com\/@ytmistrzowieimprez"]}]}},"_links":{"self":[{"href":"https:\/\/mistrzowieimprez.pl\/en\/wp-json\/wp\/v2\/product\/735","targetHints":{"allow":["GET"]}}],"collection":[{"href":"https:\/\/mistrzowieimprez.pl\/en\/wp-json\/wp\/v2\/product"}],"about":[{"href":"https:\/\/mistrzowieimprez.pl\/en\/wp-json\/wp\/v2\/types\/product"}],"replies":[{"embeddable":true,"href":"https:\/\/mistrzowieimprez.pl\/en\/wp-json\/wp\/v2\/comments?post=735"}],"version-history":[{"count":2,"href":"https:\/\/mistrzowieimprez.pl\/en\/wp-json\/wp\/v2\/product\/735\/revisions"}],"predecessor-version":[{"id":1949,"href":"https:\/\/mistrzowieimprez.pl\/en\/wp-json\/wp\/v2\/product\/735\/revisions\/1949"}],"wp:featuredmedia":[{"embeddable":true,"href":"https:\/\/mistrzowieimprez.pl\/en\/wp-json\/wp\/v2\/media\/1948"}],"wp:attachment":[{"href":"https:\/\/mistrzowieimprez.pl\/en\/wp-json\/wp\/v2\/media?parent=735"}],"wp:term":[{"taxonomy":"product_brand","embeddable":true,"href":"https:\/\/mistrzowieimprez.pl\/en\/wp-json\/wp\/v2\/product_brand?post=735"},{"taxonomy":"product_cat","embeddable":true,"href":"https:\/\/mistrzowieimprez.pl\/en\/wp-json\/wp\/v2\/product_cat?post=735"},{"taxonomy":"product_tag","embeddable":true,"href":"https:\/\/mistrzowieimprez.pl\/en\/wp-json\/wp\/v2\/product_tag?post=735"}],"curies":[{"name":"wp","href":"https:\/\/api.w.org\/{rel}","templated":true}]}}