{"id":733,"date":"2024-09-01T09:07:20","date_gmt":"2024-09-01T09:07:20","guid":{"rendered":"https:\/\/mistrzowieimprez.pl\/produkt\/zyroskop\/"},"modified":"2026-03-18T08:51:23","modified_gmt":"2026-03-18T08:51:23","slug":"zyroskop","status":"publish","type":"product","link":"https:\/\/mistrzowieimprez.pl\/en\/product\/zyroskop\/","title":{"rendered":"\u017byroskop"},"content":{"rendered":"<p>\u017byroskop to porywaj\u0105ca atrakcja, kt\u00f3ra gwarantuje niewyczerpane \u017ar\u00f3d\u0142o zabawy i emocji zar\u00f3wno dla m\u0142odzie\u017cy, jak i doros\u0142ych! Ta interaktywna zabawka, inspirowana treningiem astronaut\u00f3w, zapewni uczestnikom niezapomniane prze\u017cycia, kr\u0119c\u0105c si\u0119 i obracaj\u0105c we wszystkich kierunkach. To idealne rozwi\u0105zanie dla wyj\u0105tkowych event\u00f3w, kt\u00f3re z pewno\u015bci\u0105 przyci\u0105gnie t\u0142umy!<\/p>\n<ul>\n<li>Mo\u017cliwo\u015b\u0107 obracania si\u0119 we wszystkich kierunkach<\/li>\n<li>Bezpieczna konstrukcja zapewniaj\u0105ca stabilno\u015b\u0107 u\u017cytkownik\u00f3w<\/li>\n<li>Wysoka wytrzyma\u0142o\u015b\u0107 i \u0142atwo\u015b\u0107 obs\u0142ugi<\/li>\n<\/ul>\n<ul>\n<li>Zabawa w stylu kosmicznym, kt\u00f3ra dostarcza uczestnikom niezapomnianych emocji<\/li>\n<li>Rozwija umiej\u0119tno\u015bci zr\u0119czno\u015bciowe i koordynacj\u0119 ruchow\u0105<\/li>\n<li>Promuje interakcje spo\u0142eczne i buduje ducha zespo\u0142owego<\/li>\n<\/ul>\n<p>Chcesz doda\u0107 swojemu wydarzeniu niepowtarzalny charakter? Dodaj \u017byroskop do swojego zapytania ofertowego ju\u017c teraz!<\/p>","protected":false},"excerpt":{"rendered":"<p>\u017byroskop to urz\u0105dzenie, kt\u00f3re zapewni Ci i Twoim go\u015bciom niesko\u0144czon\u0105 zabaw\u0119 i emocje. Inspiracj\u0119 do jego stworzenia czerpali\u015bmy z trening\u00f3w astronaut\u00f3w, dzi\u0119ki czemu uczestnicy mog\u0105 do\u015bwiadczy\u0107 obrot\u00f3w we wszystkich kierunkach. Doskona\u0142e na wyj\u0105tkowe eventy, gwarantuje niezapomniane wra\u017cenia!<\/p>","protected":false},"featured_media":1146,"comment_status":"closed","ping_status":"closed","template":"","meta":{"_acf_changed":false},"product_brand":[],"product_cat":[80,86,99],"product_tag":[],"class_list":{"0":"post-733","1":"product","2":"type-product","3":"status-publish","4":"has-post-thumbnail","6":"product_cat-dla-mlodziezy-i-doroslych","7":"product_cat-mechaniczne","8":"product_cat-polecane","10":"first","11":"instock","12":"downloadable","13":"virtual","14":"purchasable","15":"product-type-simple"},"acf":[],"yoast_head":"<!-- This site is optimized with the Yoast SEO plugin v27.5 - https:\/\/yoast.com\/product\/yoast-seo-wordpress\/ -->\n<title>\u017byroskop na eventy \u2013 wynajem trena\u017cera lotniczego i kosmicznego<\/title>\n<meta name=\"robots\" content=\"index, follow, max-snippet:-1, max-image-preview:large, max-video-preview:-1\" \/>\n<link rel=\"canonical\" href=\"https:\/\/mistrzowieimprez.pl\/en\/product\/zyroskop\/\" \/>\n<meta property=\"og:locale\" content=\"en_GB\" \/>\n<meta property=\"og:type\" content=\"article\" \/>\n<meta property=\"og:title\" content=\"\u017byroskop na eventy \u2013 wynajem trena\u017cera lotniczego i kosmicznego\" \/>\n<meta property=\"og:description\" content=\"\u017byroskop to urz\u0105dzenie, kt\u00f3re zapewni Ci i Twoim go\u015bciom niesko\u0144czon\u0105 zabaw\u0119 i emocje. Inspiracj\u0119 do jego stworzenia czerpali\u015bmy z trening\u00f3w astronaut\u00f3w, dzi\u0119ki czemu uczestnicy mog\u0105 do\u015bwiadczy\u0107 obrot\u00f3w we wszystkich kierunkach. Doskona\u0142e na wyj\u0105tkowe eventy, gwarantuje niezapomniane wra\u017cenia!\" \/>\n<meta property=\"og:url\" content=\"https:\/\/mistrzowieimprez.pl\/en\/product\/zyroskop\/\" \/>\n<meta property=\"og:site_name\" content=\"Mistrzowie Imprez\" \/>\n<meta property=\"article:publisher\" content=\"https:\/\/www.facebook.com\/mistrzowieimprez\" \/>\n<meta property=\"article:modified_time\" content=\"2026-03-18T08:51:23+00:00\" \/>\n<meta property=\"og:image\" content=\"https:\/\/mistrzowieimprez.pl\/wp-content\/uploads\/2024\/09\/Zyroskop-scaled.jpg\" \/>\n\t<meta property=\"og:image:width\" content=\"2560\" \/>\n\t<meta property=\"og:image:height\" content=\"1707\" \/>\n\t<meta property=\"og:image:type\" content=\"image\/jpeg\" \/>\n<meta name=\"twitter:card\" content=\"summary_large_image\" \/>\n<meta name=\"twitter:label1\" content=\"Estimated reading time\" \/>\n\t<meta name=\"twitter:data1\" content=\"1 minute\" \/>\n<script type=\"application\/ld+json\" class=\"yoast-schema-graph\">{\"@context\":\"https:\\\/\\\/schema.org\",\"@graph\":[{\"@type\":\"WebPage\",\"@id\":\"https:\\\/\\\/mistrzowieimprez.pl\\\/produkt\\\/zyroskop\\\/\",\"url\":\"https:\\\/\\\/mistrzowieimprez.pl\\\/produkt\\\/zyroskop\\\/\",\"name\":\"\u017byroskop na eventy \u2013 wynajem trena\u017cera lotniczego i kosmicznego\",\"isPartOf\":{\"@id\":\"https:\\\/\\\/mistrzowieimprez.pl\\\/#website\"},\"primaryImageOfPage\":{\"@id\":\"https:\\\/\\\/mistrzowieimprez.pl\\\/produkt\\\/zyroskop\\\/#primaryimage\"},\"image\":{\"@id\":\"https:\\\/\\\/mistrzowieimprez.pl\\\/produkt\\\/zyroskop\\\/#primaryimage\"},\"thumbnailUrl\":\"https:\\\/\\\/mistrzowieimprez.pl\\\/wp-content\\\/uploads\\\/2024\\\/09\\\/Zyroskop-scaled.jpg\",\"datePublished\":\"2024-09-01T09:07:20+00:00\",\"dateModified\":\"2026-03-18T08:51:23+00:00\",\"breadcrumb\":{\"@id\":\"https:\\\/\\\/mistrzowieimprez.pl\\\/produkt\\\/zyroskop\\\/#breadcrumb\"},\"inLanguage\":\"en-GB\",\"potentialAction\":[{\"@type\":\"ReadAction\",\"target\":[\"https:\\\/\\\/mistrzowieimprez.pl\\\/produkt\\\/zyroskop\\\/\"]}]},{\"@type\":\"ImageObject\",\"inLanguage\":\"en-GB\",\"@id\":\"https:\\\/\\\/mistrzowieimprez.pl\\\/produkt\\\/zyroskop\\\/#primaryimage\",\"url\":\"https:\\\/\\\/mistrzowieimprez.pl\\\/wp-content\\\/uploads\\\/2024\\\/09\\\/Zyroskop-scaled.jpg\",\"contentUrl\":\"https:\\\/\\\/mistrzowieimprez.pl\\\/wp-content\\\/uploads\\\/2024\\\/09\\\/Zyroskop-scaled.jpg\",\"width\":2560,\"height\":1707,\"caption\":\"Bartek D\u0119bkowski \\\/ Kreatyw! Media\"},{\"@type\":\"BreadcrumbList\",\"@id\":\"https:\\\/\\\/mistrzowieimprez.pl\\\/produkt\\\/zyroskop\\\/#breadcrumb\",\"itemListElement\":[{\"@type\":\"ListItem\",\"position\":1,\"name\":\"Strona g\u0142\u00f3wna\",\"item\":\"https:\\\/\\\/mistrzowieimprez.pl\\\/\"},{\"@type\":\"ListItem\",\"position\":2,\"name\":\"sklep\",\"item\":\"https:\\\/\\\/mistrzowieimprez.pl\\\/sklep\\\/\"},{\"@type\":\"ListItem\",\"position\":3,\"name\":\"\u017byroskop\"}]},{\"@type\":\"WebSite\",\"@id\":\"https:\\\/\\\/mistrzowieimprez.pl\\\/#website\",\"url\":\"https:\\\/\\\/mistrzowieimprez.pl\\\/\",\"name\":\"Mistrzowie Imprez\",\"description\":\"Kompleksowa organizacja imprez\",\"publisher\":{\"@id\":\"https:\\\/\\\/mistrzowieimprez.pl\\\/#organization\"},\"potentialAction\":[{\"@type\":\"SearchAction\",\"target\":{\"@type\":\"EntryPoint\",\"urlTemplate\":\"https:\\\/\\\/mistrzowieimprez.pl\\\/?s={search_term_string}\"},\"query-input\":{\"@type\":\"PropertyValueSpecification\",\"valueRequired\":true,\"valueName\":\"search_term_string\"}}],\"inLanguage\":\"en-GB\"},{\"@type\":\"Organization\",\"@id\":\"https:\\\/\\\/mistrzowieimprez.pl\\\/#organization\",\"name\":\"Mistrzowie Imprez\",\"url\":\"https:\\\/\\\/mistrzowieimprez.pl\\\/\",\"logo\":{\"@type\":\"ImageObject\",\"inLanguage\":\"en-GB\",\"@id\":\"https:\\\/\\\/mistrzowieimprez.pl\\\/#\\\/schema\\\/logo\\\/image\\\/\",\"url\":\"https:\\\/\\\/mistrzowieimprez.pl\\\/wp-content\\\/uploads\\\/2024\\\/08\\\/mistrzowie_imprez_logo_ciemne-tlo@4x.png\",\"contentUrl\":\"https:\\\/\\\/mistrzowieimprez.pl\\\/wp-content\\\/uploads\\\/2024\\\/08\\\/mistrzowie_imprez_logo_ciemne-tlo@4x.png\",\"width\":1318,\"height\":351,\"caption\":\"Mistrzowie Imprez\"},\"image\":{\"@id\":\"https:\\\/\\\/mistrzowieimprez.pl\\\/#\\\/schema\\\/logo\\\/image\\\/\"},\"sameAs\":[\"https:\\\/\\\/www.facebook.com\\\/mistrzowieimprez\",\"https:\\\/\\\/www.instagram.com\\\/mistrzowieimprez\\\/\",\"https:\\\/\\\/www.youtube.com\\\/@ytmistrzowieimprez\"]}]}<\/script>\n<!-- \/ Yoast SEO plugin. -->","yoast_head_json":{"title":"\u017byroskop na eventy \u2013 wynajem trena\u017cera lotniczego i kosmicznego","robots":{"index":"index","follow":"follow","max-snippet":"max-snippet:-1","max-image-preview":"max-image-preview:large","max-video-preview":"max-video-preview:-1"},"canonical":"https:\/\/mistrzowieimprez.pl\/en\/product\/zyroskop\/","og_locale":"en_GB","og_type":"article","og_title":"\u017byroskop na eventy \u2013 wynajem trena\u017cera lotniczego i kosmicznego","og_description":"\u017byroskop to urz\u0105dzenie, kt\u00f3re zapewni Ci i Twoim go\u015bciom niesko\u0144czon\u0105 zabaw\u0119 i emocje. Inspiracj\u0119 do jego stworzenia czerpali\u015bmy z trening\u00f3w astronaut\u00f3w, dzi\u0119ki czemu uczestnicy mog\u0105 do\u015bwiadczy\u0107 obrot\u00f3w we wszystkich kierunkach. Doskona\u0142e na wyj\u0105tkowe eventy, gwarantuje niezapomniane wra\u017cenia!","og_url":"https:\/\/mistrzowieimprez.pl\/en\/product\/zyroskop\/","og_site_name":"Mistrzowie Imprez","article_publisher":"https:\/\/www.facebook.com\/mistrzowieimprez","article_modified_time":"2026-03-18T08:51:23+00:00","og_image":[{"width":2560,"height":1707,"url":"https:\/\/mistrzowieimprez.pl\/wp-content\/uploads\/2024\/09\/Zyroskop-scaled.jpg","type":"image\/jpeg"}],"twitter_card":"summary_large_image","twitter_misc":{"Estimated reading time":"1 minute"},"schema":{"@context":"https:\/\/schema.org","@graph":[{"@type":"WebPage","@id":"https:\/\/mistrzowieimprez.pl\/produkt\/zyroskop\/","url":"https:\/\/mistrzowieimprez.pl\/produkt\/zyroskop\/","name":"\u017byroskop na eventy \u2013 wynajem trena\u017cera lotniczego i kosmicznego","isPartOf":{"@id":"https:\/\/mistrzowieimprez.pl\/#website"},"primaryImageOfPage":{"@id":"https:\/\/mistrzowieimprez.pl\/produkt\/zyroskop\/#primaryimage"},"image":{"@id":"https:\/\/mistrzowieimprez.pl\/produkt\/zyroskop\/#primaryimage"},"thumbnailUrl":"https:\/\/mistrzowieimprez.pl\/wp-content\/uploads\/2024\/09\/Zyroskop-scaled.jpg","datePublished":"2024-09-01T09:07:20+00:00","dateModified":"2026-03-18T08:51:23+00:00","breadcrumb":{"@id":"https:\/\/mistrzowieimprez.pl\/produkt\/zyroskop\/#breadcrumb"},"inLanguage":"en-GB","potentialAction":[{"@type":"ReadAction","target":["https:\/\/mistrzowieimprez.pl\/produkt\/zyroskop\/"]}]},{"@type":"ImageObject","inLanguage":"en-GB","@id":"https:\/\/mistrzowieimprez.pl\/produkt\/zyroskop\/#primaryimage","url":"https:\/\/mistrzowieimprez.pl\/wp-content\/uploads\/2024\/09\/Zyroskop-scaled.jpg","contentUrl":"https:\/\/mistrzowieimprez.pl\/wp-content\/uploads\/2024\/09\/Zyroskop-scaled.jpg","width":2560,"height":1707,"caption":"Bartek D\u0119bkowski \/ Kreatyw! Media"},{"@type":"BreadcrumbList","@id":"https:\/\/mistrzowieimprez.pl\/produkt\/zyroskop\/#breadcrumb","itemListElement":[{"@type":"ListItem","position":1,"name":"Strona g\u0142\u00f3wna","item":"https:\/\/mistrzowieimprez.pl\/"},{"@type":"ListItem","position":2,"name":"sklep","item":"https:\/\/mistrzowieimprez.pl\/sklep\/"},{"@type":"ListItem","position":3,"name":"\u017byroskop"}]},{"@type":"WebSite","@id":"https:\/\/mistrzowieimprez.pl\/#website","url":"https:\/\/mistrzowieimprez.pl\/","name":"Mistrzowie Imprez","description":"Kompleksowa organizacja imprez","publisher":{"@id":"https:\/\/mistrzowieimprez.pl\/#organization"},"potentialAction":[{"@type":"SearchAction","target":{"@type":"EntryPoint","urlTemplate":"https:\/\/mistrzowieimprez.pl\/?s={search_term_string}"},"query-input":{"@type":"PropertyValueSpecification","valueRequired":true,"valueName":"search_term_string"}}],"inLanguage":"en-GB"},{"@type":"Organization","@id":"https:\/\/mistrzowieimprez.pl\/#organization","name":"Mistrzowie Imprez","url":"https:\/\/mistrzowieimprez.pl\/","logo":{"@type":"ImageObject","inLanguage":"en-GB","@id":"https:\/\/mistrzowieimprez.pl\/#\/schema\/logo\/image\/","url":"https:\/\/mistrzowieimprez.pl\/wp-content\/uploads\/2024\/08\/mistrzowie_imprez_logo_ciemne-tlo@4x.png","contentUrl":"https:\/\/mistrzowieimprez.pl\/wp-content\/uploads\/2024\/08\/mistrzowie_imprez_logo_ciemne-tlo@4x.png","width":1318,"height":351,"caption":"Mistrzowie Imprez"},"image":{"@id":"https:\/\/mistrzowieimprez.pl\/#\/schema\/logo\/image\/"},"sameAs":["https:\/\/www.facebook.com\/mistrzowieimprez","https:\/\/www.instagram.com\/mistrzowieimprez\/","https:\/\/www.youtube.com\/@ytmistrzowieimprez"]}]}},"_links":{"self":[{"href":"https:\/\/mistrzowieimprez.pl\/en\/wp-json\/wp\/v2\/product\/733","targetHints":{"allow":["GET"]}}],"collection":[{"href":"https:\/\/mistrzowieimprez.pl\/en\/wp-json\/wp\/v2\/product"}],"about":[{"href":"https:\/\/mistrzowieimprez.pl\/en\/wp-json\/wp\/v2\/types\/product"}],"replies":[{"embeddable":true,"href":"https:\/\/mistrzowieimprez.pl\/en\/wp-json\/wp\/v2\/comments?post=733"}],"version-history":[{"count":1,"href":"https:\/\/mistrzowieimprez.pl\/en\/wp-json\/wp\/v2\/product\/733\/revisions"}],"predecessor-version":[{"id":3543,"href":"https:\/\/mistrzowieimprez.pl\/en\/wp-json\/wp\/v2\/product\/733\/revisions\/3543"}],"wp:featuredmedia":[{"embeddable":true,"href":"https:\/\/mistrzowieimprez.pl\/en\/wp-json\/wp\/v2\/media\/1146"}],"wp:attachment":[{"href":"https:\/\/mistrzowieimprez.pl\/en\/wp-json\/wp\/v2\/media?parent=733"}],"wp:term":[{"taxonomy":"product_brand","embeddable":true,"href":"https:\/\/mistrzowieimprez.pl\/en\/wp-json\/wp\/v2\/product_brand?post=733"},{"taxonomy":"product_cat","embeddable":true,"href":"https:\/\/mistrzowieimprez.pl\/en\/wp-json\/wp\/v2\/product_cat?post=733"},{"taxonomy":"product_tag","embeddable":true,"href":"https:\/\/mistrzowieimprez.pl\/en\/wp-json\/wp\/v2\/product_tag?post=733"}],"curies":[{"name":"wp","href":"https:\/\/api.w.org\/{rel}","templated":true}]}}