{"id":730,"date":"2024-09-01T09:07:19","date_gmt":"2024-09-01T09:07:19","guid":{"rendered":"https:\/\/mistrzowieimprez.pl\/produkt\/ring-bokserski\/"},"modified":"2026-03-18T08:51:00","modified_gmt":"2026-03-18T08:51:00","slug":"ring-bokserski","status":"publish","type":"product","link":"https:\/\/mistrzowieimprez.pl\/en\/product\/ring-bokserski\/","title":{"rendered":"Ring bokserski"},"content":{"rendered":"<p>Chcesz poczu\u0107 emocje prawdziwej walki bokserskiej, ale w bezpieczny spos\u00f3b? Nasz dmuchany ring bokserski to idealna atrakcja! Wyposa\u017cony w gigantyczne r\u0119kawice bokserskie, ten ring to gwarancja niesamowitej zabawy, niezale\u017cnie od wieku uczestnik\u00f3w.<\/p>\n<ul>\n<li>Dmuchany ring bokserski o wymiarach 5m x 5m<\/li>\n<li>Zestaw zawiera gigantyczne r\u0119kawice bokserskie<\/li>\n<li>Bezpieczny i \u0142atwy w monta\u017cu, idealny na wszelkiego rodzaju imprezy<\/li>\n<\/ul>\n<ul>\n<li>Zabawa i emocje na poziomie prawdziwej walki bokserskiej<\/li>\n<li>Rozwija koordynacj\u0119 ruchow\u0105 i sprawno\u015b\u0107 fizyczn\u0105<\/li>\n<li>Pozwala na zdrow\u0105 rywalizacj\u0119 i integracj\u0119 z innymi uczestnikami<\/li>\n<\/ul>\n<p>Nie czekaj, dodaj dmuchany ring bokserski do swojego zapytania ofertowego ju\u017c teraz i zaskocz swoich go\u015bci niesamowit\u0105 atrakcj\u0105!<\/p>","protected":false},"excerpt":{"rendered":"<p>Poczuj dreszcz prawdziwej walki bokserskiej w naszym bezpiecznym, dmuchanym ringu bokserskim! Z gigantycznymi r\u0119kawicami bokserskimi i mo\u017cliwo\u015bci\u0105 rozwijania koordynacji ruchowej i sprawno\u015bci fizycznej, to idealna atrakcja dla ka\u017cdego wieku. Dodaj niesamowitej zabawy do swojej imprezy ju\u017c dzi\u015b!<\/p>","protected":false},"featured_media":1137,"comment_status":"closed","ping_status":"closed","template":"","meta":{"_acf_changed":false},"product_brand":[],"product_cat":[80,85],"product_tag":[],"class_list":{"0":"post-730","1":"product","2":"type-product","3":"status-publish","4":"has-post-thumbnail","6":"product_cat-dla-mlodziezy-i-doroslych","7":"product_cat-dmuchane-atrakcje","9":"first","10":"instock","11":"downloadable","12":"virtual","13":"purchasable","14":"product-type-simple"},"acf":[],"yoast_head":"<!-- This site is optimized with the Yoast SEO plugin v27.5 - https:\/\/yoast.com\/product\/yoast-seo-wordpress\/ -->\n<title>Boks na weso\u0142o: sprawd\u017a si\u0119 w dmuchanym ringu z r\u0119kawicami XL<\/title>\n<meta name=\"robots\" content=\"index, follow, max-snippet:-1, max-image-preview:large, max-video-preview:-1\" \/>\n<link rel=\"canonical\" href=\"https:\/\/mistrzowieimprez.pl\/en\/product\/ring-bokserski\/\" \/>\n<meta property=\"og:locale\" content=\"en_GB\" \/>\n<meta property=\"og:type\" content=\"article\" \/>\n<meta property=\"og:title\" content=\"Boks na weso\u0142o: sprawd\u017a si\u0119 w dmuchanym ringu z r\u0119kawicami XL\" \/>\n<meta property=\"og:description\" content=\"Poczuj dreszcz prawdziwej walki bokserskiej w naszym bezpiecznym, dmuchanym ringu bokserskim! Z gigantycznymi r\u0119kawicami bokserskimi i mo\u017cliwo\u015bci\u0105 rozwijania koordynacji ruchowej i sprawno\u015bci fizycznej, to idealna atrakcja dla ka\u017cdego wieku. Dodaj niesamowitej zabawy do swojej imprezy ju\u017c dzi\u015b!\" \/>\n<meta property=\"og:url\" content=\"https:\/\/mistrzowieimprez.pl\/en\/product\/ring-bokserski\/\" \/>\n<meta property=\"og:site_name\" content=\"Mistrzowie Imprez\" \/>\n<meta property=\"article:publisher\" content=\"https:\/\/www.facebook.com\/mistrzowieimprez\" \/>\n<meta property=\"article:modified_time\" content=\"2026-03-18T08:51:00+00:00\" \/>\n<meta property=\"og:image\" content=\"https:\/\/mistrzowieimprez.pl\/wp-content\/uploads\/2024\/09\/Ring-bokserski-scaled.jpg\" \/>\n\t<meta property=\"og:image:width\" content=\"2560\" \/>\n\t<meta property=\"og:image:height\" content=\"1707\" \/>\n\t<meta property=\"og:image:type\" content=\"image\/jpeg\" \/>\n<meta name=\"twitter:card\" content=\"summary_large_image\" \/>\n<meta name=\"twitter:label1\" content=\"Estimated reading time\" \/>\n\t<meta name=\"twitter:data1\" content=\"1 minute\" \/>\n<script type=\"application\/ld+json\" class=\"yoast-schema-graph\">{\"@context\":\"https:\\\/\\\/schema.org\",\"@graph\":[{\"@type\":\"WebPage\",\"@id\":\"https:\\\/\\\/mistrzowieimprez.pl\\\/produkt\\\/ring-bokserski\\\/\",\"url\":\"https:\\\/\\\/mistrzowieimprez.pl\\\/produkt\\\/ring-bokserski\\\/\",\"name\":\"Boks na weso\u0142o: sprawd\u017a si\u0119 w dmuchanym ringu z r\u0119kawicami XL\",\"isPartOf\":{\"@id\":\"https:\\\/\\\/mistrzowieimprez.pl\\\/#website\"},\"primaryImageOfPage\":{\"@id\":\"https:\\\/\\\/mistrzowieimprez.pl\\\/produkt\\\/ring-bokserski\\\/#primaryimage\"},\"image\":{\"@id\":\"https:\\\/\\\/mistrzowieimprez.pl\\\/produkt\\\/ring-bokserski\\\/#primaryimage\"},\"thumbnailUrl\":\"https:\\\/\\\/mistrzowieimprez.pl\\\/wp-content\\\/uploads\\\/2024\\\/09\\\/Ring-bokserski-scaled.jpg\",\"datePublished\":\"2024-09-01T09:07:19+00:00\",\"dateModified\":\"2026-03-18T08:51:00+00:00\",\"breadcrumb\":{\"@id\":\"https:\\\/\\\/mistrzowieimprez.pl\\\/produkt\\\/ring-bokserski\\\/#breadcrumb\"},\"inLanguage\":\"en-GB\",\"potentialAction\":[{\"@type\":\"ReadAction\",\"target\":[\"https:\\\/\\\/mistrzowieimprez.pl\\\/produkt\\\/ring-bokserski\\\/\"]}]},{\"@type\":\"ImageObject\",\"inLanguage\":\"en-GB\",\"@id\":\"https:\\\/\\\/mistrzowieimprez.pl\\\/produkt\\\/ring-bokserski\\\/#primaryimage\",\"url\":\"https:\\\/\\\/mistrzowieimprez.pl\\\/wp-content\\\/uploads\\\/2024\\\/09\\\/Ring-bokserski-scaled.jpg\",\"contentUrl\":\"https:\\\/\\\/mistrzowieimprez.pl\\\/wp-content\\\/uploads\\\/2024\\\/09\\\/Ring-bokserski-scaled.jpg\",\"width\":2560,\"height\":1707,\"caption\":\"Dw\u00f3ch uczestnik\u00f3w bawi si\u0119 w dmuchanym ringu, u\u017cywaj\u0105c du\u017cych mi\u0119kkich r\u0119kawic bokserskich.\"},{\"@type\":\"BreadcrumbList\",\"@id\":\"https:\\\/\\\/mistrzowieimprez.pl\\\/produkt\\\/ring-bokserski\\\/#breadcrumb\",\"itemListElement\":[{\"@type\":\"ListItem\",\"position\":1,\"name\":\"Strona g\u0142\u00f3wna\",\"item\":\"https:\\\/\\\/mistrzowieimprez.pl\\\/\"},{\"@type\":\"ListItem\",\"position\":2,\"name\":\"sklep\",\"item\":\"https:\\\/\\\/mistrzowieimprez.pl\\\/sklep\\\/\"},{\"@type\":\"ListItem\",\"position\":3,\"name\":\"Ring bokserski\"}]},{\"@type\":\"WebSite\",\"@id\":\"https:\\\/\\\/mistrzowieimprez.pl\\\/#website\",\"url\":\"https:\\\/\\\/mistrzowieimprez.pl\\\/\",\"name\":\"Mistrzowie Imprez\",\"description\":\"Kompleksowa organizacja imprez\",\"publisher\":{\"@id\":\"https:\\\/\\\/mistrzowieimprez.pl\\\/#organization\"},\"potentialAction\":[{\"@type\":\"SearchAction\",\"target\":{\"@type\":\"EntryPoint\",\"urlTemplate\":\"https:\\\/\\\/mistrzowieimprez.pl\\\/?s={search_term_string}\"},\"query-input\":{\"@type\":\"PropertyValueSpecification\",\"valueRequired\":true,\"valueName\":\"search_term_string\"}}],\"inLanguage\":\"en-GB\"},{\"@type\":\"Organization\",\"@id\":\"https:\\\/\\\/mistrzowieimprez.pl\\\/#organization\",\"name\":\"Mistrzowie Imprez\",\"url\":\"https:\\\/\\\/mistrzowieimprez.pl\\\/\",\"logo\":{\"@type\":\"ImageObject\",\"inLanguage\":\"en-GB\",\"@id\":\"https:\\\/\\\/mistrzowieimprez.pl\\\/#\\\/schema\\\/logo\\\/image\\\/\",\"url\":\"https:\\\/\\\/mistrzowieimprez.pl\\\/wp-content\\\/uploads\\\/2024\\\/08\\\/mistrzowie_imprez_logo_ciemne-tlo@4x.png\",\"contentUrl\":\"https:\\\/\\\/mistrzowieimprez.pl\\\/wp-content\\\/uploads\\\/2024\\\/08\\\/mistrzowie_imprez_logo_ciemne-tlo@4x.png\",\"width\":1318,\"height\":351,\"caption\":\"Mistrzowie Imprez\"},\"image\":{\"@id\":\"https:\\\/\\\/mistrzowieimprez.pl\\\/#\\\/schema\\\/logo\\\/image\\\/\"},\"sameAs\":[\"https:\\\/\\\/www.facebook.com\\\/mistrzowieimprez\",\"https:\\\/\\\/www.instagram.com\\\/mistrzowieimprez\\\/\",\"https:\\\/\\\/www.youtube.com\\\/@ytmistrzowieimprez\"]}]}<\/script>\n<!-- \/ Yoast SEO plugin. -->","yoast_head_json":{"title":"Boks na weso\u0142o: sprawd\u017a si\u0119 w dmuchanym ringu z r\u0119kawicami XL","robots":{"index":"index","follow":"follow","max-snippet":"max-snippet:-1","max-image-preview":"max-image-preview:large","max-video-preview":"max-video-preview:-1"},"canonical":"https:\/\/mistrzowieimprez.pl\/en\/product\/ring-bokserski\/","og_locale":"en_GB","og_type":"article","og_title":"Boks na weso\u0142o: sprawd\u017a si\u0119 w dmuchanym ringu z r\u0119kawicami XL","og_description":"Poczuj dreszcz prawdziwej walki bokserskiej w naszym bezpiecznym, dmuchanym ringu bokserskim! Z gigantycznymi r\u0119kawicami bokserskimi i mo\u017cliwo\u015bci\u0105 rozwijania koordynacji ruchowej i sprawno\u015bci fizycznej, to idealna atrakcja dla ka\u017cdego wieku. Dodaj niesamowitej zabawy do swojej imprezy ju\u017c dzi\u015b!","og_url":"https:\/\/mistrzowieimprez.pl\/en\/product\/ring-bokserski\/","og_site_name":"Mistrzowie Imprez","article_publisher":"https:\/\/www.facebook.com\/mistrzowieimprez","article_modified_time":"2026-03-18T08:51:00+00:00","og_image":[{"width":2560,"height":1707,"url":"https:\/\/mistrzowieimprez.pl\/wp-content\/uploads\/2024\/09\/Ring-bokserski-scaled.jpg","type":"image\/jpeg"}],"twitter_card":"summary_large_image","twitter_misc":{"Estimated reading time":"1 minute"},"schema":{"@context":"https:\/\/schema.org","@graph":[{"@type":"WebPage","@id":"https:\/\/mistrzowieimprez.pl\/produkt\/ring-bokserski\/","url":"https:\/\/mistrzowieimprez.pl\/produkt\/ring-bokserski\/","name":"Boks na weso\u0142o: sprawd\u017a si\u0119 w dmuchanym ringu z r\u0119kawicami XL","isPartOf":{"@id":"https:\/\/mistrzowieimprez.pl\/#website"},"primaryImageOfPage":{"@id":"https:\/\/mistrzowieimprez.pl\/produkt\/ring-bokserski\/#primaryimage"},"image":{"@id":"https:\/\/mistrzowieimprez.pl\/produkt\/ring-bokserski\/#primaryimage"},"thumbnailUrl":"https:\/\/mistrzowieimprez.pl\/wp-content\/uploads\/2024\/09\/Ring-bokserski-scaled.jpg","datePublished":"2024-09-01T09:07:19+00:00","dateModified":"2026-03-18T08:51:00+00:00","breadcrumb":{"@id":"https:\/\/mistrzowieimprez.pl\/produkt\/ring-bokserski\/#breadcrumb"},"inLanguage":"en-GB","potentialAction":[{"@type":"ReadAction","target":["https:\/\/mistrzowieimprez.pl\/produkt\/ring-bokserski\/"]}]},{"@type":"ImageObject","inLanguage":"en-GB","@id":"https:\/\/mistrzowieimprez.pl\/produkt\/ring-bokserski\/#primaryimage","url":"https:\/\/mistrzowieimprez.pl\/wp-content\/uploads\/2024\/09\/Ring-bokserski-scaled.jpg","contentUrl":"https:\/\/mistrzowieimprez.pl\/wp-content\/uploads\/2024\/09\/Ring-bokserski-scaled.jpg","width":2560,"height":1707,"caption":"Dw\u00f3ch uczestnik\u00f3w bawi si\u0119 w dmuchanym ringu, u\u017cywaj\u0105c du\u017cych mi\u0119kkich r\u0119kawic bokserskich."},{"@type":"BreadcrumbList","@id":"https:\/\/mistrzowieimprez.pl\/produkt\/ring-bokserski\/#breadcrumb","itemListElement":[{"@type":"ListItem","position":1,"name":"Strona g\u0142\u00f3wna","item":"https:\/\/mistrzowieimprez.pl\/"},{"@type":"ListItem","position":2,"name":"sklep","item":"https:\/\/mistrzowieimprez.pl\/sklep\/"},{"@type":"ListItem","position":3,"name":"Ring bokserski"}]},{"@type":"WebSite","@id":"https:\/\/mistrzowieimprez.pl\/#website","url":"https:\/\/mistrzowieimprez.pl\/","name":"Mistrzowie Imprez","description":"Kompleksowa organizacja imprez","publisher":{"@id":"https:\/\/mistrzowieimprez.pl\/#organization"},"potentialAction":[{"@type":"SearchAction","target":{"@type":"EntryPoint","urlTemplate":"https:\/\/mistrzowieimprez.pl\/?s={search_term_string}"},"query-input":{"@type":"PropertyValueSpecification","valueRequired":true,"valueName":"search_term_string"}}],"inLanguage":"en-GB"},{"@type":"Organization","@id":"https:\/\/mistrzowieimprez.pl\/#organization","name":"Mistrzowie Imprez","url":"https:\/\/mistrzowieimprez.pl\/","logo":{"@type":"ImageObject","inLanguage":"en-GB","@id":"https:\/\/mistrzowieimprez.pl\/#\/schema\/logo\/image\/","url":"https:\/\/mistrzowieimprez.pl\/wp-content\/uploads\/2024\/08\/mistrzowie_imprez_logo_ciemne-tlo@4x.png","contentUrl":"https:\/\/mistrzowieimprez.pl\/wp-content\/uploads\/2024\/08\/mistrzowie_imprez_logo_ciemne-tlo@4x.png","width":1318,"height":351,"caption":"Mistrzowie Imprez"},"image":{"@id":"https:\/\/mistrzowieimprez.pl\/#\/schema\/logo\/image\/"},"sameAs":["https:\/\/www.facebook.com\/mistrzowieimprez","https:\/\/www.instagram.com\/mistrzowieimprez\/","https:\/\/www.youtube.com\/@ytmistrzowieimprez"]}]}},"_links":{"self":[{"href":"https:\/\/mistrzowieimprez.pl\/en\/wp-json\/wp\/v2\/product\/730","targetHints":{"allow":["GET"]}}],"collection":[{"href":"https:\/\/mistrzowieimprez.pl\/en\/wp-json\/wp\/v2\/product"}],"about":[{"href":"https:\/\/mistrzowieimprez.pl\/en\/wp-json\/wp\/v2\/types\/product"}],"replies":[{"embeddable":true,"href":"https:\/\/mistrzowieimprez.pl\/en\/wp-json\/wp\/v2\/comments?post=730"}],"version-history":[{"count":1,"href":"https:\/\/mistrzowieimprez.pl\/en\/wp-json\/wp\/v2\/product\/730\/revisions"}],"predecessor-version":[{"id":3542,"href":"https:\/\/mistrzowieimprez.pl\/en\/wp-json\/wp\/v2\/product\/730\/revisions\/3542"}],"wp:featuredmedia":[{"embeddable":true,"href":"https:\/\/mistrzowieimprez.pl\/en\/wp-json\/wp\/v2\/media\/1137"}],"wp:attachment":[{"href":"https:\/\/mistrzowieimprez.pl\/en\/wp-json\/wp\/v2\/media?parent=730"}],"wp:term":[{"taxonomy":"product_brand","embeddable":true,"href":"https:\/\/mistrzowieimprez.pl\/en\/wp-json\/wp\/v2\/product_brand?post=730"},{"taxonomy":"product_cat","embeddable":true,"href":"https:\/\/mistrzowieimprez.pl\/en\/wp-json\/wp\/v2\/product_cat?post=730"},{"taxonomy":"product_tag","embeddable":true,"href":"https:\/\/mistrzowieimprez.pl\/en\/wp-json\/wp\/v2\/product_tag?post=730"}],"curies":[{"name":"wp","href":"https:\/\/api.w.org\/{rel}","templated":true}]}}