{"id":729,"date":"2024-09-01T09:07:18","date_gmt":"2024-09-01T09:07:18","guid":{"rendered":"https:\/\/mistrzowieimprez.pl\/produkt\/mega-dart\/"},"modified":"2026-03-18T08:49:19","modified_gmt":"2026-03-18T08:49:19","slug":"mega-dart","status":"publish","type":"product","link":"https:\/\/mistrzowieimprez.pl\/en\/product\/mega-dart\/","title":{"rendered":"Mega dart"},"content":{"rendered":"<p>Zaszalej z naszym Mega Dartem na Twoim najbli\u017cszym wydarzeniu! To dmuchana gra zr\u0119czno\u015bciowa, kt\u00f3ra \u0142\u0105czy w sobie emocje gry w rzutki z gigantyczn\u0105 zabaw\u0105 dmuchanych atrakcji. Wielko\u015b\u0107 naszego dmuchanego Mega Darta sprawia, \u017ce jest niemo\u017cliwy do przeoczenia i zapewni niezapomnian\u0105 atrakcj\u0119 dla m\u0142odzie\u017cy i doros\u0142ych.<\/p>\n<ul>\n<li>Dmuchany rzut do darta o imponuj\u0105cej wielko\u015bci<\/li>\n<li>Bezpieczne i trwa\u0142e materia\u0142y, kt\u00f3re wytrzymaj\u0105 nawet najbardziej energiczne zabawy<\/li>\n<li>\u0141atwe w monta\u017cu i demonta\u017cu, idealne do r\u00f3\u017cnego rodzaju wydarze\u0144<\/li>\n<\/ul>\n<ul>\n<li>Poczuj niesamowite emocje, rywalizuj\u0105c ze swoimi przyjaci\u00f3\u0142mi<\/li>\n<li>Rozwijaj swoje umiej\u0119tno\u015bci celno\u015bci i koordynacji<\/li>\n<li>Stw\u00f3rz niezapomniane wspomnienia podczas tej interaktywnej i zabawnej gry<\/li>\n<\/ul>\n<p>Nie czekaj, dodaj Mega Dart do swojego zapytania ofertowego ju\u017c dzi\u015b i przekonaj si\u0119, jak niesamowitym dodatkiem do Twojego wydarzenia mo\u017ce by\u0107 ta dmuchana gra!<\/p>","protected":false},"excerpt":{"rendered":"<p>Zapewniaj\u0105c emocje rzutk\u00f3w na gigantycznej skali, nasz Mega Dart to dmuchana gra zr\u0119czno\u015bciowa, kt\u00f3ra gwarantuje niezapomniane do\u015bwiadczenia. Bezp\u0142atna, trwa\u0142a i \u0142atwa do ustawienia, ta atrakcja jest idealna dla m\u0142odzie\u017cy i doros\u0142ych na ka\u017cdym wydarzeniu.<\/p>","protected":false},"featured_media":1235,"comment_status":"closed","ping_status":"closed","template":"","meta":{"_acf_changed":false},"product_brand":[],"product_cat":[80,85],"product_tag":[],"class_list":{"0":"post-729","1":"product","2":"type-product","3":"status-publish","4":"has-post-thumbnail","6":"product_cat-dla-mlodziezy-i-doroslych","7":"product_cat-dmuchane-atrakcje","9":"first","10":"instock","11":"downloadable","12":"virtual","13":"purchasable","14":"product-type-simple"},"acf":[],"yoast_head":"<!-- This site is optimized with the Yoast SEO plugin v27.5 - https:\/\/yoast.com\/product\/yoast-seo-wordpress\/ -->\n<title>Mega dart na eventy \u2013 wynajem dmuchanej tarczy do rzutek XXL<\/title>\n<meta name=\"robots\" content=\"index, follow, max-snippet:-1, max-image-preview:large, max-video-preview:-1\" \/>\n<link rel=\"canonical\" href=\"https:\/\/mistrzowieimprez.pl\/en\/product\/mega-dart\/\" \/>\n<meta property=\"og:locale\" content=\"en_GB\" \/>\n<meta property=\"og:type\" content=\"article\" \/>\n<meta property=\"og:title\" content=\"Mega dart na eventy \u2013 wynajem dmuchanej tarczy do rzutek XXL\" \/>\n<meta property=\"og:description\" content=\"Zapewniaj\u0105c emocje rzutk\u00f3w na gigantycznej skali, nasz Mega Dart to dmuchana gra zr\u0119czno\u015bciowa, kt\u00f3ra gwarantuje niezapomniane do\u015bwiadczenia. Bezp\u0142atna, trwa\u0142a i \u0142atwa do ustawienia, ta atrakcja jest idealna dla m\u0142odzie\u017cy i doros\u0142ych na ka\u017cdym wydarzeniu.\" \/>\n<meta property=\"og:url\" content=\"https:\/\/mistrzowieimprez.pl\/en\/product\/mega-dart\/\" \/>\n<meta property=\"og:site_name\" content=\"Mistrzowie Imprez\" \/>\n<meta property=\"article:publisher\" content=\"https:\/\/www.facebook.com\/mistrzowieimprez\" \/>\n<meta property=\"article:modified_time\" content=\"2026-03-18T08:49:19+00:00\" \/>\n<meta property=\"og:image\" content=\"https:\/\/mistrzowieimprez.pl\/wp-content\/uploads\/2024\/09\/Mega-dart.png\" \/>\n\t<meta property=\"og:image:width\" content=\"1000\" \/>\n\t<meta property=\"og:image:height\" content=\"1000\" \/>\n\t<meta property=\"og:image:type\" content=\"image\/png\" \/>\n<meta name=\"twitter:card\" content=\"summary_large_image\" \/>\n<meta name=\"twitter:label1\" content=\"Estimated reading time\" \/>\n\t<meta name=\"twitter:data1\" content=\"1 minute\" \/>\n<script type=\"application\/ld+json\" class=\"yoast-schema-graph\">{\"@context\":\"https:\\\/\\\/schema.org\",\"@graph\":[{\"@type\":\"WebPage\",\"@id\":\"https:\\\/\\\/mistrzowieimprez.pl\\\/produkt\\\/mega-dart\\\/\",\"url\":\"https:\\\/\\\/mistrzowieimprez.pl\\\/produkt\\\/mega-dart\\\/\",\"name\":\"Mega dart na eventy \u2013 wynajem dmuchanej tarczy do rzutek XXL\",\"isPartOf\":{\"@id\":\"https:\\\/\\\/mistrzowieimprez.pl\\\/#website\"},\"primaryImageOfPage\":{\"@id\":\"https:\\\/\\\/mistrzowieimprez.pl\\\/produkt\\\/mega-dart\\\/#primaryimage\"},\"image\":{\"@id\":\"https:\\\/\\\/mistrzowieimprez.pl\\\/produkt\\\/mega-dart\\\/#primaryimage\"},\"thumbnailUrl\":\"https:\\\/\\\/mistrzowieimprez.pl\\\/wp-content\\\/uploads\\\/2024\\\/09\\\/Mega-dart.png\",\"datePublished\":\"2024-09-01T09:07:18+00:00\",\"dateModified\":\"2026-03-18T08:49:19+00:00\",\"breadcrumb\":{\"@id\":\"https:\\\/\\\/mistrzowieimprez.pl\\\/produkt\\\/mega-dart\\\/#breadcrumb\"},\"inLanguage\":\"en-GB\",\"potentialAction\":[{\"@type\":\"ReadAction\",\"target\":[\"https:\\\/\\\/mistrzowieimprez.pl\\\/produkt\\\/mega-dart\\\/\"]}]},{\"@type\":\"ImageObject\",\"inLanguage\":\"en-GB\",\"@id\":\"https:\\\/\\\/mistrzowieimprez.pl\\\/produkt\\\/mega-dart\\\/#primaryimage\",\"url\":\"https:\\\/\\\/mistrzowieimprez.pl\\\/wp-content\\\/uploads\\\/2024\\\/09\\\/Mega-dart.png\",\"contentUrl\":\"https:\\\/\\\/mistrzowieimprez.pl\\\/wp-content\\\/uploads\\\/2024\\\/09\\\/Mega-dart.png\",\"width\":1000,\"height\":1000,\"caption\":\"Na zdj\u0119ciu wida\u0107 du\u017c\u0105, dmuchan\u0105 tarcz\u0119 do darta na \u015bwie\u017cym powietrzu, z pi\u0142k\u0105 przyczepion\u0105 do \u015brodka.\"},{\"@type\":\"BreadcrumbList\",\"@id\":\"https:\\\/\\\/mistrzowieimprez.pl\\\/produkt\\\/mega-dart\\\/#breadcrumb\",\"itemListElement\":[{\"@type\":\"ListItem\",\"position\":1,\"name\":\"Strona g\u0142\u00f3wna\",\"item\":\"https:\\\/\\\/mistrzowieimprez.pl\\\/\"},{\"@type\":\"ListItem\",\"position\":2,\"name\":\"sklep\",\"item\":\"https:\\\/\\\/mistrzowieimprez.pl\\\/sklep\\\/\"},{\"@type\":\"ListItem\",\"position\":3,\"name\":\"Mega dart\"}]},{\"@type\":\"WebSite\",\"@id\":\"https:\\\/\\\/mistrzowieimprez.pl\\\/#website\",\"url\":\"https:\\\/\\\/mistrzowieimprez.pl\\\/\",\"name\":\"Mistrzowie Imprez\",\"description\":\"Kompleksowa organizacja imprez\",\"publisher\":{\"@id\":\"https:\\\/\\\/mistrzowieimprez.pl\\\/#organization\"},\"potentialAction\":[{\"@type\":\"SearchAction\",\"target\":{\"@type\":\"EntryPoint\",\"urlTemplate\":\"https:\\\/\\\/mistrzowieimprez.pl\\\/?s={search_term_string}\"},\"query-input\":{\"@type\":\"PropertyValueSpecification\",\"valueRequired\":true,\"valueName\":\"search_term_string\"}}],\"inLanguage\":\"en-GB\"},{\"@type\":\"Organization\",\"@id\":\"https:\\\/\\\/mistrzowieimprez.pl\\\/#organization\",\"name\":\"Mistrzowie Imprez\",\"url\":\"https:\\\/\\\/mistrzowieimprez.pl\\\/\",\"logo\":{\"@type\":\"ImageObject\",\"inLanguage\":\"en-GB\",\"@id\":\"https:\\\/\\\/mistrzowieimprez.pl\\\/#\\\/schema\\\/logo\\\/image\\\/\",\"url\":\"https:\\\/\\\/mistrzowieimprez.pl\\\/wp-content\\\/uploads\\\/2024\\\/08\\\/mistrzowie_imprez_logo_ciemne-tlo@4x.png\",\"contentUrl\":\"https:\\\/\\\/mistrzowieimprez.pl\\\/wp-content\\\/uploads\\\/2024\\\/08\\\/mistrzowie_imprez_logo_ciemne-tlo@4x.png\",\"width\":1318,\"height\":351,\"caption\":\"Mistrzowie Imprez\"},\"image\":{\"@id\":\"https:\\\/\\\/mistrzowieimprez.pl\\\/#\\\/schema\\\/logo\\\/image\\\/\"},\"sameAs\":[\"https:\\\/\\\/www.facebook.com\\\/mistrzowieimprez\",\"https:\\\/\\\/www.instagram.com\\\/mistrzowieimprez\\\/\",\"https:\\\/\\\/www.youtube.com\\\/@ytmistrzowieimprez\"]}]}<\/script>\n<!-- \/ Yoast SEO plugin. -->","yoast_head_json":{"title":"Mega dart na eventy \u2013 wynajem dmuchanej tarczy do rzutek XXL","robots":{"index":"index","follow":"follow","max-snippet":"max-snippet:-1","max-image-preview":"max-image-preview:large","max-video-preview":"max-video-preview:-1"},"canonical":"https:\/\/mistrzowieimprez.pl\/en\/product\/mega-dart\/","og_locale":"en_GB","og_type":"article","og_title":"Mega dart na eventy \u2013 wynajem dmuchanej tarczy do rzutek XXL","og_description":"Zapewniaj\u0105c emocje rzutk\u00f3w na gigantycznej skali, nasz Mega Dart to dmuchana gra zr\u0119czno\u015bciowa, kt\u00f3ra gwarantuje niezapomniane do\u015bwiadczenia. Bezp\u0142atna, trwa\u0142a i \u0142atwa do ustawienia, ta atrakcja jest idealna dla m\u0142odzie\u017cy i doros\u0142ych na ka\u017cdym wydarzeniu.","og_url":"https:\/\/mistrzowieimprez.pl\/en\/product\/mega-dart\/","og_site_name":"Mistrzowie Imprez","article_publisher":"https:\/\/www.facebook.com\/mistrzowieimprez","article_modified_time":"2026-03-18T08:49:19+00:00","og_image":[{"width":1000,"height":1000,"url":"https:\/\/mistrzowieimprez.pl\/wp-content\/uploads\/2024\/09\/Mega-dart.png","type":"image\/png"}],"twitter_card":"summary_large_image","twitter_misc":{"Estimated reading time":"1 minute"},"schema":{"@context":"https:\/\/schema.org","@graph":[{"@type":"WebPage","@id":"https:\/\/mistrzowieimprez.pl\/produkt\/mega-dart\/","url":"https:\/\/mistrzowieimprez.pl\/produkt\/mega-dart\/","name":"Mega dart na eventy \u2013 wynajem dmuchanej tarczy do rzutek XXL","isPartOf":{"@id":"https:\/\/mistrzowieimprez.pl\/#website"},"primaryImageOfPage":{"@id":"https:\/\/mistrzowieimprez.pl\/produkt\/mega-dart\/#primaryimage"},"image":{"@id":"https:\/\/mistrzowieimprez.pl\/produkt\/mega-dart\/#primaryimage"},"thumbnailUrl":"https:\/\/mistrzowieimprez.pl\/wp-content\/uploads\/2024\/09\/Mega-dart.png","datePublished":"2024-09-01T09:07:18+00:00","dateModified":"2026-03-18T08:49:19+00:00","breadcrumb":{"@id":"https:\/\/mistrzowieimprez.pl\/produkt\/mega-dart\/#breadcrumb"},"inLanguage":"en-GB","potentialAction":[{"@type":"ReadAction","target":["https:\/\/mistrzowieimprez.pl\/produkt\/mega-dart\/"]}]},{"@type":"ImageObject","inLanguage":"en-GB","@id":"https:\/\/mistrzowieimprez.pl\/produkt\/mega-dart\/#primaryimage","url":"https:\/\/mistrzowieimprez.pl\/wp-content\/uploads\/2024\/09\/Mega-dart.png","contentUrl":"https:\/\/mistrzowieimprez.pl\/wp-content\/uploads\/2024\/09\/Mega-dart.png","width":1000,"height":1000,"caption":"Na zdj\u0119ciu wida\u0107 du\u017c\u0105, dmuchan\u0105 tarcz\u0119 do darta na \u015bwie\u017cym powietrzu, z pi\u0142k\u0105 przyczepion\u0105 do \u015brodka."},{"@type":"BreadcrumbList","@id":"https:\/\/mistrzowieimprez.pl\/produkt\/mega-dart\/#breadcrumb","itemListElement":[{"@type":"ListItem","position":1,"name":"Strona g\u0142\u00f3wna","item":"https:\/\/mistrzowieimprez.pl\/"},{"@type":"ListItem","position":2,"name":"sklep","item":"https:\/\/mistrzowieimprez.pl\/sklep\/"},{"@type":"ListItem","position":3,"name":"Mega dart"}]},{"@type":"WebSite","@id":"https:\/\/mistrzowieimprez.pl\/#website","url":"https:\/\/mistrzowieimprez.pl\/","name":"Mistrzowie Imprez","description":"Kompleksowa organizacja imprez","publisher":{"@id":"https:\/\/mistrzowieimprez.pl\/#organization"},"potentialAction":[{"@type":"SearchAction","target":{"@type":"EntryPoint","urlTemplate":"https:\/\/mistrzowieimprez.pl\/?s={search_term_string}"},"query-input":{"@type":"PropertyValueSpecification","valueRequired":true,"valueName":"search_term_string"}}],"inLanguage":"en-GB"},{"@type":"Organization","@id":"https:\/\/mistrzowieimprez.pl\/#organization","name":"Mistrzowie Imprez","url":"https:\/\/mistrzowieimprez.pl\/","logo":{"@type":"ImageObject","inLanguage":"en-GB","@id":"https:\/\/mistrzowieimprez.pl\/#\/schema\/logo\/image\/","url":"https:\/\/mistrzowieimprez.pl\/wp-content\/uploads\/2024\/08\/mistrzowie_imprez_logo_ciemne-tlo@4x.png","contentUrl":"https:\/\/mistrzowieimprez.pl\/wp-content\/uploads\/2024\/08\/mistrzowie_imprez_logo_ciemne-tlo@4x.png","width":1318,"height":351,"caption":"Mistrzowie Imprez"},"image":{"@id":"https:\/\/mistrzowieimprez.pl\/#\/schema\/logo\/image\/"},"sameAs":["https:\/\/www.facebook.com\/mistrzowieimprez","https:\/\/www.instagram.com\/mistrzowieimprez\/","https:\/\/www.youtube.com\/@ytmistrzowieimprez"]}]}},"_links":{"self":[{"href":"https:\/\/mistrzowieimprez.pl\/en\/wp-json\/wp\/v2\/product\/729","targetHints":{"allow":["GET"]}}],"collection":[{"href":"https:\/\/mistrzowieimprez.pl\/en\/wp-json\/wp\/v2\/product"}],"about":[{"href":"https:\/\/mistrzowieimprez.pl\/en\/wp-json\/wp\/v2\/types\/product"}],"replies":[{"embeddable":true,"href":"https:\/\/mistrzowieimprez.pl\/en\/wp-json\/wp\/v2\/comments?post=729"}],"version-history":[{"count":1,"href":"https:\/\/mistrzowieimprez.pl\/en\/wp-json\/wp\/v2\/product\/729\/revisions"}],"predecessor-version":[{"id":3540,"href":"https:\/\/mistrzowieimprez.pl\/en\/wp-json\/wp\/v2\/product\/729\/revisions\/3540"}],"wp:featuredmedia":[{"embeddable":true,"href":"https:\/\/mistrzowieimprez.pl\/en\/wp-json\/wp\/v2\/media\/1235"}],"wp:attachment":[{"href":"https:\/\/mistrzowieimprez.pl\/en\/wp-json\/wp\/v2\/media?parent=729"}],"wp:term":[{"taxonomy":"product_brand","embeddable":true,"href":"https:\/\/mistrzowieimprez.pl\/en\/wp-json\/wp\/v2\/product_brand?post=729"},{"taxonomy":"product_cat","embeddable":true,"href":"https:\/\/mistrzowieimprez.pl\/en\/wp-json\/wp\/v2\/product_cat?post=729"},{"taxonomy":"product_tag","embeddable":true,"href":"https:\/\/mistrzowieimprez.pl\/en\/wp-json\/wp\/v2\/product_tag?post=729"}],"curies":[{"name":"wp","href":"https:\/\/api.w.org\/{rel}","templated":true}]}}