{"id":726,"date":"2024-09-01T09:07:17","date_gmt":"2024-09-01T09:07:17","guid":{"rendered":"https:\/\/mistrzowieimprez.pl\/produkt\/bubble-football\/"},"modified":"2026-03-18T08:47:38","modified_gmt":"2026-03-18T08:47:38","slug":"bubble-football","status":"publish","type":"product","link":"https:\/\/mistrzowieimprez.pl\/en\/product\/bubble-football\/","title":{"rendered":"Bubble football"},"content":{"rendered":"<p>Nasza us\u0142uga Bubble Football to niesamowite do\u015bwiadczenie pe\u0142ne \u015bmiechu i zabawy! Przygotuj si\u0119 na niezapomniane chwile, podczas kt\u00f3rych b\u0119dziesz gra\u0107 w pi\u0142k\u0119 no\u017cn\u0105 w gigantycznej, dmuchanej kuli. To wyj\u0105tkowy, kreatywny spos\u00f3b na integracj\u0119 i dobr\u0105 zabaw\u0119 na ka\u017cdym eventie.<\/p>\n<ul>\n<li>Us\u0142uga obejmuje dmuchane kule o \u015brednicy 1,5 metra.<\/li>\n<li>W zestawie znajduj\u0105 si\u0119 r\u00f3wnie\u017c pi\u0142ki do gry.<\/li>\n<li>Us\u0142uga dost\u0119pna dla os\u00f3b powy\u017cej 12 roku \u017cycia.<\/li>\n<\/ul>\n<ul>\n<li>\u015awietna zabawa gwarantowana \u2013 w Bubble Football ka\u017cdy si\u0119 \u015bmieje!<\/li>\n<li>Unikalne do\u015bwiadczenie, kt\u00f3re dostarcza du\u017co pozytywnej energii.<\/li>\n<li>Stymuluje zespo\u0142owo\u015b\u0107 i buduje wi\u0119zi mi\u0119dzy uczestnikami.<\/li>\n<\/ul>\n<p>Nie czekaj d\u0142u\u017cej! Zam\u00f3w nasz\u0105 us\u0142ug\u0119 Bubble Football ju\u017c teraz i zapewnij niezapomniane chwile na swoim wydarzeniu!<\/p>","protected":false},"excerpt":{"rendered":"<p>Bubble Football to \u015bwietna zabawa dla m\u0142odzie\u017cy i doros\u0142ych! Graj w pi\u0142k\u0119 no\u017cn\u0105 w gigantycznej, dmuchanej kuli i zyskaj niezapomniane do\u015bwiadczenie pe\u0142ne \u015bmiechu i pozytywnej energii. Idealne do integracji i budowania wi\u0119zi zespo\u0142owych na ka\u017cdym eventie!<\/p>","protected":false},"featured_media":1175,"comment_status":"closed","ping_status":"closed","template":"","meta":{"_acf_changed":false},"product_brand":[],"product_cat":[80,85],"product_tag":[],"class_list":{"0":"post-726","1":"product","2":"type-product","3":"status-publish","4":"has-post-thumbnail","6":"product_cat-dla-mlodziezy-i-doroslych","7":"product_cat-dmuchane-atrakcje","9":"first","10":"instock","11":"downloadable","12":"virtual","13":"purchasable","14":"product-type-simple"},"acf":[],"yoast_head":"<!-- This site is optimized with the Yoast SEO plugin v27.5 - https:\/\/yoast.com\/product\/yoast-seo-wordpress\/ -->\n<title>Bubble football na eventy \u2013 wynajem dmuchanych kul do pi\u0142ki<\/title>\n<meta name=\"robots\" content=\"index, follow, max-snippet:-1, max-image-preview:large, max-video-preview:-1\" \/>\n<link rel=\"canonical\" href=\"https:\/\/mistrzowieimprez.pl\/en\/product\/bubble-football\/\" \/>\n<meta property=\"og:locale\" content=\"en_GB\" \/>\n<meta property=\"og:type\" content=\"article\" \/>\n<meta property=\"og:title\" content=\"Bubble football na eventy \u2013 wynajem dmuchanych kul do pi\u0142ki\" \/>\n<meta property=\"og:description\" content=\"Bubble Football to \u015bwietna zabawa dla m\u0142odzie\u017cy i doros\u0142ych! Graj w pi\u0142k\u0119 no\u017cn\u0105 w gigantycznej, dmuchanej kuli i zyskaj niezapomniane do\u015bwiadczenie pe\u0142ne \u015bmiechu i pozytywnej energii. Idealne do integracji i budowania wi\u0119zi zespo\u0142owych na ka\u017cdym eventie!\" \/>\n<meta property=\"og:url\" content=\"https:\/\/mistrzowieimprez.pl\/en\/product\/bubble-football\/\" \/>\n<meta property=\"og:site_name\" content=\"Mistrzowie Imprez\" \/>\n<meta property=\"article:publisher\" content=\"https:\/\/www.facebook.com\/mistrzowieimprez\" \/>\n<meta property=\"article:modified_time\" content=\"2026-03-18T08:47:38+00:00\" \/>\n<meta property=\"og:image\" content=\"https:\/\/mistrzowieimprez.pl\/wp-content\/uploads\/2024\/09\/Bubble-football.png\" \/>\n\t<meta property=\"og:image:width\" content=\"800\" \/>\n\t<meta property=\"og:image:height\" content=\"800\" \/>\n\t<meta property=\"og:image:type\" content=\"image\/png\" \/>\n<meta name=\"twitter:card\" content=\"summary_large_image\" \/>\n<meta name=\"twitter:label1\" content=\"Estimated reading time\" \/>\n\t<meta name=\"twitter:data1\" content=\"1 minute\" \/>\n<script type=\"application\/ld+json\" class=\"yoast-schema-graph\">{\"@context\":\"https:\\\/\\\/schema.org\",\"@graph\":[{\"@type\":\"WebPage\",\"@id\":\"https:\\\/\\\/mistrzowieimprez.pl\\\/produkt\\\/bubble-football\\\/\",\"url\":\"https:\\\/\\\/mistrzowieimprez.pl\\\/produkt\\\/bubble-football\\\/\",\"name\":\"Bubble football na eventy \u2013 wynajem dmuchanych kul do pi\u0142ki\",\"isPartOf\":{\"@id\":\"https:\\\/\\\/mistrzowieimprez.pl\\\/#website\"},\"primaryImageOfPage\":{\"@id\":\"https:\\\/\\\/mistrzowieimprez.pl\\\/produkt\\\/bubble-football\\\/#primaryimage\"},\"image\":{\"@id\":\"https:\\\/\\\/mistrzowieimprez.pl\\\/produkt\\\/bubble-football\\\/#primaryimage\"},\"thumbnailUrl\":\"https:\\\/\\\/mistrzowieimprez.pl\\\/wp-content\\\/uploads\\\/2024\\\/09\\\/Bubble-football.png\",\"datePublished\":\"2024-09-01T09:07:17+00:00\",\"dateModified\":\"2026-03-18T08:47:38+00:00\",\"breadcrumb\":{\"@id\":\"https:\\\/\\\/mistrzowieimprez.pl\\\/produkt\\\/bubble-football\\\/#breadcrumb\"},\"inLanguage\":\"en-GB\",\"potentialAction\":[{\"@type\":\"ReadAction\",\"target\":[\"https:\\\/\\\/mistrzowieimprez.pl\\\/produkt\\\/bubble-football\\\/\"]}]},{\"@type\":\"ImageObject\",\"inLanguage\":\"en-GB\",\"@id\":\"https:\\\/\\\/mistrzowieimprez.pl\\\/produkt\\\/bubble-football\\\/#primaryimage\",\"url\":\"https:\\\/\\\/mistrzowieimprez.pl\\\/wp-content\\\/uploads\\\/2024\\\/09\\\/Bubble-football.png\",\"contentUrl\":\"https:\\\/\\\/mistrzowieimprez.pl\\\/wp-content\\\/uploads\\\/2024\\\/09\\\/Bubble-football.png\",\"width\":1000,\"height\":1000,\"caption\":\"Na zdj\u0119ciu wida\u0107 uczestnik\u00f3w zabawy w dmuchanych kulach Bubble football na \u015bwie\u017cym powietrzu, w otoczeniu namiot\u00f3w i sprz\u0119tu eventowego.\"},{\"@type\":\"BreadcrumbList\",\"@id\":\"https:\\\/\\\/mistrzowieimprez.pl\\\/produkt\\\/bubble-football\\\/#breadcrumb\",\"itemListElement\":[{\"@type\":\"ListItem\",\"position\":1,\"name\":\"Strona g\u0142\u00f3wna\",\"item\":\"https:\\\/\\\/mistrzowieimprez.pl\\\/\"},{\"@type\":\"ListItem\",\"position\":2,\"name\":\"sklep\",\"item\":\"https:\\\/\\\/mistrzowieimprez.pl\\\/sklep\\\/\"},{\"@type\":\"ListItem\",\"position\":3,\"name\":\"Bubble football\"}]},{\"@type\":\"WebSite\",\"@id\":\"https:\\\/\\\/mistrzowieimprez.pl\\\/#website\",\"url\":\"https:\\\/\\\/mistrzowieimprez.pl\\\/\",\"name\":\"Mistrzowie Imprez\",\"description\":\"Kompleksowa organizacja imprez\",\"publisher\":{\"@id\":\"https:\\\/\\\/mistrzowieimprez.pl\\\/#organization\"},\"potentialAction\":[{\"@type\":\"SearchAction\",\"target\":{\"@type\":\"EntryPoint\",\"urlTemplate\":\"https:\\\/\\\/mistrzowieimprez.pl\\\/?s={search_term_string}\"},\"query-input\":{\"@type\":\"PropertyValueSpecification\",\"valueRequired\":true,\"valueName\":\"search_term_string\"}}],\"inLanguage\":\"en-GB\"},{\"@type\":\"Organization\",\"@id\":\"https:\\\/\\\/mistrzowieimprez.pl\\\/#organization\",\"name\":\"Mistrzowie Imprez\",\"url\":\"https:\\\/\\\/mistrzowieimprez.pl\\\/\",\"logo\":{\"@type\":\"ImageObject\",\"inLanguage\":\"en-GB\",\"@id\":\"https:\\\/\\\/mistrzowieimprez.pl\\\/#\\\/schema\\\/logo\\\/image\\\/\",\"url\":\"https:\\\/\\\/mistrzowieimprez.pl\\\/wp-content\\\/uploads\\\/2024\\\/08\\\/mistrzowie_imprez_logo_ciemne-tlo@4x.png\",\"contentUrl\":\"https:\\\/\\\/mistrzowieimprez.pl\\\/wp-content\\\/uploads\\\/2024\\\/08\\\/mistrzowie_imprez_logo_ciemne-tlo@4x.png\",\"width\":1318,\"height\":351,\"caption\":\"Mistrzowie Imprez\"},\"image\":{\"@id\":\"https:\\\/\\\/mistrzowieimprez.pl\\\/#\\\/schema\\\/logo\\\/image\\\/\"},\"sameAs\":[\"https:\\\/\\\/www.facebook.com\\\/mistrzowieimprez\",\"https:\\\/\\\/www.instagram.com\\\/mistrzowieimprez\\\/\",\"https:\\\/\\\/www.youtube.com\\\/@ytmistrzowieimprez\"]}]}<\/script>\n<!-- \/ Yoast SEO plugin. -->","yoast_head_json":{"title":"Bubble football na eventy \u2013 wynajem dmuchanych kul do pi\u0142ki","robots":{"index":"index","follow":"follow","max-snippet":"max-snippet:-1","max-image-preview":"max-image-preview:large","max-video-preview":"max-video-preview:-1"},"canonical":"https:\/\/mistrzowieimprez.pl\/en\/product\/bubble-football\/","og_locale":"en_GB","og_type":"article","og_title":"Bubble football na eventy \u2013 wynajem dmuchanych kul do pi\u0142ki","og_description":"Bubble Football to \u015bwietna zabawa dla m\u0142odzie\u017cy i doros\u0142ych! Graj w pi\u0142k\u0119 no\u017cn\u0105 w gigantycznej, dmuchanej kuli i zyskaj niezapomniane do\u015bwiadczenie pe\u0142ne \u015bmiechu i pozytywnej energii. Idealne do integracji i budowania wi\u0119zi zespo\u0142owych na ka\u017cdym eventie!","og_url":"https:\/\/mistrzowieimprez.pl\/en\/product\/bubble-football\/","og_site_name":"Mistrzowie Imprez","article_publisher":"https:\/\/www.facebook.com\/mistrzowieimprez","article_modified_time":"2026-03-18T08:47:38+00:00","og_image":[{"url":"https:\/\/mistrzowieimprez.pl\/wp-content\/uploads\/2024\/09\/Bubble-football.png","width":800,"height":800,"type":"image\/png"}],"twitter_card":"summary_large_image","twitter_misc":{"Estimated reading time":"1 minute"},"schema":{"@context":"https:\/\/schema.org","@graph":[{"@type":"WebPage","@id":"https:\/\/mistrzowieimprez.pl\/produkt\/bubble-football\/","url":"https:\/\/mistrzowieimprez.pl\/produkt\/bubble-football\/","name":"Bubble football na eventy \u2013 wynajem dmuchanych kul do pi\u0142ki","isPartOf":{"@id":"https:\/\/mistrzowieimprez.pl\/#website"},"primaryImageOfPage":{"@id":"https:\/\/mistrzowieimprez.pl\/produkt\/bubble-football\/#primaryimage"},"image":{"@id":"https:\/\/mistrzowieimprez.pl\/produkt\/bubble-football\/#primaryimage"},"thumbnailUrl":"https:\/\/mistrzowieimprez.pl\/wp-content\/uploads\/2024\/09\/Bubble-football.png","datePublished":"2024-09-01T09:07:17+00:00","dateModified":"2026-03-18T08:47:38+00:00","breadcrumb":{"@id":"https:\/\/mistrzowieimprez.pl\/produkt\/bubble-football\/#breadcrumb"},"inLanguage":"en-GB","potentialAction":[{"@type":"ReadAction","target":["https:\/\/mistrzowieimprez.pl\/produkt\/bubble-football\/"]}]},{"@type":"ImageObject","inLanguage":"en-GB","@id":"https:\/\/mistrzowieimprez.pl\/produkt\/bubble-football\/#primaryimage","url":"https:\/\/mistrzowieimprez.pl\/wp-content\/uploads\/2024\/09\/Bubble-football.png","contentUrl":"https:\/\/mistrzowieimprez.pl\/wp-content\/uploads\/2024\/09\/Bubble-football.png","width":1000,"height":1000,"caption":"Na zdj\u0119ciu wida\u0107 uczestnik\u00f3w zabawy w dmuchanych kulach Bubble football na \u015bwie\u017cym powietrzu, w otoczeniu namiot\u00f3w i sprz\u0119tu eventowego."},{"@type":"BreadcrumbList","@id":"https:\/\/mistrzowieimprez.pl\/produkt\/bubble-football\/#breadcrumb","itemListElement":[{"@type":"ListItem","position":1,"name":"Strona g\u0142\u00f3wna","item":"https:\/\/mistrzowieimprez.pl\/"},{"@type":"ListItem","position":2,"name":"sklep","item":"https:\/\/mistrzowieimprez.pl\/sklep\/"},{"@type":"ListItem","position":3,"name":"Bubble football"}]},{"@type":"WebSite","@id":"https:\/\/mistrzowieimprez.pl\/#website","url":"https:\/\/mistrzowieimprez.pl\/","name":"Mistrzowie Imprez","description":"Kompleksowa organizacja imprez","publisher":{"@id":"https:\/\/mistrzowieimprez.pl\/#organization"},"potentialAction":[{"@type":"SearchAction","target":{"@type":"EntryPoint","urlTemplate":"https:\/\/mistrzowieimprez.pl\/?s={search_term_string}"},"query-input":{"@type":"PropertyValueSpecification","valueRequired":true,"valueName":"search_term_string"}}],"inLanguage":"en-GB"},{"@type":"Organization","@id":"https:\/\/mistrzowieimprez.pl\/#organization","name":"Mistrzowie Imprez","url":"https:\/\/mistrzowieimprez.pl\/","logo":{"@type":"ImageObject","inLanguage":"en-GB","@id":"https:\/\/mistrzowieimprez.pl\/#\/schema\/logo\/image\/","url":"https:\/\/mistrzowieimprez.pl\/wp-content\/uploads\/2024\/08\/mistrzowie_imprez_logo_ciemne-tlo@4x.png","contentUrl":"https:\/\/mistrzowieimprez.pl\/wp-content\/uploads\/2024\/08\/mistrzowie_imprez_logo_ciemne-tlo@4x.png","width":1318,"height":351,"caption":"Mistrzowie Imprez"},"image":{"@id":"https:\/\/mistrzowieimprez.pl\/#\/schema\/logo\/image\/"},"sameAs":["https:\/\/www.facebook.com\/mistrzowieimprez","https:\/\/www.instagram.com\/mistrzowieimprez\/","https:\/\/www.youtube.com\/@ytmistrzowieimprez"]}]}},"_links":{"self":[{"href":"https:\/\/mistrzowieimprez.pl\/en\/wp-json\/wp\/v2\/product\/726","targetHints":{"allow":["GET"]}}],"collection":[{"href":"https:\/\/mistrzowieimprez.pl\/en\/wp-json\/wp\/v2\/product"}],"about":[{"href":"https:\/\/mistrzowieimprez.pl\/en\/wp-json\/wp\/v2\/types\/product"}],"replies":[{"embeddable":true,"href":"https:\/\/mistrzowieimprez.pl\/en\/wp-json\/wp\/v2\/comments?post=726"}],"version-history":[{"count":1,"href":"https:\/\/mistrzowieimprez.pl\/en\/wp-json\/wp\/v2\/product\/726\/revisions"}],"predecessor-version":[{"id":3538,"href":"https:\/\/mistrzowieimprez.pl\/en\/wp-json\/wp\/v2\/product\/726\/revisions\/3538"}],"wp:featuredmedia":[{"embeddable":true,"href":"https:\/\/mistrzowieimprez.pl\/en\/wp-json\/wp\/v2\/media\/1175"}],"wp:attachment":[{"href":"https:\/\/mistrzowieimprez.pl\/en\/wp-json\/wp\/v2\/media?parent=726"}],"wp:term":[{"taxonomy":"product_brand","embeddable":true,"href":"https:\/\/mistrzowieimprez.pl\/en\/wp-json\/wp\/v2\/product_brand?post=726"},{"taxonomy":"product_cat","embeddable":true,"href":"https:\/\/mistrzowieimprez.pl\/en\/wp-json\/wp\/v2\/product_cat?post=726"},{"taxonomy":"product_tag","embeddable":true,"href":"https:\/\/mistrzowieimprez.pl\/en\/wp-json\/wp\/v2\/product_tag?post=726"}],"curies":[{"name":"wp","href":"https:\/\/api.w.org\/{rel}","templated":true}]}}