{"id":723,"date":"2024-09-01T09:07:16","date_gmt":"2024-09-01T09:07:16","guid":{"rendered":"https:\/\/mistrzowieimprez.pl\/produkt\/skalka-wspinaczkowa\/"},"modified":"2026-03-18T08:47:06","modified_gmt":"2026-03-18T08:47:06","slug":"skalka-wspinaczkowa","status":"publish","type":"product","link":"https:\/\/mistrzowieimprez.pl\/en\/product\/skalka-wspinaczkowa\/","title":{"rendered":"Ska\u0142ka wspinaczkowa"},"content":{"rendered":"<p>Przygotuj si\u0119 na zdobywanie szczyt\u00f3w z nasz\u0105 mobiln\u0105 ska\u0142k\u0105 wspinaczkow\u0105! Ta gigantyczna, ale bezpieczna atrakcja, jest tak realistyczna, \u017ce poczujesz si\u0119 jak na prawdziwej wyprawie wspinaczkowej. To doskona\u0142e wyzwanie dla m\u0142odzie\u017cy i doros\u0142ych, kt\u00f3re zapewni radosn\u0105 rywalizacj\u0119 i niezapomniane wspomnienia.<\/p>\n<ul>\n<li>Wysoko\u015b\u0107 ska\u0142ki wynosi a\u017c 6 metr\u00f3w, co zapewnia prawdziwe emocje wspinaczkowe.<\/li>\n<li>Wspinaczka jest bezpieczna dzi\u0119ki profesjonalnemu sprz\u0119towi asekuracyjnemu.<\/li>\n<li>Mo\u017cliwo\u015b\u0107 wyboru trudno\u015bci tras wspinaczkowych, idealne dla pocz\u0105tkuj\u0105cych i zaawansowanych wspinaczy.<\/li>\n<\/ul>\n<ul>\n<li>Podczas zabawy na ska\u0142ce wspinaczkowej uczestnicy mog\u0105 doszlifowa\u0107 swoje umiej\u0119tno\u015bci wspinaczkowe, rozwija\u0107 si\u0142\u0119 i zwinno\u015b\u0107.<\/li>\n<li>Wspinaczka to doskona\u0142y spos\u00f3b na integracj\u0119 grupy &#8211; wsp\u00f3lne prze\u017cywanie emocji i kibicowanie sobie wzmacnia relacje.<\/li>\n<li>Podczas wspinaczki uczestnicy do\u015bwiadcz\u0105 prawdziwych emocji, jakie towarzysz\u0105 pokonywaniu w\u0142asnych l\u0119k\u00f3w i przekraczaniu granic.<\/li>\n<\/ul>\n<p>Zapraszamy do sk\u0142adania zapyta\u0144 ofertowych! Pokonaj swoje l\u0119ki i we\u017a udzia\u0142 w niesamowitej przygodzie wspinaczkowej!<\/p>","protected":false},"excerpt":{"rendered":"<p>Zapewniaj\u0105c autentyczne do\u015bwiadczenia wspinaczkowe, nasza mobilna ska\u0142ka wspinaczkowa zapewnia niezapomniane emocje i zdrow\u0105 rywalizacj\u0119. Z 6 metr\u00f3w wysoko\u015bci, bezpiecznym sprz\u0119tem i zr\u00f3\u017cnicowanym poziomem trudno\u015bci, ta atrakcja jest idealna dla m\u0142odzie\u017cy i doros\u0142ych, szukaj\u0105cych wyzwa\u0144 i zabawy.<\/p>","protected":false},"featured_media":1274,"comment_status":"closed","ping_status":"closed","template":"","meta":{"_acf_changed":false},"product_brand":[],"product_cat":[80,84],"product_tag":[],"class_list":{"0":"post-723","1":"product","2":"type-product","3":"status-publish","4":"has-post-thumbnail","6":"product_cat-dla-mlodziezy-i-doroslych","7":"product_cat-na-wysokosci","9":"first","10":"instock","11":"downloadable","12":"virtual","13":"purchasable","14":"product-type-simple"},"acf":[],"yoast_head":"<!-- This site is optimized with the Yoast SEO plugin v27.5 - https:\/\/yoast.com\/product\/yoast-seo-wordpress\/ -->\n<title>Mobilna \u015bcianka wspinaczkowa na eventy \u2013 wynajem ska\u0142ki 6m<\/title>\n<meta name=\"robots\" content=\"index, follow, max-snippet:-1, max-image-preview:large, max-video-preview:-1\" \/>\n<link rel=\"canonical\" href=\"https:\/\/mistrzowieimprez.pl\/en\/product\/skalka-wspinaczkowa\/\" \/>\n<meta property=\"og:locale\" content=\"en_GB\" \/>\n<meta property=\"og:type\" content=\"article\" \/>\n<meta property=\"og:title\" content=\"Mobilna \u015bcianka wspinaczkowa na eventy \u2013 wynajem ska\u0142ki 6m\" \/>\n<meta property=\"og:description\" content=\"Zapewniaj\u0105c autentyczne do\u015bwiadczenia wspinaczkowe, nasza mobilna ska\u0142ka wspinaczkowa zapewnia niezapomniane emocje i zdrow\u0105 rywalizacj\u0119. Z 6 metr\u00f3w wysoko\u015bci, bezpiecznym sprz\u0119tem i zr\u00f3\u017cnicowanym poziomem trudno\u015bci, ta atrakcja jest idealna dla m\u0142odzie\u017cy i doros\u0142ych, szukaj\u0105cych wyzwa\u0144 i zabawy.\" \/>\n<meta property=\"og:url\" content=\"https:\/\/mistrzowieimprez.pl\/en\/product\/skalka-wspinaczkowa\/\" \/>\n<meta property=\"og:site_name\" content=\"Mistrzowie Imprez\" \/>\n<meta property=\"article:publisher\" content=\"https:\/\/www.facebook.com\/mistrzowieimprez\" \/>\n<meta property=\"article:modified_time\" content=\"2026-03-18T08:47:06+00:00\" \/>\n<meta property=\"og:image\" content=\"https:\/\/mistrzowieimprez.pl\/wp-content\/uploads\/2024\/09\/Skalka-wspinaczkowa.png\" \/>\n\t<meta property=\"og:image:width\" content=\"1000\" \/>\n\t<meta property=\"og:image:height\" content=\"1000\" \/>\n\t<meta property=\"og:image:type\" content=\"image\/png\" \/>\n<meta name=\"twitter:card\" content=\"summary_large_image\" \/>\n<meta name=\"twitter:label1\" content=\"Estimated reading time\" \/>\n\t<meta name=\"twitter:data1\" content=\"1 minute\" \/>\n<script type=\"application\/ld+json\" class=\"yoast-schema-graph\">{\"@context\":\"https:\\\/\\\/schema.org\",\"@graph\":[{\"@type\":\"WebPage\",\"@id\":\"https:\\\/\\\/mistrzowieimprez.pl\\\/produkt\\\/skalka-wspinaczkowa\\\/\",\"url\":\"https:\\\/\\\/mistrzowieimprez.pl\\\/produkt\\\/skalka-wspinaczkowa\\\/\",\"name\":\"Mobilna \u015bcianka wspinaczkowa na eventy \u2013 wynajem ska\u0142ki 6m\",\"isPartOf\":{\"@id\":\"https:\\\/\\\/mistrzowieimprez.pl\\\/#website\"},\"primaryImageOfPage\":{\"@id\":\"https:\\\/\\\/mistrzowieimprez.pl\\\/produkt\\\/skalka-wspinaczkowa\\\/#primaryimage\"},\"image\":{\"@id\":\"https:\\\/\\\/mistrzowieimprez.pl\\\/produkt\\\/skalka-wspinaczkowa\\\/#primaryimage\"},\"thumbnailUrl\":\"https:\\\/\\\/mistrzowieimprez.pl\\\/wp-content\\\/uploads\\\/2024\\\/09\\\/Skalka-wspinaczkowa.png\",\"datePublished\":\"2024-09-01T09:07:16+00:00\",\"dateModified\":\"2026-03-18T08:47:06+00:00\",\"breadcrumb\":{\"@id\":\"https:\\\/\\\/mistrzowieimprez.pl\\\/produkt\\\/skalka-wspinaczkowa\\\/#breadcrumb\"},\"inLanguage\":\"en-GB\",\"potentialAction\":[{\"@type\":\"ReadAction\",\"target\":[\"https:\\\/\\\/mistrzowieimprez.pl\\\/produkt\\\/skalka-wspinaczkowa\\\/\"]}]},{\"@type\":\"ImageObject\",\"inLanguage\":\"en-GB\",\"@id\":\"https:\\\/\\\/mistrzowieimprez.pl\\\/produkt\\\/skalka-wspinaczkowa\\\/#primaryimage\",\"url\":\"https:\\\/\\\/mistrzowieimprez.pl\\\/wp-content\\\/uploads\\\/2024\\\/09\\\/Skalka-wspinaczkowa.png\",\"contentUrl\":\"https:\\\/\\\/mistrzowieimprez.pl\\\/wp-content\\\/uploads\\\/2024\\\/09\\\/Skalka-wspinaczkowa.png\",\"width\":1000,\"height\":1000,\"caption\":\"Dw\u00f3jka dzieci wspina si\u0119 na pomara\u0144czow\u0105, sztuczn\u0105 \u015bciank\u0119 wspinaczkow\u0105 z linami asekuracyjnymi.\"},{\"@type\":\"BreadcrumbList\",\"@id\":\"https:\\\/\\\/mistrzowieimprez.pl\\\/produkt\\\/skalka-wspinaczkowa\\\/#breadcrumb\",\"itemListElement\":[{\"@type\":\"ListItem\",\"position\":1,\"name\":\"Strona g\u0142\u00f3wna\",\"item\":\"https:\\\/\\\/mistrzowieimprez.pl\\\/\"},{\"@type\":\"ListItem\",\"position\":2,\"name\":\"sklep\",\"item\":\"https:\\\/\\\/mistrzowieimprez.pl\\\/sklep\\\/\"},{\"@type\":\"ListItem\",\"position\":3,\"name\":\"Ska\u0142ka wspinaczkowa\"}]},{\"@type\":\"WebSite\",\"@id\":\"https:\\\/\\\/mistrzowieimprez.pl\\\/#website\",\"url\":\"https:\\\/\\\/mistrzowieimprez.pl\\\/\",\"name\":\"Mistrzowie Imprez\",\"description\":\"Kompleksowa organizacja imprez\",\"publisher\":{\"@id\":\"https:\\\/\\\/mistrzowieimprez.pl\\\/#organization\"},\"potentialAction\":[{\"@type\":\"SearchAction\",\"target\":{\"@type\":\"EntryPoint\",\"urlTemplate\":\"https:\\\/\\\/mistrzowieimprez.pl\\\/?s={search_term_string}\"},\"query-input\":{\"@type\":\"PropertyValueSpecification\",\"valueRequired\":true,\"valueName\":\"search_term_string\"}}],\"inLanguage\":\"en-GB\"},{\"@type\":\"Organization\",\"@id\":\"https:\\\/\\\/mistrzowieimprez.pl\\\/#organization\",\"name\":\"Mistrzowie Imprez\",\"url\":\"https:\\\/\\\/mistrzowieimprez.pl\\\/\",\"logo\":{\"@type\":\"ImageObject\",\"inLanguage\":\"en-GB\",\"@id\":\"https:\\\/\\\/mistrzowieimprez.pl\\\/#\\\/schema\\\/logo\\\/image\\\/\",\"url\":\"https:\\\/\\\/mistrzowieimprez.pl\\\/wp-content\\\/uploads\\\/2024\\\/08\\\/mistrzowie_imprez_logo_ciemne-tlo@4x.png\",\"contentUrl\":\"https:\\\/\\\/mistrzowieimprez.pl\\\/wp-content\\\/uploads\\\/2024\\\/08\\\/mistrzowie_imprez_logo_ciemne-tlo@4x.png\",\"width\":1318,\"height\":351,\"caption\":\"Mistrzowie Imprez\"},\"image\":{\"@id\":\"https:\\\/\\\/mistrzowieimprez.pl\\\/#\\\/schema\\\/logo\\\/image\\\/\"},\"sameAs\":[\"https:\\\/\\\/www.facebook.com\\\/mistrzowieimprez\",\"https:\\\/\\\/www.instagram.com\\\/mistrzowieimprez\\\/\",\"https:\\\/\\\/www.youtube.com\\\/@ytmistrzowieimprez\"]}]}<\/script>\n<!-- \/ Yoast SEO plugin. -->","yoast_head_json":{"title":"Mobilna \u015bcianka wspinaczkowa na eventy \u2013 wynajem ska\u0142ki 6m","robots":{"index":"index","follow":"follow","max-snippet":"max-snippet:-1","max-image-preview":"max-image-preview:large","max-video-preview":"max-video-preview:-1"},"canonical":"https:\/\/mistrzowieimprez.pl\/en\/product\/skalka-wspinaczkowa\/","og_locale":"en_GB","og_type":"article","og_title":"Mobilna \u015bcianka wspinaczkowa na eventy \u2013 wynajem ska\u0142ki 6m","og_description":"Zapewniaj\u0105c autentyczne do\u015bwiadczenia wspinaczkowe, nasza mobilna ska\u0142ka wspinaczkowa zapewnia niezapomniane emocje i zdrow\u0105 rywalizacj\u0119. Z 6 metr\u00f3w wysoko\u015bci, bezpiecznym sprz\u0119tem i zr\u00f3\u017cnicowanym poziomem trudno\u015bci, ta atrakcja jest idealna dla m\u0142odzie\u017cy i doros\u0142ych, szukaj\u0105cych wyzwa\u0144 i zabawy.","og_url":"https:\/\/mistrzowieimprez.pl\/en\/product\/skalka-wspinaczkowa\/","og_site_name":"Mistrzowie Imprez","article_publisher":"https:\/\/www.facebook.com\/mistrzowieimprez","article_modified_time":"2026-03-18T08:47:06+00:00","og_image":[{"width":1000,"height":1000,"url":"https:\/\/mistrzowieimprez.pl\/wp-content\/uploads\/2024\/09\/Skalka-wspinaczkowa.png","type":"image\/png"}],"twitter_card":"summary_large_image","twitter_misc":{"Estimated reading time":"1 minute"},"schema":{"@context":"https:\/\/schema.org","@graph":[{"@type":"WebPage","@id":"https:\/\/mistrzowieimprez.pl\/produkt\/skalka-wspinaczkowa\/","url":"https:\/\/mistrzowieimprez.pl\/produkt\/skalka-wspinaczkowa\/","name":"Mobilna \u015bcianka wspinaczkowa na eventy \u2013 wynajem ska\u0142ki 6m","isPartOf":{"@id":"https:\/\/mistrzowieimprez.pl\/#website"},"primaryImageOfPage":{"@id":"https:\/\/mistrzowieimprez.pl\/produkt\/skalka-wspinaczkowa\/#primaryimage"},"image":{"@id":"https:\/\/mistrzowieimprez.pl\/produkt\/skalka-wspinaczkowa\/#primaryimage"},"thumbnailUrl":"https:\/\/mistrzowieimprez.pl\/wp-content\/uploads\/2024\/09\/Skalka-wspinaczkowa.png","datePublished":"2024-09-01T09:07:16+00:00","dateModified":"2026-03-18T08:47:06+00:00","breadcrumb":{"@id":"https:\/\/mistrzowieimprez.pl\/produkt\/skalka-wspinaczkowa\/#breadcrumb"},"inLanguage":"en-GB","potentialAction":[{"@type":"ReadAction","target":["https:\/\/mistrzowieimprez.pl\/produkt\/skalka-wspinaczkowa\/"]}]},{"@type":"ImageObject","inLanguage":"en-GB","@id":"https:\/\/mistrzowieimprez.pl\/produkt\/skalka-wspinaczkowa\/#primaryimage","url":"https:\/\/mistrzowieimprez.pl\/wp-content\/uploads\/2024\/09\/Skalka-wspinaczkowa.png","contentUrl":"https:\/\/mistrzowieimprez.pl\/wp-content\/uploads\/2024\/09\/Skalka-wspinaczkowa.png","width":1000,"height":1000,"caption":"Dw\u00f3jka dzieci wspina si\u0119 na pomara\u0144czow\u0105, sztuczn\u0105 \u015bciank\u0119 wspinaczkow\u0105 z linami asekuracyjnymi."},{"@type":"BreadcrumbList","@id":"https:\/\/mistrzowieimprez.pl\/produkt\/skalka-wspinaczkowa\/#breadcrumb","itemListElement":[{"@type":"ListItem","position":1,"name":"Strona g\u0142\u00f3wna","item":"https:\/\/mistrzowieimprez.pl\/"},{"@type":"ListItem","position":2,"name":"sklep","item":"https:\/\/mistrzowieimprez.pl\/sklep\/"},{"@type":"ListItem","position":3,"name":"Ska\u0142ka wspinaczkowa"}]},{"@type":"WebSite","@id":"https:\/\/mistrzowieimprez.pl\/#website","url":"https:\/\/mistrzowieimprez.pl\/","name":"Mistrzowie Imprez","description":"Kompleksowa organizacja imprez","publisher":{"@id":"https:\/\/mistrzowieimprez.pl\/#organization"},"potentialAction":[{"@type":"SearchAction","target":{"@type":"EntryPoint","urlTemplate":"https:\/\/mistrzowieimprez.pl\/?s={search_term_string}"},"query-input":{"@type":"PropertyValueSpecification","valueRequired":true,"valueName":"search_term_string"}}],"inLanguage":"en-GB"},{"@type":"Organization","@id":"https:\/\/mistrzowieimprez.pl\/#organization","name":"Mistrzowie Imprez","url":"https:\/\/mistrzowieimprez.pl\/","logo":{"@type":"ImageObject","inLanguage":"en-GB","@id":"https:\/\/mistrzowieimprez.pl\/#\/schema\/logo\/image\/","url":"https:\/\/mistrzowieimprez.pl\/wp-content\/uploads\/2024\/08\/mistrzowie_imprez_logo_ciemne-tlo@4x.png","contentUrl":"https:\/\/mistrzowieimprez.pl\/wp-content\/uploads\/2024\/08\/mistrzowie_imprez_logo_ciemne-tlo@4x.png","width":1318,"height":351,"caption":"Mistrzowie Imprez"},"image":{"@id":"https:\/\/mistrzowieimprez.pl\/#\/schema\/logo\/image\/"},"sameAs":["https:\/\/www.facebook.com\/mistrzowieimprez","https:\/\/www.instagram.com\/mistrzowieimprez\/","https:\/\/www.youtube.com\/@ytmistrzowieimprez"]}]}},"_links":{"self":[{"href":"https:\/\/mistrzowieimprez.pl\/en\/wp-json\/wp\/v2\/product\/723","targetHints":{"allow":["GET"]}}],"collection":[{"href":"https:\/\/mistrzowieimprez.pl\/en\/wp-json\/wp\/v2\/product"}],"about":[{"href":"https:\/\/mistrzowieimprez.pl\/en\/wp-json\/wp\/v2\/types\/product"}],"replies":[{"embeddable":true,"href":"https:\/\/mistrzowieimprez.pl\/en\/wp-json\/wp\/v2\/comments?post=723"}],"version-history":[{"count":1,"href":"https:\/\/mistrzowieimprez.pl\/en\/wp-json\/wp\/v2\/product\/723\/revisions"}],"predecessor-version":[{"id":3537,"href":"https:\/\/mistrzowieimprez.pl\/en\/wp-json\/wp\/v2\/product\/723\/revisions\/3537"}],"wp:featuredmedia":[{"embeddable":true,"href":"https:\/\/mistrzowieimprez.pl\/en\/wp-json\/wp\/v2\/media\/1274"}],"wp:attachment":[{"href":"https:\/\/mistrzowieimprez.pl\/en\/wp-json\/wp\/v2\/media?parent=723"}],"wp:term":[{"taxonomy":"product_brand","embeddable":true,"href":"https:\/\/mistrzowieimprez.pl\/en\/wp-json\/wp\/v2\/product_brand?post=723"},{"taxonomy":"product_cat","embeddable":true,"href":"https:\/\/mistrzowieimprez.pl\/en\/wp-json\/wp\/v2\/product_cat?post=723"},{"taxonomy":"product_tag","embeddable":true,"href":"https:\/\/mistrzowieimprez.pl\/en\/wp-json\/wp\/v2\/product_tag?post=723"}],"curies":[{"name":"wp","href":"https:\/\/api.w.org\/{rel}","templated":true}]}}