{"id":722,"date":"2024-09-01T09:07:15","date_gmt":"2024-09-01T09:07:15","guid":{"rendered":"https:\/\/mistrzowieimprez.pl\/produkt\/loty-smiglowcem\/"},"modified":"2026-03-18T08:45:53","modified_gmt":"2026-03-18T08:45:53","slug":"loty-smiglowcem","status":"publish","type":"product","link":"https:\/\/mistrzowieimprez.pl\/en\/product\/loty-smiglowcem\/","title":{"rendered":"Loty \u015bmig\u0142owcem"},"content":{"rendered":"<p>Odwa\u017c si\u0119 i prze\u017cyj niesamowit\u0105 przygod\u0119! Nasze loty \u015bmig\u0142owcem to atrakcja, kt\u00f3ra dostarczy Ci ogrom dawki adrenaliny i niezapomnianych widok\u00f3w. To wyj\u0105tkowa okazja, aby zobaczy\u0107 \u015bwiat z zupe\u0142nie innej perspektywy, a przy tym bawi\u0107 si\u0119 jak nigdy dot\u0105d!<\/p>\n<ul>\n<li>Bezpieczne i ekscytuj\u0105ce loty \u015bmig\u0142owcem prowadzone przez do\u015bwiadczonych pilot\u00f3w.<\/li>\n<li>Mo\u017cliwo\u015b\u0107 zobaczenia panoramy miasta lub przepi\u0119knych krajobraz\u00f3w z lotu ptaka.<\/li>\n<li>Zdj\u0119cia i filmy z lotu dost\u0119pne na \u017cyczenie, aby\u015b m\u00f3g\u0142 podzieli\u0107 si\u0119 swoim do\u015bwiadczeniem z innymi.<\/li>\n<\/ul>\n<ul>\n<li>Unikalne do\u015bwiadczenie pe\u0142ne emocji i wra\u017ce\u0144, kt\u00f3re na d\u0142ugo zostanie w Twojej pami\u0119ci.<\/li>\n<li>\u015awietna okazja do prze\u0142amania l\u0119k\u00f3w i wyj\u015bcia poza stref\u0119 komfortu.<\/li>\n<li>Mo\u017cliwo\u015b\u0107 podziwiania niesamowitych widok\u00f3w, kt\u00f3re s\u0105 niedost\u0119pne z poziomu ziemi.<\/li>\n<\/ul>\n<p>Z\u0142ap wiatr w skrzyd\u0142a i prze\u017cyj niesamowit\u0105 przygod\u0119! Dodaj lot \u015bmig\u0142owcem do swojego zapytania o wycen\u0119 ju\u017c teraz!<\/p>","protected":false},"excerpt":{"rendered":"<p>Odwa\u017c si\u0119 na niesamowit\u0105 przygod\u0119 z naszymi lotami \u015bmig\u0142owcem! Ciesz si\u0119 ogromn\u0105 dawk\u0105 adrenaliny, niezapomnianymi widokami i ekscytuj\u0105c\u0105 perspektyw\u0105 z lotu ptaka. Bezpieczne, prowadzone przez do\u015bwiadczonych pilot\u00f3w loty to wyj\u0105tkowy spos\u00f3b na prze\u0142amanie l\u0119k\u00f3w i wyj\u015bcie poza stref\u0119 komfortu.<\/p>","protected":false},"featured_media":1231,"comment_status":"closed","ping_status":"closed","template":"","meta":{"_acf_changed":false},"product_brand":[],"product_cat":[80,84],"product_tag":[],"class_list":{"0":"post-722","1":"product","2":"type-product","3":"status-publish","4":"has-post-thumbnail","6":"product_cat-dla-mlodziezy-i-doroslych","7":"product_cat-na-wysokosci","9":"first","10":"instock","11":"downloadable","12":"virtual","13":"purchasable","14":"product-type-simple"},"acf":[],"yoast_head":"<!-- This site is optimized with the Yoast SEO plugin v27.5 - https:\/\/yoast.com\/product\/yoast-seo-wordpress\/ -->\n<title>Loty \u015bmig\u0142owcem na eventy \u2013 wynajem helikoptera i loty widokowe<\/title>\n<meta name=\"robots\" content=\"index, follow, max-snippet:-1, max-image-preview:large, max-video-preview:-1\" \/>\n<link rel=\"canonical\" href=\"https:\/\/mistrzowieimprez.pl\/en\/product\/loty-smiglowcem\/\" \/>\n<meta property=\"og:locale\" content=\"en_GB\" \/>\n<meta property=\"og:type\" content=\"article\" \/>\n<meta property=\"og:title\" content=\"Loty \u015bmig\u0142owcem na eventy \u2013 wynajem helikoptera i loty widokowe\" \/>\n<meta property=\"og:description\" content=\"Odwa\u017c si\u0119 na niesamowit\u0105 przygod\u0119 z naszymi lotami \u015bmig\u0142owcem! Ciesz si\u0119 ogromn\u0105 dawk\u0105 adrenaliny, niezapomnianymi widokami i ekscytuj\u0105c\u0105 perspektyw\u0105 z lotu ptaka. Bezpieczne, prowadzone przez do\u015bwiadczonych pilot\u00f3w loty to wyj\u0105tkowy spos\u00f3b na prze\u0142amanie l\u0119k\u00f3w i wyj\u015bcie poza stref\u0119 komfortu.\" \/>\n<meta property=\"og:url\" content=\"https:\/\/mistrzowieimprez.pl\/en\/product\/loty-smiglowcem\/\" \/>\n<meta property=\"og:site_name\" content=\"Mistrzowie Imprez\" \/>\n<meta property=\"article:publisher\" content=\"https:\/\/www.facebook.com\/mistrzowieimprez\" \/>\n<meta property=\"article:modified_time\" content=\"2026-03-18T08:45:53+00:00\" \/>\n<meta property=\"og:image\" content=\"https:\/\/mistrzowieimprez.pl\/wp-content\/uploads\/2024\/09\/Loty-smiglowcem.png\" \/>\n\t<meta property=\"og:image:width\" content=\"1000\" \/>\n\t<meta property=\"og:image:height\" content=\"1000\" \/>\n\t<meta property=\"og:image:type\" content=\"image\/png\" \/>\n<meta name=\"twitter:card\" content=\"summary_large_image\" \/>\n<meta name=\"twitter:label1\" content=\"Estimated reading time\" \/>\n\t<meta name=\"twitter:data1\" content=\"1 minute\" \/>\n<script type=\"application\/ld+json\" class=\"yoast-schema-graph\">{\"@context\":\"https:\\\/\\\/schema.org\",\"@graph\":[{\"@type\":\"WebPage\",\"@id\":\"https:\\\/\\\/mistrzowieimprez.pl\\\/produkt\\\/loty-smiglowcem\\\/\",\"url\":\"https:\\\/\\\/mistrzowieimprez.pl\\\/produkt\\\/loty-smiglowcem\\\/\",\"name\":\"Loty \u015bmig\u0142owcem na eventy \u2013 wynajem helikoptera i loty widokowe\",\"isPartOf\":{\"@id\":\"https:\\\/\\\/mistrzowieimprez.pl\\\/#website\"},\"primaryImageOfPage\":{\"@id\":\"https:\\\/\\\/mistrzowieimprez.pl\\\/produkt\\\/loty-smiglowcem\\\/#primaryimage\"},\"image\":{\"@id\":\"https:\\\/\\\/mistrzowieimprez.pl\\\/produkt\\\/loty-smiglowcem\\\/#primaryimage\"},\"thumbnailUrl\":\"https:\\\/\\\/mistrzowieimprez.pl\\\/wp-content\\\/uploads\\\/2024\\\/09\\\/Loty-smiglowcem.png\",\"datePublished\":\"2024-09-01T09:07:15+00:00\",\"dateModified\":\"2026-03-18T08:45:53+00:00\",\"breadcrumb\":{\"@id\":\"https:\\\/\\\/mistrzowieimprez.pl\\\/produkt\\\/loty-smiglowcem\\\/#breadcrumb\"},\"inLanguage\":\"en-GB\",\"potentialAction\":[{\"@type\":\"ReadAction\",\"target\":[\"https:\\\/\\\/mistrzowieimprez.pl\\\/produkt\\\/loty-smiglowcem\\\/\"]}]},{\"@type\":\"ImageObject\",\"inLanguage\":\"en-GB\",\"@id\":\"https:\\\/\\\/mistrzowieimprez.pl\\\/produkt\\\/loty-smiglowcem\\\/#primaryimage\",\"url\":\"https:\\\/\\\/mistrzowieimprez.pl\\\/wp-content\\\/uploads\\\/2024\\\/09\\\/Loty-smiglowcem.png\",\"contentUrl\":\"https:\\\/\\\/mistrzowieimprez.pl\\\/wp-content\\\/uploads\\\/2024\\\/09\\\/Loty-smiglowcem.png\",\"width\":1000,\"height\":1000,\"caption\":\"Na zdj\u0119ciu wida\u0107 niebieski \u015bmig\u0142owiec stoj\u0105cy na trawiastym l\u0105dowisku pod pogodnym niebem z chmurami.\"},{\"@type\":\"BreadcrumbList\",\"@id\":\"https:\\\/\\\/mistrzowieimprez.pl\\\/produkt\\\/loty-smiglowcem\\\/#breadcrumb\",\"itemListElement\":[{\"@type\":\"ListItem\",\"position\":1,\"name\":\"Strona g\u0142\u00f3wna\",\"item\":\"https:\\\/\\\/mistrzowieimprez.pl\\\/\"},{\"@type\":\"ListItem\",\"position\":2,\"name\":\"sklep\",\"item\":\"https:\\\/\\\/mistrzowieimprez.pl\\\/sklep\\\/\"},{\"@type\":\"ListItem\",\"position\":3,\"name\":\"Loty \u015bmig\u0142owcem\"}]},{\"@type\":\"WebSite\",\"@id\":\"https:\\\/\\\/mistrzowieimprez.pl\\\/#website\",\"url\":\"https:\\\/\\\/mistrzowieimprez.pl\\\/\",\"name\":\"Mistrzowie Imprez\",\"description\":\"Kompleksowa organizacja imprez\",\"publisher\":{\"@id\":\"https:\\\/\\\/mistrzowieimprez.pl\\\/#organization\"},\"potentialAction\":[{\"@type\":\"SearchAction\",\"target\":{\"@type\":\"EntryPoint\",\"urlTemplate\":\"https:\\\/\\\/mistrzowieimprez.pl\\\/?s={search_term_string}\"},\"query-input\":{\"@type\":\"PropertyValueSpecification\",\"valueRequired\":true,\"valueName\":\"search_term_string\"}}],\"inLanguage\":\"en-GB\"},{\"@type\":\"Organization\",\"@id\":\"https:\\\/\\\/mistrzowieimprez.pl\\\/#organization\",\"name\":\"Mistrzowie Imprez\",\"url\":\"https:\\\/\\\/mistrzowieimprez.pl\\\/\",\"logo\":{\"@type\":\"ImageObject\",\"inLanguage\":\"en-GB\",\"@id\":\"https:\\\/\\\/mistrzowieimprez.pl\\\/#\\\/schema\\\/logo\\\/image\\\/\",\"url\":\"https:\\\/\\\/mistrzowieimprez.pl\\\/wp-content\\\/uploads\\\/2024\\\/08\\\/mistrzowie_imprez_logo_ciemne-tlo@4x.png\",\"contentUrl\":\"https:\\\/\\\/mistrzowieimprez.pl\\\/wp-content\\\/uploads\\\/2024\\\/08\\\/mistrzowie_imprez_logo_ciemne-tlo@4x.png\",\"width\":1318,\"height\":351,\"caption\":\"Mistrzowie Imprez\"},\"image\":{\"@id\":\"https:\\\/\\\/mistrzowieimprez.pl\\\/#\\\/schema\\\/logo\\\/image\\\/\"},\"sameAs\":[\"https:\\\/\\\/www.facebook.com\\\/mistrzowieimprez\",\"https:\\\/\\\/www.instagram.com\\\/mistrzowieimprez\\\/\",\"https:\\\/\\\/www.youtube.com\\\/@ytmistrzowieimprez\"]}]}<\/script>\n<!-- \/ Yoast SEO plugin. -->","yoast_head_json":{"title":"Loty \u015bmig\u0142owcem na eventy \u2013 wynajem helikoptera i loty widokowe","robots":{"index":"index","follow":"follow","max-snippet":"max-snippet:-1","max-image-preview":"max-image-preview:large","max-video-preview":"max-video-preview:-1"},"canonical":"https:\/\/mistrzowieimprez.pl\/en\/product\/loty-smiglowcem\/","og_locale":"en_GB","og_type":"article","og_title":"Loty \u015bmig\u0142owcem na eventy \u2013 wynajem helikoptera i loty widokowe","og_description":"Odwa\u017c si\u0119 na niesamowit\u0105 przygod\u0119 z naszymi lotami \u015bmig\u0142owcem! Ciesz si\u0119 ogromn\u0105 dawk\u0105 adrenaliny, niezapomnianymi widokami i ekscytuj\u0105c\u0105 perspektyw\u0105 z lotu ptaka. Bezpieczne, prowadzone przez do\u015bwiadczonych pilot\u00f3w loty to wyj\u0105tkowy spos\u00f3b na prze\u0142amanie l\u0119k\u00f3w i wyj\u015bcie poza stref\u0119 komfortu.","og_url":"https:\/\/mistrzowieimprez.pl\/en\/product\/loty-smiglowcem\/","og_site_name":"Mistrzowie Imprez","article_publisher":"https:\/\/www.facebook.com\/mistrzowieimprez","article_modified_time":"2026-03-18T08:45:53+00:00","og_image":[{"width":1000,"height":1000,"url":"https:\/\/mistrzowieimprez.pl\/wp-content\/uploads\/2024\/09\/Loty-smiglowcem.png","type":"image\/png"}],"twitter_card":"summary_large_image","twitter_misc":{"Estimated reading time":"1 minute"},"schema":{"@context":"https:\/\/schema.org","@graph":[{"@type":"WebPage","@id":"https:\/\/mistrzowieimprez.pl\/produkt\/loty-smiglowcem\/","url":"https:\/\/mistrzowieimprez.pl\/produkt\/loty-smiglowcem\/","name":"Loty \u015bmig\u0142owcem na eventy \u2013 wynajem helikoptera i loty widokowe","isPartOf":{"@id":"https:\/\/mistrzowieimprez.pl\/#website"},"primaryImageOfPage":{"@id":"https:\/\/mistrzowieimprez.pl\/produkt\/loty-smiglowcem\/#primaryimage"},"image":{"@id":"https:\/\/mistrzowieimprez.pl\/produkt\/loty-smiglowcem\/#primaryimage"},"thumbnailUrl":"https:\/\/mistrzowieimprez.pl\/wp-content\/uploads\/2024\/09\/Loty-smiglowcem.png","datePublished":"2024-09-01T09:07:15+00:00","dateModified":"2026-03-18T08:45:53+00:00","breadcrumb":{"@id":"https:\/\/mistrzowieimprez.pl\/produkt\/loty-smiglowcem\/#breadcrumb"},"inLanguage":"en-GB","potentialAction":[{"@type":"ReadAction","target":["https:\/\/mistrzowieimprez.pl\/produkt\/loty-smiglowcem\/"]}]},{"@type":"ImageObject","inLanguage":"en-GB","@id":"https:\/\/mistrzowieimprez.pl\/produkt\/loty-smiglowcem\/#primaryimage","url":"https:\/\/mistrzowieimprez.pl\/wp-content\/uploads\/2024\/09\/Loty-smiglowcem.png","contentUrl":"https:\/\/mistrzowieimprez.pl\/wp-content\/uploads\/2024\/09\/Loty-smiglowcem.png","width":1000,"height":1000,"caption":"Na zdj\u0119ciu wida\u0107 niebieski \u015bmig\u0142owiec stoj\u0105cy na trawiastym l\u0105dowisku pod pogodnym niebem z chmurami."},{"@type":"BreadcrumbList","@id":"https:\/\/mistrzowieimprez.pl\/produkt\/loty-smiglowcem\/#breadcrumb","itemListElement":[{"@type":"ListItem","position":1,"name":"Strona g\u0142\u00f3wna","item":"https:\/\/mistrzowieimprez.pl\/"},{"@type":"ListItem","position":2,"name":"sklep","item":"https:\/\/mistrzowieimprez.pl\/sklep\/"},{"@type":"ListItem","position":3,"name":"Loty \u015bmig\u0142owcem"}]},{"@type":"WebSite","@id":"https:\/\/mistrzowieimprez.pl\/#website","url":"https:\/\/mistrzowieimprez.pl\/","name":"Mistrzowie Imprez","description":"Kompleksowa organizacja imprez","publisher":{"@id":"https:\/\/mistrzowieimprez.pl\/#organization"},"potentialAction":[{"@type":"SearchAction","target":{"@type":"EntryPoint","urlTemplate":"https:\/\/mistrzowieimprez.pl\/?s={search_term_string}"},"query-input":{"@type":"PropertyValueSpecification","valueRequired":true,"valueName":"search_term_string"}}],"inLanguage":"en-GB"},{"@type":"Organization","@id":"https:\/\/mistrzowieimprez.pl\/#organization","name":"Mistrzowie Imprez","url":"https:\/\/mistrzowieimprez.pl\/","logo":{"@type":"ImageObject","inLanguage":"en-GB","@id":"https:\/\/mistrzowieimprez.pl\/#\/schema\/logo\/image\/","url":"https:\/\/mistrzowieimprez.pl\/wp-content\/uploads\/2024\/08\/mistrzowie_imprez_logo_ciemne-tlo@4x.png","contentUrl":"https:\/\/mistrzowieimprez.pl\/wp-content\/uploads\/2024\/08\/mistrzowie_imprez_logo_ciemne-tlo@4x.png","width":1318,"height":351,"caption":"Mistrzowie Imprez"},"image":{"@id":"https:\/\/mistrzowieimprez.pl\/#\/schema\/logo\/image\/"},"sameAs":["https:\/\/www.facebook.com\/mistrzowieimprez","https:\/\/www.instagram.com\/mistrzowieimprez\/","https:\/\/www.youtube.com\/@ytmistrzowieimprez"]}]}},"_links":{"self":[{"href":"https:\/\/mistrzowieimprez.pl\/en\/wp-json\/wp\/v2\/product\/722","targetHints":{"allow":["GET"]}}],"collection":[{"href":"https:\/\/mistrzowieimprez.pl\/en\/wp-json\/wp\/v2\/product"}],"about":[{"href":"https:\/\/mistrzowieimprez.pl\/en\/wp-json\/wp\/v2\/types\/product"}],"replies":[{"embeddable":true,"href":"https:\/\/mistrzowieimprez.pl\/en\/wp-json\/wp\/v2\/comments?post=722"}],"version-history":[{"count":1,"href":"https:\/\/mistrzowieimprez.pl\/en\/wp-json\/wp\/v2\/product\/722\/revisions"}],"predecessor-version":[{"id":1971,"href":"https:\/\/mistrzowieimprez.pl\/en\/wp-json\/wp\/v2\/product\/722\/revisions\/1971"}],"wp:featuredmedia":[{"embeddable":true,"href":"https:\/\/mistrzowieimprez.pl\/en\/wp-json\/wp\/v2\/media\/1231"}],"wp:attachment":[{"href":"https:\/\/mistrzowieimprez.pl\/en\/wp-json\/wp\/v2\/media?parent=722"}],"wp:term":[{"taxonomy":"product_brand","embeddable":true,"href":"https:\/\/mistrzowieimprez.pl\/en\/wp-json\/wp\/v2\/product_brand?post=722"},{"taxonomy":"product_cat","embeddable":true,"href":"https:\/\/mistrzowieimprez.pl\/en\/wp-json\/wp\/v2\/product_cat?post=722"},{"taxonomy":"product_tag","embeddable":true,"href":"https:\/\/mistrzowieimprez.pl\/en\/wp-json\/wp\/v2\/product_tag?post=722"}],"curies":[{"name":"wp","href":"https:\/\/api.w.org\/{rel}","templated":true}]}}