{"id":721,"date":"2024-09-01T09:07:15","date_gmt":"2024-09-01T09:07:15","guid":{"rendered":"https:\/\/mistrzowieimprez.pl\/produkt\/lot-balonem\/"},"modified":"2026-03-18T08:45:23","modified_gmt":"2026-03-18T08:45:23","slug":"lot-balonem","status":"publish","type":"product","link":"https:\/\/mistrzowieimprez.pl\/en\/product\/lot-balonem\/","title":{"rendered":"Lot Balonem"},"content":{"rendered":"<p>Wzniesienie si\u0119 w powietrze na pok\u0142adzie naszego balonu to niezapomniane do\u015bwiadczenie, kt\u00f3re dostarczy Ci niesamowitych emocji i pi\u0119knych widok\u00f3w! Lot balonem to idealna atrakcja na ka\u017cde wydarzenie, kt\u00f3re z pewno\u015bci\u0105 wzbudzi u\u015bmiech na twarzy ka\u017cdego uczestnika. To nie tylko przygoda, ale tak\u017ce okazja do prze\u017cycia czego\u015b wyj\u0105tkowego, czego nie da si\u0119 do\u015bwiadczy\u0107 na co dzie\u0144.<\/p>\n<ul>\n<li>Lot balonem trwa oko\u0142o 60 minut.<\/li>\n<li>Mo\u017cliwo\u015b\u0107 lotu dla grup do 10 os\u00f3b.<\/li>\n<li>Profesjonalni piloci z wieloletnim do\u015bwiadczeniem.<\/li>\n<\/ul>\n<ul>\n<li>Do\u015bwiadcz niesamowitej przygody i podziwiaj pi\u0119kne widoki z g\u00f3ry.<\/li>\n<li>Stw\u00f3rz niezapomniane wspomnienia z przyjaci\u00f3\u0142mi lub rodzin\u0105.<\/li>\n<li>Poczuj dreszcz emocji i adrenalin\u0119 podczas lotu balonem.<\/li>\n<\/ul>\n<p><strong>Chcesz prze\u017cy\u0107 niesamowit\u0105 przygod\u0119 i stworzy\u0107 niezapomniane wspomnienia? Dodaj lot balonem do swojego zapytania o wycen\u0119!<\/strong><\/p>","protected":false},"excerpt":{"rendered":"<p>Zapewniamy niesamowite do\u015bwiadczenie lotu balonem, kt\u00f3re dostarczy Ci niezapomnianych emocji i pi\u0119knych widok\u00f3w! Ta atrakcja to nie tylko przygoda, ale tak\u017ce okazja do prze\u017cycia czego\u015b wyj\u0105tkowego. Wzniesienie si\u0119 w powietrze na pok\u0142adzie naszego balonu to niezapomniane do\u015bwiadczenie, kt\u00f3re z pewno\u015bci\u0105 dostarczy Ci niesamowitych emocji i pi\u0119knych widok\u00f3w!<\/p>","protected":false},"featured_media":1229,"comment_status":"closed","ping_status":"closed","template":"","meta":{"_acf_changed":false},"product_brand":[],"product_cat":[80,84],"product_tag":[],"class_list":{"0":"post-721","1":"product","2":"type-product","3":"status-publish","4":"has-post-thumbnail","6":"product_cat-dla-mlodziezy-i-doroslych","7":"product_cat-na-wysokosci","9":"first","10":"instock","11":"downloadable","12":"virtual","13":"purchasable","14":"product-type-simple"},"acf":[],"yoast_head":"<!-- This site is optimized with the Yoast SEO plugin v27.5 - https:\/\/yoast.com\/product\/yoast-seo-wordpress\/ -->\n<title>Loty balonem na eventy \u2013 wynajem balonu dla grup i firm<\/title>\n<meta name=\"robots\" content=\"index, follow, max-snippet:-1, max-image-preview:large, max-video-preview:-1\" \/>\n<link rel=\"canonical\" href=\"https:\/\/mistrzowieimprez.pl\/en\/product\/lot-balonem\/\" \/>\n<meta property=\"og:locale\" content=\"en_GB\" \/>\n<meta property=\"og:type\" content=\"article\" \/>\n<meta property=\"og:title\" content=\"Loty balonem na eventy \u2013 wynajem balonu dla grup i firm\" \/>\n<meta property=\"og:description\" content=\"Zapewniamy niesamowite do\u015bwiadczenie lotu balonem, kt\u00f3re dostarczy Ci niezapomnianych emocji i pi\u0119knych widok\u00f3w! Ta atrakcja to nie tylko przygoda, ale tak\u017ce okazja do prze\u017cycia czego\u015b wyj\u0105tkowego. Wzniesienie si\u0119 w powietrze na pok\u0142adzie naszego balonu to niezapomniane do\u015bwiadczenie, kt\u00f3re z pewno\u015bci\u0105 dostarczy Ci niesamowitych emocji i pi\u0119knych widok\u00f3w!\" \/>\n<meta property=\"og:url\" content=\"https:\/\/mistrzowieimprez.pl\/en\/product\/lot-balonem\/\" \/>\n<meta property=\"og:site_name\" content=\"Mistrzowie Imprez\" \/>\n<meta property=\"article:publisher\" content=\"https:\/\/www.facebook.com\/mistrzowieimprez\" \/>\n<meta property=\"article:modified_time\" content=\"2026-03-18T08:45:23+00:00\" \/>\n<meta property=\"og:image\" content=\"https:\/\/mistrzowieimprez.pl\/wp-content\/uploads\/2024\/09\/Lot-Balonem.png\" \/>\n\t<meta property=\"og:image:width\" content=\"1000\" \/>\n\t<meta property=\"og:image:height\" content=\"1000\" \/>\n\t<meta property=\"og:image:type\" content=\"image\/png\" \/>\n<meta name=\"twitter:card\" content=\"summary_large_image\" \/>\n<meta name=\"twitter:label1\" content=\"Estimated reading time\" \/>\n\t<meta name=\"twitter:data1\" content=\"1 minute\" \/>\n<script type=\"application\/ld+json\" class=\"yoast-schema-graph\">{\"@context\":\"https:\\\/\\\/schema.org\",\"@graph\":[{\"@type\":\"WebPage\",\"@id\":\"https:\\\/\\\/mistrzowieimprez.pl\\\/produkt\\\/lot-balonem\\\/\",\"url\":\"https:\\\/\\\/mistrzowieimprez.pl\\\/produkt\\\/lot-balonem\\\/\",\"name\":\"Loty balonem na eventy \u2013 wynajem balonu dla grup i firm\",\"isPartOf\":{\"@id\":\"https:\\\/\\\/mistrzowieimprez.pl\\\/#website\"},\"primaryImageOfPage\":{\"@id\":\"https:\\\/\\\/mistrzowieimprez.pl\\\/produkt\\\/lot-balonem\\\/#primaryimage\"},\"image\":{\"@id\":\"https:\\\/\\\/mistrzowieimprez.pl\\\/produkt\\\/lot-balonem\\\/#primaryimage\"},\"thumbnailUrl\":\"https:\\\/\\\/mistrzowieimprez.pl\\\/wp-content\\\/uploads\\\/2024\\\/09\\\/Lot-Balonem.png\",\"datePublished\":\"2024-09-01T09:07:15+00:00\",\"dateModified\":\"2026-03-18T08:45:23+00:00\",\"breadcrumb\":{\"@id\":\"https:\\\/\\\/mistrzowieimprez.pl\\\/produkt\\\/lot-balonem\\\/#breadcrumb\"},\"inLanguage\":\"en-GB\",\"potentialAction\":[{\"@type\":\"ReadAction\",\"target\":[\"https:\\\/\\\/mistrzowieimprez.pl\\\/produkt\\\/lot-balonem\\\/\"]}]},{\"@type\":\"ImageObject\",\"inLanguage\":\"en-GB\",\"@id\":\"https:\\\/\\\/mistrzowieimprez.pl\\\/produkt\\\/lot-balonem\\\/#primaryimage\",\"url\":\"https:\\\/\\\/mistrzowieimprez.pl\\\/wp-content\\\/uploads\\\/2024\\\/09\\\/Lot-Balonem.png\",\"contentUrl\":\"https:\\\/\\\/mistrzowieimprez.pl\\\/wp-content\\\/uploads\\\/2024\\\/09\\\/Lot-Balonem.png\",\"width\":1000,\"height\":1000,\"caption\":\"Na zdj\u0119ciu widoczny jest kolorowy balon na ogrzane powietrze przygotowywany do lotu na tle zielonego krajobrazu.\"},{\"@type\":\"BreadcrumbList\",\"@id\":\"https:\\\/\\\/mistrzowieimprez.pl\\\/produkt\\\/lot-balonem\\\/#breadcrumb\",\"itemListElement\":[{\"@type\":\"ListItem\",\"position\":1,\"name\":\"Strona g\u0142\u00f3wna\",\"item\":\"https:\\\/\\\/mistrzowieimprez.pl\\\/\"},{\"@type\":\"ListItem\",\"position\":2,\"name\":\"sklep\",\"item\":\"https:\\\/\\\/mistrzowieimprez.pl\\\/sklep\\\/\"},{\"@type\":\"ListItem\",\"position\":3,\"name\":\"Lot Balonem\"}]},{\"@type\":\"WebSite\",\"@id\":\"https:\\\/\\\/mistrzowieimprez.pl\\\/#website\",\"url\":\"https:\\\/\\\/mistrzowieimprez.pl\\\/\",\"name\":\"Mistrzowie Imprez\",\"description\":\"Kompleksowa organizacja imprez\",\"publisher\":{\"@id\":\"https:\\\/\\\/mistrzowieimprez.pl\\\/#organization\"},\"potentialAction\":[{\"@type\":\"SearchAction\",\"target\":{\"@type\":\"EntryPoint\",\"urlTemplate\":\"https:\\\/\\\/mistrzowieimprez.pl\\\/?s={search_term_string}\"},\"query-input\":{\"@type\":\"PropertyValueSpecification\",\"valueRequired\":true,\"valueName\":\"search_term_string\"}}],\"inLanguage\":\"en-GB\"},{\"@type\":\"Organization\",\"@id\":\"https:\\\/\\\/mistrzowieimprez.pl\\\/#organization\",\"name\":\"Mistrzowie Imprez\",\"url\":\"https:\\\/\\\/mistrzowieimprez.pl\\\/\",\"logo\":{\"@type\":\"ImageObject\",\"inLanguage\":\"en-GB\",\"@id\":\"https:\\\/\\\/mistrzowieimprez.pl\\\/#\\\/schema\\\/logo\\\/image\\\/\",\"url\":\"https:\\\/\\\/mistrzowieimprez.pl\\\/wp-content\\\/uploads\\\/2024\\\/08\\\/mistrzowie_imprez_logo_ciemne-tlo@4x.png\",\"contentUrl\":\"https:\\\/\\\/mistrzowieimprez.pl\\\/wp-content\\\/uploads\\\/2024\\\/08\\\/mistrzowie_imprez_logo_ciemne-tlo@4x.png\",\"width\":1318,\"height\":351,\"caption\":\"Mistrzowie Imprez\"},\"image\":{\"@id\":\"https:\\\/\\\/mistrzowieimprez.pl\\\/#\\\/schema\\\/logo\\\/image\\\/\"},\"sameAs\":[\"https:\\\/\\\/www.facebook.com\\\/mistrzowieimprez\",\"https:\\\/\\\/www.instagram.com\\\/mistrzowieimprez\\\/\",\"https:\\\/\\\/www.youtube.com\\\/@ytmistrzowieimprez\"]}]}<\/script>\n<!-- \/ Yoast SEO plugin. -->","yoast_head_json":{"title":"Loty balonem na eventy \u2013 wynajem balonu dla grup i firm","robots":{"index":"index","follow":"follow","max-snippet":"max-snippet:-1","max-image-preview":"max-image-preview:large","max-video-preview":"max-video-preview:-1"},"canonical":"https:\/\/mistrzowieimprez.pl\/en\/product\/lot-balonem\/","og_locale":"en_GB","og_type":"article","og_title":"Loty balonem na eventy \u2013 wynajem balonu dla grup i firm","og_description":"Zapewniamy niesamowite do\u015bwiadczenie lotu balonem, kt\u00f3re dostarczy Ci niezapomnianych emocji i pi\u0119knych widok\u00f3w! Ta atrakcja to nie tylko przygoda, ale tak\u017ce okazja do prze\u017cycia czego\u015b wyj\u0105tkowego. Wzniesienie si\u0119 w powietrze na pok\u0142adzie naszego balonu to niezapomniane do\u015bwiadczenie, kt\u00f3re z pewno\u015bci\u0105 dostarczy Ci niesamowitych emocji i pi\u0119knych widok\u00f3w!","og_url":"https:\/\/mistrzowieimprez.pl\/en\/product\/lot-balonem\/","og_site_name":"Mistrzowie Imprez","article_publisher":"https:\/\/www.facebook.com\/mistrzowieimprez","article_modified_time":"2026-03-18T08:45:23+00:00","og_image":[{"width":1000,"height":1000,"url":"https:\/\/mistrzowieimprez.pl\/wp-content\/uploads\/2024\/09\/Lot-Balonem.png","type":"image\/png"}],"twitter_card":"summary_large_image","twitter_misc":{"Estimated reading time":"1 minute"},"schema":{"@context":"https:\/\/schema.org","@graph":[{"@type":"WebPage","@id":"https:\/\/mistrzowieimprez.pl\/produkt\/lot-balonem\/","url":"https:\/\/mistrzowieimprez.pl\/produkt\/lot-balonem\/","name":"Loty balonem na eventy \u2013 wynajem balonu dla grup i firm","isPartOf":{"@id":"https:\/\/mistrzowieimprez.pl\/#website"},"primaryImageOfPage":{"@id":"https:\/\/mistrzowieimprez.pl\/produkt\/lot-balonem\/#primaryimage"},"image":{"@id":"https:\/\/mistrzowieimprez.pl\/produkt\/lot-balonem\/#primaryimage"},"thumbnailUrl":"https:\/\/mistrzowieimprez.pl\/wp-content\/uploads\/2024\/09\/Lot-Balonem.png","datePublished":"2024-09-01T09:07:15+00:00","dateModified":"2026-03-18T08:45:23+00:00","breadcrumb":{"@id":"https:\/\/mistrzowieimprez.pl\/produkt\/lot-balonem\/#breadcrumb"},"inLanguage":"en-GB","potentialAction":[{"@type":"ReadAction","target":["https:\/\/mistrzowieimprez.pl\/produkt\/lot-balonem\/"]}]},{"@type":"ImageObject","inLanguage":"en-GB","@id":"https:\/\/mistrzowieimprez.pl\/produkt\/lot-balonem\/#primaryimage","url":"https:\/\/mistrzowieimprez.pl\/wp-content\/uploads\/2024\/09\/Lot-Balonem.png","contentUrl":"https:\/\/mistrzowieimprez.pl\/wp-content\/uploads\/2024\/09\/Lot-Balonem.png","width":1000,"height":1000,"caption":"Na zdj\u0119ciu widoczny jest kolorowy balon na ogrzane powietrze przygotowywany do lotu na tle zielonego krajobrazu."},{"@type":"BreadcrumbList","@id":"https:\/\/mistrzowieimprez.pl\/produkt\/lot-balonem\/#breadcrumb","itemListElement":[{"@type":"ListItem","position":1,"name":"Strona g\u0142\u00f3wna","item":"https:\/\/mistrzowieimprez.pl\/"},{"@type":"ListItem","position":2,"name":"sklep","item":"https:\/\/mistrzowieimprez.pl\/sklep\/"},{"@type":"ListItem","position":3,"name":"Lot Balonem"}]},{"@type":"WebSite","@id":"https:\/\/mistrzowieimprez.pl\/#website","url":"https:\/\/mistrzowieimprez.pl\/","name":"Mistrzowie Imprez","description":"Kompleksowa organizacja imprez","publisher":{"@id":"https:\/\/mistrzowieimprez.pl\/#organization"},"potentialAction":[{"@type":"SearchAction","target":{"@type":"EntryPoint","urlTemplate":"https:\/\/mistrzowieimprez.pl\/?s={search_term_string}"},"query-input":{"@type":"PropertyValueSpecification","valueRequired":true,"valueName":"search_term_string"}}],"inLanguage":"en-GB"},{"@type":"Organization","@id":"https:\/\/mistrzowieimprez.pl\/#organization","name":"Mistrzowie Imprez","url":"https:\/\/mistrzowieimprez.pl\/","logo":{"@type":"ImageObject","inLanguage":"en-GB","@id":"https:\/\/mistrzowieimprez.pl\/#\/schema\/logo\/image\/","url":"https:\/\/mistrzowieimprez.pl\/wp-content\/uploads\/2024\/08\/mistrzowie_imprez_logo_ciemne-tlo@4x.png","contentUrl":"https:\/\/mistrzowieimprez.pl\/wp-content\/uploads\/2024\/08\/mistrzowie_imprez_logo_ciemne-tlo@4x.png","width":1318,"height":351,"caption":"Mistrzowie Imprez"},"image":{"@id":"https:\/\/mistrzowieimprez.pl\/#\/schema\/logo\/image\/"},"sameAs":["https:\/\/www.facebook.com\/mistrzowieimprez","https:\/\/www.instagram.com\/mistrzowieimprez\/","https:\/\/www.youtube.com\/@ytmistrzowieimprez"]}]}},"_links":{"self":[{"href":"https:\/\/mistrzowieimprez.pl\/en\/wp-json\/wp\/v2\/product\/721","targetHints":{"allow":["GET"]}}],"collection":[{"href":"https:\/\/mistrzowieimprez.pl\/en\/wp-json\/wp\/v2\/product"}],"about":[{"href":"https:\/\/mistrzowieimprez.pl\/en\/wp-json\/wp\/v2\/types\/product"}],"replies":[{"embeddable":true,"href":"https:\/\/mistrzowieimprez.pl\/en\/wp-json\/wp\/v2\/comments?post=721"}],"version-history":[{"count":1,"href":"https:\/\/mistrzowieimprez.pl\/en\/wp-json\/wp\/v2\/product\/721\/revisions"}],"predecessor-version":[{"id":3534,"href":"https:\/\/mistrzowieimprez.pl\/en\/wp-json\/wp\/v2\/product\/721\/revisions\/3534"}],"wp:featuredmedia":[{"embeddable":true,"href":"https:\/\/mistrzowieimprez.pl\/en\/wp-json\/wp\/v2\/media\/1229"}],"wp:attachment":[{"href":"https:\/\/mistrzowieimprez.pl\/en\/wp-json\/wp\/v2\/media?parent=721"}],"wp:term":[{"taxonomy":"product_brand","embeddable":true,"href":"https:\/\/mistrzowieimprez.pl\/en\/wp-json\/wp\/v2\/product_brand?post=721"},{"taxonomy":"product_cat","embeddable":true,"href":"https:\/\/mistrzowieimprez.pl\/en\/wp-json\/wp\/v2\/product_cat?post=721"},{"taxonomy":"product_tag","embeddable":true,"href":"https:\/\/mistrzowieimprez.pl\/en\/wp-json\/wp\/v2\/product_tag?post=721"}],"curies":[{"name":"wp","href":"https:\/\/api.w.org\/{rel}","templated":true}]}}