{"id":717,"date":"2024-09-01T09:07:13","date_gmt":"2024-09-01T09:07:13","guid":{"rendered":"https:\/\/mistrzowieimprez.pl\/produkt\/kolo-wrazen\/"},"modified":"2026-03-18T09:01:21","modified_gmt":"2026-03-18T09:01:21","slug":"kolo-wrazen","status":"publish","type":"product","link":"https:\/\/mistrzowieimprez.pl\/en\/product\/kolo-wrazen\/","title":{"rendered":"Ko\u0142o Wra\u017ce\u0144"},"content":{"rendered":"<p>Zanurz si\u0119 w niesamowite do\u015bwiadczenie z naszym Ko\u0142em Wra\u017ce\u0144! To nie tylko kolejna atrakcja, to prawdziwe wyzwanie dla twojej odwagi i r\u00f3wnowagi. Wypr\u00f3buj swoje umiej\u0119tno\u015bci i daj si\u0119 porwa\u0107 ekscytuj\u0105cej zabawie, kt\u00f3ra na pewno zrobi wra\u017cenie na twoich go\u015bciach!<\/p>\n<ul>\n<li>Stabilna konstrukcja zapewniaj\u0105ca bezpiecze\u0144stwo i trwa\u0142o\u015b\u0107<\/li>\n<li>Mo\u017cliwo\u015b\u0107 regulacji pr\u0119dko\u015bci dla r\u00f3\u017cnych poziom\u00f3w umiej\u0119tno\u015bci<\/li>\n<li>Wielko\u015b\u0107 atrakcji pozwala na jednoczesne uczestnictwo kilku os\u00f3b<\/li>\n<\/ul>\n<ul>\n<li>Unikalna zabawa i ekscytuj\u0105ce do\u015bwiadczenia<\/li>\n<li>Rozwija umiej\u0119tno\u015bci r\u00f3wnowagi i koordynacji<\/li>\n<li>\u015awietna okazja do integracji i rywalizacji w zabawie<\/li>\n<\/ul>\n<p>Gotowy na wyzwanie? Dodaj Ko\u0142o Wra\u017ce\u0144 do swojego zapytania ofertowego ju\u017c teraz!<\/p>","protected":false},"excerpt":{"rendered":"<p>Przygotuj si\u0119 na niesamowite do\u015bwiadczenie z naszym Ko\u0142em Wra\u017ce\u0144! Ta unikalna atrakcja to prawdziwe wyzwanie dla twojej odwagi i r\u00f3wnowagi, oferuj\u0105c niezapomnian\u0105 zabaw\u0119 i ekscytuj\u0105ce do\u015bwiadczenia. Idealna do integracji i rywalizacji, to doskona\u0142y wyb\u00f3r na ka\u017cd\u0105 imprez\u0119.<\/p>","protected":false},"featured_media":137,"comment_status":"closed","ping_status":"closed","template":"","meta":{"_acf_changed":false},"product_brand":[],"product_cat":[80,84],"product_tag":[],"class_list":{"0":"post-717","1":"product","2":"type-product","3":"status-publish","4":"has-post-thumbnail","6":"product_cat-dla-mlodziezy-i-doroslych","7":"product_cat-na-wysokosci","9":"first","10":"instock","11":"downloadable","12":"virtual","13":"purchasable","14":"product-type-simple"},"acf":[],"yoast_head":"<!-- This site is optimized with the Yoast SEO plugin v27.5 - https:\/\/yoast.com\/product\/yoast-seo-wordpress\/ -->\n<title>Ko\u0142o wra\u017ce\u0144: sprawd\u017a swoj\u0105 r\u00f3wnowag\u0119 i odwag\u0119 na evencie<\/title>\n<meta name=\"robots\" content=\"index, follow, max-snippet:-1, max-image-preview:large, max-video-preview:-1\" \/>\n<link rel=\"canonical\" href=\"https:\/\/mistrzowieimprez.pl\/en\/product\/kolo-wrazen\/\" \/>\n<meta property=\"og:locale\" content=\"en_GB\" \/>\n<meta property=\"og:type\" content=\"article\" \/>\n<meta property=\"og:title\" content=\"Ko\u0142o wra\u017ce\u0144: sprawd\u017a swoj\u0105 r\u00f3wnowag\u0119 i odwag\u0119 na evencie\" \/>\n<meta property=\"og:description\" content=\"Przygotuj si\u0119 na niesamowite do\u015bwiadczenie z naszym Ko\u0142em Wra\u017ce\u0144! Ta unikalna atrakcja to prawdziwe wyzwanie dla twojej odwagi i r\u00f3wnowagi, oferuj\u0105c niezapomnian\u0105 zabaw\u0119 i ekscytuj\u0105ce do\u015bwiadczenia. Idealna do integracji i rywalizacji, to doskona\u0142y wyb\u00f3r na ka\u017cd\u0105 imprez\u0119.\" \/>\n<meta property=\"og:url\" content=\"https:\/\/mistrzowieimprez.pl\/en\/product\/kolo-wrazen\/\" \/>\n<meta property=\"og:site_name\" content=\"Mistrzowie Imprez\" \/>\n<meta property=\"article:publisher\" content=\"https:\/\/www.facebook.com\/mistrzowieimprez\" \/>\n<meta property=\"article:modified_time\" content=\"2026-03-18T09:01:21+00:00\" \/>\n<meta property=\"og:image\" content=\"https:\/\/mistrzowieimprez.pl\/wp-content\/uploads\/2024\/08\/kolo-wrazen-1-e1709039334472.jpg\" \/>\n\t<meta property=\"og:image:width\" content=\"1024\" \/>\n\t<meta property=\"og:image:height\" content=\"682\" \/>\n\t<meta property=\"og:image:type\" content=\"image\/jpeg\" \/>\n<meta name=\"twitter:card\" content=\"summary_large_image\" \/>\n<meta name=\"twitter:label1\" content=\"Estimated reading time\" \/>\n\t<meta name=\"twitter:data1\" content=\"1 minute\" \/>\n<script type=\"application\/ld+json\" class=\"yoast-schema-graph\">{\"@context\":\"https:\\\/\\\/schema.org\",\"@graph\":[{\"@type\":\"WebPage\",\"@id\":\"https:\\\/\\\/mistrzowieimprez.pl\\\/produkt\\\/kolo-wrazen\\\/\",\"url\":\"https:\\\/\\\/mistrzowieimprez.pl\\\/produkt\\\/kolo-wrazen\\\/\",\"name\":\"Ko\u0142o wra\u017ce\u0144: sprawd\u017a swoj\u0105 r\u00f3wnowag\u0119 i odwag\u0119 na evencie\",\"isPartOf\":{\"@id\":\"https:\\\/\\\/mistrzowieimprez.pl\\\/#website\"},\"primaryImageOfPage\":{\"@id\":\"https:\\\/\\\/mistrzowieimprez.pl\\\/produkt\\\/kolo-wrazen\\\/#primaryimage\"},\"image\":{\"@id\":\"https:\\\/\\\/mistrzowieimprez.pl\\\/produkt\\\/kolo-wrazen\\\/#primaryimage\"},\"thumbnailUrl\":\"https:\\\/\\\/mistrzowieimprez.pl\\\/wp-content\\\/uploads\\\/2024\\\/08\\\/kolo-wrazen-1-e1709039334472.jpg\",\"datePublished\":\"2024-09-01T09:07:13+00:00\",\"dateModified\":\"2026-03-18T09:01:21+00:00\",\"breadcrumb\":{\"@id\":\"https:\\\/\\\/mistrzowieimprez.pl\\\/produkt\\\/kolo-wrazen\\\/#breadcrumb\"},\"inLanguage\":\"en-GB\",\"potentialAction\":[{\"@type\":\"ReadAction\",\"target\":[\"https:\\\/\\\/mistrzowieimprez.pl\\\/produkt\\\/kolo-wrazen\\\/\"]}]},{\"@type\":\"ImageObject\",\"inLanguage\":\"en-GB\",\"@id\":\"https:\\\/\\\/mistrzowieimprez.pl\\\/produkt\\\/kolo-wrazen\\\/#primaryimage\",\"url\":\"https:\\\/\\\/mistrzowieimprez.pl\\\/wp-content\\\/uploads\\\/2024\\\/08\\\/kolo-wrazen-1-e1709039334472.jpg\",\"contentUrl\":\"https:\\\/\\\/mistrzowieimprez.pl\\\/wp-content\\\/uploads\\\/2024\\\/08\\\/kolo-wrazen-1-e1709039334472.jpg\",\"width\":1024,\"height\":682,\"caption\":\"Osoba stoi wewn\u0105trz du\u017cego metalowego pier\u015bcienia unoszonego przez d\u017awig na tle nieba, co mo\u017ce by\u0107 cz\u0119\u015bci\u0105 pokazu lub atrakcji na \u015bwie\u017cym powietrzu organizowanej przez grup\u0119 eventow\u0105.\"},{\"@type\":\"BreadcrumbList\",\"@id\":\"https:\\\/\\\/mistrzowieimprez.pl\\\/produkt\\\/kolo-wrazen\\\/#breadcrumb\",\"itemListElement\":[{\"@type\":\"ListItem\",\"position\":1,\"name\":\"Strona g\u0142\u00f3wna\",\"item\":\"https:\\\/\\\/mistrzowieimprez.pl\\\/\"},{\"@type\":\"ListItem\",\"position\":2,\"name\":\"sklep\",\"item\":\"https:\\\/\\\/mistrzowieimprez.pl\\\/sklep\\\/\"},{\"@type\":\"ListItem\",\"position\":3,\"name\":\"Ko\u0142o Wra\u017ce\u0144\"}]},{\"@type\":\"WebSite\",\"@id\":\"https:\\\/\\\/mistrzowieimprez.pl\\\/#website\",\"url\":\"https:\\\/\\\/mistrzowieimprez.pl\\\/\",\"name\":\"Mistrzowie Imprez\",\"description\":\"Kompleksowa organizacja imprez\",\"publisher\":{\"@id\":\"https:\\\/\\\/mistrzowieimprez.pl\\\/#organization\"},\"potentialAction\":[{\"@type\":\"SearchAction\",\"target\":{\"@type\":\"EntryPoint\",\"urlTemplate\":\"https:\\\/\\\/mistrzowieimprez.pl\\\/?s={search_term_string}\"},\"query-input\":{\"@type\":\"PropertyValueSpecification\",\"valueRequired\":true,\"valueName\":\"search_term_string\"}}],\"inLanguage\":\"en-GB\"},{\"@type\":\"Organization\",\"@id\":\"https:\\\/\\\/mistrzowieimprez.pl\\\/#organization\",\"name\":\"Mistrzowie Imprez\",\"url\":\"https:\\\/\\\/mistrzowieimprez.pl\\\/\",\"logo\":{\"@type\":\"ImageObject\",\"inLanguage\":\"en-GB\",\"@id\":\"https:\\\/\\\/mistrzowieimprez.pl\\\/#\\\/schema\\\/logo\\\/image\\\/\",\"url\":\"https:\\\/\\\/mistrzowieimprez.pl\\\/wp-content\\\/uploads\\\/2024\\\/08\\\/mistrzowie_imprez_logo_ciemne-tlo@4x.png\",\"contentUrl\":\"https:\\\/\\\/mistrzowieimprez.pl\\\/wp-content\\\/uploads\\\/2024\\\/08\\\/mistrzowie_imprez_logo_ciemne-tlo@4x.png\",\"width\":1318,\"height\":351,\"caption\":\"Mistrzowie Imprez\"},\"image\":{\"@id\":\"https:\\\/\\\/mistrzowieimprez.pl\\\/#\\\/schema\\\/logo\\\/image\\\/\"},\"sameAs\":[\"https:\\\/\\\/www.facebook.com\\\/mistrzowieimprez\",\"https:\\\/\\\/www.instagram.com\\\/mistrzowieimprez\\\/\",\"https:\\\/\\\/www.youtube.com\\\/@ytmistrzowieimprez\"]}]}<\/script>\n<!-- \/ Yoast SEO plugin. -->","yoast_head_json":{"title":"Ko\u0142o wra\u017ce\u0144: sprawd\u017a swoj\u0105 r\u00f3wnowag\u0119 i odwag\u0119 na evencie","robots":{"index":"index","follow":"follow","max-snippet":"max-snippet:-1","max-image-preview":"max-image-preview:large","max-video-preview":"max-video-preview:-1"},"canonical":"https:\/\/mistrzowieimprez.pl\/en\/product\/kolo-wrazen\/","og_locale":"en_GB","og_type":"article","og_title":"Ko\u0142o wra\u017ce\u0144: sprawd\u017a swoj\u0105 r\u00f3wnowag\u0119 i odwag\u0119 na evencie","og_description":"Przygotuj si\u0119 na niesamowite do\u015bwiadczenie z naszym Ko\u0142em Wra\u017ce\u0144! Ta unikalna atrakcja to prawdziwe wyzwanie dla twojej odwagi i r\u00f3wnowagi, oferuj\u0105c niezapomnian\u0105 zabaw\u0119 i ekscytuj\u0105ce do\u015bwiadczenia. Idealna do integracji i rywalizacji, to doskona\u0142y wyb\u00f3r na ka\u017cd\u0105 imprez\u0119.","og_url":"https:\/\/mistrzowieimprez.pl\/en\/product\/kolo-wrazen\/","og_site_name":"Mistrzowie Imprez","article_publisher":"https:\/\/www.facebook.com\/mistrzowieimprez","article_modified_time":"2026-03-18T09:01:21+00:00","og_image":[{"width":1024,"height":682,"url":"https:\/\/mistrzowieimprez.pl\/wp-content\/uploads\/2024\/08\/kolo-wrazen-1-e1709039334472.jpg","type":"image\/jpeg"}],"twitter_card":"summary_large_image","twitter_misc":{"Estimated reading time":"1 minute"},"schema":{"@context":"https:\/\/schema.org","@graph":[{"@type":"WebPage","@id":"https:\/\/mistrzowieimprez.pl\/produkt\/kolo-wrazen\/","url":"https:\/\/mistrzowieimprez.pl\/produkt\/kolo-wrazen\/","name":"Ko\u0142o wra\u017ce\u0144: sprawd\u017a swoj\u0105 r\u00f3wnowag\u0119 i odwag\u0119 na evencie","isPartOf":{"@id":"https:\/\/mistrzowieimprez.pl\/#website"},"primaryImageOfPage":{"@id":"https:\/\/mistrzowieimprez.pl\/produkt\/kolo-wrazen\/#primaryimage"},"image":{"@id":"https:\/\/mistrzowieimprez.pl\/produkt\/kolo-wrazen\/#primaryimage"},"thumbnailUrl":"https:\/\/mistrzowieimprez.pl\/wp-content\/uploads\/2024\/08\/kolo-wrazen-1-e1709039334472.jpg","datePublished":"2024-09-01T09:07:13+00:00","dateModified":"2026-03-18T09:01:21+00:00","breadcrumb":{"@id":"https:\/\/mistrzowieimprez.pl\/produkt\/kolo-wrazen\/#breadcrumb"},"inLanguage":"en-GB","potentialAction":[{"@type":"ReadAction","target":["https:\/\/mistrzowieimprez.pl\/produkt\/kolo-wrazen\/"]}]},{"@type":"ImageObject","inLanguage":"en-GB","@id":"https:\/\/mistrzowieimprez.pl\/produkt\/kolo-wrazen\/#primaryimage","url":"https:\/\/mistrzowieimprez.pl\/wp-content\/uploads\/2024\/08\/kolo-wrazen-1-e1709039334472.jpg","contentUrl":"https:\/\/mistrzowieimprez.pl\/wp-content\/uploads\/2024\/08\/kolo-wrazen-1-e1709039334472.jpg","width":1024,"height":682,"caption":"Osoba stoi wewn\u0105trz du\u017cego metalowego pier\u015bcienia unoszonego przez d\u017awig na tle nieba, co mo\u017ce by\u0107 cz\u0119\u015bci\u0105 pokazu lub atrakcji na \u015bwie\u017cym powietrzu organizowanej przez grup\u0119 eventow\u0105."},{"@type":"BreadcrumbList","@id":"https:\/\/mistrzowieimprez.pl\/produkt\/kolo-wrazen\/#breadcrumb","itemListElement":[{"@type":"ListItem","position":1,"name":"Strona g\u0142\u00f3wna","item":"https:\/\/mistrzowieimprez.pl\/"},{"@type":"ListItem","position":2,"name":"sklep","item":"https:\/\/mistrzowieimprez.pl\/sklep\/"},{"@type":"ListItem","position":3,"name":"Ko\u0142o Wra\u017ce\u0144"}]},{"@type":"WebSite","@id":"https:\/\/mistrzowieimprez.pl\/#website","url":"https:\/\/mistrzowieimprez.pl\/","name":"Mistrzowie Imprez","description":"Kompleksowa organizacja imprez","publisher":{"@id":"https:\/\/mistrzowieimprez.pl\/#organization"},"potentialAction":[{"@type":"SearchAction","target":{"@type":"EntryPoint","urlTemplate":"https:\/\/mistrzowieimprez.pl\/?s={search_term_string}"},"query-input":{"@type":"PropertyValueSpecification","valueRequired":true,"valueName":"search_term_string"}}],"inLanguage":"en-GB"},{"@type":"Organization","@id":"https:\/\/mistrzowieimprez.pl\/#organization","name":"Mistrzowie Imprez","url":"https:\/\/mistrzowieimprez.pl\/","logo":{"@type":"ImageObject","inLanguage":"en-GB","@id":"https:\/\/mistrzowieimprez.pl\/#\/schema\/logo\/image\/","url":"https:\/\/mistrzowieimprez.pl\/wp-content\/uploads\/2024\/08\/mistrzowie_imprez_logo_ciemne-tlo@4x.png","contentUrl":"https:\/\/mistrzowieimprez.pl\/wp-content\/uploads\/2024\/08\/mistrzowie_imprez_logo_ciemne-tlo@4x.png","width":1318,"height":351,"caption":"Mistrzowie Imprez"},"image":{"@id":"https:\/\/mistrzowieimprez.pl\/#\/schema\/logo\/image\/"},"sameAs":["https:\/\/www.facebook.com\/mistrzowieimprez","https:\/\/www.instagram.com\/mistrzowieimprez\/","https:\/\/www.youtube.com\/@ytmistrzowieimprez"]}]}},"_links":{"self":[{"href":"https:\/\/mistrzowieimprez.pl\/en\/wp-json\/wp\/v2\/product\/717","targetHints":{"allow":["GET"]}}],"collection":[{"href":"https:\/\/mistrzowieimprez.pl\/en\/wp-json\/wp\/v2\/product"}],"about":[{"href":"https:\/\/mistrzowieimprez.pl\/en\/wp-json\/wp\/v2\/types\/product"}],"replies":[{"embeddable":true,"href":"https:\/\/mistrzowieimprez.pl\/en\/wp-json\/wp\/v2\/comments?post=717"}],"version-history":[{"count":1,"href":"https:\/\/mistrzowieimprez.pl\/en\/wp-json\/wp\/v2\/product\/717\/revisions"}],"predecessor-version":[{"id":3530,"href":"https:\/\/mistrzowieimprez.pl\/en\/wp-json\/wp\/v2\/product\/717\/revisions\/3530"}],"wp:featuredmedia":[{"embeddable":true,"href":"https:\/\/mistrzowieimprez.pl\/en\/wp-json\/wp\/v2\/media\/137"}],"wp:attachment":[{"href":"https:\/\/mistrzowieimprez.pl\/en\/wp-json\/wp\/v2\/media?parent=717"}],"wp:term":[{"taxonomy":"product_brand","embeddable":true,"href":"https:\/\/mistrzowieimprez.pl\/en\/wp-json\/wp\/v2\/product_brand?post=717"},{"taxonomy":"product_cat","embeddable":true,"href":"https:\/\/mistrzowieimprez.pl\/en\/wp-json\/wp\/v2\/product_cat?post=717"},{"taxonomy":"product_tag","embeddable":true,"href":"https:\/\/mistrzowieimprez.pl\/en\/wp-json\/wp\/v2\/product_tag?post=717"}],"curies":[{"name":"wp","href":"https:\/\/api.w.org\/{rel}","templated":true}]}}