{"id":716,"date":"2024-09-01T09:07:13","date_gmt":"2024-09-01T09:07:13","guid":{"rendered":"https:\/\/mistrzowieimprez.pl\/produkt\/skokochron\/"},"modified":"2026-03-18T08:40:50","modified_gmt":"2026-03-18T08:40:50","slug":"skokochron","status":"publish","type":"product","link":"https:\/\/mistrzowieimprez.pl\/en\/product\/skokochron\/","title":{"rendered":"Skokochron"},"content":{"rendered":"<p>Zapraszamy do skoku na g\u0142\u0119bok\u0105 wod\u0119 i spr\u00f3bowania naszego Skokochronu! To niesamowita zabawa, kt\u00f3ra dostarcza niezapomnianych wra\u017ce\u0144 i pozwala poczu\u0107 prawdziwy dreszcz emocji. Skokochron to idealny dodatek na ka\u017cde wydarzenie, od urodzin po festyny szkolne, festiwale i inne du\u017ce imprezy.<\/p>\n<ul>\n<li>Zaprojektowany do bezpiecznych skok\u00f3w z wysoko\u015bci<\/li>\n<li>Wyposa\u017cony w mi\u0119kk\u0105, elastyczn\u0105 powierzchni\u0119 do l\u0105dowania<\/li>\n<li>Przystosowany do u\u017cytku na zewn\u0105trz i wewn\u0105trz<\/li>\n<\/ul>\n<ul>\n<li>Prze\u017cyjesz niezapomniane chwile pe\u0142ne adrenaliny<\/li>\n<li>Poczujesz si\u0119 jak prawdziwy skoczek na bungee<\/li>\n<li>Zabawa na Skokochronie to doskona\u0142y spos\u00f3b na rozwijanie odwagi i pewno\u015bci siebie<\/li>\n<\/ul>\n<p>Nie czekaj, dodaj Skokochron do swojego wydarzenia i zadbaj o niezapomniane emocje dla swoich go\u015bci! Skontaktuj si\u0119 z nami, aby uzyska\u0107 wi\u0119cej informacji i z\u0142o\u017cy\u0107 zam\u00f3wienie.<\/p>","protected":false},"excerpt":{"rendered":"<p>Zapewnij niezapomniane emocje dla swoich go\u015bci, dodaj\u0105c do swojego wydarzenia nasz Skokochron! To niesamowita zabawa, kt\u00f3ra pozwala poczu\u0107 prawdziwy dreszcz emocji. Idealny na festyny, festiwale i inne du\u017ce imprezy.<\/p>","protected":false},"featured_media":1142,"comment_status":"closed","ping_status":"closed","template":"","meta":{"_acf_changed":false},"product_brand":[],"product_cat":[80,84],"product_tag":[],"class_list":{"0":"post-716","1":"product","2":"type-product","3":"status-publish","4":"has-post-thumbnail","6":"product_cat-dla-mlodziezy-i-doroslych","7":"product_cat-na-wysokosci","9":"first","10":"instock","11":"downloadable","12":"virtual","13":"purchasable","14":"product-type-simple"},"acf":[],"yoast_head":"<!-- This site is optimized with the Yoast SEO plugin v27.5 - https:\/\/yoast.com\/product\/yoast-seo-wordpress\/ -->\n<title>Skokochron: poczuj si\u0119 jak kaskader i skocz z wysoko\u015bci<\/title>\n<meta name=\"robots\" content=\"index, follow, max-snippet:-1, max-image-preview:large, max-video-preview:-1\" \/>\n<link rel=\"canonical\" href=\"https:\/\/mistrzowieimprez.pl\/en\/product\/skokochron\/\" \/>\n<meta property=\"og:locale\" content=\"en_GB\" \/>\n<meta property=\"og:type\" content=\"article\" \/>\n<meta property=\"og:title\" content=\"Skokochron: poczuj si\u0119 jak kaskader i skocz z wysoko\u015bci\" \/>\n<meta property=\"og:description\" content=\"Zapewnij niezapomniane emocje dla swoich go\u015bci, dodaj\u0105c do swojego wydarzenia nasz Skokochron! To niesamowita zabawa, kt\u00f3ra pozwala poczu\u0107 prawdziwy dreszcz emocji. Idealny na festyny, festiwale i inne du\u017ce imprezy.\" \/>\n<meta property=\"og:url\" content=\"https:\/\/mistrzowieimprez.pl\/en\/product\/skokochron\/\" \/>\n<meta property=\"og:site_name\" content=\"Mistrzowie Imprez\" \/>\n<meta property=\"article:publisher\" content=\"https:\/\/www.facebook.com\/mistrzowieimprez\" \/>\n<meta property=\"article:modified_time\" content=\"2026-03-18T08:40:50+00:00\" \/>\n<meta property=\"og:image\" content=\"https:\/\/mistrzowieimprez.pl\/wp-content\/uploads\/2024\/09\/Skokochron-scaled.jpg\" \/>\n\t<meta property=\"og:image:width\" content=\"2560\" \/>\n\t<meta property=\"og:image:height\" content=\"1707\" \/>\n\t<meta property=\"og:image:type\" content=\"image\/jpeg\" \/>\n<meta name=\"twitter:card\" content=\"summary_large_image\" \/>\n<meta name=\"twitter:label1\" content=\"Estimated reading time\" \/>\n\t<meta name=\"twitter:data1\" content=\"1 minute\" \/>\n<script type=\"application\/ld+json\" class=\"yoast-schema-graph\">{\"@context\":\"https:\\\/\\\/schema.org\",\"@graph\":[{\"@type\":\"WebPage\",\"@id\":\"https:\\\/\\\/mistrzowieimprez.pl\\\/produkt\\\/skokochron\\\/\",\"url\":\"https:\\\/\\\/mistrzowieimprez.pl\\\/produkt\\\/skokochron\\\/\",\"name\":\"Skokochron: poczuj si\u0119 jak kaskader i skocz z wysoko\u015bci\",\"isPartOf\":{\"@id\":\"https:\\\/\\\/mistrzowieimprez.pl\\\/#website\"},\"primaryImageOfPage\":{\"@id\":\"https:\\\/\\\/mistrzowieimprez.pl\\\/produkt\\\/skokochron\\\/#primaryimage\"},\"image\":{\"@id\":\"https:\\\/\\\/mistrzowieimprez.pl\\\/produkt\\\/skokochron\\\/#primaryimage\"},\"thumbnailUrl\":\"https:\\\/\\\/mistrzowieimprez.pl\\\/wp-content\\\/uploads\\\/2024\\\/09\\\/Skokochron-scaled.jpg\",\"datePublished\":\"2024-09-01T09:07:13+00:00\",\"dateModified\":\"2026-03-18T08:40:50+00:00\",\"breadcrumb\":{\"@id\":\"https:\\\/\\\/mistrzowieimprez.pl\\\/produkt\\\/skokochron\\\/#breadcrumb\"},\"inLanguage\":\"en-GB\",\"potentialAction\":[{\"@type\":\"ReadAction\",\"target\":[\"https:\\\/\\\/mistrzowieimprez.pl\\\/produkt\\\/skokochron\\\/\"]}]},{\"@type\":\"ImageObject\",\"inLanguage\":\"en-GB\",\"@id\":\"https:\\\/\\\/mistrzowieimprez.pl\\\/produkt\\\/skokochron\\\/#primaryimage\",\"url\":\"https:\\\/\\\/mistrzowieimprez.pl\\\/wp-content\\\/uploads\\\/2024\\\/09\\\/Skokochron-scaled.jpg\",\"contentUrl\":\"https:\\\/\\\/mistrzowieimprez.pl\\\/wp-content\\\/uploads\\\/2024\\\/09\\\/Skokochron-scaled.jpg\",\"width\":2560,\"height\":1707,\"caption\":\"Na zdj\u0119ciu przedstawiono dziecko skacz\u0105ce z du\u017cej, niebieskiej, dmuchanej konstrukcji, prawdopodobnie elementu atrakcji eventowej na \u015bwie\u017cym powietrzu.\"},{\"@type\":\"BreadcrumbList\",\"@id\":\"https:\\\/\\\/mistrzowieimprez.pl\\\/produkt\\\/skokochron\\\/#breadcrumb\",\"itemListElement\":[{\"@type\":\"ListItem\",\"position\":1,\"name\":\"Strona g\u0142\u00f3wna\",\"item\":\"https:\\\/\\\/mistrzowieimprez.pl\\\/\"},{\"@type\":\"ListItem\",\"position\":2,\"name\":\"sklep\",\"item\":\"https:\\\/\\\/mistrzowieimprez.pl\\\/sklep\\\/\"},{\"@type\":\"ListItem\",\"position\":3,\"name\":\"Skokochron\"}]},{\"@type\":\"WebSite\",\"@id\":\"https:\\\/\\\/mistrzowieimprez.pl\\\/#website\",\"url\":\"https:\\\/\\\/mistrzowieimprez.pl\\\/\",\"name\":\"Mistrzowie Imprez\",\"description\":\"Kompleksowa organizacja imprez\",\"publisher\":{\"@id\":\"https:\\\/\\\/mistrzowieimprez.pl\\\/#organization\"},\"potentialAction\":[{\"@type\":\"SearchAction\",\"target\":{\"@type\":\"EntryPoint\",\"urlTemplate\":\"https:\\\/\\\/mistrzowieimprez.pl\\\/?s={search_term_string}\"},\"query-input\":{\"@type\":\"PropertyValueSpecification\",\"valueRequired\":true,\"valueName\":\"search_term_string\"}}],\"inLanguage\":\"en-GB\"},{\"@type\":\"Organization\",\"@id\":\"https:\\\/\\\/mistrzowieimprez.pl\\\/#organization\",\"name\":\"Mistrzowie Imprez\",\"url\":\"https:\\\/\\\/mistrzowieimprez.pl\\\/\",\"logo\":{\"@type\":\"ImageObject\",\"inLanguage\":\"en-GB\",\"@id\":\"https:\\\/\\\/mistrzowieimprez.pl\\\/#\\\/schema\\\/logo\\\/image\\\/\",\"url\":\"https:\\\/\\\/mistrzowieimprez.pl\\\/wp-content\\\/uploads\\\/2024\\\/08\\\/mistrzowie_imprez_logo_ciemne-tlo@4x.png\",\"contentUrl\":\"https:\\\/\\\/mistrzowieimprez.pl\\\/wp-content\\\/uploads\\\/2024\\\/08\\\/mistrzowie_imprez_logo_ciemne-tlo@4x.png\",\"width\":1318,\"height\":351,\"caption\":\"Mistrzowie Imprez\"},\"image\":{\"@id\":\"https:\\\/\\\/mistrzowieimprez.pl\\\/#\\\/schema\\\/logo\\\/image\\\/\"},\"sameAs\":[\"https:\\\/\\\/www.facebook.com\\\/mistrzowieimprez\",\"https:\\\/\\\/www.instagram.com\\\/mistrzowieimprez\\\/\",\"https:\\\/\\\/www.youtube.com\\\/@ytmistrzowieimprez\"]}]}<\/script>\n<!-- \/ Yoast SEO plugin. -->","yoast_head_json":{"title":"Skokochron: poczuj si\u0119 jak kaskader i skocz z wysoko\u015bci","robots":{"index":"index","follow":"follow","max-snippet":"max-snippet:-1","max-image-preview":"max-image-preview:large","max-video-preview":"max-video-preview:-1"},"canonical":"https:\/\/mistrzowieimprez.pl\/en\/product\/skokochron\/","og_locale":"en_GB","og_type":"article","og_title":"Skokochron: poczuj si\u0119 jak kaskader i skocz z wysoko\u015bci","og_description":"Zapewnij niezapomniane emocje dla swoich go\u015bci, dodaj\u0105c do swojego wydarzenia nasz Skokochron! To niesamowita zabawa, kt\u00f3ra pozwala poczu\u0107 prawdziwy dreszcz emocji. Idealny na festyny, festiwale i inne du\u017ce imprezy.","og_url":"https:\/\/mistrzowieimprez.pl\/en\/product\/skokochron\/","og_site_name":"Mistrzowie Imprez","article_publisher":"https:\/\/www.facebook.com\/mistrzowieimprez","article_modified_time":"2026-03-18T08:40:50+00:00","og_image":[{"width":2560,"height":1707,"url":"https:\/\/mistrzowieimprez.pl\/wp-content\/uploads\/2024\/09\/Skokochron-scaled.jpg","type":"image\/jpeg"}],"twitter_card":"summary_large_image","twitter_misc":{"Estimated reading time":"1 minute"},"schema":{"@context":"https:\/\/schema.org","@graph":[{"@type":"WebPage","@id":"https:\/\/mistrzowieimprez.pl\/produkt\/skokochron\/","url":"https:\/\/mistrzowieimprez.pl\/produkt\/skokochron\/","name":"Skokochron: poczuj si\u0119 jak kaskader i skocz z wysoko\u015bci","isPartOf":{"@id":"https:\/\/mistrzowieimprez.pl\/#website"},"primaryImageOfPage":{"@id":"https:\/\/mistrzowieimprez.pl\/produkt\/skokochron\/#primaryimage"},"image":{"@id":"https:\/\/mistrzowieimprez.pl\/produkt\/skokochron\/#primaryimage"},"thumbnailUrl":"https:\/\/mistrzowieimprez.pl\/wp-content\/uploads\/2024\/09\/Skokochron-scaled.jpg","datePublished":"2024-09-01T09:07:13+00:00","dateModified":"2026-03-18T08:40:50+00:00","breadcrumb":{"@id":"https:\/\/mistrzowieimprez.pl\/produkt\/skokochron\/#breadcrumb"},"inLanguage":"en-GB","potentialAction":[{"@type":"ReadAction","target":["https:\/\/mistrzowieimprez.pl\/produkt\/skokochron\/"]}]},{"@type":"ImageObject","inLanguage":"en-GB","@id":"https:\/\/mistrzowieimprez.pl\/produkt\/skokochron\/#primaryimage","url":"https:\/\/mistrzowieimprez.pl\/wp-content\/uploads\/2024\/09\/Skokochron-scaled.jpg","contentUrl":"https:\/\/mistrzowieimprez.pl\/wp-content\/uploads\/2024\/09\/Skokochron-scaled.jpg","width":2560,"height":1707,"caption":"Na zdj\u0119ciu przedstawiono dziecko skacz\u0105ce z du\u017cej, niebieskiej, dmuchanej konstrukcji, prawdopodobnie elementu atrakcji eventowej na \u015bwie\u017cym powietrzu."},{"@type":"BreadcrumbList","@id":"https:\/\/mistrzowieimprez.pl\/produkt\/skokochron\/#breadcrumb","itemListElement":[{"@type":"ListItem","position":1,"name":"Strona g\u0142\u00f3wna","item":"https:\/\/mistrzowieimprez.pl\/"},{"@type":"ListItem","position":2,"name":"sklep","item":"https:\/\/mistrzowieimprez.pl\/sklep\/"},{"@type":"ListItem","position":3,"name":"Skokochron"}]},{"@type":"WebSite","@id":"https:\/\/mistrzowieimprez.pl\/#website","url":"https:\/\/mistrzowieimprez.pl\/","name":"Mistrzowie Imprez","description":"Kompleksowa organizacja imprez","publisher":{"@id":"https:\/\/mistrzowieimprez.pl\/#organization"},"potentialAction":[{"@type":"SearchAction","target":{"@type":"EntryPoint","urlTemplate":"https:\/\/mistrzowieimprez.pl\/?s={search_term_string}"},"query-input":{"@type":"PropertyValueSpecification","valueRequired":true,"valueName":"search_term_string"}}],"inLanguage":"en-GB"},{"@type":"Organization","@id":"https:\/\/mistrzowieimprez.pl\/#organization","name":"Mistrzowie Imprez","url":"https:\/\/mistrzowieimprez.pl\/","logo":{"@type":"ImageObject","inLanguage":"en-GB","@id":"https:\/\/mistrzowieimprez.pl\/#\/schema\/logo\/image\/","url":"https:\/\/mistrzowieimprez.pl\/wp-content\/uploads\/2024\/08\/mistrzowie_imprez_logo_ciemne-tlo@4x.png","contentUrl":"https:\/\/mistrzowieimprez.pl\/wp-content\/uploads\/2024\/08\/mistrzowie_imprez_logo_ciemne-tlo@4x.png","width":1318,"height":351,"caption":"Mistrzowie Imprez"},"image":{"@id":"https:\/\/mistrzowieimprez.pl\/#\/schema\/logo\/image\/"},"sameAs":["https:\/\/www.facebook.com\/mistrzowieimprez","https:\/\/www.instagram.com\/mistrzowieimprez\/","https:\/\/www.youtube.com\/@ytmistrzowieimprez"]}]}},"_links":{"self":[{"href":"https:\/\/mistrzowieimprez.pl\/en\/wp-json\/wp\/v2\/product\/716","targetHints":{"allow":["GET"]}}],"collection":[{"href":"https:\/\/mistrzowieimprez.pl\/en\/wp-json\/wp\/v2\/product"}],"about":[{"href":"https:\/\/mistrzowieimprez.pl\/en\/wp-json\/wp\/v2\/types\/product"}],"replies":[{"embeddable":true,"href":"https:\/\/mistrzowieimprez.pl\/en\/wp-json\/wp\/v2\/comments?post=716"}],"version-history":[{"count":1,"href":"https:\/\/mistrzowieimprez.pl\/en\/wp-json\/wp\/v2\/product\/716\/revisions"}],"predecessor-version":[{"id":3529,"href":"https:\/\/mistrzowieimprez.pl\/en\/wp-json\/wp\/v2\/product\/716\/revisions\/3529"}],"wp:featuredmedia":[{"embeddable":true,"href":"https:\/\/mistrzowieimprez.pl\/en\/wp-json\/wp\/v2\/media\/1142"}],"wp:attachment":[{"href":"https:\/\/mistrzowieimprez.pl\/en\/wp-json\/wp\/v2\/media?parent=716"}],"wp:term":[{"taxonomy":"product_brand","embeddable":true,"href":"https:\/\/mistrzowieimprez.pl\/en\/wp-json\/wp\/v2\/product_brand?post=716"},{"taxonomy":"product_cat","embeddable":true,"href":"https:\/\/mistrzowieimprez.pl\/en\/wp-json\/wp\/v2\/product_cat?post=716"},{"taxonomy":"product_tag","embeddable":true,"href":"https:\/\/mistrzowieimprez.pl\/en\/wp-json\/wp\/v2\/product_tag?post=716"}],"curies":[{"name":"wp","href":"https:\/\/api.w.org\/{rel}","templated":true}]}}