{"id":715,"date":"2024-09-01T09:07:12","date_gmt":"2024-09-01T09:07:12","guid":{"rendered":"https:\/\/mistrzowieimprez.pl\/produkt\/piramida-ze-skrzynek\/"},"modified":"2026-03-18T08:40:40","modified_gmt":"2026-03-18T08:40:40","slug":"piramida-ze-skrzynek","status":"publish","type":"product","link":"https:\/\/mistrzowieimprez.pl\/en\/product\/piramida-ze-skrzynek\/","title":{"rendered":"Piramida ze skrzynek"},"content":{"rendered":"<p>Wspinaj si\u0119 na szczyt piramidy, stawiaj\u0105c czo\u0142a wyzwaniu! Nasza Piramida ze Skrzynek to ekscytuj\u0105ca i oryginalna atrakcja, kt\u00f3ra stworzy niezapomniane wspomnienia na ka\u017cdej imprezie. To doskona\u0142a okazja do podniesienia poziomu adrenaliny i pokazania swoich zdolno\u015bci wspinaczkowych.<\/p>\n<ul>\n<li>Piramida zbudowana z solidnych skrzynek o r\u00f3\u017cnych rozmiarach.<\/li>\n<li>Wysoko\u015b\u0107 piramidy dostosowana do wieku i umiej\u0119tno\u015bci uczestnik\u00f3w.<\/li>\n<li>Bezpieczne i solidne sprz\u0119ty do wspinaczki.<\/li>\n<\/ul>\n<ul>\n<li>Emocje i dobra zabawa gwarantowane.<\/li>\n<li>Rozwija umiej\u0119tno\u015bci zr\u0119czno\u015bciowe i wytrzyma\u0142o\u015b\u0107.<\/li>\n<li>Stwarza okazj\u0119 do rywalizacji i wsp\u00f3\u0142pracy z innymi uczestnikami.<\/li>\n<\/ul>\n<p>Chcesz doda\u0107 troch\u0119 adrenaliny do swojego wydarzenia? Zam\u00f3w Piramid\u0119 ze Skrzynek ju\u017c teraz!<\/p>","protected":false},"excerpt":{"rendered":"<p>Podnie\u015b poziom adrenaliny na swoim wydarzeniu z nasz\u0105 Piramid\u0105 ze Skrzynek! To ekscytuj\u0105ca atrakcja, kt\u00f3ra rozwija umiej\u0119tno\u015bci zr\u0119czno\u015bciowe, wytrzyma\u0142o\u015b\u0107, a tak\u017ce stwarza okazj\u0119 do rywalizacji i wsp\u00f3\u0142pracy. Emocje i dobra zabawa gwarantowane!<\/p>","protected":false},"featured_media":1259,"comment_status":"closed","ping_status":"closed","template":"","meta":{"_acf_changed":false},"product_brand":[],"product_cat":[80,84],"product_tag":[],"class_list":{"0":"post-715","1":"product","2":"type-product","3":"status-publish","4":"has-post-thumbnail","6":"product_cat-dla-mlodziezy-i-doroslych","7":"product_cat-na-wysokosci","9":"first","10":"instock","11":"downloadable","12":"virtual","13":"purchasable","14":"product-type-simple"},"acf":[],"yoast_head":"<!-- This site is optimized with the Yoast SEO plugin v27.5 - https:\/\/yoast.com\/product\/yoast-seo-wordpress\/ -->\n<title>Piramida ze skrzynek: sprawd\u017a swoj\u0105 zr\u0119czno\u015b\u0107 na wysoko\u015bci<\/title>\n<meta name=\"robots\" content=\"index, follow, max-snippet:-1, max-image-preview:large, max-video-preview:-1\" \/>\n<link rel=\"canonical\" href=\"https:\/\/mistrzowieimprez.pl\/en\/product\/piramida-ze-skrzynek\/\" \/>\n<meta property=\"og:locale\" content=\"en_GB\" \/>\n<meta property=\"og:type\" content=\"article\" \/>\n<meta property=\"og:title\" content=\"Piramida ze skrzynek: sprawd\u017a swoj\u0105 zr\u0119czno\u015b\u0107 na wysoko\u015bci\" \/>\n<meta property=\"og:description\" content=\"Podnie\u015b poziom adrenaliny na swoim wydarzeniu z nasz\u0105 Piramid\u0105 ze Skrzynek! To ekscytuj\u0105ca atrakcja, kt\u00f3ra rozwija umiej\u0119tno\u015bci zr\u0119czno\u015bciowe, wytrzyma\u0142o\u015b\u0107, a tak\u017ce stwarza okazj\u0119 do rywalizacji i wsp\u00f3\u0142pracy. Emocje i dobra zabawa gwarantowane!\" \/>\n<meta property=\"og:url\" content=\"https:\/\/mistrzowieimprez.pl\/en\/product\/piramida-ze-skrzynek\/\" \/>\n<meta property=\"og:site_name\" content=\"Mistrzowie Imprez\" \/>\n<meta property=\"article:publisher\" content=\"https:\/\/www.facebook.com\/mistrzowieimprez\" \/>\n<meta property=\"article:modified_time\" content=\"2026-03-18T08:40:40+00:00\" \/>\n<meta property=\"og:image\" content=\"https:\/\/mistrzowieimprez.pl\/wp-content\/uploads\/2024\/09\/Piramida-ze-skrzynek.png\" \/>\n\t<meta property=\"og:image:width\" content=\"800\" \/>\n\t<meta property=\"og:image:height\" content=\"800\" \/>\n\t<meta property=\"og:image:type\" content=\"image\/png\" \/>\n<meta name=\"twitter:card\" content=\"summary_large_image\" \/>\n<meta name=\"twitter:label1\" content=\"Estimated reading time\" \/>\n\t<meta name=\"twitter:data1\" content=\"1 minute\" \/>\n<script type=\"application\/ld+json\" class=\"yoast-schema-graph\">{\"@context\":\"https:\\\/\\\/schema.org\",\"@graph\":[{\"@type\":\"WebPage\",\"@id\":\"https:\\\/\\\/mistrzowieimprez.pl\\\/produkt\\\/piramida-ze-skrzynek\\\/\",\"url\":\"https:\\\/\\\/mistrzowieimprez.pl\\\/produkt\\\/piramida-ze-skrzynek\\\/\",\"name\":\"Piramida ze skrzynek: sprawd\u017a swoj\u0105 zr\u0119czno\u015b\u0107 na wysoko\u015bci\",\"isPartOf\":{\"@id\":\"https:\\\/\\\/mistrzowieimprez.pl\\\/#website\"},\"primaryImageOfPage\":{\"@id\":\"https:\\\/\\\/mistrzowieimprez.pl\\\/produkt\\\/piramida-ze-skrzynek\\\/#primaryimage\"},\"image\":{\"@id\":\"https:\\\/\\\/mistrzowieimprez.pl\\\/produkt\\\/piramida-ze-skrzynek\\\/#primaryimage\"},\"thumbnailUrl\":\"https:\\\/\\\/mistrzowieimprez.pl\\\/wp-content\\\/uploads\\\/2024\\\/09\\\/Piramida-ze-skrzynek.png\",\"datePublished\":\"2024-09-01T09:07:12+00:00\",\"dateModified\":\"2026-03-18T08:40:40+00:00\",\"breadcrumb\":{\"@id\":\"https:\\\/\\\/mistrzowieimprez.pl\\\/produkt\\\/piramida-ze-skrzynek\\\/#breadcrumb\"},\"inLanguage\":\"en-GB\",\"potentialAction\":[{\"@type\":\"ReadAction\",\"target\":[\"https:\\\/\\\/mistrzowieimprez.pl\\\/produkt\\\/piramida-ze-skrzynek\\\/\"]}]},{\"@type\":\"ImageObject\",\"inLanguage\":\"en-GB\",\"@id\":\"https:\\\/\\\/mistrzowieimprez.pl\\\/produkt\\\/piramida-ze-skrzynek\\\/#primaryimage\",\"url\":\"https:\\\/\\\/mistrzowieimprez.pl\\\/wp-content\\\/uploads\\\/2024\\\/09\\\/Piramida-ze-skrzynek.png\",\"contentUrl\":\"https:\\\/\\\/mistrzowieimprez.pl\\\/wp-content\\\/uploads\\\/2024\\\/09\\\/Piramida-ze-skrzynek.png\",\"width\":1000,\"height\":1000,\"caption\":\"Na zdj\u0119ciu wida\u0107 osob\u0119 uczestnicz\u0105c\u0105 w zabawie zwi\u0105zanej z uk\u0142adaniem skrzynek, co jest prawdopodobnie atrakcj\u0105 organizowan\u0105 przez Mistrz\u00f3w imprez.\"},{\"@type\":\"BreadcrumbList\",\"@id\":\"https:\\\/\\\/mistrzowieimprez.pl\\\/produkt\\\/piramida-ze-skrzynek\\\/#breadcrumb\",\"itemListElement\":[{\"@type\":\"ListItem\",\"position\":1,\"name\":\"Strona g\u0142\u00f3wna\",\"item\":\"https:\\\/\\\/mistrzowieimprez.pl\\\/\"},{\"@type\":\"ListItem\",\"position\":2,\"name\":\"sklep\",\"item\":\"https:\\\/\\\/mistrzowieimprez.pl\\\/sklep\\\/\"},{\"@type\":\"ListItem\",\"position\":3,\"name\":\"Piramida ze skrzynek\"}]},{\"@type\":\"WebSite\",\"@id\":\"https:\\\/\\\/mistrzowieimprez.pl\\\/#website\",\"url\":\"https:\\\/\\\/mistrzowieimprez.pl\\\/\",\"name\":\"Mistrzowie Imprez\",\"description\":\"Kompleksowa organizacja imprez\",\"publisher\":{\"@id\":\"https:\\\/\\\/mistrzowieimprez.pl\\\/#organization\"},\"potentialAction\":[{\"@type\":\"SearchAction\",\"target\":{\"@type\":\"EntryPoint\",\"urlTemplate\":\"https:\\\/\\\/mistrzowieimprez.pl\\\/?s={search_term_string}\"},\"query-input\":{\"@type\":\"PropertyValueSpecification\",\"valueRequired\":true,\"valueName\":\"search_term_string\"}}],\"inLanguage\":\"en-GB\"},{\"@type\":\"Organization\",\"@id\":\"https:\\\/\\\/mistrzowieimprez.pl\\\/#organization\",\"name\":\"Mistrzowie Imprez\",\"url\":\"https:\\\/\\\/mistrzowieimprez.pl\\\/\",\"logo\":{\"@type\":\"ImageObject\",\"inLanguage\":\"en-GB\",\"@id\":\"https:\\\/\\\/mistrzowieimprez.pl\\\/#\\\/schema\\\/logo\\\/image\\\/\",\"url\":\"https:\\\/\\\/mistrzowieimprez.pl\\\/wp-content\\\/uploads\\\/2024\\\/08\\\/mistrzowie_imprez_logo_ciemne-tlo@4x.png\",\"contentUrl\":\"https:\\\/\\\/mistrzowieimprez.pl\\\/wp-content\\\/uploads\\\/2024\\\/08\\\/mistrzowie_imprez_logo_ciemne-tlo@4x.png\",\"width\":1318,\"height\":351,\"caption\":\"Mistrzowie Imprez\"},\"image\":{\"@id\":\"https:\\\/\\\/mistrzowieimprez.pl\\\/#\\\/schema\\\/logo\\\/image\\\/\"},\"sameAs\":[\"https:\\\/\\\/www.facebook.com\\\/mistrzowieimprez\",\"https:\\\/\\\/www.instagram.com\\\/mistrzowieimprez\\\/\",\"https:\\\/\\\/www.youtube.com\\\/@ytmistrzowieimprez\"]}]}<\/script>\n<!-- \/ Yoast SEO plugin. -->","yoast_head_json":{"title":"Piramida ze skrzynek: sprawd\u017a swoj\u0105 zr\u0119czno\u015b\u0107 na wysoko\u015bci","robots":{"index":"index","follow":"follow","max-snippet":"max-snippet:-1","max-image-preview":"max-image-preview:large","max-video-preview":"max-video-preview:-1"},"canonical":"https:\/\/mistrzowieimprez.pl\/en\/product\/piramida-ze-skrzynek\/","og_locale":"en_GB","og_type":"article","og_title":"Piramida ze skrzynek: sprawd\u017a swoj\u0105 zr\u0119czno\u015b\u0107 na wysoko\u015bci","og_description":"Podnie\u015b poziom adrenaliny na swoim wydarzeniu z nasz\u0105 Piramid\u0105 ze Skrzynek! To ekscytuj\u0105ca atrakcja, kt\u00f3ra rozwija umiej\u0119tno\u015bci zr\u0119czno\u015bciowe, wytrzyma\u0142o\u015b\u0107, a tak\u017ce stwarza okazj\u0119 do rywalizacji i wsp\u00f3\u0142pracy. Emocje i dobra zabawa gwarantowane!","og_url":"https:\/\/mistrzowieimprez.pl\/en\/product\/piramida-ze-skrzynek\/","og_site_name":"Mistrzowie Imprez","article_publisher":"https:\/\/www.facebook.com\/mistrzowieimprez","article_modified_time":"2026-03-18T08:40:40+00:00","og_image":[{"url":"https:\/\/mistrzowieimprez.pl\/wp-content\/uploads\/2024\/09\/Piramida-ze-skrzynek.png","width":800,"height":800,"type":"image\/png"}],"twitter_card":"summary_large_image","twitter_misc":{"Estimated reading time":"1 minute"},"schema":{"@context":"https:\/\/schema.org","@graph":[{"@type":"WebPage","@id":"https:\/\/mistrzowieimprez.pl\/produkt\/piramida-ze-skrzynek\/","url":"https:\/\/mistrzowieimprez.pl\/produkt\/piramida-ze-skrzynek\/","name":"Piramida ze skrzynek: sprawd\u017a swoj\u0105 zr\u0119czno\u015b\u0107 na wysoko\u015bci","isPartOf":{"@id":"https:\/\/mistrzowieimprez.pl\/#website"},"primaryImageOfPage":{"@id":"https:\/\/mistrzowieimprez.pl\/produkt\/piramida-ze-skrzynek\/#primaryimage"},"image":{"@id":"https:\/\/mistrzowieimprez.pl\/produkt\/piramida-ze-skrzynek\/#primaryimage"},"thumbnailUrl":"https:\/\/mistrzowieimprez.pl\/wp-content\/uploads\/2024\/09\/Piramida-ze-skrzynek.png","datePublished":"2024-09-01T09:07:12+00:00","dateModified":"2026-03-18T08:40:40+00:00","breadcrumb":{"@id":"https:\/\/mistrzowieimprez.pl\/produkt\/piramida-ze-skrzynek\/#breadcrumb"},"inLanguage":"en-GB","potentialAction":[{"@type":"ReadAction","target":["https:\/\/mistrzowieimprez.pl\/produkt\/piramida-ze-skrzynek\/"]}]},{"@type":"ImageObject","inLanguage":"en-GB","@id":"https:\/\/mistrzowieimprez.pl\/produkt\/piramida-ze-skrzynek\/#primaryimage","url":"https:\/\/mistrzowieimprez.pl\/wp-content\/uploads\/2024\/09\/Piramida-ze-skrzynek.png","contentUrl":"https:\/\/mistrzowieimprez.pl\/wp-content\/uploads\/2024\/09\/Piramida-ze-skrzynek.png","width":1000,"height":1000,"caption":"Na zdj\u0119ciu wida\u0107 osob\u0119 uczestnicz\u0105c\u0105 w zabawie zwi\u0105zanej z uk\u0142adaniem skrzynek, co jest prawdopodobnie atrakcj\u0105 organizowan\u0105 przez Mistrz\u00f3w imprez."},{"@type":"BreadcrumbList","@id":"https:\/\/mistrzowieimprez.pl\/produkt\/piramida-ze-skrzynek\/#breadcrumb","itemListElement":[{"@type":"ListItem","position":1,"name":"Strona g\u0142\u00f3wna","item":"https:\/\/mistrzowieimprez.pl\/"},{"@type":"ListItem","position":2,"name":"sklep","item":"https:\/\/mistrzowieimprez.pl\/sklep\/"},{"@type":"ListItem","position":3,"name":"Piramida ze skrzynek"}]},{"@type":"WebSite","@id":"https:\/\/mistrzowieimprez.pl\/#website","url":"https:\/\/mistrzowieimprez.pl\/","name":"Mistrzowie Imprez","description":"Kompleksowa organizacja imprez","publisher":{"@id":"https:\/\/mistrzowieimprez.pl\/#organization"},"potentialAction":[{"@type":"SearchAction","target":{"@type":"EntryPoint","urlTemplate":"https:\/\/mistrzowieimprez.pl\/?s={search_term_string}"},"query-input":{"@type":"PropertyValueSpecification","valueRequired":true,"valueName":"search_term_string"}}],"inLanguage":"en-GB"},{"@type":"Organization","@id":"https:\/\/mistrzowieimprez.pl\/#organization","name":"Mistrzowie Imprez","url":"https:\/\/mistrzowieimprez.pl\/","logo":{"@type":"ImageObject","inLanguage":"en-GB","@id":"https:\/\/mistrzowieimprez.pl\/#\/schema\/logo\/image\/","url":"https:\/\/mistrzowieimprez.pl\/wp-content\/uploads\/2024\/08\/mistrzowie_imprez_logo_ciemne-tlo@4x.png","contentUrl":"https:\/\/mistrzowieimprez.pl\/wp-content\/uploads\/2024\/08\/mistrzowie_imprez_logo_ciemne-tlo@4x.png","width":1318,"height":351,"caption":"Mistrzowie Imprez"},"image":{"@id":"https:\/\/mistrzowieimprez.pl\/#\/schema\/logo\/image\/"},"sameAs":["https:\/\/www.facebook.com\/mistrzowieimprez","https:\/\/www.instagram.com\/mistrzowieimprez\/","https:\/\/www.youtube.com\/@ytmistrzowieimprez"]}]}},"_links":{"self":[{"href":"https:\/\/mistrzowieimprez.pl\/en\/wp-json\/wp\/v2\/product\/715","targetHints":{"allow":["GET"]}}],"collection":[{"href":"https:\/\/mistrzowieimprez.pl\/en\/wp-json\/wp\/v2\/product"}],"about":[{"href":"https:\/\/mistrzowieimprez.pl\/en\/wp-json\/wp\/v2\/types\/product"}],"replies":[{"embeddable":true,"href":"https:\/\/mistrzowieimprez.pl\/en\/wp-json\/wp\/v2\/comments?post=715"}],"version-history":[{"count":1,"href":"https:\/\/mistrzowieimprez.pl\/en\/wp-json\/wp\/v2\/product\/715\/revisions"}],"predecessor-version":[{"id":3527,"href":"https:\/\/mistrzowieimprez.pl\/en\/wp-json\/wp\/v2\/product\/715\/revisions\/3527"}],"wp:featuredmedia":[{"embeddable":true,"href":"https:\/\/mistrzowieimprez.pl\/en\/wp-json\/wp\/v2\/media\/1259"}],"wp:attachment":[{"href":"https:\/\/mistrzowieimprez.pl\/en\/wp-json\/wp\/v2\/media?parent=715"}],"wp:term":[{"taxonomy":"product_brand","embeddable":true,"href":"https:\/\/mistrzowieimprez.pl\/en\/wp-json\/wp\/v2\/product_brand?post=715"},{"taxonomy":"product_cat","embeddable":true,"href":"https:\/\/mistrzowieimprez.pl\/en\/wp-json\/wp\/v2\/product_cat?post=715"},{"taxonomy":"product_tag","embeddable":true,"href":"https:\/\/mistrzowieimprez.pl\/en\/wp-json\/wp\/v2\/product_tag?post=715"}],"curies":[{"name":"wp","href":"https:\/\/api.w.org\/{rel}","templated":true}]}}