{"id":713,"date":"2024-09-01T09:07:10","date_gmt":"2024-09-01T09:07:10","guid":{"rendered":"https:\/\/mistrzowieimprez.pl\/produkt\/rower-na-linie\/"},"modified":"2026-03-18T08:40:35","modified_gmt":"2026-03-18T08:40:35","slug":"rower-na-linie","status":"publish","type":"product","link":"https:\/\/mistrzowieimprez.pl\/en\/product\/rower-na-linie\/","title":{"rendered":"Rower na linie"},"content":{"rendered":"<p>Przygotuj si\u0119 na do\u015bwiadczenie, kt\u00f3re przekroczy twoje oczekiwania! Nasz Rower na linie to niesamowita atrakcja, kt\u00f3ra zapewni Ci niezapomnian\u0105 dawk\u0119 adrenaliny. To jest zabawa, kt\u00f3ra \u0142\u0105czy w sobie elementy sportu, rywalizacji i czystego szale\u0144stwa!<\/p>\n<ul>\n<li>Rower jest wyposa\u017cony w specjalne zabezpieczenia, kt\u00f3re zapewniaj\u0105 bezpieczn\u0105 zabaw\u0119.<\/li>\n<li>Linia jest mocno napi\u0119ta i stabilna, co pozwala na \u0142atwe poruszanie si\u0119 z jednego ko\u0144ca do drugiego.<\/li>\n<li>Rower jest dostosowany do os\u00f3b w r\u00f3\u017cnym wieku, dzi\u0119ki regulowanemu siode\u0142ku.<\/li>\n<\/ul>\n<ul>\n<li>Do\u015bwiadczysz niesamowitej dawki adrenaliny podczas przejazdu na rowerze na linie.<\/li>\n<li>Podczas zabawy na rowerze na linie, poprawisz swoje zdolno\u015bci r\u00f3wnowa\u017cne i koordynacyjne.<\/li>\n<li>Podczas zabawy na rowerze na linie, mo\u017cesz rywalizowa\u0107 ze swoimi przyjaci\u00f3\u0142mi i zobaczy\u0107, kto przejedzie na linie najszybciej.<\/li>\n<\/ul>\n<p>Gotowy na przeja\u017cd\u017ck\u0119 swojego \u017cycia? Dodaj Rower na linie do swojego zapytania ofertowego ju\u017c dzi\u015b!<\/p>","protected":false},"excerpt":{"rendered":"<p>Przygotuj si\u0119 na niesamowit\u0105 dawk\u0119 adrenaliny z naszym Rowerem na linie! Ta atrakcja \u0142\u0105czy w sobie elementy sportu, rywalizacji i czystego szale\u0144stwa. Bez wzgl\u0119du na wiek, mo\u017cesz rywalizowa\u0107 ze swoimi przyjaci\u00f3\u0142mi, poprawiaj\u0105c swoje zdolno\u015bci r\u00f3wnowa\u017cne. Czy jeste\u015b gotowy na przeja\u017cd\u017ck\u0119 swojego \u017cycia?<\/p>","protected":false},"featured_media":1268,"comment_status":"closed","ping_status":"closed","template":"","meta":{"_acf_changed":false},"product_brand":[],"product_cat":[80,84],"product_tag":[],"class_list":{"0":"post-713","1":"product","2":"type-product","3":"status-publish","4":"has-post-thumbnail","6":"product_cat-dla-mlodziezy-i-doroslych","7":"product_cat-na-wysokosci","9":"first","10":"instock","11":"downloadable","12":"virtual","13":"purchasable","14":"product-type-simple"},"acf":[],"yoast_head":"<!-- This site is optimized with the Yoast SEO plugin v27.5 - https:\/\/yoast.com\/product\/yoast-seo-wordpress\/ -->\n<title>Przejazd rowerem na linie: poczuj adrenalin\u0119 na wysoko\u015bci<\/title>\n<meta name=\"robots\" content=\"index, follow, max-snippet:-1, max-image-preview:large, max-video-preview:-1\" \/>\n<link rel=\"canonical\" href=\"https:\/\/mistrzowieimprez.pl\/en\/product\/rower-na-linie\/\" \/>\n<meta property=\"og:locale\" content=\"en_GB\" \/>\n<meta property=\"og:type\" content=\"article\" \/>\n<meta property=\"og:title\" content=\"Przejazd rowerem na linie: poczuj adrenalin\u0119 na wysoko\u015bci\" \/>\n<meta property=\"og:description\" content=\"Przygotuj si\u0119 na niesamowit\u0105 dawk\u0119 adrenaliny z naszym Rowerem na linie! Ta atrakcja \u0142\u0105czy w sobie elementy sportu, rywalizacji i czystego szale\u0144stwa. Bez wzgl\u0119du na wiek, mo\u017cesz rywalizowa\u0107 ze swoimi przyjaci\u00f3\u0142mi, poprawiaj\u0105c swoje zdolno\u015bci r\u00f3wnowa\u017cne. Czy jeste\u015b gotowy na przeja\u017cd\u017ck\u0119 swojego \u017cycia?\" \/>\n<meta property=\"og:url\" content=\"https:\/\/mistrzowieimprez.pl\/en\/product\/rower-na-linie\/\" \/>\n<meta property=\"og:site_name\" content=\"Mistrzowie Imprez\" \/>\n<meta property=\"article:publisher\" content=\"https:\/\/www.facebook.com\/mistrzowieimprez\" \/>\n<meta property=\"article:modified_time\" content=\"2026-03-18T08:40:35+00:00\" \/>\n<meta property=\"og:image\" content=\"https:\/\/mistrzowieimprez.pl\/wp-content\/uploads\/2024\/09\/Rower-na-linie.png\" \/>\n\t<meta property=\"og:image:width\" content=\"800\" \/>\n\t<meta property=\"og:image:height\" content=\"800\" \/>\n\t<meta property=\"og:image:type\" content=\"image\/png\" \/>\n<meta name=\"twitter:card\" content=\"summary_large_image\" \/>\n<meta name=\"twitter:label1\" content=\"Estimated reading time\" \/>\n\t<meta name=\"twitter:data1\" content=\"1 minute\" \/>\n<script type=\"application\/ld+json\" class=\"yoast-schema-graph\">{\"@context\":\"https:\\\/\\\/schema.org\",\"@graph\":[{\"@type\":\"WebPage\",\"@id\":\"https:\\\/\\\/mistrzowieimprez.pl\\\/produkt\\\/rower-na-linie\\\/\",\"url\":\"https:\\\/\\\/mistrzowieimprez.pl\\\/produkt\\\/rower-na-linie\\\/\",\"name\":\"Przejazd rowerem na linie: poczuj adrenalin\u0119 na wysoko\u015bci\",\"isPartOf\":{\"@id\":\"https:\\\/\\\/mistrzowieimprez.pl\\\/#website\"},\"primaryImageOfPage\":{\"@id\":\"https:\\\/\\\/mistrzowieimprez.pl\\\/produkt\\\/rower-na-linie\\\/#primaryimage\"},\"image\":{\"@id\":\"https:\\\/\\\/mistrzowieimprez.pl\\\/produkt\\\/rower-na-linie\\\/#primaryimage\"},\"thumbnailUrl\":\"https:\\\/\\\/mistrzowieimprez.pl\\\/wp-content\\\/uploads\\\/2024\\\/09\\\/Rower-na-linie.png\",\"datePublished\":\"2024-09-01T09:07:10+00:00\",\"dateModified\":\"2026-03-18T08:40:35+00:00\",\"breadcrumb\":{\"@id\":\"https:\\\/\\\/mistrzowieimprez.pl\\\/produkt\\\/rower-na-linie\\\/#breadcrumb\"},\"inLanguage\":\"en-GB\",\"potentialAction\":[{\"@type\":\"ReadAction\",\"target\":[\"https:\\\/\\\/mistrzowieimprez.pl\\\/produkt\\\/rower-na-linie\\\/\"]}]},{\"@type\":\"ImageObject\",\"inLanguage\":\"en-GB\",\"@id\":\"https:\\\/\\\/mistrzowieimprez.pl\\\/produkt\\\/rower-na-linie\\\/#primaryimage\",\"url\":\"https:\\\/\\\/mistrzowieimprez.pl\\\/wp-content\\\/uploads\\\/2024\\\/09\\\/Rower-na-linie.png\",\"contentUrl\":\"https:\\\/\\\/mistrzowieimprez.pl\\\/wp-content\\\/uploads\\\/2024\\\/09\\\/Rower-na-linie.png\",\"width\":1000,\"height\":1000,\"caption\":\"Osoba w kasku je\u017adzi rowerem po linie, co jest prawdopodobnie atrakcj\u0105 organizowan\u0105 przez Mistrz\u00f3w imprez w Gassy pod Warszaw\u0105.\"},{\"@type\":\"BreadcrumbList\",\"@id\":\"https:\\\/\\\/mistrzowieimprez.pl\\\/produkt\\\/rower-na-linie\\\/#breadcrumb\",\"itemListElement\":[{\"@type\":\"ListItem\",\"position\":1,\"name\":\"Strona g\u0142\u00f3wna\",\"item\":\"https:\\\/\\\/mistrzowieimprez.pl\\\/\"},{\"@type\":\"ListItem\",\"position\":2,\"name\":\"sklep\",\"item\":\"https:\\\/\\\/mistrzowieimprez.pl\\\/sklep\\\/\"},{\"@type\":\"ListItem\",\"position\":3,\"name\":\"Rower na linie\"}]},{\"@type\":\"WebSite\",\"@id\":\"https:\\\/\\\/mistrzowieimprez.pl\\\/#website\",\"url\":\"https:\\\/\\\/mistrzowieimprez.pl\\\/\",\"name\":\"Mistrzowie Imprez\",\"description\":\"Kompleksowa organizacja imprez\",\"publisher\":{\"@id\":\"https:\\\/\\\/mistrzowieimprez.pl\\\/#organization\"},\"potentialAction\":[{\"@type\":\"SearchAction\",\"target\":{\"@type\":\"EntryPoint\",\"urlTemplate\":\"https:\\\/\\\/mistrzowieimprez.pl\\\/?s={search_term_string}\"},\"query-input\":{\"@type\":\"PropertyValueSpecification\",\"valueRequired\":true,\"valueName\":\"search_term_string\"}}],\"inLanguage\":\"en-GB\"},{\"@type\":\"Organization\",\"@id\":\"https:\\\/\\\/mistrzowieimprez.pl\\\/#organization\",\"name\":\"Mistrzowie Imprez\",\"url\":\"https:\\\/\\\/mistrzowieimprez.pl\\\/\",\"logo\":{\"@type\":\"ImageObject\",\"inLanguage\":\"en-GB\",\"@id\":\"https:\\\/\\\/mistrzowieimprez.pl\\\/#\\\/schema\\\/logo\\\/image\\\/\",\"url\":\"https:\\\/\\\/mistrzowieimprez.pl\\\/wp-content\\\/uploads\\\/2024\\\/08\\\/mistrzowie_imprez_logo_ciemne-tlo@4x.png\",\"contentUrl\":\"https:\\\/\\\/mistrzowieimprez.pl\\\/wp-content\\\/uploads\\\/2024\\\/08\\\/mistrzowie_imprez_logo_ciemne-tlo@4x.png\",\"width\":1318,\"height\":351,\"caption\":\"Mistrzowie Imprez\"},\"image\":{\"@id\":\"https:\\\/\\\/mistrzowieimprez.pl\\\/#\\\/schema\\\/logo\\\/image\\\/\"},\"sameAs\":[\"https:\\\/\\\/www.facebook.com\\\/mistrzowieimprez\",\"https:\\\/\\\/www.instagram.com\\\/mistrzowieimprez\\\/\",\"https:\\\/\\\/www.youtube.com\\\/@ytmistrzowieimprez\"]}]}<\/script>\n<!-- \/ Yoast SEO plugin. -->","yoast_head_json":{"title":"Przejazd rowerem na linie: poczuj adrenalin\u0119 na wysoko\u015bci","robots":{"index":"index","follow":"follow","max-snippet":"max-snippet:-1","max-image-preview":"max-image-preview:large","max-video-preview":"max-video-preview:-1"},"canonical":"https:\/\/mistrzowieimprez.pl\/en\/product\/rower-na-linie\/","og_locale":"en_GB","og_type":"article","og_title":"Przejazd rowerem na linie: poczuj adrenalin\u0119 na wysoko\u015bci","og_description":"Przygotuj si\u0119 na niesamowit\u0105 dawk\u0119 adrenaliny z naszym Rowerem na linie! Ta atrakcja \u0142\u0105czy w sobie elementy sportu, rywalizacji i czystego szale\u0144stwa. Bez wzgl\u0119du na wiek, mo\u017cesz rywalizowa\u0107 ze swoimi przyjaci\u00f3\u0142mi, poprawiaj\u0105c swoje zdolno\u015bci r\u00f3wnowa\u017cne. Czy jeste\u015b gotowy na przeja\u017cd\u017ck\u0119 swojego \u017cycia?","og_url":"https:\/\/mistrzowieimprez.pl\/en\/product\/rower-na-linie\/","og_site_name":"Mistrzowie Imprez","article_publisher":"https:\/\/www.facebook.com\/mistrzowieimprez","article_modified_time":"2026-03-18T08:40:35+00:00","og_image":[{"url":"https:\/\/mistrzowieimprez.pl\/wp-content\/uploads\/2024\/09\/Rower-na-linie.png","width":800,"height":800,"type":"image\/png"}],"twitter_card":"summary_large_image","twitter_misc":{"Estimated reading time":"1 minute"},"schema":{"@context":"https:\/\/schema.org","@graph":[{"@type":"WebPage","@id":"https:\/\/mistrzowieimprez.pl\/produkt\/rower-na-linie\/","url":"https:\/\/mistrzowieimprez.pl\/produkt\/rower-na-linie\/","name":"Przejazd rowerem na linie: poczuj adrenalin\u0119 na wysoko\u015bci","isPartOf":{"@id":"https:\/\/mistrzowieimprez.pl\/#website"},"primaryImageOfPage":{"@id":"https:\/\/mistrzowieimprez.pl\/produkt\/rower-na-linie\/#primaryimage"},"image":{"@id":"https:\/\/mistrzowieimprez.pl\/produkt\/rower-na-linie\/#primaryimage"},"thumbnailUrl":"https:\/\/mistrzowieimprez.pl\/wp-content\/uploads\/2024\/09\/Rower-na-linie.png","datePublished":"2024-09-01T09:07:10+00:00","dateModified":"2026-03-18T08:40:35+00:00","breadcrumb":{"@id":"https:\/\/mistrzowieimprez.pl\/produkt\/rower-na-linie\/#breadcrumb"},"inLanguage":"en-GB","potentialAction":[{"@type":"ReadAction","target":["https:\/\/mistrzowieimprez.pl\/produkt\/rower-na-linie\/"]}]},{"@type":"ImageObject","inLanguage":"en-GB","@id":"https:\/\/mistrzowieimprez.pl\/produkt\/rower-na-linie\/#primaryimage","url":"https:\/\/mistrzowieimprez.pl\/wp-content\/uploads\/2024\/09\/Rower-na-linie.png","contentUrl":"https:\/\/mistrzowieimprez.pl\/wp-content\/uploads\/2024\/09\/Rower-na-linie.png","width":1000,"height":1000,"caption":"Osoba w kasku je\u017adzi rowerem po linie, co jest prawdopodobnie atrakcj\u0105 organizowan\u0105 przez Mistrz\u00f3w imprez w Gassy pod Warszaw\u0105."},{"@type":"BreadcrumbList","@id":"https:\/\/mistrzowieimprez.pl\/produkt\/rower-na-linie\/#breadcrumb","itemListElement":[{"@type":"ListItem","position":1,"name":"Strona g\u0142\u00f3wna","item":"https:\/\/mistrzowieimprez.pl\/"},{"@type":"ListItem","position":2,"name":"sklep","item":"https:\/\/mistrzowieimprez.pl\/sklep\/"},{"@type":"ListItem","position":3,"name":"Rower na linie"}]},{"@type":"WebSite","@id":"https:\/\/mistrzowieimprez.pl\/#website","url":"https:\/\/mistrzowieimprez.pl\/","name":"Mistrzowie Imprez","description":"Kompleksowa organizacja imprez","publisher":{"@id":"https:\/\/mistrzowieimprez.pl\/#organization"},"potentialAction":[{"@type":"SearchAction","target":{"@type":"EntryPoint","urlTemplate":"https:\/\/mistrzowieimprez.pl\/?s={search_term_string}"},"query-input":{"@type":"PropertyValueSpecification","valueRequired":true,"valueName":"search_term_string"}}],"inLanguage":"en-GB"},{"@type":"Organization","@id":"https:\/\/mistrzowieimprez.pl\/#organization","name":"Mistrzowie Imprez","url":"https:\/\/mistrzowieimprez.pl\/","logo":{"@type":"ImageObject","inLanguage":"en-GB","@id":"https:\/\/mistrzowieimprez.pl\/#\/schema\/logo\/image\/","url":"https:\/\/mistrzowieimprez.pl\/wp-content\/uploads\/2024\/08\/mistrzowie_imprez_logo_ciemne-tlo@4x.png","contentUrl":"https:\/\/mistrzowieimprez.pl\/wp-content\/uploads\/2024\/08\/mistrzowie_imprez_logo_ciemne-tlo@4x.png","width":1318,"height":351,"caption":"Mistrzowie Imprez"},"image":{"@id":"https:\/\/mistrzowieimprez.pl\/#\/schema\/logo\/image\/"},"sameAs":["https:\/\/www.facebook.com\/mistrzowieimprez","https:\/\/www.instagram.com\/mistrzowieimprez\/","https:\/\/www.youtube.com\/@ytmistrzowieimprez"]}]}},"_links":{"self":[{"href":"https:\/\/mistrzowieimprez.pl\/en\/wp-json\/wp\/v2\/product\/713","targetHints":{"allow":["GET"]}}],"collection":[{"href":"https:\/\/mistrzowieimprez.pl\/en\/wp-json\/wp\/v2\/product"}],"about":[{"href":"https:\/\/mistrzowieimprez.pl\/en\/wp-json\/wp\/v2\/types\/product"}],"replies":[{"embeddable":true,"href":"https:\/\/mistrzowieimprez.pl\/en\/wp-json\/wp\/v2\/comments?post=713"}],"version-history":[{"count":1,"href":"https:\/\/mistrzowieimprez.pl\/en\/wp-json\/wp\/v2\/product\/713\/revisions"}],"predecessor-version":[{"id":3526,"href":"https:\/\/mistrzowieimprez.pl\/en\/wp-json\/wp\/v2\/product\/713\/revisions\/3526"}],"wp:featuredmedia":[{"embeddable":true,"href":"https:\/\/mistrzowieimprez.pl\/en\/wp-json\/wp\/v2\/media\/1268"}],"wp:attachment":[{"href":"https:\/\/mistrzowieimprez.pl\/en\/wp-json\/wp\/v2\/media?parent=713"}],"wp:term":[{"taxonomy":"product_brand","embeddable":true,"href":"https:\/\/mistrzowieimprez.pl\/en\/wp-json\/wp\/v2\/product_brand?post=713"},{"taxonomy":"product_cat","embeddable":true,"href":"https:\/\/mistrzowieimprez.pl\/en\/wp-json\/wp\/v2\/product_cat?post=713"},{"taxonomy":"product_tag","embeddable":true,"href":"https:\/\/mistrzowieimprez.pl\/en\/wp-json\/wp\/v2\/product_tag?post=713"}],"curies":[{"name":"wp","href":"https:\/\/api.w.org\/{rel}","templated":true}]}}