{"id":710,"date":"2024-09-01T09:07:09","date_gmt":"2024-09-01T09:07:09","guid":{"rendered":"https:\/\/mistrzowieimprez.pl\/produkt\/moikky-finskie-boule\/"},"modified":"2026-03-18T08:31:32","modified_gmt":"2026-03-18T08:31:32","slug":"moikky-finskie-boule","status":"publish","type":"product","link":"https:\/\/mistrzowieimprez.pl\/en\/product\/moikky-finskie-boule\/","title":{"rendered":"Molkky &#8211; fi\u0144skie kr\u0119gle"},"content":{"rendered":"<p>Molkky, nasza wersja fi\u0144skich kr\u0119gli, to nie tylko gra, to przede wszystkim \u015bwietna zabawa! To idealna aktywno\u015b\u0107 na r\u00f3\u017cnego rodzaju imprezy &#8211; od urodzin po pikniki firmowe. Molkky to po\u0142\u0105czenie strategii, celno\u015bci i troch\u0119 szcz\u0119\u015bcia, kt\u00f3re sprawi, \u017ce ka\u017cdy b\u0119dzie chcia\u0142 spr\u00f3bowa\u0107 swoich si\u0142!<\/p>\n<ul>\n<li>Gra przeznaczona dla 2-4 graczy lub dru\u017cyn<\/li>\n<li>Zestaw zawiera 12 drewnianych klock\u00f3w i jednego zbijaka<\/li>\n<li>Mo\u017cliwo\u015b\u0107 gry na dowolnej p\u0142askiej powierzchni &#8211; na trawie, piasku czy nawet \u015bniegu!<\/li>\n<\/ul>\n<ul>\n<li>Molkky to doskona\u0142y spos\u00f3b na rozwijanie koordynacji ruchowej i precyzji<\/li>\n<li>Pozwala na integracj\u0119 i rywalizacj\u0119 w przyjaznej atmosferze<\/li>\n<li>Umo\u017cliwia sp\u0119dzanie czasu na \u015bwie\u017cym powietrzu, co wp\u0142ywa korzystnie na samopoczucie<\/li>\n<\/ul>\n<p><strong>Nie zwlekaj! Dodaj Molkky do swojego koszyka i zapewnij sobie niezapomnian\u0105 zabaw\u0119 na najbli\u017cszej imprezie!<\/strong><\/p>","protected":false},"excerpt":{"rendered":"<p>Moikky, czyli fi\u0144skie boule, to wi\u0119cej ni\u017c gra &#8211; to prawdziwa zabawa! To doskona\u0142y wyb\u00f3r na wszelkiego rodzaju imprezy, od urodzin po pikniki firmowe. Gra \u0142\u0105czy strategi\u0119, celno\u015b\u0107 i szcz\u0119\u015bcie, co sprawia, \u017ce ka\u017cdy chce spr\u00f3bowa\u0107 swoich si\u0142.<\/p>","protected":false},"featured_media":1243,"comment_status":"closed","ping_status":"closed","template":"","meta":{"_acf_changed":false},"product_brand":[],"product_cat":[80,83],"product_tag":[],"class_list":{"0":"post-710","1":"product","2":"type-product","3":"status-publish","4":"has-post-thumbnail","6":"product_cat-dla-mlodziezy-i-doroslych","7":"product_cat-eko-atrakcje","9":"first","10":"instock","11":"downloadable","12":"virtual","13":"purchasable","14":"product-type-simple"},"acf":[],"yoast_head":"<!-- This site is optimized with the Yoast SEO plugin v27.2 - https:\/\/yoast.com\/product\/yoast-seo-wordpress\/ -->\n<title>Molkky na eventy \u2013 wynajem fi\u0144skich kr\u0119gli na imprezy<\/title>\n<meta name=\"robots\" content=\"index, follow, max-snippet:-1, max-image-preview:large, max-video-preview:-1\" \/>\n<link rel=\"canonical\" href=\"https:\/\/mistrzowieimprez.pl\/en\/product\/moikky-finskie-boule\/\" \/>\n<meta property=\"og:locale\" content=\"en_GB\" \/>\n<meta property=\"og:type\" content=\"article\" \/>\n<meta property=\"og:title\" content=\"Molkky na eventy \u2013 wynajem fi\u0144skich kr\u0119gli na imprezy\" \/>\n<meta property=\"og:description\" content=\"Moikky, czyli fi\u0144skie boule, to wi\u0119cej ni\u017c gra - to prawdziwa zabawa! To doskona\u0142y wyb\u00f3r na wszelkiego rodzaju imprezy, od urodzin po pikniki firmowe. Gra \u0142\u0105czy strategi\u0119, celno\u015b\u0107 i szcz\u0119\u015bcie, co sprawia, \u017ce ka\u017cdy chce spr\u00f3bowa\u0107 swoich si\u0142.\" \/>\n<meta property=\"og:url\" content=\"https:\/\/mistrzowieimprez.pl\/en\/product\/moikky-finskie-boule\/\" \/>\n<meta property=\"og:site_name\" content=\"Mistrzowie Imprez\" \/>\n<meta property=\"article:publisher\" content=\"https:\/\/www.facebook.com\/mistrzowieimprez\" \/>\n<meta property=\"article:modified_time\" content=\"2026-03-18T08:31:32+00:00\" \/>\n<meta property=\"og:image\" content=\"https:\/\/mistrzowieimprez.pl\/wp-content\/uploads\/2024\/09\/Moikky-\u2013-finskie-boule.png\" \/>\n\t<meta property=\"og:image:width\" content=\"800\" \/>\n\t<meta property=\"og:image:height\" content=\"800\" \/>\n\t<meta property=\"og:image:type\" content=\"image\/png\" \/>\n<meta name=\"twitter:card\" content=\"summary_large_image\" \/>\n<meta name=\"twitter:label1\" content=\"Estimated reading time\" \/>\n\t<meta name=\"twitter:data1\" content=\"1 minute\" \/>\n<script type=\"application\/ld+json\" class=\"yoast-schema-graph\">{\"@context\":\"https:\/\/schema.org\",\"@graph\":[{\"@type\":\"WebPage\",\"@id\":\"https:\/\/mistrzowieimprez.pl\/produkt\/moikky-finskie-boule\/\",\"url\":\"https:\/\/mistrzowieimprez.pl\/produkt\/moikky-finskie-boule\/\",\"name\":\"Molkky na eventy \u2013 wynajem fi\u0144skich kr\u0119gli na imprezy\",\"isPartOf\":{\"@id\":\"https:\/\/mistrzowieimprez.pl\/#website\"},\"primaryImageOfPage\":{\"@id\":\"https:\/\/mistrzowieimprez.pl\/produkt\/moikky-finskie-boule\/#primaryimage\"},\"image\":{\"@id\":\"https:\/\/mistrzowieimprez.pl\/produkt\/moikky-finskie-boule\/#primaryimage\"},\"thumbnailUrl\":\"https:\/\/mistrzowieimprez.pl\/wp-content\/uploads\/2024\/09\/Moikky-\u2013-finskie-boule.png\",\"datePublished\":\"2024-09-01T09:07:09+00:00\",\"dateModified\":\"2026-03-18T08:31:32+00:00\",\"breadcrumb\":{\"@id\":\"https:\/\/mistrzowieimprez.pl\/produkt\/moikky-finskie-boule\/#breadcrumb\"},\"inLanguage\":\"en-GB\",\"potentialAction\":[{\"@type\":\"ReadAction\",\"target\":[\"https:\/\/mistrzowieimprez.pl\/produkt\/moikky-finskie-boule\/\"]}]},{\"@type\":\"ImageObject\",\"inLanguage\":\"en-GB\",\"@id\":\"https:\/\/mistrzowieimprez.pl\/produkt\/moikky-finskie-boule\/#primaryimage\",\"url\":\"https:\/\/mistrzowieimprez.pl\/wp-content\/uploads\/2024\/09\/Moikky-\u2013-finskie-boule.png\",\"contentUrl\":\"https:\/\/mistrzowieimprez.pl\/wp-content\/uploads\/2024\/09\/Moikky-\u2013-finskie-boule.png\",\"width\":1000,\"height\":1000,\"caption\":\"Na trawie le\u017c\u0105 elementy drewnianej gry plenerowej z numerami.\"},{\"@type\":\"BreadcrumbList\",\"@id\":\"https:\/\/mistrzowieimprez.pl\/produkt\/moikky-finskie-boule\/#breadcrumb\",\"itemListElement\":[{\"@type\":\"ListItem\",\"position\":1,\"name\":\"Strona g\u0142\u00f3wna\",\"item\":\"https:\/\/mistrzowieimprez.pl\/\"},{\"@type\":\"ListItem\",\"position\":2,\"name\":\"sklep\",\"item\":\"https:\/\/mistrzowieimprez.pl\/sklep\/\"},{\"@type\":\"ListItem\",\"position\":3,\"name\":\"Molkky &#8211; fi\u0144skie kr\u0119gle\"}]},{\"@type\":\"WebSite\",\"@id\":\"https:\/\/mistrzowieimprez.pl\/#website\",\"url\":\"https:\/\/mistrzowieimprez.pl\/\",\"name\":\"Mistrzowie Imprez\",\"description\":\"Kompleksowa organizacja imprez\",\"publisher\":{\"@id\":\"https:\/\/mistrzowieimprez.pl\/#organization\"},\"potentialAction\":[{\"@type\":\"SearchAction\",\"target\":{\"@type\":\"EntryPoint\",\"urlTemplate\":\"https:\/\/mistrzowieimprez.pl\/?s={search_term_string}\"},\"query-input\":{\"@type\":\"PropertyValueSpecification\",\"valueRequired\":true,\"valueName\":\"search_term_string\"}}],\"inLanguage\":\"en-GB\"},{\"@type\":\"Organization\",\"@id\":\"https:\/\/mistrzowieimprez.pl\/#organization\",\"name\":\"Mistrzowie Imprez\",\"url\":\"https:\/\/mistrzowieimprez.pl\/\",\"logo\":{\"@type\":\"ImageObject\",\"inLanguage\":\"en-GB\",\"@id\":\"https:\/\/mistrzowieimprez.pl\/#\/schema\/logo\/image\/\",\"url\":\"https:\/\/mistrzowieimprez.pl\/wp-content\/uploads\/2024\/08\/mistrzowie_imprez_logo_ciemne-tlo@4x.png\",\"contentUrl\":\"https:\/\/mistrzowieimprez.pl\/wp-content\/uploads\/2024\/08\/mistrzowie_imprez_logo_ciemne-tlo@4x.png\",\"width\":1318,\"height\":351,\"caption\":\"Mistrzowie Imprez\"},\"image\":{\"@id\":\"https:\/\/mistrzowieimprez.pl\/#\/schema\/logo\/image\/\"},\"sameAs\":[\"https:\/\/www.facebook.com\/mistrzowieimprez\",\"https:\/\/www.instagram.com\/mistrzowieimprez\/\",\"https:\/\/www.youtube.com\/@ytmistrzowieimprez\"]}]}<\/script>\n<!-- \/ Yoast SEO plugin. -->","yoast_head_json":{"title":"Molkky na eventy \u2013 wynajem fi\u0144skich kr\u0119gli na imprezy","robots":{"index":"index","follow":"follow","max-snippet":"max-snippet:-1","max-image-preview":"max-image-preview:large","max-video-preview":"max-video-preview:-1"},"canonical":"https:\/\/mistrzowieimprez.pl\/en\/product\/moikky-finskie-boule\/","og_locale":"en_GB","og_type":"article","og_title":"Molkky na eventy \u2013 wynajem fi\u0144skich kr\u0119gli na imprezy","og_description":"Moikky, czyli fi\u0144skie boule, to wi\u0119cej ni\u017c gra - to prawdziwa zabawa! To doskona\u0142y wyb\u00f3r na wszelkiego rodzaju imprezy, od urodzin po pikniki firmowe. Gra \u0142\u0105czy strategi\u0119, celno\u015b\u0107 i szcz\u0119\u015bcie, co sprawia, \u017ce ka\u017cdy chce spr\u00f3bowa\u0107 swoich si\u0142.","og_url":"https:\/\/mistrzowieimprez.pl\/en\/product\/moikky-finskie-boule\/","og_site_name":"Mistrzowie Imprez","article_publisher":"https:\/\/www.facebook.com\/mistrzowieimprez","article_modified_time":"2026-03-18T08:31:32+00:00","og_image":[{"url":"https:\/\/mistrzowieimprez.pl\/wp-content\/uploads\/2024\/09\/Moikky-\u2013-finskie-boule.png","width":800,"height":800,"type":"image\/png"}],"twitter_card":"summary_large_image","twitter_misc":{"Estimated reading time":"1 minute"},"schema":{"@context":"https:\/\/schema.org","@graph":[{"@type":"WebPage","@id":"https:\/\/mistrzowieimprez.pl\/produkt\/moikky-finskie-boule\/","url":"https:\/\/mistrzowieimprez.pl\/produkt\/moikky-finskie-boule\/","name":"Molkky na eventy \u2013 wynajem fi\u0144skich kr\u0119gli na imprezy","isPartOf":{"@id":"https:\/\/mistrzowieimprez.pl\/#website"},"primaryImageOfPage":{"@id":"https:\/\/mistrzowieimprez.pl\/produkt\/moikky-finskie-boule\/#primaryimage"},"image":{"@id":"https:\/\/mistrzowieimprez.pl\/produkt\/moikky-finskie-boule\/#primaryimage"},"thumbnailUrl":"https:\/\/mistrzowieimprez.pl\/wp-content\/uploads\/2024\/09\/Moikky-\u2013-finskie-boule.png","datePublished":"2024-09-01T09:07:09+00:00","dateModified":"2026-03-18T08:31:32+00:00","breadcrumb":{"@id":"https:\/\/mistrzowieimprez.pl\/produkt\/moikky-finskie-boule\/#breadcrumb"},"inLanguage":"en-GB","potentialAction":[{"@type":"ReadAction","target":["https:\/\/mistrzowieimprez.pl\/produkt\/moikky-finskie-boule\/"]}]},{"@type":"ImageObject","inLanguage":"en-GB","@id":"https:\/\/mistrzowieimprez.pl\/produkt\/moikky-finskie-boule\/#primaryimage","url":"https:\/\/mistrzowieimprez.pl\/wp-content\/uploads\/2024\/09\/Moikky-\u2013-finskie-boule.png","contentUrl":"https:\/\/mistrzowieimprez.pl\/wp-content\/uploads\/2024\/09\/Moikky-\u2013-finskie-boule.png","width":1000,"height":1000,"caption":"Na trawie le\u017c\u0105 elementy drewnianej gry plenerowej z numerami."},{"@type":"BreadcrumbList","@id":"https:\/\/mistrzowieimprez.pl\/produkt\/moikky-finskie-boule\/#breadcrumb","itemListElement":[{"@type":"ListItem","position":1,"name":"Strona g\u0142\u00f3wna","item":"https:\/\/mistrzowieimprez.pl\/"},{"@type":"ListItem","position":2,"name":"sklep","item":"https:\/\/mistrzowieimprez.pl\/sklep\/"},{"@type":"ListItem","position":3,"name":"Molkky &#8211; fi\u0144skie kr\u0119gle"}]},{"@type":"WebSite","@id":"https:\/\/mistrzowieimprez.pl\/#website","url":"https:\/\/mistrzowieimprez.pl\/","name":"Mistrzowie Imprez","description":"Kompleksowa organizacja imprez","publisher":{"@id":"https:\/\/mistrzowieimprez.pl\/#organization"},"potentialAction":[{"@type":"SearchAction","target":{"@type":"EntryPoint","urlTemplate":"https:\/\/mistrzowieimprez.pl\/?s={search_term_string}"},"query-input":{"@type":"PropertyValueSpecification","valueRequired":true,"valueName":"search_term_string"}}],"inLanguage":"en-GB"},{"@type":"Organization","@id":"https:\/\/mistrzowieimprez.pl\/#organization","name":"Mistrzowie Imprez","url":"https:\/\/mistrzowieimprez.pl\/","logo":{"@type":"ImageObject","inLanguage":"en-GB","@id":"https:\/\/mistrzowieimprez.pl\/#\/schema\/logo\/image\/","url":"https:\/\/mistrzowieimprez.pl\/wp-content\/uploads\/2024\/08\/mistrzowie_imprez_logo_ciemne-tlo@4x.png","contentUrl":"https:\/\/mistrzowieimprez.pl\/wp-content\/uploads\/2024\/08\/mistrzowie_imprez_logo_ciemne-tlo@4x.png","width":1318,"height":351,"caption":"Mistrzowie Imprez"},"image":{"@id":"https:\/\/mistrzowieimprez.pl\/#\/schema\/logo\/image\/"},"sameAs":["https:\/\/www.facebook.com\/mistrzowieimprez","https:\/\/www.instagram.com\/mistrzowieimprez\/","https:\/\/www.youtube.com\/@ytmistrzowieimprez"]}]}},"_links":{"self":[{"href":"https:\/\/mistrzowieimprez.pl\/en\/wp-json\/wp\/v2\/product\/710","targetHints":{"allow":["GET"]}}],"collection":[{"href":"https:\/\/mistrzowieimprez.pl\/en\/wp-json\/wp\/v2\/product"}],"about":[{"href":"https:\/\/mistrzowieimprez.pl\/en\/wp-json\/wp\/v2\/types\/product"}],"replies":[{"embeddable":true,"href":"https:\/\/mistrzowieimprez.pl\/en\/wp-json\/wp\/v2\/comments?post=710"}],"version-history":[{"count":3,"href":"https:\/\/mistrzowieimprez.pl\/en\/wp-json\/wp\/v2\/product\/710\/revisions"}],"predecessor-version":[{"id":1962,"href":"https:\/\/mistrzowieimprez.pl\/en\/wp-json\/wp\/v2\/product\/710\/revisions\/1962"}],"wp:featuredmedia":[{"embeddable":true,"href":"https:\/\/mistrzowieimprez.pl\/en\/wp-json\/wp\/v2\/media\/1243"}],"wp:attachment":[{"href":"https:\/\/mistrzowieimprez.pl\/en\/wp-json\/wp\/v2\/media?parent=710"}],"wp:term":[{"taxonomy":"product_brand","embeddable":true,"href":"https:\/\/mistrzowieimprez.pl\/en\/wp-json\/wp\/v2\/product_brand?post=710"},{"taxonomy":"product_cat","embeddable":true,"href":"https:\/\/mistrzowieimprez.pl\/en\/wp-json\/wp\/v2\/product_cat?post=710"},{"taxonomy":"product_tag","embeddable":true,"href":"https:\/\/mistrzowieimprez.pl\/en\/wp-json\/wp\/v2\/product_tag?post=710"}],"curies":[{"name":"wp","href":"https:\/\/api.w.org\/{rel}","templated":true}]}}