{"id":707,"date":"2024-09-01T09:07:08","date_gmt":"2024-09-01T09:07:08","guid":{"rendered":"https:\/\/mistrzowieimprez.pl\/produkt\/cornhole\/"},"modified":"2026-03-18T08:31:12","modified_gmt":"2026-03-18T08:31:12","slug":"cornhole","status":"publish","type":"product","link":"https:\/\/mistrzowieimprez.pl\/en\/product\/cornhole\/","title":{"rendered":"Cornhole"},"content":{"rendered":"<p>Wrzu\u0107 si\u0119 w wir zabawy z nasz\u0105 gr\u0105 Cornhole! To doskona\u0142a propozycja dla m\u0142odzie\u017cy i doros\u0142ych szukaj\u0105cych ekologicznej rozrywki na \u015bwie\u017cym powietrzu. Gra polega na wrzucaniu work\u00f3w z ziarnami (st\u0105d nazwa &#8222;Cornhole&#8221;) do otwor\u00f3w w specjalnym drewnianym stole. To nie tylko \u015bwietna zabawa, ale te\u017c dobra okazja do rywalizacji i sprawdzenia swoich umiej\u0119tno\u015bci!<\/p>\n<ul>\n<li>St\u00f3\u0142 wykonany z ekologicznego drewna<\/li>\n<li>Worki wype\u0142nione naturalnymi ziarnami<\/li>\n<li>Mo\u017cliwo\u015b\u0107 ustalenia r\u00f3\u017cnych poziom\u00f3w trudno\u015bci<\/li>\n<\/ul>\n<ul>\n<li>Doskona\u0142y spos\u00f3b na aktywne sp\u0119dzenie czasu na \u015bwie\u017cym powietrzu<\/li>\n<li>Stymuluje koordynacj\u0119 ruchow\u0105 i celno\u015b\u0107<\/li>\n<li>Tworzy okazj\u0119 do zdrowej rywalizacji i integracji<\/li>\n<\/ul>\n<p>Nie czekaj, dodaj gr\u0119 Cornhole do swojego zapytania ofertowego i poczuj prawdziw\u0105 rado\u015b\u0107 z eko-zabawy!<\/p>","protected":false},"excerpt":{"rendered":"<p>Do\u015bwiadcz ekologicznej rozrywki na \u015bwie\u017cym powietrzu z nasz\u0105 gr\u0105 Cornhole. To \u015bwietna zabawa i doskona\u0142a okazja do rywalizacji dla m\u0142odzie\u017cy i doros\u0142ych. Zapro\u015b przyjaci\u00f3\u0142 do wsp\u00f3lnej gry i poczuj prawdziw\u0105 rado\u015b\u0107 z eko-zabawy!<\/p>","protected":false},"featured_media":1310,"comment_status":"closed","ping_status":"closed","template":"","meta":{"_acf_changed":false},"product_brand":[],"product_cat":[80,83],"product_tag":[],"class_list":{"0":"post-707","1":"product","2":"type-product","3":"status-publish","4":"has-post-thumbnail","6":"product_cat-dla-mlodziezy-i-doroslych","7":"product_cat-eko-atrakcje","9":"first","10":"instock","11":"downloadable","12":"virtual","13":"purchasable","14":"product-type-simple"},"acf":[],"yoast_head":"<!-- This site is optimized with the Yoast SEO plugin v27.2 - https:\/\/yoast.com\/product\/yoast-seo-wordpress\/ -->\n<title>Cornhole na eventy \u2013 wynajem ameryka\u0144skiej gry zr\u0119czno\u015bciowej<\/title>\n<meta name=\"robots\" content=\"index, follow, max-snippet:-1, max-image-preview:large, max-video-preview:-1\" \/>\n<link rel=\"canonical\" href=\"https:\/\/mistrzowieimprez.pl\/en\/product\/cornhole\/\" \/>\n<meta property=\"og:locale\" content=\"en_GB\" \/>\n<meta property=\"og:type\" content=\"article\" \/>\n<meta property=\"og:title\" content=\"Cornhole na eventy \u2013 wynajem ameryka\u0144skiej gry zr\u0119czno\u015bciowej\" \/>\n<meta property=\"og:description\" content=\"Do\u015bwiadcz ekologicznej rozrywki na \u015bwie\u017cym powietrzu z nasz\u0105 gr\u0105 Cornhole. To \u015bwietna zabawa i doskona\u0142a okazja do rywalizacji dla m\u0142odzie\u017cy i doros\u0142ych. Zapro\u015b przyjaci\u00f3\u0142 do wsp\u00f3lnej gry i poczuj prawdziw\u0105 rado\u015b\u0107 z eko-zabawy!\" \/>\n<meta property=\"og:url\" content=\"https:\/\/mistrzowieimprez.pl\/en\/product\/cornhole\/\" \/>\n<meta property=\"og:site_name\" content=\"Mistrzowie Imprez\" \/>\n<meta property=\"article:publisher\" content=\"https:\/\/www.facebook.com\/mistrzowieimprez\" \/>\n<meta property=\"article:modified_time\" content=\"2026-03-18T08:31:12+00:00\" \/>\n<meta property=\"og:image\" content=\"https:\/\/mistrzowieimprez.pl\/wp-content\/uploads\/2024\/09\/cornhole.png\" \/>\n\t<meta property=\"og:image:width\" content=\"1000\" \/>\n\t<meta property=\"og:image:height\" content=\"1000\" \/>\n\t<meta property=\"og:image:type\" content=\"image\/png\" \/>\n<meta name=\"twitter:card\" content=\"summary_large_image\" \/>\n<meta name=\"twitter:label1\" content=\"Estimated reading time\" \/>\n\t<meta name=\"twitter:data1\" content=\"1 minute\" \/>\n<script type=\"application\/ld+json\" class=\"yoast-schema-graph\">{\"@context\":\"https:\/\/schema.org\",\"@graph\":[{\"@type\":\"WebPage\",\"@id\":\"https:\/\/mistrzowieimprez.pl\/produkt\/cornhole\/\",\"url\":\"https:\/\/mistrzowieimprez.pl\/produkt\/cornhole\/\",\"name\":\"Cornhole na eventy \u2013 wynajem ameryka\u0144skiej gry zr\u0119czno\u015bciowej\",\"isPartOf\":{\"@id\":\"https:\/\/mistrzowieimprez.pl\/#website\"},\"primaryImageOfPage\":{\"@id\":\"https:\/\/mistrzowieimprez.pl\/produkt\/cornhole\/#primaryimage\"},\"image\":{\"@id\":\"https:\/\/mistrzowieimprez.pl\/produkt\/cornhole\/#primaryimage\"},\"thumbnailUrl\":\"https:\/\/mistrzowieimprez.pl\/wp-content\/uploads\/2024\/09\/cornhole.png\",\"datePublished\":\"2024-09-01T09:07:08+00:00\",\"dateModified\":\"2026-03-18T08:31:12+00:00\",\"breadcrumb\":{\"@id\":\"https:\/\/mistrzowieimprez.pl\/produkt\/cornhole\/#breadcrumb\"},\"inLanguage\":\"en-GB\",\"potentialAction\":[{\"@type\":\"ReadAction\",\"target\":[\"https:\/\/mistrzowieimprez.pl\/produkt\/cornhole\/\"]}]},{\"@type\":\"ImageObject\",\"inLanguage\":\"en-GB\",\"@id\":\"https:\/\/mistrzowieimprez.pl\/produkt\/cornhole\/#primaryimage\",\"url\":\"https:\/\/mistrzowieimprez.pl\/wp-content\/uploads\/2024\/09\/cornhole.png\",\"contentUrl\":\"https:\/\/mistrzowieimprez.pl\/wp-content\/uploads\/2024\/09\/cornhole.png\",\"width\":1000,\"height\":1000,\"caption\":\"Drewniana platforma do gry cornhole z czerwonymi i niebieskimi woreczkami le\u017c\u0105cymi na trawie.\"},{\"@type\":\"BreadcrumbList\",\"@id\":\"https:\/\/mistrzowieimprez.pl\/produkt\/cornhole\/#breadcrumb\",\"itemListElement\":[{\"@type\":\"ListItem\",\"position\":1,\"name\":\"Strona g\u0142\u00f3wna\",\"item\":\"https:\/\/mistrzowieimprez.pl\/\"},{\"@type\":\"ListItem\",\"position\":2,\"name\":\"sklep\",\"item\":\"https:\/\/mistrzowieimprez.pl\/sklep\/\"},{\"@type\":\"ListItem\",\"position\":3,\"name\":\"Cornhole\"}]},{\"@type\":\"WebSite\",\"@id\":\"https:\/\/mistrzowieimprez.pl\/#website\",\"url\":\"https:\/\/mistrzowieimprez.pl\/\",\"name\":\"Mistrzowie Imprez\",\"description\":\"Kompleksowa organizacja imprez\",\"publisher\":{\"@id\":\"https:\/\/mistrzowieimprez.pl\/#organization\"},\"potentialAction\":[{\"@type\":\"SearchAction\",\"target\":{\"@type\":\"EntryPoint\",\"urlTemplate\":\"https:\/\/mistrzowieimprez.pl\/?s={search_term_string}\"},\"query-input\":{\"@type\":\"PropertyValueSpecification\",\"valueRequired\":true,\"valueName\":\"search_term_string\"}}],\"inLanguage\":\"en-GB\"},{\"@type\":\"Organization\",\"@id\":\"https:\/\/mistrzowieimprez.pl\/#organization\",\"name\":\"Mistrzowie Imprez\",\"url\":\"https:\/\/mistrzowieimprez.pl\/\",\"logo\":{\"@type\":\"ImageObject\",\"inLanguage\":\"en-GB\",\"@id\":\"https:\/\/mistrzowieimprez.pl\/#\/schema\/logo\/image\/\",\"url\":\"https:\/\/mistrzowieimprez.pl\/wp-content\/uploads\/2024\/08\/mistrzowie_imprez_logo_ciemne-tlo@4x.png\",\"contentUrl\":\"https:\/\/mistrzowieimprez.pl\/wp-content\/uploads\/2024\/08\/mistrzowie_imprez_logo_ciemne-tlo@4x.png\",\"width\":1318,\"height\":351,\"caption\":\"Mistrzowie Imprez\"},\"image\":{\"@id\":\"https:\/\/mistrzowieimprez.pl\/#\/schema\/logo\/image\/\"},\"sameAs\":[\"https:\/\/www.facebook.com\/mistrzowieimprez\",\"https:\/\/www.instagram.com\/mistrzowieimprez\/\",\"https:\/\/www.youtube.com\/@ytmistrzowieimprez\"]}]}<\/script>\n<!-- \/ Yoast SEO plugin. -->","yoast_head_json":{"title":"Cornhole na eventy \u2013 wynajem ameryka\u0144skiej gry zr\u0119czno\u015bciowej","robots":{"index":"index","follow":"follow","max-snippet":"max-snippet:-1","max-image-preview":"max-image-preview:large","max-video-preview":"max-video-preview:-1"},"canonical":"https:\/\/mistrzowieimprez.pl\/en\/product\/cornhole\/","og_locale":"en_GB","og_type":"article","og_title":"Cornhole na eventy \u2013 wynajem ameryka\u0144skiej gry zr\u0119czno\u015bciowej","og_description":"Do\u015bwiadcz ekologicznej rozrywki na \u015bwie\u017cym powietrzu z nasz\u0105 gr\u0105 Cornhole. To \u015bwietna zabawa i doskona\u0142a okazja do rywalizacji dla m\u0142odzie\u017cy i doros\u0142ych. Zapro\u015b przyjaci\u00f3\u0142 do wsp\u00f3lnej gry i poczuj prawdziw\u0105 rado\u015b\u0107 z eko-zabawy!","og_url":"https:\/\/mistrzowieimprez.pl\/en\/product\/cornhole\/","og_site_name":"Mistrzowie Imprez","article_publisher":"https:\/\/www.facebook.com\/mistrzowieimprez","article_modified_time":"2026-03-18T08:31:12+00:00","og_image":[{"width":1000,"height":1000,"url":"https:\/\/mistrzowieimprez.pl\/wp-content\/uploads\/2024\/09\/cornhole.png","type":"image\/png"}],"twitter_card":"summary_large_image","twitter_misc":{"Estimated reading time":"1 minute"},"schema":{"@context":"https:\/\/schema.org","@graph":[{"@type":"WebPage","@id":"https:\/\/mistrzowieimprez.pl\/produkt\/cornhole\/","url":"https:\/\/mistrzowieimprez.pl\/produkt\/cornhole\/","name":"Cornhole na eventy \u2013 wynajem ameryka\u0144skiej gry zr\u0119czno\u015bciowej","isPartOf":{"@id":"https:\/\/mistrzowieimprez.pl\/#website"},"primaryImageOfPage":{"@id":"https:\/\/mistrzowieimprez.pl\/produkt\/cornhole\/#primaryimage"},"image":{"@id":"https:\/\/mistrzowieimprez.pl\/produkt\/cornhole\/#primaryimage"},"thumbnailUrl":"https:\/\/mistrzowieimprez.pl\/wp-content\/uploads\/2024\/09\/cornhole.png","datePublished":"2024-09-01T09:07:08+00:00","dateModified":"2026-03-18T08:31:12+00:00","breadcrumb":{"@id":"https:\/\/mistrzowieimprez.pl\/produkt\/cornhole\/#breadcrumb"},"inLanguage":"en-GB","potentialAction":[{"@type":"ReadAction","target":["https:\/\/mistrzowieimprez.pl\/produkt\/cornhole\/"]}]},{"@type":"ImageObject","inLanguage":"en-GB","@id":"https:\/\/mistrzowieimprez.pl\/produkt\/cornhole\/#primaryimage","url":"https:\/\/mistrzowieimprez.pl\/wp-content\/uploads\/2024\/09\/cornhole.png","contentUrl":"https:\/\/mistrzowieimprez.pl\/wp-content\/uploads\/2024\/09\/cornhole.png","width":1000,"height":1000,"caption":"Drewniana platforma do gry cornhole z czerwonymi i niebieskimi woreczkami le\u017c\u0105cymi na trawie."},{"@type":"BreadcrumbList","@id":"https:\/\/mistrzowieimprez.pl\/produkt\/cornhole\/#breadcrumb","itemListElement":[{"@type":"ListItem","position":1,"name":"Strona g\u0142\u00f3wna","item":"https:\/\/mistrzowieimprez.pl\/"},{"@type":"ListItem","position":2,"name":"sklep","item":"https:\/\/mistrzowieimprez.pl\/sklep\/"},{"@type":"ListItem","position":3,"name":"Cornhole"}]},{"@type":"WebSite","@id":"https:\/\/mistrzowieimprez.pl\/#website","url":"https:\/\/mistrzowieimprez.pl\/","name":"Mistrzowie Imprez","description":"Kompleksowa organizacja imprez","publisher":{"@id":"https:\/\/mistrzowieimprez.pl\/#organization"},"potentialAction":[{"@type":"SearchAction","target":{"@type":"EntryPoint","urlTemplate":"https:\/\/mistrzowieimprez.pl\/?s={search_term_string}"},"query-input":{"@type":"PropertyValueSpecification","valueRequired":true,"valueName":"search_term_string"}}],"inLanguage":"en-GB"},{"@type":"Organization","@id":"https:\/\/mistrzowieimprez.pl\/#organization","name":"Mistrzowie Imprez","url":"https:\/\/mistrzowieimprez.pl\/","logo":{"@type":"ImageObject","inLanguage":"en-GB","@id":"https:\/\/mistrzowieimprez.pl\/#\/schema\/logo\/image\/","url":"https:\/\/mistrzowieimprez.pl\/wp-content\/uploads\/2024\/08\/mistrzowie_imprez_logo_ciemne-tlo@4x.png","contentUrl":"https:\/\/mistrzowieimprez.pl\/wp-content\/uploads\/2024\/08\/mistrzowie_imprez_logo_ciemne-tlo@4x.png","width":1318,"height":351,"caption":"Mistrzowie Imprez"},"image":{"@id":"https:\/\/mistrzowieimprez.pl\/#\/schema\/logo\/image\/"},"sameAs":["https:\/\/www.facebook.com\/mistrzowieimprez","https:\/\/www.instagram.com\/mistrzowieimprez\/","https:\/\/www.youtube.com\/@ytmistrzowieimprez"]}]}},"_links":{"self":[{"href":"https:\/\/mistrzowieimprez.pl\/en\/wp-json\/wp\/v2\/product\/707","targetHints":{"allow":["GET"]}}],"collection":[{"href":"https:\/\/mistrzowieimprez.pl\/en\/wp-json\/wp\/v2\/product"}],"about":[{"href":"https:\/\/mistrzowieimprez.pl\/en\/wp-json\/wp\/v2\/types\/product"}],"replies":[{"embeddable":true,"href":"https:\/\/mistrzowieimprez.pl\/en\/wp-json\/wp\/v2\/comments?post=707"}],"version-history":[{"count":1,"href":"https:\/\/mistrzowieimprez.pl\/en\/wp-json\/wp\/v2\/product\/707\/revisions"}],"predecessor-version":[{"id":3524,"href":"https:\/\/mistrzowieimprez.pl\/en\/wp-json\/wp\/v2\/product\/707\/revisions\/3524"}],"wp:featuredmedia":[{"embeddable":true,"href":"https:\/\/mistrzowieimprez.pl\/en\/wp-json\/wp\/v2\/media\/1310"}],"wp:attachment":[{"href":"https:\/\/mistrzowieimprez.pl\/en\/wp-json\/wp\/v2\/media?parent=707"}],"wp:term":[{"taxonomy":"product_brand","embeddable":true,"href":"https:\/\/mistrzowieimprez.pl\/en\/wp-json\/wp\/v2\/product_brand?post=707"},{"taxonomy":"product_cat","embeddable":true,"href":"https:\/\/mistrzowieimprez.pl\/en\/wp-json\/wp\/v2\/product_cat?post=707"},{"taxonomy":"product_tag","embeddable":true,"href":"https:\/\/mistrzowieimprez.pl\/en\/wp-json\/wp\/v2\/product_tag?post=707"}],"curies":[{"name":"wp","href":"https:\/\/api.w.org\/{rel}","templated":true}]}}