{"id":704,"date":"2024-09-01T09:07:01","date_gmt":"2024-09-01T09:07:01","guid":{"rendered":"https:\/\/mistrzowieimprez.pl\/produkt\/ladder-golf\/"},"modified":"2026-03-18T08:29:41","modified_gmt":"2026-03-18T08:29:41","slug":"ladder-golf","status":"publish","type":"product","link":"https:\/\/mistrzowieimprez.pl\/en\/product\/ladder-golf\/","title":{"rendered":"Ladder Golf"},"content":{"rendered":"<p>Przygotuj si\u0119 na niekonwencjonaln\u0105 zabaw\u0119 z gr\u0105 Ladder Golf! To ekscytuj\u0105ca i wci\u0105gaj\u0105ca gra, kt\u00f3ra z pewno\u015bci\u0105 o\u017cywi ka\u017cd\u0105 imprez\u0119. Doskona\u0142a dla m\u0142odzie\u017cy i doros\u0142ych, Ladder Golf jest nie tylko zabawny, ale tak\u017ce stymuluje zdolno\u015bci strategiczne i koordynacj\u0119 ruchow\u0105.<\/p>\n<ul>\n<li>W sk\u0142ad zestawu wchodz\u0105 dwie drewniane drabinki i zestaw kolorowych bolos.<\/li>\n<li>Gra przeznaczona dla 2-4 graczy lub dru\u017cyn.<\/li>\n<li>\u0141atwe do monta\u017cu i demonta\u017cu, co u\u0142atwia przenoszenie i przechowywanie.<\/li>\n<\/ul>\n<ul>\n<li>\u015awietna zabawa i rywalizacja &#8211; doskona\u0142y spos\u00f3b na podniesienie nastr\u00f3j na ka\u017cdym wydarzeniu.<\/li>\n<li>Stymuluje zdolno\u015bci strategiczne i koordynacj\u0119 ruchow\u0105.<\/li>\n<li>Promuje zdrow\u0105 konkurencj\u0119 i interakcj\u0119 spo\u0142eczn\u0105.<\/li>\n<\/ul>\n<p>Zam\u00f3w teraz Ladder Golf i dodaj nieco ekscytacji do swojego nast\u0119pnego wydarzenia!<\/p>","protected":false},"excerpt":{"rendered":"<p>Przygotuj si\u0119 na niekonwencjonaln\u0105 i ekscytuj\u0105c\u0105 zabaw\u0119 z gr\u0105 Ladder Golf! To wci\u0105gaj\u0105ce zaj\u0119cie o\u017cywi ka\u017cd\u0105 imprez\u0119, stymuluj\u0105c zdolno\u015bci strategiczne i koordynacj\u0119 ruchow\u0105. Idealne dla m\u0142odzie\u017cy i doros\u0142ych, zapewnia doskona\u0142\u0105 zabaw\u0119 i rywalizacj\u0119 na ka\u017cdym wydarzeniu.<\/p>","protected":false},"featured_media":1124,"comment_status":"closed","ping_status":"closed","template":"","meta":{"_acf_changed":false},"product_brand":[],"product_cat":[80,83],"product_tag":[],"class_list":{"0":"post-704","1":"product","2":"type-product","3":"status-publish","4":"has-post-thumbnail","6":"product_cat-dla-mlodziezy-i-doroslych","7":"product_cat-eko-atrakcje","9":"first","10":"instock","11":"downloadable","12":"virtual","13":"purchasable","14":"product-type-simple"},"acf":[],"yoast_head":"<!-- This site is optimized with the Yoast SEO plugin v27.5 - https:\/\/yoast.com\/product\/yoast-seo-wordpress\/ -->\n<title>Ladder golf na eventy \u2013 wynajem zr\u0119czno\u015bciowej gry ogrodowej<\/title>\n<meta name=\"robots\" content=\"index, follow, max-snippet:-1, max-image-preview:large, max-video-preview:-1\" \/>\n<link rel=\"canonical\" href=\"https:\/\/mistrzowieimprez.pl\/en\/product\/ladder-golf\/\" \/>\n<meta property=\"og:locale\" content=\"en_GB\" \/>\n<meta property=\"og:type\" content=\"article\" \/>\n<meta property=\"og:title\" content=\"Ladder golf na eventy \u2013 wynajem zr\u0119czno\u015bciowej gry ogrodowej\" \/>\n<meta property=\"og:description\" content=\"Przygotuj si\u0119 na niekonwencjonaln\u0105 i ekscytuj\u0105c\u0105 zabaw\u0119 z gr\u0105 Ladder Golf! To wci\u0105gaj\u0105ce zaj\u0119cie o\u017cywi ka\u017cd\u0105 imprez\u0119, stymuluj\u0105c zdolno\u015bci strategiczne i koordynacj\u0119 ruchow\u0105. Idealne dla m\u0142odzie\u017cy i doros\u0142ych, zapewnia doskona\u0142\u0105 zabaw\u0119 i rywalizacj\u0119 na ka\u017cdym wydarzeniu.\" \/>\n<meta property=\"og:url\" content=\"https:\/\/mistrzowieimprez.pl\/en\/product\/ladder-golf\/\" \/>\n<meta property=\"og:site_name\" content=\"Mistrzowie Imprez\" \/>\n<meta property=\"article:publisher\" content=\"https:\/\/www.facebook.com\/mistrzowieimprez\" \/>\n<meta property=\"article:modified_time\" content=\"2026-03-18T08:29:41+00:00\" \/>\n<meta property=\"og:image\" content=\"https:\/\/mistrzowieimprez.pl\/wp-content\/uploads\/2024\/09\/Ladder-Golf-scaled.jpg\" \/>\n\t<meta property=\"og:image:width\" content=\"2560\" \/>\n\t<meta property=\"og:image:height\" content=\"1707\" \/>\n\t<meta property=\"og:image:type\" content=\"image\/jpeg\" \/>\n<meta name=\"twitter:card\" content=\"summary_large_image\" \/>\n<meta name=\"twitter:label1\" content=\"Estimated reading time\" \/>\n\t<meta name=\"twitter:data1\" content=\"1 minute\" \/>\n<script type=\"application\/ld+json\" class=\"yoast-schema-graph\">{\"@context\":\"https:\\\/\\\/schema.org\",\"@graph\":[{\"@type\":\"WebPage\",\"@id\":\"https:\\\/\\\/mistrzowieimprez.pl\\\/produkt\\\/ladder-golf\\\/\",\"url\":\"https:\\\/\\\/mistrzowieimprez.pl\\\/produkt\\\/ladder-golf\\\/\",\"name\":\"Ladder golf na eventy \u2013 wynajem zr\u0119czno\u015bciowej gry ogrodowej\",\"isPartOf\":{\"@id\":\"https:\\\/\\\/mistrzowieimprez.pl\\\/#website\"},\"primaryImageOfPage\":{\"@id\":\"https:\\\/\\\/mistrzowieimprez.pl\\\/produkt\\\/ladder-golf\\\/#primaryimage\"},\"image\":{\"@id\":\"https:\\\/\\\/mistrzowieimprez.pl\\\/produkt\\\/ladder-golf\\\/#primaryimage\"},\"thumbnailUrl\":\"https:\\\/\\\/mistrzowieimprez.pl\\\/wp-content\\\/uploads\\\/2024\\\/09\\\/Ladder-Golf-scaled.jpg\",\"datePublished\":\"2024-09-01T09:07:01+00:00\",\"dateModified\":\"2026-03-18T08:29:41+00:00\",\"breadcrumb\":{\"@id\":\"https:\\\/\\\/mistrzowieimprez.pl\\\/produkt\\\/ladder-golf\\\/#breadcrumb\"},\"inLanguage\":\"en-GB\",\"potentialAction\":[{\"@type\":\"ReadAction\",\"target\":[\"https:\\\/\\\/mistrzowieimprez.pl\\\/produkt\\\/ladder-golf\\\/\"]}]},{\"@type\":\"ImageObject\",\"inLanguage\":\"en-GB\",\"@id\":\"https:\\\/\\\/mistrzowieimprez.pl\\\/produkt\\\/ladder-golf\\\/#primaryimage\",\"url\":\"https:\\\/\\\/mistrzowieimprez.pl\\\/wp-content\\\/uploads\\\/2024\\\/09\\\/Ladder-Golf-scaled.jpg\",\"contentUrl\":\"https:\\\/\\\/mistrzowieimprez.pl\\\/wp-content\\\/uploads\\\/2024\\\/09\\\/Ladder-Golf-scaled.jpg\",\"width\":2560,\"height\":1707,\"caption\":\"Bartek D\u0119bkowski \\\/ Kreatyw! Media\"},{\"@type\":\"BreadcrumbList\",\"@id\":\"https:\\\/\\\/mistrzowieimprez.pl\\\/produkt\\\/ladder-golf\\\/#breadcrumb\",\"itemListElement\":[{\"@type\":\"ListItem\",\"position\":1,\"name\":\"Strona g\u0142\u00f3wna\",\"item\":\"https:\\\/\\\/mistrzowieimprez.pl\\\/\"},{\"@type\":\"ListItem\",\"position\":2,\"name\":\"sklep\",\"item\":\"https:\\\/\\\/mistrzowieimprez.pl\\\/sklep\\\/\"},{\"@type\":\"ListItem\",\"position\":3,\"name\":\"Ladder Golf\"}]},{\"@type\":\"WebSite\",\"@id\":\"https:\\\/\\\/mistrzowieimprez.pl\\\/#website\",\"url\":\"https:\\\/\\\/mistrzowieimprez.pl\\\/\",\"name\":\"Mistrzowie Imprez\",\"description\":\"Kompleksowa organizacja imprez\",\"publisher\":{\"@id\":\"https:\\\/\\\/mistrzowieimprez.pl\\\/#organization\"},\"potentialAction\":[{\"@type\":\"SearchAction\",\"target\":{\"@type\":\"EntryPoint\",\"urlTemplate\":\"https:\\\/\\\/mistrzowieimprez.pl\\\/?s={search_term_string}\"},\"query-input\":{\"@type\":\"PropertyValueSpecification\",\"valueRequired\":true,\"valueName\":\"search_term_string\"}}],\"inLanguage\":\"en-GB\"},{\"@type\":\"Organization\",\"@id\":\"https:\\\/\\\/mistrzowieimprez.pl\\\/#organization\",\"name\":\"Mistrzowie Imprez\",\"url\":\"https:\\\/\\\/mistrzowieimprez.pl\\\/\",\"logo\":{\"@type\":\"ImageObject\",\"inLanguage\":\"en-GB\",\"@id\":\"https:\\\/\\\/mistrzowieimprez.pl\\\/#\\\/schema\\\/logo\\\/image\\\/\",\"url\":\"https:\\\/\\\/mistrzowieimprez.pl\\\/wp-content\\\/uploads\\\/2024\\\/08\\\/mistrzowie_imprez_logo_ciemne-tlo@4x.png\",\"contentUrl\":\"https:\\\/\\\/mistrzowieimprez.pl\\\/wp-content\\\/uploads\\\/2024\\\/08\\\/mistrzowie_imprez_logo_ciemne-tlo@4x.png\",\"width\":1318,\"height\":351,\"caption\":\"Mistrzowie Imprez\"},\"image\":{\"@id\":\"https:\\\/\\\/mistrzowieimprez.pl\\\/#\\\/schema\\\/logo\\\/image\\\/\"},\"sameAs\":[\"https:\\\/\\\/www.facebook.com\\\/mistrzowieimprez\",\"https:\\\/\\\/www.instagram.com\\\/mistrzowieimprez\\\/\",\"https:\\\/\\\/www.youtube.com\\\/@ytmistrzowieimprez\"]}]}<\/script>\n<!-- \/ Yoast SEO plugin. -->","yoast_head_json":{"title":"Ladder golf na eventy \u2013 wynajem zr\u0119czno\u015bciowej gry ogrodowej","robots":{"index":"index","follow":"follow","max-snippet":"max-snippet:-1","max-image-preview":"max-image-preview:large","max-video-preview":"max-video-preview:-1"},"canonical":"https:\/\/mistrzowieimprez.pl\/en\/product\/ladder-golf\/","og_locale":"en_GB","og_type":"article","og_title":"Ladder golf na eventy \u2013 wynajem zr\u0119czno\u015bciowej gry ogrodowej","og_description":"Przygotuj si\u0119 na niekonwencjonaln\u0105 i ekscytuj\u0105c\u0105 zabaw\u0119 z gr\u0105 Ladder Golf! To wci\u0105gaj\u0105ce zaj\u0119cie o\u017cywi ka\u017cd\u0105 imprez\u0119, stymuluj\u0105c zdolno\u015bci strategiczne i koordynacj\u0119 ruchow\u0105. Idealne dla m\u0142odzie\u017cy i doros\u0142ych, zapewnia doskona\u0142\u0105 zabaw\u0119 i rywalizacj\u0119 na ka\u017cdym wydarzeniu.","og_url":"https:\/\/mistrzowieimprez.pl\/en\/product\/ladder-golf\/","og_site_name":"Mistrzowie Imprez","article_publisher":"https:\/\/www.facebook.com\/mistrzowieimprez","article_modified_time":"2026-03-18T08:29:41+00:00","og_image":[{"width":2560,"height":1707,"url":"https:\/\/mistrzowieimprez.pl\/wp-content\/uploads\/2024\/09\/Ladder-Golf-scaled.jpg","type":"image\/jpeg"}],"twitter_card":"summary_large_image","twitter_misc":{"Estimated reading time":"1 minute"},"schema":{"@context":"https:\/\/schema.org","@graph":[{"@type":"WebPage","@id":"https:\/\/mistrzowieimprez.pl\/produkt\/ladder-golf\/","url":"https:\/\/mistrzowieimprez.pl\/produkt\/ladder-golf\/","name":"Ladder golf na eventy \u2013 wynajem zr\u0119czno\u015bciowej gry ogrodowej","isPartOf":{"@id":"https:\/\/mistrzowieimprez.pl\/#website"},"primaryImageOfPage":{"@id":"https:\/\/mistrzowieimprez.pl\/produkt\/ladder-golf\/#primaryimage"},"image":{"@id":"https:\/\/mistrzowieimprez.pl\/produkt\/ladder-golf\/#primaryimage"},"thumbnailUrl":"https:\/\/mistrzowieimprez.pl\/wp-content\/uploads\/2024\/09\/Ladder-Golf-scaled.jpg","datePublished":"2024-09-01T09:07:01+00:00","dateModified":"2026-03-18T08:29:41+00:00","breadcrumb":{"@id":"https:\/\/mistrzowieimprez.pl\/produkt\/ladder-golf\/#breadcrumb"},"inLanguage":"en-GB","potentialAction":[{"@type":"ReadAction","target":["https:\/\/mistrzowieimprez.pl\/produkt\/ladder-golf\/"]}]},{"@type":"ImageObject","inLanguage":"en-GB","@id":"https:\/\/mistrzowieimprez.pl\/produkt\/ladder-golf\/#primaryimage","url":"https:\/\/mistrzowieimprez.pl\/wp-content\/uploads\/2024\/09\/Ladder-Golf-scaled.jpg","contentUrl":"https:\/\/mistrzowieimprez.pl\/wp-content\/uploads\/2024\/09\/Ladder-Golf-scaled.jpg","width":2560,"height":1707,"caption":"Bartek D\u0119bkowski \/ Kreatyw! Media"},{"@type":"BreadcrumbList","@id":"https:\/\/mistrzowieimprez.pl\/produkt\/ladder-golf\/#breadcrumb","itemListElement":[{"@type":"ListItem","position":1,"name":"Strona g\u0142\u00f3wna","item":"https:\/\/mistrzowieimprez.pl\/"},{"@type":"ListItem","position":2,"name":"sklep","item":"https:\/\/mistrzowieimprez.pl\/sklep\/"},{"@type":"ListItem","position":3,"name":"Ladder Golf"}]},{"@type":"WebSite","@id":"https:\/\/mistrzowieimprez.pl\/#website","url":"https:\/\/mistrzowieimprez.pl\/","name":"Mistrzowie Imprez","description":"Kompleksowa organizacja imprez","publisher":{"@id":"https:\/\/mistrzowieimprez.pl\/#organization"},"potentialAction":[{"@type":"SearchAction","target":{"@type":"EntryPoint","urlTemplate":"https:\/\/mistrzowieimprez.pl\/?s={search_term_string}"},"query-input":{"@type":"PropertyValueSpecification","valueRequired":true,"valueName":"search_term_string"}}],"inLanguage":"en-GB"},{"@type":"Organization","@id":"https:\/\/mistrzowieimprez.pl\/#organization","name":"Mistrzowie Imprez","url":"https:\/\/mistrzowieimprez.pl\/","logo":{"@type":"ImageObject","inLanguage":"en-GB","@id":"https:\/\/mistrzowieimprez.pl\/#\/schema\/logo\/image\/","url":"https:\/\/mistrzowieimprez.pl\/wp-content\/uploads\/2024\/08\/mistrzowie_imprez_logo_ciemne-tlo@4x.png","contentUrl":"https:\/\/mistrzowieimprez.pl\/wp-content\/uploads\/2024\/08\/mistrzowie_imprez_logo_ciemne-tlo@4x.png","width":1318,"height":351,"caption":"Mistrzowie Imprez"},"image":{"@id":"https:\/\/mistrzowieimprez.pl\/#\/schema\/logo\/image\/"},"sameAs":["https:\/\/www.facebook.com\/mistrzowieimprez","https:\/\/www.instagram.com\/mistrzowieimprez\/","https:\/\/www.youtube.com\/@ytmistrzowieimprez"]}]}},"_links":{"self":[{"href":"https:\/\/mistrzowieimprez.pl\/en\/wp-json\/wp\/v2\/product\/704","targetHints":{"allow":["GET"]}}],"collection":[{"href":"https:\/\/mistrzowieimprez.pl\/en\/wp-json\/wp\/v2\/product"}],"about":[{"href":"https:\/\/mistrzowieimprez.pl\/en\/wp-json\/wp\/v2\/types\/product"}],"replies":[{"embeddable":true,"href":"https:\/\/mistrzowieimprez.pl\/en\/wp-json\/wp\/v2\/comments?post=704"}],"version-history":[{"count":1,"href":"https:\/\/mistrzowieimprez.pl\/en\/wp-json\/wp\/v2\/product\/704\/revisions"}],"predecessor-version":[{"id":3520,"href":"https:\/\/mistrzowieimprez.pl\/en\/wp-json\/wp\/v2\/product\/704\/revisions\/3520"}],"wp:featuredmedia":[{"embeddable":true,"href":"https:\/\/mistrzowieimprez.pl\/en\/wp-json\/wp\/v2\/media\/1124"}],"wp:attachment":[{"href":"https:\/\/mistrzowieimprez.pl\/en\/wp-json\/wp\/v2\/media?parent=704"}],"wp:term":[{"taxonomy":"product_brand","embeddable":true,"href":"https:\/\/mistrzowieimprez.pl\/en\/wp-json\/wp\/v2\/product_brand?post=704"},{"taxonomy":"product_cat","embeddable":true,"href":"https:\/\/mistrzowieimprez.pl\/en\/wp-json\/wp\/v2\/product_cat?post=704"},{"taxonomy":"product_tag","embeddable":true,"href":"https:\/\/mistrzowieimprez.pl\/en\/wp-json\/wp\/v2\/product_tag?post=704"}],"curies":[{"name":"wp","href":"https:\/\/api.w.org\/{rel}","templated":true}]}}