{"id":703,"date":"2024-09-01T09:07:01","date_gmt":"2024-09-01T09:07:01","guid":{"rendered":"https:\/\/mistrzowieimprez.pl\/produkt\/kolko-i-krzyzyk-xxl\/"},"modified":"2026-03-18T08:29:36","modified_gmt":"2026-03-18T08:29:36","slug":"kolko-i-krzyzyk-xxl","status":"publish","type":"product","link":"https:\/\/mistrzowieimprez.pl\/en\/product\/kolko-i-krzyzyk-xxl\/","title":{"rendered":"K\u00f3\u0142ko i krzy\u017cyk XXL"},"content":{"rendered":"<p>Podbij swoje wydarzenie na inny poziom z nasz\u0105 gr\u0105 w K\u00f3\u0142ko i Krzy\u017cyk XXL! Ta wersja klasycznej gry jest idealna dla m\u0142odzie\u017cy i doros\u0142ych, przynosz\u0105c im nieko\u0144cz\u0105c\u0105 si\u0119 zabaw\u0119 i rywalizacj\u0119. Nasza gra K\u00f3\u0142ko i Krzy\u017cyk XXL to nie tylko rozrywka, ale tak\u017ce \u015bwietny spos\u00f3b na zacie\u015bnienie wi\u0119zi mi\u0119dzy uczestnikami.<\/p>\n<ul>\n<li>Wielko\u015b\u0107 XXL dla dodatkowej zabawy i wyzwa\u0144.<\/li>\n<li>Wykonana z ekologicznych materia\u0142\u00f3w, bezpieczna dla u\u017cytkownik\u00f3w i \u015brodowiska.<\/li>\n<li>\u0141atwa do ustawienia i przenoszenia, idealna do wydarze\u0144 na \u015bwie\u017cym powietrzu.<\/li>\n<\/ul>\n<ul>\n<li>Zabawa i rywalizacja w jednym &#8211; K\u00f3\u0142ko i Krzy\u017cyk XXL to \u015bwietna zabawa dla wszystkich uczestnik\u00f3w.<\/li>\n<li>Rozwija zdolno\u015bci strategiczne i my\u015blenie przestrzenne.<\/li>\n<li>\u015awietny spos\u00f3b na zacie\u015bnienie wi\u0119zi mi\u0119dzy uczestnikami.<\/li>\n<\/ul>\n<p>Nie zwlekaj, dodaj K\u00f3\u0142ko i Krzy\u017cyk XXL do swojego zapytania o wycen\u0119 ju\u017c teraz i zaskocz swoich go\u015bci niesamowit\u0105 rozrywk\u0105!<\/p>","protected":false},"excerpt":{"rendered":"<p>Podnie\u015b swoje wydarzenie do wy\u017cszego poziomu z nasz\u0105 gr\u0105 K\u00f3\u0142ko i Krzy\u017cyk XXL! Ta ekologiczna, wielkoformatowa wersja klasycznej gry zapewnia nieko\u0144cz\u0105c\u0105 si\u0119 zabaw\u0119 i rywalizacj\u0119 dla m\u0142odzie\u017cy i doros\u0142ych, jednocze\u015bnie zacie\u015bniaj\u0105c wi\u0119zi mi\u0119dzy uczestnikami.<\/p>","protected":false},"featured_media":1219,"comment_status":"closed","ping_status":"closed","template":"","meta":{"_acf_changed":false},"product_brand":[],"product_cat":[80,83],"product_tag":[],"class_list":{"0":"post-703","1":"product","2":"type-product","3":"status-publish","4":"has-post-thumbnail","6":"product_cat-dla-mlodziezy-i-doroslych","7":"product_cat-eko-atrakcje","9":"first","10":"instock","11":"downloadable","12":"virtual","13":"purchasable","14":"product-type-simple"},"acf":[],"yoast_head":"<!-- This site is optimized with the Yoast SEO plugin v27.5 - https:\/\/yoast.com\/product\/yoast-seo-wordpress\/ -->\n<title>K\u00f3\u0142ko i krzy\u017cyk XXL na eventy \u2013 wynajem wielkoformatowej gry<\/title>\n<meta name=\"robots\" content=\"index, follow, max-snippet:-1, max-image-preview:large, max-video-preview:-1\" \/>\n<link rel=\"canonical\" href=\"https:\/\/mistrzowieimprez.pl\/en\/product\/kolko-i-krzyzyk-xxl\/\" \/>\n<meta property=\"og:locale\" content=\"en_GB\" \/>\n<meta property=\"og:type\" content=\"article\" \/>\n<meta property=\"og:title\" content=\"K\u00f3\u0142ko i krzy\u017cyk XXL na eventy \u2013 wynajem wielkoformatowej gry\" \/>\n<meta property=\"og:description\" content=\"Podnie\u015b swoje wydarzenie do wy\u017cszego poziomu z nasz\u0105 gr\u0105 K\u00f3\u0142ko i Krzy\u017cyk XXL! Ta ekologiczna, wielkoformatowa wersja klasycznej gry zapewnia nieko\u0144cz\u0105c\u0105 si\u0119 zabaw\u0119 i rywalizacj\u0119 dla m\u0142odzie\u017cy i doros\u0142ych, jednocze\u015bnie zacie\u015bniaj\u0105c wi\u0119zi mi\u0119dzy uczestnikami.\" \/>\n<meta property=\"og:url\" content=\"https:\/\/mistrzowieimprez.pl\/en\/product\/kolko-i-krzyzyk-xxl\/\" \/>\n<meta property=\"og:site_name\" content=\"Mistrzowie Imprez\" \/>\n<meta property=\"article:publisher\" content=\"https:\/\/www.facebook.com\/mistrzowieimprez\" \/>\n<meta property=\"article:modified_time\" content=\"2026-03-18T08:29:36+00:00\" \/>\n<meta property=\"og:image\" content=\"https:\/\/mistrzowieimprez.pl\/wp-content\/uploads\/2024\/09\/Kolko-i-krzyzyk-XXL.png\" \/>\n\t<meta property=\"og:image:width\" content=\"800\" \/>\n\t<meta property=\"og:image:height\" content=\"800\" \/>\n\t<meta property=\"og:image:type\" content=\"image\/png\" \/>\n<meta name=\"twitter:card\" content=\"summary_large_image\" \/>\n<meta name=\"twitter:label1\" content=\"Estimated reading time\" \/>\n\t<meta name=\"twitter:data1\" content=\"1 minute\" \/>\n<script type=\"application\/ld+json\" class=\"yoast-schema-graph\">{\"@context\":\"https:\\\/\\\/schema.org\",\"@graph\":[{\"@type\":\"WebPage\",\"@id\":\"https:\\\/\\\/mistrzowieimprez.pl\\\/produkt\\\/kolko-i-krzyzyk-xxl\\\/\",\"url\":\"https:\\\/\\\/mistrzowieimprez.pl\\\/produkt\\\/kolko-i-krzyzyk-xxl\\\/\",\"name\":\"K\u00f3\u0142ko i krzy\u017cyk XXL na eventy \u2013 wynajem wielkoformatowej gry\",\"isPartOf\":{\"@id\":\"https:\\\/\\\/mistrzowieimprez.pl\\\/#website\"},\"primaryImageOfPage\":{\"@id\":\"https:\\\/\\\/mistrzowieimprez.pl\\\/produkt\\\/kolko-i-krzyzyk-xxl\\\/#primaryimage\"},\"image\":{\"@id\":\"https:\\\/\\\/mistrzowieimprez.pl\\\/produkt\\\/kolko-i-krzyzyk-xxl\\\/#primaryimage\"},\"thumbnailUrl\":\"https:\\\/\\\/mistrzowieimprez.pl\\\/wp-content\\\/uploads\\\/2024\\\/09\\\/Kolko-i-krzyzyk-XXL.png\",\"datePublished\":\"2024-09-01T09:07:01+00:00\",\"dateModified\":\"2026-03-18T08:29:36+00:00\",\"breadcrumb\":{\"@id\":\"https:\\\/\\\/mistrzowieimprez.pl\\\/produkt\\\/kolko-i-krzyzyk-xxl\\\/#breadcrumb\"},\"inLanguage\":\"en-GB\",\"potentialAction\":[{\"@type\":\"ReadAction\",\"target\":[\"https:\\\/\\\/mistrzowieimprez.pl\\\/produkt\\\/kolko-i-krzyzyk-xxl\\\/\"]}]},{\"@type\":\"ImageObject\",\"inLanguage\":\"en-GB\",\"@id\":\"https:\\\/\\\/mistrzowieimprez.pl\\\/produkt\\\/kolko-i-krzyzyk-xxl\\\/#primaryimage\",\"url\":\"https:\\\/\\\/mistrzowieimprez.pl\\\/wp-content\\\/uploads\\\/2024\\\/09\\\/Kolko-i-krzyzyk-XXL.png\",\"contentUrl\":\"https:\\\/\\\/mistrzowieimprez.pl\\\/wp-content\\\/uploads\\\/2024\\\/09\\\/Kolko-i-krzyzyk-XXL.png\",\"width\":1000,\"height\":1000,\"caption\":\"Drewniana plansza do gry w k\u00f3\u0142ko i krzy\u017cyk w du\u017cym formacie na trawie.\"},{\"@type\":\"BreadcrumbList\",\"@id\":\"https:\\\/\\\/mistrzowieimprez.pl\\\/produkt\\\/kolko-i-krzyzyk-xxl\\\/#breadcrumb\",\"itemListElement\":[{\"@type\":\"ListItem\",\"position\":1,\"name\":\"Strona g\u0142\u00f3wna\",\"item\":\"https:\\\/\\\/mistrzowieimprez.pl\\\/\"},{\"@type\":\"ListItem\",\"position\":2,\"name\":\"sklep\",\"item\":\"https:\\\/\\\/mistrzowieimprez.pl\\\/sklep\\\/\"},{\"@type\":\"ListItem\",\"position\":3,\"name\":\"K\u00f3\u0142ko i krzy\u017cyk XXL\"}]},{\"@type\":\"WebSite\",\"@id\":\"https:\\\/\\\/mistrzowieimprez.pl\\\/#website\",\"url\":\"https:\\\/\\\/mistrzowieimprez.pl\\\/\",\"name\":\"Mistrzowie Imprez\",\"description\":\"Kompleksowa organizacja imprez\",\"publisher\":{\"@id\":\"https:\\\/\\\/mistrzowieimprez.pl\\\/#organization\"},\"potentialAction\":[{\"@type\":\"SearchAction\",\"target\":{\"@type\":\"EntryPoint\",\"urlTemplate\":\"https:\\\/\\\/mistrzowieimprez.pl\\\/?s={search_term_string}\"},\"query-input\":{\"@type\":\"PropertyValueSpecification\",\"valueRequired\":true,\"valueName\":\"search_term_string\"}}],\"inLanguage\":\"en-GB\"},{\"@type\":\"Organization\",\"@id\":\"https:\\\/\\\/mistrzowieimprez.pl\\\/#organization\",\"name\":\"Mistrzowie Imprez\",\"url\":\"https:\\\/\\\/mistrzowieimprez.pl\\\/\",\"logo\":{\"@type\":\"ImageObject\",\"inLanguage\":\"en-GB\",\"@id\":\"https:\\\/\\\/mistrzowieimprez.pl\\\/#\\\/schema\\\/logo\\\/image\\\/\",\"url\":\"https:\\\/\\\/mistrzowieimprez.pl\\\/wp-content\\\/uploads\\\/2024\\\/08\\\/mistrzowie_imprez_logo_ciemne-tlo@4x.png\",\"contentUrl\":\"https:\\\/\\\/mistrzowieimprez.pl\\\/wp-content\\\/uploads\\\/2024\\\/08\\\/mistrzowie_imprez_logo_ciemne-tlo@4x.png\",\"width\":1318,\"height\":351,\"caption\":\"Mistrzowie Imprez\"},\"image\":{\"@id\":\"https:\\\/\\\/mistrzowieimprez.pl\\\/#\\\/schema\\\/logo\\\/image\\\/\"},\"sameAs\":[\"https:\\\/\\\/www.facebook.com\\\/mistrzowieimprez\",\"https:\\\/\\\/www.instagram.com\\\/mistrzowieimprez\\\/\",\"https:\\\/\\\/www.youtube.com\\\/@ytmistrzowieimprez\"]}]}<\/script>\n<!-- \/ Yoast SEO plugin. -->","yoast_head_json":{"title":"K\u00f3\u0142ko i krzy\u017cyk XXL na eventy \u2013 wynajem wielkoformatowej gry","robots":{"index":"index","follow":"follow","max-snippet":"max-snippet:-1","max-image-preview":"max-image-preview:large","max-video-preview":"max-video-preview:-1"},"canonical":"https:\/\/mistrzowieimprez.pl\/en\/product\/kolko-i-krzyzyk-xxl\/","og_locale":"en_GB","og_type":"article","og_title":"K\u00f3\u0142ko i krzy\u017cyk XXL na eventy \u2013 wynajem wielkoformatowej gry","og_description":"Podnie\u015b swoje wydarzenie do wy\u017cszego poziomu z nasz\u0105 gr\u0105 K\u00f3\u0142ko i Krzy\u017cyk XXL! Ta ekologiczna, wielkoformatowa wersja klasycznej gry zapewnia nieko\u0144cz\u0105c\u0105 si\u0119 zabaw\u0119 i rywalizacj\u0119 dla m\u0142odzie\u017cy i doros\u0142ych, jednocze\u015bnie zacie\u015bniaj\u0105c wi\u0119zi mi\u0119dzy uczestnikami.","og_url":"https:\/\/mistrzowieimprez.pl\/en\/product\/kolko-i-krzyzyk-xxl\/","og_site_name":"Mistrzowie Imprez","article_publisher":"https:\/\/www.facebook.com\/mistrzowieimprez","article_modified_time":"2026-03-18T08:29:36+00:00","og_image":[{"url":"https:\/\/mistrzowieimprez.pl\/wp-content\/uploads\/2024\/09\/Kolko-i-krzyzyk-XXL.png","width":800,"height":800,"type":"image\/png"}],"twitter_card":"summary_large_image","twitter_misc":{"Estimated reading time":"1 minute"},"schema":{"@context":"https:\/\/schema.org","@graph":[{"@type":"WebPage","@id":"https:\/\/mistrzowieimprez.pl\/produkt\/kolko-i-krzyzyk-xxl\/","url":"https:\/\/mistrzowieimprez.pl\/produkt\/kolko-i-krzyzyk-xxl\/","name":"K\u00f3\u0142ko i krzy\u017cyk XXL na eventy \u2013 wynajem wielkoformatowej gry","isPartOf":{"@id":"https:\/\/mistrzowieimprez.pl\/#website"},"primaryImageOfPage":{"@id":"https:\/\/mistrzowieimprez.pl\/produkt\/kolko-i-krzyzyk-xxl\/#primaryimage"},"image":{"@id":"https:\/\/mistrzowieimprez.pl\/produkt\/kolko-i-krzyzyk-xxl\/#primaryimage"},"thumbnailUrl":"https:\/\/mistrzowieimprez.pl\/wp-content\/uploads\/2024\/09\/Kolko-i-krzyzyk-XXL.png","datePublished":"2024-09-01T09:07:01+00:00","dateModified":"2026-03-18T08:29:36+00:00","breadcrumb":{"@id":"https:\/\/mistrzowieimprez.pl\/produkt\/kolko-i-krzyzyk-xxl\/#breadcrumb"},"inLanguage":"en-GB","potentialAction":[{"@type":"ReadAction","target":["https:\/\/mistrzowieimprez.pl\/produkt\/kolko-i-krzyzyk-xxl\/"]}]},{"@type":"ImageObject","inLanguage":"en-GB","@id":"https:\/\/mistrzowieimprez.pl\/produkt\/kolko-i-krzyzyk-xxl\/#primaryimage","url":"https:\/\/mistrzowieimprez.pl\/wp-content\/uploads\/2024\/09\/Kolko-i-krzyzyk-XXL.png","contentUrl":"https:\/\/mistrzowieimprez.pl\/wp-content\/uploads\/2024\/09\/Kolko-i-krzyzyk-XXL.png","width":1000,"height":1000,"caption":"Drewniana plansza do gry w k\u00f3\u0142ko i krzy\u017cyk w du\u017cym formacie na trawie."},{"@type":"BreadcrumbList","@id":"https:\/\/mistrzowieimprez.pl\/produkt\/kolko-i-krzyzyk-xxl\/#breadcrumb","itemListElement":[{"@type":"ListItem","position":1,"name":"Strona g\u0142\u00f3wna","item":"https:\/\/mistrzowieimprez.pl\/"},{"@type":"ListItem","position":2,"name":"sklep","item":"https:\/\/mistrzowieimprez.pl\/sklep\/"},{"@type":"ListItem","position":3,"name":"K\u00f3\u0142ko i krzy\u017cyk XXL"}]},{"@type":"WebSite","@id":"https:\/\/mistrzowieimprez.pl\/#website","url":"https:\/\/mistrzowieimprez.pl\/","name":"Mistrzowie Imprez","description":"Kompleksowa organizacja imprez","publisher":{"@id":"https:\/\/mistrzowieimprez.pl\/#organization"},"potentialAction":[{"@type":"SearchAction","target":{"@type":"EntryPoint","urlTemplate":"https:\/\/mistrzowieimprez.pl\/?s={search_term_string}"},"query-input":{"@type":"PropertyValueSpecification","valueRequired":true,"valueName":"search_term_string"}}],"inLanguage":"en-GB"},{"@type":"Organization","@id":"https:\/\/mistrzowieimprez.pl\/#organization","name":"Mistrzowie Imprez","url":"https:\/\/mistrzowieimprez.pl\/","logo":{"@type":"ImageObject","inLanguage":"en-GB","@id":"https:\/\/mistrzowieimprez.pl\/#\/schema\/logo\/image\/","url":"https:\/\/mistrzowieimprez.pl\/wp-content\/uploads\/2024\/08\/mistrzowie_imprez_logo_ciemne-tlo@4x.png","contentUrl":"https:\/\/mistrzowieimprez.pl\/wp-content\/uploads\/2024\/08\/mistrzowie_imprez_logo_ciemne-tlo@4x.png","width":1318,"height":351,"caption":"Mistrzowie Imprez"},"image":{"@id":"https:\/\/mistrzowieimprez.pl\/#\/schema\/logo\/image\/"},"sameAs":["https:\/\/www.facebook.com\/mistrzowieimprez","https:\/\/www.instagram.com\/mistrzowieimprez\/","https:\/\/www.youtube.com\/@ytmistrzowieimprez"]}]}},"_links":{"self":[{"href":"https:\/\/mistrzowieimprez.pl\/en\/wp-json\/wp\/v2\/product\/703","targetHints":{"allow":["GET"]}}],"collection":[{"href":"https:\/\/mistrzowieimprez.pl\/en\/wp-json\/wp\/v2\/product"}],"about":[{"href":"https:\/\/mistrzowieimprez.pl\/en\/wp-json\/wp\/v2\/types\/product"}],"replies":[{"embeddable":true,"href":"https:\/\/mistrzowieimprez.pl\/en\/wp-json\/wp\/v2\/comments?post=703"}],"version-history":[{"count":1,"href":"https:\/\/mistrzowieimprez.pl\/en\/wp-json\/wp\/v2\/product\/703\/revisions"}],"predecessor-version":[{"id":3519,"href":"https:\/\/mistrzowieimprez.pl\/en\/wp-json\/wp\/v2\/product\/703\/revisions\/3519"}],"wp:featuredmedia":[{"embeddable":true,"href":"https:\/\/mistrzowieimprez.pl\/en\/wp-json\/wp\/v2\/media\/1219"}],"wp:attachment":[{"href":"https:\/\/mistrzowieimprez.pl\/en\/wp-json\/wp\/v2\/media?parent=703"}],"wp:term":[{"taxonomy":"product_brand","embeddable":true,"href":"https:\/\/mistrzowieimprez.pl\/en\/wp-json\/wp\/v2\/product_brand?post=703"},{"taxonomy":"product_cat","embeddable":true,"href":"https:\/\/mistrzowieimprez.pl\/en\/wp-json\/wp\/v2\/product_cat?post=703"},{"taxonomy":"product_tag","embeddable":true,"href":"https:\/\/mistrzowieimprez.pl\/en\/wp-json\/wp\/v2\/product_tag?post=703"}],"curies":[{"name":"wp","href":"https:\/\/api.w.org\/{rel}","templated":true}]}}