{"id":702,"date":"2024-09-01T09:07:00","date_gmt":"2024-09-01T09:07:00","guid":{"rendered":"https:\/\/mistrzowieimprez.pl\/produkt\/blender-bike\/"},"modified":"2026-03-17T19:22:54","modified_gmt":"2026-03-17T19:22:54","slug":"blender-bike","status":"publish","type":"product","link":"https:\/\/mistrzowieimprez.pl\/en\/product\/blender-bike\/","title":{"rendered":"Blender Bike"},"content":{"rendered":"<p>Zapraszamy do niezapomnianej zabawy z naszym Bike Blenderem! Ten niezwyk\u0142y rower wyposa\u017cony w blender to idealna atrakcja na ka\u017cde wydarzenie. Zasada jest prosta &#8211; peda\u0142uj, a\u017c stworzysz pyszny i zdrowy koktajl. Wybierz ulubione owoce, wsi\u0105d\u017a na rower i zacznij peda\u0142owa\u0107!<\/p>\n<ul>\n<li>Blender zasilany si\u0142\u0105 n\u00f3g &#8211; peda\u0142uj, aby stworzy\u0107 sw\u00f3j w\u0142asny koktajl.<\/li>\n<li>Wszystkie produkty s\u0105 ekologiczne i bezpieczne dla \u015brodowiska.<\/li>\n<li>Mo\u017cliwo\u015b\u0107 u\u017cywania owoc\u00f3w wed\u0142ug w\u0142asnego wyboru.<\/li>\n<\/ul>\n<ul>\n<li>Podczas zabawy z Bike Blenderem nie tylko dobrze si\u0119 bawisz, ale tak\u017ce \u0107wiczysz &#8211; to \u015bwietny spos\u00f3b na po\u0142\u0105czenie zabawy i aktywno\u015bci fizycznej.<\/li>\n<li>Sama produkcja koktajli to doskona\u0142a okazja do nauki o zdrowym od\u017cywianiu i dbaniu o \u015brodowisko.<\/li>\n<li>Wszyscy uczestnicy maj\u0105 okazj\u0119 do interakcji, wsp\u00f3\u0142pracy i tw\u00f3rczej zabawy.<\/li>\n<\/ul>\n<p>Na co czekasz? Dodaj Bike Blender do swojego zapytania ofertowego i zadbaj o energiczn\u0105 zabaw\u0119 na swoim wydarzeniu!<\/p>","protected":false},"excerpt":{"rendered":"<p>Zapraszamy do niezapomnianego do\u015bwiadczenia z naszym Bike Blenderem! Ten unikalny rower wyposa\u017cony w blender to perfekcyjna atrakcja na ka\u017cd\u0105 imprez\u0119. Wystarczy peda\u0142owa\u0107, by stworzy\u0107 sw\u00f3j w\u0142asny smaczny i zdrowy koktajl. Wsi\u0105d\u017a na rower, wybierz ulubione owoce i zacznij przygod\u0119!<\/p>","protected":false},"featured_media":1106,"comment_status":"closed","ping_status":"closed","template":"","meta":{"_acf_changed":false},"product_brand":[],"product_cat":[80,83],"product_tag":[],"class_list":{"0":"post-702","1":"product","2":"type-product","3":"status-publish","4":"has-post-thumbnail","6":"product_cat-dla-mlodziezy-i-doroslych","7":"product_cat-eko-atrakcje","9":"first","10":"instock","11":"downloadable","12":"virtual","13":"purchasable","14":"product-type-simple"},"acf":[],"yoast_head":"<!-- This site is optimized with the Yoast SEO plugin v27.5 - https:\/\/yoast.com\/product\/yoast-seo-wordpress\/ -->\n<title>Rowerowy blender do koktajli \u2013 Zdrowa zabawa na imprez\u0119<\/title>\n<meta name=\"robots\" content=\"index, follow, max-snippet:-1, max-image-preview:large, max-video-preview:-1\" \/>\n<link rel=\"canonical\" href=\"https:\/\/mistrzowieimprez.pl\/en\/product\/blender-bike\/\" \/>\n<meta property=\"og:locale\" content=\"en_GB\" \/>\n<meta property=\"og:type\" content=\"article\" \/>\n<meta property=\"og:title\" content=\"Rowerowy blender do koktajli \u2013 Zdrowa zabawa na imprez\u0119\" \/>\n<meta property=\"og:description\" content=\"Zapraszamy do niezapomnianego do\u015bwiadczenia z naszym Bike Blenderem! Ten unikalny rower wyposa\u017cony w blender to perfekcyjna atrakcja na ka\u017cd\u0105 imprez\u0119. Wystarczy peda\u0142owa\u0107, by stworzy\u0107 sw\u00f3j w\u0142asny smaczny i zdrowy koktajl. Wsi\u0105d\u017a na rower, wybierz ulubione owoce i zacznij przygod\u0119!\" \/>\n<meta property=\"og:url\" content=\"https:\/\/mistrzowieimprez.pl\/en\/product\/blender-bike\/\" \/>\n<meta property=\"og:site_name\" content=\"Mistrzowie Imprez\" \/>\n<meta property=\"article:publisher\" content=\"https:\/\/www.facebook.com\/mistrzowieimprez\" \/>\n<meta property=\"article:modified_time\" content=\"2026-03-17T19:22:54+00:00\" \/>\n<meta property=\"og:image\" content=\"https:\/\/mistrzowieimprez.pl\/wp-content\/uploads\/2024\/09\/Blender-Bike-scaled.jpg\" \/>\n\t<meta property=\"og:image:width\" content=\"2560\" \/>\n\t<meta property=\"og:image:height\" content=\"1707\" \/>\n\t<meta property=\"og:image:type\" content=\"image\/jpeg\" \/>\n<meta name=\"twitter:card\" content=\"summary_large_image\" \/>\n<meta name=\"twitter:label1\" content=\"Estimated reading time\" \/>\n\t<meta name=\"twitter:data1\" content=\"1 minute\" \/>\n<script type=\"application\/ld+json\" class=\"yoast-schema-graph\">{\"@context\":\"https:\\\/\\\/schema.org\",\"@graph\":[{\"@type\":\"WebPage\",\"@id\":\"https:\\\/\\\/mistrzowieimprez.pl\\\/produkt\\\/blender-bike\\\/\",\"url\":\"https:\\\/\\\/mistrzowieimprez.pl\\\/produkt\\\/blender-bike\\\/\",\"name\":\"Rowerowy blender do koktajli \u2013 Zdrowa zabawa na imprez\u0119\",\"isPartOf\":{\"@id\":\"https:\\\/\\\/mistrzowieimprez.pl\\\/#website\"},\"primaryImageOfPage\":{\"@id\":\"https:\\\/\\\/mistrzowieimprez.pl\\\/produkt\\\/blender-bike\\\/#primaryimage\"},\"image\":{\"@id\":\"https:\\\/\\\/mistrzowieimprez.pl\\\/produkt\\\/blender-bike\\\/#primaryimage\"},\"thumbnailUrl\":\"https:\\\/\\\/mistrzowieimprez.pl\\\/wp-content\\\/uploads\\\/2024\\\/09\\\/Blender-Bike-scaled.jpg\",\"datePublished\":\"2024-09-01T09:07:00+00:00\",\"dateModified\":\"2026-03-17T19:22:54+00:00\",\"breadcrumb\":{\"@id\":\"https:\\\/\\\/mistrzowieimprez.pl\\\/produkt\\\/blender-bike\\\/#breadcrumb\"},\"inLanguage\":\"en-GB\",\"potentialAction\":[{\"@type\":\"ReadAction\",\"target\":[\"https:\\\/\\\/mistrzowieimprez.pl\\\/produkt\\\/blender-bike\\\/\"]}]},{\"@type\":\"ImageObject\",\"inLanguage\":\"en-GB\",\"@id\":\"https:\\\/\\\/mistrzowieimprez.pl\\\/produkt\\\/blender-bike\\\/#primaryimage\",\"url\":\"https:\\\/\\\/mistrzowieimprez.pl\\\/wp-content\\\/uploads\\\/2024\\\/09\\\/Blender-Bike-scaled.jpg\",\"contentUrl\":\"https:\\\/\\\/mistrzowieimprez.pl\\\/wp-content\\\/uploads\\\/2024\\\/09\\\/Blender-Bike-scaled.jpg\",\"width\":2560,\"height\":1707,\"caption\":\"Osoba peda\u0142uje na rowerze z zamontowanym blenderem, podczas gdy druga przytrzymuje go, tworz\u0105c interaktywn\u0105 atrakcj\u0119 eventow\u0105.\"},{\"@type\":\"BreadcrumbList\",\"@id\":\"https:\\\/\\\/mistrzowieimprez.pl\\\/produkt\\\/blender-bike\\\/#breadcrumb\",\"itemListElement\":[{\"@type\":\"ListItem\",\"position\":1,\"name\":\"Strona g\u0142\u00f3wna\",\"item\":\"https:\\\/\\\/mistrzowieimprez.pl\\\/\"},{\"@type\":\"ListItem\",\"position\":2,\"name\":\"sklep\",\"item\":\"https:\\\/\\\/mistrzowieimprez.pl\\\/sklep\\\/\"},{\"@type\":\"ListItem\",\"position\":3,\"name\":\"Blender Bike\"}]},{\"@type\":\"WebSite\",\"@id\":\"https:\\\/\\\/mistrzowieimprez.pl\\\/#website\",\"url\":\"https:\\\/\\\/mistrzowieimprez.pl\\\/\",\"name\":\"Mistrzowie Imprez\",\"description\":\"Kompleksowa organizacja imprez\",\"publisher\":{\"@id\":\"https:\\\/\\\/mistrzowieimprez.pl\\\/#organization\"},\"potentialAction\":[{\"@type\":\"SearchAction\",\"target\":{\"@type\":\"EntryPoint\",\"urlTemplate\":\"https:\\\/\\\/mistrzowieimprez.pl\\\/?s={search_term_string}\"},\"query-input\":{\"@type\":\"PropertyValueSpecification\",\"valueRequired\":true,\"valueName\":\"search_term_string\"}}],\"inLanguage\":\"en-GB\"},{\"@type\":\"Organization\",\"@id\":\"https:\\\/\\\/mistrzowieimprez.pl\\\/#organization\",\"name\":\"Mistrzowie Imprez\",\"url\":\"https:\\\/\\\/mistrzowieimprez.pl\\\/\",\"logo\":{\"@type\":\"ImageObject\",\"inLanguage\":\"en-GB\",\"@id\":\"https:\\\/\\\/mistrzowieimprez.pl\\\/#\\\/schema\\\/logo\\\/image\\\/\",\"url\":\"https:\\\/\\\/mistrzowieimprez.pl\\\/wp-content\\\/uploads\\\/2024\\\/08\\\/mistrzowie_imprez_logo_ciemne-tlo@4x.png\",\"contentUrl\":\"https:\\\/\\\/mistrzowieimprez.pl\\\/wp-content\\\/uploads\\\/2024\\\/08\\\/mistrzowie_imprez_logo_ciemne-tlo@4x.png\",\"width\":1318,\"height\":351,\"caption\":\"Mistrzowie Imprez\"},\"image\":{\"@id\":\"https:\\\/\\\/mistrzowieimprez.pl\\\/#\\\/schema\\\/logo\\\/image\\\/\"},\"sameAs\":[\"https:\\\/\\\/www.facebook.com\\\/mistrzowieimprez\",\"https:\\\/\\\/www.instagram.com\\\/mistrzowieimprez\\\/\",\"https:\\\/\\\/www.youtube.com\\\/@ytmistrzowieimprez\"]}]}<\/script>\n<!-- \/ Yoast SEO plugin. -->","yoast_head_json":{"title":"Rowerowy blender do koktajli \u2013 Zdrowa zabawa na imprez\u0119","robots":{"index":"index","follow":"follow","max-snippet":"max-snippet:-1","max-image-preview":"max-image-preview:large","max-video-preview":"max-video-preview:-1"},"canonical":"https:\/\/mistrzowieimprez.pl\/en\/product\/blender-bike\/","og_locale":"en_GB","og_type":"article","og_title":"Rowerowy blender do koktajli \u2013 Zdrowa zabawa na imprez\u0119","og_description":"Zapraszamy do niezapomnianego do\u015bwiadczenia z naszym Bike Blenderem! Ten unikalny rower wyposa\u017cony w blender to perfekcyjna atrakcja na ka\u017cd\u0105 imprez\u0119. Wystarczy peda\u0142owa\u0107, by stworzy\u0107 sw\u00f3j w\u0142asny smaczny i zdrowy koktajl. Wsi\u0105d\u017a na rower, wybierz ulubione owoce i zacznij przygod\u0119!","og_url":"https:\/\/mistrzowieimprez.pl\/en\/product\/blender-bike\/","og_site_name":"Mistrzowie Imprez","article_publisher":"https:\/\/www.facebook.com\/mistrzowieimprez","article_modified_time":"2026-03-17T19:22:54+00:00","og_image":[{"width":2560,"height":1707,"url":"https:\/\/mistrzowieimprez.pl\/wp-content\/uploads\/2024\/09\/Blender-Bike-scaled.jpg","type":"image\/jpeg"}],"twitter_card":"summary_large_image","twitter_misc":{"Estimated reading time":"1 minute"},"schema":{"@context":"https:\/\/schema.org","@graph":[{"@type":"WebPage","@id":"https:\/\/mistrzowieimprez.pl\/produkt\/blender-bike\/","url":"https:\/\/mistrzowieimprez.pl\/produkt\/blender-bike\/","name":"Rowerowy blender do koktajli \u2013 Zdrowa zabawa na imprez\u0119","isPartOf":{"@id":"https:\/\/mistrzowieimprez.pl\/#website"},"primaryImageOfPage":{"@id":"https:\/\/mistrzowieimprez.pl\/produkt\/blender-bike\/#primaryimage"},"image":{"@id":"https:\/\/mistrzowieimprez.pl\/produkt\/blender-bike\/#primaryimage"},"thumbnailUrl":"https:\/\/mistrzowieimprez.pl\/wp-content\/uploads\/2024\/09\/Blender-Bike-scaled.jpg","datePublished":"2024-09-01T09:07:00+00:00","dateModified":"2026-03-17T19:22:54+00:00","breadcrumb":{"@id":"https:\/\/mistrzowieimprez.pl\/produkt\/blender-bike\/#breadcrumb"},"inLanguage":"en-GB","potentialAction":[{"@type":"ReadAction","target":["https:\/\/mistrzowieimprez.pl\/produkt\/blender-bike\/"]}]},{"@type":"ImageObject","inLanguage":"en-GB","@id":"https:\/\/mistrzowieimprez.pl\/produkt\/blender-bike\/#primaryimage","url":"https:\/\/mistrzowieimprez.pl\/wp-content\/uploads\/2024\/09\/Blender-Bike-scaled.jpg","contentUrl":"https:\/\/mistrzowieimprez.pl\/wp-content\/uploads\/2024\/09\/Blender-Bike-scaled.jpg","width":2560,"height":1707,"caption":"Osoba peda\u0142uje na rowerze z zamontowanym blenderem, podczas gdy druga przytrzymuje go, tworz\u0105c interaktywn\u0105 atrakcj\u0119 eventow\u0105."},{"@type":"BreadcrumbList","@id":"https:\/\/mistrzowieimprez.pl\/produkt\/blender-bike\/#breadcrumb","itemListElement":[{"@type":"ListItem","position":1,"name":"Strona g\u0142\u00f3wna","item":"https:\/\/mistrzowieimprez.pl\/"},{"@type":"ListItem","position":2,"name":"sklep","item":"https:\/\/mistrzowieimprez.pl\/sklep\/"},{"@type":"ListItem","position":3,"name":"Blender Bike"}]},{"@type":"WebSite","@id":"https:\/\/mistrzowieimprez.pl\/#website","url":"https:\/\/mistrzowieimprez.pl\/","name":"Mistrzowie Imprez","description":"Kompleksowa organizacja imprez","publisher":{"@id":"https:\/\/mistrzowieimprez.pl\/#organization"},"potentialAction":[{"@type":"SearchAction","target":{"@type":"EntryPoint","urlTemplate":"https:\/\/mistrzowieimprez.pl\/?s={search_term_string}"},"query-input":{"@type":"PropertyValueSpecification","valueRequired":true,"valueName":"search_term_string"}}],"inLanguage":"en-GB"},{"@type":"Organization","@id":"https:\/\/mistrzowieimprez.pl\/#organization","name":"Mistrzowie Imprez","url":"https:\/\/mistrzowieimprez.pl\/","logo":{"@type":"ImageObject","inLanguage":"en-GB","@id":"https:\/\/mistrzowieimprez.pl\/#\/schema\/logo\/image\/","url":"https:\/\/mistrzowieimprez.pl\/wp-content\/uploads\/2024\/08\/mistrzowie_imprez_logo_ciemne-tlo@4x.png","contentUrl":"https:\/\/mistrzowieimprez.pl\/wp-content\/uploads\/2024\/08\/mistrzowie_imprez_logo_ciemne-tlo@4x.png","width":1318,"height":351,"caption":"Mistrzowie Imprez"},"image":{"@id":"https:\/\/mistrzowieimprez.pl\/#\/schema\/logo\/image\/"},"sameAs":["https:\/\/www.facebook.com\/mistrzowieimprez","https:\/\/www.instagram.com\/mistrzowieimprez\/","https:\/\/www.youtube.com\/@ytmistrzowieimprez"]}]}},"_links":{"self":[{"href":"https:\/\/mistrzowieimprez.pl\/en\/wp-json\/wp\/v2\/product\/702","targetHints":{"allow":["GET"]}}],"collection":[{"href":"https:\/\/mistrzowieimprez.pl\/en\/wp-json\/wp\/v2\/product"}],"about":[{"href":"https:\/\/mistrzowieimprez.pl\/en\/wp-json\/wp\/v2\/types\/product"}],"replies":[{"embeddable":true,"href":"https:\/\/mistrzowieimprez.pl\/en\/wp-json\/wp\/v2\/comments?post=702"}],"version-history":[{"count":1,"href":"https:\/\/mistrzowieimprez.pl\/en\/wp-json\/wp\/v2\/product\/702\/revisions"}],"predecessor-version":[{"id":3517,"href":"https:\/\/mistrzowieimprez.pl\/en\/wp-json\/wp\/v2\/product\/702\/revisions\/3517"}],"wp:featuredmedia":[{"embeddable":true,"href":"https:\/\/mistrzowieimprez.pl\/en\/wp-json\/wp\/v2\/media\/1106"}],"wp:attachment":[{"href":"https:\/\/mistrzowieimprez.pl\/en\/wp-json\/wp\/v2\/media?parent=702"}],"wp:term":[{"taxonomy":"product_brand","embeddable":true,"href":"https:\/\/mistrzowieimprez.pl\/en\/wp-json\/wp\/v2\/product_brand?post=702"},{"taxonomy":"product_cat","embeddable":true,"href":"https:\/\/mistrzowieimprez.pl\/en\/wp-json\/wp\/v2\/product_cat?post=702"},{"taxonomy":"product_tag","embeddable":true,"href":"https:\/\/mistrzowieimprez.pl\/en\/wp-json\/wp\/v2\/product_tag?post=702"}],"curies":[{"name":"wp","href":"https:\/\/api.w.org\/{rel}","templated":true}]}}