{"id":701,"date":"2024-09-01T09:07:00","date_gmt":"2024-09-01T09:07:00","guid":{"rendered":"https:\/\/mistrzowieimprez.pl\/produkt\/mini-golf\/"},"modified":"2026-03-17T19:23:45","modified_gmt":"2026-03-17T19:23:45","slug":"mini-golf","status":"publish","type":"product","link":"https:\/\/mistrzowieimprez.pl\/en\/product\/mini-golf\/","title":{"rendered":"Mini Golf"},"content":{"rendered":"<p>Przenie\u015b si\u0119 na magiczny plac zabaw dla doros\u0142ych i m\u0142odzie\u017cy z naszym ekscytuj\u0105cym Mini Golfem! Zaprojektowany, aby zapewni\u0107 nieko\u0144cz\u0105c\u0105 si\u0119 zabaw\u0119, nasz kurs Mini Golf jest doskona\u0142ym dodatkiem do ka\u017cdego wydarzenia. Poczuj dreszcz rywalizacji, gdy starasz si\u0119 umie\u015bci\u0107 pi\u0142k\u0119 w do\u0142ku, unikaj\u0105c przeszk\u00f3d &#8211; to jest prawdziwe wyzwanie!<\/p>\n<ul>\n<li>9-do\u0142kowy, mobilny tor mini golfa<\/li>\n<li>Zaprojektowany z r\u00f3\u017cnymi przeszkodami, aby sprawi\u0107, \u017ce gra jest bardziej ekscytuj\u0105ca<\/li>\n<li>Wszystkie niezb\u0119dne sprz\u0119ty do gry, w tym pi\u0142ki i kije do gry w golfa<\/li>\n<\/ul>\n<ul>\n<li>\u015awietna zabawa dla graczy na ka\u017cdym poziomie umiej\u0119tno\u015bci<\/li>\n<li>Rozwijaj swoje umiej\u0119tno\u015bci strategiczne i celno\u015b\u0107<\/li>\n<li>Zach\u0119ca do zdrowej rywalizacji i interakcji spo\u0142ecznej<\/li>\n<\/ul>\n<p>Nie czekaj na doskona\u0142e uderzenie &#8211; dodaj nasz Mini Golf do swojego zapytania o wycen\u0119 ju\u017c teraz!<\/p>","protected":false},"excerpt":{"rendered":"<p>Ciesz si\u0119 nieko\u0144cz\u0105c\u0105 si\u0119 zabaw\u0105 i rywalizacj\u0105 na naszym mobilnym, 9-do\u0142kowym torze Mini Golf. Sprawd\u017a swoje umiej\u0119tno\u015bci strategiczne i celno\u015b\u0107, pr\u00f3buj\u0105c umie\u015bci\u0107 pi\u0142k\u0119 w do\u0142ku, unikaj\u0105c r\u00f3\u017cnych przeszk\u00f3d. Idealne dla graczy na ka\u017cdym poziomie umiej\u0119tno\u015bci, nasz Mini Golf z pewno\u015bci\u0105 zach\u0119ca do zdrowej rywalizacji i interakcji spo\u0142ecznej.<\/p>","protected":false},"featured_media":1239,"comment_status":"closed","ping_status":"closed","template":"","meta":{"_acf_changed":false},"product_brand":[],"product_cat":[80,83],"product_tag":[],"class_list":{"0":"post-701","1":"product","2":"type-product","3":"status-publish","4":"has-post-thumbnail","6":"product_cat-dla-mlodziezy-i-doroslych","7":"product_cat-eko-atrakcje","9":"first","10":"instock","11":"downloadable","12":"virtual","13":"purchasable","14":"product-type-simple"},"acf":[],"yoast_head":"<!-- This site is optimized with the Yoast SEO plugin v27.2 - https:\/\/yoast.com\/product\/yoast-seo-wordpress\/ -->\n<title>Mini golf: integracyjna atrakcja na pikniki i imprezy firmowe<\/title>\n<meta name=\"robots\" content=\"index, follow, max-snippet:-1, max-image-preview:large, max-video-preview:-1\" \/>\n<link rel=\"canonical\" href=\"https:\/\/mistrzowieimprez.pl\/en\/product\/mini-golf\/\" \/>\n<meta property=\"og:locale\" content=\"en_GB\" \/>\n<meta property=\"og:type\" content=\"article\" \/>\n<meta property=\"og:title\" content=\"Mini golf: integracyjna atrakcja na pikniki i imprezy firmowe\" \/>\n<meta property=\"og:description\" content=\"Ciesz si\u0119 nieko\u0144cz\u0105c\u0105 si\u0119 zabaw\u0105 i rywalizacj\u0105 na naszym mobilnym, 9-do\u0142kowym torze Mini Golf. Sprawd\u017a swoje umiej\u0119tno\u015bci strategiczne i celno\u015b\u0107, pr\u00f3buj\u0105c umie\u015bci\u0107 pi\u0142k\u0119 w do\u0142ku, unikaj\u0105c r\u00f3\u017cnych przeszk\u00f3d. Idealne dla graczy na ka\u017cdym poziomie umiej\u0119tno\u015bci, nasz Mini Golf z pewno\u015bci\u0105 zach\u0119ca do zdrowej rywalizacji i interakcji spo\u0142ecznej.\" \/>\n<meta property=\"og:url\" content=\"https:\/\/mistrzowieimprez.pl\/en\/product\/mini-golf\/\" \/>\n<meta property=\"og:site_name\" content=\"Mistrzowie Imprez\" \/>\n<meta property=\"article:publisher\" content=\"https:\/\/www.facebook.com\/mistrzowieimprez\" \/>\n<meta property=\"article:modified_time\" content=\"2026-03-17T19:23:45+00:00\" \/>\n<meta property=\"og:image\" content=\"https:\/\/mistrzowieimprez.pl\/wp-content\/uploads\/2024\/09\/Mini-Golf.png\" \/>\n\t<meta property=\"og:image:width\" content=\"800\" \/>\n\t<meta property=\"og:image:height\" content=\"800\" \/>\n\t<meta property=\"og:image:type\" content=\"image\/png\" \/>\n<meta name=\"twitter:card\" content=\"summary_large_image\" \/>\n<meta name=\"twitter:label1\" content=\"Estimated reading time\" \/>\n\t<meta name=\"twitter:data1\" content=\"1 minute\" \/>\n<script type=\"application\/ld+json\" class=\"yoast-schema-graph\">{\"@context\":\"https:\/\/schema.org\",\"@graph\":[{\"@type\":\"WebPage\",\"@id\":\"https:\/\/mistrzowieimprez.pl\/produkt\/mini-golf\/\",\"url\":\"https:\/\/mistrzowieimprez.pl\/produkt\/mini-golf\/\",\"name\":\"Mini golf: integracyjna atrakcja na pikniki i imprezy firmowe\",\"isPartOf\":{\"@id\":\"https:\/\/mistrzowieimprez.pl\/#website\"},\"primaryImageOfPage\":{\"@id\":\"https:\/\/mistrzowieimprez.pl\/produkt\/mini-golf\/#primaryimage\"},\"image\":{\"@id\":\"https:\/\/mistrzowieimprez.pl\/produkt\/mini-golf\/#primaryimage\"},\"thumbnailUrl\":\"https:\/\/mistrzowieimprez.pl\/wp-content\/uploads\/2024\/09\/Mini-Golf.png\",\"datePublished\":\"2024-09-01T09:07:00+00:00\",\"dateModified\":\"2026-03-17T19:23:45+00:00\",\"breadcrumb\":{\"@id\":\"https:\/\/mistrzowieimprez.pl\/produkt\/mini-golf\/#breadcrumb\"},\"inLanguage\":\"en-GB\",\"potentialAction\":[{\"@type\":\"ReadAction\",\"target\":[\"https:\/\/mistrzowieimprez.pl\/produkt\/mini-golf\/\"]}]},{\"@type\":\"ImageObject\",\"inLanguage\":\"en-GB\",\"@id\":\"https:\/\/mistrzowieimprez.pl\/produkt\/mini-golf\/#primaryimage\",\"url\":\"https:\/\/mistrzowieimprez.pl\/wp-content\/uploads\/2024\/09\/Mini-Golf.png\",\"contentUrl\":\"https:\/\/mistrzowieimprez.pl\/wp-content\/uploads\/2024\/09\/Mini-Golf.png\",\"width\":1000,\"height\":1000,\"caption\":\"Grupa ludzi bierze udzia\u0142 w plenerowej grze, stoj\u0105c na trawie w s\u0142oneczny dzie\u0144, w otoczeniu drzew.\"},{\"@type\":\"BreadcrumbList\",\"@id\":\"https:\/\/mistrzowieimprez.pl\/produkt\/mini-golf\/#breadcrumb\",\"itemListElement\":[{\"@type\":\"ListItem\",\"position\":1,\"name\":\"Strona g\u0142\u00f3wna\",\"item\":\"https:\/\/mistrzowieimprez.pl\/\"},{\"@type\":\"ListItem\",\"position\":2,\"name\":\"sklep\",\"item\":\"https:\/\/mistrzowieimprez.pl\/sklep\/\"},{\"@type\":\"ListItem\",\"position\":3,\"name\":\"Mini Golf\"}]},{\"@type\":\"WebSite\",\"@id\":\"https:\/\/mistrzowieimprez.pl\/#website\",\"url\":\"https:\/\/mistrzowieimprez.pl\/\",\"name\":\"Mistrzowie Imprez\",\"description\":\"Kompleksowa organizacja imprez\",\"publisher\":{\"@id\":\"https:\/\/mistrzowieimprez.pl\/#organization\"},\"potentialAction\":[{\"@type\":\"SearchAction\",\"target\":{\"@type\":\"EntryPoint\",\"urlTemplate\":\"https:\/\/mistrzowieimprez.pl\/?s={search_term_string}\"},\"query-input\":{\"@type\":\"PropertyValueSpecification\",\"valueRequired\":true,\"valueName\":\"search_term_string\"}}],\"inLanguage\":\"en-GB\"},{\"@type\":\"Organization\",\"@id\":\"https:\/\/mistrzowieimprez.pl\/#organization\",\"name\":\"Mistrzowie Imprez\",\"url\":\"https:\/\/mistrzowieimprez.pl\/\",\"logo\":{\"@type\":\"ImageObject\",\"inLanguage\":\"en-GB\",\"@id\":\"https:\/\/mistrzowieimprez.pl\/#\/schema\/logo\/image\/\",\"url\":\"https:\/\/mistrzowieimprez.pl\/wp-content\/uploads\/2024\/08\/mistrzowie_imprez_logo_ciemne-tlo@4x.png\",\"contentUrl\":\"https:\/\/mistrzowieimprez.pl\/wp-content\/uploads\/2024\/08\/mistrzowie_imprez_logo_ciemne-tlo@4x.png\",\"width\":1318,\"height\":351,\"caption\":\"Mistrzowie Imprez\"},\"image\":{\"@id\":\"https:\/\/mistrzowieimprez.pl\/#\/schema\/logo\/image\/\"},\"sameAs\":[\"https:\/\/www.facebook.com\/mistrzowieimprez\",\"https:\/\/www.instagram.com\/mistrzowieimprez\/\",\"https:\/\/www.youtube.com\/@ytmistrzowieimprez\"]}]}<\/script>\n<!-- \/ Yoast SEO plugin. -->","yoast_head_json":{"title":"Mini golf: integracyjna atrakcja na pikniki i imprezy firmowe","robots":{"index":"index","follow":"follow","max-snippet":"max-snippet:-1","max-image-preview":"max-image-preview:large","max-video-preview":"max-video-preview:-1"},"canonical":"https:\/\/mistrzowieimprez.pl\/en\/product\/mini-golf\/","og_locale":"en_GB","og_type":"article","og_title":"Mini golf: integracyjna atrakcja na pikniki i imprezy firmowe","og_description":"Ciesz si\u0119 nieko\u0144cz\u0105c\u0105 si\u0119 zabaw\u0105 i rywalizacj\u0105 na naszym mobilnym, 9-do\u0142kowym torze Mini Golf. Sprawd\u017a swoje umiej\u0119tno\u015bci strategiczne i celno\u015b\u0107, pr\u00f3buj\u0105c umie\u015bci\u0107 pi\u0142k\u0119 w do\u0142ku, unikaj\u0105c r\u00f3\u017cnych przeszk\u00f3d. Idealne dla graczy na ka\u017cdym poziomie umiej\u0119tno\u015bci, nasz Mini Golf z pewno\u015bci\u0105 zach\u0119ca do zdrowej rywalizacji i interakcji spo\u0142ecznej.","og_url":"https:\/\/mistrzowieimprez.pl\/en\/product\/mini-golf\/","og_site_name":"Mistrzowie Imprez","article_publisher":"https:\/\/www.facebook.com\/mistrzowieimprez","article_modified_time":"2026-03-17T19:23:45+00:00","og_image":[{"url":"https:\/\/mistrzowieimprez.pl\/wp-content\/uploads\/2024\/09\/Mini-Golf.png","width":800,"height":800,"type":"image\/png"}],"twitter_card":"summary_large_image","twitter_misc":{"Estimated reading time":"1 minute"},"schema":{"@context":"https:\/\/schema.org","@graph":[{"@type":"WebPage","@id":"https:\/\/mistrzowieimprez.pl\/produkt\/mini-golf\/","url":"https:\/\/mistrzowieimprez.pl\/produkt\/mini-golf\/","name":"Mini golf: integracyjna atrakcja na pikniki i imprezy firmowe","isPartOf":{"@id":"https:\/\/mistrzowieimprez.pl\/#website"},"primaryImageOfPage":{"@id":"https:\/\/mistrzowieimprez.pl\/produkt\/mini-golf\/#primaryimage"},"image":{"@id":"https:\/\/mistrzowieimprez.pl\/produkt\/mini-golf\/#primaryimage"},"thumbnailUrl":"https:\/\/mistrzowieimprez.pl\/wp-content\/uploads\/2024\/09\/Mini-Golf.png","datePublished":"2024-09-01T09:07:00+00:00","dateModified":"2026-03-17T19:23:45+00:00","breadcrumb":{"@id":"https:\/\/mistrzowieimprez.pl\/produkt\/mini-golf\/#breadcrumb"},"inLanguage":"en-GB","potentialAction":[{"@type":"ReadAction","target":["https:\/\/mistrzowieimprez.pl\/produkt\/mini-golf\/"]}]},{"@type":"ImageObject","inLanguage":"en-GB","@id":"https:\/\/mistrzowieimprez.pl\/produkt\/mini-golf\/#primaryimage","url":"https:\/\/mistrzowieimprez.pl\/wp-content\/uploads\/2024\/09\/Mini-Golf.png","contentUrl":"https:\/\/mistrzowieimprez.pl\/wp-content\/uploads\/2024\/09\/Mini-Golf.png","width":1000,"height":1000,"caption":"Grupa ludzi bierze udzia\u0142 w plenerowej grze, stoj\u0105c na trawie w s\u0142oneczny dzie\u0144, w otoczeniu drzew."},{"@type":"BreadcrumbList","@id":"https:\/\/mistrzowieimprez.pl\/produkt\/mini-golf\/#breadcrumb","itemListElement":[{"@type":"ListItem","position":1,"name":"Strona g\u0142\u00f3wna","item":"https:\/\/mistrzowieimprez.pl\/"},{"@type":"ListItem","position":2,"name":"sklep","item":"https:\/\/mistrzowieimprez.pl\/sklep\/"},{"@type":"ListItem","position":3,"name":"Mini Golf"}]},{"@type":"WebSite","@id":"https:\/\/mistrzowieimprez.pl\/#website","url":"https:\/\/mistrzowieimprez.pl\/","name":"Mistrzowie Imprez","description":"Kompleksowa organizacja imprez","publisher":{"@id":"https:\/\/mistrzowieimprez.pl\/#organization"},"potentialAction":[{"@type":"SearchAction","target":{"@type":"EntryPoint","urlTemplate":"https:\/\/mistrzowieimprez.pl\/?s={search_term_string}"},"query-input":{"@type":"PropertyValueSpecification","valueRequired":true,"valueName":"search_term_string"}}],"inLanguage":"en-GB"},{"@type":"Organization","@id":"https:\/\/mistrzowieimprez.pl\/#organization","name":"Mistrzowie Imprez","url":"https:\/\/mistrzowieimprez.pl\/","logo":{"@type":"ImageObject","inLanguage":"en-GB","@id":"https:\/\/mistrzowieimprez.pl\/#\/schema\/logo\/image\/","url":"https:\/\/mistrzowieimprez.pl\/wp-content\/uploads\/2024\/08\/mistrzowie_imprez_logo_ciemne-tlo@4x.png","contentUrl":"https:\/\/mistrzowieimprez.pl\/wp-content\/uploads\/2024\/08\/mistrzowie_imprez_logo_ciemne-tlo@4x.png","width":1318,"height":351,"caption":"Mistrzowie Imprez"},"image":{"@id":"https:\/\/mistrzowieimprez.pl\/#\/schema\/logo\/image\/"},"sameAs":["https:\/\/www.facebook.com\/mistrzowieimprez","https:\/\/www.instagram.com\/mistrzowieimprez\/","https:\/\/www.youtube.com\/@ytmistrzowieimprez"]}]}},"_links":{"self":[{"href":"https:\/\/mistrzowieimprez.pl\/en\/wp-json\/wp\/v2\/product\/701","targetHints":{"allow":["GET"]}}],"collection":[{"href":"https:\/\/mistrzowieimprez.pl\/en\/wp-json\/wp\/v2\/product"}],"about":[{"href":"https:\/\/mistrzowieimprez.pl\/en\/wp-json\/wp\/v2\/types\/product"}],"replies":[{"embeddable":true,"href":"https:\/\/mistrzowieimprez.pl\/en\/wp-json\/wp\/v2\/comments?post=701"}],"version-history":[{"count":1,"href":"https:\/\/mistrzowieimprez.pl\/en\/wp-json\/wp\/v2\/product\/701\/revisions"}],"predecessor-version":[{"id":3518,"href":"https:\/\/mistrzowieimprez.pl\/en\/wp-json\/wp\/v2\/product\/701\/revisions\/3518"}],"wp:featuredmedia":[{"embeddable":true,"href":"https:\/\/mistrzowieimprez.pl\/en\/wp-json\/wp\/v2\/media\/1239"}],"wp:attachment":[{"href":"https:\/\/mistrzowieimprez.pl\/en\/wp-json\/wp\/v2\/media?parent=701"}],"wp:term":[{"taxonomy":"product_brand","embeddable":true,"href":"https:\/\/mistrzowieimprez.pl\/en\/wp-json\/wp\/v2\/product_brand?post=701"},{"taxonomy":"product_cat","embeddable":true,"href":"https:\/\/mistrzowieimprez.pl\/en\/wp-json\/wp\/v2\/product_cat?post=701"},{"taxonomy":"product_tag","embeddable":true,"href":"https:\/\/mistrzowieimprez.pl\/en\/wp-json\/wp\/v2\/product_tag?post=701"}],"curies":[{"name":"wp","href":"https:\/\/api.w.org\/{rel}","templated":true}]}}