{"id":699,"date":"2024-09-01T09:06:59","date_gmt":"2024-09-01T09:06:59","guid":{"rendered":"https:\/\/mistrzowieimprez.pl\/produkt\/paintball-strzelnica-lub-rywalizacja\/"},"modified":"2026-03-17T19:21:46","modified_gmt":"2026-03-17T19:21:46","slug":"paintball-strzelnica-lub-rywalizacja","status":"publish","type":"product","link":"https:\/\/mistrzowieimprez.pl\/en\/product\/paintball-strzelnica-lub-rywalizacja\/","title":{"rendered":"Paintball &#8211; strzelnica lub rywalizacja"},"content":{"rendered":"<p>Rozgrzej swoj\u0105 dusz\u0119 rywalizacji z nasz\u0105 ofert\u0105 Paintball! Zgromad\u017a swoj\u0105 dru\u017cyn\u0119 i wejd\u017a na pole bitwy pe\u0142ne przeszk\u00f3d i kryj\u00f3wek. Czy to na strzelnicy czy w rywalizacji dru\u017cynowej, jest to idealna atrakcja dla m\u0142odzie\u017cy i doros\u0142ych na ka\u017cdym evencie, od urodzin po firmowe imprezy integracyjne.<\/p>\n<ul>\n<li>Markery paintballowe najwy\u017cszej jako\u015bci<\/li>\n<li>Bezpieczne, biodegradowalne kulki z farb\u0105<\/li>\n<li>Wielofunkcyjne pole do gry z r\u00f3\u017cnymi przeszkodami i kryj\u00f3wkami<\/li>\n<\/ul>\n<ul>\n<li>Stymuluje ducha rywalizacji i pracy zespo\u0142owej<\/li>\n<li>Rozwija umiej\u0119tno\u015bci taktyczne i strategiczne<\/li>\n<li>Wspania\u0142a zabawa i adrenalina gwarantowana<\/li>\n<\/ul>\n<p>Zaplanuj niezapomnian\u0105 bitw\u0119 paintballow\u0105! Dodaj t\u0119 atrakcj\u0119 do swojego zapytania ofertowego ju\u017c teraz!<\/p>","protected":false},"excerpt":{"rendered":"<p>Podgrzej atmosfer\u0119 rywalizacji z nasz\u0105 ofert\u0105 Paintball! Zgromad\u017a dru\u017cyn\u0119 i wejd\u017a na pole bitwy pe\u0142ne przeszk\u00f3d. Idealne na ka\u017cd\u0105 imprez\u0119, od urodzin po firmowe eventy. Wysokiej jako\u015bci markery, bezpieczne kulki i adrenalina gwarantowana!<\/p>","protected":false},"featured_media":1255,"comment_status":"closed","ping_status":"closed","template":"","meta":{"_acf_changed":false},"product_brand":[],"product_cat":[80,82],"product_tag":[],"class_list":{"0":"post-699","1":"product","2":"type-product","3":"status-publish","4":"has-post-thumbnail","6":"product_cat-dla-mlodziezy-i-doroslych","7":"product_cat-atrakcje-strzeleckie","9":"first","10":"instock","11":"downloadable","12":"virtual","13":"purchasable","14":"product-type-simple"},"acf":[],"yoast_head":"<!-- This site is optimized with the Yoast SEO plugin v27.5 - https:\/\/yoast.com\/product\/yoast-seo-wordpress\/ -->\n<title>Paintball i strzelnica paintballowa \u2013 Wynajem na imprezy<\/title>\n<meta name=\"robots\" content=\"index, follow, max-snippet:-1, max-image-preview:large, max-video-preview:-1\" \/>\n<link rel=\"canonical\" href=\"https:\/\/mistrzowieimprez.pl\/en\/product\/paintball-strzelnica-lub-rywalizacja\/\" \/>\n<meta property=\"og:locale\" content=\"en_GB\" \/>\n<meta property=\"og:type\" content=\"article\" \/>\n<meta property=\"og:title\" content=\"Paintball i strzelnica paintballowa \u2013 Wynajem na imprezy\" \/>\n<meta property=\"og:description\" content=\"Podgrzej atmosfer\u0119 rywalizacji z nasz\u0105 ofert\u0105 Paintball! Zgromad\u017a dru\u017cyn\u0119 i wejd\u017a na pole bitwy pe\u0142ne przeszk\u00f3d. Idealne na ka\u017cd\u0105 imprez\u0119, od urodzin po firmowe eventy. Wysokiej jako\u015bci markery, bezpieczne kulki i adrenalina gwarantowana!\" \/>\n<meta property=\"og:url\" content=\"https:\/\/mistrzowieimprez.pl\/en\/product\/paintball-strzelnica-lub-rywalizacja\/\" \/>\n<meta property=\"og:site_name\" content=\"Mistrzowie Imprez\" \/>\n<meta property=\"article:publisher\" content=\"https:\/\/www.facebook.com\/mistrzowieimprez\" \/>\n<meta property=\"article:modified_time\" content=\"2026-03-17T19:21:46+00:00\" \/>\n<meta property=\"og:image\" content=\"https:\/\/mistrzowieimprez.pl\/wp-content\/uploads\/2024\/09\/Paintball-\u2013-strzelnica-lub-rywalizacja.png\" \/>\n\t<meta property=\"og:image:width\" content=\"800\" \/>\n\t<meta property=\"og:image:height\" content=\"800\" \/>\n\t<meta property=\"og:image:type\" content=\"image\/png\" \/>\n<meta name=\"twitter:card\" content=\"summary_large_image\" \/>\n<meta name=\"twitter:label1\" content=\"Estimated reading time\" \/>\n\t<meta name=\"twitter:data1\" content=\"1 minute\" \/>\n<script type=\"application\/ld+json\" class=\"yoast-schema-graph\">{\"@context\":\"https:\\\/\\\/schema.org\",\"@graph\":[{\"@type\":\"WebPage\",\"@id\":\"https:\\\/\\\/mistrzowieimprez.pl\\\/produkt\\\/paintball-strzelnica-lub-rywalizacja\\\/\",\"url\":\"https:\\\/\\\/mistrzowieimprez.pl\\\/produkt\\\/paintball-strzelnica-lub-rywalizacja\\\/\",\"name\":\"Paintball i strzelnica paintballowa \u2013 Wynajem na imprezy\",\"isPartOf\":{\"@id\":\"https:\\\/\\\/mistrzowieimprez.pl\\\/#website\"},\"primaryImageOfPage\":{\"@id\":\"https:\\\/\\\/mistrzowieimprez.pl\\\/produkt\\\/paintball-strzelnica-lub-rywalizacja\\\/#primaryimage\"},\"image\":{\"@id\":\"https:\\\/\\\/mistrzowieimprez.pl\\\/produkt\\\/paintball-strzelnica-lub-rywalizacja\\\/#primaryimage\"},\"thumbnailUrl\":\"https:\\\/\\\/mistrzowieimprez.pl\\\/wp-content\\\/uploads\\\/2024\\\/09\\\/Paintball-\u2013-strzelnica-lub-rywalizacja.png\",\"datePublished\":\"2024-09-01T09:06:59+00:00\",\"dateModified\":\"2026-03-17T19:21:46+00:00\",\"breadcrumb\":{\"@id\":\"https:\\\/\\\/mistrzowieimprez.pl\\\/produkt\\\/paintball-strzelnica-lub-rywalizacja\\\/#breadcrumb\"},\"inLanguage\":\"en-GB\",\"potentialAction\":[{\"@type\":\"ReadAction\",\"target\":[\"https:\\\/\\\/mistrzowieimprez.pl\\\/produkt\\\/paintball-strzelnica-lub-rywalizacja\\\/\"]}]},{\"@type\":\"ImageObject\",\"inLanguage\":\"en-GB\",\"@id\":\"https:\\\/\\\/mistrzowieimprez.pl\\\/produkt\\\/paintball-strzelnica-lub-rywalizacja\\\/#primaryimage\",\"url\":\"https:\\\/\\\/mistrzowieimprez.pl\\\/wp-content\\\/uploads\\\/2024\\\/09\\\/Paintball-\u2013-strzelnica-lub-rywalizacja.png\",\"contentUrl\":\"https:\\\/\\\/mistrzowieimprez.pl\\\/wp-content\\\/uploads\\\/2024\\\/09\\\/Paintball-\u2013-strzelnica-lub-rywalizacja.png\",\"width\":1000,\"height\":1000,\"caption\":\"Na zdj\u0119ciu widniej\u0105 osoby w maskach i mundurach camo, uczestnicz\u0105ce w grze paintballowej.\"},{\"@type\":\"BreadcrumbList\",\"@id\":\"https:\\\/\\\/mistrzowieimprez.pl\\\/produkt\\\/paintball-strzelnica-lub-rywalizacja\\\/#breadcrumb\",\"itemListElement\":[{\"@type\":\"ListItem\",\"position\":1,\"name\":\"Strona g\u0142\u00f3wna\",\"item\":\"https:\\\/\\\/mistrzowieimprez.pl\\\/\"},{\"@type\":\"ListItem\",\"position\":2,\"name\":\"sklep\",\"item\":\"https:\\\/\\\/mistrzowieimprez.pl\\\/sklep\\\/\"},{\"@type\":\"ListItem\",\"position\":3,\"name\":\"Paintball &#8211; strzelnica lub rywalizacja\"}]},{\"@type\":\"WebSite\",\"@id\":\"https:\\\/\\\/mistrzowieimprez.pl\\\/#website\",\"url\":\"https:\\\/\\\/mistrzowieimprez.pl\\\/\",\"name\":\"Mistrzowie Imprez\",\"description\":\"Kompleksowa organizacja imprez\",\"publisher\":{\"@id\":\"https:\\\/\\\/mistrzowieimprez.pl\\\/#organization\"},\"potentialAction\":[{\"@type\":\"SearchAction\",\"target\":{\"@type\":\"EntryPoint\",\"urlTemplate\":\"https:\\\/\\\/mistrzowieimprez.pl\\\/?s={search_term_string}\"},\"query-input\":{\"@type\":\"PropertyValueSpecification\",\"valueRequired\":true,\"valueName\":\"search_term_string\"}}],\"inLanguage\":\"en-GB\"},{\"@type\":\"Organization\",\"@id\":\"https:\\\/\\\/mistrzowieimprez.pl\\\/#organization\",\"name\":\"Mistrzowie Imprez\",\"url\":\"https:\\\/\\\/mistrzowieimprez.pl\\\/\",\"logo\":{\"@type\":\"ImageObject\",\"inLanguage\":\"en-GB\",\"@id\":\"https:\\\/\\\/mistrzowieimprez.pl\\\/#\\\/schema\\\/logo\\\/image\\\/\",\"url\":\"https:\\\/\\\/mistrzowieimprez.pl\\\/wp-content\\\/uploads\\\/2024\\\/08\\\/mistrzowie_imprez_logo_ciemne-tlo@4x.png\",\"contentUrl\":\"https:\\\/\\\/mistrzowieimprez.pl\\\/wp-content\\\/uploads\\\/2024\\\/08\\\/mistrzowie_imprez_logo_ciemne-tlo@4x.png\",\"width\":1318,\"height\":351,\"caption\":\"Mistrzowie Imprez\"},\"image\":{\"@id\":\"https:\\\/\\\/mistrzowieimprez.pl\\\/#\\\/schema\\\/logo\\\/image\\\/\"},\"sameAs\":[\"https:\\\/\\\/www.facebook.com\\\/mistrzowieimprez\",\"https:\\\/\\\/www.instagram.com\\\/mistrzowieimprez\\\/\",\"https:\\\/\\\/www.youtube.com\\\/@ytmistrzowieimprez\"]}]}<\/script>\n<!-- \/ Yoast SEO plugin. -->","yoast_head_json":{"title":"Paintball i strzelnica paintballowa \u2013 Wynajem na imprezy","robots":{"index":"index","follow":"follow","max-snippet":"max-snippet:-1","max-image-preview":"max-image-preview:large","max-video-preview":"max-video-preview:-1"},"canonical":"https:\/\/mistrzowieimprez.pl\/en\/product\/paintball-strzelnica-lub-rywalizacja\/","og_locale":"en_GB","og_type":"article","og_title":"Paintball i strzelnica paintballowa \u2013 Wynajem na imprezy","og_description":"Podgrzej atmosfer\u0119 rywalizacji z nasz\u0105 ofert\u0105 Paintball! Zgromad\u017a dru\u017cyn\u0119 i wejd\u017a na pole bitwy pe\u0142ne przeszk\u00f3d. Idealne na ka\u017cd\u0105 imprez\u0119, od urodzin po firmowe eventy. Wysokiej jako\u015bci markery, bezpieczne kulki i adrenalina gwarantowana!","og_url":"https:\/\/mistrzowieimprez.pl\/en\/product\/paintball-strzelnica-lub-rywalizacja\/","og_site_name":"Mistrzowie Imprez","article_publisher":"https:\/\/www.facebook.com\/mistrzowieimprez","article_modified_time":"2026-03-17T19:21:46+00:00","og_image":[{"url":"https:\/\/mistrzowieimprez.pl\/wp-content\/uploads\/2024\/09\/Paintball-\u2013-strzelnica-lub-rywalizacja.png","width":800,"height":800,"type":"image\/png"}],"twitter_card":"summary_large_image","twitter_misc":{"Estimated reading time":"1 minute"},"schema":{"@context":"https:\/\/schema.org","@graph":[{"@type":"WebPage","@id":"https:\/\/mistrzowieimprez.pl\/produkt\/paintball-strzelnica-lub-rywalizacja\/","url":"https:\/\/mistrzowieimprez.pl\/produkt\/paintball-strzelnica-lub-rywalizacja\/","name":"Paintball i strzelnica paintballowa \u2013 Wynajem na imprezy","isPartOf":{"@id":"https:\/\/mistrzowieimprez.pl\/#website"},"primaryImageOfPage":{"@id":"https:\/\/mistrzowieimprez.pl\/produkt\/paintball-strzelnica-lub-rywalizacja\/#primaryimage"},"image":{"@id":"https:\/\/mistrzowieimprez.pl\/produkt\/paintball-strzelnica-lub-rywalizacja\/#primaryimage"},"thumbnailUrl":"https:\/\/mistrzowieimprez.pl\/wp-content\/uploads\/2024\/09\/Paintball-\u2013-strzelnica-lub-rywalizacja.png","datePublished":"2024-09-01T09:06:59+00:00","dateModified":"2026-03-17T19:21:46+00:00","breadcrumb":{"@id":"https:\/\/mistrzowieimprez.pl\/produkt\/paintball-strzelnica-lub-rywalizacja\/#breadcrumb"},"inLanguage":"en-GB","potentialAction":[{"@type":"ReadAction","target":["https:\/\/mistrzowieimprez.pl\/produkt\/paintball-strzelnica-lub-rywalizacja\/"]}]},{"@type":"ImageObject","inLanguage":"en-GB","@id":"https:\/\/mistrzowieimprez.pl\/produkt\/paintball-strzelnica-lub-rywalizacja\/#primaryimage","url":"https:\/\/mistrzowieimprez.pl\/wp-content\/uploads\/2024\/09\/Paintball-\u2013-strzelnica-lub-rywalizacja.png","contentUrl":"https:\/\/mistrzowieimprez.pl\/wp-content\/uploads\/2024\/09\/Paintball-\u2013-strzelnica-lub-rywalizacja.png","width":1000,"height":1000,"caption":"Na zdj\u0119ciu widniej\u0105 osoby w maskach i mundurach camo, uczestnicz\u0105ce w grze paintballowej."},{"@type":"BreadcrumbList","@id":"https:\/\/mistrzowieimprez.pl\/produkt\/paintball-strzelnica-lub-rywalizacja\/#breadcrumb","itemListElement":[{"@type":"ListItem","position":1,"name":"Strona g\u0142\u00f3wna","item":"https:\/\/mistrzowieimprez.pl\/"},{"@type":"ListItem","position":2,"name":"sklep","item":"https:\/\/mistrzowieimprez.pl\/sklep\/"},{"@type":"ListItem","position":3,"name":"Paintball &#8211; strzelnica lub rywalizacja"}]},{"@type":"WebSite","@id":"https:\/\/mistrzowieimprez.pl\/#website","url":"https:\/\/mistrzowieimprez.pl\/","name":"Mistrzowie Imprez","description":"Kompleksowa organizacja imprez","publisher":{"@id":"https:\/\/mistrzowieimprez.pl\/#organization"},"potentialAction":[{"@type":"SearchAction","target":{"@type":"EntryPoint","urlTemplate":"https:\/\/mistrzowieimprez.pl\/?s={search_term_string}"},"query-input":{"@type":"PropertyValueSpecification","valueRequired":true,"valueName":"search_term_string"}}],"inLanguage":"en-GB"},{"@type":"Organization","@id":"https:\/\/mistrzowieimprez.pl\/#organization","name":"Mistrzowie Imprez","url":"https:\/\/mistrzowieimprez.pl\/","logo":{"@type":"ImageObject","inLanguage":"en-GB","@id":"https:\/\/mistrzowieimprez.pl\/#\/schema\/logo\/image\/","url":"https:\/\/mistrzowieimprez.pl\/wp-content\/uploads\/2024\/08\/mistrzowie_imprez_logo_ciemne-tlo@4x.png","contentUrl":"https:\/\/mistrzowieimprez.pl\/wp-content\/uploads\/2024\/08\/mistrzowie_imprez_logo_ciemne-tlo@4x.png","width":1318,"height":351,"caption":"Mistrzowie Imprez"},"image":{"@id":"https:\/\/mistrzowieimprez.pl\/#\/schema\/logo\/image\/"},"sameAs":["https:\/\/www.facebook.com\/mistrzowieimprez","https:\/\/www.instagram.com\/mistrzowieimprez\/","https:\/\/www.youtube.com\/@ytmistrzowieimprez"]}]}},"_links":{"self":[{"href":"https:\/\/mistrzowieimprez.pl\/en\/wp-json\/wp\/v2\/product\/699","targetHints":{"allow":["GET"]}}],"collection":[{"href":"https:\/\/mistrzowieimprez.pl\/en\/wp-json\/wp\/v2\/product"}],"about":[{"href":"https:\/\/mistrzowieimprez.pl\/en\/wp-json\/wp\/v2\/types\/product"}],"replies":[{"embeddable":true,"href":"https:\/\/mistrzowieimprez.pl\/en\/wp-json\/wp\/v2\/comments?post=699"}],"version-history":[{"count":1,"href":"https:\/\/mistrzowieimprez.pl\/en\/wp-json\/wp\/v2\/product\/699\/revisions"}],"predecessor-version":[{"id":3515,"href":"https:\/\/mistrzowieimprez.pl\/en\/wp-json\/wp\/v2\/product\/699\/revisions\/3515"}],"wp:featuredmedia":[{"embeddable":true,"href":"https:\/\/mistrzowieimprez.pl\/en\/wp-json\/wp\/v2\/media\/1255"}],"wp:attachment":[{"href":"https:\/\/mistrzowieimprez.pl\/en\/wp-json\/wp\/v2\/media?parent=699"}],"wp:term":[{"taxonomy":"product_brand","embeddable":true,"href":"https:\/\/mistrzowieimprez.pl\/en\/wp-json\/wp\/v2\/product_brand?post=699"},{"taxonomy":"product_cat","embeddable":true,"href":"https:\/\/mistrzowieimprez.pl\/en\/wp-json\/wp\/v2\/product_cat?post=699"},{"taxonomy":"product_tag","embeddable":true,"href":"https:\/\/mistrzowieimprez.pl\/en\/wp-json\/wp\/v2\/product_tag?post=699"}],"curies":[{"name":"wp","href":"https:\/\/api.w.org\/{rel}","templated":true}]}}