{"id":694,"date":"2024-09-01T09:06:57","date_gmt":"2024-09-01T09:06:57","guid":{"rendered":"https:\/\/mistrzowieimprez.pl\/produkt\/modele-rc\/"},"modified":"2026-02-18T13:43:18","modified_gmt":"2026-02-18T13:43:18","slug":"modele-rc","status":"publish","type":"product","link":"https:\/\/mistrzowieimprez.pl\/en\/product\/modele-rc\/","title":{"rendered":"Modele RC"},"content":{"rendered":"<p>Wprowad\u017a troch\u0119 emocji i adrenaliny do swojego wydarzenia z naszymi modelami RC! Te ma\u0142e, ale pot\u0119\u017cne pojazdy zapewni\u0105 godziny zabawy i rywalizacji dla dzieci, m\u0142odzie\u017cy i doros\u0142ych. Idealne na pikniki rodzinne, imprezy firmowe czy urodziny, nasze modele RC z pewno\u015bci\u0105 podnios\u0105 poziom zabawy!<\/p>\n<ul>\n<li>Wysokiej jako\u015bci, wytrzyma\u0142e modele RC, zaprojektowane do szybkiej jazdy i zr\u0119czno\u015bci.<\/li>\n<li>\u0141atwe w obs\u0142udze, z prostymi, intuicyjnymi sterownikami.<\/li>\n<li>Dost\u0119pne w r\u00f3\u017cnych modelach i stylach, aby pasowa\u0142y do ka\u017cdego wydarzenia i grupy wiekowej.<\/li>\n<\/ul>\n<ul>\n<li>Zach\u0119ca do zdrowej rywalizacji i buduje ducha zespo\u0142owego.<\/li>\n<li>Rozwija umiej\u0119tno\u015bci motoryczne i koordynacj\u0119 ruchow\u0105.<\/li>\n<li>Wszyscy uczestnicy b\u0119d\u0105 bawili si\u0119 fantastycznie, niezale\u017cnie od wieku!<\/li>\n<\/ul>\n<p>Co czekasz? Dodaj nasze modele RC do swojego zapytania ofertowego i zaskocz swoich go\u015bci niesamowit\u0105 zabaw\u0105!<\/p>","protected":false},"excerpt":{"rendered":"<p>Dodaj emocje i adrenalin\u0119 do swojego wydarzenia dzi\u0119ki naszym modelom RC! Te ma\u0142e, ale pot\u0119\u017cne pojazdy zapewniaj\u0105 godziny zabawy dla ka\u017cdej grupy wiekowej. Idealne na r\u00f3\u017cnego rodzaju imprezy, modele RC z pewno\u015bci\u0105 podnios\u0105 poziom rozrywki!<\/p>","protected":false},"featured_media":1130,"comment_status":"closed","ping_status":"closed","template":"","meta":{"_acf_changed":false},"product_brand":[],"product_cat":[80,81],"product_tag":[],"class_list":{"0":"post-694","1":"product","2":"type-product","3":"status-publish","4":"has-post-thumbnail","6":"product_cat-dla-mlodziezy-i-doroslych","7":"product_cat-atrakcje-motoryzacyjne","9":"first","10":"instock","11":"downloadable","12":"virtual","13":"purchasable","14":"product-type-simple"},"acf":[],"yoast_head":"<!-- This site is optimized with the Yoast SEO plugin v27.5 - https:\/\/yoast.com\/product\/yoast-seo-wordpress\/ -->\n<title>Samochody zdalnie sterowanych na imprez\u0119 | Mistrzowie Imprez | Samochody RC na eventy<\/title>\n<meta name=\"robots\" content=\"index, follow, max-snippet:-1, max-image-preview:large, max-video-preview:-1\" \/>\n<link rel=\"canonical\" href=\"https:\/\/mistrzowieimprez.pl\/en\/product\/modele-rc\/\" \/>\n<meta property=\"og:locale\" content=\"en_GB\" \/>\n<meta property=\"og:type\" content=\"article\" \/>\n<meta property=\"og:title\" content=\"Samochody zdalnie sterowanych na imprez\u0119 | Mistrzowie Imprez | Samochody RC na eventy\" \/>\n<meta property=\"og:description\" content=\"Dodaj emocje i adrenalin\u0119 do swojego wydarzenia dzi\u0119ki naszym modelom RC! Te ma\u0142e, ale pot\u0119\u017cne pojazdy zapewniaj\u0105 godziny zabawy dla ka\u017cdej grupy wiekowej. Idealne na r\u00f3\u017cnego rodzaju imprezy, modele RC z pewno\u015bci\u0105 podnios\u0105 poziom rozrywki!\" \/>\n<meta property=\"og:url\" content=\"https:\/\/mistrzowieimprez.pl\/en\/product\/modele-rc\/\" \/>\n<meta property=\"og:site_name\" content=\"Mistrzowie Imprez\" \/>\n<meta property=\"article:publisher\" content=\"https:\/\/www.facebook.com\/mistrzowieimprez\" \/>\n<meta property=\"article:modified_time\" content=\"2026-02-18T13:43:18+00:00\" \/>\n<meta property=\"og:image\" content=\"https:\/\/mistrzowieimprez.pl\/wp-content\/uploads\/2024\/09\/Modele-RC.jpg\" \/>\n\t<meta property=\"og:image:width\" content=\"2016\" \/>\n\t<meta property=\"og:image:height\" content=\"1512\" \/>\n\t<meta property=\"og:image:type\" content=\"image\/jpeg\" \/>\n<meta name=\"twitter:card\" content=\"summary_large_image\" \/>\n<meta name=\"twitter:label1\" content=\"Estimated reading time\" \/>\n\t<meta name=\"twitter:data1\" content=\"1 minute\" \/>\n<script type=\"application\/ld+json\" class=\"yoast-schema-graph\">{\"@context\":\"https:\\\/\\\/schema.org\",\"@graph\":[{\"@type\":\"WebPage\",\"@id\":\"https:\\\/\\\/mistrzowieimprez.pl\\\/produkt\\\/modele-rc\\\/\",\"url\":\"https:\\\/\\\/mistrzowieimprez.pl\\\/produkt\\\/modele-rc\\\/\",\"name\":\"Samochody zdalnie sterowanych na imprez\u0119 | Mistrzowie Imprez | Samochody RC na eventy\",\"isPartOf\":{\"@id\":\"https:\\\/\\\/mistrzowieimprez.pl\\\/#website\"},\"primaryImageOfPage\":{\"@id\":\"https:\\\/\\\/mistrzowieimprez.pl\\\/produkt\\\/modele-rc\\\/#primaryimage\"},\"image\":{\"@id\":\"https:\\\/\\\/mistrzowieimprez.pl\\\/produkt\\\/modele-rc\\\/#primaryimage\"},\"thumbnailUrl\":\"https:\\\/\\\/mistrzowieimprez.pl\\\/wp-content\\\/uploads\\\/2024\\\/09\\\/Modele-RC.jpg\",\"datePublished\":\"2024-09-01T09:06:57+00:00\",\"dateModified\":\"2026-02-18T13:43:18+00:00\",\"breadcrumb\":{\"@id\":\"https:\\\/\\\/mistrzowieimprez.pl\\\/produkt\\\/modele-rc\\\/#breadcrumb\"},\"inLanguage\":\"en-GB\",\"potentialAction\":[{\"@type\":\"ReadAction\",\"target\":[\"https:\\\/\\\/mistrzowieimprez.pl\\\/produkt\\\/modele-rc\\\/\"]}]},{\"@type\":\"ImageObject\",\"inLanguage\":\"en-GB\",\"@id\":\"https:\\\/\\\/mistrzowieimprez.pl\\\/produkt\\\/modele-rc\\\/#primaryimage\",\"url\":\"https:\\\/\\\/mistrzowieimprez.pl\\\/wp-content\\\/uploads\\\/2024\\\/09\\\/Modele-RC.jpg\",\"contentUrl\":\"https:\\\/\\\/mistrzowieimprez.pl\\\/wp-content\\\/uploads\\\/2024\\\/09\\\/Modele-RC.jpg\",\"width\":2016,\"height\":1512,\"caption\":\"Zdj\u0119cie przedstawia grup\u0119 zdalnie sterowanych samochod\u00f3w wy\u015bcigowych ustawionych na pod\u0142odze z geometrycznym wzorem.\"},{\"@type\":\"BreadcrumbList\",\"@id\":\"https:\\\/\\\/mistrzowieimprez.pl\\\/produkt\\\/modele-rc\\\/#breadcrumb\",\"itemListElement\":[{\"@type\":\"ListItem\",\"position\":1,\"name\":\"Strona g\u0142\u00f3wna\",\"item\":\"https:\\\/\\\/mistrzowieimprez.pl\\\/\"},{\"@type\":\"ListItem\",\"position\":2,\"name\":\"sklep\",\"item\":\"https:\\\/\\\/mistrzowieimprez.pl\\\/sklep\\\/\"},{\"@type\":\"ListItem\",\"position\":3,\"name\":\"Modele RC\"}]},{\"@type\":\"WebSite\",\"@id\":\"https:\\\/\\\/mistrzowieimprez.pl\\\/#website\",\"url\":\"https:\\\/\\\/mistrzowieimprez.pl\\\/\",\"name\":\"Mistrzowie Imprez\",\"description\":\"Kompleksowa organizacja imprez\",\"publisher\":{\"@id\":\"https:\\\/\\\/mistrzowieimprez.pl\\\/#organization\"},\"potentialAction\":[{\"@type\":\"SearchAction\",\"target\":{\"@type\":\"EntryPoint\",\"urlTemplate\":\"https:\\\/\\\/mistrzowieimprez.pl\\\/?s={search_term_string}\"},\"query-input\":{\"@type\":\"PropertyValueSpecification\",\"valueRequired\":true,\"valueName\":\"search_term_string\"}}],\"inLanguage\":\"en-GB\"},{\"@type\":\"Organization\",\"@id\":\"https:\\\/\\\/mistrzowieimprez.pl\\\/#organization\",\"name\":\"Mistrzowie Imprez\",\"url\":\"https:\\\/\\\/mistrzowieimprez.pl\\\/\",\"logo\":{\"@type\":\"ImageObject\",\"inLanguage\":\"en-GB\",\"@id\":\"https:\\\/\\\/mistrzowieimprez.pl\\\/#\\\/schema\\\/logo\\\/image\\\/\",\"url\":\"https:\\\/\\\/mistrzowieimprez.pl\\\/wp-content\\\/uploads\\\/2024\\\/08\\\/mistrzowie_imprez_logo_ciemne-tlo@4x.png\",\"contentUrl\":\"https:\\\/\\\/mistrzowieimprez.pl\\\/wp-content\\\/uploads\\\/2024\\\/08\\\/mistrzowie_imprez_logo_ciemne-tlo@4x.png\",\"width\":1318,\"height\":351,\"caption\":\"Mistrzowie Imprez\"},\"image\":{\"@id\":\"https:\\\/\\\/mistrzowieimprez.pl\\\/#\\\/schema\\\/logo\\\/image\\\/\"},\"sameAs\":[\"https:\\\/\\\/www.facebook.com\\\/mistrzowieimprez\",\"https:\\\/\\\/www.instagram.com\\\/mistrzowieimprez\\\/\",\"https:\\\/\\\/www.youtube.com\\\/@ytmistrzowieimprez\"]}]}<\/script>\n<!-- \/ Yoast SEO plugin. -->","yoast_head_json":{"title":"Samochody zdalnie sterowanych na imprez\u0119 | Mistrzowie Imprez | Samochody RC na eventy","robots":{"index":"index","follow":"follow","max-snippet":"max-snippet:-1","max-image-preview":"max-image-preview:large","max-video-preview":"max-video-preview:-1"},"canonical":"https:\/\/mistrzowieimprez.pl\/en\/product\/modele-rc\/","og_locale":"en_GB","og_type":"article","og_title":"Samochody zdalnie sterowanych na imprez\u0119 | Mistrzowie Imprez | Samochody RC na eventy","og_description":"Dodaj emocje i adrenalin\u0119 do swojego wydarzenia dzi\u0119ki naszym modelom RC! Te ma\u0142e, ale pot\u0119\u017cne pojazdy zapewniaj\u0105 godziny zabawy dla ka\u017cdej grupy wiekowej. Idealne na r\u00f3\u017cnego rodzaju imprezy, modele RC z pewno\u015bci\u0105 podnios\u0105 poziom rozrywki!","og_url":"https:\/\/mistrzowieimprez.pl\/en\/product\/modele-rc\/","og_site_name":"Mistrzowie Imprez","article_publisher":"https:\/\/www.facebook.com\/mistrzowieimprez","article_modified_time":"2026-02-18T13:43:18+00:00","og_image":[{"width":2016,"height":1512,"url":"https:\/\/mistrzowieimprez.pl\/wp-content\/uploads\/2024\/09\/Modele-RC.jpg","type":"image\/jpeg"}],"twitter_card":"summary_large_image","twitter_misc":{"Estimated reading time":"1 minute"},"schema":{"@context":"https:\/\/schema.org","@graph":[{"@type":"WebPage","@id":"https:\/\/mistrzowieimprez.pl\/produkt\/modele-rc\/","url":"https:\/\/mistrzowieimprez.pl\/produkt\/modele-rc\/","name":"Samochody zdalnie sterowanych na imprez\u0119 | Mistrzowie Imprez | Samochody RC na eventy","isPartOf":{"@id":"https:\/\/mistrzowieimprez.pl\/#website"},"primaryImageOfPage":{"@id":"https:\/\/mistrzowieimprez.pl\/produkt\/modele-rc\/#primaryimage"},"image":{"@id":"https:\/\/mistrzowieimprez.pl\/produkt\/modele-rc\/#primaryimage"},"thumbnailUrl":"https:\/\/mistrzowieimprez.pl\/wp-content\/uploads\/2024\/09\/Modele-RC.jpg","datePublished":"2024-09-01T09:06:57+00:00","dateModified":"2026-02-18T13:43:18+00:00","breadcrumb":{"@id":"https:\/\/mistrzowieimprez.pl\/produkt\/modele-rc\/#breadcrumb"},"inLanguage":"en-GB","potentialAction":[{"@type":"ReadAction","target":["https:\/\/mistrzowieimprez.pl\/produkt\/modele-rc\/"]}]},{"@type":"ImageObject","inLanguage":"en-GB","@id":"https:\/\/mistrzowieimprez.pl\/produkt\/modele-rc\/#primaryimage","url":"https:\/\/mistrzowieimprez.pl\/wp-content\/uploads\/2024\/09\/Modele-RC.jpg","contentUrl":"https:\/\/mistrzowieimprez.pl\/wp-content\/uploads\/2024\/09\/Modele-RC.jpg","width":2016,"height":1512,"caption":"Zdj\u0119cie przedstawia grup\u0119 zdalnie sterowanych samochod\u00f3w wy\u015bcigowych ustawionych na pod\u0142odze z geometrycznym wzorem."},{"@type":"BreadcrumbList","@id":"https:\/\/mistrzowieimprez.pl\/produkt\/modele-rc\/#breadcrumb","itemListElement":[{"@type":"ListItem","position":1,"name":"Strona g\u0142\u00f3wna","item":"https:\/\/mistrzowieimprez.pl\/"},{"@type":"ListItem","position":2,"name":"sklep","item":"https:\/\/mistrzowieimprez.pl\/sklep\/"},{"@type":"ListItem","position":3,"name":"Modele RC"}]},{"@type":"WebSite","@id":"https:\/\/mistrzowieimprez.pl\/#website","url":"https:\/\/mistrzowieimprez.pl\/","name":"Mistrzowie Imprez","description":"Kompleksowa organizacja imprez","publisher":{"@id":"https:\/\/mistrzowieimprez.pl\/#organization"},"potentialAction":[{"@type":"SearchAction","target":{"@type":"EntryPoint","urlTemplate":"https:\/\/mistrzowieimprez.pl\/?s={search_term_string}"},"query-input":{"@type":"PropertyValueSpecification","valueRequired":true,"valueName":"search_term_string"}}],"inLanguage":"en-GB"},{"@type":"Organization","@id":"https:\/\/mistrzowieimprez.pl\/#organization","name":"Mistrzowie Imprez","url":"https:\/\/mistrzowieimprez.pl\/","logo":{"@type":"ImageObject","inLanguage":"en-GB","@id":"https:\/\/mistrzowieimprez.pl\/#\/schema\/logo\/image\/","url":"https:\/\/mistrzowieimprez.pl\/wp-content\/uploads\/2024\/08\/mistrzowie_imprez_logo_ciemne-tlo@4x.png","contentUrl":"https:\/\/mistrzowieimprez.pl\/wp-content\/uploads\/2024\/08\/mistrzowie_imprez_logo_ciemne-tlo@4x.png","width":1318,"height":351,"caption":"Mistrzowie Imprez"},"image":{"@id":"https:\/\/mistrzowieimprez.pl\/#\/schema\/logo\/image\/"},"sameAs":["https:\/\/www.facebook.com\/mistrzowieimprez","https:\/\/www.instagram.com\/mistrzowieimprez\/","https:\/\/www.youtube.com\/@ytmistrzowieimprez"]}]}},"_links":{"self":[{"href":"https:\/\/mistrzowieimprez.pl\/en\/wp-json\/wp\/v2\/product\/694","targetHints":{"allow":["GET"]}}],"collection":[{"href":"https:\/\/mistrzowieimprez.pl\/en\/wp-json\/wp\/v2\/product"}],"about":[{"href":"https:\/\/mistrzowieimprez.pl\/en\/wp-json\/wp\/v2\/types\/product"}],"replies":[{"embeddable":true,"href":"https:\/\/mistrzowieimprez.pl\/en\/wp-json\/wp\/v2\/comments?post=694"}],"version-history":[{"count":1,"href":"https:\/\/mistrzowieimprez.pl\/en\/wp-json\/wp\/v2\/product\/694\/revisions"}],"predecessor-version":[{"id":3473,"href":"https:\/\/mistrzowieimprez.pl\/en\/wp-json\/wp\/v2\/product\/694\/revisions\/3473"}],"wp:featuredmedia":[{"embeddable":true,"href":"https:\/\/mistrzowieimprez.pl\/en\/wp-json\/wp\/v2\/media\/1130"}],"wp:attachment":[{"href":"https:\/\/mistrzowieimprez.pl\/en\/wp-json\/wp\/v2\/media?parent=694"}],"wp:term":[{"taxonomy":"product_brand","embeddable":true,"href":"https:\/\/mistrzowieimprez.pl\/en\/wp-json\/wp\/v2\/product_brand?post=694"},{"taxonomy":"product_cat","embeddable":true,"href":"https:\/\/mistrzowieimprez.pl\/en\/wp-json\/wp\/v2\/product_cat?post=694"},{"taxonomy":"product_tag","embeddable":true,"href":"https:\/\/mistrzowieimprez.pl\/en\/wp-json\/wp\/v2\/product_tag?post=694"}],"curies":[{"name":"wp","href":"https:\/\/api.w.org\/{rel}","templated":true}]}}