{"id":690,"date":"2024-09-01T09:06:55","date_gmt":"2024-09-01T09:06:55","guid":{"rendered":"https:\/\/mistrzowieimprez.pl\/produkt\/quady\/"},"modified":"2026-02-18T13:41:45","modified_gmt":"2026-02-18T13:41:45","slug":"quady","status":"publish","type":"product","link":"https:\/\/mistrzowieimprez.pl\/en\/product\/quady\/","title":{"rendered":"Quady"},"content":{"rendered":"<p>Zapraszamy na ekscytuj\u0105ce prze\u017cycie jazdy quadem! Nasze quady to prawdziwa adrenalina i emocje na poziomie maks. Bezp\u0142atna lekcja jazdy dla pocz\u0105tkuj\u0105cych gwarantuje, \u017ce ka\u017cdy, niezale\u017cnie od do\u015bwiadczenia, b\u0119dzie bawi\u0142 si\u0119 bezpiecznie i doskonale. To idealna atrakcja na ka\u017cd\u0105 imprez\u0119!<\/p>\n<ul>\n<li>Pot\u0119\u017cne quady o mocy do 50 KM.<\/li>\n<li>Wszystkie niezb\u0119dne elementy ochrony i kaski w zestawie.<\/li>\n<li>Mo\u017cliwo\u015b\u0107 skorzystania z profesjonalnej instrukcji i treningu przed jazd\u0105.<\/li>\n<\/ul>\n<ul>\n<li>Do\u015bwiadcz niesamowitej adrenaliny podczas jazdy quadem.<\/li>\n<li>Rozwijaj swoje umiej\u0119tno\u015bci motoryzacyjne i naucz si\u0119 nowych trik\u00f3w.<\/li>\n<li>\u015awietna zabawa i interakcja z przyjaci\u00f3\u0142mi lub rodzin\u0105.<\/li>\n<\/ul>\n<p>Nie czekaj, dodaj quady do swojego zapytania ofertowego i prze\u017cyj niezapomnian\u0105 przygod\u0119!<\/p>","protected":false},"excerpt":{"rendered":"<p>Zapraszamy na adrenalizacyjn\u0105 jazd\u0119 quadem! Nasze mocne maszyny do 50 KM gwarantuj\u0105 niesamowite emocje, a darmowa lekcja dla pocz\u0105tkuj\u0105cych zapewnia bezpiecze\u0144stwo. Idealna atrakcja na ka\u017cd\u0105 imprez\u0119!<\/p>","protected":false},"featured_media":1265,"comment_status":"closed","ping_status":"closed","template":"","meta":{"_acf_changed":false},"product_brand":[],"product_cat":[80,81],"product_tag":[],"class_list":{"0":"post-690","1":"product","2":"type-product","3":"status-publish","4":"has-post-thumbnail","6":"product_cat-dla-mlodziezy-i-doroslych","7":"product_cat-atrakcje-motoryzacyjne","9":"first","10":"instock","11":"downloadable","12":"virtual","13":"purchasable","14":"product-type-simple"},"acf":[],"yoast_head":"<!-- This site is optimized with the Yoast SEO plugin v27.5 - https:\/\/yoast.com\/product\/yoast-seo-wordpress\/ -->\n<title>Wynajem quad\u00f3w | Przejazd quadem na event | Mistrzowie Imprez | Atrakcje na quadach na imprezy firmowe i okoliczno\u015bciowe<\/title>\n<meta name=\"robots\" content=\"index, follow, max-snippet:-1, max-image-preview:large, max-video-preview:-1\" \/>\n<link rel=\"canonical\" href=\"https:\/\/mistrzowieimprez.pl\/en\/product\/quady\/\" \/>\n<meta property=\"og:locale\" content=\"en_GB\" \/>\n<meta property=\"og:type\" content=\"article\" \/>\n<meta property=\"og:title\" content=\"Wynajem quad\u00f3w | Przejazd quadem na event | Mistrzowie Imprez | Atrakcje na quadach na imprezy firmowe i okoliczno\u015bciowe\" \/>\n<meta property=\"og:description\" content=\"Zapraszamy na adrenalizacyjn\u0105 jazd\u0119 quadem! Nasze mocne maszyny do 50 KM gwarantuj\u0105 niesamowite emocje, a darmowa lekcja dla pocz\u0105tkuj\u0105cych zapewnia bezpiecze\u0144stwo. Idealna atrakcja na ka\u017cd\u0105 imprez\u0119!\" \/>\n<meta property=\"og:url\" content=\"https:\/\/mistrzowieimprez.pl\/en\/product\/quady\/\" \/>\n<meta property=\"og:site_name\" content=\"Mistrzowie Imprez\" \/>\n<meta property=\"article:publisher\" content=\"https:\/\/www.facebook.com\/mistrzowieimprez\" \/>\n<meta property=\"article:modified_time\" content=\"2026-02-18T13:41:45+00:00\" \/>\n<meta property=\"og:image\" content=\"https:\/\/mistrzowieimprez.pl\/wp-content\/uploads\/2024\/09\/Quady.png\" \/>\n\t<meta property=\"og:image:width\" content=\"800\" \/>\n\t<meta property=\"og:image:height\" content=\"800\" \/>\n\t<meta property=\"og:image:type\" content=\"image\/png\" \/>\n<meta name=\"twitter:card\" content=\"summary_large_image\" \/>\n<meta name=\"twitter:label1\" content=\"Estimated reading time\" \/>\n\t<meta name=\"twitter:data1\" content=\"1 minute\" \/>\n<script type=\"application\/ld+json\" class=\"yoast-schema-graph\">{\"@context\":\"https:\\\/\\\/schema.org\",\"@graph\":[{\"@type\":\"WebPage\",\"@id\":\"https:\\\/\\\/mistrzowieimprez.pl\\\/produkt\\\/quady\\\/\",\"url\":\"https:\\\/\\\/mistrzowieimprez.pl\\\/produkt\\\/quady\\\/\",\"name\":\"Wynajem quad\u00f3w | Przejazd quadem na event | Mistrzowie Imprez | Atrakcje na quadach na imprezy firmowe i okoliczno\u015bciowe\",\"isPartOf\":{\"@id\":\"https:\\\/\\\/mistrzowieimprez.pl\\\/#website\"},\"primaryImageOfPage\":{\"@id\":\"https:\\\/\\\/mistrzowieimprez.pl\\\/produkt\\\/quady\\\/#primaryimage\"},\"image\":{\"@id\":\"https:\\\/\\\/mistrzowieimprez.pl\\\/produkt\\\/quady\\\/#primaryimage\"},\"thumbnailUrl\":\"https:\\\/\\\/mistrzowieimprez.pl\\\/wp-content\\\/uploads\\\/2024\\\/09\\\/Quady.png\",\"datePublished\":\"2024-09-01T09:06:55+00:00\",\"dateModified\":\"2026-02-18T13:41:45+00:00\",\"breadcrumb\":{\"@id\":\"https:\\\/\\\/mistrzowieimprez.pl\\\/produkt\\\/quady\\\/#breadcrumb\"},\"inLanguage\":\"en-GB\",\"potentialAction\":[{\"@type\":\"ReadAction\",\"target\":[\"https:\\\/\\\/mistrzowieimprez.pl\\\/produkt\\\/quady\\\/\"]}]},{\"@type\":\"ImageObject\",\"inLanguage\":\"en-GB\",\"@id\":\"https:\\\/\\\/mistrzowieimprez.pl\\\/produkt\\\/quady\\\/#primaryimage\",\"url\":\"https:\\\/\\\/mistrzowieimprez.pl\\\/wp-content\\\/uploads\\\/2024\\\/09\\\/Quady.png\",\"contentUrl\":\"https:\\\/\\\/mistrzowieimprez.pl\\\/wp-content\\\/uploads\\\/2024\\\/09\\\/Quady.png\",\"width\":1000,\"height\":1000,\"caption\":\"Rz\u0105d niebieskich quad\u00f3w ustawionych na \u017cwirowej nawierzchni sugeruje przygotowania do outdoorowej atrakcji, prawdopodobnie zwi\u0105zanej z imprezami organizowanymi przez Mistrz\u00f3w imprez.\"},{\"@type\":\"BreadcrumbList\",\"@id\":\"https:\\\/\\\/mistrzowieimprez.pl\\\/produkt\\\/quady\\\/#breadcrumb\",\"itemListElement\":[{\"@type\":\"ListItem\",\"position\":1,\"name\":\"Strona g\u0142\u00f3wna\",\"item\":\"https:\\\/\\\/mistrzowieimprez.pl\\\/\"},{\"@type\":\"ListItem\",\"position\":2,\"name\":\"sklep\",\"item\":\"https:\\\/\\\/mistrzowieimprez.pl\\\/sklep\\\/\"},{\"@type\":\"ListItem\",\"position\":3,\"name\":\"Quady\"}]},{\"@type\":\"WebSite\",\"@id\":\"https:\\\/\\\/mistrzowieimprez.pl\\\/#website\",\"url\":\"https:\\\/\\\/mistrzowieimprez.pl\\\/\",\"name\":\"Mistrzowie Imprez\",\"description\":\"Kompleksowa organizacja imprez\",\"publisher\":{\"@id\":\"https:\\\/\\\/mistrzowieimprez.pl\\\/#organization\"},\"potentialAction\":[{\"@type\":\"SearchAction\",\"target\":{\"@type\":\"EntryPoint\",\"urlTemplate\":\"https:\\\/\\\/mistrzowieimprez.pl\\\/?s={search_term_string}\"},\"query-input\":{\"@type\":\"PropertyValueSpecification\",\"valueRequired\":true,\"valueName\":\"search_term_string\"}}],\"inLanguage\":\"en-GB\"},{\"@type\":\"Organization\",\"@id\":\"https:\\\/\\\/mistrzowieimprez.pl\\\/#organization\",\"name\":\"Mistrzowie Imprez\",\"url\":\"https:\\\/\\\/mistrzowieimprez.pl\\\/\",\"logo\":{\"@type\":\"ImageObject\",\"inLanguage\":\"en-GB\",\"@id\":\"https:\\\/\\\/mistrzowieimprez.pl\\\/#\\\/schema\\\/logo\\\/image\\\/\",\"url\":\"https:\\\/\\\/mistrzowieimprez.pl\\\/wp-content\\\/uploads\\\/2024\\\/08\\\/mistrzowie_imprez_logo_ciemne-tlo@4x.png\",\"contentUrl\":\"https:\\\/\\\/mistrzowieimprez.pl\\\/wp-content\\\/uploads\\\/2024\\\/08\\\/mistrzowie_imprez_logo_ciemne-tlo@4x.png\",\"width\":1318,\"height\":351,\"caption\":\"Mistrzowie Imprez\"},\"image\":{\"@id\":\"https:\\\/\\\/mistrzowieimprez.pl\\\/#\\\/schema\\\/logo\\\/image\\\/\"},\"sameAs\":[\"https:\\\/\\\/www.facebook.com\\\/mistrzowieimprez\",\"https:\\\/\\\/www.instagram.com\\\/mistrzowieimprez\\\/\",\"https:\\\/\\\/www.youtube.com\\\/@ytmistrzowieimprez\"]}]}<\/script>\n<!-- \/ Yoast SEO plugin. -->","yoast_head_json":{"title":"Wynajem quad\u00f3w | Przejazd quadem na event | Mistrzowie Imprez | Atrakcje na quadach na imprezy firmowe i okoliczno\u015bciowe","robots":{"index":"index","follow":"follow","max-snippet":"max-snippet:-1","max-image-preview":"max-image-preview:large","max-video-preview":"max-video-preview:-1"},"canonical":"https:\/\/mistrzowieimprez.pl\/en\/product\/quady\/","og_locale":"en_GB","og_type":"article","og_title":"Wynajem quad\u00f3w | Przejazd quadem na event | Mistrzowie Imprez | Atrakcje na quadach na imprezy firmowe i okoliczno\u015bciowe","og_description":"Zapraszamy na adrenalizacyjn\u0105 jazd\u0119 quadem! Nasze mocne maszyny do 50 KM gwarantuj\u0105 niesamowite emocje, a darmowa lekcja dla pocz\u0105tkuj\u0105cych zapewnia bezpiecze\u0144stwo. Idealna atrakcja na ka\u017cd\u0105 imprez\u0119!","og_url":"https:\/\/mistrzowieimprez.pl\/en\/product\/quady\/","og_site_name":"Mistrzowie Imprez","article_publisher":"https:\/\/www.facebook.com\/mistrzowieimprez","article_modified_time":"2026-02-18T13:41:45+00:00","og_image":[{"url":"https:\/\/mistrzowieimprez.pl\/wp-content\/uploads\/2024\/09\/Quady.png","width":800,"height":800,"type":"image\/png"}],"twitter_card":"summary_large_image","twitter_misc":{"Estimated reading time":"1 minute"},"schema":{"@context":"https:\/\/schema.org","@graph":[{"@type":"WebPage","@id":"https:\/\/mistrzowieimprez.pl\/produkt\/quady\/","url":"https:\/\/mistrzowieimprez.pl\/produkt\/quady\/","name":"Wynajem quad\u00f3w | Przejazd quadem na event | Mistrzowie Imprez | Atrakcje na quadach na imprezy firmowe i okoliczno\u015bciowe","isPartOf":{"@id":"https:\/\/mistrzowieimprez.pl\/#website"},"primaryImageOfPage":{"@id":"https:\/\/mistrzowieimprez.pl\/produkt\/quady\/#primaryimage"},"image":{"@id":"https:\/\/mistrzowieimprez.pl\/produkt\/quady\/#primaryimage"},"thumbnailUrl":"https:\/\/mistrzowieimprez.pl\/wp-content\/uploads\/2024\/09\/Quady.png","datePublished":"2024-09-01T09:06:55+00:00","dateModified":"2026-02-18T13:41:45+00:00","breadcrumb":{"@id":"https:\/\/mistrzowieimprez.pl\/produkt\/quady\/#breadcrumb"},"inLanguage":"en-GB","potentialAction":[{"@type":"ReadAction","target":["https:\/\/mistrzowieimprez.pl\/produkt\/quady\/"]}]},{"@type":"ImageObject","inLanguage":"en-GB","@id":"https:\/\/mistrzowieimprez.pl\/produkt\/quady\/#primaryimage","url":"https:\/\/mistrzowieimprez.pl\/wp-content\/uploads\/2024\/09\/Quady.png","contentUrl":"https:\/\/mistrzowieimprez.pl\/wp-content\/uploads\/2024\/09\/Quady.png","width":1000,"height":1000,"caption":"Rz\u0105d niebieskich quad\u00f3w ustawionych na \u017cwirowej nawierzchni sugeruje przygotowania do outdoorowej atrakcji, prawdopodobnie zwi\u0105zanej z imprezami organizowanymi przez Mistrz\u00f3w imprez."},{"@type":"BreadcrumbList","@id":"https:\/\/mistrzowieimprez.pl\/produkt\/quady\/#breadcrumb","itemListElement":[{"@type":"ListItem","position":1,"name":"Strona g\u0142\u00f3wna","item":"https:\/\/mistrzowieimprez.pl\/"},{"@type":"ListItem","position":2,"name":"sklep","item":"https:\/\/mistrzowieimprez.pl\/sklep\/"},{"@type":"ListItem","position":3,"name":"Quady"}]},{"@type":"WebSite","@id":"https:\/\/mistrzowieimprez.pl\/#website","url":"https:\/\/mistrzowieimprez.pl\/","name":"Mistrzowie Imprez","description":"Kompleksowa organizacja imprez","publisher":{"@id":"https:\/\/mistrzowieimprez.pl\/#organization"},"potentialAction":[{"@type":"SearchAction","target":{"@type":"EntryPoint","urlTemplate":"https:\/\/mistrzowieimprez.pl\/?s={search_term_string}"},"query-input":{"@type":"PropertyValueSpecification","valueRequired":true,"valueName":"search_term_string"}}],"inLanguage":"en-GB"},{"@type":"Organization","@id":"https:\/\/mistrzowieimprez.pl\/#organization","name":"Mistrzowie Imprez","url":"https:\/\/mistrzowieimprez.pl\/","logo":{"@type":"ImageObject","inLanguage":"en-GB","@id":"https:\/\/mistrzowieimprez.pl\/#\/schema\/logo\/image\/","url":"https:\/\/mistrzowieimprez.pl\/wp-content\/uploads\/2024\/08\/mistrzowie_imprez_logo_ciemne-tlo@4x.png","contentUrl":"https:\/\/mistrzowieimprez.pl\/wp-content\/uploads\/2024\/08\/mistrzowie_imprez_logo_ciemne-tlo@4x.png","width":1318,"height":351,"caption":"Mistrzowie Imprez"},"image":{"@id":"https:\/\/mistrzowieimprez.pl\/#\/schema\/logo\/image\/"},"sameAs":["https:\/\/www.facebook.com\/mistrzowieimprez","https:\/\/www.instagram.com\/mistrzowieimprez\/","https:\/\/www.youtube.com\/@ytmistrzowieimprez"]}]}},"_links":{"self":[{"href":"https:\/\/mistrzowieimprez.pl\/en\/wp-json\/wp\/v2\/product\/690","targetHints":{"allow":["GET"]}}],"collection":[{"href":"https:\/\/mistrzowieimprez.pl\/en\/wp-json\/wp\/v2\/product"}],"about":[{"href":"https:\/\/mistrzowieimprez.pl\/en\/wp-json\/wp\/v2\/types\/product"}],"replies":[{"embeddable":true,"href":"https:\/\/mistrzowieimprez.pl\/en\/wp-json\/wp\/v2\/comments?post=690"}],"version-history":[{"count":1,"href":"https:\/\/mistrzowieimprez.pl\/en\/wp-json\/wp\/v2\/product\/690\/revisions"}],"predecessor-version":[{"id":3471,"href":"https:\/\/mistrzowieimprez.pl\/en\/wp-json\/wp\/v2\/product\/690\/revisions\/3471"}],"wp:featuredmedia":[{"embeddable":true,"href":"https:\/\/mistrzowieimprez.pl\/en\/wp-json\/wp\/v2\/media\/1265"}],"wp:attachment":[{"href":"https:\/\/mistrzowieimprez.pl\/en\/wp-json\/wp\/v2\/media?parent=690"}],"wp:term":[{"taxonomy":"product_brand","embeddable":true,"href":"https:\/\/mistrzowieimprez.pl\/en\/wp-json\/wp\/v2\/product_brand?post=690"},{"taxonomy":"product_cat","embeddable":true,"href":"https:\/\/mistrzowieimprez.pl\/en\/wp-json\/wp\/v2\/product_cat?post=690"},{"taxonomy":"product_tag","embeddable":true,"href":"https:\/\/mistrzowieimprez.pl\/en\/wp-json\/wp\/v2\/product_tag?post=690"}],"curies":[{"name":"wp","href":"https:\/\/api.w.org\/{rel}","templated":true}]}}