{"id":686,"date":"2024-09-01T09:06:53","date_gmt":"2024-09-01T09:06:53","guid":{"rendered":"https:\/\/mistrzowieimprez.pl\/produkt\/buggy\/"},"modified":"2026-02-18T13:38:40","modified_gmt":"2026-02-18T13:38:40","slug":"buggy","status":"publish","type":"product","link":"https:\/\/mistrzowieimprez.pl\/en\/product\/buggy\/","title":{"rendered":"Buggy"},"content":{"rendered":"<p>Je\u017celi szukasz emocjonuj\u0105cej atrakcji na swoj\u0105 imprez\u0119, nasze wy\u015bcigi Buggy to co\u015b dla Ciebie! Te ma\u0142e, ale pot\u0119\u017cne pojazdy s\u0105 idealne do ekscytuj\u0105cych wy\u015bcig\u00f3w na otwartej przestrzeni. To nie tylko szalona zabawa, ale r\u00f3wnie\u017c doskona\u0142y spos\u00f3b na rozwijanie umiej\u0119tno\u015bci koordynacji i zr\u0119czno\u015bci.<\/p>\n<ul>\n<li>Ma\u0142e, zwrotne pojazdy Buggy, idealne do wy\u015bcig\u00f3w<\/li>\n<li>Mo\u017cliwo\u015b\u0107 organizacji wy\u015bcig\u00f3w na dowolnej otwartej przestrzeni<\/li>\n<li>Wszystkie Buggy s\u0105 regularnie serwisowane i spe\u0142niaj\u0105 wszystkie standardy bezpiecze\u0144stwa<\/li>\n<\/ul>\n<ul>\n<li>Ekscytuj\u0105ce do\u015bwiadczenie pe\u0142ne adrenaliny, kt\u00f3re na pewno zostanie zapami\u0119tane<\/li>\n<li>Rozwija umiej\u0119tno\u015bci koordynacji i zr\u0119czno\u015bci<\/li>\n<li>Mo\u017cliwo\u015b\u0107 rywalizacji z przyjaci\u00f3\u0142mi lub rodzin\u0105 w bezpiecznym i kontrolowanym \u015brodowisku<\/li>\n<\/ul>\n<p>Chcesz doda\u0107 troch\u0119 emocji do swojej imprezy? Kliknij tutaj, aby doda\u0107 Buggy do swojego zapytania ofertowego!<\/p>","protected":false},"excerpt":{"rendered":"<p>Nasze wy\u015bcigi Buggy to emocjonuj\u0105ca atrakcja dla Twojej imprezy! Ma\u0142e, zwrotne pojazdy idealne do ekscytuj\u0105cych wy\u015bcig\u00f3w. To nie tylko szalona zabawa, ale tak\u017ce doskona\u0142y spos\u00f3b na rozwijanie koordynacji i zr\u0119czno\u015bci.<\/p>","protected":false},"featured_media":1178,"comment_status":"closed","ping_status":"closed","template":"","meta":{"_acf_changed":false},"product_brand":[],"product_cat":[80,81,99],"product_tag":[],"class_list":{"0":"post-686","1":"product","2":"type-product","3":"status-publish","4":"has-post-thumbnail","6":"product_cat-dla-mlodziezy-i-doroslych","7":"product_cat-atrakcje-motoryzacyjne","8":"product_cat-polecane","10":"first","11":"instock","12":"downloadable","13":"virtual","14":"purchasable","15":"product-type-simple"},"acf":[],"yoast_head":"<!-- This site is optimized with the Yoast SEO plugin v27.2 - https:\/\/yoast.com\/product\/yoast-seo-wordpress\/ -->\n<title>Buggy na imprez\u0119 i eventy okoliczno\u015bciowe | Mistrzowie Imprez | Przejazd buggy dla doros\u0142ych i dzieci<\/title>\n<meta name=\"robots\" content=\"index, follow, max-snippet:-1, max-image-preview:large, max-video-preview:-1\" \/>\n<link rel=\"canonical\" href=\"https:\/\/mistrzowieimprez.pl\/en\/product\/buggy\/\" \/>\n<meta property=\"og:locale\" content=\"en_GB\" \/>\n<meta property=\"og:type\" content=\"article\" \/>\n<meta property=\"og:title\" content=\"Buggy na imprez\u0119 i eventy okoliczno\u015bciowe | Mistrzowie Imprez | Przejazd buggy dla doros\u0142ych i dzieci\" \/>\n<meta property=\"og:description\" content=\"Nasze wy\u015bcigi Buggy to emocjonuj\u0105ca atrakcja dla Twojej imprezy! Ma\u0142e, zwrotne pojazdy idealne do ekscytuj\u0105cych wy\u015bcig\u00f3w. To nie tylko szalona zabawa, ale tak\u017ce doskona\u0142y spos\u00f3b na rozwijanie koordynacji i zr\u0119czno\u015bci.\" \/>\n<meta property=\"og:url\" content=\"https:\/\/mistrzowieimprez.pl\/en\/product\/buggy\/\" \/>\n<meta property=\"og:site_name\" content=\"Mistrzowie Imprez\" \/>\n<meta property=\"article:publisher\" content=\"https:\/\/www.facebook.com\/mistrzowieimprez\" \/>\n<meta property=\"article:modified_time\" content=\"2026-02-18T13:38:40+00:00\" \/>\n<meta property=\"og:image\" content=\"https:\/\/mistrzowieimprez.pl\/wp-content\/uploads\/2024\/09\/Buggy.png\" \/>\n\t<meta property=\"og:image:width\" content=\"1000\" \/>\n\t<meta property=\"og:image:height\" content=\"1000\" \/>\n\t<meta property=\"og:image:type\" content=\"image\/png\" \/>\n<meta name=\"twitter:card\" content=\"summary_large_image\" \/>\n<meta name=\"twitter:label1\" content=\"Estimated reading time\" \/>\n\t<meta name=\"twitter:data1\" content=\"1 minute\" \/>\n<script type=\"application\/ld+json\" class=\"yoast-schema-graph\">{\"@context\":\"https:\/\/schema.org\",\"@graph\":[{\"@type\":\"WebPage\",\"@id\":\"https:\/\/mistrzowieimprez.pl\/produkt\/buggy\/\",\"url\":\"https:\/\/mistrzowieimprez.pl\/produkt\/buggy\/\",\"name\":\"Buggy na imprez\u0119 i eventy okoliczno\u015bciowe | Mistrzowie Imprez | Przejazd buggy dla doros\u0142ych i dzieci\",\"isPartOf\":{\"@id\":\"https:\/\/mistrzowieimprez.pl\/#website\"},\"primaryImageOfPage\":{\"@id\":\"https:\/\/mistrzowieimprez.pl\/produkt\/buggy\/#primaryimage\"},\"image\":{\"@id\":\"https:\/\/mistrzowieimprez.pl\/produkt\/buggy\/#primaryimage\"},\"thumbnailUrl\":\"https:\/\/mistrzowieimprez.pl\/wp-content\/uploads\/2024\/09\/Buggy.png\",\"datePublished\":\"2024-09-01T09:06:53+00:00\",\"dateModified\":\"2026-02-18T13:38:40+00:00\",\"breadcrumb\":{\"@id\":\"https:\/\/mistrzowieimprez.pl\/produkt\/buggy\/#breadcrumb\"},\"inLanguage\":\"en-GB\",\"potentialAction\":[{\"@type\":\"ReadAction\",\"target\":[\"https:\/\/mistrzowieimprez.pl\/produkt\/buggy\/\"]}]},{\"@type\":\"ImageObject\",\"inLanguage\":\"en-GB\",\"@id\":\"https:\/\/mistrzowieimprez.pl\/produkt\/buggy\/#primaryimage\",\"url\":\"https:\/\/mistrzowieimprez.pl\/wp-content\/uploads\/2024\/09\/Buggy.png\",\"contentUrl\":\"https:\/\/mistrzowieimprez.pl\/wp-content\/uploads\/2024\/09\/Buggy.png\",\"width\":1000,\"height\":1000,\"caption\":\"Na zdj\u0119ciu wida\u0107 pojazd terenowy jad\u0105cy po piaszczystej drodze jako cz\u0119\u015b\u0107 atrakcji organizowanych przez Mistrz\u00f3w imprez.\"},{\"@type\":\"BreadcrumbList\",\"@id\":\"https:\/\/mistrzowieimprez.pl\/produkt\/buggy\/#breadcrumb\",\"itemListElement\":[{\"@type\":\"ListItem\",\"position\":1,\"name\":\"Strona g\u0142\u00f3wna\",\"item\":\"https:\/\/mistrzowieimprez.pl\/\"},{\"@type\":\"ListItem\",\"position\":2,\"name\":\"sklep\",\"item\":\"https:\/\/mistrzowieimprez.pl\/sklep\/\"},{\"@type\":\"ListItem\",\"position\":3,\"name\":\"Buggy\"}]},{\"@type\":\"WebSite\",\"@id\":\"https:\/\/mistrzowieimprez.pl\/#website\",\"url\":\"https:\/\/mistrzowieimprez.pl\/\",\"name\":\"Mistrzowie Imprez\",\"description\":\"Kompleksowa organizacja imprez\",\"publisher\":{\"@id\":\"https:\/\/mistrzowieimprez.pl\/#organization\"},\"potentialAction\":[{\"@type\":\"SearchAction\",\"target\":{\"@type\":\"EntryPoint\",\"urlTemplate\":\"https:\/\/mistrzowieimprez.pl\/?s={search_term_string}\"},\"query-input\":{\"@type\":\"PropertyValueSpecification\",\"valueRequired\":true,\"valueName\":\"search_term_string\"}}],\"inLanguage\":\"en-GB\"},{\"@type\":\"Organization\",\"@id\":\"https:\/\/mistrzowieimprez.pl\/#organization\",\"name\":\"Mistrzowie Imprez\",\"url\":\"https:\/\/mistrzowieimprez.pl\/\",\"logo\":{\"@type\":\"ImageObject\",\"inLanguage\":\"en-GB\",\"@id\":\"https:\/\/mistrzowieimprez.pl\/#\/schema\/logo\/image\/\",\"url\":\"https:\/\/mistrzowieimprez.pl\/wp-content\/uploads\/2024\/08\/mistrzowie_imprez_logo_ciemne-tlo@4x.png\",\"contentUrl\":\"https:\/\/mistrzowieimprez.pl\/wp-content\/uploads\/2024\/08\/mistrzowie_imprez_logo_ciemne-tlo@4x.png\",\"width\":1318,\"height\":351,\"caption\":\"Mistrzowie Imprez\"},\"image\":{\"@id\":\"https:\/\/mistrzowieimprez.pl\/#\/schema\/logo\/image\/\"},\"sameAs\":[\"https:\/\/www.facebook.com\/mistrzowieimprez\",\"https:\/\/www.instagram.com\/mistrzowieimprez\/\",\"https:\/\/www.youtube.com\/@ytmistrzowieimprez\"]}]}<\/script>\n<!-- \/ Yoast SEO plugin. -->","yoast_head_json":{"title":"Buggy na imprez\u0119 i eventy okoliczno\u015bciowe | Mistrzowie Imprez | Przejazd buggy dla doros\u0142ych i dzieci","robots":{"index":"index","follow":"follow","max-snippet":"max-snippet:-1","max-image-preview":"max-image-preview:large","max-video-preview":"max-video-preview:-1"},"canonical":"https:\/\/mistrzowieimprez.pl\/en\/product\/buggy\/","og_locale":"en_GB","og_type":"article","og_title":"Buggy na imprez\u0119 i eventy okoliczno\u015bciowe | Mistrzowie Imprez | Przejazd buggy dla doros\u0142ych i dzieci","og_description":"Nasze wy\u015bcigi Buggy to emocjonuj\u0105ca atrakcja dla Twojej imprezy! Ma\u0142e, zwrotne pojazdy idealne do ekscytuj\u0105cych wy\u015bcig\u00f3w. To nie tylko szalona zabawa, ale tak\u017ce doskona\u0142y spos\u00f3b na rozwijanie koordynacji i zr\u0119czno\u015bci.","og_url":"https:\/\/mistrzowieimprez.pl\/en\/product\/buggy\/","og_site_name":"Mistrzowie Imprez","article_publisher":"https:\/\/www.facebook.com\/mistrzowieimprez","article_modified_time":"2026-02-18T13:38:40+00:00","og_image":[{"width":1000,"height":1000,"url":"https:\/\/mistrzowieimprez.pl\/wp-content\/uploads\/2024\/09\/Buggy.png","type":"image\/png"}],"twitter_card":"summary_large_image","twitter_misc":{"Estimated reading time":"1 minute"},"schema":{"@context":"https:\/\/schema.org","@graph":[{"@type":"WebPage","@id":"https:\/\/mistrzowieimprez.pl\/produkt\/buggy\/","url":"https:\/\/mistrzowieimprez.pl\/produkt\/buggy\/","name":"Buggy na imprez\u0119 i eventy okoliczno\u015bciowe | Mistrzowie Imprez | Przejazd buggy dla doros\u0142ych i dzieci","isPartOf":{"@id":"https:\/\/mistrzowieimprez.pl\/#website"},"primaryImageOfPage":{"@id":"https:\/\/mistrzowieimprez.pl\/produkt\/buggy\/#primaryimage"},"image":{"@id":"https:\/\/mistrzowieimprez.pl\/produkt\/buggy\/#primaryimage"},"thumbnailUrl":"https:\/\/mistrzowieimprez.pl\/wp-content\/uploads\/2024\/09\/Buggy.png","datePublished":"2024-09-01T09:06:53+00:00","dateModified":"2026-02-18T13:38:40+00:00","breadcrumb":{"@id":"https:\/\/mistrzowieimprez.pl\/produkt\/buggy\/#breadcrumb"},"inLanguage":"en-GB","potentialAction":[{"@type":"ReadAction","target":["https:\/\/mistrzowieimprez.pl\/produkt\/buggy\/"]}]},{"@type":"ImageObject","inLanguage":"en-GB","@id":"https:\/\/mistrzowieimprez.pl\/produkt\/buggy\/#primaryimage","url":"https:\/\/mistrzowieimprez.pl\/wp-content\/uploads\/2024\/09\/Buggy.png","contentUrl":"https:\/\/mistrzowieimprez.pl\/wp-content\/uploads\/2024\/09\/Buggy.png","width":1000,"height":1000,"caption":"Na zdj\u0119ciu wida\u0107 pojazd terenowy jad\u0105cy po piaszczystej drodze jako cz\u0119\u015b\u0107 atrakcji organizowanych przez Mistrz\u00f3w imprez."},{"@type":"BreadcrumbList","@id":"https:\/\/mistrzowieimprez.pl\/produkt\/buggy\/#breadcrumb","itemListElement":[{"@type":"ListItem","position":1,"name":"Strona g\u0142\u00f3wna","item":"https:\/\/mistrzowieimprez.pl\/"},{"@type":"ListItem","position":2,"name":"sklep","item":"https:\/\/mistrzowieimprez.pl\/sklep\/"},{"@type":"ListItem","position":3,"name":"Buggy"}]},{"@type":"WebSite","@id":"https:\/\/mistrzowieimprez.pl\/#website","url":"https:\/\/mistrzowieimprez.pl\/","name":"Mistrzowie Imprez","description":"Kompleksowa organizacja imprez","publisher":{"@id":"https:\/\/mistrzowieimprez.pl\/#organization"},"potentialAction":[{"@type":"SearchAction","target":{"@type":"EntryPoint","urlTemplate":"https:\/\/mistrzowieimprez.pl\/?s={search_term_string}"},"query-input":{"@type":"PropertyValueSpecification","valueRequired":true,"valueName":"search_term_string"}}],"inLanguage":"en-GB"},{"@type":"Organization","@id":"https:\/\/mistrzowieimprez.pl\/#organization","name":"Mistrzowie Imprez","url":"https:\/\/mistrzowieimprez.pl\/","logo":{"@type":"ImageObject","inLanguage":"en-GB","@id":"https:\/\/mistrzowieimprez.pl\/#\/schema\/logo\/image\/","url":"https:\/\/mistrzowieimprez.pl\/wp-content\/uploads\/2024\/08\/mistrzowie_imprez_logo_ciemne-tlo@4x.png","contentUrl":"https:\/\/mistrzowieimprez.pl\/wp-content\/uploads\/2024\/08\/mistrzowie_imprez_logo_ciemne-tlo@4x.png","width":1318,"height":351,"caption":"Mistrzowie Imprez"},"image":{"@id":"https:\/\/mistrzowieimprez.pl\/#\/schema\/logo\/image\/"},"sameAs":["https:\/\/www.facebook.com\/mistrzowieimprez","https:\/\/www.instagram.com\/mistrzowieimprez\/","https:\/\/www.youtube.com\/@ytmistrzowieimprez"]}]}},"_links":{"self":[{"href":"https:\/\/mistrzowieimprez.pl\/en\/wp-json\/wp\/v2\/product\/686","targetHints":{"allow":["GET"]}}],"collection":[{"href":"https:\/\/mistrzowieimprez.pl\/en\/wp-json\/wp\/v2\/product"}],"about":[{"href":"https:\/\/mistrzowieimprez.pl\/en\/wp-json\/wp\/v2\/types\/product"}],"replies":[{"embeddable":true,"href":"https:\/\/mistrzowieimprez.pl\/en\/wp-json\/wp\/v2\/comments?post=686"}],"version-history":[{"count":1,"href":"https:\/\/mistrzowieimprez.pl\/en\/wp-json\/wp\/v2\/product\/686\/revisions"}],"predecessor-version":[{"id":3469,"href":"https:\/\/mistrzowieimprez.pl\/en\/wp-json\/wp\/v2\/product\/686\/revisions\/3469"}],"wp:featuredmedia":[{"embeddable":true,"href":"https:\/\/mistrzowieimprez.pl\/en\/wp-json\/wp\/v2\/media\/1178"}],"wp:attachment":[{"href":"https:\/\/mistrzowieimprez.pl\/en\/wp-json\/wp\/v2\/media?parent=686"}],"wp:term":[{"taxonomy":"product_brand","embeddable":true,"href":"https:\/\/mistrzowieimprez.pl\/en\/wp-json\/wp\/v2\/product_brand?post=686"},{"taxonomy":"product_cat","embeddable":true,"href":"https:\/\/mistrzowieimprez.pl\/en\/wp-json\/wp\/v2\/product_cat?post=686"},{"taxonomy":"product_tag","embeddable":true,"href":"https:\/\/mistrzowieimprez.pl\/en\/wp-json\/wp\/v2\/product_tag?post=686"}],"curies":[{"name":"wp","href":"https:\/\/api.w.org\/{rel}","templated":true}]}}