{"id":679,"date":"2024-09-01T09:00:26","date_gmt":"2024-09-01T09:00:26","guid":{"rendered":"https:\/\/mistrzowieimprez.pl\/produkt\/wata-cukrowa\/"},"modified":"2026-02-18T13:32:30","modified_gmt":"2026-02-18T13:32:30","slug":"wata-cukrowa","status":"publish","type":"product","link":"https:\/\/mistrzowieimprez.pl\/en\/product\/wata-cukrowa\/","title":{"rendered":"Wata cukrowa"},"content":{"rendered":"<p>Zapraszamy do s\u0142odkiego \u015bwiata, gdzie bawi\u0105c si\u0119 mo\u017cna r\u00f3wnie\u017c delektowa\u0107 si\u0119 ulubionymi smakami. Nasza stacja Waty Cukrowej to miejsce, kt\u00f3re z pewno\u015bci\u0105 zachwyci zar\u00f3wno dzieci, jak i doros\u0142ych. Wata cukrowa, wyrabiana na bie\u017c\u0105co, jest niezwykle aromatyczna, puszysta i po prostu przepyszna &#8211; idealna atrakcja na ka\u017cde przyj\u0119cie czy event!<\/p>\n<ul>\n<li>Stacja Waty Cukrowej obs\u0142ugiwana przez profesjonaln\u0105 obs\u0142ug\u0119<\/li>\n<li>Wyroby na bie\u017c\u0105co &#8211; \u015bwie\u017co\u015b\u0107 i jako\u015b\u0107 gwarantowane<\/li>\n<li>R\u00f3\u017cne smaki do wyboru &#8211; dla ka\u017cdego co\u015b dobrego<\/li>\n<\/ul>\n<ul>\n<li>Ciesz si\u0119 wspania\u0142ym, s\u0142odkim smakiem, kt\u00f3ry przypomni Ci dzieci\u0144stwo<\/li>\n<li>Do\u015bwiadcz niezwyk\u0142ych chwil, dziel\u0105c si\u0119 wat\u0105 cukrow\u0105 ze swoimi bliskimi<\/li>\n<li>Zabawa i rado\u015b\u0107 dla dzieci &#8211; wata cukrowa to zawsze \u015bwietna zabawa!<\/li>\n<\/ul>\n<p>Nie czekaj, dodaj Wata cukrowa do swojego koszyka i zaskocz swoich go\u015bci niezapomnianym doznaniem smakowym!<\/p>","protected":false},"excerpt":{"rendered":"<p>Zapraszamy do s\u0142odkiego \u015bwiata z nasz\u0105 stacj\u0105 Waty Cukrowej. Wyj\u0105tkowo aromatyczna, puszysta i smaczna, wyrabiana na bie\u017c\u0105co, stanie si\u0119 idealn\u0105 atrakcj\u0105 na ka\u017cde przyj\u0119cie czy event. Wybierz swoje ulubione smaki i ciesz si\u0119 niezapomnianym doznaniem smakowym!<\/p>","protected":false},"featured_media":1144,"comment_status":"closed","ping_status":"closed","template":"","meta":{"_acf_changed":false},"product_brand":[],"product_cat":[75,79],"product_tag":[],"class_list":{"0":"post-679","1":"product","2":"type-product","3":"status-publish","4":"has-post-thumbnail","6":"product_cat-dla-dzieci","7":"product_cat-kacik-lasucha","9":"first","10":"instock","11":"downloadable","12":"virtual","13":"purchasable","14":"product-type-simple"},"acf":[],"yoast_head":"<!-- This site is optimized with the Yoast SEO plugin v27.5 - https:\/\/yoast.com\/product\/yoast-seo-wordpress\/ -->\n<title>Maszyna do waty cukrowej na event | Mistrzowie Imprez<\/title>\n<meta name=\"robots\" content=\"index, follow, max-snippet:-1, max-image-preview:large, max-video-preview:-1\" \/>\n<link rel=\"canonical\" href=\"https:\/\/mistrzowieimprez.pl\/en\/product\/wata-cukrowa\/\" \/>\n<meta property=\"og:locale\" content=\"en_GB\" \/>\n<meta property=\"og:type\" content=\"article\" \/>\n<meta property=\"og:title\" content=\"Maszyna do waty cukrowej na event | Mistrzowie Imprez\" \/>\n<meta property=\"og:description\" content=\"Zapraszamy do s\u0142odkiego \u015bwiata z nasz\u0105 stacj\u0105 Waty Cukrowej. Wyj\u0105tkowo aromatyczna, puszysta i smaczna, wyrabiana na bie\u017c\u0105co, stanie si\u0119 idealn\u0105 atrakcj\u0105 na ka\u017cde przyj\u0119cie czy event. Wybierz swoje ulubione smaki i ciesz si\u0119 niezapomnianym doznaniem smakowym!\" \/>\n<meta property=\"og:url\" content=\"https:\/\/mistrzowieimprez.pl\/en\/product\/wata-cukrowa\/\" \/>\n<meta property=\"og:site_name\" content=\"Mistrzowie Imprez\" \/>\n<meta property=\"article:publisher\" content=\"https:\/\/www.facebook.com\/mistrzowieimprez\" \/>\n<meta property=\"article:modified_time\" content=\"2026-02-18T13:32:30+00:00\" \/>\n<meta property=\"og:image\" content=\"https:\/\/mistrzowieimprez.pl\/wp-content\/uploads\/2024\/09\/Wata-cukrowa-i-popcorn-scaled.jpg\" \/>\n\t<meta property=\"og:image:width\" content=\"2560\" \/>\n\t<meta property=\"og:image:height\" content=\"1707\" \/>\n\t<meta property=\"og:image:type\" content=\"image\/jpeg\" \/>\n<meta name=\"twitter:card\" content=\"summary_large_image\" \/>\n<meta name=\"twitter:label1\" content=\"Estimated reading time\" \/>\n\t<meta name=\"twitter:data1\" content=\"1 minute\" \/>\n<script type=\"application\/ld+json\" class=\"yoast-schema-graph\">{\"@context\":\"https:\\\/\\\/schema.org\",\"@graph\":[{\"@type\":\"WebPage\",\"@id\":\"https:\\\/\\\/mistrzowieimprez.pl\\\/produkt\\\/wata-cukrowa\\\/\",\"url\":\"https:\\\/\\\/mistrzowieimprez.pl\\\/produkt\\\/wata-cukrowa\\\/\",\"name\":\"Maszyna do waty cukrowej na event | Mistrzowie Imprez\",\"isPartOf\":{\"@id\":\"https:\\\/\\\/mistrzowieimprez.pl\\\/#website\"},\"primaryImageOfPage\":{\"@id\":\"https:\\\/\\\/mistrzowieimprez.pl\\\/produkt\\\/wata-cukrowa\\\/#primaryimage\"},\"image\":{\"@id\":\"https:\\\/\\\/mistrzowieimprez.pl\\\/produkt\\\/wata-cukrowa\\\/#primaryimage\"},\"thumbnailUrl\":\"https:\\\/\\\/mistrzowieimprez.pl\\\/wp-content\\\/uploads\\\/2024\\\/09\\\/Wata-cukrowa-i-popcorn-scaled.jpg\",\"datePublished\":\"2024-09-01T09:00:26+00:00\",\"dateModified\":\"2026-02-18T13:32:30+00:00\",\"breadcrumb\":{\"@id\":\"https:\\\/\\\/mistrzowieimprez.pl\\\/produkt\\\/wata-cukrowa\\\/#breadcrumb\"},\"inLanguage\":\"en-GB\",\"potentialAction\":[{\"@type\":\"ReadAction\",\"target\":[\"https:\\\/\\\/mistrzowieimprez.pl\\\/produkt\\\/wata-cukrowa\\\/\"]}]},{\"@type\":\"ImageObject\",\"inLanguage\":\"en-GB\",\"@id\":\"https:\\\/\\\/mistrzowieimprez.pl\\\/produkt\\\/wata-cukrowa\\\/#primaryimage\",\"url\":\"https:\\\/\\\/mistrzowieimprez.pl\\\/wp-content\\\/uploads\\\/2024\\\/09\\\/Wata-cukrowa-i-popcorn-scaled.jpg\",\"contentUrl\":\"https:\\\/\\\/mistrzowieimprez.pl\\\/wp-content\\\/uploads\\\/2024\\\/09\\\/Wata-cukrowa-i-popcorn-scaled.jpg\",\"width\":2560,\"height\":1707,\"caption\":\"Na zdj\u0119ciu wida\u0107 dzieci przy stoisku z wat\u0105 cukrow\u0105 na imprezie plenerowej.\"},{\"@type\":\"BreadcrumbList\",\"@id\":\"https:\\\/\\\/mistrzowieimprez.pl\\\/produkt\\\/wata-cukrowa\\\/#breadcrumb\",\"itemListElement\":[{\"@type\":\"ListItem\",\"position\":1,\"name\":\"Strona g\u0142\u00f3wna\",\"item\":\"https:\\\/\\\/mistrzowieimprez.pl\\\/\"},{\"@type\":\"ListItem\",\"position\":2,\"name\":\"sklep\",\"item\":\"https:\\\/\\\/mistrzowieimprez.pl\\\/sklep\\\/\"},{\"@type\":\"ListItem\",\"position\":3,\"name\":\"Wata cukrowa\"}]},{\"@type\":\"WebSite\",\"@id\":\"https:\\\/\\\/mistrzowieimprez.pl\\\/#website\",\"url\":\"https:\\\/\\\/mistrzowieimprez.pl\\\/\",\"name\":\"Mistrzowie Imprez\",\"description\":\"Kompleksowa organizacja imprez\",\"publisher\":{\"@id\":\"https:\\\/\\\/mistrzowieimprez.pl\\\/#organization\"},\"potentialAction\":[{\"@type\":\"SearchAction\",\"target\":{\"@type\":\"EntryPoint\",\"urlTemplate\":\"https:\\\/\\\/mistrzowieimprez.pl\\\/?s={search_term_string}\"},\"query-input\":{\"@type\":\"PropertyValueSpecification\",\"valueRequired\":true,\"valueName\":\"search_term_string\"}}],\"inLanguage\":\"en-GB\"},{\"@type\":\"Organization\",\"@id\":\"https:\\\/\\\/mistrzowieimprez.pl\\\/#organization\",\"name\":\"Mistrzowie Imprez\",\"url\":\"https:\\\/\\\/mistrzowieimprez.pl\\\/\",\"logo\":{\"@type\":\"ImageObject\",\"inLanguage\":\"en-GB\",\"@id\":\"https:\\\/\\\/mistrzowieimprez.pl\\\/#\\\/schema\\\/logo\\\/image\\\/\",\"url\":\"https:\\\/\\\/mistrzowieimprez.pl\\\/wp-content\\\/uploads\\\/2024\\\/08\\\/mistrzowie_imprez_logo_ciemne-tlo@4x.png\",\"contentUrl\":\"https:\\\/\\\/mistrzowieimprez.pl\\\/wp-content\\\/uploads\\\/2024\\\/08\\\/mistrzowie_imprez_logo_ciemne-tlo@4x.png\",\"width\":1318,\"height\":351,\"caption\":\"Mistrzowie Imprez\"},\"image\":{\"@id\":\"https:\\\/\\\/mistrzowieimprez.pl\\\/#\\\/schema\\\/logo\\\/image\\\/\"},\"sameAs\":[\"https:\\\/\\\/www.facebook.com\\\/mistrzowieimprez\",\"https:\\\/\\\/www.instagram.com\\\/mistrzowieimprez\\\/\",\"https:\\\/\\\/www.youtube.com\\\/@ytmistrzowieimprez\"]}]}<\/script>\n<!-- \/ Yoast SEO plugin. -->","yoast_head_json":{"title":"Maszyna do waty cukrowej na event | Mistrzowie Imprez","robots":{"index":"index","follow":"follow","max-snippet":"max-snippet:-1","max-image-preview":"max-image-preview:large","max-video-preview":"max-video-preview:-1"},"canonical":"https:\/\/mistrzowieimprez.pl\/en\/product\/wata-cukrowa\/","og_locale":"en_GB","og_type":"article","og_title":"Maszyna do waty cukrowej na event | Mistrzowie Imprez","og_description":"Zapraszamy do s\u0142odkiego \u015bwiata z nasz\u0105 stacj\u0105 Waty Cukrowej. Wyj\u0105tkowo aromatyczna, puszysta i smaczna, wyrabiana na bie\u017c\u0105co, stanie si\u0119 idealn\u0105 atrakcj\u0105 na ka\u017cde przyj\u0119cie czy event. Wybierz swoje ulubione smaki i ciesz si\u0119 niezapomnianym doznaniem smakowym!","og_url":"https:\/\/mistrzowieimprez.pl\/en\/product\/wata-cukrowa\/","og_site_name":"Mistrzowie Imprez","article_publisher":"https:\/\/www.facebook.com\/mistrzowieimprez","article_modified_time":"2026-02-18T13:32:30+00:00","og_image":[{"width":2560,"height":1707,"url":"https:\/\/mistrzowieimprez.pl\/wp-content\/uploads\/2024\/09\/Wata-cukrowa-i-popcorn-scaled.jpg","type":"image\/jpeg"}],"twitter_card":"summary_large_image","twitter_misc":{"Estimated reading time":"1 minute"},"schema":{"@context":"https:\/\/schema.org","@graph":[{"@type":"WebPage","@id":"https:\/\/mistrzowieimprez.pl\/produkt\/wata-cukrowa\/","url":"https:\/\/mistrzowieimprez.pl\/produkt\/wata-cukrowa\/","name":"Maszyna do waty cukrowej na event | Mistrzowie Imprez","isPartOf":{"@id":"https:\/\/mistrzowieimprez.pl\/#website"},"primaryImageOfPage":{"@id":"https:\/\/mistrzowieimprez.pl\/produkt\/wata-cukrowa\/#primaryimage"},"image":{"@id":"https:\/\/mistrzowieimprez.pl\/produkt\/wata-cukrowa\/#primaryimage"},"thumbnailUrl":"https:\/\/mistrzowieimprez.pl\/wp-content\/uploads\/2024\/09\/Wata-cukrowa-i-popcorn-scaled.jpg","datePublished":"2024-09-01T09:00:26+00:00","dateModified":"2026-02-18T13:32:30+00:00","breadcrumb":{"@id":"https:\/\/mistrzowieimprez.pl\/produkt\/wata-cukrowa\/#breadcrumb"},"inLanguage":"en-GB","potentialAction":[{"@type":"ReadAction","target":["https:\/\/mistrzowieimprez.pl\/produkt\/wata-cukrowa\/"]}]},{"@type":"ImageObject","inLanguage":"en-GB","@id":"https:\/\/mistrzowieimprez.pl\/produkt\/wata-cukrowa\/#primaryimage","url":"https:\/\/mistrzowieimprez.pl\/wp-content\/uploads\/2024\/09\/Wata-cukrowa-i-popcorn-scaled.jpg","contentUrl":"https:\/\/mistrzowieimprez.pl\/wp-content\/uploads\/2024\/09\/Wata-cukrowa-i-popcorn-scaled.jpg","width":2560,"height":1707,"caption":"Na zdj\u0119ciu wida\u0107 dzieci przy stoisku z wat\u0105 cukrow\u0105 na imprezie plenerowej."},{"@type":"BreadcrumbList","@id":"https:\/\/mistrzowieimprez.pl\/produkt\/wata-cukrowa\/#breadcrumb","itemListElement":[{"@type":"ListItem","position":1,"name":"Strona g\u0142\u00f3wna","item":"https:\/\/mistrzowieimprez.pl\/"},{"@type":"ListItem","position":2,"name":"sklep","item":"https:\/\/mistrzowieimprez.pl\/sklep\/"},{"@type":"ListItem","position":3,"name":"Wata cukrowa"}]},{"@type":"WebSite","@id":"https:\/\/mistrzowieimprez.pl\/#website","url":"https:\/\/mistrzowieimprez.pl\/","name":"Mistrzowie Imprez","description":"Kompleksowa organizacja imprez","publisher":{"@id":"https:\/\/mistrzowieimprez.pl\/#organization"},"potentialAction":[{"@type":"SearchAction","target":{"@type":"EntryPoint","urlTemplate":"https:\/\/mistrzowieimprez.pl\/?s={search_term_string}"},"query-input":{"@type":"PropertyValueSpecification","valueRequired":true,"valueName":"search_term_string"}}],"inLanguage":"en-GB"},{"@type":"Organization","@id":"https:\/\/mistrzowieimprez.pl\/#organization","name":"Mistrzowie Imprez","url":"https:\/\/mistrzowieimprez.pl\/","logo":{"@type":"ImageObject","inLanguage":"en-GB","@id":"https:\/\/mistrzowieimprez.pl\/#\/schema\/logo\/image\/","url":"https:\/\/mistrzowieimprez.pl\/wp-content\/uploads\/2024\/08\/mistrzowie_imprez_logo_ciemne-tlo@4x.png","contentUrl":"https:\/\/mistrzowieimprez.pl\/wp-content\/uploads\/2024\/08\/mistrzowie_imprez_logo_ciemne-tlo@4x.png","width":1318,"height":351,"caption":"Mistrzowie Imprez"},"image":{"@id":"https:\/\/mistrzowieimprez.pl\/#\/schema\/logo\/image\/"},"sameAs":["https:\/\/www.facebook.com\/mistrzowieimprez","https:\/\/www.instagram.com\/mistrzowieimprez\/","https:\/\/www.youtube.com\/@ytmistrzowieimprez"]}]}},"_links":{"self":[{"href":"https:\/\/mistrzowieimprez.pl\/en\/wp-json\/wp\/v2\/product\/679","targetHints":{"allow":["GET"]}}],"collection":[{"href":"https:\/\/mistrzowieimprez.pl\/en\/wp-json\/wp\/v2\/product"}],"about":[{"href":"https:\/\/mistrzowieimprez.pl\/en\/wp-json\/wp\/v2\/types\/product"}],"replies":[{"embeddable":true,"href":"https:\/\/mistrzowieimprez.pl\/en\/wp-json\/wp\/v2\/comments?post=679"}],"version-history":[{"count":1,"href":"https:\/\/mistrzowieimprez.pl\/en\/wp-json\/wp\/v2\/product\/679\/revisions"}],"predecessor-version":[{"id":3467,"href":"https:\/\/mistrzowieimprez.pl\/en\/wp-json\/wp\/v2\/product\/679\/revisions\/3467"}],"wp:featuredmedia":[{"embeddable":true,"href":"https:\/\/mistrzowieimprez.pl\/en\/wp-json\/wp\/v2\/media\/1144"}],"wp:attachment":[{"href":"https:\/\/mistrzowieimprez.pl\/en\/wp-json\/wp\/v2\/media?parent=679"}],"wp:term":[{"taxonomy":"product_brand","embeddable":true,"href":"https:\/\/mistrzowieimprez.pl\/en\/wp-json\/wp\/v2\/product_brand?post=679"},{"taxonomy":"product_cat","embeddable":true,"href":"https:\/\/mistrzowieimprez.pl\/en\/wp-json\/wp\/v2\/product_cat?post=679"},{"taxonomy":"product_tag","embeddable":true,"href":"https:\/\/mistrzowieimprez.pl\/en\/wp-json\/wp\/v2\/product_tag?post=679"}],"curies":[{"name":"wp","href":"https:\/\/api.w.org\/{rel}","templated":true}]}}