{"id":678,"date":"2024-09-01T09:00:26","date_gmt":"2024-09-01T09:00:26","guid":{"rendered":"https:\/\/mistrzowieimprez.pl\/produkt\/zywe-maskotki\/"},"modified":"2026-02-18T13:15:43","modified_gmt":"2026-02-18T13:15:43","slug":"zywe-maskotki","status":"publish","type":"product","link":"https:\/\/mistrzowieimprez.pl\/en\/product\/zywe-maskotki\/","title":{"rendered":"\u017bywe maskotki"},"content":{"rendered":"<p>Zapraszamy do \u015bwiata wyobra\u017ani z naszymi \u017cywymi maskotkami! Te urocze postacie z ulubionych bajek i film\u00f3w dzieci\u0119cych zapewni\u0105 niezapomniane wra\u017cenia na ka\u017cdym dzieci\u0119cym wydarzeniu. Od urodzin po pikniki, nasze maskotki s\u0105 gotowe na zabaw\u0119, taniec i zdj\u0119cia!<\/p>\n<ul>\n<li>Maskotki s\u0105 w pe\u0142ni wyposa\u017cone, z regulowanym rozmiarem dla r\u00f3\u017cnych operator\u00f3w<\/li>\n<li>Wiele r\u00f3\u017cnych postaci do wyboru, w tym popularne postacie z bajek i film\u00f3w<\/li>\n<li>Zdj\u0119cia z maskotkami dost\u0119pne dla go\u015bci jako pami\u0105tka<\/li>\n<\/ul>\n<ul>\n<li>Dzieci b\u0119d\u0105 zachwycone spotkaniem z ich ulubionymi postaciami na \u017cywo<\/li>\n<li>Maskotki dodaj\u0105 magicznego uroku ka\u017cdemu wydarzeniu, tworz\u0105c niezapomniane wspomnienia<\/li>\n<li>Zabawa, taniec i wsp\u00f3lne zdj\u0119cia z maskotkami sprzyjaj\u0105 integracji i tworz\u0105 pozytywne emocje<\/li>\n<\/ul>\n<p>Nie zwlekaj! Dodaj nasze maskotki do swojego zapytania o wycen\u0119 ju\u017c dzi\u015b i zobacz, jak przemieni\u0105 Twoje wydarzenie w magiczne \u015bwi\u0119to!<\/p>","protected":false},"excerpt":{"rendered":"<p>Zapraszamy do \u015bwiata wyobra\u017ani z naszymi \u017cywymi maskotkami. Urocze postacie z ulubionych bajek i film\u00f3w dzieci\u0119cych przemieni\u0105 ka\u017cde dzieci\u0119ce wydarzenie w niezapomniane \u015bwi\u0119to. Nie zwlekaj, dodaj nasze maskotki do swojego wydarzenia ju\u017c dzi\u015b!<\/p>","protected":false},"featured_media":1147,"comment_status":"closed","ping_status":"closed","template":"","meta":{"_acf_changed":false},"product_brand":[],"product_cat":[78,75],"product_tag":[],"class_list":{"0":"post-678","1":"product","2":"type-product","3":"status-publish","4":"has-post-thumbnail","6":"product_cat-animacje-i-zabawy","7":"product_cat-dla-dzieci","9":"first","10":"instock","11":"downloadable","12":"virtual","13":"purchasable","14":"product-type-simple"},"acf":[],"yoast_head":"<!-- This site is optimized with the Yoast SEO plugin v27.5 - https:\/\/yoast.com\/product\/yoast-seo-wordpress\/ -->\n<title>Kostiumy maskotek | \u017bywe maskotki na imprez\u0119 | Mistrzowie Imprez<\/title>\n<meta name=\"robots\" content=\"index, follow, max-snippet:-1, max-image-preview:large, max-video-preview:-1\" \/>\n<link rel=\"canonical\" href=\"https:\/\/mistrzowieimprez.pl\/en\/product\/zywe-maskotki\/\" \/>\n<meta property=\"og:locale\" content=\"en_GB\" \/>\n<meta property=\"og:type\" content=\"article\" \/>\n<meta property=\"og:title\" content=\"Kostiumy maskotek | \u017bywe maskotki na imprez\u0119 | Mistrzowie Imprez\" \/>\n<meta property=\"og:description\" content=\"Zapraszamy do \u015bwiata wyobra\u017ani z naszymi \u017cywymi maskotkami. Urocze postacie z ulubionych bajek i film\u00f3w dzieci\u0119cych przemieni\u0105 ka\u017cde dzieci\u0119ce wydarzenie w niezapomniane \u015bwi\u0119to. Nie zwlekaj, dodaj nasze maskotki do swojego wydarzenia ju\u017c dzi\u015b!\" \/>\n<meta property=\"og:url\" content=\"https:\/\/mistrzowieimprez.pl\/en\/product\/zywe-maskotki\/\" \/>\n<meta property=\"og:site_name\" content=\"Mistrzowie Imprez\" \/>\n<meta property=\"article:publisher\" content=\"https:\/\/www.facebook.com\/mistrzowieimprez\" \/>\n<meta property=\"article:modified_time\" content=\"2026-02-18T13:15:43+00:00\" \/>\n<meta property=\"og:image\" content=\"https:\/\/mistrzowieimprez.pl\/wp-content\/uploads\/2024\/09\/Zywe-maskotki-scaled.jpg\" \/>\n\t<meta property=\"og:image:width\" content=\"2560\" \/>\n\t<meta property=\"og:image:height\" content=\"1707\" \/>\n\t<meta property=\"og:image:type\" content=\"image\/jpeg\" \/>\n<meta name=\"twitter:card\" content=\"summary_large_image\" \/>\n<meta name=\"twitter:label1\" content=\"Estimated reading time\" \/>\n\t<meta name=\"twitter:data1\" content=\"1 minute\" \/>\n<script type=\"application\/ld+json\" class=\"yoast-schema-graph\">{\"@context\":\"https:\\\/\\\/schema.org\",\"@graph\":[{\"@type\":\"WebPage\",\"@id\":\"https:\\\/\\\/mistrzowieimprez.pl\\\/produkt\\\/zywe-maskotki\\\/\",\"url\":\"https:\\\/\\\/mistrzowieimprez.pl\\\/produkt\\\/zywe-maskotki\\\/\",\"name\":\"Kostiumy maskotek | \u017bywe maskotki na imprez\u0119 | Mistrzowie Imprez\",\"isPartOf\":{\"@id\":\"https:\\\/\\\/mistrzowieimprez.pl\\\/#website\"},\"primaryImageOfPage\":{\"@id\":\"https:\\\/\\\/mistrzowieimprez.pl\\\/produkt\\\/zywe-maskotki\\\/#primaryimage\"},\"image\":{\"@id\":\"https:\\\/\\\/mistrzowieimprez.pl\\\/produkt\\\/zywe-maskotki\\\/#primaryimage\"},\"thumbnailUrl\":\"https:\\\/\\\/mistrzowieimprez.pl\\\/wp-content\\\/uploads\\\/2024\\\/09\\\/Zywe-maskotki-scaled.jpg\",\"datePublished\":\"2024-09-01T09:00:26+00:00\",\"dateModified\":\"2026-02-18T13:15:43+00:00\",\"breadcrumb\":{\"@id\":\"https:\\\/\\\/mistrzowieimprez.pl\\\/produkt\\\/zywe-maskotki\\\/#breadcrumb\"},\"inLanguage\":\"en-GB\",\"potentialAction\":[{\"@type\":\"ReadAction\",\"target\":[\"https:\\\/\\\/mistrzowieimprez.pl\\\/produkt\\\/zywe-maskotki\\\/\"]}]},{\"@type\":\"ImageObject\",\"inLanguage\":\"en-GB\",\"@id\":\"https:\\\/\\\/mistrzowieimprez.pl\\\/produkt\\\/zywe-maskotki\\\/#primaryimage\",\"url\":\"https:\\\/\\\/mistrzowieimprez.pl\\\/wp-content\\\/uploads\\\/2024\\\/09\\\/Zywe-maskotki-scaled.jpg\",\"contentUrl\":\"https:\\\/\\\/mistrzowieimprez.pl\\\/wp-content\\\/uploads\\\/2024\\\/09\\\/Zywe-maskotki-scaled.jpg\",\"width\":2560,\"height\":1707,\"caption\":\"Na zdj\u0119ciu znajduje si\u0119 osoba przebrana za znan\u0105 posta\u0107 z kresk\u00f3wki, rozmawiaj\u0105ca z inn\u0105 osob\u0105 w kostiumie na tle stoisk eventowych.\"},{\"@type\":\"BreadcrumbList\",\"@id\":\"https:\\\/\\\/mistrzowieimprez.pl\\\/produkt\\\/zywe-maskotki\\\/#breadcrumb\",\"itemListElement\":[{\"@type\":\"ListItem\",\"position\":1,\"name\":\"Strona g\u0142\u00f3wna\",\"item\":\"https:\\\/\\\/mistrzowieimprez.pl\\\/\"},{\"@type\":\"ListItem\",\"position\":2,\"name\":\"sklep\",\"item\":\"https:\\\/\\\/mistrzowieimprez.pl\\\/sklep\\\/\"},{\"@type\":\"ListItem\",\"position\":3,\"name\":\"\u017bywe maskotki\"}]},{\"@type\":\"WebSite\",\"@id\":\"https:\\\/\\\/mistrzowieimprez.pl\\\/#website\",\"url\":\"https:\\\/\\\/mistrzowieimprez.pl\\\/\",\"name\":\"Mistrzowie Imprez\",\"description\":\"Kompleksowa organizacja imprez\",\"publisher\":{\"@id\":\"https:\\\/\\\/mistrzowieimprez.pl\\\/#organization\"},\"potentialAction\":[{\"@type\":\"SearchAction\",\"target\":{\"@type\":\"EntryPoint\",\"urlTemplate\":\"https:\\\/\\\/mistrzowieimprez.pl\\\/?s={search_term_string}\"},\"query-input\":{\"@type\":\"PropertyValueSpecification\",\"valueRequired\":true,\"valueName\":\"search_term_string\"}}],\"inLanguage\":\"en-GB\"},{\"@type\":\"Organization\",\"@id\":\"https:\\\/\\\/mistrzowieimprez.pl\\\/#organization\",\"name\":\"Mistrzowie Imprez\",\"url\":\"https:\\\/\\\/mistrzowieimprez.pl\\\/\",\"logo\":{\"@type\":\"ImageObject\",\"inLanguage\":\"en-GB\",\"@id\":\"https:\\\/\\\/mistrzowieimprez.pl\\\/#\\\/schema\\\/logo\\\/image\\\/\",\"url\":\"https:\\\/\\\/mistrzowieimprez.pl\\\/wp-content\\\/uploads\\\/2024\\\/08\\\/mistrzowie_imprez_logo_ciemne-tlo@4x.png\",\"contentUrl\":\"https:\\\/\\\/mistrzowieimprez.pl\\\/wp-content\\\/uploads\\\/2024\\\/08\\\/mistrzowie_imprez_logo_ciemne-tlo@4x.png\",\"width\":1318,\"height\":351,\"caption\":\"Mistrzowie Imprez\"},\"image\":{\"@id\":\"https:\\\/\\\/mistrzowieimprez.pl\\\/#\\\/schema\\\/logo\\\/image\\\/\"},\"sameAs\":[\"https:\\\/\\\/www.facebook.com\\\/mistrzowieimprez\",\"https:\\\/\\\/www.instagram.com\\\/mistrzowieimprez\\\/\",\"https:\\\/\\\/www.youtube.com\\\/@ytmistrzowieimprez\"]}]}<\/script>\n<!-- \/ Yoast SEO plugin. -->","yoast_head_json":{"title":"Kostiumy maskotek | \u017bywe maskotki na imprez\u0119 | Mistrzowie Imprez","robots":{"index":"index","follow":"follow","max-snippet":"max-snippet:-1","max-image-preview":"max-image-preview:large","max-video-preview":"max-video-preview:-1"},"canonical":"https:\/\/mistrzowieimprez.pl\/en\/product\/zywe-maskotki\/","og_locale":"en_GB","og_type":"article","og_title":"Kostiumy maskotek | \u017bywe maskotki na imprez\u0119 | Mistrzowie Imprez","og_description":"Zapraszamy do \u015bwiata wyobra\u017ani z naszymi \u017cywymi maskotkami. Urocze postacie z ulubionych bajek i film\u00f3w dzieci\u0119cych przemieni\u0105 ka\u017cde dzieci\u0119ce wydarzenie w niezapomniane \u015bwi\u0119to. Nie zwlekaj, dodaj nasze maskotki do swojego wydarzenia ju\u017c dzi\u015b!","og_url":"https:\/\/mistrzowieimprez.pl\/en\/product\/zywe-maskotki\/","og_site_name":"Mistrzowie Imprez","article_publisher":"https:\/\/www.facebook.com\/mistrzowieimprez","article_modified_time":"2026-02-18T13:15:43+00:00","og_image":[{"width":2560,"height":1707,"url":"https:\/\/mistrzowieimprez.pl\/wp-content\/uploads\/2024\/09\/Zywe-maskotki-scaled.jpg","type":"image\/jpeg"}],"twitter_card":"summary_large_image","twitter_misc":{"Estimated reading time":"1 minute"},"schema":{"@context":"https:\/\/schema.org","@graph":[{"@type":"WebPage","@id":"https:\/\/mistrzowieimprez.pl\/produkt\/zywe-maskotki\/","url":"https:\/\/mistrzowieimprez.pl\/produkt\/zywe-maskotki\/","name":"Kostiumy maskotek | \u017bywe maskotki na imprez\u0119 | Mistrzowie Imprez","isPartOf":{"@id":"https:\/\/mistrzowieimprez.pl\/#website"},"primaryImageOfPage":{"@id":"https:\/\/mistrzowieimprez.pl\/produkt\/zywe-maskotki\/#primaryimage"},"image":{"@id":"https:\/\/mistrzowieimprez.pl\/produkt\/zywe-maskotki\/#primaryimage"},"thumbnailUrl":"https:\/\/mistrzowieimprez.pl\/wp-content\/uploads\/2024\/09\/Zywe-maskotki-scaled.jpg","datePublished":"2024-09-01T09:00:26+00:00","dateModified":"2026-02-18T13:15:43+00:00","breadcrumb":{"@id":"https:\/\/mistrzowieimprez.pl\/produkt\/zywe-maskotki\/#breadcrumb"},"inLanguage":"en-GB","potentialAction":[{"@type":"ReadAction","target":["https:\/\/mistrzowieimprez.pl\/produkt\/zywe-maskotki\/"]}]},{"@type":"ImageObject","inLanguage":"en-GB","@id":"https:\/\/mistrzowieimprez.pl\/produkt\/zywe-maskotki\/#primaryimage","url":"https:\/\/mistrzowieimprez.pl\/wp-content\/uploads\/2024\/09\/Zywe-maskotki-scaled.jpg","contentUrl":"https:\/\/mistrzowieimprez.pl\/wp-content\/uploads\/2024\/09\/Zywe-maskotki-scaled.jpg","width":2560,"height":1707,"caption":"Na zdj\u0119ciu znajduje si\u0119 osoba przebrana za znan\u0105 posta\u0107 z kresk\u00f3wki, rozmawiaj\u0105ca z inn\u0105 osob\u0105 w kostiumie na tle stoisk eventowych."},{"@type":"BreadcrumbList","@id":"https:\/\/mistrzowieimprez.pl\/produkt\/zywe-maskotki\/#breadcrumb","itemListElement":[{"@type":"ListItem","position":1,"name":"Strona g\u0142\u00f3wna","item":"https:\/\/mistrzowieimprez.pl\/"},{"@type":"ListItem","position":2,"name":"sklep","item":"https:\/\/mistrzowieimprez.pl\/sklep\/"},{"@type":"ListItem","position":3,"name":"\u017bywe maskotki"}]},{"@type":"WebSite","@id":"https:\/\/mistrzowieimprez.pl\/#website","url":"https:\/\/mistrzowieimprez.pl\/","name":"Mistrzowie Imprez","description":"Kompleksowa organizacja imprez","publisher":{"@id":"https:\/\/mistrzowieimprez.pl\/#organization"},"potentialAction":[{"@type":"SearchAction","target":{"@type":"EntryPoint","urlTemplate":"https:\/\/mistrzowieimprez.pl\/?s={search_term_string}"},"query-input":{"@type":"PropertyValueSpecification","valueRequired":true,"valueName":"search_term_string"}}],"inLanguage":"en-GB"},{"@type":"Organization","@id":"https:\/\/mistrzowieimprez.pl\/#organization","name":"Mistrzowie Imprez","url":"https:\/\/mistrzowieimprez.pl\/","logo":{"@type":"ImageObject","inLanguage":"en-GB","@id":"https:\/\/mistrzowieimprez.pl\/#\/schema\/logo\/image\/","url":"https:\/\/mistrzowieimprez.pl\/wp-content\/uploads\/2024\/08\/mistrzowie_imprez_logo_ciemne-tlo@4x.png","contentUrl":"https:\/\/mistrzowieimprez.pl\/wp-content\/uploads\/2024\/08\/mistrzowie_imprez_logo_ciemne-tlo@4x.png","width":1318,"height":351,"caption":"Mistrzowie Imprez"},"image":{"@id":"https:\/\/mistrzowieimprez.pl\/#\/schema\/logo\/image\/"},"sameAs":["https:\/\/www.facebook.com\/mistrzowieimprez","https:\/\/www.instagram.com\/mistrzowieimprez\/","https:\/\/www.youtube.com\/@ytmistrzowieimprez"]}]}},"_links":{"self":[{"href":"https:\/\/mistrzowieimprez.pl\/en\/wp-json\/wp\/v2\/product\/678","targetHints":{"allow":["GET"]}}],"collection":[{"href":"https:\/\/mistrzowieimprez.pl\/en\/wp-json\/wp\/v2\/product"}],"about":[{"href":"https:\/\/mistrzowieimprez.pl\/en\/wp-json\/wp\/v2\/types\/product"}],"replies":[{"embeddable":true,"href":"https:\/\/mistrzowieimprez.pl\/en\/wp-json\/wp\/v2\/comments?post=678"}],"version-history":[{"count":1,"href":"https:\/\/mistrzowieimprez.pl\/en\/wp-json\/wp\/v2\/product\/678\/revisions"}],"predecessor-version":[{"id":3464,"href":"https:\/\/mistrzowieimprez.pl\/en\/wp-json\/wp\/v2\/product\/678\/revisions\/3464"}],"wp:featuredmedia":[{"embeddable":true,"href":"https:\/\/mistrzowieimprez.pl\/en\/wp-json\/wp\/v2\/media\/1147"}],"wp:attachment":[{"href":"https:\/\/mistrzowieimprez.pl\/en\/wp-json\/wp\/v2\/media?parent=678"}],"wp:term":[{"taxonomy":"product_brand","embeddable":true,"href":"https:\/\/mistrzowieimprez.pl\/en\/wp-json\/wp\/v2\/product_brand?post=678"},{"taxonomy":"product_cat","embeddable":true,"href":"https:\/\/mistrzowieimprez.pl\/en\/wp-json\/wp\/v2\/product_cat?post=678"},{"taxonomy":"product_tag","embeddable":true,"href":"https:\/\/mistrzowieimprez.pl\/en\/wp-json\/wp\/v2\/product_tag?post=678"}],"curies":[{"name":"wp","href":"https:\/\/api.w.org\/{rel}","templated":true}]}}