{"id":674,"date":"2024-09-01T09:00:24","date_gmt":"2024-09-01T09:00:24","guid":{"rendered":"https:\/\/mistrzowieimprez.pl\/produkt\/szczudlarze\/"},"modified":"2024-09-24T11:55:27","modified_gmt":"2024-09-24T11:55:27","slug":"szczudlarze","status":"publish","type":"product","link":"https:\/\/mistrzowieimprez.pl\/en\/product\/szczudlarze\/","title":{"rendered":"Szczudlarze"},"content":{"rendered":"<p>Podnie\u015b zabaw\u0119 na wy\u017cszy poziom z naszymi niesamowitymi Szczudlarzami! Te gigantyczne, zabawne postacie z pewno\u015bci\u0105 przyci\u0105gn\u0105 uwag\u0119 i wzbudz\u0105 zachwyt zar\u00f3wno u dzieci, jak i doros\u0142ych. Szczudlarze to doskona\u0142y dodatek do ka\u017cdego wydarzenia, od festyn\u00f3w, przez urodziny, a\u017c do imprez firmowych. <\/p>\n<ul>\n<li>Profesjonalni arty\u015bci na szczud\u0142ach, kt\u00f3rzy potrafi\u0105 porusza\u0107 si\u0119 z gracj\u0105 i zwinno\u015bci\u0105<\/li>\n<li>Mo\u017cliwo\u015b\u0107 dostosowania stroj\u00f3w szczudlarzy do tematu imprezy<\/li>\n<li>Maksymalne bezpiecze\u0144stwo uczestnik\u00f3w dzi\u0119ki odpowiedniemu sprz\u0119towi i do\u015bwiadczeniu arty\u015bci<\/li>\n<\/ul>\n<ul>\n<li>Unikalna atrakcja, kt\u00f3ra z pewno\u015bci\u0105 zostanie zapami\u0119tana przez wszystkich uczestnik\u00f3w<\/li>\n<li>\u015awietna zabawa i interakcja &#8211; szczudlarze mog\u0105 bawi\u0107 si\u0119 z go\u015b\u0107mi, robi\u0107 zdj\u0119cia i nawet uczy\u0107 ch\u0119tnych podstaw chodzenia na szczud\u0142ach<\/li>\n<li>Pobudzenie wyobra\u017ani i kreatywno\u015bci &#8211; dzieci b\u0119d\u0105 zachwycone mo\u017cliwo\u015bci\u0105 spotkania &#8222;gigant\u00f3w&#8221;<\/li>\n<\/ul>\n<p>Nie czekaj, podnie\u015b swoje wydarzenie na wy\u017cszy poziom z naszymi Szczudlarzami! Dodaj do zapytania ofertowego ju\u017c teraz!<\/p>","protected":false},"excerpt":{"rendered":"<p>Podnie\u015b swoje wydarzenie na wy\u017cszy poziom z naszymi niesamowitymi Szczudlarzami! Gigantyczne, zabawne postacie przyci\u0105gn\u0105 uwag\u0119 i wzbudz\u0105 zachwyt u dzieci i doros\u0142ych. Bezpiecze\u0144stwo gwarantowane dzi\u0119ki profesjonalnym arty\u015bcie i odpowiedniemu sprz\u0119towi.<\/p>","protected":false},"featured_media":1282,"comment_status":"closed","ping_status":"closed","template":"","meta":{"_acf_changed":false},"product_brand":[],"product_cat":[78,75],"product_tag":[],"class_list":{"0":"post-674","1":"product","2":"type-product","3":"status-publish","4":"has-post-thumbnail","6":"product_cat-animacje-i-zabawy","7":"product_cat-dla-dzieci","9":"first","10":"instock","11":"downloadable","12":"virtual","13":"purchasable","14":"product-type-simple"},"acf":[],"yoast_head":"<!-- This site is optimized with the Yoast SEO plugin v27.5 - https:\/\/yoast.com\/product\/yoast-seo-wordpress\/ -->\n<title>Szczudlarze - Mistrzowie Imprez<\/title>\n<meta name=\"robots\" content=\"index, follow, max-snippet:-1, max-image-preview:large, max-video-preview:-1\" \/>\n<link rel=\"canonical\" href=\"https:\/\/mistrzowieimprez.pl\/en\/product\/szczudlarze\/\" \/>\n<meta property=\"og:locale\" content=\"en_GB\" \/>\n<meta property=\"og:type\" content=\"article\" \/>\n<meta property=\"og:title\" content=\"Szczudlarze - Mistrzowie Imprez\" \/>\n<meta property=\"og:description\" content=\"Podnie\u015b swoje wydarzenie na wy\u017cszy poziom z naszymi niesamowitymi Szczudlarzami! Gigantyczne, zabawne postacie przyci\u0105gn\u0105 uwag\u0119 i wzbudz\u0105 zachwyt u dzieci i doros\u0142ych. Bezpiecze\u0144stwo gwarantowane dzi\u0119ki profesjonalnym arty\u015bcie i odpowiedniemu sprz\u0119towi.\" \/>\n<meta property=\"og:url\" content=\"https:\/\/mistrzowieimprez.pl\/en\/product\/szczudlarze\/\" \/>\n<meta property=\"og:site_name\" content=\"Mistrzowie Imprez\" \/>\n<meta property=\"article:publisher\" content=\"https:\/\/www.facebook.com\/mistrzowieimprez\" \/>\n<meta property=\"article:modified_time\" content=\"2024-09-24T11:55:27+00:00\" \/>\n<meta property=\"og:image\" content=\"https:\/\/mistrzowieimprez.pl\/wp-content\/uploads\/2024\/09\/Szczudlarze.png\" \/>\n\t<meta property=\"og:image:width\" content=\"800\" \/>\n\t<meta property=\"og:image:height\" content=\"800\" \/>\n\t<meta property=\"og:image:type\" content=\"image\/png\" \/>\n<meta name=\"twitter:card\" content=\"summary_large_image\" \/>\n<meta name=\"twitter:label1\" content=\"Estimated reading time\" \/>\n\t<meta name=\"twitter:data1\" content=\"1 minute\" \/>\n<script type=\"application\/ld+json\" class=\"yoast-schema-graph\">{\"@context\":\"https:\\\/\\\/schema.org\",\"@graph\":[{\"@type\":\"WebPage\",\"@id\":\"https:\\\/\\\/mistrzowieimprez.pl\\\/produkt\\\/szczudlarze\\\/\",\"url\":\"https:\\\/\\\/mistrzowieimprez.pl\\\/produkt\\\/szczudlarze\\\/\",\"name\":\"Szczudlarze - Mistrzowie Imprez\",\"isPartOf\":{\"@id\":\"https:\\\/\\\/mistrzowieimprez.pl\\\/#website\"},\"primaryImageOfPage\":{\"@id\":\"https:\\\/\\\/mistrzowieimprez.pl\\\/produkt\\\/szczudlarze\\\/#primaryimage\"},\"image\":{\"@id\":\"https:\\\/\\\/mistrzowieimprez.pl\\\/produkt\\\/szczudlarze\\\/#primaryimage\"},\"thumbnailUrl\":\"https:\\\/\\\/mistrzowieimprez.pl\\\/wp-content\\\/uploads\\\/2024\\\/09\\\/Szczudlarze.png\",\"datePublished\":\"2024-09-01T09:00:24+00:00\",\"dateModified\":\"2024-09-24T11:55:27+00:00\",\"breadcrumb\":{\"@id\":\"https:\\\/\\\/mistrzowieimprez.pl\\\/produkt\\\/szczudlarze\\\/#breadcrumb\"},\"inLanguage\":\"en-GB\",\"potentialAction\":[{\"@type\":\"ReadAction\",\"target\":[\"https:\\\/\\\/mistrzowieimprez.pl\\\/produkt\\\/szczudlarze\\\/\"]}]},{\"@type\":\"ImageObject\",\"inLanguage\":\"en-GB\",\"@id\":\"https:\\\/\\\/mistrzowieimprez.pl\\\/produkt\\\/szczudlarze\\\/#primaryimage\",\"url\":\"https:\\\/\\\/mistrzowieimprez.pl\\\/wp-content\\\/uploads\\\/2024\\\/09\\\/Szczudlarze.png\",\"contentUrl\":\"https:\\\/\\\/mistrzowieimprez.pl\\\/wp-content\\\/uploads\\\/2024\\\/09\\\/Szczudlarze.png\",\"width\":1000,\"height\":1000,\"caption\":\"Na zdj\u0119ciu widoczni s\u0105 arty\u015bci na szczud\u0142ach w kolorowych, jaskrawych kostiumach, wykonuj\u0105cy akrobatyczne figury na tle drzew.\"},{\"@type\":\"BreadcrumbList\",\"@id\":\"https:\\\/\\\/mistrzowieimprez.pl\\\/produkt\\\/szczudlarze\\\/#breadcrumb\",\"itemListElement\":[{\"@type\":\"ListItem\",\"position\":1,\"name\":\"Strona g\u0142\u00f3wna\",\"item\":\"https:\\\/\\\/mistrzowieimprez.pl\\\/\"},{\"@type\":\"ListItem\",\"position\":2,\"name\":\"sklep\",\"item\":\"https:\\\/\\\/mistrzowieimprez.pl\\\/sklep\\\/\"},{\"@type\":\"ListItem\",\"position\":3,\"name\":\"Szczudlarze\"}]},{\"@type\":\"WebSite\",\"@id\":\"https:\\\/\\\/mistrzowieimprez.pl\\\/#website\",\"url\":\"https:\\\/\\\/mistrzowieimprez.pl\\\/\",\"name\":\"Mistrzowie Imprez\",\"description\":\"Kompleksowa organizacja imprez\",\"publisher\":{\"@id\":\"https:\\\/\\\/mistrzowieimprez.pl\\\/#organization\"},\"potentialAction\":[{\"@type\":\"SearchAction\",\"target\":{\"@type\":\"EntryPoint\",\"urlTemplate\":\"https:\\\/\\\/mistrzowieimprez.pl\\\/?s={search_term_string}\"},\"query-input\":{\"@type\":\"PropertyValueSpecification\",\"valueRequired\":true,\"valueName\":\"search_term_string\"}}],\"inLanguage\":\"en-GB\"},{\"@type\":\"Organization\",\"@id\":\"https:\\\/\\\/mistrzowieimprez.pl\\\/#organization\",\"name\":\"Mistrzowie Imprez\",\"url\":\"https:\\\/\\\/mistrzowieimprez.pl\\\/\",\"logo\":{\"@type\":\"ImageObject\",\"inLanguage\":\"en-GB\",\"@id\":\"https:\\\/\\\/mistrzowieimprez.pl\\\/#\\\/schema\\\/logo\\\/image\\\/\",\"url\":\"https:\\\/\\\/mistrzowieimprez.pl\\\/wp-content\\\/uploads\\\/2024\\\/08\\\/mistrzowie_imprez_logo_ciemne-tlo@4x.png\",\"contentUrl\":\"https:\\\/\\\/mistrzowieimprez.pl\\\/wp-content\\\/uploads\\\/2024\\\/08\\\/mistrzowie_imprez_logo_ciemne-tlo@4x.png\",\"width\":1318,\"height\":351,\"caption\":\"Mistrzowie Imprez\"},\"image\":{\"@id\":\"https:\\\/\\\/mistrzowieimprez.pl\\\/#\\\/schema\\\/logo\\\/image\\\/\"},\"sameAs\":[\"https:\\\/\\\/www.facebook.com\\\/mistrzowieimprez\",\"https:\\\/\\\/www.instagram.com\\\/mistrzowieimprez\\\/\",\"https:\\\/\\\/www.youtube.com\\\/@ytmistrzowieimprez\"]}]}<\/script>\n<!-- \/ Yoast SEO plugin. -->","yoast_head_json":{"title":"Szczudlarze - Mistrzowie Imprez","robots":{"index":"index","follow":"follow","max-snippet":"max-snippet:-1","max-image-preview":"max-image-preview:large","max-video-preview":"max-video-preview:-1"},"canonical":"https:\/\/mistrzowieimprez.pl\/en\/product\/szczudlarze\/","og_locale":"en_GB","og_type":"article","og_title":"Szczudlarze - Mistrzowie Imprez","og_description":"Podnie\u015b swoje wydarzenie na wy\u017cszy poziom z naszymi niesamowitymi Szczudlarzami! Gigantyczne, zabawne postacie przyci\u0105gn\u0105 uwag\u0119 i wzbudz\u0105 zachwyt u dzieci i doros\u0142ych. Bezpiecze\u0144stwo gwarantowane dzi\u0119ki profesjonalnym arty\u015bcie i odpowiedniemu sprz\u0119towi.","og_url":"https:\/\/mistrzowieimprez.pl\/en\/product\/szczudlarze\/","og_site_name":"Mistrzowie Imprez","article_publisher":"https:\/\/www.facebook.com\/mistrzowieimprez","article_modified_time":"2024-09-24T11:55:27+00:00","og_image":[{"url":"https:\/\/mistrzowieimprez.pl\/wp-content\/uploads\/2024\/09\/Szczudlarze.png","width":800,"height":800,"type":"image\/png"}],"twitter_card":"summary_large_image","twitter_misc":{"Estimated reading time":"1 minute"},"schema":{"@context":"https:\/\/schema.org","@graph":[{"@type":"WebPage","@id":"https:\/\/mistrzowieimprez.pl\/produkt\/szczudlarze\/","url":"https:\/\/mistrzowieimprez.pl\/produkt\/szczudlarze\/","name":"Szczudlarze - Mistrzowie Imprez","isPartOf":{"@id":"https:\/\/mistrzowieimprez.pl\/#website"},"primaryImageOfPage":{"@id":"https:\/\/mistrzowieimprez.pl\/produkt\/szczudlarze\/#primaryimage"},"image":{"@id":"https:\/\/mistrzowieimprez.pl\/produkt\/szczudlarze\/#primaryimage"},"thumbnailUrl":"https:\/\/mistrzowieimprez.pl\/wp-content\/uploads\/2024\/09\/Szczudlarze.png","datePublished":"2024-09-01T09:00:24+00:00","dateModified":"2024-09-24T11:55:27+00:00","breadcrumb":{"@id":"https:\/\/mistrzowieimprez.pl\/produkt\/szczudlarze\/#breadcrumb"},"inLanguage":"en-GB","potentialAction":[{"@type":"ReadAction","target":["https:\/\/mistrzowieimprez.pl\/produkt\/szczudlarze\/"]}]},{"@type":"ImageObject","inLanguage":"en-GB","@id":"https:\/\/mistrzowieimprez.pl\/produkt\/szczudlarze\/#primaryimage","url":"https:\/\/mistrzowieimprez.pl\/wp-content\/uploads\/2024\/09\/Szczudlarze.png","contentUrl":"https:\/\/mistrzowieimprez.pl\/wp-content\/uploads\/2024\/09\/Szczudlarze.png","width":1000,"height":1000,"caption":"Na zdj\u0119ciu widoczni s\u0105 arty\u015bci na szczud\u0142ach w kolorowych, jaskrawych kostiumach, wykonuj\u0105cy akrobatyczne figury na tle drzew."},{"@type":"BreadcrumbList","@id":"https:\/\/mistrzowieimprez.pl\/produkt\/szczudlarze\/#breadcrumb","itemListElement":[{"@type":"ListItem","position":1,"name":"Strona g\u0142\u00f3wna","item":"https:\/\/mistrzowieimprez.pl\/"},{"@type":"ListItem","position":2,"name":"sklep","item":"https:\/\/mistrzowieimprez.pl\/sklep\/"},{"@type":"ListItem","position":3,"name":"Szczudlarze"}]},{"@type":"WebSite","@id":"https:\/\/mistrzowieimprez.pl\/#website","url":"https:\/\/mistrzowieimprez.pl\/","name":"Mistrzowie Imprez","description":"Kompleksowa organizacja imprez","publisher":{"@id":"https:\/\/mistrzowieimprez.pl\/#organization"},"potentialAction":[{"@type":"SearchAction","target":{"@type":"EntryPoint","urlTemplate":"https:\/\/mistrzowieimprez.pl\/?s={search_term_string}"},"query-input":{"@type":"PropertyValueSpecification","valueRequired":true,"valueName":"search_term_string"}}],"inLanguage":"en-GB"},{"@type":"Organization","@id":"https:\/\/mistrzowieimprez.pl\/#organization","name":"Mistrzowie Imprez","url":"https:\/\/mistrzowieimprez.pl\/","logo":{"@type":"ImageObject","inLanguage":"en-GB","@id":"https:\/\/mistrzowieimprez.pl\/#\/schema\/logo\/image\/","url":"https:\/\/mistrzowieimprez.pl\/wp-content\/uploads\/2024\/08\/mistrzowie_imprez_logo_ciemne-tlo@4x.png","contentUrl":"https:\/\/mistrzowieimprez.pl\/wp-content\/uploads\/2024\/08\/mistrzowie_imprez_logo_ciemne-tlo@4x.png","width":1318,"height":351,"caption":"Mistrzowie Imprez"},"image":{"@id":"https:\/\/mistrzowieimprez.pl\/#\/schema\/logo\/image\/"},"sameAs":["https:\/\/www.facebook.com\/mistrzowieimprez","https:\/\/www.instagram.com\/mistrzowieimprez\/","https:\/\/www.youtube.com\/@ytmistrzowieimprez"]}]}},"_links":{"self":[{"href":"https:\/\/mistrzowieimprez.pl\/en\/wp-json\/wp\/v2\/product\/674","targetHints":{"allow":["GET"]}}],"collection":[{"href":"https:\/\/mistrzowieimprez.pl\/en\/wp-json\/wp\/v2\/product"}],"about":[{"href":"https:\/\/mistrzowieimprez.pl\/en\/wp-json\/wp\/v2\/types\/product"}],"replies":[{"embeddable":true,"href":"https:\/\/mistrzowieimprez.pl\/en\/wp-json\/wp\/v2\/comments?post=674"}],"version-history":[{"count":0,"href":"https:\/\/mistrzowieimprez.pl\/en\/wp-json\/wp\/v2\/product\/674\/revisions"}],"wp:featuredmedia":[{"embeddable":true,"href":"https:\/\/mistrzowieimprez.pl\/en\/wp-json\/wp\/v2\/media\/1282"}],"wp:attachment":[{"href":"https:\/\/mistrzowieimprez.pl\/en\/wp-json\/wp\/v2\/media?parent=674"}],"wp:term":[{"taxonomy":"product_brand","embeddable":true,"href":"https:\/\/mistrzowieimprez.pl\/en\/wp-json\/wp\/v2\/product_brand?post=674"},{"taxonomy":"product_cat","embeddable":true,"href":"https:\/\/mistrzowieimprez.pl\/en\/wp-json\/wp\/v2\/product_cat?post=674"},{"taxonomy":"product_tag","embeddable":true,"href":"https:\/\/mistrzowieimprez.pl\/en\/wp-json\/wp\/v2\/product_tag?post=674"}],"curies":[{"name":"wp","href":"https:\/\/api.w.org\/{rel}","templated":true}]}}