{"id":671,"date":"2024-09-01T09:00:23","date_gmt":"2024-09-01T09:00:23","guid":{"rendered":"https:\/\/mistrzowieimprez.pl\/produkt\/olbrzymie-banki-mydlane\/"},"modified":"2026-02-18T12:57:50","modified_gmt":"2026-02-18T12:57:50","slug":"olbrzymie-banki-mydlane","status":"publish","type":"product","link":"https:\/\/mistrzowieimprez.pl\/en\/product\/olbrzymie-banki-mydlane\/","title":{"rendered":"Olbrzymie ba\u0144ki mydlane"},"content":{"rendered":"<p>Ciesz si\u0119 niesko\u0144czonymi godzinami zabawy z naszymi Olbrzymimi Ba\u0144kami Mydlanymi! Te gigantyczne ba\u0144ki mydlane s\u0105 pe\u0142ne kolor\u00f3w i rado\u015bci, a ich rozmiar i kszta\u0142t zaskocz\u0105 nie tylko dzieci, ale i doros\u0142ych. \u015awietnie sprawdz\u0105 si\u0119 na festynach, urodzinach, piknikach i innych imprezach plenerowych.<\/p>\n<ul>\n<li>Wielko\u015b\u0107 ba\u0144ek do 1 metra \u015brednicy!<\/li>\n<li>Nietoksyczne i bezpieczne dla dzieci p\u0142yny do baniek<\/li>\n<li>Mo\u017cliwo\u015b\u0107 tworzenia zar\u00f3wno pojedynczych ba\u0144ek jak i ca\u0142e chmury mniejszych ba\u0144ek<\/li>\n<\/ul>\n<ul>\n<li>Zabawa z olbrzymimi ba\u0144kami mydlanymi stymuluje wyobra\u017ani\u0119 i kreatywno\u015b\u0107<\/li>\n<li>Mo\u017cliwo\u015b\u0107 nauki przez zabaw\u0119, dzieci mog\u0105 obserwowa\u0107 jak powstaj\u0105 ba\u0144ki i jakie maj\u0105 w\u0142a\u015bciwo\u015bci<\/li>\n<li>\u015awietna okazja do aktywno\u015bci na \u015bwie\u017cym powietrzu i interakcji z innymi uczestnikami<\/li>\n<\/ul>\n<p>Nie czekaj! Dodaj Olbrzymie Ba\u0144ki Mydlane do swojego koszyka i zaskocz wszystkich na swoim wydarzeniu!<\/p>","protected":false},"excerpt":{"rendered":"<p>Zaskocz wszystkich na swoim wydarzeniu Olbrzymimi Ba\u0144kami Mydlanymi! Te gigantyczne, kolorowe ba\u0144ki to niesko\u0144czone godziny rado\u015bci dla dzieci i doros\u0142ych. Idealne na festyny, urodziny czy pikniki.<\/p>","protected":false},"featured_media":1131,"comment_status":"closed","ping_status":"closed","template":"","meta":{"_acf_changed":false},"product_brand":[],"product_cat":[78,75],"product_tag":[],"class_list":{"0":"post-671","1":"product","2":"type-product","3":"status-publish","4":"has-post-thumbnail","6":"product_cat-animacje-i-zabawy","7":"product_cat-dla-dzieci","9":"first","10":"instock","11":"downloadable","12":"virtual","13":"purchasable","14":"product-type-simple"},"acf":[],"yoast_head":"<!-- This site is optimized with the Yoast SEO plugin v27.5 - https:\/\/yoast.com\/product\/yoast-seo-wordpress\/ -->\n<title>Gigantyczne ba\u0144ki mydlane dla najm\u0142odszych | Mistrzowie Imprez<\/title>\n<meta name=\"robots\" content=\"index, follow, max-snippet:-1, max-image-preview:large, max-video-preview:-1\" \/>\n<link rel=\"canonical\" href=\"https:\/\/mistrzowieimprez.pl\/en\/product\/olbrzymie-banki-mydlane\/\" \/>\n<meta property=\"og:locale\" content=\"en_GB\" \/>\n<meta property=\"og:type\" content=\"article\" \/>\n<meta property=\"og:title\" content=\"Gigantyczne ba\u0144ki mydlane dla najm\u0142odszych | Mistrzowie Imprez\" \/>\n<meta property=\"og:description\" content=\"Zaskocz wszystkich na swoim wydarzeniu Olbrzymimi Ba\u0144kami Mydlanymi! Te gigantyczne, kolorowe ba\u0144ki to niesko\u0144czone godziny rado\u015bci dla dzieci i doros\u0142ych. Idealne na festyny, urodziny czy pikniki.\" \/>\n<meta property=\"og:url\" content=\"https:\/\/mistrzowieimprez.pl\/en\/product\/olbrzymie-banki-mydlane\/\" \/>\n<meta property=\"og:site_name\" content=\"Mistrzowie Imprez\" \/>\n<meta property=\"article:publisher\" content=\"https:\/\/www.facebook.com\/mistrzowieimprez\" \/>\n<meta property=\"article:modified_time\" content=\"2026-02-18T12:57:50+00:00\" \/>\n<meta property=\"og:image\" content=\"https:\/\/mistrzowieimprez.pl\/wp-content\/uploads\/2024\/09\/Olbrzymie-banki-mydlane-scaled.jpg\" \/>\n\t<meta property=\"og:image:width\" content=\"2560\" \/>\n\t<meta property=\"og:image:height\" content=\"1707\" \/>\n\t<meta property=\"og:image:type\" content=\"image\/jpeg\" \/>\n<meta name=\"twitter:card\" content=\"summary_large_image\" \/>\n<meta name=\"twitter:label1\" content=\"Estimated reading time\" \/>\n\t<meta name=\"twitter:data1\" content=\"1 minute\" \/>\n<script type=\"application\/ld+json\" class=\"yoast-schema-graph\">{\"@context\":\"https:\\\/\\\/schema.org\",\"@graph\":[{\"@type\":\"WebPage\",\"@id\":\"https:\\\/\\\/mistrzowieimprez.pl\\\/produkt\\\/olbrzymie-banki-mydlane\\\/\",\"url\":\"https:\\\/\\\/mistrzowieimprez.pl\\\/produkt\\\/olbrzymie-banki-mydlane\\\/\",\"name\":\"Gigantyczne ba\u0144ki mydlane dla najm\u0142odszych | Mistrzowie Imprez\",\"isPartOf\":{\"@id\":\"https:\\\/\\\/mistrzowieimprez.pl\\\/#website\"},\"primaryImageOfPage\":{\"@id\":\"https:\\\/\\\/mistrzowieimprez.pl\\\/produkt\\\/olbrzymie-banki-mydlane\\\/#primaryimage\"},\"image\":{\"@id\":\"https:\\\/\\\/mistrzowieimprez.pl\\\/produkt\\\/olbrzymie-banki-mydlane\\\/#primaryimage\"},\"thumbnailUrl\":\"https:\\\/\\\/mistrzowieimprez.pl\\\/wp-content\\\/uploads\\\/2024\\\/09\\\/Olbrzymie-banki-mydlane-scaled.jpg\",\"datePublished\":\"2024-09-01T09:00:23+00:00\",\"dateModified\":\"2026-02-18T12:57:50+00:00\",\"breadcrumb\":{\"@id\":\"https:\\\/\\\/mistrzowieimprez.pl\\\/produkt\\\/olbrzymie-banki-mydlane\\\/#breadcrumb\"},\"inLanguage\":\"en-GB\",\"potentialAction\":[{\"@type\":\"ReadAction\",\"target\":[\"https:\\\/\\\/mistrzowieimprez.pl\\\/produkt\\\/olbrzymie-banki-mydlane\\\/\"]}]},{\"@type\":\"ImageObject\",\"inLanguage\":\"en-GB\",\"@id\":\"https:\\\/\\\/mistrzowieimprez.pl\\\/produkt\\\/olbrzymie-banki-mydlane\\\/#primaryimage\",\"url\":\"https:\\\/\\\/mistrzowieimprez.pl\\\/wp-content\\\/uploads\\\/2024\\\/09\\\/Olbrzymie-banki-mydlane-scaled.jpg\",\"contentUrl\":\"https:\\\/\\\/mistrzowieimprez.pl\\\/wp-content\\\/uploads\\\/2024\\\/09\\\/Olbrzymie-banki-mydlane-scaled.jpg\",\"width\":2560,\"height\":1707,\"caption\":\"Osoba ubrana kolorowo robi olbrzymie ba\u0144ki mydlane na tle dmuchanych zamk\u00f3w w plenerze.\"},{\"@type\":\"BreadcrumbList\",\"@id\":\"https:\\\/\\\/mistrzowieimprez.pl\\\/produkt\\\/olbrzymie-banki-mydlane\\\/#breadcrumb\",\"itemListElement\":[{\"@type\":\"ListItem\",\"position\":1,\"name\":\"Strona g\u0142\u00f3wna\",\"item\":\"https:\\\/\\\/mistrzowieimprez.pl\\\/\"},{\"@type\":\"ListItem\",\"position\":2,\"name\":\"sklep\",\"item\":\"https:\\\/\\\/mistrzowieimprez.pl\\\/sklep\\\/\"},{\"@type\":\"ListItem\",\"position\":3,\"name\":\"Olbrzymie ba\u0144ki mydlane\"}]},{\"@type\":\"WebSite\",\"@id\":\"https:\\\/\\\/mistrzowieimprez.pl\\\/#website\",\"url\":\"https:\\\/\\\/mistrzowieimprez.pl\\\/\",\"name\":\"Mistrzowie Imprez\",\"description\":\"Kompleksowa organizacja imprez\",\"publisher\":{\"@id\":\"https:\\\/\\\/mistrzowieimprez.pl\\\/#organization\"},\"potentialAction\":[{\"@type\":\"SearchAction\",\"target\":{\"@type\":\"EntryPoint\",\"urlTemplate\":\"https:\\\/\\\/mistrzowieimprez.pl\\\/?s={search_term_string}\"},\"query-input\":{\"@type\":\"PropertyValueSpecification\",\"valueRequired\":true,\"valueName\":\"search_term_string\"}}],\"inLanguage\":\"en-GB\"},{\"@type\":\"Organization\",\"@id\":\"https:\\\/\\\/mistrzowieimprez.pl\\\/#organization\",\"name\":\"Mistrzowie Imprez\",\"url\":\"https:\\\/\\\/mistrzowieimprez.pl\\\/\",\"logo\":{\"@type\":\"ImageObject\",\"inLanguage\":\"en-GB\",\"@id\":\"https:\\\/\\\/mistrzowieimprez.pl\\\/#\\\/schema\\\/logo\\\/image\\\/\",\"url\":\"https:\\\/\\\/mistrzowieimprez.pl\\\/wp-content\\\/uploads\\\/2024\\\/08\\\/mistrzowie_imprez_logo_ciemne-tlo@4x.png\",\"contentUrl\":\"https:\\\/\\\/mistrzowieimprez.pl\\\/wp-content\\\/uploads\\\/2024\\\/08\\\/mistrzowie_imprez_logo_ciemne-tlo@4x.png\",\"width\":1318,\"height\":351,\"caption\":\"Mistrzowie Imprez\"},\"image\":{\"@id\":\"https:\\\/\\\/mistrzowieimprez.pl\\\/#\\\/schema\\\/logo\\\/image\\\/\"},\"sameAs\":[\"https:\\\/\\\/www.facebook.com\\\/mistrzowieimprez\",\"https:\\\/\\\/www.instagram.com\\\/mistrzowieimprez\\\/\",\"https:\\\/\\\/www.youtube.com\\\/@ytmistrzowieimprez\"]}]}<\/script>\n<!-- \/ Yoast SEO plugin. -->","yoast_head_json":{"title":"Gigantyczne ba\u0144ki mydlane dla najm\u0142odszych | Mistrzowie Imprez","robots":{"index":"index","follow":"follow","max-snippet":"max-snippet:-1","max-image-preview":"max-image-preview:large","max-video-preview":"max-video-preview:-1"},"canonical":"https:\/\/mistrzowieimprez.pl\/en\/product\/olbrzymie-banki-mydlane\/","og_locale":"en_GB","og_type":"article","og_title":"Gigantyczne ba\u0144ki mydlane dla najm\u0142odszych | Mistrzowie Imprez","og_description":"Zaskocz wszystkich na swoim wydarzeniu Olbrzymimi Ba\u0144kami Mydlanymi! Te gigantyczne, kolorowe ba\u0144ki to niesko\u0144czone godziny rado\u015bci dla dzieci i doros\u0142ych. Idealne na festyny, urodziny czy pikniki.","og_url":"https:\/\/mistrzowieimprez.pl\/en\/product\/olbrzymie-banki-mydlane\/","og_site_name":"Mistrzowie Imprez","article_publisher":"https:\/\/www.facebook.com\/mistrzowieimprez","article_modified_time":"2026-02-18T12:57:50+00:00","og_image":[{"width":2560,"height":1707,"url":"https:\/\/mistrzowieimprez.pl\/wp-content\/uploads\/2024\/09\/Olbrzymie-banki-mydlane-scaled.jpg","type":"image\/jpeg"}],"twitter_card":"summary_large_image","twitter_misc":{"Estimated reading time":"1 minute"},"schema":{"@context":"https:\/\/schema.org","@graph":[{"@type":"WebPage","@id":"https:\/\/mistrzowieimprez.pl\/produkt\/olbrzymie-banki-mydlane\/","url":"https:\/\/mistrzowieimprez.pl\/produkt\/olbrzymie-banki-mydlane\/","name":"Gigantyczne ba\u0144ki mydlane dla najm\u0142odszych | Mistrzowie Imprez","isPartOf":{"@id":"https:\/\/mistrzowieimprez.pl\/#website"},"primaryImageOfPage":{"@id":"https:\/\/mistrzowieimprez.pl\/produkt\/olbrzymie-banki-mydlane\/#primaryimage"},"image":{"@id":"https:\/\/mistrzowieimprez.pl\/produkt\/olbrzymie-banki-mydlane\/#primaryimage"},"thumbnailUrl":"https:\/\/mistrzowieimprez.pl\/wp-content\/uploads\/2024\/09\/Olbrzymie-banki-mydlane-scaled.jpg","datePublished":"2024-09-01T09:00:23+00:00","dateModified":"2026-02-18T12:57:50+00:00","breadcrumb":{"@id":"https:\/\/mistrzowieimprez.pl\/produkt\/olbrzymie-banki-mydlane\/#breadcrumb"},"inLanguage":"en-GB","potentialAction":[{"@type":"ReadAction","target":["https:\/\/mistrzowieimprez.pl\/produkt\/olbrzymie-banki-mydlane\/"]}]},{"@type":"ImageObject","inLanguage":"en-GB","@id":"https:\/\/mistrzowieimprez.pl\/produkt\/olbrzymie-banki-mydlane\/#primaryimage","url":"https:\/\/mistrzowieimprez.pl\/wp-content\/uploads\/2024\/09\/Olbrzymie-banki-mydlane-scaled.jpg","contentUrl":"https:\/\/mistrzowieimprez.pl\/wp-content\/uploads\/2024\/09\/Olbrzymie-banki-mydlane-scaled.jpg","width":2560,"height":1707,"caption":"Osoba ubrana kolorowo robi olbrzymie ba\u0144ki mydlane na tle dmuchanych zamk\u00f3w w plenerze."},{"@type":"BreadcrumbList","@id":"https:\/\/mistrzowieimprez.pl\/produkt\/olbrzymie-banki-mydlane\/#breadcrumb","itemListElement":[{"@type":"ListItem","position":1,"name":"Strona g\u0142\u00f3wna","item":"https:\/\/mistrzowieimprez.pl\/"},{"@type":"ListItem","position":2,"name":"sklep","item":"https:\/\/mistrzowieimprez.pl\/sklep\/"},{"@type":"ListItem","position":3,"name":"Olbrzymie ba\u0144ki mydlane"}]},{"@type":"WebSite","@id":"https:\/\/mistrzowieimprez.pl\/#website","url":"https:\/\/mistrzowieimprez.pl\/","name":"Mistrzowie Imprez","description":"Kompleksowa organizacja imprez","publisher":{"@id":"https:\/\/mistrzowieimprez.pl\/#organization"},"potentialAction":[{"@type":"SearchAction","target":{"@type":"EntryPoint","urlTemplate":"https:\/\/mistrzowieimprez.pl\/?s={search_term_string}"},"query-input":{"@type":"PropertyValueSpecification","valueRequired":true,"valueName":"search_term_string"}}],"inLanguage":"en-GB"},{"@type":"Organization","@id":"https:\/\/mistrzowieimprez.pl\/#organization","name":"Mistrzowie Imprez","url":"https:\/\/mistrzowieimprez.pl\/","logo":{"@type":"ImageObject","inLanguage":"en-GB","@id":"https:\/\/mistrzowieimprez.pl\/#\/schema\/logo\/image\/","url":"https:\/\/mistrzowieimprez.pl\/wp-content\/uploads\/2024\/08\/mistrzowie_imprez_logo_ciemne-tlo@4x.png","contentUrl":"https:\/\/mistrzowieimprez.pl\/wp-content\/uploads\/2024\/08\/mistrzowie_imprez_logo_ciemne-tlo@4x.png","width":1318,"height":351,"caption":"Mistrzowie Imprez"},"image":{"@id":"https:\/\/mistrzowieimprez.pl\/#\/schema\/logo\/image\/"},"sameAs":["https:\/\/www.facebook.com\/mistrzowieimprez","https:\/\/www.instagram.com\/mistrzowieimprez\/","https:\/\/www.youtube.com\/@ytmistrzowieimprez"]}]}},"_links":{"self":[{"href":"https:\/\/mistrzowieimprez.pl\/en\/wp-json\/wp\/v2\/product\/671","targetHints":{"allow":["GET"]}}],"collection":[{"href":"https:\/\/mistrzowieimprez.pl\/en\/wp-json\/wp\/v2\/product"}],"about":[{"href":"https:\/\/mistrzowieimprez.pl\/en\/wp-json\/wp\/v2\/types\/product"}],"replies":[{"embeddable":true,"href":"https:\/\/mistrzowieimprez.pl\/en\/wp-json\/wp\/v2\/comments?post=671"}],"version-history":[{"count":1,"href":"https:\/\/mistrzowieimprez.pl\/en\/wp-json\/wp\/v2\/product\/671\/revisions"}],"predecessor-version":[{"id":3461,"href":"https:\/\/mistrzowieimprez.pl\/en\/wp-json\/wp\/v2\/product\/671\/revisions\/3461"}],"wp:featuredmedia":[{"embeddable":true,"href":"https:\/\/mistrzowieimprez.pl\/en\/wp-json\/wp\/v2\/media\/1131"}],"wp:attachment":[{"href":"https:\/\/mistrzowieimprez.pl\/en\/wp-json\/wp\/v2\/media?parent=671"}],"wp:term":[{"taxonomy":"product_brand","embeddable":true,"href":"https:\/\/mistrzowieimprez.pl\/en\/wp-json\/wp\/v2\/product_brand?post=671"},{"taxonomy":"product_cat","embeddable":true,"href":"https:\/\/mistrzowieimprez.pl\/en\/wp-json\/wp\/v2\/product_cat?post=671"},{"taxonomy":"product_tag","embeddable":true,"href":"https:\/\/mistrzowieimprez.pl\/en\/wp-json\/wp\/v2\/product_tag?post=671"}],"curies":[{"name":"wp","href":"https:\/\/api.w.org\/{rel}","templated":true}]}}