{"id":264,"date":"2024-08-31T15:33:16","date_gmt":"2024-08-31T15:33:16","guid":{"rendered":"http:\/\/Alek"},"modified":"2026-02-18T10:04:57","modified_gmt":"2026-02-18T10:04:57","slug":"zamek-do-skakania-duzy","status":"publish","type":"product","link":"https:\/\/mistrzowieimprez.pl\/en\/product\/zamek-do-skakania-duzy\/","title":{"rendered":"Zamek do skakania (du\u017cy)"},"content":{"rendered":"<p>Za\u0142\u00f3\u017c koron\u0119 i wkrocz do naszego olbrzymiego Zamku do Skakania! Ta gigantyczna atrakcja dmuchana zapewni dzieciom godziny zabawy na \u015bwie\u017cym powietrzu. Wyj\u0105tkowy design i jaskrawe kolory przyci\u0105gn\u0105 uwag\u0119 ka\u017cdego ma\u0142ego rycerza i ksi\u0119\u017cniczki, a spr\u0119\u017cysta pod\u0142oga pozwoli na bezpieczne skoki i salta.<\/p>\n<ul>\n<li>Wymiary: D\u0142ugo\u015b\u0107 6m, Szeroko\u015b\u0107 4.5m, Wysoko\u015b\u0107 5m<\/li>\n<li>Wytrzyma\u0142e materia\u0142y: wysokiej jako\u015bci PVC i nylon<\/li>\n<li>Spr\u0119\u017cysta pod\u0142oga dla bezpiecznych skok\u00f3w<\/li>\n<\/ul>\n<ul>\n<li>Wspania\u0142a zabawa pod go\u0142ym niebem, kt\u00f3ra promuje aktywno\u015b\u0107 fizyczn\u0105<\/li>\n<li>Stymuluje wyobra\u017ani\u0119 &#8211; dzieci mog\u0105 udawa\u0107, \u017ce s\u0105 rycerzami lub ksi\u0119\u017cniczkami w swoim zamku<\/li>\n<li>Bezpieczna przestrze\u0144 do zabawy, kt\u00f3ra zach\u0119ca do interakcji i zabawy w grupie<\/li>\n<\/ul>\n<p>Chcesz, aby Tw\u00f3j event sta\u0142 si\u0119 niezapomnian\u0105 przygod\u0105? Dodaj nasz Zamek do Skakania do swojego zapytania ofertowego ju\u017c teraz!<\/p>","protected":false},"excerpt":{"rendered":"<p>Za\u0142\u00f3\u017c koron\u0119 i wkrocz do naszego olbrzymiego Zamku do Skakania! Wyj\u0105tkowy design i jaskrawe kolory przyci\u0105gn\u0105 uwag\u0119 ka\u017cdego ma\u0142ego rycerza i ksi\u0119\u017cniczki, a spr\u0119\u017cysta pod\u0142oga zapewni bezpieczne skoki i salta. To wspania\u0142a zabawa pod go\u0142ym niebem, kt\u00f3ra promuje aktywno\u015b\u0107 fizyczn\u0105 i stymuluje wyobra\u017ani\u0119.<\/p>","protected":false},"featured_media":0,"comment_status":"closed","ping_status":"closed","template":"","meta":{"_acf_changed":false},"product_brand":[],"product_cat":[76,75],"product_tag":[],"class_list":{"0":"post-264","1":"product","2":"type-product","3":"status-publish","5":"product_cat-atrakcje-dmuchane","6":"product_cat-dla-dzieci","8":"first","9":"instock","10":"shipping-taxable","11":"purchasable","12":"product-type-simple"},"acf":[],"yoast_head":"<!-- This site is optimized with the Yoast SEO plugin v27.5 - https:\/\/yoast.com\/product\/yoast-seo-wordpress\/ -->\n<title>Zamek dmuchany do skakania (du\u017cy) | Atrakcja na event dla dzieci<\/title>\n<meta name=\"robots\" content=\"index, follow, max-snippet:-1, max-image-preview:large, max-video-preview:-1\" \/>\n<link rel=\"canonical\" href=\"https:\/\/mistrzowieimprez.pl\/en\/product\/zamek-do-skakania-duzy\/\" \/>\n<meta property=\"og:locale\" content=\"en_GB\" \/>\n<meta property=\"og:type\" content=\"article\" \/>\n<meta property=\"og:title\" content=\"Zamek dmuchany do skakania (du\u017cy) | Atrakcja na event dla dzieci\" \/>\n<meta property=\"og:description\" content=\"Za\u0142\u00f3\u017c koron\u0119 i wkrocz do naszego olbrzymiego Zamku do Skakania! Wyj\u0105tkowy design i jaskrawe kolory przyci\u0105gn\u0105 uwag\u0119 ka\u017cdego ma\u0142ego rycerza i ksi\u0119\u017cniczki, a spr\u0119\u017cysta pod\u0142oga zapewni bezpieczne skoki i salta. To wspania\u0142a zabawa pod go\u0142ym niebem, kt\u00f3ra promuje aktywno\u015b\u0107 fizyczn\u0105 i stymuluje wyobra\u017ani\u0119.\" \/>\n<meta property=\"og:url\" content=\"https:\/\/mistrzowieimprez.pl\/en\/product\/zamek-do-skakania-duzy\/\" \/>\n<meta property=\"og:site_name\" content=\"Mistrzowie Imprez\" \/>\n<meta property=\"article:publisher\" content=\"https:\/\/www.facebook.com\/mistrzowieimprez\" \/>\n<meta property=\"article:modified_time\" content=\"2026-02-18T10:04:57+00:00\" \/>\n<meta name=\"twitter:card\" content=\"summary_large_image\" \/>\n<meta name=\"twitter:label1\" content=\"Estimated reading time\" \/>\n\t<meta name=\"twitter:data1\" content=\"1 minute\" \/>\n<script type=\"application\/ld+json\" class=\"yoast-schema-graph\">{\"@context\":\"https:\\\/\\\/schema.org\",\"@graph\":[{\"@type\":\"WebPage\",\"@id\":\"https:\\\/\\\/mistrzowieimprez.pl\\\/produkt\\\/zamek-do-skakania-duzy\\\/\",\"url\":\"https:\\\/\\\/mistrzowieimprez.pl\\\/produkt\\\/zamek-do-skakania-duzy\\\/\",\"name\":\"Zamek dmuchany do skakania (du\u017cy) | Atrakcja na event dla dzieci\",\"isPartOf\":{\"@id\":\"https:\\\/\\\/mistrzowieimprez.pl\\\/#website\"},\"datePublished\":\"2024-08-31T15:33:16+00:00\",\"dateModified\":\"2026-02-18T10:04:57+00:00\",\"breadcrumb\":{\"@id\":\"https:\\\/\\\/mistrzowieimprez.pl\\\/produkt\\\/zamek-do-skakania-duzy\\\/#breadcrumb\"},\"inLanguage\":\"en-GB\",\"potentialAction\":[{\"@type\":\"ReadAction\",\"target\":[\"https:\\\/\\\/mistrzowieimprez.pl\\\/produkt\\\/zamek-do-skakania-duzy\\\/\"]}]},{\"@type\":\"BreadcrumbList\",\"@id\":\"https:\\\/\\\/mistrzowieimprez.pl\\\/produkt\\\/zamek-do-skakania-duzy\\\/#breadcrumb\",\"itemListElement\":[{\"@type\":\"ListItem\",\"position\":1,\"name\":\"Strona g\u0142\u00f3wna\",\"item\":\"https:\\\/\\\/mistrzowieimprez.pl\\\/\"},{\"@type\":\"ListItem\",\"position\":2,\"name\":\"sklep\",\"item\":\"https:\\\/\\\/mistrzowieimprez.pl\\\/sklep\\\/\"},{\"@type\":\"ListItem\",\"position\":3,\"name\":\"Zamek do skakania (du\u017cy)\"}]},{\"@type\":\"WebSite\",\"@id\":\"https:\\\/\\\/mistrzowieimprez.pl\\\/#website\",\"url\":\"https:\\\/\\\/mistrzowieimprez.pl\\\/\",\"name\":\"Mistrzowie Imprez\",\"description\":\"Kompleksowa organizacja imprez\",\"publisher\":{\"@id\":\"https:\\\/\\\/mistrzowieimprez.pl\\\/#organization\"},\"potentialAction\":[{\"@type\":\"SearchAction\",\"target\":{\"@type\":\"EntryPoint\",\"urlTemplate\":\"https:\\\/\\\/mistrzowieimprez.pl\\\/?s={search_term_string}\"},\"query-input\":{\"@type\":\"PropertyValueSpecification\",\"valueRequired\":true,\"valueName\":\"search_term_string\"}}],\"inLanguage\":\"en-GB\"},{\"@type\":\"Organization\",\"@id\":\"https:\\\/\\\/mistrzowieimprez.pl\\\/#organization\",\"name\":\"Mistrzowie Imprez\",\"url\":\"https:\\\/\\\/mistrzowieimprez.pl\\\/\",\"logo\":{\"@type\":\"ImageObject\",\"inLanguage\":\"en-GB\",\"@id\":\"https:\\\/\\\/mistrzowieimprez.pl\\\/#\\\/schema\\\/logo\\\/image\\\/\",\"url\":\"https:\\\/\\\/mistrzowieimprez.pl\\\/wp-content\\\/uploads\\\/2024\\\/08\\\/mistrzowie_imprez_logo_ciemne-tlo@4x.png\",\"contentUrl\":\"https:\\\/\\\/mistrzowieimprez.pl\\\/wp-content\\\/uploads\\\/2024\\\/08\\\/mistrzowie_imprez_logo_ciemne-tlo@4x.png\",\"width\":1318,\"height\":351,\"caption\":\"Mistrzowie Imprez\"},\"image\":{\"@id\":\"https:\\\/\\\/mistrzowieimprez.pl\\\/#\\\/schema\\\/logo\\\/image\\\/\"},\"sameAs\":[\"https:\\\/\\\/www.facebook.com\\\/mistrzowieimprez\",\"https:\\\/\\\/www.instagram.com\\\/mistrzowieimprez\\\/\",\"https:\\\/\\\/www.youtube.com\\\/@ytmistrzowieimprez\"]}]}<\/script>\n<!-- \/ Yoast SEO plugin. -->","yoast_head_json":{"title":"Zamek dmuchany do skakania (du\u017cy) | Atrakcja na event dla dzieci","robots":{"index":"index","follow":"follow","max-snippet":"max-snippet:-1","max-image-preview":"max-image-preview:large","max-video-preview":"max-video-preview:-1"},"canonical":"https:\/\/mistrzowieimprez.pl\/en\/product\/zamek-do-skakania-duzy\/","og_locale":"en_GB","og_type":"article","og_title":"Zamek dmuchany do skakania (du\u017cy) | Atrakcja na event dla dzieci","og_description":"Za\u0142\u00f3\u017c koron\u0119 i wkrocz do naszego olbrzymiego Zamku do Skakania! Wyj\u0105tkowy design i jaskrawe kolory przyci\u0105gn\u0105 uwag\u0119 ka\u017cdego ma\u0142ego rycerza i ksi\u0119\u017cniczki, a spr\u0119\u017cysta pod\u0142oga zapewni bezpieczne skoki i salta. To wspania\u0142a zabawa pod go\u0142ym niebem, kt\u00f3ra promuje aktywno\u015b\u0107 fizyczn\u0105 i stymuluje wyobra\u017ani\u0119.","og_url":"https:\/\/mistrzowieimprez.pl\/en\/product\/zamek-do-skakania-duzy\/","og_site_name":"Mistrzowie Imprez","article_publisher":"https:\/\/www.facebook.com\/mistrzowieimprez","article_modified_time":"2026-02-18T10:04:57+00:00","twitter_card":"summary_large_image","twitter_misc":{"Estimated reading time":"1 minute"},"schema":{"@context":"https:\/\/schema.org","@graph":[{"@type":"WebPage","@id":"https:\/\/mistrzowieimprez.pl\/produkt\/zamek-do-skakania-duzy\/","url":"https:\/\/mistrzowieimprez.pl\/produkt\/zamek-do-skakania-duzy\/","name":"Zamek dmuchany do skakania (du\u017cy) | Atrakcja na event dla dzieci","isPartOf":{"@id":"https:\/\/mistrzowieimprez.pl\/#website"},"datePublished":"2024-08-31T15:33:16+00:00","dateModified":"2026-02-18T10:04:57+00:00","breadcrumb":{"@id":"https:\/\/mistrzowieimprez.pl\/produkt\/zamek-do-skakania-duzy\/#breadcrumb"},"inLanguage":"en-GB","potentialAction":[{"@type":"ReadAction","target":["https:\/\/mistrzowieimprez.pl\/produkt\/zamek-do-skakania-duzy\/"]}]},{"@type":"BreadcrumbList","@id":"https:\/\/mistrzowieimprez.pl\/produkt\/zamek-do-skakania-duzy\/#breadcrumb","itemListElement":[{"@type":"ListItem","position":1,"name":"Strona g\u0142\u00f3wna","item":"https:\/\/mistrzowieimprez.pl\/"},{"@type":"ListItem","position":2,"name":"sklep","item":"https:\/\/mistrzowieimprez.pl\/sklep\/"},{"@type":"ListItem","position":3,"name":"Zamek do skakania (du\u017cy)"}]},{"@type":"WebSite","@id":"https:\/\/mistrzowieimprez.pl\/#website","url":"https:\/\/mistrzowieimprez.pl\/","name":"Mistrzowie Imprez","description":"Kompleksowa organizacja imprez","publisher":{"@id":"https:\/\/mistrzowieimprez.pl\/#organization"},"potentialAction":[{"@type":"SearchAction","target":{"@type":"EntryPoint","urlTemplate":"https:\/\/mistrzowieimprez.pl\/?s={search_term_string}"},"query-input":{"@type":"PropertyValueSpecification","valueRequired":true,"valueName":"search_term_string"}}],"inLanguage":"en-GB"},{"@type":"Organization","@id":"https:\/\/mistrzowieimprez.pl\/#organization","name":"Mistrzowie Imprez","url":"https:\/\/mistrzowieimprez.pl\/","logo":{"@type":"ImageObject","inLanguage":"en-GB","@id":"https:\/\/mistrzowieimprez.pl\/#\/schema\/logo\/image\/","url":"https:\/\/mistrzowieimprez.pl\/wp-content\/uploads\/2024\/08\/mistrzowie_imprez_logo_ciemne-tlo@4x.png","contentUrl":"https:\/\/mistrzowieimprez.pl\/wp-content\/uploads\/2024\/08\/mistrzowie_imprez_logo_ciemne-tlo@4x.png","width":1318,"height":351,"caption":"Mistrzowie Imprez"},"image":{"@id":"https:\/\/mistrzowieimprez.pl\/#\/schema\/logo\/image\/"},"sameAs":["https:\/\/www.facebook.com\/mistrzowieimprez","https:\/\/www.instagram.com\/mistrzowieimprez\/","https:\/\/www.youtube.com\/@ytmistrzowieimprez"]}]}},"_links":{"self":[{"href":"https:\/\/mistrzowieimprez.pl\/en\/wp-json\/wp\/v2\/product\/264","targetHints":{"allow":["GET"]}}],"collection":[{"href":"https:\/\/mistrzowieimprez.pl\/en\/wp-json\/wp\/v2\/product"}],"about":[{"href":"https:\/\/mistrzowieimprez.pl\/en\/wp-json\/wp\/v2\/types\/product"}],"replies":[{"embeddable":true,"href":"https:\/\/mistrzowieimprez.pl\/en\/wp-json\/wp\/v2\/comments?post=264"}],"version-history":[{"count":1,"href":"https:\/\/mistrzowieimprez.pl\/en\/wp-json\/wp\/v2\/product\/264\/revisions"}],"predecessor-version":[{"id":3447,"href":"https:\/\/mistrzowieimprez.pl\/en\/wp-json\/wp\/v2\/product\/264\/revisions\/3447"}],"wp:attachment":[{"href":"https:\/\/mistrzowieimprez.pl\/en\/wp-json\/wp\/v2\/media?parent=264"}],"wp:term":[{"taxonomy":"product_brand","embeddable":true,"href":"https:\/\/mistrzowieimprez.pl\/en\/wp-json\/wp\/v2\/product_brand?post=264"},{"taxonomy":"product_cat","embeddable":true,"href":"https:\/\/mistrzowieimprez.pl\/en\/wp-json\/wp\/v2\/product_cat?post=264"},{"taxonomy":"product_tag","embeddable":true,"href":"https:\/\/mistrzowieimprez.pl\/en\/wp-json\/wp\/v2\/product_tag?post=264"}],"curies":[{"name":"wp","href":"https:\/\/api.w.org\/{rel}","templated":true}]}}