{"id":258,"date":"2024-08-31T15:33:12","date_gmt":"2024-08-31T15:33:12","guid":{"rendered":"http:\/\/Alek"},"modified":"2026-02-18T10:00:11","modified_gmt":"2026-02-18T10:00:11","slug":"monster-truck-dodge-ram-1500","status":"publish","type":"product","link":"https:\/\/mistrzowieimprez.pl\/en\/product\/monster-truck-dodge-ram-1500\/","title":{"rendered":"Monster Truck Dodge RAM 1500"},"content":{"rendered":"<h2><span id=\"Czym_jest_Monster_Truck\" class=\"ez-toc-section\">Czym jest Monster Truck?<\/span><\/h2>\n<p><em>Monster truck<\/em>\u00a0\u2013 samoch\u00f3d przypominaj\u0105cy pick-up, jednak du\u017co wi\u0119kszy. Powsta\u0142y po przebudowaniu z innego pick-upa b\u0105d\u017a zbudowany specjalnie od podstaw. Posiada wysokie zawieszenie i bardzo du\u017ce ko\u0142a, zdecydowanie wi\u0119ksze ni\u017c w klasycznych samochodach. Wykorzystywany do pokaz\u00f3w i wy\u015bcig\u00f3w, z regu\u0142y polegaj\u0105cych na niszczeniu zwyk\u0142ych samochod\u00f3w osobowych. Dynamiczny podzia\u0142 nap\u0119du na poszczeg\u00f3lne osie gwarantuje im \u015bwietne mo\u017cliwo\u015bci jazdy w terenie.<\/p>\n<p>Jednym z najwa\u017cniejszych element\u00f3w konstrukcyjnych\u00a0<a href=\"https:\/\/www.mistrzowieimprez.pl\/produkt\/monster-truck\/\">monster truck\u00f3w<\/a>\u00a0jest zawieszenie. Musi ono przenosi\u0107 zar\u00f3wno pot\u0119\u017cne obci\u0105\u017cenia powstaj\u0105ce z warunk\u00f3w konstrukcyjnych pojazdu jak r\u00f3wnie\u017c obci\u0105\u017cenia wytworzone podczas pokaz\u00f3w, szczeg\u00f3lnie podczas skok\u00f3w.<\/p>\n<blockquote><p>Cz\u0119sto zdarza si\u0119, \u017ce zawieszenie nie wytrzymuje nacisku si\u0142 i ulega uszkodzeniu b\u0105d\u017a ca\u0142kowitemu zniszczeniu.<\/p><\/blockquote>\n<p>Pokazy monster truck\u00f3w nios\u0105 ze sob\u0105 du\u017ce ryzyko dla ich kierowc\u00f3w. Dlatego, podobnie jak w samochodach wy\u015bcigowych, montuje si\u0119 pod poszyciem karoserii klatk\u0119 bezpiecze\u0144stwa, kt\u00f3rej konstrukcja jest zorientowana na zapewnienie siedz\u0105cemu wewn\u0105trz cz\u0142owiekowi ochrony w razie wywrotki b\u0105d\u017a kraksy, ograniczaj\u0105c mo\u017cliwo\u015b\u0107 zmia\u017cd\u017cenia kabiny kierowcy.<\/p>\n<h2><span id=\"Troche_historii_Monster_Truckow\" class=\"ez-toc-section\">Troch\u0119 historii Monster Truck\u00f3w<\/span><\/h2>\n<p>Historia monster truck\u00f3w si\u0119ga lat 70. Do pierwszych maszyn tego typu jeszcze wr\u00f3cimy przy opisie\u00a0<strong>Bigfoota<\/strong>. Pokazy, a nast\u0119pnie zawody pojazd\u00f3w na wielkich ko\u0142ach, zacz\u0119\u0142y by\u0107 organizowane w latach 80. Najpierw tego typu wydarzenia polega\u0142y g\u0142\u00f3wnie na rozgniataniu samochod\u00f3w. P\u00f3\u017aniej upowszechni\u0142y si\u0119 pr\u00f3by czasowe i wy\u015bcigi pomi\u0119dzy monster truckami. Popularno\u015b\u0107 imprez ros\u0142a, a auta stawa\u0142y si\u0119 coraz mocniejsze. W 1987 r. zawodnicy za\u0142o\u017cyli Monster Truck Racing Association.<\/p>\n<p>Zaniepokojeni rosn\u0105cym poziomem niebezpiecze\u0144stwa zwi\u0105zanym z zawodami (tak dla kierowc\u00f3w, jak i dla publiczno\u015bci) stworzyli regu\u0142y okre\u015blaj\u0105ce m.in. jak powinien by\u0107 zbudowany\u00a0<a href=\"https:\/\/www.mistrzowieimprez.pl\/monster-truck-prezent\/\"><strong>monster truck prezent<\/strong><\/a>. Wprowadzono m.in. certyfikaty dla kierowc\u00f3w oraz obowi\u0105zek monta\u017cu zdalnego wy\u0142\u0105cznika zap\u0142onu. Rozpocz\u0119to okresowe kontrole maszyn pod k\u0105tem bezpiecze\u0144stwa. Ze zbioru regu\u0142 szybko zacz\u0119li korzysta\u0107 promotorzy poszczeg\u00f3lnych imprez.<\/p>\n<h2><span id=\"Pierwszy_Monster_Bigfoot\" class=\"ez-toc-section\">Pierwszy Monster \u2013 Bigfoot!<\/span><\/h2>\n<p><em>Bigfoot<\/em>\u00a0jest uznawany za pierwszego\u00a0<a href=\"https:\/\/www.mistrzowieimprez.pl\/produkt\/monster-truck\/\">monster trucka<\/a>\u00a0i z tego powodu po\u015bwi\u0119cimy mu troch\u0119 uwagi. Jego tw\u00f3rc\u0105 by\u0142 Bob Chandler. Do dzi\u015b zbudowano ponad 20 samochod\u00f3w nosz\u0105cych nazw\u0119\u00a0<strong>Bigfoot<\/strong>. Nie wszystkie bra\u0142y udzia\u0142 w zawodach. Cze\u015b\u0107 z nich to egzemplarze pokazowe. Powsta\u0142a tak\u017ce m.in. odmiana elektryczna.<\/p>\n<p>Co do Chandlera, w 1974 r. wr\u00f3ci\u0142 do Saint Louis, w kt\u00f3rym sp\u0119dzi\u0142 dzieci\u0144stwo. Kupi\u0142 nowego Forda F-250. Jako mi\u0142o\u015bnik off-roadu zacz\u0105\u0142 tak modyfikowa\u0107 pick-upa, aby by\u0142 on wytrzymalszy, mia\u0142 lepsze mo\u017cliwo\u015bci przewozowe i by\u0142 dzielniejszy w terenie. Chandler by\u0142 rozczarowany tym, ze w Saint Louis i jego okolicach brakuje sklep\u00f3w z cz\u0119\u015bciami do samochod\u00f3w 4\u00d74. Wraz z \u017con\u0105 i jednym z przyjaci\u00f3\u0142 za\u0142o\u017cy\u0142 wi\u0119c w\u0142asny. Postanowi\u0142 dalej usprawnia\u0107\u00a0<strong>Forda \u2013 Monstera<\/strong>. Mia\u0142 on by\u0107 dowodem na to, \u017ce oferowane przez niego podzespo\u0142y s\u0105 dobrej jako\u015bci. Auto sta\u0142o si\u0119 wizyt\u00f3wk\u0105 firmy. Pick-up mia\u0142 coraz wi\u0119kszy prze\u015bwit i coraz wi\u0119ksze ko\u0142a, a Chandler pokazuj\u0105c jego mo\u017cliwo\u015bci cz\u0119sto wciska\u0142 gaz do pod\u0142ogi.<\/p>\n<p><img fetchpriority=\"high\" decoding=\"async\" class=\"wp-image-3099 aligncenter lazyloaded\" src=\"https:\/\/www.mistrzowieimprez.pl\/wp-content\/uploads\/2018\/12\/big-1024x702.jpg\" srcset=\"https:\/\/www.mistrzowieimprez.pl\/wp-content\/uploads\/2018\/12\/big-1024x702.jpg 1024w, https:\/\/www.mistrzowieimprez.pl\/wp-content\/uploads\/2018\/12\/big-300x206.jpg 300w, https:\/\/www.mistrzowieimprez.pl\/wp-content\/uploads\/2018\/12\/big-768x527.jpg 768w, https:\/\/www.mistrzowieimprez.pl\/wp-content\/uploads\/2018\/12\/big-1080x741.jpg 1080w, https:\/\/www.mistrzowieimprez.pl\/wp-content\/uploads\/2018\/12\/big-400x274.jpg 400w, https:\/\/www.mistrzowieimprez.pl\/wp-content\/uploads\/2018\/12\/big.jpg 1200w\" alt=\"monster truck, bigfoot\" width=\"656\" height=\"450\" data-lazy-src=\"https:\/\/www.mistrzowieimprez.pl\/wp-content\/uploads\/2018\/12\/big-1024x702.jpg\" data-lazy-srcset=\"https:\/\/www.mistrzowieimprez.pl\/wp-content\/uploads\/2018\/12\/big-1024x702.jpg 1024w, https:\/\/www.mistrzowieimprez.pl\/wp-content\/uploads\/2018\/12\/big-300x206.jpg 300w, https:\/\/www.mistrzowieimprez.pl\/wp-content\/uploads\/2018\/12\/big-768x527.jpg 768w, https:\/\/www.mistrzowieimprez.pl\/wp-content\/uploads\/2018\/12\/big-1080x741.jpg 1080w, https:\/\/www.mistrzowieimprez.pl\/wp-content\/uploads\/2018\/12\/big-400x274.jpg 400w, https:\/\/www.mistrzowieimprez.pl\/wp-content\/uploads\/2018\/12\/big.jpg 1200w\" data-lazy-sizes=\"(max-width: 656px) 100vw, 656px\" data-was-processed=\"true\" \/><\/p>\n<p>Z powodu ci\u0119\u017ckiej prawej nogi jeden z klient\u00f3w nazwa\u0142 go kiedy\u015b \u201cwielk\u0105 stop\u0105\u201d. Przydomek\u00a0<em>\u201cBigfoot\u201d<\/em>\u00a0przylgn\u0105\u0142 do Chandlera, a wkr\u00f3tce r\u00f3wnie\u017c do jego F-250. Pod koniec lat 70. Bigfoot mia\u0142 ju\u017c 48-calowe opony, a pod mask\u0105 silnik V8 o pojemno\u015bci 7,5 l. W 1979 r. Chandler wzi\u0105\u0142 udzia\u0142 w pierwszej p\u0142atnej imprezie. Popularno\u015b\u0107 pojazdu ros\u0142a.<\/p>","protected":false},"excerpt":{"rendered":"<p>Monstrualne prze\u017cycia w zasi\u0119gu r\u0119ki! Sprawd\u017a, jak poradzisz sobie za kierownic\u0105 niepowtarzalnego, zapieraj\u0105cego dech w piersiach Monster Trucka! Oferujemy nauk\u0119 jazdy na naszym specjalnym torze, jak r\u00f3wnie\u017c kompleksowy wynajem na potrzeby event marketingowe. Jazda po ci\u0119\u017ckim terenie i po dachach samochod\u00f3w nie stanowi \u017cadnej trudno\u015bci dla naszego \u201eMaluszka\u201d!<\/p>","protected":false},"featured_media":259,"comment_status":"closed","ping_status":"closed","template":"","meta":{"_acf_changed":false},"product_brand":[],"product_cat":[80,81,99],"product_tag":[],"class_list":{"0":"post-258","1":"product","2":"type-product","3":"status-publish","4":"has-post-thumbnail","6":"product_cat-dla-mlodziezy-i-doroslych","7":"product_cat-atrakcje-motoryzacyjne","8":"product_cat-polecane","10":"first","11":"instock","12":"shipping-taxable","13":"purchasable","14":"product-type-simple"},"acf":[],"yoast_head":"<!-- This site is optimized with the Yoast SEO plugin v27.2 - https:\/\/yoast.com\/product\/yoast-seo-wordpress\/ -->\n<title>Jazda monster truckiem | Przeja\u017cd\u017cka Dodge RAM na event | Przejazd Monster Truckiem na prezent od Mistrz\u00f3w Imprez<\/title>\n<meta name=\"robots\" content=\"index, follow, max-snippet:-1, max-image-preview:large, max-video-preview:-1\" \/>\n<link rel=\"canonical\" href=\"https:\/\/mistrzowieimprez.pl\/en\/product\/monster-truck-dodge-ram-1500\/\" \/>\n<meta property=\"og:locale\" content=\"en_GB\" \/>\n<meta property=\"og:type\" content=\"article\" \/>\n<meta property=\"og:title\" content=\"Jazda monster truckiem | Przeja\u017cd\u017cka Dodge RAM na event | Przejazd Monster Truckiem na prezent od Mistrz\u00f3w Imprez\" \/>\n<meta property=\"og:description\" content=\"Monstrualne prze\u017cycia w zasi\u0119gu r\u0119ki! Sprawd\u017a, jak poradzisz sobie za kierownic\u0105 niepowtarzalnego, zapieraj\u0105cego dech w piersiach Monster Trucka! Oferujemy nauk\u0119 jazdy na naszym specjalnym torze, jak r\u00f3wnie\u017c kompleksowy wynajem na potrzeby event marketingowe. Jazda po ci\u0119\u017ckim terenie i po dachach samochod\u00f3w nie stanowi \u017cadnej trudno\u015bci dla naszego \u201eMaluszka\u201d!\" \/>\n<meta property=\"og:url\" content=\"https:\/\/mistrzowieimprez.pl\/en\/product\/monster-truck-dodge-ram-1500\/\" \/>\n<meta property=\"og:site_name\" content=\"Mistrzowie Imprez\" \/>\n<meta property=\"article:publisher\" content=\"https:\/\/www.facebook.com\/mistrzowieimprez\" \/>\n<meta property=\"article:modified_time\" content=\"2026-02-18T10:00:11+00:00\" \/>\n<meta property=\"og:image\" content=\"https:\/\/mistrzowieimprez.pl\/wp-content\/uploads\/2024\/02\/PANALPINA-24_25.8.2018-0770-Medium.jpg\" \/>\n\t<meta property=\"og:image:width\" content=\"1152\" \/>\n\t<meta property=\"og:image:height\" content=\"768\" \/>\n\t<meta property=\"og:image:type\" content=\"image\/jpeg\" \/>\n<meta name=\"twitter:card\" content=\"summary_large_image\" \/>\n<meta name=\"twitter:label1\" content=\"Estimated reading time\" \/>\n\t<meta name=\"twitter:data1\" content=\"4 minutes\" \/>\n<script type=\"application\/ld+json\" class=\"yoast-schema-graph\">{\"@context\":\"https:\/\/schema.org\",\"@graph\":[{\"@type\":\"WebPage\",\"@id\":\"https:\/\/mistrzowieimprez.pl\/produkt\/monster-truck-dodge-ram-1500\/\",\"url\":\"https:\/\/mistrzowieimprez.pl\/produkt\/monster-truck-dodge-ram-1500\/\",\"name\":\"Jazda monster truckiem | Przeja\u017cd\u017cka Dodge RAM na event | Przejazd Monster Truckiem na prezent od Mistrz\u00f3w Imprez\",\"isPartOf\":{\"@id\":\"https:\/\/mistrzowieimprez.pl\/#website\"},\"primaryImageOfPage\":{\"@id\":\"https:\/\/mistrzowieimprez.pl\/produkt\/monster-truck-dodge-ram-1500\/#primaryimage\"},\"image\":{\"@id\":\"https:\/\/mistrzowieimprez.pl\/produkt\/monster-truck-dodge-ram-1500\/#primaryimage\"},\"thumbnailUrl\":\"https:\/\/mistrzowieimprez.pl\/wp-content\/uploads\/2024\/02\/PANALPINA-24_25.8.2018-0770-Medium.jpg\",\"datePublished\":\"2024-08-31T15:33:12+00:00\",\"dateModified\":\"2026-02-18T10:00:11+00:00\",\"breadcrumb\":{\"@id\":\"https:\/\/mistrzowieimprez.pl\/produkt\/monster-truck-dodge-ram-1500\/#breadcrumb\"},\"inLanguage\":\"en-GB\",\"potentialAction\":[{\"@type\":\"ReadAction\",\"target\":[\"https:\/\/mistrzowieimprez.pl\/produkt\/monster-truck-dodge-ram-1500\/\"]}]},{\"@type\":\"ImageObject\",\"inLanguage\":\"en-GB\",\"@id\":\"https:\/\/mistrzowieimprez.pl\/produkt\/monster-truck-dodge-ram-1500\/#primaryimage\",\"url\":\"https:\/\/mistrzowieimprez.pl\/wp-content\/uploads\/2024\/02\/PANALPINA-24_25.8.2018-0770-Medium.jpg\",\"contentUrl\":\"https:\/\/mistrzowieimprez.pl\/wp-content\/uploads\/2024\/02\/PANALPINA-24_25.8.2018-0770-Medium.jpg\",\"width\":1152,\"height\":768,\"caption\":\"Na zdj\u0119ciu znajduje si\u0119 czerwony monster truck z ogromnymi ko\u0142ami, stoj\u0105cy na trawie.\"},{\"@type\":\"BreadcrumbList\",\"@id\":\"https:\/\/mistrzowieimprez.pl\/produkt\/monster-truck-dodge-ram-1500\/#breadcrumb\",\"itemListElement\":[{\"@type\":\"ListItem\",\"position\":1,\"name\":\"Strona g\u0142\u00f3wna\",\"item\":\"https:\/\/mistrzowieimprez.pl\/\"},{\"@type\":\"ListItem\",\"position\":2,\"name\":\"sklep\",\"item\":\"https:\/\/mistrzowieimprez.pl\/sklep\/\"},{\"@type\":\"ListItem\",\"position\":3,\"name\":\"Monster Truck Dodge RAM 1500\"}]},{\"@type\":\"WebSite\",\"@id\":\"https:\/\/mistrzowieimprez.pl\/#website\",\"url\":\"https:\/\/mistrzowieimprez.pl\/\",\"name\":\"Mistrzowie Imprez\",\"description\":\"Kompleksowa organizacja imprez\",\"publisher\":{\"@id\":\"https:\/\/mistrzowieimprez.pl\/#organization\"},\"potentialAction\":[{\"@type\":\"SearchAction\",\"target\":{\"@type\":\"EntryPoint\",\"urlTemplate\":\"https:\/\/mistrzowieimprez.pl\/?s={search_term_string}\"},\"query-input\":{\"@type\":\"PropertyValueSpecification\",\"valueRequired\":true,\"valueName\":\"search_term_string\"}}],\"inLanguage\":\"en-GB\"},{\"@type\":\"Organization\",\"@id\":\"https:\/\/mistrzowieimprez.pl\/#organization\",\"name\":\"Mistrzowie Imprez\",\"url\":\"https:\/\/mistrzowieimprez.pl\/\",\"logo\":{\"@type\":\"ImageObject\",\"inLanguage\":\"en-GB\",\"@id\":\"https:\/\/mistrzowieimprez.pl\/#\/schema\/logo\/image\/\",\"url\":\"https:\/\/mistrzowieimprez.pl\/wp-content\/uploads\/2024\/08\/mistrzowie_imprez_logo_ciemne-tlo@4x.png\",\"contentUrl\":\"https:\/\/mistrzowieimprez.pl\/wp-content\/uploads\/2024\/08\/mistrzowie_imprez_logo_ciemne-tlo@4x.png\",\"width\":1318,\"height\":351,\"caption\":\"Mistrzowie Imprez\"},\"image\":{\"@id\":\"https:\/\/mistrzowieimprez.pl\/#\/schema\/logo\/image\/\"},\"sameAs\":[\"https:\/\/www.facebook.com\/mistrzowieimprez\",\"https:\/\/www.instagram.com\/mistrzowieimprez\/\",\"https:\/\/www.youtube.com\/@ytmistrzowieimprez\"]}]}<\/script>\n<!-- \/ Yoast SEO plugin. -->","yoast_head_json":{"title":"Jazda monster truckiem | Przeja\u017cd\u017cka Dodge RAM na event | Przejazd Monster Truckiem na prezent od Mistrz\u00f3w Imprez","robots":{"index":"index","follow":"follow","max-snippet":"max-snippet:-1","max-image-preview":"max-image-preview:large","max-video-preview":"max-video-preview:-1"},"canonical":"https:\/\/mistrzowieimprez.pl\/en\/product\/monster-truck-dodge-ram-1500\/","og_locale":"en_GB","og_type":"article","og_title":"Jazda monster truckiem | Przeja\u017cd\u017cka Dodge RAM na event | Przejazd Monster Truckiem na prezent od Mistrz\u00f3w Imprez","og_description":"Monstrualne prze\u017cycia w zasi\u0119gu r\u0119ki! Sprawd\u017a, jak poradzisz sobie za kierownic\u0105 niepowtarzalnego, zapieraj\u0105cego dech w piersiach Monster Trucka! Oferujemy nauk\u0119 jazdy na naszym specjalnym torze, jak r\u00f3wnie\u017c kompleksowy wynajem na potrzeby event marketingowe. Jazda po ci\u0119\u017ckim terenie i po dachach samochod\u00f3w nie stanowi \u017cadnej trudno\u015bci dla naszego \u201eMaluszka\u201d!","og_url":"https:\/\/mistrzowieimprez.pl\/en\/product\/monster-truck-dodge-ram-1500\/","og_site_name":"Mistrzowie Imprez","article_publisher":"https:\/\/www.facebook.com\/mistrzowieimprez","article_modified_time":"2026-02-18T10:00:11+00:00","og_image":[{"width":1152,"height":768,"url":"https:\/\/mistrzowieimprez.pl\/wp-content\/uploads\/2024\/02\/PANALPINA-24_25.8.2018-0770-Medium.jpg","type":"image\/jpeg"}],"twitter_card":"summary_large_image","twitter_misc":{"Estimated reading time":"4 minutes"},"schema":{"@context":"https:\/\/schema.org","@graph":[{"@type":"WebPage","@id":"https:\/\/mistrzowieimprez.pl\/produkt\/monster-truck-dodge-ram-1500\/","url":"https:\/\/mistrzowieimprez.pl\/produkt\/monster-truck-dodge-ram-1500\/","name":"Jazda monster truckiem | Przeja\u017cd\u017cka Dodge RAM na event | Przejazd Monster Truckiem na prezent od Mistrz\u00f3w Imprez","isPartOf":{"@id":"https:\/\/mistrzowieimprez.pl\/#website"},"primaryImageOfPage":{"@id":"https:\/\/mistrzowieimprez.pl\/produkt\/monster-truck-dodge-ram-1500\/#primaryimage"},"image":{"@id":"https:\/\/mistrzowieimprez.pl\/produkt\/monster-truck-dodge-ram-1500\/#primaryimage"},"thumbnailUrl":"https:\/\/mistrzowieimprez.pl\/wp-content\/uploads\/2024\/02\/PANALPINA-24_25.8.2018-0770-Medium.jpg","datePublished":"2024-08-31T15:33:12+00:00","dateModified":"2026-02-18T10:00:11+00:00","breadcrumb":{"@id":"https:\/\/mistrzowieimprez.pl\/produkt\/monster-truck-dodge-ram-1500\/#breadcrumb"},"inLanguage":"en-GB","potentialAction":[{"@type":"ReadAction","target":["https:\/\/mistrzowieimprez.pl\/produkt\/monster-truck-dodge-ram-1500\/"]}]},{"@type":"ImageObject","inLanguage":"en-GB","@id":"https:\/\/mistrzowieimprez.pl\/produkt\/monster-truck-dodge-ram-1500\/#primaryimage","url":"https:\/\/mistrzowieimprez.pl\/wp-content\/uploads\/2024\/02\/PANALPINA-24_25.8.2018-0770-Medium.jpg","contentUrl":"https:\/\/mistrzowieimprez.pl\/wp-content\/uploads\/2024\/02\/PANALPINA-24_25.8.2018-0770-Medium.jpg","width":1152,"height":768,"caption":"Na zdj\u0119ciu znajduje si\u0119 czerwony monster truck z ogromnymi ko\u0142ami, stoj\u0105cy na trawie."},{"@type":"BreadcrumbList","@id":"https:\/\/mistrzowieimprez.pl\/produkt\/monster-truck-dodge-ram-1500\/#breadcrumb","itemListElement":[{"@type":"ListItem","position":1,"name":"Strona g\u0142\u00f3wna","item":"https:\/\/mistrzowieimprez.pl\/"},{"@type":"ListItem","position":2,"name":"sklep","item":"https:\/\/mistrzowieimprez.pl\/sklep\/"},{"@type":"ListItem","position":3,"name":"Monster Truck Dodge RAM 1500"}]},{"@type":"WebSite","@id":"https:\/\/mistrzowieimprez.pl\/#website","url":"https:\/\/mistrzowieimprez.pl\/","name":"Mistrzowie Imprez","description":"Kompleksowa organizacja imprez","publisher":{"@id":"https:\/\/mistrzowieimprez.pl\/#organization"},"potentialAction":[{"@type":"SearchAction","target":{"@type":"EntryPoint","urlTemplate":"https:\/\/mistrzowieimprez.pl\/?s={search_term_string}"},"query-input":{"@type":"PropertyValueSpecification","valueRequired":true,"valueName":"search_term_string"}}],"inLanguage":"en-GB"},{"@type":"Organization","@id":"https:\/\/mistrzowieimprez.pl\/#organization","name":"Mistrzowie Imprez","url":"https:\/\/mistrzowieimprez.pl\/","logo":{"@type":"ImageObject","inLanguage":"en-GB","@id":"https:\/\/mistrzowieimprez.pl\/#\/schema\/logo\/image\/","url":"https:\/\/mistrzowieimprez.pl\/wp-content\/uploads\/2024\/08\/mistrzowie_imprez_logo_ciemne-tlo@4x.png","contentUrl":"https:\/\/mistrzowieimprez.pl\/wp-content\/uploads\/2024\/08\/mistrzowie_imprez_logo_ciemne-tlo@4x.png","width":1318,"height":351,"caption":"Mistrzowie Imprez"},"image":{"@id":"https:\/\/mistrzowieimprez.pl\/#\/schema\/logo\/image\/"},"sameAs":["https:\/\/www.facebook.com\/mistrzowieimprez","https:\/\/www.instagram.com\/mistrzowieimprez\/","https:\/\/www.youtube.com\/@ytmistrzowieimprez"]}]}},"_links":{"self":[{"href":"https:\/\/mistrzowieimprez.pl\/en\/wp-json\/wp\/v2\/product\/258","targetHints":{"allow":["GET"]}}],"collection":[{"href":"https:\/\/mistrzowieimprez.pl\/en\/wp-json\/wp\/v2\/product"}],"about":[{"href":"https:\/\/mistrzowieimprez.pl\/en\/wp-json\/wp\/v2\/types\/product"}],"replies":[{"embeddable":true,"href":"https:\/\/mistrzowieimprez.pl\/en\/wp-json\/wp\/v2\/comments?post=258"}],"version-history":[{"count":1,"href":"https:\/\/mistrzowieimprez.pl\/en\/wp-json\/wp\/v2\/product\/258\/revisions"}],"predecessor-version":[{"id":3444,"href":"https:\/\/mistrzowieimprez.pl\/en\/wp-json\/wp\/v2\/product\/258\/revisions\/3444"}],"wp:featuredmedia":[{"embeddable":true,"href":"https:\/\/mistrzowieimprez.pl\/en\/wp-json\/wp\/v2\/media\/259"}],"wp:attachment":[{"href":"https:\/\/mistrzowieimprez.pl\/en\/wp-json\/wp\/v2\/media?parent=258"}],"wp:term":[{"taxonomy":"product_brand","embeddable":true,"href":"https:\/\/mistrzowieimprez.pl\/en\/wp-json\/wp\/v2\/product_brand?post=258"},{"taxonomy":"product_cat","embeddable":true,"href":"https:\/\/mistrzowieimprez.pl\/en\/wp-json\/wp\/v2\/product_cat?post=258"},{"taxonomy":"product_tag","embeddable":true,"href":"https:\/\/mistrzowieimprez.pl\/en\/wp-json\/wp\/v2\/product_tag?post=258"}],"curies":[{"name":"wp","href":"https:\/\/api.w.org\/{rel}","templated":true}]}}