{"id":256,"date":"2024-08-31T15:33:10","date_gmt":"2024-08-31T15:33:10","guid":{"rendered":"http:\/\/Alek"},"modified":"2026-02-18T09:54:30","modified_gmt":"2026-02-18T09:54:30","slug":"aerotunel","status":"publish","type":"product","link":"https:\/\/mistrzowieimprez.pl\/en\/product\/aerotunel\/","title":{"rendered":"Aerotunel"},"content":{"rendered":"<p>Unie\u015b\u0107 si\u0119 w przestworza mo\u017cemy za po\u015brednictwem r\u00f3\u017cnych sportowych akcesori\u00f3w, jak paralotnia czy spadochron. Niekt\u00f3rzy lataj\u0105 te\u017c bez ekwipunku, za to w specjalnym stroju, uprawiaj\u0105c spektakularn\u0105 dyscyplin\u0119 okre\u015blan\u0105 mianem wingsuitingu. W przypadku ka\u017cdej z tych aktywno\u015bci konieczne jest jednak uprzednie wzniesienie si\u0119 na odpowiedni\u0105 wysoko\u015b\u0107 \u2013 czy to za po\u015brednictwem samolotu, czy te\u017c poprzez wspinaczk\u0119. A gdyby tak mo\u017cna by\u0142o po prostu wznie\u015b\u0107 si\u0119 w powietrze, tak naturalnie, jak robi\u0105 to ptaki? To mo\u017cliwe \u2013 wystarczy zafundowa\u0107 sobie atrakcj\u0119, jak\u0105 jest\u00a0<b>lot w tunelu aerodynamicznym<\/b>.<\/p>\n<h2>Aerotunel \u2013 jak dzia\u0142a?<\/h2>\n<p><b>Aerotunel<\/b>\u00a0to atrakcja, kt\u00f3ra umo\u017cliwia wzniesienie si\u0119 w powietrze w obiegu zamkni\u0119tym za po\u015brednictwem prostego mechanizmu fizycznego. Wszystko dzi\u0119ki temu, \u017ce wyposa\u017cony jest w turbiny, produkuj\u0105ce jednorodny strumie\u0144 powietrza, kt\u00f3ry w wyniku odpowiedniego ukierunkowania tworzy zwart\u0105 strug\u0119 powietrza. To ona utrzymuje znajduj\u0105cy si\u0119 wewn\u0105trz tunelu obiekt nad ziemi\u0105, sprawiaj\u0105c, \u017ce lewituje.<\/p>\n<p><b>Tunele aerodynamiczne<\/b>\u00a0wykorzystywane s\u0105 mi\u0119dzy innymi przez NASA w charakterze narz\u0119dzia do testowania nowych sprz\u0119t\u00f3w. W pierwotnym zamy\u015ble jest to urz\u0105dzenie badawcze, kt\u00f3re umo\u017cliwia mierzenie si\u0142 i badanie przep\u0142yw\u00f3w wok\u00f3\u0142 umieszczonego wewn\u0105trz obiektu.\u00a0<b>Aerotunele<\/b>\u00a0zacz\u0119to r\u00f3wnie\u017c wykorzystywa\u0107 jako wsparcie treningowe dla skoczk\u00f3w spadochronowych. Dzi\u0119ki nim mog\u0105 w bezpiecznych warunkach \u0107wiczy\u0107 koordynacj\u0119 ruchow\u0105 i nabra\u0107 pewno\u015bci siebie przed w\u0142a\u015bciwym skokiem.<\/p>\n<h2>Lot w tunelu aerodynamicznym jako atrakcja<\/h2>\n<p><b>Tunel aerodynamiczny<\/b>\u00a0znalaz\u0142 swoje zastosowanie r\u00f3wnie\u017c poza sfer\u0105 naukow\u0105 i treningow\u0105, z urz\u0105dzenia do\u015bwiadczalnego zamieniaj\u0105c si\u0119 w \u015bwietny spos\u00f3b na rozrywk\u0119. Tunele tego typu jeszcze do niedawna by\u0142y dost\u0119pne tylko w okre\u015blonych miejscach, jak cho\u0107by parki rozrywki. Dzi\u015b jednak mo\u017cna wynaj\u0105\u0107 je do w\u0142asnego u\u017cytku, wykorzystuj\u0105c jako atrakcj\u0119 podczas imprez okoliczno\u015bciowych czy przy innych okazjach, jak cho\u0107by wyjazdy integracyjne. Tak\u0105 w\u0142a\u015bnie us\u0142ug\u0119 oferuje firma Mistrzowie Imprez, funkcjonuj\u0105ca na polskim rynku od 1998 roku. Popularyzuje ona loty aerodynamiczne jako atrakcj\u0119, oferuj\u0105c mo\u017cliwo\u015b\u0107 wynajmu tunelu przy r\u00f3\u017cnych okazjach. Lot mo\u017cna odby\u0107 r\u00f3wnie\u017c w siedzibie firmy. Mo\u017cna wybra\u0107 loty o r\u00f3\u017cnej d\u0142ugo\u015bci, od kr\u00f3tkich, trzyminutowych sesji po kilkunastominutowe.<\/p>\n<h2>Lot w tunelu aerodynamicznym \u2013 czy jest bezpieczny?<\/h2>\n<p>Wynaj\u0119cie<b>\u00a0tunelu aerodynamicznego<\/b>\u00a0to \u015bwietny spos\u00f3b na urozmaicenie czasu uczestnikom wydarzenia. Aby uczestniczy\u0107 w takim locie, nie potrzeba uprzedniej nauki. Wystarczy, \u017ce rozlu\u017anisz si\u0119 i b\u0119dziesz post\u0119powa\u0107 zgodnie ze wskaz\u00f3wkami instruktora, kt\u00f3ry podpowie ci, jak\u0105 postaw\u0119 najlepiej przyj\u0105\u0107. Lot jest ca\u0142kowicie bezpieczny, jednak wymaga na\u0142o\u017cenia odpowiedniego kombinezonu oraz kasku. Dzi\u0119ki tym mo\u017cna zapobiec ewentualnym obra\u017ceniom.<\/p>","protected":false},"excerpt":{"rendered":"<div class=\"panel-title\">\n<p class=\"mniej\"><strong>Mobilny Tunel Aerodynamiczny<\/strong>\u00a0\u2013 symulator lot\u00f3w, kt\u00f3ry pozwala ludziom poczu\u0107 si\u0119 wolnym, gwarantuj\u0105c przy tym wysoki poziom bezpiecze\u0144stwa!<\/p>\n<\/div>\n<div class=\"owl-carousel owl-theme owl-loaded owl-text-select-on\">\n<div class=\"owl-stage-outer\">\n<div class=\"owl-stage\">\n<div class=\"owl-item\">\n<div>Zasada dzia\u0142ania symulatora lot\u00f3w polega na wytworzeniu pionowego strumienia powietrza w kszta\u0142cie kolumny, kt\u00f3ry nakierowany jest ku g\u00f3rze. Znajduj\u0105c si\u0119 wewn\u0105trz\u00a0<strong>tunelu aerodynamicznego<\/strong>, cia\u0142o ludzkie unosi si\u0119 w powietrzu, dlatego te\u017c czynno\u015b\u0107 ta nazywa si\u0119 \u201e<strong>bodyflight<\/strong>\u201d \u2013 lot cia\u0142a. Zach\u0119camy do prze\u017cycia niezapomnianej przygody z lataniem \u2013 zar\u00f3wno w formie indywidualnej (vouchery prezentowe), jak i grupowej \u2013 z dojazdem do wskazanej lokalizacji! Wi\u0119cej szczeg\u00f3\u0142\u00f3w na stronie:\u00a0<a href=\"https:\/\/www.aerotunel.pl\/\" target=\"_blank\" rel=\"noopener\">www.aerotunel.pl<\/a><\/div>\n<\/div>\n<\/div>\n<\/div>\n<\/div>","protected":false},"featured_media":257,"comment_status":"closed","ping_status":"closed","template":"","meta":{"_acf_changed":false},"product_brand":[],"product_cat":[84,99],"product_tag":[],"class_list":{"0":"post-256","1":"product","2":"type-product","3":"status-publish","4":"has-post-thumbnail","6":"product_cat-na-wysokosci","7":"product_cat-polecane","9":"first","10":"instock","11":"shipping-taxable","12":"purchasable","13":"product-type-simple"},"acf":[],"yoast_head":"<!-- This site is optimized with the Yoast SEO plugin v27.5 - https:\/\/yoast.com\/product\/yoast-seo-wordpress\/ -->\n<title>Aerotunel | Zakup voucher na lot w tunelu aerodynamicznym | Komora aerodynamiczna Mistrz\u00f3w imprez<\/title>\n<meta name=\"robots\" content=\"index, follow, max-snippet:-1, max-image-preview:large, max-video-preview:-1\" \/>\n<link rel=\"canonical\" href=\"https:\/\/mistrzowieimprez.pl\/en\/product\/aerotunel\/\" \/>\n<meta property=\"og:locale\" content=\"en_GB\" \/>\n<meta property=\"og:type\" content=\"article\" \/>\n<meta property=\"og:title\" content=\"Aerotunel | Zakup voucher na lot w tunelu aerodynamicznym | Komora aerodynamiczna Mistrz\u00f3w imprez\" \/>\n<meta property=\"og:description\" content=\"Mobilny Tunel Aerodynamiczny\u00a0\u2013 symulator lot\u00f3w, kt\u00f3ry pozwala ludziom poczu\u0107 si\u0119 wolnym, gwarantuj\u0105c przy tym wysoki poziom bezpiecze\u0144stwa!       Zasada dzia\u0142ania symulatora lot\u00f3w polega na wytworzeniu pionowego strumienia powietrza w kszta\u0142cie kolumny, kt\u00f3ry nakierowany jest ku g\u00f3rze. Znajduj\u0105c si\u0119 wewn\u0105trz\u00a0tunelu aerodynamicznego, cia\u0142o ludzkie unosi si\u0119 w powietrzu, dlatego te\u017c czynno\u015b\u0107 ta nazywa si\u0119 \u201ebodyflight\u201d \u2013 lot cia\u0142a. Zach\u0119camy do prze\u017cycia niezapomnianej przygody z lataniem \u2013 zar\u00f3wno w formie indywidualnej (vouchery prezentowe), jak i grupowej \u2013 z dojazdem do wskazanej lokalizacji! Wi\u0119cej szczeg\u00f3\u0142\u00f3w na stronie:\u00a0www.aerotunel.pl\" \/>\n<meta property=\"og:url\" content=\"https:\/\/mistrzowieimprez.pl\/en\/product\/aerotunel\/\" \/>\n<meta property=\"og:site_name\" content=\"Mistrzowie Imprez\" \/>\n<meta property=\"article:publisher\" content=\"https:\/\/www.facebook.com\/mistrzowieimprez\" \/>\n<meta property=\"article:modified_time\" content=\"2026-02-18T09:54:30+00:00\" \/>\n<meta property=\"og:image\" content=\"https:\/\/mistrzowieimprez.pl\/wp-content\/uploads\/2024\/02\/DSC_9078-Medium.jpg\" \/>\n\t<meta property=\"og:image:width\" content=\"997\" \/>\n\t<meta property=\"og:image:height\" content=\"768\" \/>\n\t<meta property=\"og:image:type\" content=\"image\/jpeg\" \/>\n<meta name=\"twitter:card\" content=\"summary_large_image\" \/>\n<meta name=\"twitter:label1\" content=\"Estimated reading time\" \/>\n\t<meta name=\"twitter:data1\" content=\"3 minutes\" \/>\n<script type=\"application\/ld+json\" class=\"yoast-schema-graph\">{\"@context\":\"https:\\\/\\\/schema.org\",\"@graph\":[{\"@type\":\"WebPage\",\"@id\":\"https:\\\/\\\/mistrzowieimprez.pl\\\/produkt\\\/aerotunel\\\/\",\"url\":\"https:\\\/\\\/mistrzowieimprez.pl\\\/produkt\\\/aerotunel\\\/\",\"name\":\"Aerotunel | Zakup voucher na lot w tunelu aerodynamicznym | Komora aerodynamiczna Mistrz\u00f3w imprez\",\"isPartOf\":{\"@id\":\"https:\\\/\\\/mistrzowieimprez.pl\\\/#website\"},\"primaryImageOfPage\":{\"@id\":\"https:\\\/\\\/mistrzowieimprez.pl\\\/produkt\\\/aerotunel\\\/#primaryimage\"},\"image\":{\"@id\":\"https:\\\/\\\/mistrzowieimprez.pl\\\/produkt\\\/aerotunel\\\/#primaryimage\"},\"thumbnailUrl\":\"https:\\\/\\\/mistrzowieimprez.pl\\\/wp-content\\\/uploads\\\/2024\\\/02\\\/DSC_9078-Medium.jpg\",\"datePublished\":\"2024-08-31T15:33:10+00:00\",\"dateModified\":\"2026-02-18T09:54:30+00:00\",\"breadcrumb\":{\"@id\":\"https:\\\/\\\/mistrzowieimprez.pl\\\/produkt\\\/aerotunel\\\/#breadcrumb\"},\"inLanguage\":\"en-GB\",\"potentialAction\":[{\"@type\":\"ReadAction\",\"target\":[\"https:\\\/\\\/mistrzowieimprez.pl\\\/produkt\\\/aerotunel\\\/\"]}]},{\"@type\":\"ImageObject\",\"inLanguage\":\"en-GB\",\"@id\":\"https:\\\/\\\/mistrzowieimprez.pl\\\/produkt\\\/aerotunel\\\/#primaryimage\",\"url\":\"https:\\\/\\\/mistrzowieimprez.pl\\\/wp-content\\\/uploads\\\/2024\\\/02\\\/DSC_9078-Medium.jpg\",\"contentUrl\":\"https:\\\/\\\/mistrzowieimprez.pl\\\/wp-content\\\/uploads\\\/2024\\\/02\\\/DSC_9078-Medium.jpg\",\"width\":997,\"height\":768,\"caption\":\"Na zdj\u0119ciu wida\u0107 mobilny tunel aerodynamiczny z lud\u017ami uczestnicz\u0105cymi w atrakcjach, b\u0119d\u0105cy elementem oferty organizator\u00f3w Mistrzowie imprez.\"},{\"@type\":\"BreadcrumbList\",\"@id\":\"https:\\\/\\\/mistrzowieimprez.pl\\\/produkt\\\/aerotunel\\\/#breadcrumb\",\"itemListElement\":[{\"@type\":\"ListItem\",\"position\":1,\"name\":\"Strona g\u0142\u00f3wna\",\"item\":\"https:\\\/\\\/mistrzowieimprez.pl\\\/\"},{\"@type\":\"ListItem\",\"position\":2,\"name\":\"sklep\",\"item\":\"https:\\\/\\\/mistrzowieimprez.pl\\\/sklep\\\/\"},{\"@type\":\"ListItem\",\"position\":3,\"name\":\"Aerotunel\"}]},{\"@type\":\"WebSite\",\"@id\":\"https:\\\/\\\/mistrzowieimprez.pl\\\/#website\",\"url\":\"https:\\\/\\\/mistrzowieimprez.pl\\\/\",\"name\":\"Mistrzowie Imprez\",\"description\":\"Kompleksowa organizacja imprez\",\"publisher\":{\"@id\":\"https:\\\/\\\/mistrzowieimprez.pl\\\/#organization\"},\"potentialAction\":[{\"@type\":\"SearchAction\",\"target\":{\"@type\":\"EntryPoint\",\"urlTemplate\":\"https:\\\/\\\/mistrzowieimprez.pl\\\/?s={search_term_string}\"},\"query-input\":{\"@type\":\"PropertyValueSpecification\",\"valueRequired\":true,\"valueName\":\"search_term_string\"}}],\"inLanguage\":\"en-GB\"},{\"@type\":\"Organization\",\"@id\":\"https:\\\/\\\/mistrzowieimprez.pl\\\/#organization\",\"name\":\"Mistrzowie Imprez\",\"url\":\"https:\\\/\\\/mistrzowieimprez.pl\\\/\",\"logo\":{\"@type\":\"ImageObject\",\"inLanguage\":\"en-GB\",\"@id\":\"https:\\\/\\\/mistrzowieimprez.pl\\\/#\\\/schema\\\/logo\\\/image\\\/\",\"url\":\"https:\\\/\\\/mistrzowieimprez.pl\\\/wp-content\\\/uploads\\\/2024\\\/08\\\/mistrzowie_imprez_logo_ciemne-tlo@4x.png\",\"contentUrl\":\"https:\\\/\\\/mistrzowieimprez.pl\\\/wp-content\\\/uploads\\\/2024\\\/08\\\/mistrzowie_imprez_logo_ciemne-tlo@4x.png\",\"width\":1318,\"height\":351,\"caption\":\"Mistrzowie Imprez\"},\"image\":{\"@id\":\"https:\\\/\\\/mistrzowieimprez.pl\\\/#\\\/schema\\\/logo\\\/image\\\/\"},\"sameAs\":[\"https:\\\/\\\/www.facebook.com\\\/mistrzowieimprez\",\"https:\\\/\\\/www.instagram.com\\\/mistrzowieimprez\\\/\",\"https:\\\/\\\/www.youtube.com\\\/@ytmistrzowieimprez\"]}]}<\/script>\n<!-- \/ Yoast SEO plugin. -->","yoast_head_json":{"title":"Aerotunel | Zakup voucher na lot w tunelu aerodynamicznym | Komora aerodynamiczna Mistrz\u00f3w imprez","robots":{"index":"index","follow":"follow","max-snippet":"max-snippet:-1","max-image-preview":"max-image-preview:large","max-video-preview":"max-video-preview:-1"},"canonical":"https:\/\/mistrzowieimprez.pl\/en\/product\/aerotunel\/","og_locale":"en_GB","og_type":"article","og_title":"Aerotunel | Zakup voucher na lot w tunelu aerodynamicznym | Komora aerodynamiczna Mistrz\u00f3w imprez","og_description":"Mobilny Tunel Aerodynamiczny\u00a0\u2013 symulator lot\u00f3w, kt\u00f3ry pozwala ludziom poczu\u0107 si\u0119 wolnym, gwarantuj\u0105c przy tym wysoki poziom bezpiecze\u0144stwa!       Zasada dzia\u0142ania symulatora lot\u00f3w polega na wytworzeniu pionowego strumienia powietrza w kszta\u0142cie kolumny, kt\u00f3ry nakierowany jest ku g\u00f3rze. Znajduj\u0105c si\u0119 wewn\u0105trz\u00a0tunelu aerodynamicznego, cia\u0142o ludzkie unosi si\u0119 w powietrzu, dlatego te\u017c czynno\u015b\u0107 ta nazywa si\u0119 \u201ebodyflight\u201d \u2013 lot cia\u0142a. Zach\u0119camy do prze\u017cycia niezapomnianej przygody z lataniem \u2013 zar\u00f3wno w formie indywidualnej (vouchery prezentowe), jak i grupowej \u2013 z dojazdem do wskazanej lokalizacji! Wi\u0119cej szczeg\u00f3\u0142\u00f3w na stronie:\u00a0www.aerotunel.pl","og_url":"https:\/\/mistrzowieimprez.pl\/en\/product\/aerotunel\/","og_site_name":"Mistrzowie Imprez","article_publisher":"https:\/\/www.facebook.com\/mistrzowieimprez","article_modified_time":"2026-02-18T09:54:30+00:00","og_image":[{"width":997,"height":768,"url":"https:\/\/mistrzowieimprez.pl\/wp-content\/uploads\/2024\/02\/DSC_9078-Medium.jpg","type":"image\/jpeg"}],"twitter_card":"summary_large_image","twitter_misc":{"Estimated reading time":"3 minutes"},"schema":{"@context":"https:\/\/schema.org","@graph":[{"@type":"WebPage","@id":"https:\/\/mistrzowieimprez.pl\/produkt\/aerotunel\/","url":"https:\/\/mistrzowieimprez.pl\/produkt\/aerotunel\/","name":"Aerotunel | Zakup voucher na lot w tunelu aerodynamicznym | Komora aerodynamiczna Mistrz\u00f3w imprez","isPartOf":{"@id":"https:\/\/mistrzowieimprez.pl\/#website"},"primaryImageOfPage":{"@id":"https:\/\/mistrzowieimprez.pl\/produkt\/aerotunel\/#primaryimage"},"image":{"@id":"https:\/\/mistrzowieimprez.pl\/produkt\/aerotunel\/#primaryimage"},"thumbnailUrl":"https:\/\/mistrzowieimprez.pl\/wp-content\/uploads\/2024\/02\/DSC_9078-Medium.jpg","datePublished":"2024-08-31T15:33:10+00:00","dateModified":"2026-02-18T09:54:30+00:00","breadcrumb":{"@id":"https:\/\/mistrzowieimprez.pl\/produkt\/aerotunel\/#breadcrumb"},"inLanguage":"en-GB","potentialAction":[{"@type":"ReadAction","target":["https:\/\/mistrzowieimprez.pl\/produkt\/aerotunel\/"]}]},{"@type":"ImageObject","inLanguage":"en-GB","@id":"https:\/\/mistrzowieimprez.pl\/produkt\/aerotunel\/#primaryimage","url":"https:\/\/mistrzowieimprez.pl\/wp-content\/uploads\/2024\/02\/DSC_9078-Medium.jpg","contentUrl":"https:\/\/mistrzowieimprez.pl\/wp-content\/uploads\/2024\/02\/DSC_9078-Medium.jpg","width":997,"height":768,"caption":"Na zdj\u0119ciu wida\u0107 mobilny tunel aerodynamiczny z lud\u017ami uczestnicz\u0105cymi w atrakcjach, b\u0119d\u0105cy elementem oferty organizator\u00f3w Mistrzowie imprez."},{"@type":"BreadcrumbList","@id":"https:\/\/mistrzowieimprez.pl\/produkt\/aerotunel\/#breadcrumb","itemListElement":[{"@type":"ListItem","position":1,"name":"Strona g\u0142\u00f3wna","item":"https:\/\/mistrzowieimprez.pl\/"},{"@type":"ListItem","position":2,"name":"sklep","item":"https:\/\/mistrzowieimprez.pl\/sklep\/"},{"@type":"ListItem","position":3,"name":"Aerotunel"}]},{"@type":"WebSite","@id":"https:\/\/mistrzowieimprez.pl\/#website","url":"https:\/\/mistrzowieimprez.pl\/","name":"Mistrzowie Imprez","description":"Kompleksowa organizacja imprez","publisher":{"@id":"https:\/\/mistrzowieimprez.pl\/#organization"},"potentialAction":[{"@type":"SearchAction","target":{"@type":"EntryPoint","urlTemplate":"https:\/\/mistrzowieimprez.pl\/?s={search_term_string}"},"query-input":{"@type":"PropertyValueSpecification","valueRequired":true,"valueName":"search_term_string"}}],"inLanguage":"en-GB"},{"@type":"Organization","@id":"https:\/\/mistrzowieimprez.pl\/#organization","name":"Mistrzowie Imprez","url":"https:\/\/mistrzowieimprez.pl\/","logo":{"@type":"ImageObject","inLanguage":"en-GB","@id":"https:\/\/mistrzowieimprez.pl\/#\/schema\/logo\/image\/","url":"https:\/\/mistrzowieimprez.pl\/wp-content\/uploads\/2024\/08\/mistrzowie_imprez_logo_ciemne-tlo@4x.png","contentUrl":"https:\/\/mistrzowieimprez.pl\/wp-content\/uploads\/2024\/08\/mistrzowie_imprez_logo_ciemne-tlo@4x.png","width":1318,"height":351,"caption":"Mistrzowie Imprez"},"image":{"@id":"https:\/\/mistrzowieimprez.pl\/#\/schema\/logo\/image\/"},"sameAs":["https:\/\/www.facebook.com\/mistrzowieimprez","https:\/\/www.instagram.com\/mistrzowieimprez\/","https:\/\/www.youtube.com\/@ytmistrzowieimprez"]}]}},"_links":{"self":[{"href":"https:\/\/mistrzowieimprez.pl\/en\/wp-json\/wp\/v2\/product\/256","targetHints":{"allow":["GET"]}}],"collection":[{"href":"https:\/\/mistrzowieimprez.pl\/en\/wp-json\/wp\/v2\/product"}],"about":[{"href":"https:\/\/mistrzowieimprez.pl\/en\/wp-json\/wp\/v2\/types\/product"}],"replies":[{"embeddable":true,"href":"https:\/\/mistrzowieimprez.pl\/en\/wp-json\/wp\/v2\/comments?post=256"}],"version-history":[{"count":1,"href":"https:\/\/mistrzowieimprez.pl\/en\/wp-json\/wp\/v2\/product\/256\/revisions"}],"predecessor-version":[{"id":1870,"href":"https:\/\/mistrzowieimprez.pl\/en\/wp-json\/wp\/v2\/product\/256\/revisions\/1870"}],"wp:featuredmedia":[{"embeddable":true,"href":"https:\/\/mistrzowieimprez.pl\/en\/wp-json\/wp\/v2\/media\/257"}],"wp:attachment":[{"href":"https:\/\/mistrzowieimprez.pl\/en\/wp-json\/wp\/v2\/media?parent=256"}],"wp:term":[{"taxonomy":"product_brand","embeddable":true,"href":"https:\/\/mistrzowieimprez.pl\/en\/wp-json\/wp\/v2\/product_brand?post=256"},{"taxonomy":"product_cat","embeddable":true,"href":"https:\/\/mistrzowieimprez.pl\/en\/wp-json\/wp\/v2\/product_cat?post=256"},{"taxonomy":"product_tag","embeddable":true,"href":"https:\/\/mistrzowieimprez.pl\/en\/wp-json\/wp\/v2\/product_tag?post=256"}],"curies":[{"name":"wp","href":"https:\/\/api.w.org\/{rel}","templated":true}]}}