{"id":2433,"date":"2024-10-15T16:56:33","date_gmt":"2024-10-15T16:56:33","guid":{"rendered":"https:\/\/mistrzowieimprez.pl\/?post_type=product&#038;p=2433"},"modified":"2024-10-15T16:56:33","modified_gmt":"2024-10-15T16:56:33","slug":"rzut-nozem-i-toporkiem","status":"publish","type":"product","link":"https:\/\/mistrzowieimprez.pl\/en\/product\/rzut-nozem-i-toporkiem\/","title":{"rendered":"Rzut no\u017cem i toporkiem"},"content":{"rendered":"<h4>Opis atrakcji:<\/h4>\n<p>Zapraszamy do wzi\u0119cia udzia\u0142u w emocjonuj\u0105cej konkurencji rzutu toporkiem i no\u017cem! To doskona\u0142a okazja, aby spr\u00f3bowa\u0107 swoich si\u0142 w precyzyjnym rzucie pod okiem do\u015bwiadczonego instruktora. Przed rozpocz\u0119ciem zabawy, uczestnicy zostan\u0105 szczeg\u00f3\u0142owo zapoznani z technik\u0105 rzutu, co zapewni bezpiecze\u0144stwo i efektywno\u015b\u0107 ca\u0142ej rywalizacji.<\/p>\n<p>Po wprowadzeniu ka\u017cdy b\u0119dzie mia\u0142 szans\u0119 na osobiste wypr\u00f3bowanie swoich umiej\u0119tno\u015bci i sprawdzenie celno\u015bci rzutu. Ta atrakcyjna zabawa to \u015bwietny spos\u00f3b na rozwijanie zdolno\u015bci manualnych, a tak\u017ce doskona\u0142a okazja do integracji z innymi uczestnikami.<\/p>\n<p>Rzut toporkiem i no\u017cem to nie tylko test si\u0142y, ale przede wszystkim precyzji i techniki. Przygotuj si\u0119 na dreszczyk emocji oraz zdrow\u0105 rywalizacj\u0119 w wyj\u0105tkowej atmosferze!<\/p>","protected":false},"excerpt":{"rendered":"<p>Ekscytuj\u0105ca konkurencja, w kt\u00f3rej ka\u017cdy uczestnik ma szans\u0119 spr\u00f3bowa\u0107 swoich si\u0142! Pod okiem do\u015bwiadczonego instruktora poznasz technik\u0119 rzutu, a nast\u0119pnie zmierzysz si\u0119 z celem. Przygotuj si\u0119 na niezapomniane emocje i rywalizacj\u0119!<\/p>","protected":false},"featured_media":2401,"comment_status":"open","ping_status":"closed","template":"","meta":{"_acf_changed":false},"product_brand":[],"product_cat":[80,89,82],"product_tag":[],"class_list":{"0":"post-2433","1":"product","2":"type-product","3":"status-publish","4":"has-post-thumbnail","6":"product_cat-dla-mlodziezy-i-doroslych","7":"product_cat-gry-konkursy-i-zabawy","8":"product_cat-atrakcje-strzeleckie","10":"first","11":"instock","12":"shipping-taxable","13":"product-type-simple"},"acf":[],"yoast_head":"<!-- This site is optimized with the Yoast SEO plugin v27.5 - https:\/\/yoast.com\/product\/yoast-seo-wordpress\/ -->\n<title>Rzut no\u017cem i toporkiem - Mistrzowie Imprez<\/title>\n<meta name=\"robots\" content=\"index, follow, max-snippet:-1, max-image-preview:large, max-video-preview:-1\" \/>\n<link rel=\"canonical\" href=\"https:\/\/mistrzowieimprez.pl\/en\/product\/rzut-nozem-i-toporkiem\/\" \/>\n<meta property=\"og:locale\" content=\"en_GB\" \/>\n<meta property=\"og:type\" content=\"article\" \/>\n<meta property=\"og:title\" content=\"Rzut no\u017cem i toporkiem - Mistrzowie Imprez\" \/>\n<meta property=\"og:description\" content=\"Ekscytuj\u0105ca konkurencja, w kt\u00f3rej ka\u017cdy uczestnik ma szans\u0119 spr\u00f3bowa\u0107 swoich si\u0142! Pod okiem do\u015bwiadczonego instruktora poznasz technik\u0119 rzutu, a nast\u0119pnie zmierzysz si\u0119 z celem. Przygotuj si\u0119 na niezapomniane emocje i rywalizacj\u0119!\" \/>\n<meta property=\"og:url\" content=\"https:\/\/mistrzowieimprez.pl\/en\/product\/rzut-nozem-i-toporkiem\/\" \/>\n<meta property=\"og:site_name\" content=\"Mistrzowie Imprez\" \/>\n<meta property=\"article:publisher\" content=\"https:\/\/www.facebook.com\/mistrzowieimprez\" \/>\n<meta property=\"og:image\" content=\"https:\/\/mistrzowieimprez.pl\/wp-content\/uploads\/2024\/10\/rzut-nozem-i-toporkiem.webp\" \/>\n\t<meta property=\"og:image:width\" content=\"1000\" \/>\n\t<meta property=\"og:image:height\" content=\"1000\" \/>\n\t<meta property=\"og:image:type\" content=\"image\/webp\" \/>\n<meta name=\"twitter:card\" content=\"summary_large_image\" \/>\n<meta name=\"twitter:label1\" content=\"Estimated reading time\" \/>\n\t<meta name=\"twitter:data1\" content=\"1 minute\" \/>\n<script type=\"application\/ld+json\" class=\"yoast-schema-graph\">{\"@context\":\"https:\\\/\\\/schema.org\",\"@graph\":[{\"@type\":\"WebPage\",\"@id\":\"https:\\\/\\\/mistrzowieimprez.pl\\\/produkt\\\/rzut-nozem-i-toporkiem\\\/\",\"url\":\"https:\\\/\\\/mistrzowieimprez.pl\\\/produkt\\\/rzut-nozem-i-toporkiem\\\/\",\"name\":\"Rzut no\u017cem i toporkiem - Mistrzowie Imprez\",\"isPartOf\":{\"@id\":\"https:\\\/\\\/mistrzowieimprez.pl\\\/#website\"},\"primaryImageOfPage\":{\"@id\":\"https:\\\/\\\/mistrzowieimprez.pl\\\/produkt\\\/rzut-nozem-i-toporkiem\\\/#primaryimage\"},\"image\":{\"@id\":\"https:\\\/\\\/mistrzowieimprez.pl\\\/produkt\\\/rzut-nozem-i-toporkiem\\\/#primaryimage\"},\"thumbnailUrl\":\"https:\\\/\\\/mistrzowieimprez.pl\\\/wp-content\\\/uploads\\\/2024\\\/10\\\/rzut-nozem-i-toporkiem.webp\",\"datePublished\":\"2024-10-15T16:56:33+00:00\",\"breadcrumb\":{\"@id\":\"https:\\\/\\\/mistrzowieimprez.pl\\\/produkt\\\/rzut-nozem-i-toporkiem\\\/#breadcrumb\"},\"inLanguage\":\"en-GB\",\"potentialAction\":[{\"@type\":\"ReadAction\",\"target\":[\"https:\\\/\\\/mistrzowieimprez.pl\\\/produkt\\\/rzut-nozem-i-toporkiem\\\/\"]}]},{\"@type\":\"ImageObject\",\"inLanguage\":\"en-GB\",\"@id\":\"https:\\\/\\\/mistrzowieimprez.pl\\\/produkt\\\/rzut-nozem-i-toporkiem\\\/#primaryimage\",\"url\":\"https:\\\/\\\/mistrzowieimprez.pl\\\/wp-content\\\/uploads\\\/2024\\\/10\\\/rzut-nozem-i-toporkiem.webp\",\"contentUrl\":\"https:\\\/\\\/mistrzowieimprez.pl\\\/wp-content\\\/uploads\\\/2024\\\/10\\\/rzut-nozem-i-toporkiem.webp\",\"width\":1000,\"height\":1000,\"caption\":\"Grafika przedstawia siekier\u0119 wbita w drewniane tarcze do rzucania, sugeruj\u0105c atrakcyjno\u015b\u0107 zwi\u0105zan\u0105 z organizacj\u0105 imprez rozrywkowych.\"},{\"@type\":\"BreadcrumbList\",\"@id\":\"https:\\\/\\\/mistrzowieimprez.pl\\\/produkt\\\/rzut-nozem-i-toporkiem\\\/#breadcrumb\",\"itemListElement\":[{\"@type\":\"ListItem\",\"position\":1,\"name\":\"Strona g\u0142\u00f3wna\",\"item\":\"https:\\\/\\\/mistrzowieimprez.pl\\\/\"},{\"@type\":\"ListItem\",\"position\":2,\"name\":\"sklep\",\"item\":\"https:\\\/\\\/mistrzowieimprez.pl\\\/sklep\\\/\"},{\"@type\":\"ListItem\",\"position\":3,\"name\":\"Rzut no\u017cem i&nbsp;toporkiem\"}]},{\"@type\":\"WebSite\",\"@id\":\"https:\\\/\\\/mistrzowieimprez.pl\\\/#website\",\"url\":\"https:\\\/\\\/mistrzowieimprez.pl\\\/\",\"name\":\"Mistrzowie Imprez\",\"description\":\"Kompleksowa organizacja imprez\",\"publisher\":{\"@id\":\"https:\\\/\\\/mistrzowieimprez.pl\\\/#organization\"},\"potentialAction\":[{\"@type\":\"SearchAction\",\"target\":{\"@type\":\"EntryPoint\",\"urlTemplate\":\"https:\\\/\\\/mistrzowieimprez.pl\\\/?s={search_term_string}\"},\"query-input\":{\"@type\":\"PropertyValueSpecification\",\"valueRequired\":true,\"valueName\":\"search_term_string\"}}],\"inLanguage\":\"en-GB\"},{\"@type\":\"Organization\",\"@id\":\"https:\\\/\\\/mistrzowieimprez.pl\\\/#organization\",\"name\":\"Mistrzowie Imprez\",\"url\":\"https:\\\/\\\/mistrzowieimprez.pl\\\/\",\"logo\":{\"@type\":\"ImageObject\",\"inLanguage\":\"en-GB\",\"@id\":\"https:\\\/\\\/mistrzowieimprez.pl\\\/#\\\/schema\\\/logo\\\/image\\\/\",\"url\":\"https:\\\/\\\/mistrzowieimprez.pl\\\/wp-content\\\/uploads\\\/2024\\\/08\\\/mistrzowie_imprez_logo_ciemne-tlo@4x.png\",\"contentUrl\":\"https:\\\/\\\/mistrzowieimprez.pl\\\/wp-content\\\/uploads\\\/2024\\\/08\\\/mistrzowie_imprez_logo_ciemne-tlo@4x.png\",\"width\":1318,\"height\":351,\"caption\":\"Mistrzowie Imprez\"},\"image\":{\"@id\":\"https:\\\/\\\/mistrzowieimprez.pl\\\/#\\\/schema\\\/logo\\\/image\\\/\"},\"sameAs\":[\"https:\\\/\\\/www.facebook.com\\\/mistrzowieimprez\",\"https:\\\/\\\/www.instagram.com\\\/mistrzowieimprez\\\/\",\"https:\\\/\\\/www.youtube.com\\\/@ytmistrzowieimprez\"]}]}<\/script>\n<!-- \/ Yoast SEO plugin. -->","yoast_head_json":{"title":"Rzut no\u017cem i toporkiem - Mistrzowie Imprez","robots":{"index":"index","follow":"follow","max-snippet":"max-snippet:-1","max-image-preview":"max-image-preview:large","max-video-preview":"max-video-preview:-1"},"canonical":"https:\/\/mistrzowieimprez.pl\/en\/product\/rzut-nozem-i-toporkiem\/","og_locale":"en_GB","og_type":"article","og_title":"Rzut no\u017cem i toporkiem - Mistrzowie Imprez","og_description":"Ekscytuj\u0105ca konkurencja, w kt\u00f3rej ka\u017cdy uczestnik ma szans\u0119 spr\u00f3bowa\u0107 swoich si\u0142! Pod okiem do\u015bwiadczonego instruktora poznasz technik\u0119 rzutu, a nast\u0119pnie zmierzysz si\u0119 z celem. Przygotuj si\u0119 na niezapomniane emocje i rywalizacj\u0119!","og_url":"https:\/\/mistrzowieimprez.pl\/en\/product\/rzut-nozem-i-toporkiem\/","og_site_name":"Mistrzowie Imprez","article_publisher":"https:\/\/www.facebook.com\/mistrzowieimprez","og_image":[{"width":1000,"height":1000,"url":"https:\/\/mistrzowieimprez.pl\/wp-content\/uploads\/2024\/10\/rzut-nozem-i-toporkiem.webp","type":"image\/webp"}],"twitter_card":"summary_large_image","twitter_misc":{"Estimated reading time":"1 minute"},"schema":{"@context":"https:\/\/schema.org","@graph":[{"@type":"WebPage","@id":"https:\/\/mistrzowieimprez.pl\/produkt\/rzut-nozem-i-toporkiem\/","url":"https:\/\/mistrzowieimprez.pl\/produkt\/rzut-nozem-i-toporkiem\/","name":"Rzut no\u017cem i toporkiem - Mistrzowie Imprez","isPartOf":{"@id":"https:\/\/mistrzowieimprez.pl\/#website"},"primaryImageOfPage":{"@id":"https:\/\/mistrzowieimprez.pl\/produkt\/rzut-nozem-i-toporkiem\/#primaryimage"},"image":{"@id":"https:\/\/mistrzowieimprez.pl\/produkt\/rzut-nozem-i-toporkiem\/#primaryimage"},"thumbnailUrl":"https:\/\/mistrzowieimprez.pl\/wp-content\/uploads\/2024\/10\/rzut-nozem-i-toporkiem.webp","datePublished":"2024-10-15T16:56:33+00:00","breadcrumb":{"@id":"https:\/\/mistrzowieimprez.pl\/produkt\/rzut-nozem-i-toporkiem\/#breadcrumb"},"inLanguage":"en-GB","potentialAction":[{"@type":"ReadAction","target":["https:\/\/mistrzowieimprez.pl\/produkt\/rzut-nozem-i-toporkiem\/"]}]},{"@type":"ImageObject","inLanguage":"en-GB","@id":"https:\/\/mistrzowieimprez.pl\/produkt\/rzut-nozem-i-toporkiem\/#primaryimage","url":"https:\/\/mistrzowieimprez.pl\/wp-content\/uploads\/2024\/10\/rzut-nozem-i-toporkiem.webp","contentUrl":"https:\/\/mistrzowieimprez.pl\/wp-content\/uploads\/2024\/10\/rzut-nozem-i-toporkiem.webp","width":1000,"height":1000,"caption":"Grafika przedstawia siekier\u0119 wbita w drewniane tarcze do rzucania, sugeruj\u0105c atrakcyjno\u015b\u0107 zwi\u0105zan\u0105 z organizacj\u0105 imprez rozrywkowych."},{"@type":"BreadcrumbList","@id":"https:\/\/mistrzowieimprez.pl\/produkt\/rzut-nozem-i-toporkiem\/#breadcrumb","itemListElement":[{"@type":"ListItem","position":1,"name":"Strona g\u0142\u00f3wna","item":"https:\/\/mistrzowieimprez.pl\/"},{"@type":"ListItem","position":2,"name":"sklep","item":"https:\/\/mistrzowieimprez.pl\/sklep\/"},{"@type":"ListItem","position":3,"name":"Rzut no\u017cem i&nbsp;toporkiem"}]},{"@type":"WebSite","@id":"https:\/\/mistrzowieimprez.pl\/#website","url":"https:\/\/mistrzowieimprez.pl\/","name":"Mistrzowie Imprez","description":"Kompleksowa organizacja imprez","publisher":{"@id":"https:\/\/mistrzowieimprez.pl\/#organization"},"potentialAction":[{"@type":"SearchAction","target":{"@type":"EntryPoint","urlTemplate":"https:\/\/mistrzowieimprez.pl\/?s={search_term_string}"},"query-input":{"@type":"PropertyValueSpecification","valueRequired":true,"valueName":"search_term_string"}}],"inLanguage":"en-GB"},{"@type":"Organization","@id":"https:\/\/mistrzowieimprez.pl\/#organization","name":"Mistrzowie Imprez","url":"https:\/\/mistrzowieimprez.pl\/","logo":{"@type":"ImageObject","inLanguage":"en-GB","@id":"https:\/\/mistrzowieimprez.pl\/#\/schema\/logo\/image\/","url":"https:\/\/mistrzowieimprez.pl\/wp-content\/uploads\/2024\/08\/mistrzowie_imprez_logo_ciemne-tlo@4x.png","contentUrl":"https:\/\/mistrzowieimprez.pl\/wp-content\/uploads\/2024\/08\/mistrzowie_imprez_logo_ciemne-tlo@4x.png","width":1318,"height":351,"caption":"Mistrzowie Imprez"},"image":{"@id":"https:\/\/mistrzowieimprez.pl\/#\/schema\/logo\/image\/"},"sameAs":["https:\/\/www.facebook.com\/mistrzowieimprez","https:\/\/www.instagram.com\/mistrzowieimprez\/","https:\/\/www.youtube.com\/@ytmistrzowieimprez"]}]}},"_links":{"self":[{"href":"https:\/\/mistrzowieimprez.pl\/en\/wp-json\/wp\/v2\/product\/2433","targetHints":{"allow":["GET"]}}],"collection":[{"href":"https:\/\/mistrzowieimprez.pl\/en\/wp-json\/wp\/v2\/product"}],"about":[{"href":"https:\/\/mistrzowieimprez.pl\/en\/wp-json\/wp\/v2\/types\/product"}],"replies":[{"embeddable":true,"href":"https:\/\/mistrzowieimprez.pl\/en\/wp-json\/wp\/v2\/comments?post=2433"}],"version-history":[{"count":1,"href":"https:\/\/mistrzowieimprez.pl\/en\/wp-json\/wp\/v2\/product\/2433\/revisions"}],"predecessor-version":[{"id":2434,"href":"https:\/\/mistrzowieimprez.pl\/en\/wp-json\/wp\/v2\/product\/2433\/revisions\/2434"}],"wp:featuredmedia":[{"embeddable":true,"href":"https:\/\/mistrzowieimprez.pl\/en\/wp-json\/wp\/v2\/media\/2401"}],"wp:attachment":[{"href":"https:\/\/mistrzowieimprez.pl\/en\/wp-json\/wp\/v2\/media?parent=2433"}],"wp:term":[{"taxonomy":"product_brand","embeddable":true,"href":"https:\/\/mistrzowieimprez.pl\/en\/wp-json\/wp\/v2\/product_brand?post=2433"},{"taxonomy":"product_cat","embeddable":true,"href":"https:\/\/mistrzowieimprez.pl\/en\/wp-json\/wp\/v2\/product_cat?post=2433"},{"taxonomy":"product_tag","embeddable":true,"href":"https:\/\/mistrzowieimprez.pl\/en\/wp-json\/wp\/v2\/product_tag?post=2433"}],"curies":[{"name":"wp","href":"https:\/\/api.w.org\/{rel}","templated":true}]}}