{"id":2431,"date":"2024-10-15T16:52:59","date_gmt":"2024-10-15T16:52:59","guid":{"rendered":"https:\/\/mistrzowieimprez.pl\/?post_type=product&#038;p=2431"},"modified":"2024-10-15T16:52:59","modified_gmt":"2024-10-15T16:52:59","slug":"bierki","status":"publish","type":"product","link":"https:\/\/mistrzowieimprez.pl\/en\/product\/bierki\/","title":{"rendered":"Bierki"},"content":{"rendered":"<h4>Opis atrakcji:<\/h4>\n<p>Przygotuj si\u0119 na powr\u00f3t kultowej gry z dzieci\u0144stwa w nowej, emocjonuj\u0105cej wersji dla doros\u0142ych! Ta wyj\u0105tkowa zabawa to idealne po\u0142\u0105czenie strategii, precyzji i zaufania. Uczestnicy b\u0119d\u0105 musieli wykaza\u0107 si\u0119 nie tylko umiej\u0119tno\u015bciami manualnymi, ale tak\u017ce zdolno\u015bci\u0105 do wsp\u00f3\u0142pracy i komunikacji, aby nie poruszy\u0107 wi\u0119cej ni\u017c jednej bierki.<\/p>\n<p>Ka\u017cda tura to nowe wyzwanie, kt\u00f3re dostarczy niezapomnianych emocji oraz \u015bmiechu. Gra anga\u017cuje zar\u00f3wno umys\u0142, jak i cia\u0142o, co czyni j\u0105 doskona\u0142\u0105 atrakcj\u0105 na imprezy, spotkania towarzyskie czy teambuildingowe. Wsp\u00f3lna zabawa pozwoli na integracj\u0119 uczestnik\u00f3w, tworz\u0105c wyj\u0105tkow\u0105 atmosfer\u0119 i mn\u00f3stwo radosnych wspomnie\u0144.<\/p>\n<p>Przygotuj si\u0119 na chwil\u0119 napi\u0119cia, rywalizacj\u0119 i przede wszystkim \u2013 doskona\u0142\u0105 zabaw\u0119!<\/p>","protected":false},"excerpt":{"rendered":"<p>Gra z dzieci\u0144stwa wraca w ekscytuj\u0105cej wersji dla doros\u0142ych! Uczestnicy musz\u0105 wykaza\u0107 si\u0119 wzajemnym zaufaniem, aby nie poruszy\u0107 wi\u0119cej ni\u017c jednej bierki. Sprawd\u017a swoj\u0105 precyzj\u0119 i umiej\u0119tno\u015b\u0107 wsp\u00f3\u0142pracy w tej pe\u0142nej emocji zabawie!<\/p>","protected":false},"featured_media":2392,"comment_status":"open","ping_status":"closed","template":"","meta":{"_acf_changed":false},"product_brand":[],"product_cat":[80,83,91,89],"product_tag":[],"class_list":{"0":"post-2431","1":"product","2":"type-product","3":"status-publish","4":"has-post-thumbnail","6":"product_cat-dla-mlodziezy-i-doroslych","7":"product_cat-eko-atrakcje","8":"product_cat-gry-wielkoformatowe","9":"product_cat-gry-konkursy-i-zabawy","11":"first","12":"instock","13":"shipping-taxable","14":"product-type-simple"},"acf":[],"yoast_head":"<!-- This site is optimized with the Yoast SEO plugin v27.2 - https:\/\/yoast.com\/product\/yoast-seo-wordpress\/ -->\n<title>Bierki - Mistrzowie Imprez<\/title>\n<meta name=\"robots\" content=\"index, follow, max-snippet:-1, max-image-preview:large, max-video-preview:-1\" \/>\n<link rel=\"canonical\" href=\"https:\/\/mistrzowieimprez.pl\/en\/product\/bierki\/\" \/>\n<meta property=\"og:locale\" content=\"en_GB\" \/>\n<meta property=\"og:type\" content=\"article\" \/>\n<meta property=\"og:title\" content=\"Bierki - Mistrzowie Imprez\" \/>\n<meta property=\"og:description\" content=\"Gra z dzieci\u0144stwa wraca w ekscytuj\u0105cej wersji dla doros\u0142ych! Uczestnicy musz\u0105 wykaza\u0107 si\u0119 wzajemnym zaufaniem, aby nie poruszy\u0107 wi\u0119cej ni\u017c jednej bierki. Sprawd\u017a swoj\u0105 precyzj\u0119 i umiej\u0119tno\u015b\u0107 wsp\u00f3\u0142pracy w tej pe\u0142nej emocji zabawie!\" \/>\n<meta property=\"og:url\" content=\"https:\/\/mistrzowieimprez.pl\/en\/product\/bierki\/\" \/>\n<meta property=\"og:site_name\" content=\"Mistrzowie Imprez\" \/>\n<meta property=\"article:publisher\" content=\"https:\/\/www.facebook.com\/mistrzowieimprez\" \/>\n<meta property=\"og:image\" content=\"https:\/\/mistrzowieimprez.pl\/wp-content\/uploads\/2024\/10\/bierki-xxl.webp\" \/>\n\t<meta property=\"og:image:width\" content=\"1000\" \/>\n\t<meta property=\"og:image:height\" content=\"1000\" \/>\n\t<meta property=\"og:image:type\" content=\"image\/webp\" \/>\n<meta name=\"twitter:card\" content=\"summary_large_image\" \/>\n<meta name=\"twitter:label1\" content=\"Estimated reading time\" \/>\n\t<meta name=\"twitter:data1\" content=\"1 minute\" \/>\n<script type=\"application\/ld+json\" class=\"yoast-schema-graph\">{\"@context\":\"https:\/\/schema.org\",\"@graph\":[{\"@type\":\"WebPage\",\"@id\":\"https:\/\/mistrzowieimprez.pl\/produkt\/bierki\/\",\"url\":\"https:\/\/mistrzowieimprez.pl\/produkt\/bierki\/\",\"name\":\"Bierki - Mistrzowie Imprez\",\"isPartOf\":{\"@id\":\"https:\/\/mistrzowieimprez.pl\/#website\"},\"primaryImageOfPage\":{\"@id\":\"https:\/\/mistrzowieimprez.pl\/produkt\/bierki\/#primaryimage\"},\"image\":{\"@id\":\"https:\/\/mistrzowieimprez.pl\/produkt\/bierki\/#primaryimage\"},\"thumbnailUrl\":\"https:\/\/mistrzowieimprez.pl\/wp-content\/uploads\/2024\/10\/bierki-xxl.webp\",\"datePublished\":\"2024-10-15T16:52:59+00:00\",\"breadcrumb\":{\"@id\":\"https:\/\/mistrzowieimprez.pl\/produkt\/bierki\/#breadcrumb\"},\"inLanguage\":\"en-GB\",\"potentialAction\":[{\"@type\":\"ReadAction\",\"target\":[\"https:\/\/mistrzowieimprez.pl\/produkt\/bierki\/\"]}]},{\"@type\":\"ImageObject\",\"inLanguage\":\"en-GB\",\"@id\":\"https:\/\/mistrzowieimprez.pl\/produkt\/bierki\/#primaryimage\",\"url\":\"https:\/\/mistrzowieimprez.pl\/wp-content\/uploads\/2024\/10\/bierki-xxl.webp\",\"contentUrl\":\"https:\/\/mistrzowieimprez.pl\/wp-content\/uploads\/2024\/10\/bierki-xxl.webp\",\"width\":1000,\"height\":1000,\"caption\":\"Zdj\u0119cie przedstawia drewniany stojak z d\u0142ugimi kijami zako\u0144czonymi kolorowymi strza\u0142kami i \u0142opatkami, ustawiony na trawie.\"},{\"@type\":\"BreadcrumbList\",\"@id\":\"https:\/\/mistrzowieimprez.pl\/produkt\/bierki\/#breadcrumb\",\"itemListElement\":[{\"@type\":\"ListItem\",\"position\":1,\"name\":\"Strona g\u0142\u00f3wna\",\"item\":\"https:\/\/mistrzowieimprez.pl\/\"},{\"@type\":\"ListItem\",\"position\":2,\"name\":\"sklep\",\"item\":\"https:\/\/mistrzowieimprez.pl\/sklep\/\"},{\"@type\":\"ListItem\",\"position\":3,\"name\":\"Bierki\"}]},{\"@type\":\"WebSite\",\"@id\":\"https:\/\/mistrzowieimprez.pl\/#website\",\"url\":\"https:\/\/mistrzowieimprez.pl\/\",\"name\":\"Mistrzowie Imprez\",\"description\":\"Kompleksowa organizacja imprez\",\"publisher\":{\"@id\":\"https:\/\/mistrzowieimprez.pl\/#organization\"},\"potentialAction\":[{\"@type\":\"SearchAction\",\"target\":{\"@type\":\"EntryPoint\",\"urlTemplate\":\"https:\/\/mistrzowieimprez.pl\/?s={search_term_string}\"},\"query-input\":{\"@type\":\"PropertyValueSpecification\",\"valueRequired\":true,\"valueName\":\"search_term_string\"}}],\"inLanguage\":\"en-GB\"},{\"@type\":\"Organization\",\"@id\":\"https:\/\/mistrzowieimprez.pl\/#organization\",\"name\":\"Mistrzowie Imprez\",\"url\":\"https:\/\/mistrzowieimprez.pl\/\",\"logo\":{\"@type\":\"ImageObject\",\"inLanguage\":\"en-GB\",\"@id\":\"https:\/\/mistrzowieimprez.pl\/#\/schema\/logo\/image\/\",\"url\":\"https:\/\/mistrzowieimprez.pl\/wp-content\/uploads\/2024\/08\/mistrzowie_imprez_logo_ciemne-tlo@4x.png\",\"contentUrl\":\"https:\/\/mistrzowieimprez.pl\/wp-content\/uploads\/2024\/08\/mistrzowie_imprez_logo_ciemne-tlo@4x.png\",\"width\":1318,\"height\":351,\"caption\":\"Mistrzowie Imprez\"},\"image\":{\"@id\":\"https:\/\/mistrzowieimprez.pl\/#\/schema\/logo\/image\/\"},\"sameAs\":[\"https:\/\/www.facebook.com\/mistrzowieimprez\",\"https:\/\/www.instagram.com\/mistrzowieimprez\/\",\"https:\/\/www.youtube.com\/@ytmistrzowieimprez\"]}]}<\/script>\n<!-- \/ Yoast SEO plugin. -->","yoast_head_json":{"title":"Bierki - Mistrzowie Imprez","robots":{"index":"index","follow":"follow","max-snippet":"max-snippet:-1","max-image-preview":"max-image-preview:large","max-video-preview":"max-video-preview:-1"},"canonical":"https:\/\/mistrzowieimprez.pl\/en\/product\/bierki\/","og_locale":"en_GB","og_type":"article","og_title":"Bierki - Mistrzowie Imprez","og_description":"Gra z dzieci\u0144stwa wraca w ekscytuj\u0105cej wersji dla doros\u0142ych! Uczestnicy musz\u0105 wykaza\u0107 si\u0119 wzajemnym zaufaniem, aby nie poruszy\u0107 wi\u0119cej ni\u017c jednej bierki. Sprawd\u017a swoj\u0105 precyzj\u0119 i umiej\u0119tno\u015b\u0107 wsp\u00f3\u0142pracy w tej pe\u0142nej emocji zabawie!","og_url":"https:\/\/mistrzowieimprez.pl\/en\/product\/bierki\/","og_site_name":"Mistrzowie Imprez","article_publisher":"https:\/\/www.facebook.com\/mistrzowieimprez","og_image":[{"width":1000,"height":1000,"url":"https:\/\/mistrzowieimprez.pl\/wp-content\/uploads\/2024\/10\/bierki-xxl.webp","type":"image\/webp"}],"twitter_card":"summary_large_image","twitter_misc":{"Estimated reading time":"1 minute"},"schema":{"@context":"https:\/\/schema.org","@graph":[{"@type":"WebPage","@id":"https:\/\/mistrzowieimprez.pl\/produkt\/bierki\/","url":"https:\/\/mistrzowieimprez.pl\/produkt\/bierki\/","name":"Bierki - Mistrzowie Imprez","isPartOf":{"@id":"https:\/\/mistrzowieimprez.pl\/#website"},"primaryImageOfPage":{"@id":"https:\/\/mistrzowieimprez.pl\/produkt\/bierki\/#primaryimage"},"image":{"@id":"https:\/\/mistrzowieimprez.pl\/produkt\/bierki\/#primaryimage"},"thumbnailUrl":"https:\/\/mistrzowieimprez.pl\/wp-content\/uploads\/2024\/10\/bierki-xxl.webp","datePublished":"2024-10-15T16:52:59+00:00","breadcrumb":{"@id":"https:\/\/mistrzowieimprez.pl\/produkt\/bierki\/#breadcrumb"},"inLanguage":"en-GB","potentialAction":[{"@type":"ReadAction","target":["https:\/\/mistrzowieimprez.pl\/produkt\/bierki\/"]}]},{"@type":"ImageObject","inLanguage":"en-GB","@id":"https:\/\/mistrzowieimprez.pl\/produkt\/bierki\/#primaryimage","url":"https:\/\/mistrzowieimprez.pl\/wp-content\/uploads\/2024\/10\/bierki-xxl.webp","contentUrl":"https:\/\/mistrzowieimprez.pl\/wp-content\/uploads\/2024\/10\/bierki-xxl.webp","width":1000,"height":1000,"caption":"Zdj\u0119cie przedstawia drewniany stojak z d\u0142ugimi kijami zako\u0144czonymi kolorowymi strza\u0142kami i \u0142opatkami, ustawiony na trawie."},{"@type":"BreadcrumbList","@id":"https:\/\/mistrzowieimprez.pl\/produkt\/bierki\/#breadcrumb","itemListElement":[{"@type":"ListItem","position":1,"name":"Strona g\u0142\u00f3wna","item":"https:\/\/mistrzowieimprez.pl\/"},{"@type":"ListItem","position":2,"name":"sklep","item":"https:\/\/mistrzowieimprez.pl\/sklep\/"},{"@type":"ListItem","position":3,"name":"Bierki"}]},{"@type":"WebSite","@id":"https:\/\/mistrzowieimprez.pl\/#website","url":"https:\/\/mistrzowieimprez.pl\/","name":"Mistrzowie Imprez","description":"Kompleksowa organizacja imprez","publisher":{"@id":"https:\/\/mistrzowieimprez.pl\/#organization"},"potentialAction":[{"@type":"SearchAction","target":{"@type":"EntryPoint","urlTemplate":"https:\/\/mistrzowieimprez.pl\/?s={search_term_string}"},"query-input":{"@type":"PropertyValueSpecification","valueRequired":true,"valueName":"search_term_string"}}],"inLanguage":"en-GB"},{"@type":"Organization","@id":"https:\/\/mistrzowieimprez.pl\/#organization","name":"Mistrzowie Imprez","url":"https:\/\/mistrzowieimprez.pl\/","logo":{"@type":"ImageObject","inLanguage":"en-GB","@id":"https:\/\/mistrzowieimprez.pl\/#\/schema\/logo\/image\/","url":"https:\/\/mistrzowieimprez.pl\/wp-content\/uploads\/2024\/08\/mistrzowie_imprez_logo_ciemne-tlo@4x.png","contentUrl":"https:\/\/mistrzowieimprez.pl\/wp-content\/uploads\/2024\/08\/mistrzowie_imprez_logo_ciemne-tlo@4x.png","width":1318,"height":351,"caption":"Mistrzowie Imprez"},"image":{"@id":"https:\/\/mistrzowieimprez.pl\/#\/schema\/logo\/image\/"},"sameAs":["https:\/\/www.facebook.com\/mistrzowieimprez","https:\/\/www.instagram.com\/mistrzowieimprez\/","https:\/\/www.youtube.com\/@ytmistrzowieimprez"]}]}},"_links":{"self":[{"href":"https:\/\/mistrzowieimprez.pl\/en\/wp-json\/wp\/v2\/product\/2431","targetHints":{"allow":["GET"]}}],"collection":[{"href":"https:\/\/mistrzowieimprez.pl\/en\/wp-json\/wp\/v2\/product"}],"about":[{"href":"https:\/\/mistrzowieimprez.pl\/en\/wp-json\/wp\/v2\/types\/product"}],"replies":[{"embeddable":true,"href":"https:\/\/mistrzowieimprez.pl\/en\/wp-json\/wp\/v2\/comments?post=2431"}],"version-history":[{"count":1,"href":"https:\/\/mistrzowieimprez.pl\/en\/wp-json\/wp\/v2\/product\/2431\/revisions"}],"predecessor-version":[{"id":2432,"href":"https:\/\/mistrzowieimprez.pl\/en\/wp-json\/wp\/v2\/product\/2431\/revisions\/2432"}],"wp:featuredmedia":[{"embeddable":true,"href":"https:\/\/mistrzowieimprez.pl\/en\/wp-json\/wp\/v2\/media\/2392"}],"wp:attachment":[{"href":"https:\/\/mistrzowieimprez.pl\/en\/wp-json\/wp\/v2\/media?parent=2431"}],"wp:term":[{"taxonomy":"product_brand","embeddable":true,"href":"https:\/\/mistrzowieimprez.pl\/en\/wp-json\/wp\/v2\/product_brand?post=2431"},{"taxonomy":"product_cat","embeddable":true,"href":"https:\/\/mistrzowieimprez.pl\/en\/wp-json\/wp\/v2\/product_cat?post=2431"},{"taxonomy":"product_tag","embeddable":true,"href":"https:\/\/mistrzowieimprez.pl\/en\/wp-json\/wp\/v2\/product_tag?post=2431"}],"curies":[{"name":"wp","href":"https:\/\/api.w.org\/{rel}","templated":true}]}}