{"id":2429,"date":"2024-10-15T16:49:57","date_gmt":"2024-10-15T16:49:57","guid":{"rendered":"https:\/\/mistrzowieimprez.pl\/?post_type=product&#038;p=2429"},"modified":"2024-10-15T16:49:57","modified_gmt":"2024-10-15T16:49:57","slug":"silowanie-na-reke","status":"publish","type":"product","link":"https:\/\/mistrzowieimprez.pl\/en\/product\/silowanie-na-reke\/","title":{"rendered":"Si\u0142owanie na r\u0119k\u0119"},"content":{"rendered":"<h4>Opis atrakcji:<\/h4>\n<p>Si\u0142owanie na r\u0119k\u0119 na profesjonalnych sto\u0142ach u\u017cywanych w zawodach sportowych! Ta emocjonuj\u0105ca rywalizacja to doskona\u0142a okazja, by sprawdzi\u0107 swoje umiej\u0119tno\u015bci i si\u0142\u0119 w bezpo\u015brednim starciu z innymi uczestnikami.<\/p>\n<p>Si\u0142owanie na r\u0119k\u0119 nie tylko anga\u017cuje cia\u0142a, ale tak\u017ce umys\u0142y, wymagaj\u0105c strategii oraz techniki. Niezale\u017cnie od poziomu do\u015bwiadczenia, ka\u017cdy uczestnik b\u0119dzie mia\u0142 szans\u0119 na rywalizacj\u0119 i \u015bwietn\u0105 zabaw\u0119. Dodatkowo, atmosfera wsp\u00f3\u0142zawodnictwa i adrenaliny sprawi, \u017ce ta atrakcja na d\u0142ugo pozostanie w pami\u0119ci.<\/p>\n<p>To idealna atrakcja na imprezy, festyny czy inne wydarzenia, kt\u00f3ra z pewno\u015bci\u0105 przyci\u0105gnie uwag\u0119 i zaanga\u017cuje uczestnik\u00f3w.<\/p>","protected":false},"excerpt":{"rendered":"<p>Si\u0142owanie na r\u0119k\u0119 na profesjonalnych sto\u0142ach to emocjonuj\u0105ca atrakcja, kt\u00f3ra dostarczy uczestnikom wielu wra\u017ce\u0144! Rywalizacja mi\u0119dzy zawodnikami sprawi, \u017ce ka\u017cdy poczuje dreszczyk emocji i mo\u017cliwo\u015b\u0107 sprawdzenia swoich si\u0142.<\/p>","protected":false},"featured_media":2403,"comment_status":"open","ping_status":"closed","template":"","meta":{"_acf_changed":false},"product_brand":[],"product_cat":[80,89],"product_tag":[],"class_list":{"0":"post-2429","1":"product","2":"type-product","3":"status-publish","4":"has-post-thumbnail","6":"product_cat-dla-mlodziezy-i-doroslych","7":"product_cat-gry-konkursy-i-zabawy","9":"first","10":"instock","11":"shipping-taxable","12":"product-type-simple"},"acf":[],"yoast_head":"<!-- This site is optimized with the Yoast SEO plugin v27.5 - https:\/\/yoast.com\/product\/yoast-seo-wordpress\/ -->\n<title>Si\u0142owanie na r\u0119k\u0119 - Mistrzowie Imprez<\/title>\n<meta name=\"robots\" content=\"index, follow, max-snippet:-1, max-image-preview:large, max-video-preview:-1\" \/>\n<link rel=\"canonical\" href=\"https:\/\/mistrzowieimprez.pl\/en\/product\/silowanie-na-reke\/\" \/>\n<meta property=\"og:locale\" content=\"en_GB\" \/>\n<meta property=\"og:type\" content=\"article\" \/>\n<meta property=\"og:title\" content=\"Si\u0142owanie na r\u0119k\u0119 - Mistrzowie Imprez\" \/>\n<meta property=\"og:description\" content=\"Si\u0142owanie na r\u0119k\u0119 na profesjonalnych sto\u0142ach to emocjonuj\u0105ca atrakcja, kt\u00f3ra dostarczy uczestnikom wielu wra\u017ce\u0144! Rywalizacja mi\u0119dzy zawodnikami sprawi, \u017ce ka\u017cdy poczuje dreszczyk emocji i mo\u017cliwo\u015b\u0107 sprawdzenia swoich si\u0142.\" \/>\n<meta property=\"og:url\" content=\"https:\/\/mistrzowieimprez.pl\/en\/product\/silowanie-na-reke\/\" \/>\n<meta property=\"og:site_name\" content=\"Mistrzowie Imprez\" \/>\n<meta property=\"article:publisher\" content=\"https:\/\/www.facebook.com\/mistrzowieimprez\" \/>\n<meta property=\"og:image\" content=\"https:\/\/mistrzowieimprez.pl\/wp-content\/uploads\/2024\/10\/silowanie-na-reke.webp\" \/>\n\t<meta property=\"og:image:width\" content=\"1000\" \/>\n\t<meta property=\"og:image:height\" content=\"1000\" \/>\n\t<meta property=\"og:image:type\" content=\"image\/webp\" \/>\n<meta name=\"twitter:card\" content=\"summary_large_image\" \/>\n<meta name=\"twitter:label1\" content=\"Estimated reading time\" \/>\n\t<meta name=\"twitter:data1\" content=\"1 minute\" \/>\n<script type=\"application\/ld+json\" class=\"yoast-schema-graph\">{\"@context\":\"https:\\\/\\\/schema.org\",\"@graph\":[{\"@type\":\"WebPage\",\"@id\":\"https:\\\/\\\/mistrzowieimprez.pl\\\/produkt\\\/silowanie-na-reke\\\/\",\"url\":\"https:\\\/\\\/mistrzowieimprez.pl\\\/produkt\\\/silowanie-na-reke\\\/\",\"name\":\"Si\u0142owanie na r\u0119k\u0119 - Mistrzowie Imprez\",\"isPartOf\":{\"@id\":\"https:\\\/\\\/mistrzowieimprez.pl\\\/#website\"},\"primaryImageOfPage\":{\"@id\":\"https:\\\/\\\/mistrzowieimprez.pl\\\/produkt\\\/silowanie-na-reke\\\/#primaryimage\"},\"image\":{\"@id\":\"https:\\\/\\\/mistrzowieimprez.pl\\\/produkt\\\/silowanie-na-reke\\\/#primaryimage\"},\"thumbnailUrl\":\"https:\\\/\\\/mistrzowieimprez.pl\\\/wp-content\\\/uploads\\\/2024\\\/10\\\/silowanie-na-reke.webp\",\"datePublished\":\"2024-10-15T16:49:57+00:00\",\"breadcrumb\":{\"@id\":\"https:\\\/\\\/mistrzowieimprez.pl\\\/produkt\\\/silowanie-na-reke\\\/#breadcrumb\"},\"inLanguage\":\"en-GB\",\"potentialAction\":[{\"@type\":\"ReadAction\",\"target\":[\"https:\\\/\\\/mistrzowieimprez.pl\\\/produkt\\\/silowanie-na-reke\\\/\"]}]},{\"@type\":\"ImageObject\",\"inLanguage\":\"en-GB\",\"@id\":\"https:\\\/\\\/mistrzowieimprez.pl\\\/produkt\\\/silowanie-na-reke\\\/#primaryimage\",\"url\":\"https:\\\/\\\/mistrzowieimprez.pl\\\/wp-content\\\/uploads\\\/2024\\\/10\\\/silowanie-na-reke.webp\",\"contentUrl\":\"https:\\\/\\\/mistrzowieimprez.pl\\\/wp-content\\\/uploads\\\/2024\\\/10\\\/silowanie-na-reke.webp\",\"width\":1000,\"height\":1000,\"caption\":\"Na zdj\u0119ciu wida\u0107 grup\u0119 os\u00f3b bior\u0105cych udzia\u0142 w si\u0142owaniu si\u0119 na r\u0119k\u0119 podczas plenerowej imprezy z dmucha\u0144cami w tle.\"},{\"@type\":\"BreadcrumbList\",\"@id\":\"https:\\\/\\\/mistrzowieimprez.pl\\\/produkt\\\/silowanie-na-reke\\\/#breadcrumb\",\"itemListElement\":[{\"@type\":\"ListItem\",\"position\":1,\"name\":\"Strona g\u0142\u00f3wna\",\"item\":\"https:\\\/\\\/mistrzowieimprez.pl\\\/\"},{\"@type\":\"ListItem\",\"position\":2,\"name\":\"sklep\",\"item\":\"https:\\\/\\\/mistrzowieimprez.pl\\\/sklep\\\/\"},{\"@type\":\"ListItem\",\"position\":3,\"name\":\"Si\u0142owanie na&nbsp;r\u0119k\u0119\"}]},{\"@type\":\"WebSite\",\"@id\":\"https:\\\/\\\/mistrzowieimprez.pl\\\/#website\",\"url\":\"https:\\\/\\\/mistrzowieimprez.pl\\\/\",\"name\":\"Mistrzowie Imprez\",\"description\":\"Kompleksowa organizacja imprez\",\"publisher\":{\"@id\":\"https:\\\/\\\/mistrzowieimprez.pl\\\/#organization\"},\"potentialAction\":[{\"@type\":\"SearchAction\",\"target\":{\"@type\":\"EntryPoint\",\"urlTemplate\":\"https:\\\/\\\/mistrzowieimprez.pl\\\/?s={search_term_string}\"},\"query-input\":{\"@type\":\"PropertyValueSpecification\",\"valueRequired\":true,\"valueName\":\"search_term_string\"}}],\"inLanguage\":\"en-GB\"},{\"@type\":\"Organization\",\"@id\":\"https:\\\/\\\/mistrzowieimprez.pl\\\/#organization\",\"name\":\"Mistrzowie Imprez\",\"url\":\"https:\\\/\\\/mistrzowieimprez.pl\\\/\",\"logo\":{\"@type\":\"ImageObject\",\"inLanguage\":\"en-GB\",\"@id\":\"https:\\\/\\\/mistrzowieimprez.pl\\\/#\\\/schema\\\/logo\\\/image\\\/\",\"url\":\"https:\\\/\\\/mistrzowieimprez.pl\\\/wp-content\\\/uploads\\\/2024\\\/08\\\/mistrzowie_imprez_logo_ciemne-tlo@4x.png\",\"contentUrl\":\"https:\\\/\\\/mistrzowieimprez.pl\\\/wp-content\\\/uploads\\\/2024\\\/08\\\/mistrzowie_imprez_logo_ciemne-tlo@4x.png\",\"width\":1318,\"height\":351,\"caption\":\"Mistrzowie Imprez\"},\"image\":{\"@id\":\"https:\\\/\\\/mistrzowieimprez.pl\\\/#\\\/schema\\\/logo\\\/image\\\/\"},\"sameAs\":[\"https:\\\/\\\/www.facebook.com\\\/mistrzowieimprez\",\"https:\\\/\\\/www.instagram.com\\\/mistrzowieimprez\\\/\",\"https:\\\/\\\/www.youtube.com\\\/@ytmistrzowieimprez\"]}]}<\/script>\n<!-- \/ Yoast SEO plugin. -->","yoast_head_json":{"title":"Si\u0142owanie na r\u0119k\u0119 - Mistrzowie Imprez","robots":{"index":"index","follow":"follow","max-snippet":"max-snippet:-1","max-image-preview":"max-image-preview:large","max-video-preview":"max-video-preview:-1"},"canonical":"https:\/\/mistrzowieimprez.pl\/en\/product\/silowanie-na-reke\/","og_locale":"en_GB","og_type":"article","og_title":"Si\u0142owanie na r\u0119k\u0119 - Mistrzowie Imprez","og_description":"Si\u0142owanie na r\u0119k\u0119 na profesjonalnych sto\u0142ach to emocjonuj\u0105ca atrakcja, kt\u00f3ra dostarczy uczestnikom wielu wra\u017ce\u0144! Rywalizacja mi\u0119dzy zawodnikami sprawi, \u017ce ka\u017cdy poczuje dreszczyk emocji i mo\u017cliwo\u015b\u0107 sprawdzenia swoich si\u0142.","og_url":"https:\/\/mistrzowieimprez.pl\/en\/product\/silowanie-na-reke\/","og_site_name":"Mistrzowie Imprez","article_publisher":"https:\/\/www.facebook.com\/mistrzowieimprez","og_image":[{"width":1000,"height":1000,"url":"https:\/\/mistrzowieimprez.pl\/wp-content\/uploads\/2024\/10\/silowanie-na-reke.webp","type":"image\/webp"}],"twitter_card":"summary_large_image","twitter_misc":{"Estimated reading time":"1 minute"},"schema":{"@context":"https:\/\/schema.org","@graph":[{"@type":"WebPage","@id":"https:\/\/mistrzowieimprez.pl\/produkt\/silowanie-na-reke\/","url":"https:\/\/mistrzowieimprez.pl\/produkt\/silowanie-na-reke\/","name":"Si\u0142owanie na r\u0119k\u0119 - Mistrzowie Imprez","isPartOf":{"@id":"https:\/\/mistrzowieimprez.pl\/#website"},"primaryImageOfPage":{"@id":"https:\/\/mistrzowieimprez.pl\/produkt\/silowanie-na-reke\/#primaryimage"},"image":{"@id":"https:\/\/mistrzowieimprez.pl\/produkt\/silowanie-na-reke\/#primaryimage"},"thumbnailUrl":"https:\/\/mistrzowieimprez.pl\/wp-content\/uploads\/2024\/10\/silowanie-na-reke.webp","datePublished":"2024-10-15T16:49:57+00:00","breadcrumb":{"@id":"https:\/\/mistrzowieimprez.pl\/produkt\/silowanie-na-reke\/#breadcrumb"},"inLanguage":"en-GB","potentialAction":[{"@type":"ReadAction","target":["https:\/\/mistrzowieimprez.pl\/produkt\/silowanie-na-reke\/"]}]},{"@type":"ImageObject","inLanguage":"en-GB","@id":"https:\/\/mistrzowieimprez.pl\/produkt\/silowanie-na-reke\/#primaryimage","url":"https:\/\/mistrzowieimprez.pl\/wp-content\/uploads\/2024\/10\/silowanie-na-reke.webp","contentUrl":"https:\/\/mistrzowieimprez.pl\/wp-content\/uploads\/2024\/10\/silowanie-na-reke.webp","width":1000,"height":1000,"caption":"Na zdj\u0119ciu wida\u0107 grup\u0119 os\u00f3b bior\u0105cych udzia\u0142 w si\u0142owaniu si\u0119 na r\u0119k\u0119 podczas plenerowej imprezy z dmucha\u0144cami w tle."},{"@type":"BreadcrumbList","@id":"https:\/\/mistrzowieimprez.pl\/produkt\/silowanie-na-reke\/#breadcrumb","itemListElement":[{"@type":"ListItem","position":1,"name":"Strona g\u0142\u00f3wna","item":"https:\/\/mistrzowieimprez.pl\/"},{"@type":"ListItem","position":2,"name":"sklep","item":"https:\/\/mistrzowieimprez.pl\/sklep\/"},{"@type":"ListItem","position":3,"name":"Si\u0142owanie na&nbsp;r\u0119k\u0119"}]},{"@type":"WebSite","@id":"https:\/\/mistrzowieimprez.pl\/#website","url":"https:\/\/mistrzowieimprez.pl\/","name":"Mistrzowie Imprez","description":"Kompleksowa organizacja imprez","publisher":{"@id":"https:\/\/mistrzowieimprez.pl\/#organization"},"potentialAction":[{"@type":"SearchAction","target":{"@type":"EntryPoint","urlTemplate":"https:\/\/mistrzowieimprez.pl\/?s={search_term_string}"},"query-input":{"@type":"PropertyValueSpecification","valueRequired":true,"valueName":"search_term_string"}}],"inLanguage":"en-GB"},{"@type":"Organization","@id":"https:\/\/mistrzowieimprez.pl\/#organization","name":"Mistrzowie Imprez","url":"https:\/\/mistrzowieimprez.pl\/","logo":{"@type":"ImageObject","inLanguage":"en-GB","@id":"https:\/\/mistrzowieimprez.pl\/#\/schema\/logo\/image\/","url":"https:\/\/mistrzowieimprez.pl\/wp-content\/uploads\/2024\/08\/mistrzowie_imprez_logo_ciemne-tlo@4x.png","contentUrl":"https:\/\/mistrzowieimprez.pl\/wp-content\/uploads\/2024\/08\/mistrzowie_imprez_logo_ciemne-tlo@4x.png","width":1318,"height":351,"caption":"Mistrzowie Imprez"},"image":{"@id":"https:\/\/mistrzowieimprez.pl\/#\/schema\/logo\/image\/"},"sameAs":["https:\/\/www.facebook.com\/mistrzowieimprez","https:\/\/www.instagram.com\/mistrzowieimprez\/","https:\/\/www.youtube.com\/@ytmistrzowieimprez"]}]}},"_links":{"self":[{"href":"https:\/\/mistrzowieimprez.pl\/en\/wp-json\/wp\/v2\/product\/2429","targetHints":{"allow":["GET"]}}],"collection":[{"href":"https:\/\/mistrzowieimprez.pl\/en\/wp-json\/wp\/v2\/product"}],"about":[{"href":"https:\/\/mistrzowieimprez.pl\/en\/wp-json\/wp\/v2\/types\/product"}],"replies":[{"embeddable":true,"href":"https:\/\/mistrzowieimprez.pl\/en\/wp-json\/wp\/v2\/comments?post=2429"}],"version-history":[{"count":1,"href":"https:\/\/mistrzowieimprez.pl\/en\/wp-json\/wp\/v2\/product\/2429\/revisions"}],"predecessor-version":[{"id":2430,"href":"https:\/\/mistrzowieimprez.pl\/en\/wp-json\/wp\/v2\/product\/2429\/revisions\/2430"}],"wp:featuredmedia":[{"embeddable":true,"href":"https:\/\/mistrzowieimprez.pl\/en\/wp-json\/wp\/v2\/media\/2403"}],"wp:attachment":[{"href":"https:\/\/mistrzowieimprez.pl\/en\/wp-json\/wp\/v2\/media?parent=2429"}],"wp:term":[{"taxonomy":"product_brand","embeddable":true,"href":"https:\/\/mistrzowieimprez.pl\/en\/wp-json\/wp\/v2\/product_brand?post=2429"},{"taxonomy":"product_cat","embeddable":true,"href":"https:\/\/mistrzowieimprez.pl\/en\/wp-json\/wp\/v2\/product_cat?post=2429"},{"taxonomy":"product_tag","embeddable":true,"href":"https:\/\/mistrzowieimprez.pl\/en\/wp-json\/wp\/v2\/product_tag?post=2429"}],"curies":[{"name":"wp","href":"https:\/\/api.w.org\/{rel}","templated":true}]}}