{"id":2383,"date":"2024-10-07T17:47:11","date_gmt":"2024-10-07T17:47:11","guid":{"rendered":"https:\/\/mistrzowieimprez.pl\/?post_type=product&#038;p=2383"},"modified":"2024-11-07T13:34:00","modified_gmt":"2024-11-07T13:34:00","slug":"malowanie-i-wino","status":"publish","type":"product","link":"https:\/\/mistrzowieimprez.pl\/en\/product\/malowanie-i-wino\/","title":{"rendered":"Malowanie i wino"},"content":{"rendered":"<h4>Opis scenariusza:<\/h4>\n<p>Odkryj niezwyk\u0142e po\u0142\u0105czenie sztuki, kreatywno\u015bci i przyjemno\u015bci degustacji wina podczas naszych wyj\u0105tkowych warsztat\u00f3w! To idealna okazja dla wszystkich mi\u0142o\u015bnik\u00f3w malarstwa i win, kt\u00f3rzy pragn\u0105 sp\u0119dzi\u0107 czas w inspiruj\u0105cej atmosferze, \u0142\u0105cz\u0105c swoje pasje w jednym, niezapomnianym do\u015bwiadczeniu.<\/p>\n<p>Podczas warsztat\u00f3w uczestnicy b\u0119d\u0105 mieli szans\u0119 pod okiem do\u015bwiadczonego artysty oraz sommeliera, aby rozwija\u0107 swoje artystyczne talenty. Ka\u017cdy uczestnik dostanie niezb\u0119dne materia\u0142y do malowania, a tak\u017ce zestaw wyselekcjonowanych win, kt\u00f3re b\u0119d\u0105 degustowane w trakcie tw\u00f3rczego procesu. Dzi\u0119ki temu, malowanie stanie si\u0119 nie tylko aktem ekspresji, ale r\u00f3wnie\u017c sposobem na delektowanie si\u0119 r\u00f3\u017cnorodnymi smakami win.<\/p>\n<p>Nasze warsztaty oferuj\u0105 unikalne po\u0142\u0105czenie kreatywno\u015bci i zmys\u0142owych dozna\u0144. Uczestnicy b\u0119d\u0105 mieli mo\u017cliwo\u015b\u0107 zanurzenia si\u0119 w tw\u00f3rczym flow, korzystaj\u0105c z inspiracji p\u0142yn\u0105cej z wina, kt\u00f3re pobudza zmys\u0142y i otwiera umys\u0142 na nowe pomys\u0142y. Atmosfera sprzyjaj\u0105ca relaksowi, a jednocze\u015bnie tw\u00f3rczo\u015bci sprawi, \u017ce ka\u017cdy moment b\u0119dzie wyj\u0105tkowy.<\/p>\n<p>Na koniec warsztat\u00f3w ka\u017cdy z uczestnik\u00f3w zabierze ze sob\u0105 nie tylko swoje dzie\u0142o sztuki, ale r\u00f3wnie\u017c pi\u0119kne wspomnienia i nowe przyja\u017anie.<\/p>","protected":false},"excerpt":{"rendered":"<p>Zapraszamy na wyj\u0105tkowe warsztaty, kt\u00f3re \u0142\u0105cz\u0105 sztuk\u0119, kreatywno\u015b\u0107 i degustacj\u0119 wina! Pod okiem do\u015bwiadczonego artysty i sommeliera uczestnicy b\u0119d\u0105 mieli okazj\u0119 malowa\u0107 na p\u0142\u00f3tnie, jednocze\u015bnie delektuj\u0105c si\u0119 starannie wyselekcjonowanymi winami. To niezapomniane do\u015bwiadczenie, kt\u00f3re pobudzi wszystkie zmys\u0142y i pozwoli odkry\u0107 artystyczne talenty w relaksuj\u0105cej atmosferze.<\/p>","protected":false},"featured_media":2303,"comment_status":"open","ping_status":"closed","template":"","meta":{"_acf_changed":false},"product_brand":[],"product_cat":[94,97],"product_tag":[],"class_list":{"0":"post-2383","1":"product","2":"type-product","3":"status-publish","4":"has-post-thumbnail","6":"product_cat-team-building","7":"product_cat-warsztaty-na-imprezy-integracyjne","9":"first","10":"instock","11":"shipping-taxable","12":"product-type-simple"},"acf":[],"yoast_head":"<!-- This site is optimized with the Yoast SEO plugin v27.5 - https:\/\/yoast.com\/product\/yoast-seo-wordpress\/ -->\n<title>Malowanie i wino - Mistrzowie Imprez<\/title>\n<meta name=\"robots\" content=\"index, follow, max-snippet:-1, max-image-preview:large, max-video-preview:-1\" \/>\n<link rel=\"canonical\" href=\"https:\/\/mistrzowieimprez.pl\/en\/product\/malowanie-i-wino\/\" \/>\n<meta property=\"og:locale\" content=\"en_GB\" \/>\n<meta property=\"og:type\" content=\"article\" \/>\n<meta property=\"og:title\" content=\"Malowanie i wino - Mistrzowie Imprez\" \/>\n<meta property=\"og:description\" content=\"Zapraszamy na wyj\u0105tkowe warsztaty, kt\u00f3re \u0142\u0105cz\u0105 sztuk\u0119, kreatywno\u015b\u0107 i degustacj\u0119 wina! Pod okiem do\u015bwiadczonego artysty i sommeliera uczestnicy b\u0119d\u0105 mieli okazj\u0119 malowa\u0107 na p\u0142\u00f3tnie, jednocze\u015bnie delektuj\u0105c si\u0119 starannie wyselekcjonowanymi winami. To niezapomniane do\u015bwiadczenie, kt\u00f3re pobudzi wszystkie zmys\u0142y i pozwoli odkry\u0107 artystyczne talenty w relaksuj\u0105cej atmosferze.\" \/>\n<meta property=\"og:url\" content=\"https:\/\/mistrzowieimprez.pl\/en\/product\/malowanie-i-wino\/\" \/>\n<meta property=\"og:site_name\" content=\"Mistrzowie Imprez\" \/>\n<meta property=\"article:publisher\" content=\"https:\/\/www.facebook.com\/mistrzowieimprez\" \/>\n<meta property=\"article:modified_time\" content=\"2024-11-07T13:34:00+00:00\" \/>\n<meta property=\"og:image\" content=\"https:\/\/mistrzowieimprez.pl\/wp-content\/uploads\/2024\/10\/MALOWANIE-I-WINO.webp\" \/>\n\t<meta property=\"og:image:width\" content=\"1000\" \/>\n\t<meta property=\"og:image:height\" content=\"1000\" \/>\n\t<meta property=\"og:image:type\" content=\"image\/webp\" \/>\n<meta name=\"twitter:card\" content=\"summary_large_image\" \/>\n<meta name=\"twitter:label1\" content=\"Estimated reading time\" \/>\n\t<meta name=\"twitter:data1\" content=\"1 minute\" \/>\n<script type=\"application\/ld+json\" class=\"yoast-schema-graph\">{\"@context\":\"https:\\\/\\\/schema.org\",\"@graph\":[{\"@type\":\"WebPage\",\"@id\":\"https:\\\/\\\/mistrzowieimprez.pl\\\/produkt\\\/malowanie-i-wino\\\/\",\"url\":\"https:\\\/\\\/mistrzowieimprez.pl\\\/produkt\\\/malowanie-i-wino\\\/\",\"name\":\"Malowanie i wino - Mistrzowie Imprez\",\"isPartOf\":{\"@id\":\"https:\\\/\\\/mistrzowieimprez.pl\\\/#website\"},\"primaryImageOfPage\":{\"@id\":\"https:\\\/\\\/mistrzowieimprez.pl\\\/produkt\\\/malowanie-i-wino\\\/#primaryimage\"},\"image\":{\"@id\":\"https:\\\/\\\/mistrzowieimprez.pl\\\/produkt\\\/malowanie-i-wino\\\/#primaryimage\"},\"thumbnailUrl\":\"https:\\\/\\\/mistrzowieimprez.pl\\\/wp-content\\\/uploads\\\/2024\\\/10\\\/MALOWANIE-I-WINO.webp\",\"datePublished\":\"2024-10-07T17:47:11+00:00\",\"dateModified\":\"2024-11-07T13:34:00+00:00\",\"breadcrumb\":{\"@id\":\"https:\\\/\\\/mistrzowieimprez.pl\\\/produkt\\\/malowanie-i-wino\\\/#breadcrumb\"},\"inLanguage\":\"en-GB\",\"potentialAction\":[{\"@type\":\"ReadAction\",\"target\":[\"https:\\\/\\\/mistrzowieimprez.pl\\\/produkt\\\/malowanie-i-wino\\\/\"]}]},{\"@type\":\"ImageObject\",\"inLanguage\":\"en-GB\",\"@id\":\"https:\\\/\\\/mistrzowieimprez.pl\\\/produkt\\\/malowanie-i-wino\\\/#primaryimage\",\"url\":\"https:\\\/\\\/mistrzowieimprez.pl\\\/wp-content\\\/uploads\\\/2024\\\/10\\\/MALOWANIE-I-WINO.webp\",\"contentUrl\":\"https:\\\/\\\/mistrzowieimprez.pl\\\/wp-content\\\/uploads\\\/2024\\\/10\\\/MALOWANIE-I-WINO.webp\",\"width\":1000,\"height\":1000,\"caption\":\"Osoba trzyma kieliszek wina przed sztalug\u0105 w malarskim studio pe\u0142nym kolorowych obraz\u00f3w.\"},{\"@type\":\"BreadcrumbList\",\"@id\":\"https:\\\/\\\/mistrzowieimprez.pl\\\/produkt\\\/malowanie-i-wino\\\/#breadcrumb\",\"itemListElement\":[{\"@type\":\"ListItem\",\"position\":1,\"name\":\"Strona g\u0142\u00f3wna\",\"item\":\"https:\\\/\\\/mistrzowieimprez.pl\\\/\"},{\"@type\":\"ListItem\",\"position\":2,\"name\":\"sklep\",\"item\":\"https:\\\/\\\/mistrzowieimprez.pl\\\/sklep\\\/\"},{\"@type\":\"ListItem\",\"position\":3,\"name\":\"Malowanie i&nbsp;wino\"}]},{\"@type\":\"WebSite\",\"@id\":\"https:\\\/\\\/mistrzowieimprez.pl\\\/#website\",\"url\":\"https:\\\/\\\/mistrzowieimprez.pl\\\/\",\"name\":\"Mistrzowie Imprez\",\"description\":\"Kompleksowa organizacja imprez\",\"publisher\":{\"@id\":\"https:\\\/\\\/mistrzowieimprez.pl\\\/#organization\"},\"potentialAction\":[{\"@type\":\"SearchAction\",\"target\":{\"@type\":\"EntryPoint\",\"urlTemplate\":\"https:\\\/\\\/mistrzowieimprez.pl\\\/?s={search_term_string}\"},\"query-input\":{\"@type\":\"PropertyValueSpecification\",\"valueRequired\":true,\"valueName\":\"search_term_string\"}}],\"inLanguage\":\"en-GB\"},{\"@type\":\"Organization\",\"@id\":\"https:\\\/\\\/mistrzowieimprez.pl\\\/#organization\",\"name\":\"Mistrzowie Imprez\",\"url\":\"https:\\\/\\\/mistrzowieimprez.pl\\\/\",\"logo\":{\"@type\":\"ImageObject\",\"inLanguage\":\"en-GB\",\"@id\":\"https:\\\/\\\/mistrzowieimprez.pl\\\/#\\\/schema\\\/logo\\\/image\\\/\",\"url\":\"https:\\\/\\\/mistrzowieimprez.pl\\\/wp-content\\\/uploads\\\/2024\\\/08\\\/mistrzowie_imprez_logo_ciemne-tlo@4x.png\",\"contentUrl\":\"https:\\\/\\\/mistrzowieimprez.pl\\\/wp-content\\\/uploads\\\/2024\\\/08\\\/mistrzowie_imprez_logo_ciemne-tlo@4x.png\",\"width\":1318,\"height\":351,\"caption\":\"Mistrzowie Imprez\"},\"image\":{\"@id\":\"https:\\\/\\\/mistrzowieimprez.pl\\\/#\\\/schema\\\/logo\\\/image\\\/\"},\"sameAs\":[\"https:\\\/\\\/www.facebook.com\\\/mistrzowieimprez\",\"https:\\\/\\\/www.instagram.com\\\/mistrzowieimprez\\\/\",\"https:\\\/\\\/www.youtube.com\\\/@ytmistrzowieimprez\"]}]}<\/script>\n<!-- \/ Yoast SEO plugin. -->","yoast_head_json":{"title":"Malowanie i wino - Mistrzowie Imprez","robots":{"index":"index","follow":"follow","max-snippet":"max-snippet:-1","max-image-preview":"max-image-preview:large","max-video-preview":"max-video-preview:-1"},"canonical":"https:\/\/mistrzowieimprez.pl\/en\/product\/malowanie-i-wino\/","og_locale":"en_GB","og_type":"article","og_title":"Malowanie i wino - Mistrzowie Imprez","og_description":"Zapraszamy na wyj\u0105tkowe warsztaty, kt\u00f3re \u0142\u0105cz\u0105 sztuk\u0119, kreatywno\u015b\u0107 i degustacj\u0119 wina! Pod okiem do\u015bwiadczonego artysty i sommeliera uczestnicy b\u0119d\u0105 mieli okazj\u0119 malowa\u0107 na p\u0142\u00f3tnie, jednocze\u015bnie delektuj\u0105c si\u0119 starannie wyselekcjonowanymi winami. To niezapomniane do\u015bwiadczenie, kt\u00f3re pobudzi wszystkie zmys\u0142y i pozwoli odkry\u0107 artystyczne talenty w relaksuj\u0105cej atmosferze.","og_url":"https:\/\/mistrzowieimprez.pl\/en\/product\/malowanie-i-wino\/","og_site_name":"Mistrzowie Imprez","article_publisher":"https:\/\/www.facebook.com\/mistrzowieimprez","article_modified_time":"2024-11-07T13:34:00+00:00","og_image":[{"width":1000,"height":1000,"url":"https:\/\/mistrzowieimprez.pl\/wp-content\/uploads\/2024\/10\/MALOWANIE-I-WINO.webp","type":"image\/webp"}],"twitter_card":"summary_large_image","twitter_misc":{"Estimated reading time":"1 minute"},"schema":{"@context":"https:\/\/schema.org","@graph":[{"@type":"WebPage","@id":"https:\/\/mistrzowieimprez.pl\/produkt\/malowanie-i-wino\/","url":"https:\/\/mistrzowieimprez.pl\/produkt\/malowanie-i-wino\/","name":"Malowanie i wino - Mistrzowie Imprez","isPartOf":{"@id":"https:\/\/mistrzowieimprez.pl\/#website"},"primaryImageOfPage":{"@id":"https:\/\/mistrzowieimprez.pl\/produkt\/malowanie-i-wino\/#primaryimage"},"image":{"@id":"https:\/\/mistrzowieimprez.pl\/produkt\/malowanie-i-wino\/#primaryimage"},"thumbnailUrl":"https:\/\/mistrzowieimprez.pl\/wp-content\/uploads\/2024\/10\/MALOWANIE-I-WINO.webp","datePublished":"2024-10-07T17:47:11+00:00","dateModified":"2024-11-07T13:34:00+00:00","breadcrumb":{"@id":"https:\/\/mistrzowieimprez.pl\/produkt\/malowanie-i-wino\/#breadcrumb"},"inLanguage":"en-GB","potentialAction":[{"@type":"ReadAction","target":["https:\/\/mistrzowieimprez.pl\/produkt\/malowanie-i-wino\/"]}]},{"@type":"ImageObject","inLanguage":"en-GB","@id":"https:\/\/mistrzowieimprez.pl\/produkt\/malowanie-i-wino\/#primaryimage","url":"https:\/\/mistrzowieimprez.pl\/wp-content\/uploads\/2024\/10\/MALOWANIE-I-WINO.webp","contentUrl":"https:\/\/mistrzowieimprez.pl\/wp-content\/uploads\/2024\/10\/MALOWANIE-I-WINO.webp","width":1000,"height":1000,"caption":"Osoba trzyma kieliszek wina przed sztalug\u0105 w malarskim studio pe\u0142nym kolorowych obraz\u00f3w."},{"@type":"BreadcrumbList","@id":"https:\/\/mistrzowieimprez.pl\/produkt\/malowanie-i-wino\/#breadcrumb","itemListElement":[{"@type":"ListItem","position":1,"name":"Strona g\u0142\u00f3wna","item":"https:\/\/mistrzowieimprez.pl\/"},{"@type":"ListItem","position":2,"name":"sklep","item":"https:\/\/mistrzowieimprez.pl\/sklep\/"},{"@type":"ListItem","position":3,"name":"Malowanie i&nbsp;wino"}]},{"@type":"WebSite","@id":"https:\/\/mistrzowieimprez.pl\/#website","url":"https:\/\/mistrzowieimprez.pl\/","name":"Mistrzowie Imprez","description":"Kompleksowa organizacja imprez","publisher":{"@id":"https:\/\/mistrzowieimprez.pl\/#organization"},"potentialAction":[{"@type":"SearchAction","target":{"@type":"EntryPoint","urlTemplate":"https:\/\/mistrzowieimprez.pl\/?s={search_term_string}"},"query-input":{"@type":"PropertyValueSpecification","valueRequired":true,"valueName":"search_term_string"}}],"inLanguage":"en-GB"},{"@type":"Organization","@id":"https:\/\/mistrzowieimprez.pl\/#organization","name":"Mistrzowie Imprez","url":"https:\/\/mistrzowieimprez.pl\/","logo":{"@type":"ImageObject","inLanguage":"en-GB","@id":"https:\/\/mistrzowieimprez.pl\/#\/schema\/logo\/image\/","url":"https:\/\/mistrzowieimprez.pl\/wp-content\/uploads\/2024\/08\/mistrzowie_imprez_logo_ciemne-tlo@4x.png","contentUrl":"https:\/\/mistrzowieimprez.pl\/wp-content\/uploads\/2024\/08\/mistrzowie_imprez_logo_ciemne-tlo@4x.png","width":1318,"height":351,"caption":"Mistrzowie Imprez"},"image":{"@id":"https:\/\/mistrzowieimprez.pl\/#\/schema\/logo\/image\/"},"sameAs":["https:\/\/www.facebook.com\/mistrzowieimprez","https:\/\/www.instagram.com\/mistrzowieimprez\/","https:\/\/www.youtube.com\/@ytmistrzowieimprez"]}]}},"_links":{"self":[{"href":"https:\/\/mistrzowieimprez.pl\/en\/wp-json\/wp\/v2\/product\/2383","targetHints":{"allow":["GET"]}}],"collection":[{"href":"https:\/\/mistrzowieimprez.pl\/en\/wp-json\/wp\/v2\/product"}],"about":[{"href":"https:\/\/mistrzowieimprez.pl\/en\/wp-json\/wp\/v2\/types\/product"}],"replies":[{"embeddable":true,"href":"https:\/\/mistrzowieimprez.pl\/en\/wp-json\/wp\/v2\/comments?post=2383"}],"version-history":[{"count":1,"href":"https:\/\/mistrzowieimprez.pl\/en\/wp-json\/wp\/v2\/product\/2383\/revisions"}],"predecessor-version":[{"id":2384,"href":"https:\/\/mistrzowieimprez.pl\/en\/wp-json\/wp\/v2\/product\/2383\/revisions\/2384"}],"wp:featuredmedia":[{"embeddable":true,"href":"https:\/\/mistrzowieimprez.pl\/en\/wp-json\/wp\/v2\/media\/2303"}],"wp:attachment":[{"href":"https:\/\/mistrzowieimprez.pl\/en\/wp-json\/wp\/v2\/media?parent=2383"}],"wp:term":[{"taxonomy":"product_brand","embeddable":true,"href":"https:\/\/mistrzowieimprez.pl\/en\/wp-json\/wp\/v2\/product_brand?post=2383"},{"taxonomy":"product_cat","embeddable":true,"href":"https:\/\/mistrzowieimprez.pl\/en\/wp-json\/wp\/v2\/product_cat?post=2383"},{"taxonomy":"product_tag","embeddable":true,"href":"https:\/\/mistrzowieimprez.pl\/en\/wp-json\/wp\/v2\/product_tag?post=2383"}],"curies":[{"name":"wp","href":"https:\/\/api.w.org\/{rel}","templated":true}]}}