{"id":2380,"date":"2024-10-07T17:42:15","date_gmt":"2024-10-07T17:42:15","guid":{"rendered":"https:\/\/mistrzowieimprez.pl\/?post_type=product&#038;p=2380"},"modified":"2024-11-07T13:36:59","modified_gmt":"2024-11-07T13:36:59","slug":"swiece","status":"publish","type":"product","link":"https:\/\/mistrzowieimprez.pl\/en\/product\/swiece\/","title":{"rendered":"\u015awiece"},"content":{"rendered":"<h4>Opis scenariusza:<\/h4>\n<p>Warsztaty r\u0119kodzie\u0142a, kt\u00f3re s\u0105 idealne dla ka\u017cdego, kto pragnie po\u0142\u0105czy\u0107 pasj\u0119 do tworzenia z ekologicznym podej\u015bciem do \u017cycia. Podczas tych unikalnych zaj\u0119\u0107 uczestnicy b\u0119d\u0105 mieli okazj\u0119 pozna\u0107 sztuk\u0119 tworzenia \u015bwiec z wykorzystaniem naturalnych wosk\u00f3w oraz aromatycznych olejk\u00f3w eterycznych.<\/p>\n<p>Pod okiem do\u015bwiadczonego instruktora, ka\u017cdy krok procesu tworzenia \u015bwiec zostanie szczeg\u00f3\u0142owo om\u00f3wiony i pokazany. Uczestnicy dowiedz\u0105 si\u0119, jak wybiera\u0107 odpowiednie woski, kt\u00f3re b\u0119d\u0105 najlepsze dla ich projekt\u00f3w, oraz jak korzysta\u0107 z naturalnych barwnik\u00f3w, aby nada\u0107 \u015bwiecom unikalny wygl\u0105d.<\/p>\n<p>W trakcie warsztat\u00f3w om\u00f3wione zostan\u0105 r\u00f3wnie\u017c r\u00f3\u017cnorodne techniki dodawania zapach\u00f3w, kt\u00f3re sprawi\u0105, \u017ce ich dzie\u0142a b\u0119d\u0105 nie tylko estetyczne, ale r\u00f3wnie\u017c przyjemne dla zmys\u0142\u00f3w. Uczestnicy naucz\u0105 si\u0119 formowa\u0107 i zdobi\u0107 swoje \u015bwieczki, tworz\u0105c efekty, kt\u00f3re odzwierciedlaj\u0105 ich indywidualny styl i kreatywno\u015b\u0107.<\/p>\n<p>Na zako\u0144czenie warsztat\u00f3w ka\u017cdy uczestnik opu\u015bci je z w\u0142asnor\u0119cznie wykonan\u0105 \u015bwiec\u0105, stanowi\u0105c\u0105 nie tylko pi\u0119kn\u0105 ozdob\u0119, ale tak\u017ce pami\u0105tk\u0119 wyj\u0105tkowego do\u015bwiadczenia. Co wi\u0119cej, warsztaty te b\u0119d\u0105 nie tylko sposobem na rozwijanie swoich umiej\u0119tno\u015bci manualnych, ale r\u00f3wnie\u017c doskona\u0142\u0105 okazj\u0105 do sp\u0119dzenia czasu w gronie os\u00f3b o podobnych zainteresowaniach.<\/p>","protected":false},"excerpt":{"rendered":"<p>Wyj\u0105tkowe warsztaty, podczas kt\u00f3rych mi\u0142o\u015bnicy r\u0119kodzie\u0142a odkryj\u0105 tajniki tworzenia pi\u0119knych \u015bwiec z naturalnych wosk\u00f3w i olejk\u00f3w eterycznych. Pod okiem do\u015bwiadczonego instruktora uczestnicy naucz\u0105 si\u0119, jak wybiera\u0107 woski, dodawa\u0107 barwniki i zapachy oraz formowa\u0107 i zdobi\u0107 w\u0142asne \u015bwieczki. Na koniec ka\u017cdy z uczestnik\u00f3w zabierze ze sob\u0105 nie tylko now\u0105 wiedz\u0119, ale i unikaln\u0105, r\u0119cznie wykonan\u0105 \u015bwiec\u0119!<\/p>","protected":false},"featured_media":2324,"comment_status":"open","ping_status":"closed","template":"","meta":{"_acf_changed":false},"product_brand":[],"product_cat":[94,97],"product_tag":[],"class_list":{"0":"post-2380","1":"product","2":"type-product","3":"status-publish","4":"has-post-thumbnail","6":"product_cat-team-building","7":"product_cat-warsztaty-na-imprezy-integracyjne","9":"first","10":"instock","11":"shipping-taxable","12":"product-type-simple"},"acf":[],"yoast_head":"<!-- This site is optimized with the Yoast SEO plugin v27.5 - https:\/\/yoast.com\/product\/yoast-seo-wordpress\/ -->\n<title>\u015awiece - Mistrzowie Imprez<\/title>\n<meta name=\"robots\" content=\"index, follow, max-snippet:-1, max-image-preview:large, max-video-preview:-1\" \/>\n<link rel=\"canonical\" href=\"https:\/\/mistrzowieimprez.pl\/en\/product\/swiece\/\" \/>\n<meta property=\"og:locale\" content=\"en_GB\" \/>\n<meta property=\"og:type\" content=\"article\" \/>\n<meta property=\"og:title\" content=\"\u015awiece - Mistrzowie Imprez\" \/>\n<meta property=\"og:description\" content=\"Wyj\u0105tkowe warsztaty, podczas kt\u00f3rych mi\u0142o\u015bnicy r\u0119kodzie\u0142a odkryj\u0105 tajniki tworzenia pi\u0119knych \u015bwiec z naturalnych wosk\u00f3w i olejk\u00f3w eterycznych. Pod okiem do\u015bwiadczonego instruktora uczestnicy naucz\u0105 si\u0119, jak wybiera\u0107 woski, dodawa\u0107 barwniki i zapachy oraz formowa\u0107 i zdobi\u0107 w\u0142asne \u015bwieczki. Na koniec ka\u017cdy z uczestnik\u00f3w zabierze ze sob\u0105 nie tylko now\u0105 wiedz\u0119, ale i unikaln\u0105, r\u0119cznie wykonan\u0105 \u015bwiec\u0119!\" \/>\n<meta property=\"og:url\" content=\"https:\/\/mistrzowieimprez.pl\/en\/product\/swiece\/\" \/>\n<meta property=\"og:site_name\" content=\"Mistrzowie Imprez\" \/>\n<meta property=\"article:publisher\" content=\"https:\/\/www.facebook.com\/mistrzowieimprez\" \/>\n<meta property=\"article:modified_time\" content=\"2024-11-07T13:36:59+00:00\" \/>\n<meta property=\"og:image\" content=\"https:\/\/mistrzowieimprez.pl\/wp-content\/uploads\/2024\/10\/SWIECE.webp\" \/>\n\t<meta property=\"og:image:width\" content=\"1000\" \/>\n\t<meta property=\"og:image:height\" content=\"1000\" \/>\n\t<meta property=\"og:image:type\" content=\"image\/webp\" \/>\n<meta name=\"twitter:card\" content=\"summary_large_image\" \/>\n<meta name=\"twitter:label1\" content=\"Estimated reading time\" \/>\n\t<meta name=\"twitter:data1\" content=\"1 minute\" \/>\n<script type=\"application\/ld+json\" class=\"yoast-schema-graph\">{\"@context\":\"https:\\\/\\\/schema.org\",\"@graph\":[{\"@type\":\"WebPage\",\"@id\":\"https:\\\/\\\/mistrzowieimprez.pl\\\/produkt\\\/swiece\\\/\",\"url\":\"https:\\\/\\\/mistrzowieimprez.pl\\\/produkt\\\/swiece\\\/\",\"name\":\"\u015awiece - Mistrzowie Imprez\",\"isPartOf\":{\"@id\":\"https:\\\/\\\/mistrzowieimprez.pl\\\/#website\"},\"primaryImageOfPage\":{\"@id\":\"https:\\\/\\\/mistrzowieimprez.pl\\\/produkt\\\/swiece\\\/#primaryimage\"},\"image\":{\"@id\":\"https:\\\/\\\/mistrzowieimprez.pl\\\/produkt\\\/swiece\\\/#primaryimage\"},\"thumbnailUrl\":\"https:\\\/\\\/mistrzowieimprez.pl\\\/wp-content\\\/uploads\\\/2024\\\/10\\\/SWIECE.webp\",\"datePublished\":\"2024-10-07T17:42:15+00:00\",\"dateModified\":\"2024-11-07T13:36:59+00:00\",\"breadcrumb\":{\"@id\":\"https:\\\/\\\/mistrzowieimprez.pl\\\/produkt\\\/swiece\\\/#breadcrumb\"},\"inLanguage\":\"en-GB\",\"potentialAction\":[{\"@type\":\"ReadAction\",\"target\":[\"https:\\\/\\\/mistrzowieimprez.pl\\\/produkt\\\/swiece\\\/\"]}]},{\"@type\":\"ImageObject\",\"inLanguage\":\"en-GB\",\"@id\":\"https:\\\/\\\/mistrzowieimprez.pl\\\/produkt\\\/swiece\\\/#primaryimage\",\"url\":\"https:\\\/\\\/mistrzowieimprez.pl\\\/wp-content\\\/uploads\\\/2024\\\/10\\\/SWIECE.webp\",\"contentUrl\":\"https:\\\/\\\/mistrzowieimprez.pl\\\/wp-content\\\/uploads\\\/2024\\\/10\\\/SWIECE.webp\",\"width\":1000,\"height\":1000,\"caption\":\"Na zdj\u0119ciu wida\u0107 stanowisko do tworzenia \u015bwiec, z akcesoriami i p\u0142ynem w szklance, przygotowane prawdopodobnie dla warsztat\u00f3w organizowanych przez Mistrz\u00f3w imprez.\"},{\"@type\":\"BreadcrumbList\",\"@id\":\"https:\\\/\\\/mistrzowieimprez.pl\\\/produkt\\\/swiece\\\/#breadcrumb\",\"itemListElement\":[{\"@type\":\"ListItem\",\"position\":1,\"name\":\"Strona g\u0142\u00f3wna\",\"item\":\"https:\\\/\\\/mistrzowieimprez.pl\\\/\"},{\"@type\":\"ListItem\",\"position\":2,\"name\":\"sklep\",\"item\":\"https:\\\/\\\/mistrzowieimprez.pl\\\/sklep\\\/\"},{\"@type\":\"ListItem\",\"position\":3,\"name\":\"\u015awiece\"}]},{\"@type\":\"WebSite\",\"@id\":\"https:\\\/\\\/mistrzowieimprez.pl\\\/#website\",\"url\":\"https:\\\/\\\/mistrzowieimprez.pl\\\/\",\"name\":\"Mistrzowie Imprez\",\"description\":\"Kompleksowa organizacja imprez\",\"publisher\":{\"@id\":\"https:\\\/\\\/mistrzowieimprez.pl\\\/#organization\"},\"potentialAction\":[{\"@type\":\"SearchAction\",\"target\":{\"@type\":\"EntryPoint\",\"urlTemplate\":\"https:\\\/\\\/mistrzowieimprez.pl\\\/?s={search_term_string}\"},\"query-input\":{\"@type\":\"PropertyValueSpecification\",\"valueRequired\":true,\"valueName\":\"search_term_string\"}}],\"inLanguage\":\"en-GB\"},{\"@type\":\"Organization\",\"@id\":\"https:\\\/\\\/mistrzowieimprez.pl\\\/#organization\",\"name\":\"Mistrzowie Imprez\",\"url\":\"https:\\\/\\\/mistrzowieimprez.pl\\\/\",\"logo\":{\"@type\":\"ImageObject\",\"inLanguage\":\"en-GB\",\"@id\":\"https:\\\/\\\/mistrzowieimprez.pl\\\/#\\\/schema\\\/logo\\\/image\\\/\",\"url\":\"https:\\\/\\\/mistrzowieimprez.pl\\\/wp-content\\\/uploads\\\/2024\\\/08\\\/mistrzowie_imprez_logo_ciemne-tlo@4x.png\",\"contentUrl\":\"https:\\\/\\\/mistrzowieimprez.pl\\\/wp-content\\\/uploads\\\/2024\\\/08\\\/mistrzowie_imprez_logo_ciemne-tlo@4x.png\",\"width\":1318,\"height\":351,\"caption\":\"Mistrzowie Imprez\"},\"image\":{\"@id\":\"https:\\\/\\\/mistrzowieimprez.pl\\\/#\\\/schema\\\/logo\\\/image\\\/\"},\"sameAs\":[\"https:\\\/\\\/www.facebook.com\\\/mistrzowieimprez\",\"https:\\\/\\\/www.instagram.com\\\/mistrzowieimprez\\\/\",\"https:\\\/\\\/www.youtube.com\\\/@ytmistrzowieimprez\"]}]}<\/script>\n<!-- \/ Yoast SEO plugin. -->","yoast_head_json":{"title":"\u015awiece - Mistrzowie Imprez","robots":{"index":"index","follow":"follow","max-snippet":"max-snippet:-1","max-image-preview":"max-image-preview:large","max-video-preview":"max-video-preview:-1"},"canonical":"https:\/\/mistrzowieimprez.pl\/en\/product\/swiece\/","og_locale":"en_GB","og_type":"article","og_title":"\u015awiece - Mistrzowie Imprez","og_description":"Wyj\u0105tkowe warsztaty, podczas kt\u00f3rych mi\u0142o\u015bnicy r\u0119kodzie\u0142a odkryj\u0105 tajniki tworzenia pi\u0119knych \u015bwiec z naturalnych wosk\u00f3w i olejk\u00f3w eterycznych. Pod okiem do\u015bwiadczonego instruktora uczestnicy naucz\u0105 si\u0119, jak wybiera\u0107 woski, dodawa\u0107 barwniki i zapachy oraz formowa\u0107 i zdobi\u0107 w\u0142asne \u015bwieczki. Na koniec ka\u017cdy z uczestnik\u00f3w zabierze ze sob\u0105 nie tylko now\u0105 wiedz\u0119, ale i unikaln\u0105, r\u0119cznie wykonan\u0105 \u015bwiec\u0119!","og_url":"https:\/\/mistrzowieimprez.pl\/en\/product\/swiece\/","og_site_name":"Mistrzowie Imprez","article_publisher":"https:\/\/www.facebook.com\/mistrzowieimprez","article_modified_time":"2024-11-07T13:36:59+00:00","og_image":[{"width":1000,"height":1000,"url":"https:\/\/mistrzowieimprez.pl\/wp-content\/uploads\/2024\/10\/SWIECE.webp","type":"image\/webp"}],"twitter_card":"summary_large_image","twitter_misc":{"Estimated reading time":"1 minute"},"schema":{"@context":"https:\/\/schema.org","@graph":[{"@type":"WebPage","@id":"https:\/\/mistrzowieimprez.pl\/produkt\/swiece\/","url":"https:\/\/mistrzowieimprez.pl\/produkt\/swiece\/","name":"\u015awiece - Mistrzowie Imprez","isPartOf":{"@id":"https:\/\/mistrzowieimprez.pl\/#website"},"primaryImageOfPage":{"@id":"https:\/\/mistrzowieimprez.pl\/produkt\/swiece\/#primaryimage"},"image":{"@id":"https:\/\/mistrzowieimprez.pl\/produkt\/swiece\/#primaryimage"},"thumbnailUrl":"https:\/\/mistrzowieimprez.pl\/wp-content\/uploads\/2024\/10\/SWIECE.webp","datePublished":"2024-10-07T17:42:15+00:00","dateModified":"2024-11-07T13:36:59+00:00","breadcrumb":{"@id":"https:\/\/mistrzowieimprez.pl\/produkt\/swiece\/#breadcrumb"},"inLanguage":"en-GB","potentialAction":[{"@type":"ReadAction","target":["https:\/\/mistrzowieimprez.pl\/produkt\/swiece\/"]}]},{"@type":"ImageObject","inLanguage":"en-GB","@id":"https:\/\/mistrzowieimprez.pl\/produkt\/swiece\/#primaryimage","url":"https:\/\/mistrzowieimprez.pl\/wp-content\/uploads\/2024\/10\/SWIECE.webp","contentUrl":"https:\/\/mistrzowieimprez.pl\/wp-content\/uploads\/2024\/10\/SWIECE.webp","width":1000,"height":1000,"caption":"Na zdj\u0119ciu wida\u0107 stanowisko do tworzenia \u015bwiec, z akcesoriami i p\u0142ynem w szklance, przygotowane prawdopodobnie dla warsztat\u00f3w organizowanych przez Mistrz\u00f3w imprez."},{"@type":"BreadcrumbList","@id":"https:\/\/mistrzowieimprez.pl\/produkt\/swiece\/#breadcrumb","itemListElement":[{"@type":"ListItem","position":1,"name":"Strona g\u0142\u00f3wna","item":"https:\/\/mistrzowieimprez.pl\/"},{"@type":"ListItem","position":2,"name":"sklep","item":"https:\/\/mistrzowieimprez.pl\/sklep\/"},{"@type":"ListItem","position":3,"name":"\u015awiece"}]},{"@type":"WebSite","@id":"https:\/\/mistrzowieimprez.pl\/#website","url":"https:\/\/mistrzowieimprez.pl\/","name":"Mistrzowie Imprez","description":"Kompleksowa organizacja imprez","publisher":{"@id":"https:\/\/mistrzowieimprez.pl\/#organization"},"potentialAction":[{"@type":"SearchAction","target":{"@type":"EntryPoint","urlTemplate":"https:\/\/mistrzowieimprez.pl\/?s={search_term_string}"},"query-input":{"@type":"PropertyValueSpecification","valueRequired":true,"valueName":"search_term_string"}}],"inLanguage":"en-GB"},{"@type":"Organization","@id":"https:\/\/mistrzowieimprez.pl\/#organization","name":"Mistrzowie Imprez","url":"https:\/\/mistrzowieimprez.pl\/","logo":{"@type":"ImageObject","inLanguage":"en-GB","@id":"https:\/\/mistrzowieimprez.pl\/#\/schema\/logo\/image\/","url":"https:\/\/mistrzowieimprez.pl\/wp-content\/uploads\/2024\/08\/mistrzowie_imprez_logo_ciemne-tlo@4x.png","contentUrl":"https:\/\/mistrzowieimprez.pl\/wp-content\/uploads\/2024\/08\/mistrzowie_imprez_logo_ciemne-tlo@4x.png","width":1318,"height":351,"caption":"Mistrzowie Imprez"},"image":{"@id":"https:\/\/mistrzowieimprez.pl\/#\/schema\/logo\/image\/"},"sameAs":["https:\/\/www.facebook.com\/mistrzowieimprez","https:\/\/www.instagram.com\/mistrzowieimprez\/","https:\/\/www.youtube.com\/@ytmistrzowieimprez"]}]}},"_links":{"self":[{"href":"https:\/\/mistrzowieimprez.pl\/en\/wp-json\/wp\/v2\/product\/2380","targetHints":{"allow":["GET"]}}],"collection":[{"href":"https:\/\/mistrzowieimprez.pl\/en\/wp-json\/wp\/v2\/product"}],"about":[{"href":"https:\/\/mistrzowieimprez.pl\/en\/wp-json\/wp\/v2\/types\/product"}],"replies":[{"embeddable":true,"href":"https:\/\/mistrzowieimprez.pl\/en\/wp-json\/wp\/v2\/comments?post=2380"}],"version-history":[{"count":1,"href":"https:\/\/mistrzowieimprez.pl\/en\/wp-json\/wp\/v2\/product\/2380\/revisions"}],"predecessor-version":[{"id":2381,"href":"https:\/\/mistrzowieimprez.pl\/en\/wp-json\/wp\/v2\/product\/2380\/revisions\/2381"}],"wp:featuredmedia":[{"embeddable":true,"href":"https:\/\/mistrzowieimprez.pl\/en\/wp-json\/wp\/v2\/media\/2324"}],"wp:attachment":[{"href":"https:\/\/mistrzowieimprez.pl\/en\/wp-json\/wp\/v2\/media?parent=2380"}],"wp:term":[{"taxonomy":"product_brand","embeddable":true,"href":"https:\/\/mistrzowieimprez.pl\/en\/wp-json\/wp\/v2\/product_brand?post=2380"},{"taxonomy":"product_cat","embeddable":true,"href":"https:\/\/mistrzowieimprez.pl\/en\/wp-json\/wp\/v2\/product_cat?post=2380"},{"taxonomy":"product_tag","embeddable":true,"href":"https:\/\/mistrzowieimprez.pl\/en\/wp-json\/wp\/v2\/product_tag?post=2380"}],"curies":[{"name":"wp","href":"https:\/\/api.w.org\/{rel}","templated":true}]}}