{"id":2378,"date":"2024-10-07T17:38:57","date_gmt":"2024-10-07T17:38:57","guid":{"rendered":"https:\/\/mistrzowieimprez.pl\/?post_type=product&#038;p=2378"},"modified":"2024-10-07T17:38:57","modified_gmt":"2024-10-07T17:38:57","slug":"naturalne-kosmetyki","status":"publish","type":"product","link":"https:\/\/mistrzowieimprez.pl\/en\/product\/naturalne-kosmetyki\/","title":{"rendered":"Naturalne kosmetyki"},"content":{"rendered":"<h4>Opis scenariusza:<\/h4>\n<p>Inspiruj\u0105ce warsztaty, kt\u00f3re po\u015bwi\u0119cone s\u0105 ekologicznym kosmetykom! W trakcie spotkania om\u00f3wimy, dlaczego warto zast\u0105pi\u0107 tradycyjne kosmetyki ich ekologicznymi zamiennikami oraz jak naturalne sk\u0142adniki mog\u0105 korzystnie wp\u0142yn\u0105\u0107 na zdrowie naszej sk\u00f3ry i \u015brodowisko.<\/p>\n<p>Pod okiem do\u015bwiadczonego instruktora uczestnicy b\u0119d\u0105 mieli okazj\u0119 wykona\u0107 w\u0142asne naturalne kosmetyki o pi\u0119knych zapachach, kt\u00f3re nie tylko b\u0119d\u0105 bezpieczne dla sk\u00f3ry, ale tak\u017ce przyjemne w u\u017cyciu. Dzi\u0119ki r\u00f3\u017cnorodno\u015bci dost\u0119pnych wariant\u00f3w ka\u017cdy znajdzie co\u015b dla siebie, w zale\u017cno\u015bci od czasu trwania warsztat\u00f3w i potrzeb grupy.<\/p>\n<p>Do wyboru mamy wiele popularnych produkt\u00f3w, takich jak:<\/p>\n<ul>\n<li><strong>Balsam do ust<\/strong><\/li>\n<li><strong>Krem do r\u0105k<\/strong><\/li>\n<li><strong>Mas\u0142o do cia\u0142a<\/strong><\/li>\n<li><strong>\u015awieca do masa\u017cu<\/strong><\/li>\n<li><strong>Balsam uj\u0119drniaj\u0105cy<\/strong><\/li>\n<li><strong>Nawil\u017caj\u0105cy krem do twarzy<\/strong><\/li>\n<li><strong>Peelingi i maseczki<\/strong><\/li>\n<\/ul>\n<p>Warsztaty to nie tylko doskona\u0142a okazja do nauki i tw\u00f3rczo\u015bci, ale tak\u017ce szansa na sp\u0119dzenie czasu w gronie os\u00f3b o podobnych zainteresowaniach. Stw\u00f3rz swoje w\u0142asne, naturalne kosmetyki i odkryj, jak \u0142atwo mo\u017cna zadba\u0107 o siebie w zgodzie z natur\u0105!<\/p>","protected":false},"excerpt":{"rendered":"<p>Zapraszamy na warsztaty, podczas kt\u00f3rych odkryjecie zalety ekologicznych kosmetyk\u00f3w i nauczycie si\u0119, jak samodzielnie przygotowa\u0107 naturalne produkty o pi\u0119knych zapachach do twarzy i cia\u0142a. Wybierzecie spo\u015br\u00f3d wielu wariant\u00f3w, takich jak balsam do ust, krem do r\u0105k, mas\u0142o do cia\u0142a, \u015bwieca do masa\u017cu, balsam uj\u0119drniaj\u0105cy, nawil\u017caj\u0105cy krem do twarzy oraz peelingi i maseczki.<\/p>","protected":false},"featured_media":2305,"comment_status":"open","ping_status":"closed","template":"","meta":{"_acf_changed":false},"product_brand":[],"product_cat":[94,97],"product_tag":[],"class_list":{"0":"post-2378","1":"product","2":"type-product","3":"status-publish","4":"has-post-thumbnail","6":"product_cat-team-building","7":"product_cat-warsztaty-na-imprezy-integracyjne","9":"first","10":"instock","11":"shipping-taxable","12":"product-type-simple"},"acf":[],"yoast_head":"<!-- This site is optimized with the Yoast SEO plugin v27.5 - https:\/\/yoast.com\/product\/yoast-seo-wordpress\/ -->\n<title>Naturalne kosmetyki - Mistrzowie Imprez<\/title>\n<meta name=\"robots\" content=\"index, follow, max-snippet:-1, max-image-preview:large, max-video-preview:-1\" \/>\n<link rel=\"canonical\" href=\"https:\/\/mistrzowieimprez.pl\/en\/product\/naturalne-kosmetyki\/\" \/>\n<meta property=\"og:locale\" content=\"en_GB\" \/>\n<meta property=\"og:type\" content=\"article\" \/>\n<meta property=\"og:title\" content=\"Naturalne kosmetyki - Mistrzowie Imprez\" \/>\n<meta property=\"og:description\" content=\"Zapraszamy na warsztaty, podczas kt\u00f3rych odkryjecie zalety ekologicznych kosmetyk\u00f3w i nauczycie si\u0119, jak samodzielnie przygotowa\u0107 naturalne produkty o pi\u0119knych zapachach do twarzy i cia\u0142a. Wybierzecie spo\u015br\u00f3d wielu wariant\u00f3w, takich jak balsam do ust, krem do r\u0105k, mas\u0142o do cia\u0142a, \u015bwieca do masa\u017cu, balsam uj\u0119drniaj\u0105cy, nawil\u017caj\u0105cy krem do twarzy oraz peelingi i maseczki.\" \/>\n<meta property=\"og:url\" content=\"https:\/\/mistrzowieimprez.pl\/en\/product\/naturalne-kosmetyki\/\" \/>\n<meta property=\"og:site_name\" content=\"Mistrzowie Imprez\" \/>\n<meta property=\"article:publisher\" content=\"https:\/\/www.facebook.com\/mistrzowieimprez\" \/>\n<meta property=\"og:image\" content=\"https:\/\/mistrzowieimprez.pl\/wp-content\/uploads\/2024\/10\/NATURALNE-KOSMETYKI.webp\" \/>\n\t<meta property=\"og:image:width\" content=\"1000\" \/>\n\t<meta property=\"og:image:height\" content=\"1000\" \/>\n\t<meta property=\"og:image:type\" content=\"image\/webp\" \/>\n<meta name=\"twitter:card\" content=\"summary_large_image\" \/>\n<meta name=\"twitter:label1\" content=\"Estimated reading time\" \/>\n\t<meta name=\"twitter:data1\" content=\"1 minute\" \/>\n<script type=\"application\/ld+json\" class=\"yoast-schema-graph\">{\"@context\":\"https:\\\/\\\/schema.org\",\"@graph\":[{\"@type\":\"WebPage\",\"@id\":\"https:\\\/\\\/mistrzowieimprez.pl\\\/produkt\\\/naturalne-kosmetyki\\\/\",\"url\":\"https:\\\/\\\/mistrzowieimprez.pl\\\/produkt\\\/naturalne-kosmetyki\\\/\",\"name\":\"Naturalne kosmetyki - Mistrzowie Imprez\",\"isPartOf\":{\"@id\":\"https:\\\/\\\/mistrzowieimprez.pl\\\/#website\"},\"primaryImageOfPage\":{\"@id\":\"https:\\\/\\\/mistrzowieimprez.pl\\\/produkt\\\/naturalne-kosmetyki\\\/#primaryimage\"},\"image\":{\"@id\":\"https:\\\/\\\/mistrzowieimprez.pl\\\/produkt\\\/naturalne-kosmetyki\\\/#primaryimage\"},\"thumbnailUrl\":\"https:\\\/\\\/mistrzowieimprez.pl\\\/wp-content\\\/uploads\\\/2024\\\/10\\\/NATURALNE-KOSMETYKI.webp\",\"datePublished\":\"2024-10-07T17:38:57+00:00\",\"breadcrumb\":{\"@id\":\"https:\\\/\\\/mistrzowieimprez.pl\\\/produkt\\\/naturalne-kosmetyki\\\/#breadcrumb\"},\"inLanguage\":\"en-GB\",\"potentialAction\":[{\"@type\":\"ReadAction\",\"target\":[\"https:\\\/\\\/mistrzowieimprez.pl\\\/produkt\\\/naturalne-kosmetyki\\\/\"]}]},{\"@type\":\"ImageObject\",\"inLanguage\":\"en-GB\",\"@id\":\"https:\\\/\\\/mistrzowieimprez.pl\\\/produkt\\\/naturalne-kosmetyki\\\/#primaryimage\",\"url\":\"https:\\\/\\\/mistrzowieimprez.pl\\\/wp-content\\\/uploads\\\/2024\\\/10\\\/NATURALNE-KOSMETYKI.webp\",\"contentUrl\":\"https:\\\/\\\/mistrzowieimprez.pl\\\/wp-content\\\/uploads\\\/2024\\\/10\\\/NATURALNE-KOSMETYKI.webp\",\"width\":1000,\"height\":1000,\"caption\":\"Grafika przedstawia stos lawendowych myde\u0142ek ozdobionych suszon\u0105 lawend\u0105 i zwi\u0105zanych sznurkiem.\"},{\"@type\":\"BreadcrumbList\",\"@id\":\"https:\\\/\\\/mistrzowieimprez.pl\\\/produkt\\\/naturalne-kosmetyki\\\/#breadcrumb\",\"itemListElement\":[{\"@type\":\"ListItem\",\"position\":1,\"name\":\"Strona g\u0142\u00f3wna\",\"item\":\"https:\\\/\\\/mistrzowieimprez.pl\\\/\"},{\"@type\":\"ListItem\",\"position\":2,\"name\":\"sklep\",\"item\":\"https:\\\/\\\/mistrzowieimprez.pl\\\/sklep\\\/\"},{\"@type\":\"ListItem\",\"position\":3,\"name\":\"Naturalne kosmetyki\"}]},{\"@type\":\"WebSite\",\"@id\":\"https:\\\/\\\/mistrzowieimprez.pl\\\/#website\",\"url\":\"https:\\\/\\\/mistrzowieimprez.pl\\\/\",\"name\":\"Mistrzowie Imprez\",\"description\":\"Kompleksowa organizacja imprez\",\"publisher\":{\"@id\":\"https:\\\/\\\/mistrzowieimprez.pl\\\/#organization\"},\"potentialAction\":[{\"@type\":\"SearchAction\",\"target\":{\"@type\":\"EntryPoint\",\"urlTemplate\":\"https:\\\/\\\/mistrzowieimprez.pl\\\/?s={search_term_string}\"},\"query-input\":{\"@type\":\"PropertyValueSpecification\",\"valueRequired\":true,\"valueName\":\"search_term_string\"}}],\"inLanguage\":\"en-GB\"},{\"@type\":\"Organization\",\"@id\":\"https:\\\/\\\/mistrzowieimprez.pl\\\/#organization\",\"name\":\"Mistrzowie Imprez\",\"url\":\"https:\\\/\\\/mistrzowieimprez.pl\\\/\",\"logo\":{\"@type\":\"ImageObject\",\"inLanguage\":\"en-GB\",\"@id\":\"https:\\\/\\\/mistrzowieimprez.pl\\\/#\\\/schema\\\/logo\\\/image\\\/\",\"url\":\"https:\\\/\\\/mistrzowieimprez.pl\\\/wp-content\\\/uploads\\\/2024\\\/08\\\/mistrzowie_imprez_logo_ciemne-tlo@4x.png\",\"contentUrl\":\"https:\\\/\\\/mistrzowieimprez.pl\\\/wp-content\\\/uploads\\\/2024\\\/08\\\/mistrzowie_imprez_logo_ciemne-tlo@4x.png\",\"width\":1318,\"height\":351,\"caption\":\"Mistrzowie Imprez\"},\"image\":{\"@id\":\"https:\\\/\\\/mistrzowieimprez.pl\\\/#\\\/schema\\\/logo\\\/image\\\/\"},\"sameAs\":[\"https:\\\/\\\/www.facebook.com\\\/mistrzowieimprez\",\"https:\\\/\\\/www.instagram.com\\\/mistrzowieimprez\\\/\",\"https:\\\/\\\/www.youtube.com\\\/@ytmistrzowieimprez\"]}]}<\/script>\n<!-- \/ Yoast SEO plugin. -->","yoast_head_json":{"title":"Naturalne kosmetyki - Mistrzowie Imprez","robots":{"index":"index","follow":"follow","max-snippet":"max-snippet:-1","max-image-preview":"max-image-preview:large","max-video-preview":"max-video-preview:-1"},"canonical":"https:\/\/mistrzowieimprez.pl\/en\/product\/naturalne-kosmetyki\/","og_locale":"en_GB","og_type":"article","og_title":"Naturalne kosmetyki - Mistrzowie Imprez","og_description":"Zapraszamy na warsztaty, podczas kt\u00f3rych odkryjecie zalety ekologicznych kosmetyk\u00f3w i nauczycie si\u0119, jak samodzielnie przygotowa\u0107 naturalne produkty o pi\u0119knych zapachach do twarzy i cia\u0142a. Wybierzecie spo\u015br\u00f3d wielu wariant\u00f3w, takich jak balsam do ust, krem do r\u0105k, mas\u0142o do cia\u0142a, \u015bwieca do masa\u017cu, balsam uj\u0119drniaj\u0105cy, nawil\u017caj\u0105cy krem do twarzy oraz peelingi i maseczki.","og_url":"https:\/\/mistrzowieimprez.pl\/en\/product\/naturalne-kosmetyki\/","og_site_name":"Mistrzowie Imprez","article_publisher":"https:\/\/www.facebook.com\/mistrzowieimprez","og_image":[{"width":1000,"height":1000,"url":"https:\/\/mistrzowieimprez.pl\/wp-content\/uploads\/2024\/10\/NATURALNE-KOSMETYKI.webp","type":"image\/webp"}],"twitter_card":"summary_large_image","twitter_misc":{"Estimated reading time":"1 minute"},"schema":{"@context":"https:\/\/schema.org","@graph":[{"@type":"WebPage","@id":"https:\/\/mistrzowieimprez.pl\/produkt\/naturalne-kosmetyki\/","url":"https:\/\/mistrzowieimprez.pl\/produkt\/naturalne-kosmetyki\/","name":"Naturalne kosmetyki - Mistrzowie Imprez","isPartOf":{"@id":"https:\/\/mistrzowieimprez.pl\/#website"},"primaryImageOfPage":{"@id":"https:\/\/mistrzowieimprez.pl\/produkt\/naturalne-kosmetyki\/#primaryimage"},"image":{"@id":"https:\/\/mistrzowieimprez.pl\/produkt\/naturalne-kosmetyki\/#primaryimage"},"thumbnailUrl":"https:\/\/mistrzowieimprez.pl\/wp-content\/uploads\/2024\/10\/NATURALNE-KOSMETYKI.webp","datePublished":"2024-10-07T17:38:57+00:00","breadcrumb":{"@id":"https:\/\/mistrzowieimprez.pl\/produkt\/naturalne-kosmetyki\/#breadcrumb"},"inLanguage":"en-GB","potentialAction":[{"@type":"ReadAction","target":["https:\/\/mistrzowieimprez.pl\/produkt\/naturalne-kosmetyki\/"]}]},{"@type":"ImageObject","inLanguage":"en-GB","@id":"https:\/\/mistrzowieimprez.pl\/produkt\/naturalne-kosmetyki\/#primaryimage","url":"https:\/\/mistrzowieimprez.pl\/wp-content\/uploads\/2024\/10\/NATURALNE-KOSMETYKI.webp","contentUrl":"https:\/\/mistrzowieimprez.pl\/wp-content\/uploads\/2024\/10\/NATURALNE-KOSMETYKI.webp","width":1000,"height":1000,"caption":"Grafika przedstawia stos lawendowych myde\u0142ek ozdobionych suszon\u0105 lawend\u0105 i zwi\u0105zanych sznurkiem."},{"@type":"BreadcrumbList","@id":"https:\/\/mistrzowieimprez.pl\/produkt\/naturalne-kosmetyki\/#breadcrumb","itemListElement":[{"@type":"ListItem","position":1,"name":"Strona g\u0142\u00f3wna","item":"https:\/\/mistrzowieimprez.pl\/"},{"@type":"ListItem","position":2,"name":"sklep","item":"https:\/\/mistrzowieimprez.pl\/sklep\/"},{"@type":"ListItem","position":3,"name":"Naturalne kosmetyki"}]},{"@type":"WebSite","@id":"https:\/\/mistrzowieimprez.pl\/#website","url":"https:\/\/mistrzowieimprez.pl\/","name":"Mistrzowie Imprez","description":"Kompleksowa organizacja imprez","publisher":{"@id":"https:\/\/mistrzowieimprez.pl\/#organization"},"potentialAction":[{"@type":"SearchAction","target":{"@type":"EntryPoint","urlTemplate":"https:\/\/mistrzowieimprez.pl\/?s={search_term_string}"},"query-input":{"@type":"PropertyValueSpecification","valueRequired":true,"valueName":"search_term_string"}}],"inLanguage":"en-GB"},{"@type":"Organization","@id":"https:\/\/mistrzowieimprez.pl\/#organization","name":"Mistrzowie Imprez","url":"https:\/\/mistrzowieimprez.pl\/","logo":{"@type":"ImageObject","inLanguage":"en-GB","@id":"https:\/\/mistrzowieimprez.pl\/#\/schema\/logo\/image\/","url":"https:\/\/mistrzowieimprez.pl\/wp-content\/uploads\/2024\/08\/mistrzowie_imprez_logo_ciemne-tlo@4x.png","contentUrl":"https:\/\/mistrzowieimprez.pl\/wp-content\/uploads\/2024\/08\/mistrzowie_imprez_logo_ciemne-tlo@4x.png","width":1318,"height":351,"caption":"Mistrzowie Imprez"},"image":{"@id":"https:\/\/mistrzowieimprez.pl\/#\/schema\/logo\/image\/"},"sameAs":["https:\/\/www.facebook.com\/mistrzowieimprez","https:\/\/www.instagram.com\/mistrzowieimprez\/","https:\/\/www.youtube.com\/@ytmistrzowieimprez"]}]}},"_links":{"self":[{"href":"https:\/\/mistrzowieimprez.pl\/en\/wp-json\/wp\/v2\/product\/2378","targetHints":{"allow":["GET"]}}],"collection":[{"href":"https:\/\/mistrzowieimprez.pl\/en\/wp-json\/wp\/v2\/product"}],"about":[{"href":"https:\/\/mistrzowieimprez.pl\/en\/wp-json\/wp\/v2\/types\/product"}],"replies":[{"embeddable":true,"href":"https:\/\/mistrzowieimprez.pl\/en\/wp-json\/wp\/v2\/comments?post=2378"}],"version-history":[{"count":1,"href":"https:\/\/mistrzowieimprez.pl\/en\/wp-json\/wp\/v2\/product\/2378\/revisions"}],"predecessor-version":[{"id":2379,"href":"https:\/\/mistrzowieimprez.pl\/en\/wp-json\/wp\/v2\/product\/2378\/revisions\/2379"}],"wp:featuredmedia":[{"embeddable":true,"href":"https:\/\/mistrzowieimprez.pl\/en\/wp-json\/wp\/v2\/media\/2305"}],"wp:attachment":[{"href":"https:\/\/mistrzowieimprez.pl\/en\/wp-json\/wp\/v2\/media?parent=2378"}],"wp:term":[{"taxonomy":"product_brand","embeddable":true,"href":"https:\/\/mistrzowieimprez.pl\/en\/wp-json\/wp\/v2\/product_brand?post=2378"},{"taxonomy":"product_cat","embeddable":true,"href":"https:\/\/mistrzowieimprez.pl\/en\/wp-json\/wp\/v2\/product_cat?post=2378"},{"taxonomy":"product_tag","embeddable":true,"href":"https:\/\/mistrzowieimprez.pl\/en\/wp-json\/wp\/v2\/product_tag?post=2378"}],"curies":[{"name":"wp","href":"https:\/\/api.w.org\/{rel}","templated":true}]}}