{"id":2373,"date":"2024-10-07T17:32:57","date_gmt":"2024-10-07T17:32:57","guid":{"rendered":"https:\/\/mistrzowieimprez.pl\/?post_type=product&#038;p=2373"},"modified":"2026-03-31T21:13:10","modified_gmt":"2026-03-31T21:13:10","slug":"degustacja-piwa","status":"publish","type":"product","link":"https:\/\/mistrzowieimprez.pl\/en\/product\/degustacja-piwa\/","title":{"rendered":"Degustacja piwa"},"content":{"rendered":"<div class=\"flex max-w-full flex-col flex-grow\">\n<div class=\"min-h-8 text-message flex w-full flex-col items-end gap-2 whitespace-normal break-words [.text-message+&amp;]:mt-5\" dir=\"auto\" data-message-author-role=\"assistant\" data-message-id=\"dbf04bb6-9866-454d-9fb0-3e2d708de827\">\n<div class=\"flex w-full flex-col gap-1 empty:hidden first:pt-[3px]\">\n<div class=\"markdown prose w-full break-words dark:prose-invert dark\">\n<h4>Opis scenariusza:<\/h4>\n<p>Zapraszamy na fascynuj\u0105c\u0105 degustacj\u0119 piw rzemie\u015blniczych, kt\u00f3ra przeniesie uczestnik\u00f3w w \u015bwiat r\u00f3\u017cnorodnych styl\u00f3w piwa. W ramach tego wyj\u0105tkowego wydarzenia ka\u017cdy z uczestnik\u00f3w b\u0119dzie mia\u0142 okazj\u0119 spr\u00f3bowa\u0107 po oko\u0142o 50 ml o\u015bmiu zupe\u0142nie r\u00f3\u017cnych styl\u00f3w piwa pochodz\u0105cych z renomowanych browar\u00f3w rzemie\u015blniczych.<\/p>\n<p>Podczas degustacji dok\u0142adnie om\u00f3wimy ka\u017cdy ze styl\u00f3w oraz jego reprezentanta, zwracaj\u0105c uwag\u0119 na kluczowe cechy, kt\u00f3re czyni\u0105 je wyj\u0105tkowymi. W programie znajd\u0105 si\u0119 takie style jak American India Pale Ale, Belgian IPA, Tripel, Sour Ale, Porter Ba\u0142tycki czy Grodziskie. Oczywi\u015bcie wyb\u00f3r poszczeg\u00f3lnych styl\u00f3w b\u0119dzie zale\u017ca\u0142 od dost\u0119pno\u015bci piw w okresie przygotowania degustacji.<\/p>\n<p>Nasze spotkanie nie ogranicza si\u0119 jedynie do degustacji. Podczas sesji uczestnicy poznaj\u0105 r\u00f3wnie\u017c proces warzenia piwa, dowiedz\u0105 si\u0119, co wp\u0142ywa na jego smak i aromat, a tak\u017ce zapoznaj\u0105 si\u0119 z poj\u0119ciem styl\u00f3w piwnych oraz zasadami degustacji. Nasz do\u015bwiadczony prowadz\u0105cy podzieli si\u0119 swoj\u0105 wiedz\u0105, aby ka\u017cdy uczestnik m\u00f3g\u0142 w pe\u0142ni cieszy\u0107 si\u0119 odkrywaniem piwnego \u015bwiata.<\/p>\n<p>Najwa\u017cniejsz\u0105 cz\u0119\u015bci\u0105 spotkania b\u0119dzie oczywi\u015bcie degustacja! To doskona\u0142a okazja, aby poszerzy\u0107 swoje horyzonty, nauczy\u0107 si\u0119 czego\u015b nowego i sp\u0119dzi\u0107 czas w towarzystwie innych mi\u0142o\u015bnik\u00f3w piwa. Do\u0142\u0105cz do nas i odkryj, jak bogaty i r\u00f3\u017cnorodny jest \u015bwiat piw rzemie\u015blniczych!<\/p>\n<\/div>\n<\/div>\n<\/div>\n<\/div>\n","protected":false},"excerpt":{"rendered":"<p>Zapraszamy na wyj\u0105tkow\u0105 degustacj\u0119 piw rzemie\u015blniczych, podczas kt\u00f3rej uczestnicy spr\u00f3buj\u0105 po oko\u0142o 50 ml o\u015bmiu r\u00f3\u017cnych styl\u00f3w piwa z renomowanych browar\u00f3w. W trakcie spotkania om\u00f3wimy kluczowe cechy ka\u017cdego stylu, takie jak American India Pale Ale, Belgian IPA, Tripel, Sour Ale, Porter Ba\u0142tycki oraz Grodziskie. Dowiedz si\u0119, co wp\u0142ywa na smak i aromat piwa, poznaj proces warzenia oraz zasady degustacji. To idealna okazja, by poszerzy\u0107 swoj\u0105 wiedz\u0119 o piwie i delektowa\u0107 si\u0119 jego r\u00f3\u017cnorodno\u015bci\u0105!<\/p>","protected":false},"featured_media":2316,"comment_status":"open","ping_status":"closed","template":"","meta":{"_acf_changed":false},"product_brand":[],"product_cat":[94,97],"product_tag":[],"class_list":{"0":"post-2373","1":"product","2":"type-product","3":"status-publish","4":"has-post-thumbnail","6":"product_cat-team-building","7":"product_cat-warsztaty-na-imprezy-integracyjne","9":"first","10":"instock","11":"shipping-taxable","12":"product-type-simple"},"acf":[],"yoast_head":"<!-- This site is optimized with the Yoast SEO plugin v27.5 - https:\/\/yoast.com\/product\/yoast-seo-wordpress\/ -->\n<title>Odkryj \u015bwiat Kraftu! Degustacja 8 styl\u00f3w: od IPA po Porter Ba\u0142tycki<\/title>\n<meta name=\"robots\" content=\"index, follow, max-snippet:-1, max-image-preview:large, max-video-preview:-1\" \/>\n<link rel=\"canonical\" href=\"https:\/\/mistrzowieimprez.pl\/en\/product\/degustacja-piwa\/\" \/>\n<meta property=\"og:locale\" content=\"en_GB\" \/>\n<meta property=\"og:type\" content=\"article\" \/>\n<meta property=\"og:title\" content=\"Odkryj \u015bwiat Kraftu! Degustacja 8 styl\u00f3w: od IPA po Porter Ba\u0142tycki\" \/>\n<meta property=\"og:description\" content=\"Zapraszamy na wyj\u0105tkow\u0105 degustacj\u0119 piw rzemie\u015blniczych, podczas kt\u00f3rej uczestnicy spr\u00f3buj\u0105 po oko\u0142o 50 ml o\u015bmiu r\u00f3\u017cnych styl\u00f3w piwa z renomowanych browar\u00f3w. W trakcie spotkania om\u00f3wimy kluczowe cechy ka\u017cdego stylu, takie jak American India Pale Ale, Belgian IPA, Tripel, Sour Ale, Porter Ba\u0142tycki oraz Grodziskie. Dowiedz si\u0119, co wp\u0142ywa na smak i aromat piwa, poznaj proces warzenia oraz zasady degustacji. To idealna okazja, by poszerzy\u0107 swoj\u0105 wiedz\u0119 o piwie i delektowa\u0107 si\u0119 jego r\u00f3\u017cnorodno\u015bci\u0105!\" \/>\n<meta property=\"og:url\" content=\"https:\/\/mistrzowieimprez.pl\/en\/product\/degustacja-piwa\/\" \/>\n<meta property=\"og:site_name\" content=\"Mistrzowie Imprez\" \/>\n<meta property=\"article:publisher\" content=\"https:\/\/www.facebook.com\/mistrzowieimprez\" \/>\n<meta property=\"article:modified_time\" content=\"2026-03-31T21:13:10+00:00\" \/>\n<meta property=\"og:image\" content=\"https:\/\/mistrzowieimprez.pl\/wp-content\/uploads\/2024\/10\/DEGUSTACJA-PIWA.webp\" \/>\n\t<meta property=\"og:image:width\" content=\"1000\" \/>\n\t<meta property=\"og:image:height\" content=\"1000\" \/>\n\t<meta property=\"og:image:type\" content=\"image\/webp\" \/>\n<meta name=\"twitter:card\" content=\"summary_large_image\" \/>\n<meta name=\"twitter:label1\" content=\"Estimated reading time\" \/>\n\t<meta name=\"twitter:data1\" content=\"2 minutes\" \/>\n<script type=\"application\/ld+json\" class=\"yoast-schema-graph\">{\"@context\":\"https:\\\/\\\/schema.org\",\"@graph\":[{\"@type\":\"WebPage\",\"@id\":\"https:\\\/\\\/mistrzowieimprez.pl\\\/produkt\\\/degustacja-piwa\\\/\",\"url\":\"https:\\\/\\\/mistrzowieimprez.pl\\\/produkt\\\/degustacja-piwa\\\/\",\"name\":\"Odkryj \u015bwiat Kraftu! Degustacja 8 styl\u00f3w: od IPA po Porter Ba\u0142tycki\",\"isPartOf\":{\"@id\":\"https:\\\/\\\/mistrzowieimprez.pl\\\/#website\"},\"primaryImageOfPage\":{\"@id\":\"https:\\\/\\\/mistrzowieimprez.pl\\\/produkt\\\/degustacja-piwa\\\/#primaryimage\"},\"image\":{\"@id\":\"https:\\\/\\\/mistrzowieimprez.pl\\\/produkt\\\/degustacja-piwa\\\/#primaryimage\"},\"thumbnailUrl\":\"https:\\\/\\\/mistrzowieimprez.pl\\\/wp-content\\\/uploads\\\/2024\\\/10\\\/DEGUSTACJA-PIWA.webp\",\"datePublished\":\"2024-10-07T17:32:57+00:00\",\"dateModified\":\"2026-03-31T21:13:10+00:00\",\"breadcrumb\":{\"@id\":\"https:\\\/\\\/mistrzowieimprez.pl\\\/produkt\\\/degustacja-piwa\\\/#breadcrumb\"},\"inLanguage\":\"en-GB\",\"potentialAction\":[{\"@type\":\"ReadAction\",\"target\":[\"https:\\\/\\\/mistrzowieimprez.pl\\\/produkt\\\/degustacja-piwa\\\/\"]}]},{\"@type\":\"ImageObject\",\"inLanguage\":\"en-GB\",\"@id\":\"https:\\\/\\\/mistrzowieimprez.pl\\\/produkt\\\/degustacja-piwa\\\/#primaryimage\",\"url\":\"https:\\\/\\\/mistrzowieimprez.pl\\\/wp-content\\\/uploads\\\/2024\\\/10\\\/DEGUSTACJA-PIWA.webp\",\"contentUrl\":\"https:\\\/\\\/mistrzowieimprez.pl\\\/wp-content\\\/uploads\\\/2024\\\/10\\\/DEGUSTACJA-PIWA.webp\",\"width\":1000,\"height\":1000,\"caption\":\"Na zdj\u0119ciu wida\u0107 degustacj\u0119 r\u00f3\u017cnych napoj\u00f3w oraz pr\u00f3bki ziaren, co mo\u017ce sugerowa\u0107 tematyczne wydarzenie kulinarne lub warsztaty organizowane przez Mistrz\u00f3w imprez.\"},{\"@type\":\"BreadcrumbList\",\"@id\":\"https:\\\/\\\/mistrzowieimprez.pl\\\/produkt\\\/degustacja-piwa\\\/#breadcrumb\",\"itemListElement\":[{\"@type\":\"ListItem\",\"position\":1,\"name\":\"Strona g\u0142\u00f3wna\",\"item\":\"https:\\\/\\\/mistrzowieimprez.pl\\\/\"},{\"@type\":\"ListItem\",\"position\":2,\"name\":\"sklep\",\"item\":\"https:\\\/\\\/mistrzowieimprez.pl\\\/sklep\\\/\"},{\"@type\":\"ListItem\",\"position\":3,\"name\":\"Degustacja piwa\"}]},{\"@type\":\"WebSite\",\"@id\":\"https:\\\/\\\/mistrzowieimprez.pl\\\/#website\",\"url\":\"https:\\\/\\\/mistrzowieimprez.pl\\\/\",\"name\":\"Mistrzowie Imprez\",\"description\":\"Kompleksowa organizacja imprez\",\"publisher\":{\"@id\":\"https:\\\/\\\/mistrzowieimprez.pl\\\/#organization\"},\"potentialAction\":[{\"@type\":\"SearchAction\",\"target\":{\"@type\":\"EntryPoint\",\"urlTemplate\":\"https:\\\/\\\/mistrzowieimprez.pl\\\/?s={search_term_string}\"},\"query-input\":{\"@type\":\"PropertyValueSpecification\",\"valueRequired\":true,\"valueName\":\"search_term_string\"}}],\"inLanguage\":\"en-GB\"},{\"@type\":\"Organization\",\"@id\":\"https:\\\/\\\/mistrzowieimprez.pl\\\/#organization\",\"name\":\"Mistrzowie Imprez\",\"url\":\"https:\\\/\\\/mistrzowieimprez.pl\\\/\",\"logo\":{\"@type\":\"ImageObject\",\"inLanguage\":\"en-GB\",\"@id\":\"https:\\\/\\\/mistrzowieimprez.pl\\\/#\\\/schema\\\/logo\\\/image\\\/\",\"url\":\"https:\\\/\\\/mistrzowieimprez.pl\\\/wp-content\\\/uploads\\\/2024\\\/08\\\/mistrzowie_imprez_logo_ciemne-tlo@4x.png\",\"contentUrl\":\"https:\\\/\\\/mistrzowieimprez.pl\\\/wp-content\\\/uploads\\\/2024\\\/08\\\/mistrzowie_imprez_logo_ciemne-tlo@4x.png\",\"width\":1318,\"height\":351,\"caption\":\"Mistrzowie Imprez\"},\"image\":{\"@id\":\"https:\\\/\\\/mistrzowieimprez.pl\\\/#\\\/schema\\\/logo\\\/image\\\/\"},\"sameAs\":[\"https:\\\/\\\/www.facebook.com\\\/mistrzowieimprez\",\"https:\\\/\\\/www.instagram.com\\\/mistrzowieimprez\\\/\",\"https:\\\/\\\/www.youtube.com\\\/@ytmistrzowieimprez\"]}]}<\/script>\n<!-- \/ Yoast SEO plugin. -->","yoast_head_json":{"title":"Odkryj \u015bwiat Kraftu! Degustacja 8 styl\u00f3w: od IPA po Porter Ba\u0142tycki","robots":{"index":"index","follow":"follow","max-snippet":"max-snippet:-1","max-image-preview":"max-image-preview:large","max-video-preview":"max-video-preview:-1"},"canonical":"https:\/\/mistrzowieimprez.pl\/en\/product\/degustacja-piwa\/","og_locale":"en_GB","og_type":"article","og_title":"Odkryj \u015bwiat Kraftu! Degustacja 8 styl\u00f3w: od IPA po Porter Ba\u0142tycki","og_description":"Zapraszamy na wyj\u0105tkow\u0105 degustacj\u0119 piw rzemie\u015blniczych, podczas kt\u00f3rej uczestnicy spr\u00f3buj\u0105 po oko\u0142o 50 ml o\u015bmiu r\u00f3\u017cnych styl\u00f3w piwa z renomowanych browar\u00f3w. W trakcie spotkania om\u00f3wimy kluczowe cechy ka\u017cdego stylu, takie jak American India Pale Ale, Belgian IPA, Tripel, Sour Ale, Porter Ba\u0142tycki oraz Grodziskie. Dowiedz si\u0119, co wp\u0142ywa na smak i aromat piwa, poznaj proces warzenia oraz zasady degustacji. To idealna okazja, by poszerzy\u0107 swoj\u0105 wiedz\u0119 o piwie i delektowa\u0107 si\u0119 jego r\u00f3\u017cnorodno\u015bci\u0105!","og_url":"https:\/\/mistrzowieimprez.pl\/en\/product\/degustacja-piwa\/","og_site_name":"Mistrzowie Imprez","article_publisher":"https:\/\/www.facebook.com\/mistrzowieimprez","article_modified_time":"2026-03-31T21:13:10+00:00","og_image":[{"width":1000,"height":1000,"url":"https:\/\/mistrzowieimprez.pl\/wp-content\/uploads\/2024\/10\/DEGUSTACJA-PIWA.webp","type":"image\/webp"}],"twitter_card":"summary_large_image","twitter_misc":{"Estimated reading time":"2 minutes"},"schema":{"@context":"https:\/\/schema.org","@graph":[{"@type":"WebPage","@id":"https:\/\/mistrzowieimprez.pl\/produkt\/degustacja-piwa\/","url":"https:\/\/mistrzowieimprez.pl\/produkt\/degustacja-piwa\/","name":"Odkryj \u015bwiat Kraftu! Degustacja 8 styl\u00f3w: od IPA po Porter Ba\u0142tycki","isPartOf":{"@id":"https:\/\/mistrzowieimprez.pl\/#website"},"primaryImageOfPage":{"@id":"https:\/\/mistrzowieimprez.pl\/produkt\/degustacja-piwa\/#primaryimage"},"image":{"@id":"https:\/\/mistrzowieimprez.pl\/produkt\/degustacja-piwa\/#primaryimage"},"thumbnailUrl":"https:\/\/mistrzowieimprez.pl\/wp-content\/uploads\/2024\/10\/DEGUSTACJA-PIWA.webp","datePublished":"2024-10-07T17:32:57+00:00","dateModified":"2026-03-31T21:13:10+00:00","breadcrumb":{"@id":"https:\/\/mistrzowieimprez.pl\/produkt\/degustacja-piwa\/#breadcrumb"},"inLanguage":"en-GB","potentialAction":[{"@type":"ReadAction","target":["https:\/\/mistrzowieimprez.pl\/produkt\/degustacja-piwa\/"]}]},{"@type":"ImageObject","inLanguage":"en-GB","@id":"https:\/\/mistrzowieimprez.pl\/produkt\/degustacja-piwa\/#primaryimage","url":"https:\/\/mistrzowieimprez.pl\/wp-content\/uploads\/2024\/10\/DEGUSTACJA-PIWA.webp","contentUrl":"https:\/\/mistrzowieimprez.pl\/wp-content\/uploads\/2024\/10\/DEGUSTACJA-PIWA.webp","width":1000,"height":1000,"caption":"Na zdj\u0119ciu wida\u0107 degustacj\u0119 r\u00f3\u017cnych napoj\u00f3w oraz pr\u00f3bki ziaren, co mo\u017ce sugerowa\u0107 tematyczne wydarzenie kulinarne lub warsztaty organizowane przez Mistrz\u00f3w imprez."},{"@type":"BreadcrumbList","@id":"https:\/\/mistrzowieimprez.pl\/produkt\/degustacja-piwa\/#breadcrumb","itemListElement":[{"@type":"ListItem","position":1,"name":"Strona g\u0142\u00f3wna","item":"https:\/\/mistrzowieimprez.pl\/"},{"@type":"ListItem","position":2,"name":"sklep","item":"https:\/\/mistrzowieimprez.pl\/sklep\/"},{"@type":"ListItem","position":3,"name":"Degustacja piwa"}]},{"@type":"WebSite","@id":"https:\/\/mistrzowieimprez.pl\/#website","url":"https:\/\/mistrzowieimprez.pl\/","name":"Mistrzowie Imprez","description":"Kompleksowa organizacja imprez","publisher":{"@id":"https:\/\/mistrzowieimprez.pl\/#organization"},"potentialAction":[{"@type":"SearchAction","target":{"@type":"EntryPoint","urlTemplate":"https:\/\/mistrzowieimprez.pl\/?s={search_term_string}"},"query-input":{"@type":"PropertyValueSpecification","valueRequired":true,"valueName":"search_term_string"}}],"inLanguage":"en-GB"},{"@type":"Organization","@id":"https:\/\/mistrzowieimprez.pl\/#organization","name":"Mistrzowie Imprez","url":"https:\/\/mistrzowieimprez.pl\/","logo":{"@type":"ImageObject","inLanguage":"en-GB","@id":"https:\/\/mistrzowieimprez.pl\/#\/schema\/logo\/image\/","url":"https:\/\/mistrzowieimprez.pl\/wp-content\/uploads\/2024\/08\/mistrzowie_imprez_logo_ciemne-tlo@4x.png","contentUrl":"https:\/\/mistrzowieimprez.pl\/wp-content\/uploads\/2024\/08\/mistrzowie_imprez_logo_ciemne-tlo@4x.png","width":1318,"height":351,"caption":"Mistrzowie Imprez"},"image":{"@id":"https:\/\/mistrzowieimprez.pl\/#\/schema\/logo\/image\/"},"sameAs":["https:\/\/www.facebook.com\/mistrzowieimprez","https:\/\/www.instagram.com\/mistrzowieimprez\/","https:\/\/www.youtube.com\/@ytmistrzowieimprez"]}]}},"_links":{"self":[{"href":"https:\/\/mistrzowieimprez.pl\/en\/wp-json\/wp\/v2\/product\/2373","targetHints":{"allow":["GET"]}}],"collection":[{"href":"https:\/\/mistrzowieimprez.pl\/en\/wp-json\/wp\/v2\/product"}],"about":[{"href":"https:\/\/mistrzowieimprez.pl\/en\/wp-json\/wp\/v2\/types\/product"}],"replies":[{"embeddable":true,"href":"https:\/\/mistrzowieimprez.pl\/en\/wp-json\/wp\/v2\/comments?post=2373"}],"version-history":[{"count":1,"href":"https:\/\/mistrzowieimprez.pl\/en\/wp-json\/wp\/v2\/product\/2373\/revisions"}],"predecessor-version":[{"id":2374,"href":"https:\/\/mistrzowieimprez.pl\/en\/wp-json\/wp\/v2\/product\/2373\/revisions\/2374"}],"wp:featuredmedia":[{"embeddable":true,"href":"https:\/\/mistrzowieimprez.pl\/en\/wp-json\/wp\/v2\/media\/2316"}],"wp:attachment":[{"href":"https:\/\/mistrzowieimprez.pl\/en\/wp-json\/wp\/v2\/media?parent=2373"}],"wp:term":[{"taxonomy":"product_brand","embeddable":true,"href":"https:\/\/mistrzowieimprez.pl\/en\/wp-json\/wp\/v2\/product_brand?post=2373"},{"taxonomy":"product_cat","embeddable":true,"href":"https:\/\/mistrzowieimprez.pl\/en\/wp-json\/wp\/v2\/product_cat?post=2373"},{"taxonomy":"product_tag","embeddable":true,"href":"https:\/\/mistrzowieimprez.pl\/en\/wp-json\/wp\/v2\/product_tag?post=2373"}],"curies":[{"name":"wp","href":"https:\/\/api.w.org\/{rel}","templated":true}]}}