{"id":2371,"date":"2024-10-07T17:25:56","date_gmt":"2024-10-07T17:25:56","guid":{"rendered":"https:\/\/mistrzowieimprez.pl\/?post_type=product&#038;p=2371"},"modified":"2026-03-31T21:12:43","modified_gmt":"2026-03-31T21:12:43","slug":"degustacja-wina","status":"publish","type":"product","link":"https:\/\/mistrzowieimprez.pl\/en\/product\/degustacja-wina\/","title":{"rendered":"Degustacja wina"},"content":{"rendered":"<h4>Opis scenariusza:<\/h4>\n<p>Zapraszamy Was na niezapomnian\u0105 podr\u00f3\u017c po fascynuj\u0105cym \u015bwiecie wina podczas naszych warsztat\u00f3w degustacyjnych, kt\u00f3re poprowadzi do\u015bwiadczony sommelier. To wyj\u0105tkowe wydarzenie zosta\u0142o stworzone z my\u015bl\u0105 o mi\u0142o\u015bnikach wina na r\u00f3\u017cnych poziomach zaawansowania \u2014 zar\u00f3wno dla pocz\u0105tkuj\u0105cych, jak i dla tych, kt\u00f3rzy ju\u017c znaj\u0105 si\u0119 na winie.<\/p>\n<p>W trakcie sesji degustacyjnej uczestnicy b\u0119d\u0105 mieli okazj\u0119 odkrywa\u0107 tajemnice winiarskiego rzemios\u0142a, zg\u0142\u0119bia\u0107 r\u00f3\u017cnorodno\u015b\u0107 smak\u00f3w i aromat\u00f3w oraz doskonali\u0107 swoje umiej\u0119tno\u015bci degustacyjne. Nasz sommelier podzieli si\u0119 swoj\u0105 wiedz\u0105 na temat technik degustacji, a tak\u017ce opowie o pochodzeniu win, ich charakterystyce oraz idealnych po\u0142\u0105czeniach z potrawami.<\/p>\n<p>Podczas warsztat\u00f3w zaprezentowane zostan\u0105 cztery r\u00f3\u017cne rodzaje wina, co pozwoli uczestnikom na bezpo\u015brednie por\u00f3wnanie ich unikalnych cech. Dzi\u0119ki temu ka\u017cdy z go\u015bci b\u0119dzie m\u00f3g\u0142 rozwin\u0105\u0107 swoje zmys\u0142y i odkry\u0107 nowe ulubione smaki.<\/p>\n<p>To doskona\u0142a okazja, aby sp\u0119dzi\u0107 czas w towarzystwie innych pasjonat\u00f3w wina, dzieli\u0107 si\u0119 swoimi do\u015bwiadczeniami i odkrywa\u0107 nieznane dot\u0105d aspekty tego niezwyk\u0142ego trunku.<\/p>","protected":false},"excerpt":{"rendered":"<p>Zapraszamy na niezapomnian\u0105 podr\u00f3\u017c po fascynuj\u0105cym \u015bwiecie wina podczas warsztat\u00f3w degustacyjnych z do\u015bwiadczonym sommelierem. Ta wyj\u0105tkowa sesja zosta\u0142a zaprojektowana dla mi\u0142o\u015bnik\u00f3w wina na ka\u017cdym poziomie zaawansowania. Pod przewodnictwem sommeliera, uczestnicy odkryj\u0105 tajemnice winiarskiego rzemios\u0142a oraz zg\u0142\u0119bi\u0105 r\u00f3\u017cnorodno\u015b\u0107 smak\u00f3w i aromat\u00f3w. W trakcie degustacji zaprezentowane zostan\u0105 cztery r\u00f3\u017cne rodzaje wina.<\/p>","protected":false},"featured_media":2308,"comment_status":"open","ping_status":"closed","template":"","meta":{"_acf_changed":false},"product_brand":[],"product_cat":[94,97],"product_tag":[],"class_list":{"0":"post-2371","1":"product","2":"type-product","3":"status-publish","4":"has-post-thumbnail","6":"product_cat-team-building","7":"product_cat-warsztaty-na-imprezy-integracyjne","9":"first","10":"instock","11":"shipping-taxable","12":"product-type-simple"},"acf":[],"yoast_head":"<!-- This site is optimized with the Yoast SEO plugin v27.5 - https:\/\/yoast.com\/product\/yoast-seo-wordpress\/ -->\n<title>Degustacja Wina dla firm \u2013 warsztaty z sommelierem i degustacja<\/title>\n<meta name=\"robots\" content=\"index, follow, max-snippet:-1, max-image-preview:large, max-video-preview:-1\" \/>\n<link rel=\"canonical\" href=\"https:\/\/mistrzowieimprez.pl\/en\/product\/degustacja-wina\/\" \/>\n<meta property=\"og:locale\" content=\"en_GB\" \/>\n<meta property=\"og:type\" content=\"article\" \/>\n<meta property=\"og:title\" content=\"Degustacja Wina dla firm \u2013 warsztaty z sommelierem i degustacja\" \/>\n<meta property=\"og:description\" content=\"Zapraszamy na niezapomnian\u0105 podr\u00f3\u017c po fascynuj\u0105cym \u015bwiecie wina podczas warsztat\u00f3w degustacyjnych z do\u015bwiadczonym sommelierem. Ta wyj\u0105tkowa sesja zosta\u0142a zaprojektowana dla mi\u0142o\u015bnik\u00f3w wina na ka\u017cdym poziomie zaawansowania. Pod przewodnictwem sommeliera, uczestnicy odkryj\u0105 tajemnice winiarskiego rzemios\u0142a oraz zg\u0142\u0119bi\u0105 r\u00f3\u017cnorodno\u015b\u0107 smak\u00f3w i aromat\u00f3w. W trakcie degustacji zaprezentowane zostan\u0105 cztery r\u00f3\u017cne rodzaje wina.\" \/>\n<meta property=\"og:url\" content=\"https:\/\/mistrzowieimprez.pl\/en\/product\/degustacja-wina\/\" \/>\n<meta property=\"og:site_name\" content=\"Mistrzowie Imprez\" \/>\n<meta property=\"article:publisher\" content=\"https:\/\/www.facebook.com\/mistrzowieimprez\" \/>\n<meta property=\"article:modified_time\" content=\"2026-03-31T21:12:43+00:00\" \/>\n<meta property=\"og:image\" content=\"https:\/\/mistrzowieimprez.pl\/wp-content\/uploads\/2024\/10\/DEGUSTACJA-wina.webp\" \/>\n\t<meta property=\"og:image:width\" content=\"1000\" \/>\n\t<meta property=\"og:image:height\" content=\"1000\" \/>\n\t<meta property=\"og:image:type\" content=\"image\/webp\" \/>\n<meta name=\"twitter:card\" content=\"summary_large_image\" \/>\n<meta name=\"twitter:label1\" content=\"Estimated reading time\" \/>\n\t<meta name=\"twitter:data1\" content=\"2 minutes\" \/>\n<script type=\"application\/ld+json\" class=\"yoast-schema-graph\">{\"@context\":\"https:\\\/\\\/schema.org\",\"@graph\":[{\"@type\":\"WebPage\",\"@id\":\"https:\\\/\\\/mistrzowieimprez.pl\\\/produkt\\\/degustacja-wina\\\/\",\"url\":\"https:\\\/\\\/mistrzowieimprez.pl\\\/produkt\\\/degustacja-wina\\\/\",\"name\":\"Degustacja Wina dla firm \u2013 warsztaty z sommelierem i degustacja\",\"isPartOf\":{\"@id\":\"https:\\\/\\\/mistrzowieimprez.pl\\\/#website\"},\"primaryImageOfPage\":{\"@id\":\"https:\\\/\\\/mistrzowieimprez.pl\\\/produkt\\\/degustacja-wina\\\/#primaryimage\"},\"image\":{\"@id\":\"https:\\\/\\\/mistrzowieimprez.pl\\\/produkt\\\/degustacja-wina\\\/#primaryimage\"},\"thumbnailUrl\":\"https:\\\/\\\/mistrzowieimprez.pl\\\/wp-content\\\/uploads\\\/2024\\\/10\\\/DEGUSTACJA-wina.webp\",\"datePublished\":\"2024-10-07T17:25:56+00:00\",\"dateModified\":\"2026-03-31T21:12:43+00:00\",\"breadcrumb\":{\"@id\":\"https:\\\/\\\/mistrzowieimprez.pl\\\/produkt\\\/degustacja-wina\\\/#breadcrumb\"},\"inLanguage\":\"en-GB\",\"potentialAction\":[{\"@type\":\"ReadAction\",\"target\":[\"https:\\\/\\\/mistrzowieimprez.pl\\\/produkt\\\/degustacja-wina\\\/\"]}]},{\"@type\":\"ImageObject\",\"inLanguage\":\"en-GB\",\"@id\":\"https:\\\/\\\/mistrzowieimprez.pl\\\/produkt\\\/degustacja-wina\\\/#primaryimage\",\"url\":\"https:\\\/\\\/mistrzowieimprez.pl\\\/wp-content\\\/uploads\\\/2024\\\/10\\\/DEGUSTACJA-wina.webp\",\"contentUrl\":\"https:\\\/\\\/mistrzowieimprez.pl\\\/wp-content\\\/uploads\\\/2024\\\/10\\\/DEGUSTACJA-wina.webp\",\"width\":1000,\"height\":1000,\"caption\":\"Na obrazie wida\u0107 trzy kieliszki z r\u00f3\u017cnymi rodzajami wina, o\u015bwietlone promieniem \u015bwiat\u0142a na szarym tle.\"},{\"@type\":\"BreadcrumbList\",\"@id\":\"https:\\\/\\\/mistrzowieimprez.pl\\\/produkt\\\/degustacja-wina\\\/#breadcrumb\",\"itemListElement\":[{\"@type\":\"ListItem\",\"position\":1,\"name\":\"Strona g\u0142\u00f3wna\",\"item\":\"https:\\\/\\\/mistrzowieimprez.pl\\\/\"},{\"@type\":\"ListItem\",\"position\":2,\"name\":\"sklep\",\"item\":\"https:\\\/\\\/mistrzowieimprez.pl\\\/sklep\\\/\"},{\"@type\":\"ListItem\",\"position\":3,\"name\":\"Degustacja wina\"}]},{\"@type\":\"WebSite\",\"@id\":\"https:\\\/\\\/mistrzowieimprez.pl\\\/#website\",\"url\":\"https:\\\/\\\/mistrzowieimprez.pl\\\/\",\"name\":\"Mistrzowie Imprez\",\"description\":\"Kompleksowa organizacja imprez\",\"publisher\":{\"@id\":\"https:\\\/\\\/mistrzowieimprez.pl\\\/#organization\"},\"potentialAction\":[{\"@type\":\"SearchAction\",\"target\":{\"@type\":\"EntryPoint\",\"urlTemplate\":\"https:\\\/\\\/mistrzowieimprez.pl\\\/?s={search_term_string}\"},\"query-input\":{\"@type\":\"PropertyValueSpecification\",\"valueRequired\":true,\"valueName\":\"search_term_string\"}}],\"inLanguage\":\"en-GB\"},{\"@type\":\"Organization\",\"@id\":\"https:\\\/\\\/mistrzowieimprez.pl\\\/#organization\",\"name\":\"Mistrzowie Imprez\",\"url\":\"https:\\\/\\\/mistrzowieimprez.pl\\\/\",\"logo\":{\"@type\":\"ImageObject\",\"inLanguage\":\"en-GB\",\"@id\":\"https:\\\/\\\/mistrzowieimprez.pl\\\/#\\\/schema\\\/logo\\\/image\\\/\",\"url\":\"https:\\\/\\\/mistrzowieimprez.pl\\\/wp-content\\\/uploads\\\/2024\\\/08\\\/mistrzowie_imprez_logo_ciemne-tlo@4x.png\",\"contentUrl\":\"https:\\\/\\\/mistrzowieimprez.pl\\\/wp-content\\\/uploads\\\/2024\\\/08\\\/mistrzowie_imprez_logo_ciemne-tlo@4x.png\",\"width\":1318,\"height\":351,\"caption\":\"Mistrzowie Imprez\"},\"image\":{\"@id\":\"https:\\\/\\\/mistrzowieimprez.pl\\\/#\\\/schema\\\/logo\\\/image\\\/\"},\"sameAs\":[\"https:\\\/\\\/www.facebook.com\\\/mistrzowieimprez\",\"https:\\\/\\\/www.instagram.com\\\/mistrzowieimprez\\\/\",\"https:\\\/\\\/www.youtube.com\\\/@ytmistrzowieimprez\"]}]}<\/script>\n<!-- \/ Yoast SEO plugin. -->","yoast_head_json":{"title":"Degustacja Wina dla firm \u2013 warsztaty z sommelierem i degustacja","robots":{"index":"index","follow":"follow","max-snippet":"max-snippet:-1","max-image-preview":"max-image-preview:large","max-video-preview":"max-video-preview:-1"},"canonical":"https:\/\/mistrzowieimprez.pl\/en\/product\/degustacja-wina\/","og_locale":"en_GB","og_type":"article","og_title":"Degustacja Wina dla firm \u2013 warsztaty z sommelierem i degustacja","og_description":"Zapraszamy na niezapomnian\u0105 podr\u00f3\u017c po fascynuj\u0105cym \u015bwiecie wina podczas warsztat\u00f3w degustacyjnych z do\u015bwiadczonym sommelierem. Ta wyj\u0105tkowa sesja zosta\u0142a zaprojektowana dla mi\u0142o\u015bnik\u00f3w wina na ka\u017cdym poziomie zaawansowania. Pod przewodnictwem sommeliera, uczestnicy odkryj\u0105 tajemnice winiarskiego rzemios\u0142a oraz zg\u0142\u0119bi\u0105 r\u00f3\u017cnorodno\u015b\u0107 smak\u00f3w i aromat\u00f3w. W trakcie degustacji zaprezentowane zostan\u0105 cztery r\u00f3\u017cne rodzaje wina.","og_url":"https:\/\/mistrzowieimprez.pl\/en\/product\/degustacja-wina\/","og_site_name":"Mistrzowie Imprez","article_publisher":"https:\/\/www.facebook.com\/mistrzowieimprez","article_modified_time":"2026-03-31T21:12:43+00:00","og_image":[{"width":1000,"height":1000,"url":"https:\/\/mistrzowieimprez.pl\/wp-content\/uploads\/2024\/10\/DEGUSTACJA-wina.webp","type":"image\/webp"}],"twitter_card":"summary_large_image","twitter_misc":{"Estimated reading time":"2 minutes"},"schema":{"@context":"https:\/\/schema.org","@graph":[{"@type":"WebPage","@id":"https:\/\/mistrzowieimprez.pl\/produkt\/degustacja-wina\/","url":"https:\/\/mistrzowieimprez.pl\/produkt\/degustacja-wina\/","name":"Degustacja Wina dla firm \u2013 warsztaty z sommelierem i degustacja","isPartOf":{"@id":"https:\/\/mistrzowieimprez.pl\/#website"},"primaryImageOfPage":{"@id":"https:\/\/mistrzowieimprez.pl\/produkt\/degustacja-wina\/#primaryimage"},"image":{"@id":"https:\/\/mistrzowieimprez.pl\/produkt\/degustacja-wina\/#primaryimage"},"thumbnailUrl":"https:\/\/mistrzowieimprez.pl\/wp-content\/uploads\/2024\/10\/DEGUSTACJA-wina.webp","datePublished":"2024-10-07T17:25:56+00:00","dateModified":"2026-03-31T21:12:43+00:00","breadcrumb":{"@id":"https:\/\/mistrzowieimprez.pl\/produkt\/degustacja-wina\/#breadcrumb"},"inLanguage":"en-GB","potentialAction":[{"@type":"ReadAction","target":["https:\/\/mistrzowieimprez.pl\/produkt\/degustacja-wina\/"]}]},{"@type":"ImageObject","inLanguage":"en-GB","@id":"https:\/\/mistrzowieimprez.pl\/produkt\/degustacja-wina\/#primaryimage","url":"https:\/\/mistrzowieimprez.pl\/wp-content\/uploads\/2024\/10\/DEGUSTACJA-wina.webp","contentUrl":"https:\/\/mistrzowieimprez.pl\/wp-content\/uploads\/2024\/10\/DEGUSTACJA-wina.webp","width":1000,"height":1000,"caption":"Na obrazie wida\u0107 trzy kieliszki z r\u00f3\u017cnymi rodzajami wina, o\u015bwietlone promieniem \u015bwiat\u0142a na szarym tle."},{"@type":"BreadcrumbList","@id":"https:\/\/mistrzowieimprez.pl\/produkt\/degustacja-wina\/#breadcrumb","itemListElement":[{"@type":"ListItem","position":1,"name":"Strona g\u0142\u00f3wna","item":"https:\/\/mistrzowieimprez.pl\/"},{"@type":"ListItem","position":2,"name":"sklep","item":"https:\/\/mistrzowieimprez.pl\/sklep\/"},{"@type":"ListItem","position":3,"name":"Degustacja wina"}]},{"@type":"WebSite","@id":"https:\/\/mistrzowieimprez.pl\/#website","url":"https:\/\/mistrzowieimprez.pl\/","name":"Mistrzowie Imprez","description":"Kompleksowa organizacja imprez","publisher":{"@id":"https:\/\/mistrzowieimprez.pl\/#organization"},"potentialAction":[{"@type":"SearchAction","target":{"@type":"EntryPoint","urlTemplate":"https:\/\/mistrzowieimprez.pl\/?s={search_term_string}"},"query-input":{"@type":"PropertyValueSpecification","valueRequired":true,"valueName":"search_term_string"}}],"inLanguage":"en-GB"},{"@type":"Organization","@id":"https:\/\/mistrzowieimprez.pl\/#organization","name":"Mistrzowie Imprez","url":"https:\/\/mistrzowieimprez.pl\/","logo":{"@type":"ImageObject","inLanguage":"en-GB","@id":"https:\/\/mistrzowieimprez.pl\/#\/schema\/logo\/image\/","url":"https:\/\/mistrzowieimprez.pl\/wp-content\/uploads\/2024\/08\/mistrzowie_imprez_logo_ciemne-tlo@4x.png","contentUrl":"https:\/\/mistrzowieimprez.pl\/wp-content\/uploads\/2024\/08\/mistrzowie_imprez_logo_ciemne-tlo@4x.png","width":1318,"height":351,"caption":"Mistrzowie Imprez"},"image":{"@id":"https:\/\/mistrzowieimprez.pl\/#\/schema\/logo\/image\/"},"sameAs":["https:\/\/www.facebook.com\/mistrzowieimprez","https:\/\/www.instagram.com\/mistrzowieimprez\/","https:\/\/www.youtube.com\/@ytmistrzowieimprez"]}]}},"_links":{"self":[{"href":"https:\/\/mistrzowieimprez.pl\/en\/wp-json\/wp\/v2\/product\/2371","targetHints":{"allow":["GET"]}}],"collection":[{"href":"https:\/\/mistrzowieimprez.pl\/en\/wp-json\/wp\/v2\/product"}],"about":[{"href":"https:\/\/mistrzowieimprez.pl\/en\/wp-json\/wp\/v2\/types\/product"}],"replies":[{"embeddable":true,"href":"https:\/\/mistrzowieimprez.pl\/en\/wp-json\/wp\/v2\/comments?post=2371"}],"version-history":[{"count":1,"href":"https:\/\/mistrzowieimprez.pl\/en\/wp-json\/wp\/v2\/product\/2371\/revisions"}],"predecessor-version":[{"id":2372,"href":"https:\/\/mistrzowieimprez.pl\/en\/wp-json\/wp\/v2\/product\/2371\/revisions\/2372"}],"wp:featuredmedia":[{"embeddable":true,"href":"https:\/\/mistrzowieimprez.pl\/en\/wp-json\/wp\/v2\/media\/2308"}],"wp:attachment":[{"href":"https:\/\/mistrzowieimprez.pl\/en\/wp-json\/wp\/v2\/media?parent=2371"}],"wp:term":[{"taxonomy":"product_brand","embeddable":true,"href":"https:\/\/mistrzowieimprez.pl\/en\/wp-json\/wp\/v2\/product_brand?post=2371"},{"taxonomy":"product_cat","embeddable":true,"href":"https:\/\/mistrzowieimprez.pl\/en\/wp-json\/wp\/v2\/product_cat?post=2371"},{"taxonomy":"product_tag","embeddable":true,"href":"https:\/\/mistrzowieimprez.pl\/en\/wp-json\/wp\/v2\/product_tag?post=2371"}],"curies":[{"name":"wp","href":"https:\/\/api.w.org\/{rel}","templated":true}]}}