{"id":2369,"date":"2024-10-07T17:23:44","date_gmt":"2024-10-07T17:23:44","guid":{"rendered":"https:\/\/mistrzowieimprez.pl\/?post_type=product&#038;p=2369"},"modified":"2026-03-31T21:12:12","modified_gmt":"2026-03-31T21:12:12","slug":"degustacja-cygar","status":"publish","type":"product","link":"https:\/\/mistrzowieimprez.pl\/en\/product\/degustacja-cygar\/","title":{"rendered":"Degustacja cygar"},"content":{"rendered":"<h4>Opis scenariusza:<\/h4>\n<p>Zapraszamy na ekskluzywne spotkanie, kt\u00f3re przeniesie Was w \u015bwiat najszlachetniejszych rodzaj\u00f3w tytoniu. Spotkanie poprowadzi jeden z naszych profesjonalnych prowadz\u0105cych, znawca i pasjonat tematu, kt\u00f3ry podzieli si\u0119 swoj\u0105 ogromn\u0105 wiedz\u0105 oraz do\u015bwiadczeniem.<\/p>\n<p>W ci\u0105gu dwugodzinnej prezentacji, uczestnicy b\u0119d\u0105 mieli okazj\u0119 zg\u0142\u0119bi\u0107 tajniki palenia cygar, kt\u00f3re s\u0105 nie tylko rytua\u0142em, ale tak\u017ce sztuk\u0105. Nasz prowadz\u0105cy opowie o swoich odkryciach i najciekawszych do\u015bwiadczeniach zwi\u0105zanych z cygarami, oferuj\u0105c unikalny wgl\u0105d w \u015bwiat elitarnych smak\u00f3w, dost\u0119pnych jedynie dla nielicznych.<\/p>\n<p>Podczas spotkania Go\u015bcie dowiedz\u0105 si\u0119, jak celebrowa\u0107 moment palenia cygara, odkrywaj\u0105c techniki, kt\u00f3re pozwol\u0105 im w pe\u0142ni wykorzysta\u0107 bogactwo smak\u00f3w i aromat\u00f3w. Zdob\u0119d\u0105 r\u00f3wnie\u017c wiedz\u0119 sensoryczn\u0105, kt\u00f3ra pomo\u017ce im delektowa\u0107 si\u0119 wy\u015bmienitym tytoniem wszystkimi zmys\u0142ami. Cz\u0119\u015bci\u0105 prezentacji b\u0119dzie fascynuj\u0105ce wyja\u015bnienie fenomenu kuba\u0144skich cygar, ich tradycji oraz znaczenia w dzisiejszym przemy\u015ble tytoniowym.<\/p>\n<p>To wydarzenie to nie tylko szansa na zdobycie cennej wiedzy, ale tak\u017ce nawi\u0105zanie nowych znajomo\u015bci w gronie mi\u0142o\u015bnik\u00f3w cygar. Serdecznie zapraszamy do uczestnictwa w tym unikalnym do\u015bwiadczeniu, kt\u00f3re wzbogaci Wasz\u0105 wiedz\u0119 oraz umiej\u0119tno\u015bci w zakresie palenia cygar!<\/p>","protected":false},"excerpt":{"rendered":"<p>Zapraszamy na wyj\u0105tkowe spotkanie po\u015bwi\u0119cone najszlachetniejszym rodzajom tytoniu, prowadzone przez pasjonata i znawc\u0119 tematu. W ci\u0105gu dw\u00f3ch godzin Go\u015bcie odkryj\u0105 fascynuj\u0105ce do\u015bwiadczenia zwi\u0105zane z cygarami, zdob\u0119d\u0105 unikaln\u0105 wiedz\u0119 dost\u0119pn\u0105 jedynie elitom oraz naucz\u0105 si\u0119 celebrowa\u0107 palenie cygara, u\u017cywaj\u0105c wszystkich zmys\u0142\u00f3w. Spotkanie obejmie r\u00f3wnie\u017c wyja\u015bnienie fenomenu kuba\u0144skich cygar i ich znaczenia w przemy\u015ble tytoniowym. Do\u0142\u0105czcie do nas i delektujcie si\u0119 tym wyj\u0105tkowym do\u015bwiadczeniem!<\/p>","protected":false},"featured_media":2314,"comment_status":"open","ping_status":"closed","template":"","meta":{"_acf_changed":false},"product_brand":[],"product_cat":[94,97],"product_tag":[],"class_list":{"0":"post-2369","1":"product","2":"type-product","3":"status-publish","4":"has-post-thumbnail","6":"product_cat-team-building","7":"product_cat-warsztaty-na-imprezy-integracyjne","9":"first","10":"instock","11":"shipping-taxable","12":"product-type-simple"},"acf":[],"yoast_head":"<!-- This site is optimized with the Yoast SEO plugin v27.5 - https:\/\/yoast.com\/product\/yoast-seo-wordpress\/ -->\n<title>Akademia Cygara \u2013 profesjonalne warsztaty i degustacja dla firm<\/title>\n<meta name=\"robots\" content=\"index, follow, max-snippet:-1, max-image-preview:large, max-video-preview:-1\" \/>\n<link rel=\"canonical\" href=\"https:\/\/mistrzowieimprez.pl\/en\/product\/degustacja-cygar\/\" \/>\n<meta property=\"og:locale\" content=\"en_GB\" \/>\n<meta property=\"og:type\" content=\"article\" \/>\n<meta property=\"og:title\" content=\"Akademia Cygara \u2013 profesjonalne warsztaty i degustacja dla firm\" \/>\n<meta property=\"og:description\" content=\"Zapraszamy na wyj\u0105tkowe spotkanie po\u015bwi\u0119cone najszlachetniejszym rodzajom tytoniu, prowadzone przez pasjonata i znawc\u0119 tematu. W ci\u0105gu dw\u00f3ch godzin Go\u015bcie odkryj\u0105 fascynuj\u0105ce do\u015bwiadczenia zwi\u0105zane z cygarami, zdob\u0119d\u0105 unikaln\u0105 wiedz\u0119 dost\u0119pn\u0105 jedynie elitom oraz naucz\u0105 si\u0119 celebrowa\u0107 palenie cygara, u\u017cywaj\u0105c wszystkich zmys\u0142\u00f3w. Spotkanie obejmie r\u00f3wnie\u017c wyja\u015bnienie fenomenu kuba\u0144skich cygar i ich znaczenia w przemy\u015ble tytoniowym. Do\u0142\u0105czcie do nas i delektujcie si\u0119 tym wyj\u0105tkowym do\u015bwiadczeniem!\" \/>\n<meta property=\"og:url\" content=\"https:\/\/mistrzowieimprez.pl\/en\/product\/degustacja-cygar\/\" \/>\n<meta property=\"og:site_name\" content=\"Mistrzowie Imprez\" \/>\n<meta property=\"article:publisher\" content=\"https:\/\/www.facebook.com\/mistrzowieimprez\" \/>\n<meta property=\"article:modified_time\" content=\"2026-03-31T21:12:12+00:00\" \/>\n<meta property=\"og:image\" content=\"https:\/\/mistrzowieimprez.pl\/wp-content\/uploads\/2024\/10\/DEGUSTACJA-CYGAR.webp\" \/>\n\t<meta property=\"og:image:width\" content=\"1000\" \/>\n\t<meta property=\"og:image:height\" content=\"1000\" \/>\n\t<meta property=\"og:image:type\" content=\"image\/webp\" \/>\n<meta name=\"twitter:card\" content=\"summary_large_image\" \/>\n<meta name=\"twitter:label1\" content=\"Estimated reading time\" \/>\n\t<meta name=\"twitter:data1\" content=\"2 minutes\" \/>\n<script type=\"application\/ld+json\" class=\"yoast-schema-graph\">{\"@context\":\"https:\\\/\\\/schema.org\",\"@graph\":[{\"@type\":\"WebPage\",\"@id\":\"https:\\\/\\\/mistrzowieimprez.pl\\\/produkt\\\/degustacja-cygar\\\/\",\"url\":\"https:\\\/\\\/mistrzowieimprez.pl\\\/produkt\\\/degustacja-cygar\\\/\",\"name\":\"Akademia Cygara \u2013 profesjonalne warsztaty i degustacja dla firm\",\"isPartOf\":{\"@id\":\"https:\\\/\\\/mistrzowieimprez.pl\\\/#website\"},\"primaryImageOfPage\":{\"@id\":\"https:\\\/\\\/mistrzowieimprez.pl\\\/produkt\\\/degustacja-cygar\\\/#primaryimage\"},\"image\":{\"@id\":\"https:\\\/\\\/mistrzowieimprez.pl\\\/produkt\\\/degustacja-cygar\\\/#primaryimage\"},\"thumbnailUrl\":\"https:\\\/\\\/mistrzowieimprez.pl\\\/wp-content\\\/uploads\\\/2024\\\/10\\\/DEGUSTACJA-CYGAR.webp\",\"datePublished\":\"2024-10-07T17:23:44+00:00\",\"dateModified\":\"2026-03-31T21:12:12+00:00\",\"breadcrumb\":{\"@id\":\"https:\\\/\\\/mistrzowieimprez.pl\\\/produkt\\\/degustacja-cygar\\\/#breadcrumb\"},\"inLanguage\":\"en-GB\",\"potentialAction\":[{\"@type\":\"ReadAction\",\"target\":[\"https:\\\/\\\/mistrzowieimprez.pl\\\/produkt\\\/degustacja-cygar\\\/\"]}]},{\"@type\":\"ImageObject\",\"inLanguage\":\"en-GB\",\"@id\":\"https:\\\/\\\/mistrzowieimprez.pl\\\/produkt\\\/degustacja-cygar\\\/#primaryimage\",\"url\":\"https:\\\/\\\/mistrzowieimprez.pl\\\/wp-content\\\/uploads\\\/2024\\\/10\\\/DEGUSTACJA-CYGAR.webp\",\"contentUrl\":\"https:\\\/\\\/mistrzowieimprez.pl\\\/wp-content\\\/uploads\\\/2024\\\/10\\\/DEGUSTACJA-CYGAR.webp\",\"width\":1000,\"height\":1000,\"caption\":\"M\u0119\u017cczyzna w eleganckim ubraniu pali cygaro, otoczony dymem.\"},{\"@type\":\"BreadcrumbList\",\"@id\":\"https:\\\/\\\/mistrzowieimprez.pl\\\/produkt\\\/degustacja-cygar\\\/#breadcrumb\",\"itemListElement\":[{\"@type\":\"ListItem\",\"position\":1,\"name\":\"Strona g\u0142\u00f3wna\",\"item\":\"https:\\\/\\\/mistrzowieimprez.pl\\\/\"},{\"@type\":\"ListItem\",\"position\":2,\"name\":\"sklep\",\"item\":\"https:\\\/\\\/mistrzowieimprez.pl\\\/sklep\\\/\"},{\"@type\":\"ListItem\",\"position\":3,\"name\":\"Degustacja cygar\"}]},{\"@type\":\"WebSite\",\"@id\":\"https:\\\/\\\/mistrzowieimprez.pl\\\/#website\",\"url\":\"https:\\\/\\\/mistrzowieimprez.pl\\\/\",\"name\":\"Mistrzowie Imprez\",\"description\":\"Kompleksowa organizacja imprez\",\"publisher\":{\"@id\":\"https:\\\/\\\/mistrzowieimprez.pl\\\/#organization\"},\"potentialAction\":[{\"@type\":\"SearchAction\",\"target\":{\"@type\":\"EntryPoint\",\"urlTemplate\":\"https:\\\/\\\/mistrzowieimprez.pl\\\/?s={search_term_string}\"},\"query-input\":{\"@type\":\"PropertyValueSpecification\",\"valueRequired\":true,\"valueName\":\"search_term_string\"}}],\"inLanguage\":\"en-GB\"},{\"@type\":\"Organization\",\"@id\":\"https:\\\/\\\/mistrzowieimprez.pl\\\/#organization\",\"name\":\"Mistrzowie Imprez\",\"url\":\"https:\\\/\\\/mistrzowieimprez.pl\\\/\",\"logo\":{\"@type\":\"ImageObject\",\"inLanguage\":\"en-GB\",\"@id\":\"https:\\\/\\\/mistrzowieimprez.pl\\\/#\\\/schema\\\/logo\\\/image\\\/\",\"url\":\"https:\\\/\\\/mistrzowieimprez.pl\\\/wp-content\\\/uploads\\\/2024\\\/08\\\/mistrzowie_imprez_logo_ciemne-tlo@4x.png\",\"contentUrl\":\"https:\\\/\\\/mistrzowieimprez.pl\\\/wp-content\\\/uploads\\\/2024\\\/08\\\/mistrzowie_imprez_logo_ciemne-tlo@4x.png\",\"width\":1318,\"height\":351,\"caption\":\"Mistrzowie Imprez\"},\"image\":{\"@id\":\"https:\\\/\\\/mistrzowieimprez.pl\\\/#\\\/schema\\\/logo\\\/image\\\/\"},\"sameAs\":[\"https:\\\/\\\/www.facebook.com\\\/mistrzowieimprez\",\"https:\\\/\\\/www.instagram.com\\\/mistrzowieimprez\\\/\",\"https:\\\/\\\/www.youtube.com\\\/@ytmistrzowieimprez\"]}]}<\/script>\n<!-- \/ Yoast SEO plugin. -->","yoast_head_json":{"title":"Akademia Cygara \u2013 profesjonalne warsztaty i degustacja dla firm","robots":{"index":"index","follow":"follow","max-snippet":"max-snippet:-1","max-image-preview":"max-image-preview:large","max-video-preview":"max-video-preview:-1"},"canonical":"https:\/\/mistrzowieimprez.pl\/en\/product\/degustacja-cygar\/","og_locale":"en_GB","og_type":"article","og_title":"Akademia Cygara \u2013 profesjonalne warsztaty i degustacja dla firm","og_description":"Zapraszamy na wyj\u0105tkowe spotkanie po\u015bwi\u0119cone najszlachetniejszym rodzajom tytoniu, prowadzone przez pasjonata i znawc\u0119 tematu. W ci\u0105gu dw\u00f3ch godzin Go\u015bcie odkryj\u0105 fascynuj\u0105ce do\u015bwiadczenia zwi\u0105zane z cygarami, zdob\u0119d\u0105 unikaln\u0105 wiedz\u0119 dost\u0119pn\u0105 jedynie elitom oraz naucz\u0105 si\u0119 celebrowa\u0107 palenie cygara, u\u017cywaj\u0105c wszystkich zmys\u0142\u00f3w. Spotkanie obejmie r\u00f3wnie\u017c wyja\u015bnienie fenomenu kuba\u0144skich cygar i ich znaczenia w przemy\u015ble tytoniowym. Do\u0142\u0105czcie do nas i delektujcie si\u0119 tym wyj\u0105tkowym do\u015bwiadczeniem!","og_url":"https:\/\/mistrzowieimprez.pl\/en\/product\/degustacja-cygar\/","og_site_name":"Mistrzowie Imprez","article_publisher":"https:\/\/www.facebook.com\/mistrzowieimprez","article_modified_time":"2026-03-31T21:12:12+00:00","og_image":[{"width":1000,"height":1000,"url":"https:\/\/mistrzowieimprez.pl\/wp-content\/uploads\/2024\/10\/DEGUSTACJA-CYGAR.webp","type":"image\/webp"}],"twitter_card":"summary_large_image","twitter_misc":{"Estimated reading time":"2 minutes"},"schema":{"@context":"https:\/\/schema.org","@graph":[{"@type":"WebPage","@id":"https:\/\/mistrzowieimprez.pl\/produkt\/degustacja-cygar\/","url":"https:\/\/mistrzowieimprez.pl\/produkt\/degustacja-cygar\/","name":"Akademia Cygara \u2013 profesjonalne warsztaty i degustacja dla firm","isPartOf":{"@id":"https:\/\/mistrzowieimprez.pl\/#website"},"primaryImageOfPage":{"@id":"https:\/\/mistrzowieimprez.pl\/produkt\/degustacja-cygar\/#primaryimage"},"image":{"@id":"https:\/\/mistrzowieimprez.pl\/produkt\/degustacja-cygar\/#primaryimage"},"thumbnailUrl":"https:\/\/mistrzowieimprez.pl\/wp-content\/uploads\/2024\/10\/DEGUSTACJA-CYGAR.webp","datePublished":"2024-10-07T17:23:44+00:00","dateModified":"2026-03-31T21:12:12+00:00","breadcrumb":{"@id":"https:\/\/mistrzowieimprez.pl\/produkt\/degustacja-cygar\/#breadcrumb"},"inLanguage":"en-GB","potentialAction":[{"@type":"ReadAction","target":["https:\/\/mistrzowieimprez.pl\/produkt\/degustacja-cygar\/"]}]},{"@type":"ImageObject","inLanguage":"en-GB","@id":"https:\/\/mistrzowieimprez.pl\/produkt\/degustacja-cygar\/#primaryimage","url":"https:\/\/mistrzowieimprez.pl\/wp-content\/uploads\/2024\/10\/DEGUSTACJA-CYGAR.webp","contentUrl":"https:\/\/mistrzowieimprez.pl\/wp-content\/uploads\/2024\/10\/DEGUSTACJA-CYGAR.webp","width":1000,"height":1000,"caption":"M\u0119\u017cczyzna w eleganckim ubraniu pali cygaro, otoczony dymem."},{"@type":"BreadcrumbList","@id":"https:\/\/mistrzowieimprez.pl\/produkt\/degustacja-cygar\/#breadcrumb","itemListElement":[{"@type":"ListItem","position":1,"name":"Strona g\u0142\u00f3wna","item":"https:\/\/mistrzowieimprez.pl\/"},{"@type":"ListItem","position":2,"name":"sklep","item":"https:\/\/mistrzowieimprez.pl\/sklep\/"},{"@type":"ListItem","position":3,"name":"Degustacja cygar"}]},{"@type":"WebSite","@id":"https:\/\/mistrzowieimprez.pl\/#website","url":"https:\/\/mistrzowieimprez.pl\/","name":"Mistrzowie Imprez","description":"Kompleksowa organizacja imprez","publisher":{"@id":"https:\/\/mistrzowieimprez.pl\/#organization"},"potentialAction":[{"@type":"SearchAction","target":{"@type":"EntryPoint","urlTemplate":"https:\/\/mistrzowieimprez.pl\/?s={search_term_string}"},"query-input":{"@type":"PropertyValueSpecification","valueRequired":true,"valueName":"search_term_string"}}],"inLanguage":"en-GB"},{"@type":"Organization","@id":"https:\/\/mistrzowieimprez.pl\/#organization","name":"Mistrzowie Imprez","url":"https:\/\/mistrzowieimprez.pl\/","logo":{"@type":"ImageObject","inLanguage":"en-GB","@id":"https:\/\/mistrzowieimprez.pl\/#\/schema\/logo\/image\/","url":"https:\/\/mistrzowieimprez.pl\/wp-content\/uploads\/2024\/08\/mistrzowie_imprez_logo_ciemne-tlo@4x.png","contentUrl":"https:\/\/mistrzowieimprez.pl\/wp-content\/uploads\/2024\/08\/mistrzowie_imprez_logo_ciemne-tlo@4x.png","width":1318,"height":351,"caption":"Mistrzowie Imprez"},"image":{"@id":"https:\/\/mistrzowieimprez.pl\/#\/schema\/logo\/image\/"},"sameAs":["https:\/\/www.facebook.com\/mistrzowieimprez","https:\/\/www.instagram.com\/mistrzowieimprez\/","https:\/\/www.youtube.com\/@ytmistrzowieimprez"]}]}},"_links":{"self":[{"href":"https:\/\/mistrzowieimprez.pl\/en\/wp-json\/wp\/v2\/product\/2369","targetHints":{"allow":["GET"]}}],"collection":[{"href":"https:\/\/mistrzowieimprez.pl\/en\/wp-json\/wp\/v2\/product"}],"about":[{"href":"https:\/\/mistrzowieimprez.pl\/en\/wp-json\/wp\/v2\/types\/product"}],"replies":[{"embeddable":true,"href":"https:\/\/mistrzowieimprez.pl\/en\/wp-json\/wp\/v2\/comments?post=2369"}],"version-history":[{"count":1,"href":"https:\/\/mistrzowieimprez.pl\/en\/wp-json\/wp\/v2\/product\/2369\/revisions"}],"predecessor-version":[{"id":2370,"href":"https:\/\/mistrzowieimprez.pl\/en\/wp-json\/wp\/v2\/product\/2369\/revisions\/2370"}],"wp:featuredmedia":[{"embeddable":true,"href":"https:\/\/mistrzowieimprez.pl\/en\/wp-json\/wp\/v2\/media\/2314"}],"wp:attachment":[{"href":"https:\/\/mistrzowieimprez.pl\/en\/wp-json\/wp\/v2\/media?parent=2369"}],"wp:term":[{"taxonomy":"product_brand","embeddable":true,"href":"https:\/\/mistrzowieimprez.pl\/en\/wp-json\/wp\/v2\/product_brand?post=2369"},{"taxonomy":"product_cat","embeddable":true,"href":"https:\/\/mistrzowieimprez.pl\/en\/wp-json\/wp\/v2\/product_cat?post=2369"},{"taxonomy":"product_tag","embeddable":true,"href":"https:\/\/mistrzowieimprez.pl\/en\/wp-json\/wp\/v2\/product_tag?post=2369"}],"curies":[{"name":"wp","href":"https:\/\/api.w.org\/{rel}","templated":true}]}}