{"id":2367,"date":"2024-10-07T17:20:37","date_gmt":"2024-10-07T17:20:37","guid":{"rendered":"https:\/\/mistrzowieimprez.pl\/?post_type=product&#038;p=2367"},"modified":"2026-03-31T21:11:48","modified_gmt":"2026-03-31T21:11:48","slug":"degustacja-whisky","status":"publish","type":"product","link":"https:\/\/mistrzowieimprez.pl\/en\/product\/degustacja-whisky\/","title":{"rendered":"Degustacja whisky"},"content":{"rendered":"<h4>Opis scenariusza:<\/h4>\n<p>Zapraszamy do wyj\u0105tkowego \u015bwiata elegancji, w kt\u00f3rym aromaty i smaki whisky zadowol\u0105 nawet najbardziej wymagaj\u0105cych koneser\u00f3w. Nasze wydarzenie to doskona\u0142a okazja, aby po\u0142\u0105czy\u0107 teoretyczn\u0105 wiedz\u0119 z praktyczn\u0105 sztuk\u0105 degustacji, oferuj\u0105c zaproszonym Go\u015bciom pe\u0142ne spektrum informacji na temat charakterystycznych gatunk\u00f3w whisky z r\u00f3\u017cnych zak\u0105tk\u00f3w Ziemi.<\/p>\n<p>W trakcie wieczoru, uczestnicy wezm\u0105 udzia\u0142 w starannie przygotowanej degustacji pi\u0119ciu wyj\u0105tkowych whisky, kt\u00f3re zosta\u0142y wybrane z najwi\u0119ksz\u0105 staranno\u015bci\u0105. Ka\u017cda butelka kryje w sobie unikaln\u0105 histori\u0119 oraz smak, kt\u00f3ry z pewno\u015bci\u0105 zaskoczy nawet najbardziej wymagaj\u0105ce podniebienia. Spotkaniu towarzyszy\u0107 b\u0119dzie profesjonalna prezentacja, kt\u00f3ra wprowadzi Go\u015bci w fascynuj\u0105cy \u015bwiat whisky.<\/p>\n<p>Nasi do\u015bwiadczeni prowadz\u0105cy podziel\u0105 si\u0119 swoj\u0105 wiedz\u0105, odpowiadaj\u0105c na pytania oraz wskazuj\u0105c na r\u00f3\u017cnice mi\u0119dzy poszczeg\u00f3lnymi gatunkami. Uczestnicy otrzymaj\u0105 tak\u017ce materia\u0142y dydaktyczne, kt\u00f3re pozwol\u0105 im zg\u0142\u0119bi\u0107 temat i na d\u0142u\u017cej zatrzyma\u0107 wspomnienia z tego wyj\u0105tkowego wieczoru.<\/p>\n<p>Na zako\u0144czenie spotkania, aby uczci\u0107 zaanga\u017cowanie uczestnik\u00f3w, wr\u0119czymy pami\u0105tkow\u0105 butelk\u0119 whisky najpilniejszemu uczestnikowi. To nie tylko doskona\u0142a okazja do nauki, ale tak\u017ce do integracji i wymiany do\u015bwiadcze\u0144 z innymi pasjonatami whisky. Do\u0142\u0105czcie do nas i prze\u017cyjcie niezapomniane chwile w \u015bwiecie wyj\u0105tkowych smak\u00f3w i aromat\u00f3w!<\/p>","protected":false},"excerpt":{"rendered":"<p>Zapraszamy do \u015bwiata elegancji, pe\u0142nego aromat\u00f3w i smak\u00f3w, kt\u00f3re zadowol\u0105 nawet najwi\u0119kszych koneser\u00f3w whisky. Nasza degustacja \u0142\u0105czy teoretyczn\u0105 wiedz\u0119 ze sztuk\u0105 smakowania, oferuj\u0105c pe\u0142ne spektrum informacji o charakterystycznych gatunkach whisky z r\u00f3\u017cnych zak\u0105tk\u00f3w Ziemi. Gwarantujemy degustacj\u0119 pi\u0119ciu wyj\u0105tkowych whisky pod opiek\u0105 profesjonalnych prowadz\u0105cych, kt\u00f3rzy podziel\u0105 si\u0119 swoj\u0105 wiedz\u0105. Uczestnicy otrzymaj\u0105 materia\u0142y dydaktyczne, a na zako\u0144czenie wr\u0119czymy pami\u0105tkow\u0105 butelk\u0119 whisky najpilniejszemu uczestnikowi!<\/p>","protected":false},"featured_media":2315,"comment_status":"open","ping_status":"closed","template":"","meta":{"_acf_changed":false},"product_brand":[],"product_cat":[94,97],"product_tag":[],"class_list":{"0":"post-2367","1":"product","2":"type-product","3":"status-publish","4":"has-post-thumbnail","6":"product_cat-team-building","7":"product_cat-warsztaty-na-imprezy-integracyjne","9":"first","10":"instock","11":"shipping-taxable","12":"product-type-simple"},"acf":[],"yoast_head":"<!-- This site is optimized with the Yoast SEO plugin v27.5 - https:\/\/yoast.com\/product\/yoast-seo-wordpress\/ -->\n<title>Degustacja Whisky dla firm \u2013 warsztaty i szkolenia z koneserem<\/title>\n<meta name=\"robots\" content=\"index, follow, max-snippet:-1, max-image-preview:large, max-video-preview:-1\" \/>\n<link rel=\"canonical\" href=\"https:\/\/mistrzowieimprez.pl\/en\/product\/degustacja-whisky\/\" \/>\n<meta property=\"og:locale\" content=\"en_GB\" \/>\n<meta property=\"og:type\" content=\"article\" \/>\n<meta property=\"og:title\" content=\"Degustacja Whisky dla firm \u2013 warsztaty i szkolenia z koneserem\" \/>\n<meta property=\"og:description\" content=\"Zapraszamy do \u015bwiata elegancji, pe\u0142nego aromat\u00f3w i smak\u00f3w, kt\u00f3re zadowol\u0105 nawet najwi\u0119kszych koneser\u00f3w whisky. Nasza degustacja \u0142\u0105czy teoretyczn\u0105 wiedz\u0119 ze sztuk\u0105 smakowania, oferuj\u0105c pe\u0142ne spektrum informacji o charakterystycznych gatunkach whisky z r\u00f3\u017cnych zak\u0105tk\u00f3w Ziemi. Gwarantujemy degustacj\u0119 pi\u0119ciu wyj\u0105tkowych whisky pod opiek\u0105 profesjonalnych prowadz\u0105cych, kt\u00f3rzy podziel\u0105 si\u0119 swoj\u0105 wiedz\u0105. Uczestnicy otrzymaj\u0105 materia\u0142y dydaktyczne, a na zako\u0144czenie wr\u0119czymy pami\u0105tkow\u0105 butelk\u0119 whisky najpilniejszemu uczestnikowi!\" \/>\n<meta property=\"og:url\" content=\"https:\/\/mistrzowieimprez.pl\/en\/product\/degustacja-whisky\/\" \/>\n<meta property=\"og:site_name\" content=\"Mistrzowie Imprez\" \/>\n<meta property=\"article:publisher\" content=\"https:\/\/www.facebook.com\/mistrzowieimprez\" \/>\n<meta property=\"article:modified_time\" content=\"2026-03-31T21:11:48+00:00\" \/>\n<meta property=\"og:image\" content=\"https:\/\/mistrzowieimprez.pl\/wp-content\/uploads\/2024\/10\/DEGUSTACJA-WHISKY.webp\" \/>\n\t<meta property=\"og:image:width\" content=\"1000\" \/>\n\t<meta property=\"og:image:height\" content=\"1000\" \/>\n\t<meta property=\"og:image:type\" content=\"image\/webp\" \/>\n<meta name=\"twitter:card\" content=\"summary_large_image\" \/>\n<meta name=\"twitter:label1\" content=\"Estimated reading time\" \/>\n\t<meta name=\"twitter:data1\" content=\"2 minutes\" \/>\n<script type=\"application\/ld+json\" class=\"yoast-schema-graph\">{\"@context\":\"https:\\\/\\\/schema.org\",\"@graph\":[{\"@type\":\"WebPage\",\"@id\":\"https:\\\/\\\/mistrzowieimprez.pl\\\/produkt\\\/degustacja-whisky\\\/\",\"url\":\"https:\\\/\\\/mistrzowieimprez.pl\\\/produkt\\\/degustacja-whisky\\\/\",\"name\":\"Degustacja Whisky dla firm \u2013 warsztaty i szkolenia z koneserem\",\"isPartOf\":{\"@id\":\"https:\\\/\\\/mistrzowieimprez.pl\\\/#website\"},\"primaryImageOfPage\":{\"@id\":\"https:\\\/\\\/mistrzowieimprez.pl\\\/produkt\\\/degustacja-whisky\\\/#primaryimage\"},\"image\":{\"@id\":\"https:\\\/\\\/mistrzowieimprez.pl\\\/produkt\\\/degustacja-whisky\\\/#primaryimage\"},\"thumbnailUrl\":\"https:\\\/\\\/mistrzowieimprez.pl\\\/wp-content\\\/uploads\\\/2024\\\/10\\\/DEGUSTACJA-WHISKY.webp\",\"datePublished\":\"2024-10-07T17:20:37+00:00\",\"dateModified\":\"2026-03-31T21:11:48+00:00\",\"breadcrumb\":{\"@id\":\"https:\\\/\\\/mistrzowieimprez.pl\\\/produkt\\\/degustacja-whisky\\\/#breadcrumb\"},\"inLanguage\":\"en-GB\",\"potentialAction\":[{\"@type\":\"ReadAction\",\"target\":[\"https:\\\/\\\/mistrzowieimprez.pl\\\/produkt\\\/degustacja-whisky\\\/\"]}]},{\"@type\":\"ImageObject\",\"inLanguage\":\"en-GB\",\"@id\":\"https:\\\/\\\/mistrzowieimprez.pl\\\/produkt\\\/degustacja-whisky\\\/#primaryimage\",\"url\":\"https:\\\/\\\/mistrzowieimprez.pl\\\/wp-content\\\/uploads\\\/2024\\\/10\\\/DEGUSTACJA-WHISKY.webp\",\"contentUrl\":\"https:\\\/\\\/mistrzowieimprez.pl\\\/wp-content\\\/uploads\\\/2024\\\/10\\\/DEGUSTACJA-WHISKY.webp\",\"width\":1000,\"height\":1000,\"caption\":\"Elegancko zastawiony st\u00f3\u0142 z dekoracjami i \u015bwiecami, przygotowany na formalne przyj\u0119cie.\"},{\"@type\":\"BreadcrumbList\",\"@id\":\"https:\\\/\\\/mistrzowieimprez.pl\\\/produkt\\\/degustacja-whisky\\\/#breadcrumb\",\"itemListElement\":[{\"@type\":\"ListItem\",\"position\":1,\"name\":\"Strona g\u0142\u00f3wna\",\"item\":\"https:\\\/\\\/mistrzowieimprez.pl\\\/\"},{\"@type\":\"ListItem\",\"position\":2,\"name\":\"sklep\",\"item\":\"https:\\\/\\\/mistrzowieimprez.pl\\\/sklep\\\/\"},{\"@type\":\"ListItem\",\"position\":3,\"name\":\"Degustacja whisky\"}]},{\"@type\":\"WebSite\",\"@id\":\"https:\\\/\\\/mistrzowieimprez.pl\\\/#website\",\"url\":\"https:\\\/\\\/mistrzowieimprez.pl\\\/\",\"name\":\"Mistrzowie Imprez\",\"description\":\"Kompleksowa organizacja imprez\",\"publisher\":{\"@id\":\"https:\\\/\\\/mistrzowieimprez.pl\\\/#organization\"},\"potentialAction\":[{\"@type\":\"SearchAction\",\"target\":{\"@type\":\"EntryPoint\",\"urlTemplate\":\"https:\\\/\\\/mistrzowieimprez.pl\\\/?s={search_term_string}\"},\"query-input\":{\"@type\":\"PropertyValueSpecification\",\"valueRequired\":true,\"valueName\":\"search_term_string\"}}],\"inLanguage\":\"en-GB\"},{\"@type\":\"Organization\",\"@id\":\"https:\\\/\\\/mistrzowieimprez.pl\\\/#organization\",\"name\":\"Mistrzowie Imprez\",\"url\":\"https:\\\/\\\/mistrzowieimprez.pl\\\/\",\"logo\":{\"@type\":\"ImageObject\",\"inLanguage\":\"en-GB\",\"@id\":\"https:\\\/\\\/mistrzowieimprez.pl\\\/#\\\/schema\\\/logo\\\/image\\\/\",\"url\":\"https:\\\/\\\/mistrzowieimprez.pl\\\/wp-content\\\/uploads\\\/2024\\\/08\\\/mistrzowie_imprez_logo_ciemne-tlo@4x.png\",\"contentUrl\":\"https:\\\/\\\/mistrzowieimprez.pl\\\/wp-content\\\/uploads\\\/2024\\\/08\\\/mistrzowie_imprez_logo_ciemne-tlo@4x.png\",\"width\":1318,\"height\":351,\"caption\":\"Mistrzowie Imprez\"},\"image\":{\"@id\":\"https:\\\/\\\/mistrzowieimprez.pl\\\/#\\\/schema\\\/logo\\\/image\\\/\"},\"sameAs\":[\"https:\\\/\\\/www.facebook.com\\\/mistrzowieimprez\",\"https:\\\/\\\/www.instagram.com\\\/mistrzowieimprez\\\/\",\"https:\\\/\\\/www.youtube.com\\\/@ytmistrzowieimprez\"]}]}<\/script>\n<!-- \/ Yoast SEO plugin. -->","yoast_head_json":{"title":"Degustacja Whisky dla firm \u2013 warsztaty i szkolenia z koneserem","robots":{"index":"index","follow":"follow","max-snippet":"max-snippet:-1","max-image-preview":"max-image-preview:large","max-video-preview":"max-video-preview:-1"},"canonical":"https:\/\/mistrzowieimprez.pl\/en\/product\/degustacja-whisky\/","og_locale":"en_GB","og_type":"article","og_title":"Degustacja Whisky dla firm \u2013 warsztaty i szkolenia z koneserem","og_description":"Zapraszamy do \u015bwiata elegancji, pe\u0142nego aromat\u00f3w i smak\u00f3w, kt\u00f3re zadowol\u0105 nawet najwi\u0119kszych koneser\u00f3w whisky. Nasza degustacja \u0142\u0105czy teoretyczn\u0105 wiedz\u0119 ze sztuk\u0105 smakowania, oferuj\u0105c pe\u0142ne spektrum informacji o charakterystycznych gatunkach whisky z r\u00f3\u017cnych zak\u0105tk\u00f3w Ziemi. Gwarantujemy degustacj\u0119 pi\u0119ciu wyj\u0105tkowych whisky pod opiek\u0105 profesjonalnych prowadz\u0105cych, kt\u00f3rzy podziel\u0105 si\u0119 swoj\u0105 wiedz\u0105. Uczestnicy otrzymaj\u0105 materia\u0142y dydaktyczne, a na zako\u0144czenie wr\u0119czymy pami\u0105tkow\u0105 butelk\u0119 whisky najpilniejszemu uczestnikowi!","og_url":"https:\/\/mistrzowieimprez.pl\/en\/product\/degustacja-whisky\/","og_site_name":"Mistrzowie Imprez","article_publisher":"https:\/\/www.facebook.com\/mistrzowieimprez","article_modified_time":"2026-03-31T21:11:48+00:00","og_image":[{"width":1000,"height":1000,"url":"https:\/\/mistrzowieimprez.pl\/wp-content\/uploads\/2024\/10\/DEGUSTACJA-WHISKY.webp","type":"image\/webp"}],"twitter_card":"summary_large_image","twitter_misc":{"Estimated reading time":"2 minutes"},"schema":{"@context":"https:\/\/schema.org","@graph":[{"@type":"WebPage","@id":"https:\/\/mistrzowieimprez.pl\/produkt\/degustacja-whisky\/","url":"https:\/\/mistrzowieimprez.pl\/produkt\/degustacja-whisky\/","name":"Degustacja Whisky dla firm \u2013 warsztaty i szkolenia z koneserem","isPartOf":{"@id":"https:\/\/mistrzowieimprez.pl\/#website"},"primaryImageOfPage":{"@id":"https:\/\/mistrzowieimprez.pl\/produkt\/degustacja-whisky\/#primaryimage"},"image":{"@id":"https:\/\/mistrzowieimprez.pl\/produkt\/degustacja-whisky\/#primaryimage"},"thumbnailUrl":"https:\/\/mistrzowieimprez.pl\/wp-content\/uploads\/2024\/10\/DEGUSTACJA-WHISKY.webp","datePublished":"2024-10-07T17:20:37+00:00","dateModified":"2026-03-31T21:11:48+00:00","breadcrumb":{"@id":"https:\/\/mistrzowieimprez.pl\/produkt\/degustacja-whisky\/#breadcrumb"},"inLanguage":"en-GB","potentialAction":[{"@type":"ReadAction","target":["https:\/\/mistrzowieimprez.pl\/produkt\/degustacja-whisky\/"]}]},{"@type":"ImageObject","inLanguage":"en-GB","@id":"https:\/\/mistrzowieimprez.pl\/produkt\/degustacja-whisky\/#primaryimage","url":"https:\/\/mistrzowieimprez.pl\/wp-content\/uploads\/2024\/10\/DEGUSTACJA-WHISKY.webp","contentUrl":"https:\/\/mistrzowieimprez.pl\/wp-content\/uploads\/2024\/10\/DEGUSTACJA-WHISKY.webp","width":1000,"height":1000,"caption":"Elegancko zastawiony st\u00f3\u0142 z dekoracjami i \u015bwiecami, przygotowany na formalne przyj\u0119cie."},{"@type":"BreadcrumbList","@id":"https:\/\/mistrzowieimprez.pl\/produkt\/degustacja-whisky\/#breadcrumb","itemListElement":[{"@type":"ListItem","position":1,"name":"Strona g\u0142\u00f3wna","item":"https:\/\/mistrzowieimprez.pl\/"},{"@type":"ListItem","position":2,"name":"sklep","item":"https:\/\/mistrzowieimprez.pl\/sklep\/"},{"@type":"ListItem","position":3,"name":"Degustacja whisky"}]},{"@type":"WebSite","@id":"https:\/\/mistrzowieimprez.pl\/#website","url":"https:\/\/mistrzowieimprez.pl\/","name":"Mistrzowie Imprez","description":"Kompleksowa organizacja imprez","publisher":{"@id":"https:\/\/mistrzowieimprez.pl\/#organization"},"potentialAction":[{"@type":"SearchAction","target":{"@type":"EntryPoint","urlTemplate":"https:\/\/mistrzowieimprez.pl\/?s={search_term_string}"},"query-input":{"@type":"PropertyValueSpecification","valueRequired":true,"valueName":"search_term_string"}}],"inLanguage":"en-GB"},{"@type":"Organization","@id":"https:\/\/mistrzowieimprez.pl\/#organization","name":"Mistrzowie Imprez","url":"https:\/\/mistrzowieimprez.pl\/","logo":{"@type":"ImageObject","inLanguage":"en-GB","@id":"https:\/\/mistrzowieimprez.pl\/#\/schema\/logo\/image\/","url":"https:\/\/mistrzowieimprez.pl\/wp-content\/uploads\/2024\/08\/mistrzowie_imprez_logo_ciemne-tlo@4x.png","contentUrl":"https:\/\/mistrzowieimprez.pl\/wp-content\/uploads\/2024\/08\/mistrzowie_imprez_logo_ciemne-tlo@4x.png","width":1318,"height":351,"caption":"Mistrzowie Imprez"},"image":{"@id":"https:\/\/mistrzowieimprez.pl\/#\/schema\/logo\/image\/"},"sameAs":["https:\/\/www.facebook.com\/mistrzowieimprez","https:\/\/www.instagram.com\/mistrzowieimprez\/","https:\/\/www.youtube.com\/@ytmistrzowieimprez"]}]}},"_links":{"self":[{"href":"https:\/\/mistrzowieimprez.pl\/en\/wp-json\/wp\/v2\/product\/2367","targetHints":{"allow":["GET"]}}],"collection":[{"href":"https:\/\/mistrzowieimprez.pl\/en\/wp-json\/wp\/v2\/product"}],"about":[{"href":"https:\/\/mistrzowieimprez.pl\/en\/wp-json\/wp\/v2\/types\/product"}],"replies":[{"embeddable":true,"href":"https:\/\/mistrzowieimprez.pl\/en\/wp-json\/wp\/v2\/comments?post=2367"}],"version-history":[{"count":1,"href":"https:\/\/mistrzowieimprez.pl\/en\/wp-json\/wp\/v2\/product\/2367\/revisions"}],"predecessor-version":[{"id":2368,"href":"https:\/\/mistrzowieimprez.pl\/en\/wp-json\/wp\/v2\/product\/2367\/revisions\/2368"}],"wp:featuredmedia":[{"embeddable":true,"href":"https:\/\/mistrzowieimprez.pl\/en\/wp-json\/wp\/v2\/media\/2315"}],"wp:attachment":[{"href":"https:\/\/mistrzowieimprez.pl\/en\/wp-json\/wp\/v2\/media?parent=2367"}],"wp:term":[{"taxonomy":"product_brand","embeddable":true,"href":"https:\/\/mistrzowieimprez.pl\/en\/wp-json\/wp\/v2\/product_brand?post=2367"},{"taxonomy":"product_cat","embeddable":true,"href":"https:\/\/mistrzowieimprez.pl\/en\/wp-json\/wp\/v2\/product_cat?post=2367"},{"taxonomy":"product_tag","embeddable":true,"href":"https:\/\/mistrzowieimprez.pl\/en\/wp-json\/wp\/v2\/product_tag?post=2367"}],"curies":[{"name":"wp","href":"https:\/\/api.w.org\/{rel}","templated":true}]}}