{"id":2365,"date":"2024-10-07T17:17:02","date_gmt":"2024-10-07T17:17:02","guid":{"rendered":"https:\/\/mistrzowieimprez.pl\/?post_type=product&#038;p=2365"},"modified":"2026-03-31T21:11:16","modified_gmt":"2026-03-31T21:11:16","slug":"gala-oscarow","status":"publish","type":"product","link":"https:\/\/mistrzowieimprez.pl\/en\/product\/gala-oscarow\/","title":{"rendered":"Gala oscar\u00f3w"},"content":{"rendered":"<h4>Opis scenariusza:<\/h4>\n<p>Witajcie na wyj\u0105tkowej Gali Oscar\u00f3w! Przygotowali\u015bmy dla Was niezapomniane wydarzenie, kt\u00f3re przeniesie Was do \u015bwiata wielkiego kina i celebracji osi\u0105gni\u0119\u0107. Nasza przestrze\u0144 zostanie starannie zaaran\u017cowana, aby przypomina\u0142a presti\u017cowe Dolby Theatre w Los Angeles. Na czerwonym dywanie, otoczonym blaskiem fleszy fotoreporter\u00f3w, Go\u015bcie b\u0119d\u0105 mieli okazj\u0119 poczu\u0107 si\u0119 jak prawdziwe gwiazdy filmowe.<\/p>\n<p>Wiecz\u00f3r obfitowa\u0107 b\u0119dzie w emocje, gdy na m\u00f3wnicy b\u0119d\u0105 wyczytywane nagradzane nazwiska w r\u00f3\u017cnych kategoriach. B\u0119dzie to doskona\u0142a okazja do uhonorowania zaproszonych Go\u015bci statuetkami za ich wyj\u0105tkowe osi\u0105gni\u0119cia. W\u015br\u00f3d nagr\u00f3d znajd\u0105 si\u0119 takie tytu\u0142y jak Najlepszy Handlowiec, Najwi\u0119kszy Sp\u00f3\u017anialski, czy Najlepszy Zesp\u00f3\u0142. Ka\u017cda kategoria b\u0119dzie pe\u0142na niespodzianek, a atmosfera rado\u015bci i uznania z pewno\u015bci\u0105 wprowadzi wszystkich w doskona\u0142y nastr\u00f3j.<\/p>\n<p>Gala Oscar\u00f3w to nie tylko szansa na docenienie pracy i zaanga\u017cowania, ale tak\u017ce idealna okazja do integracji i budowania relacji w gronie wsp\u00f3\u0142pracownik\u00f3w. Nie zabraknie r\u00f3wnie\u017c pysznych przek\u0105sek i napoj\u00f3w, kt\u00f3re umil\u0105 Wam czas podczas tej wyj\u0105tkowej nocy.<\/p>","protected":false},"excerpt":{"rendered":"<p>Witajcie na wyj\u0105tkowej Gali Oscar\u00f3w! Zaaran\u017cujemy dla Was przestrze\u0144, kt\u00f3ra niczym nie ust\u0119puje Dolby Theatre w Los Angeles. Na czerwonym dywanie i przy \u015bciance tematycznej Go\u015bcie b\u0119d\u0105 mogli poczu\u0107 si\u0119 jak prawdziwe gwiazdy. Wiecz\u00f3r b\u0119dzie pe\u0142en emocji, gdy z m\u00f3wnicy wyczytywane b\u0119d\u0105 nagradzane nazwiska w r\u00f3\u017cnych kategoriach. To doskona\u0142a okazja, aby uhonorowa\u0107 zaproszonych Go\u015bci statuetkami za ich wyj\u0105tkowe osi\u0105gni\u0119cia.<\/p>","protected":false},"featured_media":2309,"comment_status":"open","ping_status":"closed","template":"","meta":{"_acf_changed":false},"product_brand":[],"product_cat":[94,98],"product_tag":[],"class_list":{"0":"post-2365","1":"product","2":"type-product","3":"status-publish","4":"has-post-thumbnail","6":"product_cat-team-building","7":"product_cat-wieczory-tematyczne","9":"first","10":"instock","11":"shipping-taxable","12":"product-type-simple"},"acf":[],"yoast_head":"<!-- This site is optimized with the Yoast SEO plugin v27.2 - https:\/\/yoast.com\/product\/yoast-seo-wordpress\/ -->\n<title>Zosta\u0144 gwiazd\u0105 kina! Gala Oscar\u00f3w: czerwony dywan, blask fleszy<\/title>\n<meta name=\"robots\" content=\"index, follow, max-snippet:-1, max-image-preview:large, max-video-preview:-1\" \/>\n<link rel=\"canonical\" href=\"https:\/\/mistrzowieimprez.pl\/en\/product\/gala-oscarow\/\" \/>\n<meta property=\"og:locale\" content=\"en_GB\" \/>\n<meta property=\"og:type\" content=\"article\" \/>\n<meta property=\"og:title\" content=\"Zosta\u0144 gwiazd\u0105 kina! Gala Oscar\u00f3w: czerwony dywan, blask fleszy\" \/>\n<meta property=\"og:description\" content=\"Witajcie na wyj\u0105tkowej Gali Oscar\u00f3w! Zaaran\u017cujemy dla Was przestrze\u0144, kt\u00f3ra niczym nie ust\u0119puje Dolby Theatre w Los Angeles. Na czerwonym dywanie i przy \u015bciance tematycznej Go\u015bcie b\u0119d\u0105 mogli poczu\u0107 si\u0119 jak prawdziwe gwiazdy. Wiecz\u00f3r b\u0119dzie pe\u0142en emocji, gdy z m\u00f3wnicy wyczytywane b\u0119d\u0105 nagradzane nazwiska w r\u00f3\u017cnych kategoriach. To doskona\u0142a okazja, aby uhonorowa\u0107 zaproszonych Go\u015bci statuetkami za ich wyj\u0105tkowe osi\u0105gni\u0119cia.\" \/>\n<meta property=\"og:url\" content=\"https:\/\/mistrzowieimprez.pl\/en\/product\/gala-oscarow\/\" \/>\n<meta property=\"og:site_name\" content=\"Mistrzowie Imprez\" \/>\n<meta property=\"article:publisher\" content=\"https:\/\/www.facebook.com\/mistrzowieimprez\" \/>\n<meta property=\"article:modified_time\" content=\"2026-03-31T21:11:16+00:00\" \/>\n<meta property=\"og:image\" content=\"https:\/\/mistrzowieimprez.pl\/wp-content\/uploads\/2024\/10\/GALA-OSCAROW.webp\" \/>\n\t<meta property=\"og:image:width\" content=\"1000\" \/>\n\t<meta property=\"og:image:height\" content=\"1000\" \/>\n\t<meta property=\"og:image:type\" content=\"image\/webp\" \/>\n<meta name=\"twitter:card\" content=\"summary_large_image\" \/>\n<meta name=\"twitter:label1\" content=\"Estimated reading time\" \/>\n\t<meta name=\"twitter:data1\" content=\"2 minutes\" \/>\n<script type=\"application\/ld+json\" class=\"yoast-schema-graph\">{\"@context\":\"https:\/\/schema.org\",\"@graph\":[{\"@type\":\"WebPage\",\"@id\":\"https:\/\/mistrzowieimprez.pl\/produkt\/gala-oscarow\/\",\"url\":\"https:\/\/mistrzowieimprez.pl\/produkt\/gala-oscarow\/\",\"name\":\"Zosta\u0144 gwiazd\u0105 kina! Gala Oscar\u00f3w: czerwony dywan, blask fleszy\",\"isPartOf\":{\"@id\":\"https:\/\/mistrzowieimprez.pl\/#website\"},\"primaryImageOfPage\":{\"@id\":\"https:\/\/mistrzowieimprez.pl\/produkt\/gala-oscarow\/#primaryimage\"},\"image\":{\"@id\":\"https:\/\/mistrzowieimprez.pl\/produkt\/gala-oscarow\/#primaryimage\"},\"thumbnailUrl\":\"https:\/\/mistrzowieimprez.pl\/wp-content\/uploads\/2024\/10\/GALA-OSCAROW.webp\",\"datePublished\":\"2024-10-07T17:17:02+00:00\",\"dateModified\":\"2026-03-31T21:11:16+00:00\",\"breadcrumb\":{\"@id\":\"https:\/\/mistrzowieimprez.pl\/produkt\/gala-oscarow\/#breadcrumb\"},\"inLanguage\":\"en-GB\",\"potentialAction\":[{\"@type\":\"ReadAction\",\"target\":[\"https:\/\/mistrzowieimprez.pl\/produkt\/gala-oscarow\/\"]}]},{\"@type\":\"ImageObject\",\"inLanguage\":\"en-GB\",\"@id\":\"https:\/\/mistrzowieimprez.pl\/produkt\/gala-oscarow\/#primaryimage\",\"url\":\"https:\/\/mistrzowieimprez.pl\/wp-content\/uploads\/2024\/10\/GALA-OSCAROW.webp\",\"contentUrl\":\"https:\/\/mistrzowieimprez.pl\/wp-content\/uploads\/2024\/10\/GALA-OSCAROW.webp\",\"width\":1000,\"height\":1000,\"caption\":\"Na zdj\u0119ciu znajduje si\u0119 kilka z\u0142otych statuetek ustawionych w rz\u0119dzie, przypominaj\u0105cych nagrody filmowe.\"},{\"@type\":\"BreadcrumbList\",\"@id\":\"https:\/\/mistrzowieimprez.pl\/produkt\/gala-oscarow\/#breadcrumb\",\"itemListElement\":[{\"@type\":\"ListItem\",\"position\":1,\"name\":\"Strona g\u0142\u00f3wna\",\"item\":\"https:\/\/mistrzowieimprez.pl\/\"},{\"@type\":\"ListItem\",\"position\":2,\"name\":\"sklep\",\"item\":\"https:\/\/mistrzowieimprez.pl\/sklep\/\"},{\"@type\":\"ListItem\",\"position\":3,\"name\":\"Gala oscar\u00f3w\"}]},{\"@type\":\"WebSite\",\"@id\":\"https:\/\/mistrzowieimprez.pl\/#website\",\"url\":\"https:\/\/mistrzowieimprez.pl\/\",\"name\":\"Mistrzowie Imprez\",\"description\":\"Kompleksowa organizacja imprez\",\"publisher\":{\"@id\":\"https:\/\/mistrzowieimprez.pl\/#organization\"},\"potentialAction\":[{\"@type\":\"SearchAction\",\"target\":{\"@type\":\"EntryPoint\",\"urlTemplate\":\"https:\/\/mistrzowieimprez.pl\/?s={search_term_string}\"},\"query-input\":{\"@type\":\"PropertyValueSpecification\",\"valueRequired\":true,\"valueName\":\"search_term_string\"}}],\"inLanguage\":\"en-GB\"},{\"@type\":\"Organization\",\"@id\":\"https:\/\/mistrzowieimprez.pl\/#organization\",\"name\":\"Mistrzowie Imprez\",\"url\":\"https:\/\/mistrzowieimprez.pl\/\",\"logo\":{\"@type\":\"ImageObject\",\"inLanguage\":\"en-GB\",\"@id\":\"https:\/\/mistrzowieimprez.pl\/#\/schema\/logo\/image\/\",\"url\":\"https:\/\/mistrzowieimprez.pl\/wp-content\/uploads\/2024\/08\/mistrzowie_imprez_logo_ciemne-tlo@4x.png\",\"contentUrl\":\"https:\/\/mistrzowieimprez.pl\/wp-content\/uploads\/2024\/08\/mistrzowie_imprez_logo_ciemne-tlo@4x.png\",\"width\":1318,\"height\":351,\"caption\":\"Mistrzowie Imprez\"},\"image\":{\"@id\":\"https:\/\/mistrzowieimprez.pl\/#\/schema\/logo\/image\/\"},\"sameAs\":[\"https:\/\/www.facebook.com\/mistrzowieimprez\",\"https:\/\/www.instagram.com\/mistrzowieimprez\/\",\"https:\/\/www.youtube.com\/@ytmistrzowieimprez\"]}]}<\/script>\n<!-- \/ Yoast SEO plugin. -->","yoast_head_json":{"title":"Zosta\u0144 gwiazd\u0105 kina! Gala Oscar\u00f3w: czerwony dywan, blask fleszy","robots":{"index":"index","follow":"follow","max-snippet":"max-snippet:-1","max-image-preview":"max-image-preview:large","max-video-preview":"max-video-preview:-1"},"canonical":"https:\/\/mistrzowieimprez.pl\/en\/product\/gala-oscarow\/","og_locale":"en_GB","og_type":"article","og_title":"Zosta\u0144 gwiazd\u0105 kina! Gala Oscar\u00f3w: czerwony dywan, blask fleszy","og_description":"Witajcie na wyj\u0105tkowej Gali Oscar\u00f3w! Zaaran\u017cujemy dla Was przestrze\u0144, kt\u00f3ra niczym nie ust\u0119puje Dolby Theatre w Los Angeles. Na czerwonym dywanie i przy \u015bciance tematycznej Go\u015bcie b\u0119d\u0105 mogli poczu\u0107 si\u0119 jak prawdziwe gwiazdy. Wiecz\u00f3r b\u0119dzie pe\u0142en emocji, gdy z m\u00f3wnicy wyczytywane b\u0119d\u0105 nagradzane nazwiska w r\u00f3\u017cnych kategoriach. To doskona\u0142a okazja, aby uhonorowa\u0107 zaproszonych Go\u015bci statuetkami za ich wyj\u0105tkowe osi\u0105gni\u0119cia.","og_url":"https:\/\/mistrzowieimprez.pl\/en\/product\/gala-oscarow\/","og_site_name":"Mistrzowie Imprez","article_publisher":"https:\/\/www.facebook.com\/mistrzowieimprez","article_modified_time":"2026-03-31T21:11:16+00:00","og_image":[{"width":1000,"height":1000,"url":"https:\/\/mistrzowieimprez.pl\/wp-content\/uploads\/2024\/10\/GALA-OSCAROW.webp","type":"image\/webp"}],"twitter_card":"summary_large_image","twitter_misc":{"Estimated reading time":"2 minutes"},"schema":{"@context":"https:\/\/schema.org","@graph":[{"@type":"WebPage","@id":"https:\/\/mistrzowieimprez.pl\/produkt\/gala-oscarow\/","url":"https:\/\/mistrzowieimprez.pl\/produkt\/gala-oscarow\/","name":"Zosta\u0144 gwiazd\u0105 kina! Gala Oscar\u00f3w: czerwony dywan, blask fleszy","isPartOf":{"@id":"https:\/\/mistrzowieimprez.pl\/#website"},"primaryImageOfPage":{"@id":"https:\/\/mistrzowieimprez.pl\/produkt\/gala-oscarow\/#primaryimage"},"image":{"@id":"https:\/\/mistrzowieimprez.pl\/produkt\/gala-oscarow\/#primaryimage"},"thumbnailUrl":"https:\/\/mistrzowieimprez.pl\/wp-content\/uploads\/2024\/10\/GALA-OSCAROW.webp","datePublished":"2024-10-07T17:17:02+00:00","dateModified":"2026-03-31T21:11:16+00:00","breadcrumb":{"@id":"https:\/\/mistrzowieimprez.pl\/produkt\/gala-oscarow\/#breadcrumb"},"inLanguage":"en-GB","potentialAction":[{"@type":"ReadAction","target":["https:\/\/mistrzowieimprez.pl\/produkt\/gala-oscarow\/"]}]},{"@type":"ImageObject","inLanguage":"en-GB","@id":"https:\/\/mistrzowieimprez.pl\/produkt\/gala-oscarow\/#primaryimage","url":"https:\/\/mistrzowieimprez.pl\/wp-content\/uploads\/2024\/10\/GALA-OSCAROW.webp","contentUrl":"https:\/\/mistrzowieimprez.pl\/wp-content\/uploads\/2024\/10\/GALA-OSCAROW.webp","width":1000,"height":1000,"caption":"Na zdj\u0119ciu znajduje si\u0119 kilka z\u0142otych statuetek ustawionych w rz\u0119dzie, przypominaj\u0105cych nagrody filmowe."},{"@type":"BreadcrumbList","@id":"https:\/\/mistrzowieimprez.pl\/produkt\/gala-oscarow\/#breadcrumb","itemListElement":[{"@type":"ListItem","position":1,"name":"Strona g\u0142\u00f3wna","item":"https:\/\/mistrzowieimprez.pl\/"},{"@type":"ListItem","position":2,"name":"sklep","item":"https:\/\/mistrzowieimprez.pl\/sklep\/"},{"@type":"ListItem","position":3,"name":"Gala oscar\u00f3w"}]},{"@type":"WebSite","@id":"https:\/\/mistrzowieimprez.pl\/#website","url":"https:\/\/mistrzowieimprez.pl\/","name":"Mistrzowie Imprez","description":"Kompleksowa organizacja imprez","publisher":{"@id":"https:\/\/mistrzowieimprez.pl\/#organization"},"potentialAction":[{"@type":"SearchAction","target":{"@type":"EntryPoint","urlTemplate":"https:\/\/mistrzowieimprez.pl\/?s={search_term_string}"},"query-input":{"@type":"PropertyValueSpecification","valueRequired":true,"valueName":"search_term_string"}}],"inLanguage":"en-GB"},{"@type":"Organization","@id":"https:\/\/mistrzowieimprez.pl\/#organization","name":"Mistrzowie Imprez","url":"https:\/\/mistrzowieimprez.pl\/","logo":{"@type":"ImageObject","inLanguage":"en-GB","@id":"https:\/\/mistrzowieimprez.pl\/#\/schema\/logo\/image\/","url":"https:\/\/mistrzowieimprez.pl\/wp-content\/uploads\/2024\/08\/mistrzowie_imprez_logo_ciemne-tlo@4x.png","contentUrl":"https:\/\/mistrzowieimprez.pl\/wp-content\/uploads\/2024\/08\/mistrzowie_imprez_logo_ciemne-tlo@4x.png","width":1318,"height":351,"caption":"Mistrzowie Imprez"},"image":{"@id":"https:\/\/mistrzowieimprez.pl\/#\/schema\/logo\/image\/"},"sameAs":["https:\/\/www.facebook.com\/mistrzowieimprez","https:\/\/www.instagram.com\/mistrzowieimprez\/","https:\/\/www.youtube.com\/@ytmistrzowieimprez"]}]}},"_links":{"self":[{"href":"https:\/\/mistrzowieimprez.pl\/en\/wp-json\/wp\/v2\/product\/2365","targetHints":{"allow":["GET"]}}],"collection":[{"href":"https:\/\/mistrzowieimprez.pl\/en\/wp-json\/wp\/v2\/product"}],"about":[{"href":"https:\/\/mistrzowieimprez.pl\/en\/wp-json\/wp\/v2\/types\/product"}],"replies":[{"embeddable":true,"href":"https:\/\/mistrzowieimprez.pl\/en\/wp-json\/wp\/v2\/comments?post=2365"}],"version-history":[{"count":1,"href":"https:\/\/mistrzowieimprez.pl\/en\/wp-json\/wp\/v2\/product\/2365\/revisions"}],"predecessor-version":[{"id":2366,"href":"https:\/\/mistrzowieimprez.pl\/en\/wp-json\/wp\/v2\/product\/2365\/revisions\/2366"}],"wp:featuredmedia":[{"embeddable":true,"href":"https:\/\/mistrzowieimprez.pl\/en\/wp-json\/wp\/v2\/media\/2309"}],"wp:attachment":[{"href":"https:\/\/mistrzowieimprez.pl\/en\/wp-json\/wp\/v2\/media?parent=2365"}],"wp:term":[{"taxonomy":"product_brand","embeddable":true,"href":"https:\/\/mistrzowieimprez.pl\/en\/wp-json\/wp\/v2\/product_brand?post=2365"},{"taxonomy":"product_cat","embeddable":true,"href":"https:\/\/mistrzowieimprez.pl\/en\/wp-json\/wp\/v2\/product_cat?post=2365"},{"taxonomy":"product_tag","embeddable":true,"href":"https:\/\/mistrzowieimprez.pl\/en\/wp-json\/wp\/v2\/product_tag?post=2365"}],"curies":[{"name":"wp","href":"https:\/\/api.w.org\/{rel}","templated":true}]}}