{"id":2362,"date":"2024-10-07T17:11:27","date_gmt":"2024-10-07T17:11:27","guid":{"rendered":"https:\/\/mistrzowieimprez.pl\/?post_type=product&#038;p=2362"},"modified":"2026-03-31T21:10:50","modified_gmt":"2026-03-31T21:10:50","slug":"wieczor-cyrkowy","status":"publish","type":"product","link":"https:\/\/mistrzowieimprez.pl\/en\/product\/wieczor-cyrkowy\/","title":{"rendered":"Wiecz\u00f3r cyrkowy"},"content":{"rendered":"<div class=\"flex max-w-full flex-col flex-grow\">\n<div class=\"min-h-8 text-message flex w-full flex-col items-end gap-2 whitespace-normal break-words [.text-message+&amp;]:mt-5\" dir=\"auto\" data-message-author-role=\"assistant\" data-message-id=\"d8a46884-6a31-4b60-9141-0a35c7eb60fc\">\n<div class=\"flex w-full flex-col gap-1 empty:hidden first:pt-[3px]\">\n<div class=\"markdown prose w-full break-words dark:prose-invert dark\">\n<h4>Opis scenariusza:<\/h4>\n<p>Zapraszamy Was na magiczny wiecz\u00f3r w cyrkowym klimacie, gdzie ka\u017cdy krok przeniesie Was w fascynuj\u0105c\u0105 podr\u00f3\u017c do \u015bwiata akrobacji, magii i niezapomnianej zabawy. Nasza przestrze\u0144 wydarzenia zostanie starannie udekorowana motywami charakterystycznymi dla cyrku, pe\u0142nymi jaskrawych barw, kolorowych balon\u00f3w i klimatycznych detali, kt\u00f3re stworz\u0105 niepowtarzaln\u0105 atmosfer\u0119.<\/p>\n<p>Podczas wieczoru zaprosimy Go\u015bci do udzia\u0142u w cyrkowych konkursach, kt\u00f3re dostarcz\u0105 emocji i rado\u015bci. W programie przewidujemy r\u00f3wnie\u017c Talent Show, gdzie uczestnicy b\u0119d\u0105 mieli szans\u0119 zaprezentowa\u0107 swoje umiej\u0119tno\u015bci, a publiczno\u015b\u0107 oceni ich wyst\u0119py. Niezale\u017cnie od tego, czy b\u0119dzie to sztuka \u017conglowania, akrobacje, czy pokazy taneczne \u2013 ka\u017cdy ma szans\u0119 zab\u0142ysn\u0105\u0107 na cyrkowej scenie!<\/p>\n<p>Na wyj\u0105tkowym wydarzeniu nie zabraknie tak\u017ce pokaz\u00f3w magii oraz akrobacji cyrkowych, kt\u00f3re zachwyc\u0105 i zaskocz\u0105 naszych Go\u015bci. Magicy zaskocz\u0105 Was niezwyk\u0142ymi sztuczkami, a akrobaci zadziwi\u0105 swoim talentem i sprawno\u015bci\u0105.<\/p>\n<p>Do\u0142\u0105czcie do naszej magicznej imprezy, pozw\u00f3lcie si\u0119 porwa\u0107 cyrkowej atmosferze i zainspirujcie si\u0119 niezwyk\u0142ym \u015bwiatem Cyrku! Czeka na Was niezapomniana noc pe\u0142na atrakcji, rado\u015bci i wspomnie\u0144, kt\u00f3re na d\u0142ugo pozostan\u0105 w pami\u0119ci!<\/p>\n<\/div>\n<\/div>\n<\/div>\n<\/div>\n","protected":false},"excerpt":{"rendered":"<p>Zapraszamy na magiczny wiecz\u00f3r w cyrkowym klimacie, gdzie ka\u017cdy krok to fascynuj\u0105ca podr\u00f3\u017c w \u015bwiat akrobacji, magii i zabawy. Nasza przestrze\u0144 zostanie udekorowana w motywy charakterystyczne dla cyrku, pe\u0142ne jaskrawych barw i klimatycznych detali. Uczestnicy b\u0119d\u0105 mieli okazj\u0119 wzi\u0105\u0107 udzia\u0142 w cyrkowych konkursach, a tak\u017ce w niezwyk\u0142ym Talent Show! Wiecz\u00f3r u\u015bwietni\u0105 pokazy magii i akrobacji cyrkowych. Do\u0142\u0105czcie do nas i zanurzcie si\u0119 w inspiruj\u0105cym \u015bwiecie Cyrku!<\/p>","protected":false},"featured_media":2327,"comment_status":"open","ping_status":"closed","template":"","meta":{"_acf_changed":false},"product_brand":[],"product_cat":[94,98],"product_tag":[],"class_list":{"0":"post-2362","1":"product","2":"type-product","3":"status-publish","4":"has-post-thumbnail","6":"product_cat-team-building","7":"product_cat-wieczory-tematyczne","9":"first","10":"instock","11":"shipping-taxable","12":"product-type-simple"},"acf":[],"yoast_head":"<!-- This site is optimized with the Yoast SEO plugin v27.2 - https:\/\/yoast.com\/product\/yoast-seo-wordpress\/ -->\n<title>Wkrocz do \u015bwiata magii! Wiecz\u00f3r Cyrkowy: Talent Show i \u017conglerka<\/title>\n<meta name=\"robots\" content=\"index, follow, max-snippet:-1, max-image-preview:large, max-video-preview:-1\" \/>\n<link rel=\"canonical\" href=\"https:\/\/mistrzowieimprez.pl\/en\/product\/wieczor-cyrkowy\/\" \/>\n<meta property=\"og:locale\" content=\"en_GB\" \/>\n<meta property=\"og:type\" content=\"article\" \/>\n<meta property=\"og:title\" content=\"Wkrocz do \u015bwiata magii! Wiecz\u00f3r Cyrkowy: Talent Show i \u017conglerka\" \/>\n<meta property=\"og:description\" content=\"Zapraszamy na magiczny wiecz\u00f3r w cyrkowym klimacie, gdzie ka\u017cdy krok to fascynuj\u0105ca podr\u00f3\u017c w \u015bwiat akrobacji, magii i zabawy. Nasza przestrze\u0144 zostanie udekorowana w motywy charakterystyczne dla cyrku, pe\u0142ne jaskrawych barw i klimatycznych detali. Uczestnicy b\u0119d\u0105 mieli okazj\u0119 wzi\u0105\u0107 udzia\u0142 w cyrkowych konkursach, a tak\u017ce w niezwyk\u0142ym Talent Show! Wiecz\u00f3r u\u015bwietni\u0105 pokazy magii i akrobacji cyrkowych. Do\u0142\u0105czcie do nas i zanurzcie si\u0119 w inspiruj\u0105cym \u015bwiecie Cyrku!\" \/>\n<meta property=\"og:url\" content=\"https:\/\/mistrzowieimprez.pl\/en\/product\/wieczor-cyrkowy\/\" \/>\n<meta property=\"og:site_name\" content=\"Mistrzowie Imprez\" \/>\n<meta property=\"article:publisher\" content=\"https:\/\/www.facebook.com\/mistrzowieimprez\" \/>\n<meta property=\"article:modified_time\" content=\"2026-03-31T21:10:50+00:00\" \/>\n<meta property=\"og:image\" content=\"https:\/\/mistrzowieimprez.pl\/wp-content\/uploads\/2024\/10\/wieczor-cyrkowy-1.webp\" \/>\n\t<meta property=\"og:image:width\" content=\"1000\" \/>\n\t<meta property=\"og:image:height\" content=\"1000\" \/>\n\t<meta property=\"og:image:type\" content=\"image\/webp\" \/>\n<meta name=\"twitter:card\" content=\"summary_large_image\" \/>\n<meta name=\"twitter:label1\" content=\"Estimated reading time\" \/>\n\t<meta name=\"twitter:data1\" content=\"2 minutes\" \/>\n<script type=\"application\/ld+json\" class=\"yoast-schema-graph\">{\"@context\":\"https:\/\/schema.org\",\"@graph\":[{\"@type\":\"WebPage\",\"@id\":\"https:\/\/mistrzowieimprez.pl\/produkt\/wieczor-cyrkowy\/\",\"url\":\"https:\/\/mistrzowieimprez.pl\/produkt\/wieczor-cyrkowy\/\",\"name\":\"Wkrocz do \u015bwiata magii! Wiecz\u00f3r Cyrkowy: Talent Show i \u017conglerka\",\"isPartOf\":{\"@id\":\"https:\/\/mistrzowieimprez.pl\/#website\"},\"primaryImageOfPage\":{\"@id\":\"https:\/\/mistrzowieimprez.pl\/produkt\/wieczor-cyrkowy\/#primaryimage\"},\"image\":{\"@id\":\"https:\/\/mistrzowieimprez.pl\/produkt\/wieczor-cyrkowy\/#primaryimage\"},\"thumbnailUrl\":\"https:\/\/mistrzowieimprez.pl\/wp-content\/uploads\/2024\/10\/wieczor-cyrkowy-1.webp\",\"datePublished\":\"2024-10-07T17:11:27+00:00\",\"dateModified\":\"2026-03-31T21:10:50+00:00\",\"breadcrumb\":{\"@id\":\"https:\/\/mistrzowieimprez.pl\/produkt\/wieczor-cyrkowy\/#breadcrumb\"},\"inLanguage\":\"en-GB\",\"potentialAction\":[{\"@type\":\"ReadAction\",\"target\":[\"https:\/\/mistrzowieimprez.pl\/produkt\/wieczor-cyrkowy\/\"]}]},{\"@type\":\"ImageObject\",\"inLanguage\":\"en-GB\",\"@id\":\"https:\/\/mistrzowieimprez.pl\/produkt\/wieczor-cyrkowy\/#primaryimage\",\"url\":\"https:\/\/mistrzowieimprez.pl\/wp-content\/uploads\/2024\/10\/wieczor-cyrkowy-1.webp\",\"contentUrl\":\"https:\/\/mistrzowieimprez.pl\/wp-content\/uploads\/2024\/10\/wieczor-cyrkowy-1.webp\",\"width\":1000,\"height\":1000,\"caption\":\"Stylizowane na cyrkow\u0105 estetyk\u0119 nakrycie sto\u0142u z ozdobami w barwach czerwieni i bieli, kwiatami oraz dekoracj\u0105 z rysunkiem postaci w cylindrze.\"},{\"@type\":\"BreadcrumbList\",\"@id\":\"https:\/\/mistrzowieimprez.pl\/produkt\/wieczor-cyrkowy\/#breadcrumb\",\"itemListElement\":[{\"@type\":\"ListItem\",\"position\":1,\"name\":\"Strona g\u0142\u00f3wna\",\"item\":\"https:\/\/mistrzowieimprez.pl\/\"},{\"@type\":\"ListItem\",\"position\":2,\"name\":\"sklep\",\"item\":\"https:\/\/mistrzowieimprez.pl\/sklep\/\"},{\"@type\":\"ListItem\",\"position\":3,\"name\":\"Wiecz\u00f3r cyrkowy\"}]},{\"@type\":\"WebSite\",\"@id\":\"https:\/\/mistrzowieimprez.pl\/#website\",\"url\":\"https:\/\/mistrzowieimprez.pl\/\",\"name\":\"Mistrzowie Imprez\",\"description\":\"Kompleksowa organizacja imprez\",\"publisher\":{\"@id\":\"https:\/\/mistrzowieimprez.pl\/#organization\"},\"potentialAction\":[{\"@type\":\"SearchAction\",\"target\":{\"@type\":\"EntryPoint\",\"urlTemplate\":\"https:\/\/mistrzowieimprez.pl\/?s={search_term_string}\"},\"query-input\":{\"@type\":\"PropertyValueSpecification\",\"valueRequired\":true,\"valueName\":\"search_term_string\"}}],\"inLanguage\":\"en-GB\"},{\"@type\":\"Organization\",\"@id\":\"https:\/\/mistrzowieimprez.pl\/#organization\",\"name\":\"Mistrzowie Imprez\",\"url\":\"https:\/\/mistrzowieimprez.pl\/\",\"logo\":{\"@type\":\"ImageObject\",\"inLanguage\":\"en-GB\",\"@id\":\"https:\/\/mistrzowieimprez.pl\/#\/schema\/logo\/image\/\",\"url\":\"https:\/\/mistrzowieimprez.pl\/wp-content\/uploads\/2024\/08\/mistrzowie_imprez_logo_ciemne-tlo@4x.png\",\"contentUrl\":\"https:\/\/mistrzowieimprez.pl\/wp-content\/uploads\/2024\/08\/mistrzowie_imprez_logo_ciemne-tlo@4x.png\",\"width\":1318,\"height\":351,\"caption\":\"Mistrzowie Imprez\"},\"image\":{\"@id\":\"https:\/\/mistrzowieimprez.pl\/#\/schema\/logo\/image\/\"},\"sameAs\":[\"https:\/\/www.facebook.com\/mistrzowieimprez\",\"https:\/\/www.instagram.com\/mistrzowieimprez\/\",\"https:\/\/www.youtube.com\/@ytmistrzowieimprez\"]}]}<\/script>\n<!-- \/ Yoast SEO plugin. -->","yoast_head_json":{"title":"Wkrocz do \u015bwiata magii! Wiecz\u00f3r Cyrkowy: Talent Show i \u017conglerka","robots":{"index":"index","follow":"follow","max-snippet":"max-snippet:-1","max-image-preview":"max-image-preview:large","max-video-preview":"max-video-preview:-1"},"canonical":"https:\/\/mistrzowieimprez.pl\/en\/product\/wieczor-cyrkowy\/","og_locale":"en_GB","og_type":"article","og_title":"Wkrocz do \u015bwiata magii! Wiecz\u00f3r Cyrkowy: Talent Show i \u017conglerka","og_description":"Zapraszamy na magiczny wiecz\u00f3r w cyrkowym klimacie, gdzie ka\u017cdy krok to fascynuj\u0105ca podr\u00f3\u017c w \u015bwiat akrobacji, magii i zabawy. Nasza przestrze\u0144 zostanie udekorowana w motywy charakterystyczne dla cyrku, pe\u0142ne jaskrawych barw i klimatycznych detali. Uczestnicy b\u0119d\u0105 mieli okazj\u0119 wzi\u0105\u0107 udzia\u0142 w cyrkowych konkursach, a tak\u017ce w niezwyk\u0142ym Talent Show! Wiecz\u00f3r u\u015bwietni\u0105 pokazy magii i akrobacji cyrkowych. Do\u0142\u0105czcie do nas i zanurzcie si\u0119 w inspiruj\u0105cym \u015bwiecie Cyrku!","og_url":"https:\/\/mistrzowieimprez.pl\/en\/product\/wieczor-cyrkowy\/","og_site_name":"Mistrzowie Imprez","article_publisher":"https:\/\/www.facebook.com\/mistrzowieimprez","article_modified_time":"2026-03-31T21:10:50+00:00","og_image":[{"width":1000,"height":1000,"url":"https:\/\/mistrzowieimprez.pl\/wp-content\/uploads\/2024\/10\/wieczor-cyrkowy-1.webp","type":"image\/webp"}],"twitter_card":"summary_large_image","twitter_misc":{"Estimated reading time":"2 minutes"},"schema":{"@context":"https:\/\/schema.org","@graph":[{"@type":"WebPage","@id":"https:\/\/mistrzowieimprez.pl\/produkt\/wieczor-cyrkowy\/","url":"https:\/\/mistrzowieimprez.pl\/produkt\/wieczor-cyrkowy\/","name":"Wkrocz do \u015bwiata magii! Wiecz\u00f3r Cyrkowy: Talent Show i \u017conglerka","isPartOf":{"@id":"https:\/\/mistrzowieimprez.pl\/#website"},"primaryImageOfPage":{"@id":"https:\/\/mistrzowieimprez.pl\/produkt\/wieczor-cyrkowy\/#primaryimage"},"image":{"@id":"https:\/\/mistrzowieimprez.pl\/produkt\/wieczor-cyrkowy\/#primaryimage"},"thumbnailUrl":"https:\/\/mistrzowieimprez.pl\/wp-content\/uploads\/2024\/10\/wieczor-cyrkowy-1.webp","datePublished":"2024-10-07T17:11:27+00:00","dateModified":"2026-03-31T21:10:50+00:00","breadcrumb":{"@id":"https:\/\/mistrzowieimprez.pl\/produkt\/wieczor-cyrkowy\/#breadcrumb"},"inLanguage":"en-GB","potentialAction":[{"@type":"ReadAction","target":["https:\/\/mistrzowieimprez.pl\/produkt\/wieczor-cyrkowy\/"]}]},{"@type":"ImageObject","inLanguage":"en-GB","@id":"https:\/\/mistrzowieimprez.pl\/produkt\/wieczor-cyrkowy\/#primaryimage","url":"https:\/\/mistrzowieimprez.pl\/wp-content\/uploads\/2024\/10\/wieczor-cyrkowy-1.webp","contentUrl":"https:\/\/mistrzowieimprez.pl\/wp-content\/uploads\/2024\/10\/wieczor-cyrkowy-1.webp","width":1000,"height":1000,"caption":"Stylizowane na cyrkow\u0105 estetyk\u0119 nakrycie sto\u0142u z ozdobami w barwach czerwieni i bieli, kwiatami oraz dekoracj\u0105 z rysunkiem postaci w cylindrze."},{"@type":"BreadcrumbList","@id":"https:\/\/mistrzowieimprez.pl\/produkt\/wieczor-cyrkowy\/#breadcrumb","itemListElement":[{"@type":"ListItem","position":1,"name":"Strona g\u0142\u00f3wna","item":"https:\/\/mistrzowieimprez.pl\/"},{"@type":"ListItem","position":2,"name":"sklep","item":"https:\/\/mistrzowieimprez.pl\/sklep\/"},{"@type":"ListItem","position":3,"name":"Wiecz\u00f3r cyrkowy"}]},{"@type":"WebSite","@id":"https:\/\/mistrzowieimprez.pl\/#website","url":"https:\/\/mistrzowieimprez.pl\/","name":"Mistrzowie Imprez","description":"Kompleksowa organizacja imprez","publisher":{"@id":"https:\/\/mistrzowieimprez.pl\/#organization"},"potentialAction":[{"@type":"SearchAction","target":{"@type":"EntryPoint","urlTemplate":"https:\/\/mistrzowieimprez.pl\/?s={search_term_string}"},"query-input":{"@type":"PropertyValueSpecification","valueRequired":true,"valueName":"search_term_string"}}],"inLanguage":"en-GB"},{"@type":"Organization","@id":"https:\/\/mistrzowieimprez.pl\/#organization","name":"Mistrzowie Imprez","url":"https:\/\/mistrzowieimprez.pl\/","logo":{"@type":"ImageObject","inLanguage":"en-GB","@id":"https:\/\/mistrzowieimprez.pl\/#\/schema\/logo\/image\/","url":"https:\/\/mistrzowieimprez.pl\/wp-content\/uploads\/2024\/08\/mistrzowie_imprez_logo_ciemne-tlo@4x.png","contentUrl":"https:\/\/mistrzowieimprez.pl\/wp-content\/uploads\/2024\/08\/mistrzowie_imprez_logo_ciemne-tlo@4x.png","width":1318,"height":351,"caption":"Mistrzowie Imprez"},"image":{"@id":"https:\/\/mistrzowieimprez.pl\/#\/schema\/logo\/image\/"},"sameAs":["https:\/\/www.facebook.com\/mistrzowieimprez","https:\/\/www.instagram.com\/mistrzowieimprez\/","https:\/\/www.youtube.com\/@ytmistrzowieimprez"]}]}},"_links":{"self":[{"href":"https:\/\/mistrzowieimprez.pl\/en\/wp-json\/wp\/v2\/product\/2362","targetHints":{"allow":["GET"]}}],"collection":[{"href":"https:\/\/mistrzowieimprez.pl\/en\/wp-json\/wp\/v2\/product"}],"about":[{"href":"https:\/\/mistrzowieimprez.pl\/en\/wp-json\/wp\/v2\/types\/product"}],"replies":[{"embeddable":true,"href":"https:\/\/mistrzowieimprez.pl\/en\/wp-json\/wp\/v2\/comments?post=2362"}],"version-history":[{"count":1,"href":"https:\/\/mistrzowieimprez.pl\/en\/wp-json\/wp\/v2\/product\/2362\/revisions"}],"predecessor-version":[{"id":2363,"href":"https:\/\/mistrzowieimprez.pl\/en\/wp-json\/wp\/v2\/product\/2362\/revisions\/2363"}],"wp:featuredmedia":[{"embeddable":true,"href":"https:\/\/mistrzowieimprez.pl\/en\/wp-json\/wp\/v2\/media\/2327"}],"wp:attachment":[{"href":"https:\/\/mistrzowieimprez.pl\/en\/wp-json\/wp\/v2\/media?parent=2362"}],"wp:term":[{"taxonomy":"product_brand","embeddable":true,"href":"https:\/\/mistrzowieimprez.pl\/en\/wp-json\/wp\/v2\/product_brand?post=2362"},{"taxonomy":"product_cat","embeddable":true,"href":"https:\/\/mistrzowieimprez.pl\/en\/wp-json\/wp\/v2\/product_cat?post=2362"},{"taxonomy":"product_tag","embeddable":true,"href":"https:\/\/mistrzowieimprez.pl\/en\/wp-json\/wp\/v2\/product_tag?post=2362"}],"curies":[{"name":"wp","href":"https:\/\/api.w.org\/{rel}","templated":true}]}}