{"id":2358,"date":"2024-10-07T17:04:00","date_gmt":"2024-10-07T17:04:00","guid":{"rendered":"https:\/\/mistrzowieimprez.pl\/?post_type=product&#038;p=2358"},"modified":"2026-03-31T21:10:28","modified_gmt":"2026-03-31T21:10:28","slug":"zagubiona-walizka","status":"publish","type":"product","link":"https:\/\/mistrzowieimprez.pl\/en\/product\/zagubiona-walizka\/","title":{"rendered":"Zagubiona walizka"},"content":{"rendered":"<h4>Opis scenariusza:<\/h4>\n<p>Podczas corocznego wyjazdu integracyjnego panuje swobodna, lu\u017ana atmosfera, a uczestnicy delektuj\u0105 si\u0119 chwil\u0105 relaksu i zabawy. Nic nie zapowiada, \u017ce ta sielanka mia\u0142a by si\u0119 nagle zako\u0144czy\u0107&#8230; Niespodziewanie w jednym z pomieszcze\u0144 konferencyjnych rozlegaj\u0105 si\u0119 alarmuj\u0105ce d\u017awi\u0119ki. Do sali wpada roztrz\u0119siony asystent Prezesa, kt\u00f3ry w panice informuje zebranych o dramatycznej sytuacji \u2013 zagubi\u0142 walizk\u0119, z kt\u00f3r\u0105 Prezes ma uda\u0107 si\u0119 na niezwykle wa\u017cne, zagraniczne spotkanie.<\/p>\n<p>Czas nagli: samolot do Stan\u00f3w Zjednoczonych odlatuje za zaledwie 3 godziny! W walizce znajduj\u0105 si\u0119 nie tylko bilety lotnicze, ale r\u00f3wnie\u017c kluczowa dokumentacja, przygotowana przez ca\u0142y zesp\u00f3\u0142, bez kt\u00f3rej Prezes nie b\u0119dzie m\u00f3g\u0142 wzi\u0105\u0107 udzia\u0142u w negocjacjach. Uczestnicy musz\u0105 natychmiast przej\u015b\u0107 w stan gotowo\u015bci i zjednoczy\u0107 si\u0142y, aby odnale\u017a\u0107 zagubiony baga\u017c.<\/p>\n<p>Scenariusz stawia przed grup\u0105 wyzwanie, kt\u00f3re wymaga nie tylko kreatywnego my\u015blenia, ale tak\u017ce umiej\u0119tno\u015bci wsp\u00f3\u0142pracy i szybkiej dedukcji. Uczestnicy b\u0119d\u0105 musieli przeszuka\u0107 teren, zbiera\u0107 wskaz\u00f3wki i rozwi\u0105zywa\u0107 zagadki, kt\u00f3re pomog\u0105 im w dotarciu do walizki. Ka\u017cda chwila si\u0119 liczy, a atmosfera napi\u0119cia staje si\u0119 coraz bardziej intensywna.<\/p>\n<p>Czy dru\u017cyna zd\u0105\u017cy odnale\u017a\u0107 zagubion\u0105 walizk\u0119 i uratowa\u0107 sytuacj\u0119? &#8222;Zagubiona Walizka&#8221; to emocjonuj\u0105ca gra integracyjna, kt\u00f3ra nie tylko zacie\u015bnia wi\u0119zi w zespole, ale tak\u017ce zapewnia niezapomniane wspomnienia i dreszczyk emocji. Przekonajmy si\u0119, jak potoczy si\u0119 ta intryguj\u0105ca historia!<\/p>","protected":false},"excerpt":{"rendered":"<p>Podczas corocznego wyjazdu integracyjnego panuje swobodna atmosfera, a\u017c nagle alarmuje roztrz\u0119siony asystent Prezesa, kt\u00f3ry informuje o zagubionej walizce. Bez niej Prezes nie b\u0119dzie m\u00f3g\u0142 wzi\u0105\u0107 udzia\u0142u w kluczowym spotkaniu za granic\u0105, a czas nagli \u2013 samolot odlatuje za 3 godziny! Uczestnicy musz\u0105 zmobilizowa\u0107 si\u0119 i odnale\u017a\u0107 zaginiony baga\u017c, w kt\u00f3rym znajduj\u0105 si\u0119 nie tylko bilety lotnicze, ale tak\u017ce wa\u017cne dokumenty. Czy uda si\u0119 rozwi\u0105za\u0107 t\u0119 zagadk\u0119 na czas?<\/p>","protected":false},"featured_media":2329,"comment_status":"open","ping_status":"closed","template":"","meta":{"_acf_changed":false},"product_brand":[],"product_cat":[96,95,94],"product_tag":[],"class_list":{"0":"post-2358","1":"product","2":"type-product","3":"status-publish","4":"has-post-thumbnail","6":"product_cat-indoor-team-building","7":"product_cat-outdoor-team-building","8":"product_cat-team-building","10":"first","11":"instock","12":"shipping-taxable","13":"product-type-simple"},"acf":[],"yoast_head":"<!-- This site is optimized with the Yoast SEO plugin v27.5 - https:\/\/yoast.com\/product\/yoast-seo-wordpress\/ -->\n<title>Zagubiona Walizka \u2013 gra scenariuszowa i escape room dla firm<\/title>\n<meta name=\"robots\" content=\"index, follow, max-snippet:-1, max-image-preview:large, max-video-preview:-1\" \/>\n<link rel=\"canonical\" href=\"https:\/\/mistrzowieimprez.pl\/en\/product\/zagubiona-walizka\/\" \/>\n<meta property=\"og:locale\" content=\"en_GB\" \/>\n<meta property=\"og:type\" content=\"article\" \/>\n<meta property=\"og:title\" content=\"Zagubiona Walizka \u2013 gra scenariuszowa i escape room dla firm\" \/>\n<meta property=\"og:description\" content=\"Podczas corocznego wyjazdu integracyjnego panuje swobodna atmosfera, a\u017c nagle alarmuje roztrz\u0119siony asystent Prezesa, kt\u00f3ry informuje o zagubionej walizce. Bez niej Prezes nie b\u0119dzie m\u00f3g\u0142 wzi\u0105\u0107 udzia\u0142u w kluczowym spotkaniu za granic\u0105, a czas nagli \u2013 samolot odlatuje za 3 godziny! Uczestnicy musz\u0105 zmobilizowa\u0107 si\u0119 i odnale\u017a\u0107 zaginiony baga\u017c, w kt\u00f3rym znajduj\u0105 si\u0119 nie tylko bilety lotnicze, ale tak\u017ce wa\u017cne dokumenty. Czy uda si\u0119 rozwi\u0105za\u0107 t\u0119 zagadk\u0119 na czas?\" \/>\n<meta property=\"og:url\" content=\"https:\/\/mistrzowieimprez.pl\/en\/product\/zagubiona-walizka\/\" \/>\n<meta property=\"og:site_name\" content=\"Mistrzowie Imprez\" \/>\n<meta property=\"article:publisher\" content=\"https:\/\/www.facebook.com\/mistrzowieimprez\" \/>\n<meta property=\"article:modified_time\" content=\"2026-03-31T21:10:28+00:00\" \/>\n<meta property=\"og:image\" content=\"https:\/\/mistrzowieimprez.pl\/wp-content\/uploads\/2024\/10\/zagubiona-walizka.webp\" \/>\n\t<meta property=\"og:image:width\" content=\"1000\" \/>\n\t<meta property=\"og:image:height\" content=\"1000\" \/>\n\t<meta property=\"og:image:type\" content=\"image\/webp\" \/>\n<meta name=\"twitter:card\" content=\"summary_large_image\" \/>\n<meta name=\"twitter:label1\" content=\"Estimated reading time\" \/>\n\t<meta name=\"twitter:data1\" content=\"2 minutes\" \/>\n<script type=\"application\/ld+json\" class=\"yoast-schema-graph\">{\"@context\":\"https:\\\/\\\/schema.org\",\"@graph\":[{\"@type\":\"WebPage\",\"@id\":\"https:\\\/\\\/mistrzowieimprez.pl\\\/produkt\\\/zagubiona-walizka\\\/\",\"url\":\"https:\\\/\\\/mistrzowieimprez.pl\\\/produkt\\\/zagubiona-walizka\\\/\",\"name\":\"Zagubiona Walizka \u2013 gra scenariuszowa i escape room dla firm\",\"isPartOf\":{\"@id\":\"https:\\\/\\\/mistrzowieimprez.pl\\\/#website\"},\"primaryImageOfPage\":{\"@id\":\"https:\\\/\\\/mistrzowieimprez.pl\\\/produkt\\\/zagubiona-walizka\\\/#primaryimage\"},\"image\":{\"@id\":\"https:\\\/\\\/mistrzowieimprez.pl\\\/produkt\\\/zagubiona-walizka\\\/#primaryimage\"},\"thumbnailUrl\":\"https:\\\/\\\/mistrzowieimprez.pl\\\/wp-content\\\/uploads\\\/2024\\\/10\\\/zagubiona-walizka.webp\",\"datePublished\":\"2024-10-07T17:04:00+00:00\",\"dateModified\":\"2026-03-31T21:10:28+00:00\",\"breadcrumb\":{\"@id\":\"https:\\\/\\\/mistrzowieimprez.pl\\\/produkt\\\/zagubiona-walizka\\\/#breadcrumb\"},\"inLanguage\":\"en-GB\",\"potentialAction\":[{\"@type\":\"ReadAction\",\"target\":[\"https:\\\/\\\/mistrzowieimprez.pl\\\/produkt\\\/zagubiona-walizka\\\/\"]}]},{\"@type\":\"ImageObject\",\"inLanguage\":\"en-GB\",\"@id\":\"https:\\\/\\\/mistrzowieimprez.pl\\\/produkt\\\/zagubiona-walizka\\\/#primaryimage\",\"url\":\"https:\\\/\\\/mistrzowieimprez.pl\\\/wp-content\\\/uploads\\\/2024\\\/10\\\/zagubiona-walizka.webp\",\"contentUrl\":\"https:\\\/\\\/mistrzowieimprez.pl\\\/wp-content\\\/uploads\\\/2024\\\/10\\\/zagubiona-walizka.webp\",\"width\":1000,\"height\":1000,\"caption\":\"Na obrazku wida\u0107 osoby uk\u0142adaj\u0105ce du\u017ce, bia\u0142e puzzle geometryczne na pod\u0142odze.\"},{\"@type\":\"BreadcrumbList\",\"@id\":\"https:\\\/\\\/mistrzowieimprez.pl\\\/produkt\\\/zagubiona-walizka\\\/#breadcrumb\",\"itemListElement\":[{\"@type\":\"ListItem\",\"position\":1,\"name\":\"Strona g\u0142\u00f3wna\",\"item\":\"https:\\\/\\\/mistrzowieimprez.pl\\\/\"},{\"@type\":\"ListItem\",\"position\":2,\"name\":\"sklep\",\"item\":\"https:\\\/\\\/mistrzowieimprez.pl\\\/sklep\\\/\"},{\"@type\":\"ListItem\",\"position\":3,\"name\":\"Zagubiona walizka\"}]},{\"@type\":\"WebSite\",\"@id\":\"https:\\\/\\\/mistrzowieimprez.pl\\\/#website\",\"url\":\"https:\\\/\\\/mistrzowieimprez.pl\\\/\",\"name\":\"Mistrzowie Imprez\",\"description\":\"Kompleksowa organizacja imprez\",\"publisher\":{\"@id\":\"https:\\\/\\\/mistrzowieimprez.pl\\\/#organization\"},\"potentialAction\":[{\"@type\":\"SearchAction\",\"target\":{\"@type\":\"EntryPoint\",\"urlTemplate\":\"https:\\\/\\\/mistrzowieimprez.pl\\\/?s={search_term_string}\"},\"query-input\":{\"@type\":\"PropertyValueSpecification\",\"valueRequired\":true,\"valueName\":\"search_term_string\"}}],\"inLanguage\":\"en-GB\"},{\"@type\":\"Organization\",\"@id\":\"https:\\\/\\\/mistrzowieimprez.pl\\\/#organization\",\"name\":\"Mistrzowie Imprez\",\"url\":\"https:\\\/\\\/mistrzowieimprez.pl\\\/\",\"logo\":{\"@type\":\"ImageObject\",\"inLanguage\":\"en-GB\",\"@id\":\"https:\\\/\\\/mistrzowieimprez.pl\\\/#\\\/schema\\\/logo\\\/image\\\/\",\"url\":\"https:\\\/\\\/mistrzowieimprez.pl\\\/wp-content\\\/uploads\\\/2024\\\/08\\\/mistrzowie_imprez_logo_ciemne-tlo@4x.png\",\"contentUrl\":\"https:\\\/\\\/mistrzowieimprez.pl\\\/wp-content\\\/uploads\\\/2024\\\/08\\\/mistrzowie_imprez_logo_ciemne-tlo@4x.png\",\"width\":1318,\"height\":351,\"caption\":\"Mistrzowie Imprez\"},\"image\":{\"@id\":\"https:\\\/\\\/mistrzowieimprez.pl\\\/#\\\/schema\\\/logo\\\/image\\\/\"},\"sameAs\":[\"https:\\\/\\\/www.facebook.com\\\/mistrzowieimprez\",\"https:\\\/\\\/www.instagram.com\\\/mistrzowieimprez\\\/\",\"https:\\\/\\\/www.youtube.com\\\/@ytmistrzowieimprez\"]}]}<\/script>\n<!-- \/ Yoast SEO plugin. -->","yoast_head_json":{"title":"Zagubiona Walizka \u2013 gra scenariuszowa i escape room dla firm","robots":{"index":"index","follow":"follow","max-snippet":"max-snippet:-1","max-image-preview":"max-image-preview:large","max-video-preview":"max-video-preview:-1"},"canonical":"https:\/\/mistrzowieimprez.pl\/en\/product\/zagubiona-walizka\/","og_locale":"en_GB","og_type":"article","og_title":"Zagubiona Walizka \u2013 gra scenariuszowa i escape room dla firm","og_description":"Podczas corocznego wyjazdu integracyjnego panuje swobodna atmosfera, a\u017c nagle alarmuje roztrz\u0119siony asystent Prezesa, kt\u00f3ry informuje o zagubionej walizce. Bez niej Prezes nie b\u0119dzie m\u00f3g\u0142 wzi\u0105\u0107 udzia\u0142u w kluczowym spotkaniu za granic\u0105, a czas nagli \u2013 samolot odlatuje za 3 godziny! Uczestnicy musz\u0105 zmobilizowa\u0107 si\u0119 i odnale\u017a\u0107 zaginiony baga\u017c, w kt\u00f3rym znajduj\u0105 si\u0119 nie tylko bilety lotnicze, ale tak\u017ce wa\u017cne dokumenty. Czy uda si\u0119 rozwi\u0105za\u0107 t\u0119 zagadk\u0119 na czas?","og_url":"https:\/\/mistrzowieimprez.pl\/en\/product\/zagubiona-walizka\/","og_site_name":"Mistrzowie Imprez","article_publisher":"https:\/\/www.facebook.com\/mistrzowieimprez","article_modified_time":"2026-03-31T21:10:28+00:00","og_image":[{"width":1000,"height":1000,"url":"https:\/\/mistrzowieimprez.pl\/wp-content\/uploads\/2024\/10\/zagubiona-walizka.webp","type":"image\/webp"}],"twitter_card":"summary_large_image","twitter_misc":{"Estimated reading time":"2 minutes"},"schema":{"@context":"https:\/\/schema.org","@graph":[{"@type":"WebPage","@id":"https:\/\/mistrzowieimprez.pl\/produkt\/zagubiona-walizka\/","url":"https:\/\/mistrzowieimprez.pl\/produkt\/zagubiona-walizka\/","name":"Zagubiona Walizka \u2013 gra scenariuszowa i escape room dla firm","isPartOf":{"@id":"https:\/\/mistrzowieimprez.pl\/#website"},"primaryImageOfPage":{"@id":"https:\/\/mistrzowieimprez.pl\/produkt\/zagubiona-walizka\/#primaryimage"},"image":{"@id":"https:\/\/mistrzowieimprez.pl\/produkt\/zagubiona-walizka\/#primaryimage"},"thumbnailUrl":"https:\/\/mistrzowieimprez.pl\/wp-content\/uploads\/2024\/10\/zagubiona-walizka.webp","datePublished":"2024-10-07T17:04:00+00:00","dateModified":"2026-03-31T21:10:28+00:00","breadcrumb":{"@id":"https:\/\/mistrzowieimprez.pl\/produkt\/zagubiona-walizka\/#breadcrumb"},"inLanguage":"en-GB","potentialAction":[{"@type":"ReadAction","target":["https:\/\/mistrzowieimprez.pl\/produkt\/zagubiona-walizka\/"]}]},{"@type":"ImageObject","inLanguage":"en-GB","@id":"https:\/\/mistrzowieimprez.pl\/produkt\/zagubiona-walizka\/#primaryimage","url":"https:\/\/mistrzowieimprez.pl\/wp-content\/uploads\/2024\/10\/zagubiona-walizka.webp","contentUrl":"https:\/\/mistrzowieimprez.pl\/wp-content\/uploads\/2024\/10\/zagubiona-walizka.webp","width":1000,"height":1000,"caption":"Na obrazku wida\u0107 osoby uk\u0142adaj\u0105ce du\u017ce, bia\u0142e puzzle geometryczne na pod\u0142odze."},{"@type":"BreadcrumbList","@id":"https:\/\/mistrzowieimprez.pl\/produkt\/zagubiona-walizka\/#breadcrumb","itemListElement":[{"@type":"ListItem","position":1,"name":"Strona g\u0142\u00f3wna","item":"https:\/\/mistrzowieimprez.pl\/"},{"@type":"ListItem","position":2,"name":"sklep","item":"https:\/\/mistrzowieimprez.pl\/sklep\/"},{"@type":"ListItem","position":3,"name":"Zagubiona walizka"}]},{"@type":"WebSite","@id":"https:\/\/mistrzowieimprez.pl\/#website","url":"https:\/\/mistrzowieimprez.pl\/","name":"Mistrzowie Imprez","description":"Kompleksowa organizacja imprez","publisher":{"@id":"https:\/\/mistrzowieimprez.pl\/#organization"},"potentialAction":[{"@type":"SearchAction","target":{"@type":"EntryPoint","urlTemplate":"https:\/\/mistrzowieimprez.pl\/?s={search_term_string}"},"query-input":{"@type":"PropertyValueSpecification","valueRequired":true,"valueName":"search_term_string"}}],"inLanguage":"en-GB"},{"@type":"Organization","@id":"https:\/\/mistrzowieimprez.pl\/#organization","name":"Mistrzowie Imprez","url":"https:\/\/mistrzowieimprez.pl\/","logo":{"@type":"ImageObject","inLanguage":"en-GB","@id":"https:\/\/mistrzowieimprez.pl\/#\/schema\/logo\/image\/","url":"https:\/\/mistrzowieimprez.pl\/wp-content\/uploads\/2024\/08\/mistrzowie_imprez_logo_ciemne-tlo@4x.png","contentUrl":"https:\/\/mistrzowieimprez.pl\/wp-content\/uploads\/2024\/08\/mistrzowie_imprez_logo_ciemne-tlo@4x.png","width":1318,"height":351,"caption":"Mistrzowie Imprez"},"image":{"@id":"https:\/\/mistrzowieimprez.pl\/#\/schema\/logo\/image\/"},"sameAs":["https:\/\/www.facebook.com\/mistrzowieimprez","https:\/\/www.instagram.com\/mistrzowieimprez\/","https:\/\/www.youtube.com\/@ytmistrzowieimprez"]}]}},"_links":{"self":[{"href":"https:\/\/mistrzowieimprez.pl\/en\/wp-json\/wp\/v2\/product\/2358","targetHints":{"allow":["GET"]}}],"collection":[{"href":"https:\/\/mistrzowieimprez.pl\/en\/wp-json\/wp\/v2\/product"}],"about":[{"href":"https:\/\/mistrzowieimprez.pl\/en\/wp-json\/wp\/v2\/types\/product"}],"replies":[{"embeddable":true,"href":"https:\/\/mistrzowieimprez.pl\/en\/wp-json\/wp\/v2\/comments?post=2358"}],"version-history":[{"count":3,"href":"https:\/\/mistrzowieimprez.pl\/en\/wp-json\/wp\/v2\/product\/2358\/revisions"}],"predecessor-version":[{"id":2361,"href":"https:\/\/mistrzowieimprez.pl\/en\/wp-json\/wp\/v2\/product\/2358\/revisions\/2361"}],"wp:featuredmedia":[{"embeddable":true,"href":"https:\/\/mistrzowieimprez.pl\/en\/wp-json\/wp\/v2\/media\/2329"}],"wp:attachment":[{"href":"https:\/\/mistrzowieimprez.pl\/en\/wp-json\/wp\/v2\/media?parent=2358"}],"wp:term":[{"taxonomy":"product_brand","embeddable":true,"href":"https:\/\/mistrzowieimprez.pl\/en\/wp-json\/wp\/v2\/product_brand?post=2358"},{"taxonomy":"product_cat","embeddable":true,"href":"https:\/\/mistrzowieimprez.pl\/en\/wp-json\/wp\/v2\/product_cat?post=2358"},{"taxonomy":"product_tag","embeddable":true,"href":"https:\/\/mistrzowieimprez.pl\/en\/wp-json\/wp\/v2\/product_tag?post=2358"}],"curies":[{"name":"wp","href":"https:\/\/api.w.org\/{rel}","templated":true}]}}