{"id":2356,"date":"2024-10-07T17:02:00","date_gmt":"2024-10-07T17:02:00","guid":{"rendered":"https:\/\/mistrzowieimprez.pl\/?post_type=product&#038;p=2356"},"modified":"2026-03-31T21:09:53","modified_gmt":"2026-03-31T21:09:53","slug":"budowa-miasta","status":"publish","type":"product","link":"https:\/\/mistrzowieimprez.pl\/en\/product\/budowa-miasta\/","title":{"rendered":"Budowa miasta"},"content":{"rendered":"<h4>Opis scenariusza:<\/h4>\n<p>Scenariusz integracyjny &#8222;Budowa Miasta&#8221; to wyj\u0105tkowa przygoda, kt\u00f3ra przeniesie uczestnik\u00f3w do fascynuj\u0105cego \u015bwiata architektury i urbanistyki. W ramach tego kreatywnego wyzwania, uczestnicy zostan\u0105 podzieleni na grupy, kt\u00f3re b\u0119d\u0105 mia\u0142y za zadanie wsp\u00f3lnie stworzy\u0107 miniatur\u0119 miasta. Do dyspozycji zespo\u0142\u00f3w oddane zostan\u0105 r\u00f3\u017cnorodne materia\u0142y, takie jak karton, farby, kleje, a tak\u017ce inne kreatywne akcesoria, kt\u00f3re umo\u017cliwi\u0105 im zbudowanie unikalnych i inspiruj\u0105cych struktur.<\/p>\n<p>Celem scenariusza jest nie tylko zbudowanie makiety miasta, ale r\u00f3wnie\u017c rozwijanie umiej\u0119tno\u015bci wsp\u00f3\u0142pracy, kreatywnego my\u015blenia i efektywnej komunikacji w zespole. Uczestnicy b\u0119d\u0105 mieli okazj\u0119 do wymiany pomys\u0142\u00f3w, dzielenia si\u0119 wizjami oraz wsp\u00f3lnego podejmowania decyzji, co sprzyja budowaniu silnych wi\u0119zi i zacie\u015bnianiu relacji w grupie.<\/p>\n<p>&#8222;Budowa Miasta&#8221; to doskona\u0142a okazja do integracji, rozwijania kreatywno\u015bci oraz odkrywania potencja\u0142u zespo\u0142u w tw\u00f3rczy spos\u00f3b. Przygotujcie si\u0119 na inspiruj\u0105c\u0105 i pe\u0142n\u0105 emocji zabaw\u0119, kt\u00f3ra na d\u0142ugo pozostanie w pami\u0119ci uczestnik\u00f3w!<\/p>","protected":false},"excerpt":{"rendered":"<p>Scenariusz integracyjny &#8222;Budowa Miasta&#8221;, kt\u00f3ra przeniesie Was do fascynuj\u0105cego \u015bwiata architektury i urbanistyki. Uczestnicy, w grupach, b\u0119d\u0105 mieli za zadanie stworzy\u0107 miniatur\u0119 miasta, wykorzystuj\u0105c r\u00f3\u017cnorodne materia\u0142y, takie jak karton, farby i kleje. To doskona\u0142a okazja do wsp\u00f3\u0142pracy, kreatywnego my\u015blenia oraz budowania silnych wi\u0119zi w zespole!<\/p>","protected":false},"featured_media":2312,"comment_status":"open","ping_status":"closed","template":"","meta":{"_acf_changed":false},"product_brand":[],"product_cat":[96,94],"product_tag":[],"class_list":{"0":"post-2356","1":"product","2":"type-product","3":"status-publish","4":"has-post-thumbnail","6":"product_cat-indoor-team-building","7":"product_cat-team-building","9":"first","10":"instock","11":"shipping-taxable","12":"product-type-simple"},"acf":[],"yoast_head":"<!-- This site is optimized with the Yoast SEO plugin v27.5 - https:\/\/yoast.com\/product\/yoast-seo-wordpress\/ -->\n<title>Zaprojektuj przysz\u0142o\u015b\u0107! Budowa Miasta: makieta, farby<\/title>\n<meta name=\"robots\" content=\"index, follow, max-snippet:-1, max-image-preview:large, max-video-preview:-1\" \/>\n<link rel=\"canonical\" href=\"https:\/\/mistrzowieimprez.pl\/en\/product\/budowa-miasta\/\" \/>\n<meta property=\"og:locale\" content=\"en_GB\" \/>\n<meta property=\"og:type\" content=\"article\" \/>\n<meta property=\"og:title\" content=\"Zaprojektuj przysz\u0142o\u015b\u0107! Budowa Miasta: makieta, farby\" \/>\n<meta property=\"og:description\" content=\"Scenariusz integracyjny &quot;Budowa Miasta&quot;, kt\u00f3ra przeniesie Was do fascynuj\u0105cego \u015bwiata architektury i urbanistyki. Uczestnicy, w grupach, b\u0119d\u0105 mieli za zadanie stworzy\u0107 miniatur\u0119 miasta, wykorzystuj\u0105c r\u00f3\u017cnorodne materia\u0142y, takie jak karton, farby i kleje. To doskona\u0142a okazja do wsp\u00f3\u0142pracy, kreatywnego my\u015blenia oraz budowania silnych wi\u0119zi w zespole!\" \/>\n<meta property=\"og:url\" content=\"https:\/\/mistrzowieimprez.pl\/en\/product\/budowa-miasta\/\" \/>\n<meta property=\"og:site_name\" content=\"Mistrzowie Imprez\" \/>\n<meta property=\"article:publisher\" content=\"https:\/\/www.facebook.com\/mistrzowieimprez\" \/>\n<meta property=\"article:modified_time\" content=\"2026-03-31T21:09:53+00:00\" \/>\n<meta property=\"og:image\" content=\"https:\/\/mistrzowieimprez.pl\/wp-content\/uploads\/2024\/10\/bUDOWA-MIASTA.webp\" \/>\n\t<meta property=\"og:image:width\" content=\"1000\" \/>\n\t<meta property=\"og:image:height\" content=\"1000\" \/>\n\t<meta property=\"og:image:type\" content=\"image\/webp\" \/>\n<meta name=\"twitter:card\" content=\"summary_large_image\" \/>\n<meta name=\"twitter:label1\" content=\"Estimated reading time\" \/>\n\t<meta name=\"twitter:data1\" content=\"2 minutes\" \/>\n<script type=\"application\/ld+json\" class=\"yoast-schema-graph\">{\"@context\":\"https:\\\/\\\/schema.org\",\"@graph\":[{\"@type\":\"WebPage\",\"@id\":\"https:\\\/\\\/mistrzowieimprez.pl\\\/produkt\\\/budowa-miasta\\\/\",\"url\":\"https:\\\/\\\/mistrzowieimprez.pl\\\/produkt\\\/budowa-miasta\\\/\",\"name\":\"Zaprojektuj przysz\u0142o\u015b\u0107! Budowa Miasta: makieta, farby\",\"isPartOf\":{\"@id\":\"https:\\\/\\\/mistrzowieimprez.pl\\\/#website\"},\"primaryImageOfPage\":{\"@id\":\"https:\\\/\\\/mistrzowieimprez.pl\\\/produkt\\\/budowa-miasta\\\/#primaryimage\"},\"image\":{\"@id\":\"https:\\\/\\\/mistrzowieimprez.pl\\\/produkt\\\/budowa-miasta\\\/#primaryimage\"},\"thumbnailUrl\":\"https:\\\/\\\/mistrzowieimprez.pl\\\/wp-content\\\/uploads\\\/2024\\\/10\\\/bUDOWA-MIASTA.webp\",\"datePublished\":\"2024-10-07T17:02:00+00:00\",\"dateModified\":\"2026-03-31T21:09:53+00:00\",\"breadcrumb\":{\"@id\":\"https:\\\/\\\/mistrzowieimprez.pl\\\/produkt\\\/budowa-miasta\\\/#breadcrumb\"},\"inLanguage\":\"en-GB\",\"potentialAction\":[{\"@type\":\"ReadAction\",\"target\":[\"https:\\\/\\\/mistrzowieimprez.pl\\\/produkt\\\/budowa-miasta\\\/\"]}]},{\"@type\":\"ImageObject\",\"inLanguage\":\"en-GB\",\"@id\":\"https:\\\/\\\/mistrzowieimprez.pl\\\/produkt\\\/budowa-miasta\\\/#primaryimage\",\"url\":\"https:\\\/\\\/mistrzowieimprez.pl\\\/wp-content\\\/uploads\\\/2024\\\/10\\\/bUDOWA-MIASTA.webp\",\"contentUrl\":\"https:\\\/\\\/mistrzowieimprez.pl\\\/wp-content\\\/uploads\\\/2024\\\/10\\\/bUDOWA-MIASTA.webp\",\"width\":1000,\"height\":1000,\"caption\":\"Zdj\u0119cie przedstawia miniaturowe budynki wykonane z kartonu i kolorowej tektury, tworz\u0105ce makiet\u0119 miasta.\"},{\"@type\":\"BreadcrumbList\",\"@id\":\"https:\\\/\\\/mistrzowieimprez.pl\\\/produkt\\\/budowa-miasta\\\/#breadcrumb\",\"itemListElement\":[{\"@type\":\"ListItem\",\"position\":1,\"name\":\"Strona g\u0142\u00f3wna\",\"item\":\"https:\\\/\\\/mistrzowieimprez.pl\\\/\"},{\"@type\":\"ListItem\",\"position\":2,\"name\":\"sklep\",\"item\":\"https:\\\/\\\/mistrzowieimprez.pl\\\/sklep\\\/\"},{\"@type\":\"ListItem\",\"position\":3,\"name\":\"Budowa miasta\"}]},{\"@type\":\"WebSite\",\"@id\":\"https:\\\/\\\/mistrzowieimprez.pl\\\/#website\",\"url\":\"https:\\\/\\\/mistrzowieimprez.pl\\\/\",\"name\":\"Mistrzowie Imprez\",\"description\":\"Kompleksowa organizacja imprez\",\"publisher\":{\"@id\":\"https:\\\/\\\/mistrzowieimprez.pl\\\/#organization\"},\"potentialAction\":[{\"@type\":\"SearchAction\",\"target\":{\"@type\":\"EntryPoint\",\"urlTemplate\":\"https:\\\/\\\/mistrzowieimprez.pl\\\/?s={search_term_string}\"},\"query-input\":{\"@type\":\"PropertyValueSpecification\",\"valueRequired\":true,\"valueName\":\"search_term_string\"}}],\"inLanguage\":\"en-GB\"},{\"@type\":\"Organization\",\"@id\":\"https:\\\/\\\/mistrzowieimprez.pl\\\/#organization\",\"name\":\"Mistrzowie Imprez\",\"url\":\"https:\\\/\\\/mistrzowieimprez.pl\\\/\",\"logo\":{\"@type\":\"ImageObject\",\"inLanguage\":\"en-GB\",\"@id\":\"https:\\\/\\\/mistrzowieimprez.pl\\\/#\\\/schema\\\/logo\\\/image\\\/\",\"url\":\"https:\\\/\\\/mistrzowieimprez.pl\\\/wp-content\\\/uploads\\\/2024\\\/08\\\/mistrzowie_imprez_logo_ciemne-tlo@4x.png\",\"contentUrl\":\"https:\\\/\\\/mistrzowieimprez.pl\\\/wp-content\\\/uploads\\\/2024\\\/08\\\/mistrzowie_imprez_logo_ciemne-tlo@4x.png\",\"width\":1318,\"height\":351,\"caption\":\"Mistrzowie Imprez\"},\"image\":{\"@id\":\"https:\\\/\\\/mistrzowieimprez.pl\\\/#\\\/schema\\\/logo\\\/image\\\/\"},\"sameAs\":[\"https:\\\/\\\/www.facebook.com\\\/mistrzowieimprez\",\"https:\\\/\\\/www.instagram.com\\\/mistrzowieimprez\\\/\",\"https:\\\/\\\/www.youtube.com\\\/@ytmistrzowieimprez\"]}]}<\/script>\n<!-- \/ Yoast SEO plugin. -->","yoast_head_json":{"title":"Zaprojektuj przysz\u0142o\u015b\u0107! Budowa Miasta: makieta, farby","robots":{"index":"index","follow":"follow","max-snippet":"max-snippet:-1","max-image-preview":"max-image-preview:large","max-video-preview":"max-video-preview:-1"},"canonical":"https:\/\/mistrzowieimprez.pl\/en\/product\/budowa-miasta\/","og_locale":"en_GB","og_type":"article","og_title":"Zaprojektuj przysz\u0142o\u015b\u0107! Budowa Miasta: makieta, farby","og_description":"Scenariusz integracyjny \"Budowa Miasta\", kt\u00f3ra przeniesie Was do fascynuj\u0105cego \u015bwiata architektury i urbanistyki. Uczestnicy, w grupach, b\u0119d\u0105 mieli za zadanie stworzy\u0107 miniatur\u0119 miasta, wykorzystuj\u0105c r\u00f3\u017cnorodne materia\u0142y, takie jak karton, farby i kleje. To doskona\u0142a okazja do wsp\u00f3\u0142pracy, kreatywnego my\u015blenia oraz budowania silnych wi\u0119zi w zespole!","og_url":"https:\/\/mistrzowieimprez.pl\/en\/product\/budowa-miasta\/","og_site_name":"Mistrzowie Imprez","article_publisher":"https:\/\/www.facebook.com\/mistrzowieimprez","article_modified_time":"2026-03-31T21:09:53+00:00","og_image":[{"width":1000,"height":1000,"url":"https:\/\/mistrzowieimprez.pl\/wp-content\/uploads\/2024\/10\/bUDOWA-MIASTA.webp","type":"image\/webp"}],"twitter_card":"summary_large_image","twitter_misc":{"Estimated reading time":"2 minutes"},"schema":{"@context":"https:\/\/schema.org","@graph":[{"@type":"WebPage","@id":"https:\/\/mistrzowieimprez.pl\/produkt\/budowa-miasta\/","url":"https:\/\/mistrzowieimprez.pl\/produkt\/budowa-miasta\/","name":"Zaprojektuj przysz\u0142o\u015b\u0107! Budowa Miasta: makieta, farby","isPartOf":{"@id":"https:\/\/mistrzowieimprez.pl\/#website"},"primaryImageOfPage":{"@id":"https:\/\/mistrzowieimprez.pl\/produkt\/budowa-miasta\/#primaryimage"},"image":{"@id":"https:\/\/mistrzowieimprez.pl\/produkt\/budowa-miasta\/#primaryimage"},"thumbnailUrl":"https:\/\/mistrzowieimprez.pl\/wp-content\/uploads\/2024\/10\/bUDOWA-MIASTA.webp","datePublished":"2024-10-07T17:02:00+00:00","dateModified":"2026-03-31T21:09:53+00:00","breadcrumb":{"@id":"https:\/\/mistrzowieimprez.pl\/produkt\/budowa-miasta\/#breadcrumb"},"inLanguage":"en-GB","potentialAction":[{"@type":"ReadAction","target":["https:\/\/mistrzowieimprez.pl\/produkt\/budowa-miasta\/"]}]},{"@type":"ImageObject","inLanguage":"en-GB","@id":"https:\/\/mistrzowieimprez.pl\/produkt\/budowa-miasta\/#primaryimage","url":"https:\/\/mistrzowieimprez.pl\/wp-content\/uploads\/2024\/10\/bUDOWA-MIASTA.webp","contentUrl":"https:\/\/mistrzowieimprez.pl\/wp-content\/uploads\/2024\/10\/bUDOWA-MIASTA.webp","width":1000,"height":1000,"caption":"Zdj\u0119cie przedstawia miniaturowe budynki wykonane z kartonu i kolorowej tektury, tworz\u0105ce makiet\u0119 miasta."},{"@type":"BreadcrumbList","@id":"https:\/\/mistrzowieimprez.pl\/produkt\/budowa-miasta\/#breadcrumb","itemListElement":[{"@type":"ListItem","position":1,"name":"Strona g\u0142\u00f3wna","item":"https:\/\/mistrzowieimprez.pl\/"},{"@type":"ListItem","position":2,"name":"sklep","item":"https:\/\/mistrzowieimprez.pl\/sklep\/"},{"@type":"ListItem","position":3,"name":"Budowa miasta"}]},{"@type":"WebSite","@id":"https:\/\/mistrzowieimprez.pl\/#website","url":"https:\/\/mistrzowieimprez.pl\/","name":"Mistrzowie Imprez","description":"Kompleksowa organizacja imprez","publisher":{"@id":"https:\/\/mistrzowieimprez.pl\/#organization"},"potentialAction":[{"@type":"SearchAction","target":{"@type":"EntryPoint","urlTemplate":"https:\/\/mistrzowieimprez.pl\/?s={search_term_string}"},"query-input":{"@type":"PropertyValueSpecification","valueRequired":true,"valueName":"search_term_string"}}],"inLanguage":"en-GB"},{"@type":"Organization","@id":"https:\/\/mistrzowieimprez.pl\/#organization","name":"Mistrzowie Imprez","url":"https:\/\/mistrzowieimprez.pl\/","logo":{"@type":"ImageObject","inLanguage":"en-GB","@id":"https:\/\/mistrzowieimprez.pl\/#\/schema\/logo\/image\/","url":"https:\/\/mistrzowieimprez.pl\/wp-content\/uploads\/2024\/08\/mistrzowie_imprez_logo_ciemne-tlo@4x.png","contentUrl":"https:\/\/mistrzowieimprez.pl\/wp-content\/uploads\/2024\/08\/mistrzowie_imprez_logo_ciemne-tlo@4x.png","width":1318,"height":351,"caption":"Mistrzowie Imprez"},"image":{"@id":"https:\/\/mistrzowieimprez.pl\/#\/schema\/logo\/image\/"},"sameAs":["https:\/\/www.facebook.com\/mistrzowieimprez","https:\/\/www.instagram.com\/mistrzowieimprez\/","https:\/\/www.youtube.com\/@ytmistrzowieimprez"]}]}},"_links":{"self":[{"href":"https:\/\/mistrzowieimprez.pl\/en\/wp-json\/wp\/v2\/product\/2356","targetHints":{"allow":["GET"]}}],"collection":[{"href":"https:\/\/mistrzowieimprez.pl\/en\/wp-json\/wp\/v2\/product"}],"about":[{"href":"https:\/\/mistrzowieimprez.pl\/en\/wp-json\/wp\/v2\/types\/product"}],"replies":[{"embeddable":true,"href":"https:\/\/mistrzowieimprez.pl\/en\/wp-json\/wp\/v2\/comments?post=2356"}],"version-history":[{"count":1,"href":"https:\/\/mistrzowieimprez.pl\/en\/wp-json\/wp\/v2\/product\/2356\/revisions"}],"predecessor-version":[{"id":2357,"href":"https:\/\/mistrzowieimprez.pl\/en\/wp-json\/wp\/v2\/product\/2356\/revisions\/2357"}],"wp:featuredmedia":[{"embeddable":true,"href":"https:\/\/mistrzowieimprez.pl\/en\/wp-json\/wp\/v2\/media\/2312"}],"wp:attachment":[{"href":"https:\/\/mistrzowieimprez.pl\/en\/wp-json\/wp\/v2\/media?parent=2356"}],"wp:term":[{"taxonomy":"product_brand","embeddable":true,"href":"https:\/\/mistrzowieimprez.pl\/en\/wp-json\/wp\/v2\/product_brand?post=2356"},{"taxonomy":"product_cat","embeddable":true,"href":"https:\/\/mistrzowieimprez.pl\/en\/wp-json\/wp\/v2\/product_cat?post=2356"},{"taxonomy":"product_tag","embeddable":true,"href":"https:\/\/mistrzowieimprez.pl\/en\/wp-json\/wp\/v2\/product_tag?post=2356"}],"curies":[{"name":"wp","href":"https:\/\/api.w.org\/{rel}","templated":true}]}}