{"id":2353,"date":"2024-10-07T15:30:04","date_gmt":"2024-10-07T15:30:04","guid":{"rendered":"https:\/\/mistrzowieimprez.pl\/?post_type=product&#038;p=2353"},"modified":"2026-03-31T21:09:33","modified_gmt":"2026-03-31T21:09:33","slug":"challenge-game","status":"publish","type":"product","link":"https:\/\/mistrzowieimprez.pl\/en\/product\/challenge-game\/","title":{"rendered":"Challenge Game"},"content":{"rendered":"<h4>Opis scenariusza:<\/h4>\n<p>Challenge Game to dynamiczny scenariusz, w kt\u00f3rym uczestnicy pracuj\u0105 w kilkuosobowych grupach, stawiaj\u0105c czo\u0142a r\u00f3\u017cnorodnym wyzwaniom i wsp\u00f3lnie mierz\u0105c si\u0119 z przygotowanymi zadaniami. Gra rozpoczyna si\u0119 od emocjonuj\u0105cego losowania &#8222;got\u00f3wki&#8221; na specjalnie przygotowanym kole fortuny. Ta got\u00f3wka b\u0119dzie kluczowym elementem, kt\u00f3ry dru\u017cyny b\u0119d\u0105 mog\u0142y wykorzysta\u0107 w trakcie rywalizacji.<\/p>\n<p>Uczestnicy b\u0119d\u0105 mieli okazj\u0119 obstawia\u0107 r\u00f3\u017cne aspekty wykonywanych zada\u0144, takie jak czas wykonania pr\u00f3by, liczba jej powt\u00f3rze\u0144 czy ilo\u015b\u0107 os\u00f3b bior\u0105cych w niej udzia\u0142. W\u015br\u00f3d zada\u0144 znajd\u0105 si\u0119 m.in. zwis na ruchomym dr\u0105\u017cku, plaster miodu, tajemnicza degustacja i wiele innych emocjonuj\u0105cych wyzwa\u0144, kt\u00f3re dostarcz\u0105 adrenaliny i rado\u015bci.<\/p>\n<p>Challenge Game to doskona\u0142a okazja, aby sprawdzi\u0107 swoje umiej\u0119tno\u015bci, wsp\u00f3\u0142pracowa\u0107 z innymi i zacie\u015bni\u0107 wi\u0119zi w zespole. Przygotujcie si\u0119 na wsp\u00f3ln\u0105 zabaw\u0119, kt\u00f3ra dostarczy niezapomnianych wspomnie\u0144 i pozytywnych emocji! To co? Sprawdzimy si\u0119?<\/p>","protected":false},"excerpt":{"rendered":"<p>Challenge Game to emocjonuj\u0105cy scenariusz, w kt\u00f3rym uczestnicy wsp\u00f3\u0142pracuj\u0105 w kilkuosobowych grupach, stawiaj\u0105c czo\u0142a r\u00f3\u017cnorodnym wyzwaniom. Dru\u017cyny losuj\u0105 &#8222;got\u00f3wk\u0119&#8221; na kole fortuny, kt\u00f3ra s\u0142u\u017cy do obstawiania zada\u0144, takich jak zwis na ruchomym dr\u0105\u017cku czy tajemnicza degustacja. To \u015bwietna okazja, aby sprawdzi\u0107 swoje umiej\u0119tno\u015bci i zacie\u015bni\u0107 wi\u0119zi w zespole!<\/p>","protected":false},"featured_media":2313,"comment_status":"open","ping_status":"closed","template":"","meta":{"_acf_changed":false},"product_brand":[],"product_cat":[96,94],"product_tag":[],"class_list":{"0":"post-2353","1":"product","2":"type-product","3":"status-publish","4":"has-post-thumbnail","6":"product_cat-indoor-team-building","7":"product_cat-team-building","9":"first","10":"instock","11":"shipping-taxable","12":"product-type-simple"},"acf":[],"yoast_head":"<!-- This site is optimized with the Yoast SEO plugin v27.5 - https:\/\/yoast.com\/product\/yoast-seo-wordpress\/ -->\n<title>Sprawd\u017a si\u0119 w Challenge Game! Obstawiaj wyniki i rozbij bank<\/title>\n<meta name=\"robots\" content=\"index, follow, max-snippet:-1, max-image-preview:large, max-video-preview:-1\" \/>\n<link rel=\"canonical\" href=\"https:\/\/mistrzowieimprez.pl\/en\/product\/challenge-game\/\" \/>\n<meta property=\"og:locale\" content=\"en_GB\" \/>\n<meta property=\"og:type\" content=\"article\" \/>\n<meta property=\"og:title\" content=\"Sprawd\u017a si\u0119 w Challenge Game! Obstawiaj wyniki i rozbij bank\" \/>\n<meta property=\"og:description\" content=\"Challenge Game to emocjonuj\u0105cy scenariusz, w kt\u00f3rym uczestnicy wsp\u00f3\u0142pracuj\u0105 w kilkuosobowych grupach, stawiaj\u0105c czo\u0142a r\u00f3\u017cnorodnym wyzwaniom. Dru\u017cyny losuj\u0105 &quot;got\u00f3wk\u0119&quot; na kole fortuny, kt\u00f3ra s\u0142u\u017cy do obstawiania zada\u0144, takich jak zwis na ruchomym dr\u0105\u017cku czy tajemnicza degustacja. To \u015bwietna okazja, aby sprawdzi\u0107 swoje umiej\u0119tno\u015bci i zacie\u015bni\u0107 wi\u0119zi w zespole!\" \/>\n<meta property=\"og:url\" content=\"https:\/\/mistrzowieimprez.pl\/en\/product\/challenge-game\/\" \/>\n<meta property=\"og:site_name\" content=\"Mistrzowie Imprez\" \/>\n<meta property=\"article:publisher\" content=\"https:\/\/www.facebook.com\/mistrzowieimprez\" \/>\n<meta property=\"article:modified_time\" content=\"2026-03-31T21:09:33+00:00\" \/>\n<meta property=\"og:image\" content=\"https:\/\/mistrzowieimprez.pl\/wp-content\/uploads\/2024\/10\/cHALLENGE-GAME.webp\" \/>\n\t<meta property=\"og:image:width\" content=\"1000\" \/>\n\t<meta property=\"og:image:height\" content=\"1000\" \/>\n\t<meta property=\"og:image:type\" content=\"image\/webp\" \/>\n<meta name=\"twitter:card\" content=\"summary_large_image\" \/>\n<meta name=\"twitter:label1\" content=\"Estimated reading time\" \/>\n\t<meta name=\"twitter:data1\" content=\"1 minute\" \/>\n<script type=\"application\/ld+json\" class=\"yoast-schema-graph\">{\"@context\":\"https:\\\/\\\/schema.org\",\"@graph\":[{\"@type\":\"WebPage\",\"@id\":\"https:\\\/\\\/mistrzowieimprez.pl\\\/produkt\\\/challenge-game\\\/\",\"url\":\"https:\\\/\\\/mistrzowieimprez.pl\\\/produkt\\\/challenge-game\\\/\",\"name\":\"Sprawd\u017a si\u0119 w Challenge Game! Obstawiaj wyniki i rozbij bank\",\"isPartOf\":{\"@id\":\"https:\\\/\\\/mistrzowieimprez.pl\\\/#website\"},\"primaryImageOfPage\":{\"@id\":\"https:\\\/\\\/mistrzowieimprez.pl\\\/produkt\\\/challenge-game\\\/#primaryimage\"},\"image\":{\"@id\":\"https:\\\/\\\/mistrzowieimprez.pl\\\/produkt\\\/challenge-game\\\/#primaryimage\"},\"thumbnailUrl\":\"https:\\\/\\\/mistrzowieimprez.pl\\\/wp-content\\\/uploads\\\/2024\\\/10\\\/cHALLENGE-GAME.webp\",\"datePublished\":\"2024-10-07T15:30:04+00:00\",\"dateModified\":\"2026-03-31T21:09:33+00:00\",\"breadcrumb\":{\"@id\":\"https:\\\/\\\/mistrzowieimprez.pl\\\/produkt\\\/challenge-game\\\/#breadcrumb\"},\"inLanguage\":\"en-GB\",\"potentialAction\":[{\"@type\":\"ReadAction\",\"target\":[\"https:\\\/\\\/mistrzowieimprez.pl\\\/produkt\\\/challenge-game\\\/\"]}]},{\"@type\":\"ImageObject\",\"inLanguage\":\"en-GB\",\"@id\":\"https:\\\/\\\/mistrzowieimprez.pl\\\/produkt\\\/challenge-game\\\/#primaryimage\",\"url\":\"https:\\\/\\\/mistrzowieimprez.pl\\\/wp-content\\\/uploads\\\/2024\\\/10\\\/cHALLENGE-GAME.webp\",\"contentUrl\":\"https:\\\/\\\/mistrzowieimprez.pl\\\/wp-content\\\/uploads\\\/2024\\\/10\\\/cHALLENGE-GAME.webp\",\"width\":1000,\"height\":1000,\"caption\":\"Zdj\u0119cie przedstawia tradycyjny korea\u0144ski deser dalgona, w kt\u00f3rym ig\u0142\u0105 wycinany jest okre\u015blony kszta\u0142t.\"},{\"@type\":\"BreadcrumbList\",\"@id\":\"https:\\\/\\\/mistrzowieimprez.pl\\\/produkt\\\/challenge-game\\\/#breadcrumb\",\"itemListElement\":[{\"@type\":\"ListItem\",\"position\":1,\"name\":\"Strona g\u0142\u00f3wna\",\"item\":\"https:\\\/\\\/mistrzowieimprez.pl\\\/\"},{\"@type\":\"ListItem\",\"position\":2,\"name\":\"sklep\",\"item\":\"https:\\\/\\\/mistrzowieimprez.pl\\\/sklep\\\/\"},{\"@type\":\"ListItem\",\"position\":3,\"name\":\"Challenge Game\"}]},{\"@type\":\"WebSite\",\"@id\":\"https:\\\/\\\/mistrzowieimprez.pl\\\/#website\",\"url\":\"https:\\\/\\\/mistrzowieimprez.pl\\\/\",\"name\":\"Mistrzowie Imprez\",\"description\":\"Kompleksowa organizacja imprez\",\"publisher\":{\"@id\":\"https:\\\/\\\/mistrzowieimprez.pl\\\/#organization\"},\"potentialAction\":[{\"@type\":\"SearchAction\",\"target\":{\"@type\":\"EntryPoint\",\"urlTemplate\":\"https:\\\/\\\/mistrzowieimprez.pl\\\/?s={search_term_string}\"},\"query-input\":{\"@type\":\"PropertyValueSpecification\",\"valueRequired\":true,\"valueName\":\"search_term_string\"}}],\"inLanguage\":\"en-GB\"},{\"@type\":\"Organization\",\"@id\":\"https:\\\/\\\/mistrzowieimprez.pl\\\/#organization\",\"name\":\"Mistrzowie Imprez\",\"url\":\"https:\\\/\\\/mistrzowieimprez.pl\\\/\",\"logo\":{\"@type\":\"ImageObject\",\"inLanguage\":\"en-GB\",\"@id\":\"https:\\\/\\\/mistrzowieimprez.pl\\\/#\\\/schema\\\/logo\\\/image\\\/\",\"url\":\"https:\\\/\\\/mistrzowieimprez.pl\\\/wp-content\\\/uploads\\\/2024\\\/08\\\/mistrzowie_imprez_logo_ciemne-tlo@4x.png\",\"contentUrl\":\"https:\\\/\\\/mistrzowieimprez.pl\\\/wp-content\\\/uploads\\\/2024\\\/08\\\/mistrzowie_imprez_logo_ciemne-tlo@4x.png\",\"width\":1318,\"height\":351,\"caption\":\"Mistrzowie Imprez\"},\"image\":{\"@id\":\"https:\\\/\\\/mistrzowieimprez.pl\\\/#\\\/schema\\\/logo\\\/image\\\/\"},\"sameAs\":[\"https:\\\/\\\/www.facebook.com\\\/mistrzowieimprez\",\"https:\\\/\\\/www.instagram.com\\\/mistrzowieimprez\\\/\",\"https:\\\/\\\/www.youtube.com\\\/@ytmistrzowieimprez\"]}]}<\/script>\n<!-- \/ Yoast SEO plugin. -->","yoast_head_json":{"title":"Sprawd\u017a si\u0119 w Challenge Game! Obstawiaj wyniki i rozbij bank","robots":{"index":"index","follow":"follow","max-snippet":"max-snippet:-1","max-image-preview":"max-image-preview:large","max-video-preview":"max-video-preview:-1"},"canonical":"https:\/\/mistrzowieimprez.pl\/en\/product\/challenge-game\/","og_locale":"en_GB","og_type":"article","og_title":"Sprawd\u017a si\u0119 w Challenge Game! Obstawiaj wyniki i rozbij bank","og_description":"Challenge Game to emocjonuj\u0105cy scenariusz, w kt\u00f3rym uczestnicy wsp\u00f3\u0142pracuj\u0105 w kilkuosobowych grupach, stawiaj\u0105c czo\u0142a r\u00f3\u017cnorodnym wyzwaniom. Dru\u017cyny losuj\u0105 \"got\u00f3wk\u0119\" na kole fortuny, kt\u00f3ra s\u0142u\u017cy do obstawiania zada\u0144, takich jak zwis na ruchomym dr\u0105\u017cku czy tajemnicza degustacja. To \u015bwietna okazja, aby sprawdzi\u0107 swoje umiej\u0119tno\u015bci i zacie\u015bni\u0107 wi\u0119zi w zespole!","og_url":"https:\/\/mistrzowieimprez.pl\/en\/product\/challenge-game\/","og_site_name":"Mistrzowie Imprez","article_publisher":"https:\/\/www.facebook.com\/mistrzowieimprez","article_modified_time":"2026-03-31T21:09:33+00:00","og_image":[{"width":1000,"height":1000,"url":"https:\/\/mistrzowieimprez.pl\/wp-content\/uploads\/2024\/10\/cHALLENGE-GAME.webp","type":"image\/webp"}],"twitter_card":"summary_large_image","twitter_misc":{"Estimated reading time":"1 minute"},"schema":{"@context":"https:\/\/schema.org","@graph":[{"@type":"WebPage","@id":"https:\/\/mistrzowieimprez.pl\/produkt\/challenge-game\/","url":"https:\/\/mistrzowieimprez.pl\/produkt\/challenge-game\/","name":"Sprawd\u017a si\u0119 w Challenge Game! Obstawiaj wyniki i rozbij bank","isPartOf":{"@id":"https:\/\/mistrzowieimprez.pl\/#website"},"primaryImageOfPage":{"@id":"https:\/\/mistrzowieimprez.pl\/produkt\/challenge-game\/#primaryimage"},"image":{"@id":"https:\/\/mistrzowieimprez.pl\/produkt\/challenge-game\/#primaryimage"},"thumbnailUrl":"https:\/\/mistrzowieimprez.pl\/wp-content\/uploads\/2024\/10\/cHALLENGE-GAME.webp","datePublished":"2024-10-07T15:30:04+00:00","dateModified":"2026-03-31T21:09:33+00:00","breadcrumb":{"@id":"https:\/\/mistrzowieimprez.pl\/produkt\/challenge-game\/#breadcrumb"},"inLanguage":"en-GB","potentialAction":[{"@type":"ReadAction","target":["https:\/\/mistrzowieimprez.pl\/produkt\/challenge-game\/"]}]},{"@type":"ImageObject","inLanguage":"en-GB","@id":"https:\/\/mistrzowieimprez.pl\/produkt\/challenge-game\/#primaryimage","url":"https:\/\/mistrzowieimprez.pl\/wp-content\/uploads\/2024\/10\/cHALLENGE-GAME.webp","contentUrl":"https:\/\/mistrzowieimprez.pl\/wp-content\/uploads\/2024\/10\/cHALLENGE-GAME.webp","width":1000,"height":1000,"caption":"Zdj\u0119cie przedstawia tradycyjny korea\u0144ski deser dalgona, w kt\u00f3rym ig\u0142\u0105 wycinany jest okre\u015blony kszta\u0142t."},{"@type":"BreadcrumbList","@id":"https:\/\/mistrzowieimprez.pl\/produkt\/challenge-game\/#breadcrumb","itemListElement":[{"@type":"ListItem","position":1,"name":"Strona g\u0142\u00f3wna","item":"https:\/\/mistrzowieimprez.pl\/"},{"@type":"ListItem","position":2,"name":"sklep","item":"https:\/\/mistrzowieimprez.pl\/sklep\/"},{"@type":"ListItem","position":3,"name":"Challenge Game"}]},{"@type":"WebSite","@id":"https:\/\/mistrzowieimprez.pl\/#website","url":"https:\/\/mistrzowieimprez.pl\/","name":"Mistrzowie Imprez","description":"Kompleksowa organizacja imprez","publisher":{"@id":"https:\/\/mistrzowieimprez.pl\/#organization"},"potentialAction":[{"@type":"SearchAction","target":{"@type":"EntryPoint","urlTemplate":"https:\/\/mistrzowieimprez.pl\/?s={search_term_string}"},"query-input":{"@type":"PropertyValueSpecification","valueRequired":true,"valueName":"search_term_string"}}],"inLanguage":"en-GB"},{"@type":"Organization","@id":"https:\/\/mistrzowieimprez.pl\/#organization","name":"Mistrzowie Imprez","url":"https:\/\/mistrzowieimprez.pl\/","logo":{"@type":"ImageObject","inLanguage":"en-GB","@id":"https:\/\/mistrzowieimprez.pl\/#\/schema\/logo\/image\/","url":"https:\/\/mistrzowieimprez.pl\/wp-content\/uploads\/2024\/08\/mistrzowie_imprez_logo_ciemne-tlo@4x.png","contentUrl":"https:\/\/mistrzowieimprez.pl\/wp-content\/uploads\/2024\/08\/mistrzowie_imprez_logo_ciemne-tlo@4x.png","width":1318,"height":351,"caption":"Mistrzowie Imprez"},"image":{"@id":"https:\/\/mistrzowieimprez.pl\/#\/schema\/logo\/image\/"},"sameAs":["https:\/\/www.facebook.com\/mistrzowieimprez","https:\/\/www.instagram.com\/mistrzowieimprez\/","https:\/\/www.youtube.com\/@ytmistrzowieimprez"]}]}},"_links":{"self":[{"href":"https:\/\/mistrzowieimprez.pl\/en\/wp-json\/wp\/v2\/product\/2353","targetHints":{"allow":["GET"]}}],"collection":[{"href":"https:\/\/mistrzowieimprez.pl\/en\/wp-json\/wp\/v2\/product"}],"about":[{"href":"https:\/\/mistrzowieimprez.pl\/en\/wp-json\/wp\/v2\/types\/product"}],"replies":[{"embeddable":true,"href":"https:\/\/mistrzowieimprez.pl\/en\/wp-json\/wp\/v2\/comments?post=2353"}],"version-history":[{"count":2,"href":"https:\/\/mistrzowieimprez.pl\/en\/wp-json\/wp\/v2\/product\/2353\/revisions"}],"predecessor-version":[{"id":2355,"href":"https:\/\/mistrzowieimprez.pl\/en\/wp-json\/wp\/v2\/product\/2353\/revisions\/2355"}],"wp:featuredmedia":[{"embeddable":true,"href":"https:\/\/mistrzowieimprez.pl\/en\/wp-json\/wp\/v2\/media\/2313"}],"wp:attachment":[{"href":"https:\/\/mistrzowieimprez.pl\/en\/wp-json\/wp\/v2\/media?parent=2353"}],"wp:term":[{"taxonomy":"product_brand","embeddable":true,"href":"https:\/\/mistrzowieimprez.pl\/en\/wp-json\/wp\/v2\/product_brand?post=2353"},{"taxonomy":"product_cat","embeddable":true,"href":"https:\/\/mistrzowieimprez.pl\/en\/wp-json\/wp\/v2\/product_cat?post=2353"},{"taxonomy":"product_tag","embeddable":true,"href":"https:\/\/mistrzowieimprez.pl\/en\/wp-json\/wp\/v2\/product_tag?post=2353"}],"curies":[{"name":"wp","href":"https:\/\/api.w.org\/{rel}","templated":true}]}}