{"id":2351,"date":"2024-10-07T15:26:47","date_gmt":"2024-10-07T15:26:47","guid":{"rendered":"https:\/\/mistrzowieimprez.pl\/?post_type=product&#038;p=2351"},"modified":"2026-03-31T21:09:16","modified_gmt":"2026-03-31T21:09:16","slug":"rozbij-bank","status":"publish","type":"product","link":"https:\/\/mistrzowieimprez.pl\/en\/product\/rozbij-bank\/","title":{"rendered":"Rozbij bank!"},"content":{"rendered":"<h4>Opis scenariusza:<\/h4>\n<p>Zach\u0119camy do wzi\u0119cia udzia\u0142u w emocjonuj\u0105cym scenariuszu \u201cRozbij Bank\u201d, kt\u00f3ra przeniesie Was w wir rywalizacji, strategicznego my\u015blenia i efektywnej wsp\u00f3\u0142pracy. To nie tylko gra, ale tak\u017ce doskona\u0142a okazja, aby wzmocni\u0107 wi\u0119zi w firmie, sprawdzi\u0107 swoje umiej\u0119tno\u015bci licytacji oraz odpowiedzie\u0107 na ciekawe i zaskakuj\u0105ce pytania.<\/p>\n<p>Ka\u017cda z dru\u017cyn rozpoczyna gr\u0119 z okre\u015blon\u0105 ilo\u015bci\u0105 got\u00f3wki, kt\u00f3r\u0105 mo\u017cna wykorzysta\u0107 w licytacjach o prawo odpowiedzi na pytania z r\u00f3\u017cnych kategorii \u2013 od sportu i popkultury, przez nauk\u0119, po zaskakuj\u0105ce ciekawostki. Uczestnicy b\u0119d\u0105 musieli wykaza\u0107 si\u0119 nie tylko wiedz\u0105, ale tak\u017ce umiej\u0119tno\u015bci\u0105 strategicznego my\u015blenia, aby zainwestowa\u0107 swoje \u015brodki w najbardziej op\u0142acalne pytania.<\/p>\n<p>\u201cRozbij Bank\u201d to wci\u0105gaj\u0105ca gra pe\u0142na emocji, kt\u00f3ra rozwija umiej\u0119tno\u015bci wsp\u00f3\u0142pracy i komunikacji w zespole. Przygotujcie si\u0119 na niezapomniane do\u015bwiadczenie, kt\u00f3re dostarczy Wam wielu radosnych chwil i pozwoli lepiej si\u0119 pozna\u0107!<\/p>","protected":false},"excerpt":{"rendered":"<p>Zapraszamy do udzia\u0142u w grze \u201cRozbij Bank\u201d, kt\u00f3ra \u0142\u0105czy rywalizacj\u0119, strategiczne my\u015blenie i wsp\u00f3\u0142prac\u0119! Dru\u017cyny licytuj\u0105 got\u00f3wk\u0119, aby zdoby\u0107 prawo do odpowiedzi na pytania z r\u00f3\u017cnych kategorii, od sportu po nauk\u0119. To doskona\u0142a okazja do wzmocnienia wi\u0119zi w firmie i sprawdzenia swoich umiej\u0119tno\u015bci. Przygotujcie si\u0119 na emocjonuj\u0105ce do\u015bwiadczenie!<\/p>","protected":false},"featured_media":2322,"comment_status":"open","ping_status":"closed","template":"","meta":{"_acf_changed":false},"product_brand":[],"product_cat":[96,94],"product_tag":[],"class_list":{"0":"post-2351","1":"product","2":"type-product","3":"status-publish","4":"has-post-thumbnail","6":"product_cat-indoor-team-building","7":"product_cat-team-building","9":"first","10":"instock","11":"shipping-taxable","12":"product-type-simple"},"acf":[],"yoast_head":"<!-- This site is optimized with the Yoast SEO plugin v27.5 - https:\/\/yoast.com\/product\/yoast-seo-wordpress\/ -->\n<title>Rozbij Bank \u2013 strategiczna gra integracyjna z licytacj\u0105 dla firm<\/title>\n<meta name=\"robots\" content=\"index, follow, max-snippet:-1, max-image-preview:large, max-video-preview:-1\" \/>\n<link rel=\"canonical\" href=\"https:\/\/mistrzowieimprez.pl\/en\/product\/rozbij-bank\/\" \/>\n<meta property=\"og:locale\" content=\"en_GB\" \/>\n<meta property=\"og:type\" content=\"article\" \/>\n<meta property=\"og:title\" content=\"Rozbij Bank \u2013 strategiczna gra integracyjna z licytacj\u0105 dla firm\" \/>\n<meta property=\"og:description\" content=\"Zapraszamy do udzia\u0142u w grze \u201cRozbij Bank\u201d, kt\u00f3ra \u0142\u0105czy rywalizacj\u0119, strategiczne my\u015blenie i wsp\u00f3\u0142prac\u0119! Dru\u017cyny licytuj\u0105 got\u00f3wk\u0119, aby zdoby\u0107 prawo do odpowiedzi na pytania z r\u00f3\u017cnych kategorii, od sportu po nauk\u0119. To doskona\u0142a okazja do wzmocnienia wi\u0119zi w firmie i sprawdzenia swoich umiej\u0119tno\u015bci. Przygotujcie si\u0119 na emocjonuj\u0105ce do\u015bwiadczenie!\" \/>\n<meta property=\"og:url\" content=\"https:\/\/mistrzowieimprez.pl\/en\/product\/rozbij-bank\/\" \/>\n<meta property=\"og:site_name\" content=\"Mistrzowie Imprez\" \/>\n<meta property=\"article:publisher\" content=\"https:\/\/www.facebook.com\/mistrzowieimprez\" \/>\n<meta property=\"article:modified_time\" content=\"2026-03-31T21:09:16+00:00\" \/>\n<meta property=\"og:image\" content=\"https:\/\/mistrzowieimprez.pl\/wp-content\/uploads\/2024\/10\/rozbij-bank_.webp\" \/>\n\t<meta property=\"og:image:width\" content=\"1000\" \/>\n\t<meta property=\"og:image:height\" content=\"1000\" \/>\n\t<meta property=\"og:image:type\" content=\"image\/webp\" \/>\n<meta name=\"twitter:card\" content=\"summary_large_image\" \/>\n<meta name=\"twitter:label1\" content=\"Estimated reading time\" \/>\n\t<meta name=\"twitter:data1\" content=\"1 minute\" \/>\n<script type=\"application\/ld+json\" class=\"yoast-schema-graph\">{\"@context\":\"https:\\\/\\\/schema.org\",\"@graph\":[{\"@type\":\"WebPage\",\"@id\":\"https:\\\/\\\/mistrzowieimprez.pl\\\/produkt\\\/rozbij-bank\\\/\",\"url\":\"https:\\\/\\\/mistrzowieimprez.pl\\\/produkt\\\/rozbij-bank\\\/\",\"name\":\"Rozbij Bank \u2013 strategiczna gra integracyjna z licytacj\u0105 dla firm\",\"isPartOf\":{\"@id\":\"https:\\\/\\\/mistrzowieimprez.pl\\\/#website\"},\"primaryImageOfPage\":{\"@id\":\"https:\\\/\\\/mistrzowieimprez.pl\\\/produkt\\\/rozbij-bank\\\/#primaryimage\"},\"image\":{\"@id\":\"https:\\\/\\\/mistrzowieimprez.pl\\\/produkt\\\/rozbij-bank\\\/#primaryimage\"},\"thumbnailUrl\":\"https:\\\/\\\/mistrzowieimprez.pl\\\/wp-content\\\/uploads\\\/2024\\\/10\\\/rozbij-bank_.webp\",\"datePublished\":\"2024-10-07T15:26:47+00:00\",\"dateModified\":\"2026-03-31T21:09:16+00:00\",\"breadcrumb\":{\"@id\":\"https:\\\/\\\/mistrzowieimprez.pl\\\/produkt\\\/rozbij-bank\\\/#breadcrumb\"},\"inLanguage\":\"en-GB\",\"potentialAction\":[{\"@type\":\"ReadAction\",\"target\":[\"https:\\\/\\\/mistrzowieimprez.pl\\\/produkt\\\/rozbij-bank\\\/\"]}]},{\"@type\":\"ImageObject\",\"inLanguage\":\"en-GB\",\"@id\":\"https:\\\/\\\/mistrzowieimprez.pl\\\/produkt\\\/rozbij-bank\\\/#primaryimage\",\"url\":\"https:\\\/\\\/mistrzowieimprez.pl\\\/wp-content\\\/uploads\\\/2024\\\/10\\\/rozbij-bank_.webp\",\"contentUrl\":\"https:\\\/\\\/mistrzowieimprez.pl\\\/wp-content\\\/uploads\\\/2024\\\/10\\\/rozbij-bank_.webp\",\"width\":1000,\"height\":1000,\"caption\":\"Stosy banknot\u00f3w o nominale 100 dolar\u00f3w s\u0105 ciasno zwi\u0105zane gumkami, u\u0142o\u017cone w rz\u0119dach.\"},{\"@type\":\"BreadcrumbList\",\"@id\":\"https:\\\/\\\/mistrzowieimprez.pl\\\/produkt\\\/rozbij-bank\\\/#breadcrumb\",\"itemListElement\":[{\"@type\":\"ListItem\",\"position\":1,\"name\":\"Strona g\u0142\u00f3wna\",\"item\":\"https:\\\/\\\/mistrzowieimprez.pl\\\/\"},{\"@type\":\"ListItem\",\"position\":2,\"name\":\"sklep\",\"item\":\"https:\\\/\\\/mistrzowieimprez.pl\\\/sklep\\\/\"},{\"@type\":\"ListItem\",\"position\":3,\"name\":\"Rozbij bank!\"}]},{\"@type\":\"WebSite\",\"@id\":\"https:\\\/\\\/mistrzowieimprez.pl\\\/#website\",\"url\":\"https:\\\/\\\/mistrzowieimprez.pl\\\/\",\"name\":\"Mistrzowie Imprez\",\"description\":\"Kompleksowa organizacja imprez\",\"publisher\":{\"@id\":\"https:\\\/\\\/mistrzowieimprez.pl\\\/#organization\"},\"potentialAction\":[{\"@type\":\"SearchAction\",\"target\":{\"@type\":\"EntryPoint\",\"urlTemplate\":\"https:\\\/\\\/mistrzowieimprez.pl\\\/?s={search_term_string}\"},\"query-input\":{\"@type\":\"PropertyValueSpecification\",\"valueRequired\":true,\"valueName\":\"search_term_string\"}}],\"inLanguage\":\"en-GB\"},{\"@type\":\"Organization\",\"@id\":\"https:\\\/\\\/mistrzowieimprez.pl\\\/#organization\",\"name\":\"Mistrzowie Imprez\",\"url\":\"https:\\\/\\\/mistrzowieimprez.pl\\\/\",\"logo\":{\"@type\":\"ImageObject\",\"inLanguage\":\"en-GB\",\"@id\":\"https:\\\/\\\/mistrzowieimprez.pl\\\/#\\\/schema\\\/logo\\\/image\\\/\",\"url\":\"https:\\\/\\\/mistrzowieimprez.pl\\\/wp-content\\\/uploads\\\/2024\\\/08\\\/mistrzowie_imprez_logo_ciemne-tlo@4x.png\",\"contentUrl\":\"https:\\\/\\\/mistrzowieimprez.pl\\\/wp-content\\\/uploads\\\/2024\\\/08\\\/mistrzowie_imprez_logo_ciemne-tlo@4x.png\",\"width\":1318,\"height\":351,\"caption\":\"Mistrzowie Imprez\"},\"image\":{\"@id\":\"https:\\\/\\\/mistrzowieimprez.pl\\\/#\\\/schema\\\/logo\\\/image\\\/\"},\"sameAs\":[\"https:\\\/\\\/www.facebook.com\\\/mistrzowieimprez\",\"https:\\\/\\\/www.instagram.com\\\/mistrzowieimprez\\\/\",\"https:\\\/\\\/www.youtube.com\\\/@ytmistrzowieimprez\"]}]}<\/script>\n<!-- \/ Yoast SEO plugin. -->","yoast_head_json":{"title":"Rozbij Bank \u2013 strategiczna gra integracyjna z licytacj\u0105 dla firm","robots":{"index":"index","follow":"follow","max-snippet":"max-snippet:-1","max-image-preview":"max-image-preview:large","max-video-preview":"max-video-preview:-1"},"canonical":"https:\/\/mistrzowieimprez.pl\/en\/product\/rozbij-bank\/","og_locale":"en_GB","og_type":"article","og_title":"Rozbij Bank \u2013 strategiczna gra integracyjna z licytacj\u0105 dla firm","og_description":"Zapraszamy do udzia\u0142u w grze \u201cRozbij Bank\u201d, kt\u00f3ra \u0142\u0105czy rywalizacj\u0119, strategiczne my\u015blenie i wsp\u00f3\u0142prac\u0119! Dru\u017cyny licytuj\u0105 got\u00f3wk\u0119, aby zdoby\u0107 prawo do odpowiedzi na pytania z r\u00f3\u017cnych kategorii, od sportu po nauk\u0119. To doskona\u0142a okazja do wzmocnienia wi\u0119zi w firmie i sprawdzenia swoich umiej\u0119tno\u015bci. Przygotujcie si\u0119 na emocjonuj\u0105ce do\u015bwiadczenie!","og_url":"https:\/\/mistrzowieimprez.pl\/en\/product\/rozbij-bank\/","og_site_name":"Mistrzowie Imprez","article_publisher":"https:\/\/www.facebook.com\/mistrzowieimprez","article_modified_time":"2026-03-31T21:09:16+00:00","og_image":[{"width":1000,"height":1000,"url":"https:\/\/mistrzowieimprez.pl\/wp-content\/uploads\/2024\/10\/rozbij-bank_.webp","type":"image\/webp"}],"twitter_card":"summary_large_image","twitter_misc":{"Estimated reading time":"1 minute"},"schema":{"@context":"https:\/\/schema.org","@graph":[{"@type":"WebPage","@id":"https:\/\/mistrzowieimprez.pl\/produkt\/rozbij-bank\/","url":"https:\/\/mistrzowieimprez.pl\/produkt\/rozbij-bank\/","name":"Rozbij Bank \u2013 strategiczna gra integracyjna z licytacj\u0105 dla firm","isPartOf":{"@id":"https:\/\/mistrzowieimprez.pl\/#website"},"primaryImageOfPage":{"@id":"https:\/\/mistrzowieimprez.pl\/produkt\/rozbij-bank\/#primaryimage"},"image":{"@id":"https:\/\/mistrzowieimprez.pl\/produkt\/rozbij-bank\/#primaryimage"},"thumbnailUrl":"https:\/\/mistrzowieimprez.pl\/wp-content\/uploads\/2024\/10\/rozbij-bank_.webp","datePublished":"2024-10-07T15:26:47+00:00","dateModified":"2026-03-31T21:09:16+00:00","breadcrumb":{"@id":"https:\/\/mistrzowieimprez.pl\/produkt\/rozbij-bank\/#breadcrumb"},"inLanguage":"en-GB","potentialAction":[{"@type":"ReadAction","target":["https:\/\/mistrzowieimprez.pl\/produkt\/rozbij-bank\/"]}]},{"@type":"ImageObject","inLanguage":"en-GB","@id":"https:\/\/mistrzowieimprez.pl\/produkt\/rozbij-bank\/#primaryimage","url":"https:\/\/mistrzowieimprez.pl\/wp-content\/uploads\/2024\/10\/rozbij-bank_.webp","contentUrl":"https:\/\/mistrzowieimprez.pl\/wp-content\/uploads\/2024\/10\/rozbij-bank_.webp","width":1000,"height":1000,"caption":"Stosy banknot\u00f3w o nominale 100 dolar\u00f3w s\u0105 ciasno zwi\u0105zane gumkami, u\u0142o\u017cone w rz\u0119dach."},{"@type":"BreadcrumbList","@id":"https:\/\/mistrzowieimprez.pl\/produkt\/rozbij-bank\/#breadcrumb","itemListElement":[{"@type":"ListItem","position":1,"name":"Strona g\u0142\u00f3wna","item":"https:\/\/mistrzowieimprez.pl\/"},{"@type":"ListItem","position":2,"name":"sklep","item":"https:\/\/mistrzowieimprez.pl\/sklep\/"},{"@type":"ListItem","position":3,"name":"Rozbij bank!"}]},{"@type":"WebSite","@id":"https:\/\/mistrzowieimprez.pl\/#website","url":"https:\/\/mistrzowieimprez.pl\/","name":"Mistrzowie Imprez","description":"Kompleksowa organizacja imprez","publisher":{"@id":"https:\/\/mistrzowieimprez.pl\/#organization"},"potentialAction":[{"@type":"SearchAction","target":{"@type":"EntryPoint","urlTemplate":"https:\/\/mistrzowieimprez.pl\/?s={search_term_string}"},"query-input":{"@type":"PropertyValueSpecification","valueRequired":true,"valueName":"search_term_string"}}],"inLanguage":"en-GB"},{"@type":"Organization","@id":"https:\/\/mistrzowieimprez.pl\/#organization","name":"Mistrzowie Imprez","url":"https:\/\/mistrzowieimprez.pl\/","logo":{"@type":"ImageObject","inLanguage":"en-GB","@id":"https:\/\/mistrzowieimprez.pl\/#\/schema\/logo\/image\/","url":"https:\/\/mistrzowieimprez.pl\/wp-content\/uploads\/2024\/08\/mistrzowie_imprez_logo_ciemne-tlo@4x.png","contentUrl":"https:\/\/mistrzowieimprez.pl\/wp-content\/uploads\/2024\/08\/mistrzowie_imprez_logo_ciemne-tlo@4x.png","width":1318,"height":351,"caption":"Mistrzowie Imprez"},"image":{"@id":"https:\/\/mistrzowieimprez.pl\/#\/schema\/logo\/image\/"},"sameAs":["https:\/\/www.facebook.com\/mistrzowieimprez","https:\/\/www.instagram.com\/mistrzowieimprez\/","https:\/\/www.youtube.com\/@ytmistrzowieimprez"]}]}},"_links":{"self":[{"href":"https:\/\/mistrzowieimprez.pl\/en\/wp-json\/wp\/v2\/product\/2351","targetHints":{"allow":["GET"]}}],"collection":[{"href":"https:\/\/mistrzowieimprez.pl\/en\/wp-json\/wp\/v2\/product"}],"about":[{"href":"https:\/\/mistrzowieimprez.pl\/en\/wp-json\/wp\/v2\/types\/product"}],"replies":[{"embeddable":true,"href":"https:\/\/mistrzowieimprez.pl\/en\/wp-json\/wp\/v2\/comments?post=2351"}],"version-history":[{"count":1,"href":"https:\/\/mistrzowieimprez.pl\/en\/wp-json\/wp\/v2\/product\/2351\/revisions"}],"predecessor-version":[{"id":2352,"href":"https:\/\/mistrzowieimprez.pl\/en\/wp-json\/wp\/v2\/product\/2351\/revisions\/2352"}],"wp:featuredmedia":[{"embeddable":true,"href":"https:\/\/mistrzowieimprez.pl\/en\/wp-json\/wp\/v2\/media\/2322"}],"wp:attachment":[{"href":"https:\/\/mistrzowieimprez.pl\/en\/wp-json\/wp\/v2\/media?parent=2351"}],"wp:term":[{"taxonomy":"product_brand","embeddable":true,"href":"https:\/\/mistrzowieimprez.pl\/en\/wp-json\/wp\/v2\/product_brand?post=2351"},{"taxonomy":"product_cat","embeddable":true,"href":"https:\/\/mistrzowieimprez.pl\/en\/wp-json\/wp\/v2\/product_cat?post=2351"},{"taxonomy":"product_tag","embeddable":true,"href":"https:\/\/mistrzowieimprez.pl\/en\/wp-json\/wp\/v2\/product_tag?post=2351"}],"curies":[{"name":"wp","href":"https:\/\/api.w.org\/{rel}","templated":true}]}}