{"id":2349,"date":"2024-10-07T15:23:22","date_gmt":"2024-10-07T15:23:22","guid":{"rendered":"https:\/\/mistrzowieimprez.pl\/?post_type=product&#038;p=2349"},"modified":"2026-03-31T21:08:49","modified_gmt":"2026-03-31T21:08:49","slug":"zagadka-zbrodni","status":"publish","type":"product","link":"https:\/\/mistrzowieimprez.pl\/en\/product\/zagadka-zbrodni\/","title":{"rendered":"Zagadka zbrodni"},"content":{"rendered":"<h4>Opis scenariusza:<\/h4>\n<p>&#8222;Zagadka Zbrodni&#8221; to intryguj\u0105ca gra kryminalna, kt\u00f3ra przenosi uczestnik\u00f3w w \u015bwiat tajemniczych wydarze\u0144, wstrz\u0105saj\u0105cych spo\u0142eczno\u015bci\u0105. Ka\u017cdy z graczy wciela si\u0119 w posta\u0107 powi\u0105zan\u0105 z miejscem zbrodni i okoliczno\u015bciami, kt\u00f3re do niej doprowadzi\u0142y. Zadaniem uczestnik\u00f3w jest zg\u0142\u0119bianie relacji mi\u0119dzy postaciami, odkrywanie kluczowych wskaz\u00f3wek i powoli odkrywanie tajemnicy morderstwa.<\/p>\n<p>Gra opiera si\u0119 na interakcjach z innymi graczami, analizie wydarze\u0144 oraz dedukcji \u2013 to w\u0142a\u015bnie one pomog\u0105 ustali\u0107, kto jest sprawc\u0105 i co nim kierowa\u0142o. &#8222;Zagadka Zbrodni&#8221; to \u015bwietna rozrywka, kt\u00f3ra anga\u017cuje graczy w pe\u0142ni, wymaga spostrzegawczo\u015bci, umiej\u0119tno\u015bci analizy informacji i dedukcji.<\/p>\n<p>Idealna jako dope\u0142nienie wieczoru tanecznego, zapewnia nie tylko emocjonuj\u0105c\u0105 rozrywk\u0119, ale r\u00f3wnie\u017c doskona\u0142\u0105 okazj\u0119 do integracji i wsp\u00f3lnego rozwi\u0105zywania zagadki, kt\u00f3ra do ko\u0144ca trzyma w napi\u0119ciu!<\/p>","protected":false},"excerpt":{"rendered":"<p>&#8222;Zagadka Zbrodni&#8221; to kryminalna gra, w kt\u00f3rej uczestnicy wcielaj\u0105 si\u0119 w postacie zwi\u0105zane z miejscem zbrodni. Poprzez interakcje, zbieranie wskaz\u00f3wek i analiz\u0119 wydarze\u0144, gracze musz\u0105 odkry\u0107 to\u017csamo\u015b\u0107 mordercy oraz jego motyw. Gra wymaga dedukcji, spostrzegawczo\u015bci i analizy, a \u015bwietnie sprawdza si\u0119 jako urozmaicenie wieczoru tanecznego.<\/p>","protected":false},"featured_media":2328,"comment_status":"open","ping_status":"closed","template":"","meta":{"_acf_changed":false},"product_brand":[],"product_cat":[96,94],"product_tag":[],"class_list":{"0":"post-2349","1":"product","2":"type-product","3":"status-publish","4":"has-post-thumbnail","6":"product_cat-indoor-team-building","7":"product_cat-team-building","9":"first","10":"instock","11":"shipping-taxable","12":"product-type-simple"},"acf":[],"yoast_head":"<!-- This site is optimized with the Yoast SEO plugin v27.5 - https:\/\/yoast.com\/product\/yoast-seo-wordpress\/ -->\n<title>Kto zabi\u0142? Rozwi\u0105\u017c Zagadk\u0119 Zbrodni i znajd\u017a morderc\u0119<\/title>\n<meta name=\"robots\" content=\"index, follow, max-snippet:-1, max-image-preview:large, max-video-preview:-1\" \/>\n<link rel=\"canonical\" href=\"https:\/\/mistrzowieimprez.pl\/en\/product\/zagadka-zbrodni\/\" \/>\n<meta property=\"og:locale\" content=\"en_GB\" \/>\n<meta property=\"og:type\" content=\"article\" \/>\n<meta property=\"og:title\" content=\"Kto zabi\u0142? Rozwi\u0105\u017c Zagadk\u0119 Zbrodni i znajd\u017a morderc\u0119\" \/>\n<meta property=\"og:description\" content=\"&quot;Zagadka Zbrodni&quot; to kryminalna gra, w kt\u00f3rej uczestnicy wcielaj\u0105 si\u0119 w postacie zwi\u0105zane z miejscem zbrodni. Poprzez interakcje, zbieranie wskaz\u00f3wek i analiz\u0119 wydarze\u0144, gracze musz\u0105 odkry\u0107 to\u017csamo\u015b\u0107 mordercy oraz jego motyw. Gra wymaga dedukcji, spostrzegawczo\u015bci i analizy, a \u015bwietnie sprawdza si\u0119 jako urozmaicenie wieczoru tanecznego.\" \/>\n<meta property=\"og:url\" content=\"https:\/\/mistrzowieimprez.pl\/en\/product\/zagadka-zbrodni\/\" \/>\n<meta property=\"og:site_name\" content=\"Mistrzowie Imprez\" \/>\n<meta property=\"article:publisher\" content=\"https:\/\/www.facebook.com\/mistrzowieimprez\" \/>\n<meta property=\"article:modified_time\" content=\"2026-03-31T21:08:49+00:00\" \/>\n<meta property=\"og:image\" content=\"https:\/\/mistrzowieimprez.pl\/wp-content\/uploads\/2024\/10\/zagadka-zbrodni.webp\" \/>\n\t<meta property=\"og:image:width\" content=\"1000\" \/>\n\t<meta property=\"og:image:height\" content=\"1000\" \/>\n\t<meta property=\"og:image:type\" content=\"image\/webp\" \/>\n<meta name=\"twitter:card\" content=\"summary_large_image\" \/>\n<meta name=\"twitter:label1\" content=\"Estimated reading time\" \/>\n\t<meta name=\"twitter:data1\" content=\"1 minute\" \/>\n<script type=\"application\/ld+json\" class=\"yoast-schema-graph\">{\"@context\":\"https:\\\/\\\/schema.org\",\"@graph\":[{\"@type\":\"WebPage\",\"@id\":\"https:\\\/\\\/mistrzowieimprez.pl\\\/produkt\\\/zagadka-zbrodni\\\/\",\"url\":\"https:\\\/\\\/mistrzowieimprez.pl\\\/produkt\\\/zagadka-zbrodni\\\/\",\"name\":\"Kto zabi\u0142? Rozwi\u0105\u017c Zagadk\u0119 Zbrodni i znajd\u017a morderc\u0119\",\"isPartOf\":{\"@id\":\"https:\\\/\\\/mistrzowieimprez.pl\\\/#website\"},\"primaryImageOfPage\":{\"@id\":\"https:\\\/\\\/mistrzowieimprez.pl\\\/produkt\\\/zagadka-zbrodni\\\/#primaryimage\"},\"image\":{\"@id\":\"https:\\\/\\\/mistrzowieimprez.pl\\\/produkt\\\/zagadka-zbrodni\\\/#primaryimage\"},\"thumbnailUrl\":\"https:\\\/\\\/mistrzowieimprez.pl\\\/wp-content\\\/uploads\\\/2024\\\/10\\\/zagadka-zbrodni.webp\",\"datePublished\":\"2024-10-07T15:23:22+00:00\",\"dateModified\":\"2026-03-31T21:08:49+00:00\",\"breadcrumb\":{\"@id\":\"https:\\\/\\\/mistrzowieimprez.pl\\\/produkt\\\/zagadka-zbrodni\\\/#breadcrumb\"},\"inLanguage\":\"en-GB\",\"potentialAction\":[{\"@type\":\"ReadAction\",\"target\":[\"https:\\\/\\\/mistrzowieimprez.pl\\\/produkt\\\/zagadka-zbrodni\\\/\"]}]},{\"@type\":\"ImageObject\",\"inLanguage\":\"en-GB\",\"@id\":\"https:\\\/\\\/mistrzowieimprez.pl\\\/produkt\\\/zagadka-zbrodni\\\/#primaryimage\",\"url\":\"https:\\\/\\\/mistrzowieimprez.pl\\\/wp-content\\\/uploads\\\/2024\\\/10\\\/zagadka-zbrodni.webp\",\"contentUrl\":\"https:\\\/\\\/mistrzowieimprez.pl\\\/wp-content\\\/uploads\\\/2024\\\/10\\\/zagadka-zbrodni.webp\",\"width\":1000,\"height\":1000,\"caption\":\"Zdj\u0119cie przedstawia tablic\u0119 detektywistyczn\u0105 z odciskami palc\u00f3w, fotografiami i notatkami, po\u0142\u0105czonymi czerwon\u0105 nici\u0105.\"},{\"@type\":\"BreadcrumbList\",\"@id\":\"https:\\\/\\\/mistrzowieimprez.pl\\\/produkt\\\/zagadka-zbrodni\\\/#breadcrumb\",\"itemListElement\":[{\"@type\":\"ListItem\",\"position\":1,\"name\":\"Strona g\u0142\u00f3wna\",\"item\":\"https:\\\/\\\/mistrzowieimprez.pl\\\/\"},{\"@type\":\"ListItem\",\"position\":2,\"name\":\"sklep\",\"item\":\"https:\\\/\\\/mistrzowieimprez.pl\\\/sklep\\\/\"},{\"@type\":\"ListItem\",\"position\":3,\"name\":\"Zagadka zbrodni\"}]},{\"@type\":\"WebSite\",\"@id\":\"https:\\\/\\\/mistrzowieimprez.pl\\\/#website\",\"url\":\"https:\\\/\\\/mistrzowieimprez.pl\\\/\",\"name\":\"Mistrzowie Imprez\",\"description\":\"Kompleksowa organizacja imprez\",\"publisher\":{\"@id\":\"https:\\\/\\\/mistrzowieimprez.pl\\\/#organization\"},\"potentialAction\":[{\"@type\":\"SearchAction\",\"target\":{\"@type\":\"EntryPoint\",\"urlTemplate\":\"https:\\\/\\\/mistrzowieimprez.pl\\\/?s={search_term_string}\"},\"query-input\":{\"@type\":\"PropertyValueSpecification\",\"valueRequired\":true,\"valueName\":\"search_term_string\"}}],\"inLanguage\":\"en-GB\"},{\"@type\":\"Organization\",\"@id\":\"https:\\\/\\\/mistrzowieimprez.pl\\\/#organization\",\"name\":\"Mistrzowie Imprez\",\"url\":\"https:\\\/\\\/mistrzowieimprez.pl\\\/\",\"logo\":{\"@type\":\"ImageObject\",\"inLanguage\":\"en-GB\",\"@id\":\"https:\\\/\\\/mistrzowieimprez.pl\\\/#\\\/schema\\\/logo\\\/image\\\/\",\"url\":\"https:\\\/\\\/mistrzowieimprez.pl\\\/wp-content\\\/uploads\\\/2024\\\/08\\\/mistrzowie_imprez_logo_ciemne-tlo@4x.png\",\"contentUrl\":\"https:\\\/\\\/mistrzowieimprez.pl\\\/wp-content\\\/uploads\\\/2024\\\/08\\\/mistrzowie_imprez_logo_ciemne-tlo@4x.png\",\"width\":1318,\"height\":351,\"caption\":\"Mistrzowie Imprez\"},\"image\":{\"@id\":\"https:\\\/\\\/mistrzowieimprez.pl\\\/#\\\/schema\\\/logo\\\/image\\\/\"},\"sameAs\":[\"https:\\\/\\\/www.facebook.com\\\/mistrzowieimprez\",\"https:\\\/\\\/www.instagram.com\\\/mistrzowieimprez\\\/\",\"https:\\\/\\\/www.youtube.com\\\/@ytmistrzowieimprez\"]}]}<\/script>\n<!-- \/ Yoast SEO plugin. -->","yoast_head_json":{"title":"Kto zabi\u0142? Rozwi\u0105\u017c Zagadk\u0119 Zbrodni i znajd\u017a morderc\u0119","robots":{"index":"index","follow":"follow","max-snippet":"max-snippet:-1","max-image-preview":"max-image-preview:large","max-video-preview":"max-video-preview:-1"},"canonical":"https:\/\/mistrzowieimprez.pl\/en\/product\/zagadka-zbrodni\/","og_locale":"en_GB","og_type":"article","og_title":"Kto zabi\u0142? Rozwi\u0105\u017c Zagadk\u0119 Zbrodni i znajd\u017a morderc\u0119","og_description":"\"Zagadka Zbrodni\" to kryminalna gra, w kt\u00f3rej uczestnicy wcielaj\u0105 si\u0119 w postacie zwi\u0105zane z miejscem zbrodni. Poprzez interakcje, zbieranie wskaz\u00f3wek i analiz\u0119 wydarze\u0144, gracze musz\u0105 odkry\u0107 to\u017csamo\u015b\u0107 mordercy oraz jego motyw. Gra wymaga dedukcji, spostrzegawczo\u015bci i analizy, a \u015bwietnie sprawdza si\u0119 jako urozmaicenie wieczoru tanecznego.","og_url":"https:\/\/mistrzowieimprez.pl\/en\/product\/zagadka-zbrodni\/","og_site_name":"Mistrzowie Imprez","article_publisher":"https:\/\/www.facebook.com\/mistrzowieimprez","article_modified_time":"2026-03-31T21:08:49+00:00","og_image":[{"width":1000,"height":1000,"url":"https:\/\/mistrzowieimprez.pl\/wp-content\/uploads\/2024\/10\/zagadka-zbrodni.webp","type":"image\/webp"}],"twitter_card":"summary_large_image","twitter_misc":{"Estimated reading time":"1 minute"},"schema":{"@context":"https:\/\/schema.org","@graph":[{"@type":"WebPage","@id":"https:\/\/mistrzowieimprez.pl\/produkt\/zagadka-zbrodni\/","url":"https:\/\/mistrzowieimprez.pl\/produkt\/zagadka-zbrodni\/","name":"Kto zabi\u0142? Rozwi\u0105\u017c Zagadk\u0119 Zbrodni i znajd\u017a morderc\u0119","isPartOf":{"@id":"https:\/\/mistrzowieimprez.pl\/#website"},"primaryImageOfPage":{"@id":"https:\/\/mistrzowieimprez.pl\/produkt\/zagadka-zbrodni\/#primaryimage"},"image":{"@id":"https:\/\/mistrzowieimprez.pl\/produkt\/zagadka-zbrodni\/#primaryimage"},"thumbnailUrl":"https:\/\/mistrzowieimprez.pl\/wp-content\/uploads\/2024\/10\/zagadka-zbrodni.webp","datePublished":"2024-10-07T15:23:22+00:00","dateModified":"2026-03-31T21:08:49+00:00","breadcrumb":{"@id":"https:\/\/mistrzowieimprez.pl\/produkt\/zagadka-zbrodni\/#breadcrumb"},"inLanguage":"en-GB","potentialAction":[{"@type":"ReadAction","target":["https:\/\/mistrzowieimprez.pl\/produkt\/zagadka-zbrodni\/"]}]},{"@type":"ImageObject","inLanguage":"en-GB","@id":"https:\/\/mistrzowieimprez.pl\/produkt\/zagadka-zbrodni\/#primaryimage","url":"https:\/\/mistrzowieimprez.pl\/wp-content\/uploads\/2024\/10\/zagadka-zbrodni.webp","contentUrl":"https:\/\/mistrzowieimprez.pl\/wp-content\/uploads\/2024\/10\/zagadka-zbrodni.webp","width":1000,"height":1000,"caption":"Zdj\u0119cie przedstawia tablic\u0119 detektywistyczn\u0105 z odciskami palc\u00f3w, fotografiami i notatkami, po\u0142\u0105czonymi czerwon\u0105 nici\u0105."},{"@type":"BreadcrumbList","@id":"https:\/\/mistrzowieimprez.pl\/produkt\/zagadka-zbrodni\/#breadcrumb","itemListElement":[{"@type":"ListItem","position":1,"name":"Strona g\u0142\u00f3wna","item":"https:\/\/mistrzowieimprez.pl\/"},{"@type":"ListItem","position":2,"name":"sklep","item":"https:\/\/mistrzowieimprez.pl\/sklep\/"},{"@type":"ListItem","position":3,"name":"Zagadka zbrodni"}]},{"@type":"WebSite","@id":"https:\/\/mistrzowieimprez.pl\/#website","url":"https:\/\/mistrzowieimprez.pl\/","name":"Mistrzowie Imprez","description":"Kompleksowa organizacja imprez","publisher":{"@id":"https:\/\/mistrzowieimprez.pl\/#organization"},"potentialAction":[{"@type":"SearchAction","target":{"@type":"EntryPoint","urlTemplate":"https:\/\/mistrzowieimprez.pl\/?s={search_term_string}"},"query-input":{"@type":"PropertyValueSpecification","valueRequired":true,"valueName":"search_term_string"}}],"inLanguage":"en-GB"},{"@type":"Organization","@id":"https:\/\/mistrzowieimprez.pl\/#organization","name":"Mistrzowie Imprez","url":"https:\/\/mistrzowieimprez.pl\/","logo":{"@type":"ImageObject","inLanguage":"en-GB","@id":"https:\/\/mistrzowieimprez.pl\/#\/schema\/logo\/image\/","url":"https:\/\/mistrzowieimprez.pl\/wp-content\/uploads\/2024\/08\/mistrzowie_imprez_logo_ciemne-tlo@4x.png","contentUrl":"https:\/\/mistrzowieimprez.pl\/wp-content\/uploads\/2024\/08\/mistrzowie_imprez_logo_ciemne-tlo@4x.png","width":1318,"height":351,"caption":"Mistrzowie Imprez"},"image":{"@id":"https:\/\/mistrzowieimprez.pl\/#\/schema\/logo\/image\/"},"sameAs":["https:\/\/www.facebook.com\/mistrzowieimprez","https:\/\/www.instagram.com\/mistrzowieimprez\/","https:\/\/www.youtube.com\/@ytmistrzowieimprez"]}]}},"_links":{"self":[{"href":"https:\/\/mistrzowieimprez.pl\/en\/wp-json\/wp\/v2\/product\/2349","targetHints":{"allow":["GET"]}}],"collection":[{"href":"https:\/\/mistrzowieimprez.pl\/en\/wp-json\/wp\/v2\/product"}],"about":[{"href":"https:\/\/mistrzowieimprez.pl\/en\/wp-json\/wp\/v2\/types\/product"}],"replies":[{"embeddable":true,"href":"https:\/\/mistrzowieimprez.pl\/en\/wp-json\/wp\/v2\/comments?post=2349"}],"version-history":[{"count":1,"href":"https:\/\/mistrzowieimprez.pl\/en\/wp-json\/wp\/v2\/product\/2349\/revisions"}],"predecessor-version":[{"id":2350,"href":"https:\/\/mistrzowieimprez.pl\/en\/wp-json\/wp\/v2\/product\/2349\/revisions\/2350"}],"wp:featuredmedia":[{"embeddable":true,"href":"https:\/\/mistrzowieimprez.pl\/en\/wp-json\/wp\/v2\/media\/2328"}],"wp:attachment":[{"href":"https:\/\/mistrzowieimprez.pl\/en\/wp-json\/wp\/v2\/media?parent=2349"}],"wp:term":[{"taxonomy":"product_brand","embeddable":true,"href":"https:\/\/mistrzowieimprez.pl\/en\/wp-json\/wp\/v2\/product_brand?post=2349"},{"taxonomy":"product_cat","embeddable":true,"href":"https:\/\/mistrzowieimprez.pl\/en\/wp-json\/wp\/v2\/product_cat?post=2349"},{"taxonomy":"product_tag","embeddable":true,"href":"https:\/\/mistrzowieimprez.pl\/en\/wp-json\/wp\/v2\/product_tag?post=2349"}],"curies":[{"name":"wp","href":"https:\/\/api.w.org\/{rel}","templated":true}]}}