{"id":2344,"date":"2024-10-07T15:13:05","date_gmt":"2024-10-07T15:13:05","guid":{"rendered":"https:\/\/mistrzowieimprez.pl\/?post_type=product&#038;p=2344"},"modified":"2026-03-31T21:08:00","modified_gmt":"2026-03-31T21:08:00","slug":"plan-filmowy","status":"publish","type":"product","link":"https:\/\/mistrzowieimprez.pl\/en\/product\/plan-filmowy\/","title":{"rendered":"Plan filmowy"},"content":{"rendered":"<h4>Opis scenariusza:<\/h4>\n<div class=\"flex max-w-full flex-col flex-grow\">\n<div class=\"min-h-8 text-message flex w-full flex-col items-end gap-2 whitespace-normal break-words [.text-message+&amp;]:mt-5\" dir=\"auto\" data-message-author-role=\"assistant\" data-message-id=\"0a747915-b59b-4306-88fe-dcc3e8c4661b\">\n<div class=\"flex w-full flex-col gap-1 empty:hidden first:pt-[3px]\">\n<div class=\"markdown prose w-full break-words dark:prose-invert dark\">\n<p>Przenie\u015bcie si\u0119 w \u015bwiat filmu i we\u017acie udzia\u0142 w wyj\u0105tkowej integracji, kt\u00f3ra pozwoli Wam poczu\u0107 si\u0119 jak prawdziwi filmowcy! Ka\u017cdy zesp\u00f3\u0142 b\u0119dzie mia\u0142 szans\u0119 stworzy\u0107 w\u0142asn\u0105, kr\u00f3tk\u0105 produkcj\u0119, pe\u0142ni\u0105c role re\u017cysera, scenarzysty, operatora kamery, a przede wszystkim aktora. Tematyka film\u00f3w jest dowolna \u2013 mo\u017cecie przenie\u015b\u0107 si\u0119 w \u015bwiat superbohater\u00f3w, odtworzy\u0107 klimat PRL-u, a nawet wybra\u0107 si\u0119 w kosmiczne podr\u00f3\u017ce!<\/p>\n<p>Uczestnicy otrzymaj\u0105 gotowy scenariusz, rekwizyty oraz wsparcie techniczne i artystyczne naszych instruktor\u00f3w, kt\u00f3rzy pomog\u0105 Wam na ka\u017cdym etapie tworzenia filmu. Po nagraniu materia\u0142y zostan\u0105 profesjonalnie zmontowane, a Wasze produkcje zaprezentowane podczas uroczystej wieczornej premiery \u2013 to idealny moment na integracj\u0119 zespo\u0142u i wsp\u00f3lne \u015bwi\u0119towanie!<\/p>\n<p>Filmowa integracja to nie tylko doskona\u0142a zabawa, ale r\u00f3wnie\u017c spos\u00f3b na rozwijanie kreatywno\u015bci, odkrywanie ukrytych talent\u00f3w i budowanie relacji w zespole. <strong>Kameraaaa, akcja!<\/strong><\/p>\n<\/div>\n<\/div>\n<\/div>\n<\/div>\n","protected":false},"excerpt":{"rendered":"<p>Zapraszamy na integracj\u0119 w filmowym stylu! Ka\u017cdy zesp\u00f3\u0142 stworzy w\u0142asn\u0105 produkcj\u0119, wcielaj\u0105c si\u0119 w rol\u0119 re\u017cysera, scenarzysty i aktora. Do wyboru r\u00f3\u017cnorodne tematy, od super bohater\u00f3w po kosmiczne podr\u00f3\u017ce. Po profesjonalnym monta\u017cu filmy zostan\u0105 zaprezentowane podczas wieczornej premiery. To \u015bwietna okazja do integracji, kreatywno\u015bci i odkrywania talent\u00f3w!<\/p>","protected":false},"featured_media":2307,"comment_status":"open","ping_status":"closed","template":"","meta":{"_acf_changed":false},"product_brand":[],"product_cat":[95,94],"product_tag":[],"class_list":{"0":"post-2344","1":"product","2":"type-product","3":"status-publish","4":"has-post-thumbnail","6":"product_cat-outdoor-team-building","7":"product_cat-team-building","9":"first","10":"instock","11":"shipping-taxable","12":"product-type-simple"},"acf":[],"yoast_head":"<!-- This site is optimized with the Yoast SEO plugin v27.5 - https:\/\/yoast.com\/product\/yoast-seo-wordpress\/ -->\n<title>Kamera, akcja! Zosta\u0144 gwiazd\u0105 kina, stw\u00f3rz hit z premier\u0105<\/title>\n<meta name=\"robots\" content=\"index, follow, max-snippet:-1, max-image-preview:large, max-video-preview:-1\" \/>\n<link rel=\"canonical\" href=\"https:\/\/mistrzowieimprez.pl\/en\/product\/plan-filmowy\/\" \/>\n<meta property=\"og:locale\" content=\"en_GB\" \/>\n<meta property=\"og:type\" content=\"article\" \/>\n<meta property=\"og:title\" content=\"Kamera, akcja! Zosta\u0144 gwiazd\u0105 kina, stw\u00f3rz hit z premier\u0105\" \/>\n<meta property=\"og:description\" content=\"Zapraszamy na integracj\u0119 w filmowym stylu! Ka\u017cdy zesp\u00f3\u0142 stworzy w\u0142asn\u0105 produkcj\u0119, wcielaj\u0105c si\u0119 w rol\u0119 re\u017cysera, scenarzysty i aktora. Do wyboru r\u00f3\u017cnorodne tematy, od super bohater\u00f3w po kosmiczne podr\u00f3\u017ce. Po profesjonalnym monta\u017cu filmy zostan\u0105 zaprezentowane podczas wieczornej premiery. To \u015bwietna okazja do integracji, kreatywno\u015bci i odkrywania talent\u00f3w!\" \/>\n<meta property=\"og:url\" content=\"https:\/\/mistrzowieimprez.pl\/en\/product\/plan-filmowy\/\" \/>\n<meta property=\"og:site_name\" content=\"Mistrzowie Imprez\" \/>\n<meta property=\"article:publisher\" content=\"https:\/\/www.facebook.com\/mistrzowieimprez\" \/>\n<meta property=\"article:modified_time\" content=\"2026-03-31T21:08:00+00:00\" \/>\n<meta property=\"og:image\" content=\"https:\/\/mistrzowieimprez.pl\/wp-content\/uploads\/2024\/10\/plan-filmowy.webp\" \/>\n\t<meta property=\"og:image:width\" content=\"1000\" \/>\n\t<meta property=\"og:image:height\" content=\"1000\" \/>\n\t<meta property=\"og:image:type\" content=\"image\/webp\" \/>\n<meta name=\"twitter:card\" content=\"summary_large_image\" \/>\n<meta name=\"twitter:label1\" content=\"Estimated reading time\" \/>\n\t<meta name=\"twitter:data1\" content=\"1 minute\" \/>\n<script type=\"application\/ld+json\" class=\"yoast-schema-graph\">{\"@context\":\"https:\\\/\\\/schema.org\",\"@graph\":[{\"@type\":\"WebPage\",\"@id\":\"https:\\\/\\\/mistrzowieimprez.pl\\\/produkt\\\/plan-filmowy\\\/\",\"url\":\"https:\\\/\\\/mistrzowieimprez.pl\\\/produkt\\\/plan-filmowy\\\/\",\"name\":\"Kamera, akcja! Zosta\u0144 gwiazd\u0105 kina, stw\u00f3rz hit z premier\u0105\",\"isPartOf\":{\"@id\":\"https:\\\/\\\/mistrzowieimprez.pl\\\/#website\"},\"primaryImageOfPage\":{\"@id\":\"https:\\\/\\\/mistrzowieimprez.pl\\\/produkt\\\/plan-filmowy\\\/#primaryimage\"},\"image\":{\"@id\":\"https:\\\/\\\/mistrzowieimprez.pl\\\/produkt\\\/plan-filmowy\\\/#primaryimage\"},\"thumbnailUrl\":\"https:\\\/\\\/mistrzowieimprez.pl\\\/wp-content\\\/uploads\\\/2024\\\/10\\\/plan-filmowy.webp\",\"datePublished\":\"2024-10-07T15:13:05+00:00\",\"dateModified\":\"2026-03-31T21:08:00+00:00\",\"breadcrumb\":{\"@id\":\"https:\\\/\\\/mistrzowieimprez.pl\\\/produkt\\\/plan-filmowy\\\/#breadcrumb\"},\"inLanguage\":\"en-GB\",\"potentialAction\":[{\"@type\":\"ReadAction\",\"target\":[\"https:\\\/\\\/mistrzowieimprez.pl\\\/produkt\\\/plan-filmowy\\\/\"]}]},{\"@type\":\"ImageObject\",\"inLanguage\":\"en-GB\",\"@id\":\"https:\\\/\\\/mistrzowieimprez.pl\\\/produkt\\\/plan-filmowy\\\/#primaryimage\",\"url\":\"https:\\\/\\\/mistrzowieimprez.pl\\\/wp-content\\\/uploads\\\/2024\\\/10\\\/plan-filmowy.webp\",\"contentUrl\":\"https:\\\/\\\/mistrzowieimprez.pl\\\/wp-content\\\/uploads\\\/2024\\\/10\\\/plan-filmowy.webp\",\"width\":1000,\"height\":1000,\"caption\":\"Dwie u\u015bmiechni\u0119te kobiety uczestnicz\u0105 w zabawnej scence stylizowanej na imprez\u0119, z rekwizytami i kolorowymi akcesoriami, trzymaj\u0105c ramk\u0119 z napisem nasza impreza!.\"},{\"@type\":\"BreadcrumbList\",\"@id\":\"https:\\\/\\\/mistrzowieimprez.pl\\\/produkt\\\/plan-filmowy\\\/#breadcrumb\",\"itemListElement\":[{\"@type\":\"ListItem\",\"position\":1,\"name\":\"Strona g\u0142\u00f3wna\",\"item\":\"https:\\\/\\\/mistrzowieimprez.pl\\\/\"},{\"@type\":\"ListItem\",\"position\":2,\"name\":\"sklep\",\"item\":\"https:\\\/\\\/mistrzowieimprez.pl\\\/sklep\\\/\"},{\"@type\":\"ListItem\",\"position\":3,\"name\":\"Plan filmowy\"}]},{\"@type\":\"WebSite\",\"@id\":\"https:\\\/\\\/mistrzowieimprez.pl\\\/#website\",\"url\":\"https:\\\/\\\/mistrzowieimprez.pl\\\/\",\"name\":\"Mistrzowie Imprez\",\"description\":\"Kompleksowa organizacja imprez\",\"publisher\":{\"@id\":\"https:\\\/\\\/mistrzowieimprez.pl\\\/#organization\"},\"potentialAction\":[{\"@type\":\"SearchAction\",\"target\":{\"@type\":\"EntryPoint\",\"urlTemplate\":\"https:\\\/\\\/mistrzowieimprez.pl\\\/?s={search_term_string}\"},\"query-input\":{\"@type\":\"PropertyValueSpecification\",\"valueRequired\":true,\"valueName\":\"search_term_string\"}}],\"inLanguage\":\"en-GB\"},{\"@type\":\"Organization\",\"@id\":\"https:\\\/\\\/mistrzowieimprez.pl\\\/#organization\",\"name\":\"Mistrzowie Imprez\",\"url\":\"https:\\\/\\\/mistrzowieimprez.pl\\\/\",\"logo\":{\"@type\":\"ImageObject\",\"inLanguage\":\"en-GB\",\"@id\":\"https:\\\/\\\/mistrzowieimprez.pl\\\/#\\\/schema\\\/logo\\\/image\\\/\",\"url\":\"https:\\\/\\\/mistrzowieimprez.pl\\\/wp-content\\\/uploads\\\/2024\\\/08\\\/mistrzowie_imprez_logo_ciemne-tlo@4x.png\",\"contentUrl\":\"https:\\\/\\\/mistrzowieimprez.pl\\\/wp-content\\\/uploads\\\/2024\\\/08\\\/mistrzowie_imprez_logo_ciemne-tlo@4x.png\",\"width\":1318,\"height\":351,\"caption\":\"Mistrzowie Imprez\"},\"image\":{\"@id\":\"https:\\\/\\\/mistrzowieimprez.pl\\\/#\\\/schema\\\/logo\\\/image\\\/\"},\"sameAs\":[\"https:\\\/\\\/www.facebook.com\\\/mistrzowieimprez\",\"https:\\\/\\\/www.instagram.com\\\/mistrzowieimprez\\\/\",\"https:\\\/\\\/www.youtube.com\\\/@ytmistrzowieimprez\"]}]}<\/script>\n<!-- \/ Yoast SEO plugin. -->","yoast_head_json":{"title":"Kamera, akcja! Zosta\u0144 gwiazd\u0105 kina, stw\u00f3rz hit z premier\u0105","robots":{"index":"index","follow":"follow","max-snippet":"max-snippet:-1","max-image-preview":"max-image-preview:large","max-video-preview":"max-video-preview:-1"},"canonical":"https:\/\/mistrzowieimprez.pl\/en\/product\/plan-filmowy\/","og_locale":"en_GB","og_type":"article","og_title":"Kamera, akcja! Zosta\u0144 gwiazd\u0105 kina, stw\u00f3rz hit z premier\u0105","og_description":"Zapraszamy na integracj\u0119 w filmowym stylu! Ka\u017cdy zesp\u00f3\u0142 stworzy w\u0142asn\u0105 produkcj\u0119, wcielaj\u0105c si\u0119 w rol\u0119 re\u017cysera, scenarzysty i aktora. Do wyboru r\u00f3\u017cnorodne tematy, od super bohater\u00f3w po kosmiczne podr\u00f3\u017ce. Po profesjonalnym monta\u017cu filmy zostan\u0105 zaprezentowane podczas wieczornej premiery. To \u015bwietna okazja do integracji, kreatywno\u015bci i odkrywania talent\u00f3w!","og_url":"https:\/\/mistrzowieimprez.pl\/en\/product\/plan-filmowy\/","og_site_name":"Mistrzowie Imprez","article_publisher":"https:\/\/www.facebook.com\/mistrzowieimprez","article_modified_time":"2026-03-31T21:08:00+00:00","og_image":[{"width":1000,"height":1000,"url":"https:\/\/mistrzowieimprez.pl\/wp-content\/uploads\/2024\/10\/plan-filmowy.webp","type":"image\/webp"}],"twitter_card":"summary_large_image","twitter_misc":{"Estimated reading time":"1 minute"},"schema":{"@context":"https:\/\/schema.org","@graph":[{"@type":"WebPage","@id":"https:\/\/mistrzowieimprez.pl\/produkt\/plan-filmowy\/","url":"https:\/\/mistrzowieimprez.pl\/produkt\/plan-filmowy\/","name":"Kamera, akcja! Zosta\u0144 gwiazd\u0105 kina, stw\u00f3rz hit z premier\u0105","isPartOf":{"@id":"https:\/\/mistrzowieimprez.pl\/#website"},"primaryImageOfPage":{"@id":"https:\/\/mistrzowieimprez.pl\/produkt\/plan-filmowy\/#primaryimage"},"image":{"@id":"https:\/\/mistrzowieimprez.pl\/produkt\/plan-filmowy\/#primaryimage"},"thumbnailUrl":"https:\/\/mistrzowieimprez.pl\/wp-content\/uploads\/2024\/10\/plan-filmowy.webp","datePublished":"2024-10-07T15:13:05+00:00","dateModified":"2026-03-31T21:08:00+00:00","breadcrumb":{"@id":"https:\/\/mistrzowieimprez.pl\/produkt\/plan-filmowy\/#breadcrumb"},"inLanguage":"en-GB","potentialAction":[{"@type":"ReadAction","target":["https:\/\/mistrzowieimprez.pl\/produkt\/plan-filmowy\/"]}]},{"@type":"ImageObject","inLanguage":"en-GB","@id":"https:\/\/mistrzowieimprez.pl\/produkt\/plan-filmowy\/#primaryimage","url":"https:\/\/mistrzowieimprez.pl\/wp-content\/uploads\/2024\/10\/plan-filmowy.webp","contentUrl":"https:\/\/mistrzowieimprez.pl\/wp-content\/uploads\/2024\/10\/plan-filmowy.webp","width":1000,"height":1000,"caption":"Dwie u\u015bmiechni\u0119te kobiety uczestnicz\u0105 w zabawnej scence stylizowanej na imprez\u0119, z rekwizytami i kolorowymi akcesoriami, trzymaj\u0105c ramk\u0119 z napisem nasza impreza!."},{"@type":"BreadcrumbList","@id":"https:\/\/mistrzowieimprez.pl\/produkt\/plan-filmowy\/#breadcrumb","itemListElement":[{"@type":"ListItem","position":1,"name":"Strona g\u0142\u00f3wna","item":"https:\/\/mistrzowieimprez.pl\/"},{"@type":"ListItem","position":2,"name":"sklep","item":"https:\/\/mistrzowieimprez.pl\/sklep\/"},{"@type":"ListItem","position":3,"name":"Plan filmowy"}]},{"@type":"WebSite","@id":"https:\/\/mistrzowieimprez.pl\/#website","url":"https:\/\/mistrzowieimprez.pl\/","name":"Mistrzowie Imprez","description":"Kompleksowa organizacja imprez","publisher":{"@id":"https:\/\/mistrzowieimprez.pl\/#organization"},"potentialAction":[{"@type":"SearchAction","target":{"@type":"EntryPoint","urlTemplate":"https:\/\/mistrzowieimprez.pl\/?s={search_term_string}"},"query-input":{"@type":"PropertyValueSpecification","valueRequired":true,"valueName":"search_term_string"}}],"inLanguage":"en-GB"},{"@type":"Organization","@id":"https:\/\/mistrzowieimprez.pl\/#organization","name":"Mistrzowie Imprez","url":"https:\/\/mistrzowieimprez.pl\/","logo":{"@type":"ImageObject","inLanguage":"en-GB","@id":"https:\/\/mistrzowieimprez.pl\/#\/schema\/logo\/image\/","url":"https:\/\/mistrzowieimprez.pl\/wp-content\/uploads\/2024\/08\/mistrzowie_imprez_logo_ciemne-tlo@4x.png","contentUrl":"https:\/\/mistrzowieimprez.pl\/wp-content\/uploads\/2024\/08\/mistrzowie_imprez_logo_ciemne-tlo@4x.png","width":1318,"height":351,"caption":"Mistrzowie Imprez"},"image":{"@id":"https:\/\/mistrzowieimprez.pl\/#\/schema\/logo\/image\/"},"sameAs":["https:\/\/www.facebook.com\/mistrzowieimprez","https:\/\/www.instagram.com\/mistrzowieimprez\/","https:\/\/www.youtube.com\/@ytmistrzowieimprez"]}]}},"_links":{"self":[{"href":"https:\/\/mistrzowieimprez.pl\/en\/wp-json\/wp\/v2\/product\/2344","targetHints":{"allow":["GET"]}}],"collection":[{"href":"https:\/\/mistrzowieimprez.pl\/en\/wp-json\/wp\/v2\/product"}],"about":[{"href":"https:\/\/mistrzowieimprez.pl\/en\/wp-json\/wp\/v2\/types\/product"}],"replies":[{"embeddable":true,"href":"https:\/\/mistrzowieimprez.pl\/en\/wp-json\/wp\/v2\/comments?post=2344"}],"version-history":[{"count":1,"href":"https:\/\/mistrzowieimprez.pl\/en\/wp-json\/wp\/v2\/product\/2344\/revisions"}],"predecessor-version":[{"id":2345,"href":"https:\/\/mistrzowieimprez.pl\/en\/wp-json\/wp\/v2\/product\/2344\/revisions\/2345"}],"wp:featuredmedia":[{"embeddable":true,"href":"https:\/\/mistrzowieimprez.pl\/en\/wp-json\/wp\/v2\/media\/2307"}],"wp:attachment":[{"href":"https:\/\/mistrzowieimprez.pl\/en\/wp-json\/wp\/v2\/media?parent=2344"}],"wp:term":[{"taxonomy":"product_brand","embeddable":true,"href":"https:\/\/mistrzowieimprez.pl\/en\/wp-json\/wp\/v2\/product_brand?post=2344"},{"taxonomy":"product_cat","embeddable":true,"href":"https:\/\/mistrzowieimprez.pl\/en\/wp-json\/wp\/v2\/product_cat?post=2344"},{"taxonomy":"product_tag","embeddable":true,"href":"https:\/\/mistrzowieimprez.pl\/en\/wp-json\/wp\/v2\/product_tag?post=2344"}],"curies":[{"name":"wp","href":"https:\/\/api.w.org\/{rel}","templated":true}]}}