{"id":2341,"date":"2024-10-07T15:07:33","date_gmt":"2024-10-07T15:07:33","guid":{"rendered":"https:\/\/mistrzowieimprez.pl\/?post_type=product&#038;p=2341"},"modified":"2026-03-31T21:07:29","modified_gmt":"2026-03-31T21:07:29","slug":"prawo-jazdy-xxl","status":"publish","type":"product","link":"https:\/\/mistrzowieimprez.pl\/en\/product\/prawo-jazdy-xxl\/","title":{"rendered":"Prawo jazdy XXL"},"content":{"rendered":"<h4>Opis scenariusza:<\/h4>\n<p>Scenariusz &#8222;Prawo Jazdy XXL&#8221; to nietuzinkowa wersja egzaminu na prawo jazdy, kt\u00f3ra znacznie odbiega od klasycznego sprawdzianu preferowanego przez pa\u0144stwowych egzaminator\u00f3w. Tutaj nie znajdziesz egzaminu teoretycznego \u2013 zamiast tego postawili\u015bmy na maksymaln\u0105 dawk\u0119 adrenaliny i zabawy. Uczestnicy b\u0119d\u0105 mieli za zadanie pokona\u0107 wszystkie etapy egzaminu, korzystaj\u0105c z nietypowych pojazd\u00f3w na specjalnie przygotowanym \u201eplacu manewrowym\u201d.<\/p>\n<p>W\u015br\u00f3d pojazd\u00f3w znajd\u0105 si\u0119 m.in.: <strong>Monster Trucki<\/strong>, <strong>amfibia Volvo BV 202<\/strong>, <strong>buggy<\/strong>, <strong>wykr\u0119cone buggy<\/strong>, <strong>auta 4&#215;4<\/strong>, <strong>quady<\/strong>, <strong>koparka<\/strong>, a tak\u017ce inne maszyny, kt\u00f3rych wyb\u00f3r mo\u017cna dostosowa\u0107 do potrzeb grupy. Ka\u017cdy etap to zupe\u0142nie nowe wyzwania, kt\u00f3re gwarantuj\u0105 \u015bwietn\u0105 zabaw\u0119 i sprawdzenie swoich umiej\u0119tno\u015bci w niecodziennych warunkach. To idealna okazja, aby zmierzy\u0107 si\u0119 z nietypowymi pojazdami i pokona\u0107 tor przeszk\u00f3d w wielkim stylu!<\/p>","protected":false},"excerpt":{"rendered":"<p>Scenariusz &#8222;Prawo Jazdy XXL&#8221; to nietypowy egzamin, kt\u00f3ry r\u00f3\u017cni si\u0119 od tradycyjnych sprawdzian\u00f3w na prawo jazdy. Zamiast zwyk\u0142ych pojazd\u00f3w, uczestnicy b\u0119d\u0105 musieli zmierzy\u0107 si\u0119 z Monster Truckami, amfibi\u0105, buggy, autami 4&#215;4, quadami, a nawet kopark\u0105, na specjalnie przygotowanym placu manewrowym. Egzamin teoretyczny? Tego nie b\u0119dzie!<\/p>","protected":false},"featured_media":2320,"comment_status":"open","ping_status":"closed","template":"","meta":{"_acf_changed":false},"product_brand":[],"product_cat":[95,94],"product_tag":[],"class_list":{"0":"post-2341","1":"product","2":"type-product","3":"status-publish","4":"has-post-thumbnail","6":"product_cat-outdoor-team-building","7":"product_cat-team-building","9":"first","10":"instock","11":"shipping-taxable","12":"product-type-simple"},"acf":[],"yoast_head":"<!-- This site is optimized with the Yoast SEO plugin v27.5 - https:\/\/yoast.com\/product\/yoast-seo-wordpress\/ -->\n<title>Zdob\u0105d\u017a Prawo Jazdy XXL! Od koparki po Monster Trucka<\/title>\n<meta name=\"robots\" content=\"index, follow, max-snippet:-1, max-image-preview:large, max-video-preview:-1\" \/>\n<link rel=\"canonical\" href=\"https:\/\/mistrzowieimprez.pl\/en\/product\/prawo-jazdy-xxl\/\" \/>\n<meta property=\"og:locale\" content=\"en_GB\" \/>\n<meta property=\"og:type\" content=\"article\" \/>\n<meta property=\"og:title\" content=\"Zdob\u0105d\u017a Prawo Jazdy XXL! Od koparki po Monster Trucka\" \/>\n<meta property=\"og:description\" content=\"Scenariusz &quot;Prawo Jazdy XXL&quot; to nietypowy egzamin, kt\u00f3ry r\u00f3\u017cni si\u0119 od tradycyjnych sprawdzian\u00f3w na prawo jazdy. Zamiast zwyk\u0142ych pojazd\u00f3w, uczestnicy b\u0119d\u0105 musieli zmierzy\u0107 si\u0119 z Monster Truckami, amfibi\u0105, buggy, autami 4x4, quadami, a nawet kopark\u0105, na specjalnie przygotowanym placu manewrowym. Egzamin teoretyczny? Tego nie b\u0119dzie!\" \/>\n<meta property=\"og:url\" content=\"https:\/\/mistrzowieimprez.pl\/en\/product\/prawo-jazdy-xxl\/\" \/>\n<meta property=\"og:site_name\" content=\"Mistrzowie Imprez\" \/>\n<meta property=\"article:publisher\" content=\"https:\/\/www.facebook.com\/mistrzowieimprez\" \/>\n<meta property=\"article:modified_time\" content=\"2026-03-31T21:07:29+00:00\" \/>\n<meta property=\"og:image\" content=\"https:\/\/mistrzowieimprez.pl\/wp-content\/uploads\/2024\/10\/prawo-jazdy-xxl.webp\" \/>\n\t<meta property=\"og:image:width\" content=\"1000\" \/>\n\t<meta property=\"og:image:height\" content=\"1000\" \/>\n\t<meta property=\"og:image:type\" content=\"image\/webp\" \/>\n<meta name=\"twitter:card\" content=\"summary_large_image\" \/>\n<meta name=\"twitter:label1\" content=\"Estimated reading time\" \/>\n\t<meta name=\"twitter:data1\" content=\"1 minute\" \/>\n<script type=\"application\/ld+json\" class=\"yoast-schema-graph\">{\"@context\":\"https:\\\/\\\/schema.org\",\"@graph\":[{\"@type\":\"WebPage\",\"@id\":\"https:\\\/\\\/mistrzowieimprez.pl\\\/produkt\\\/prawo-jazdy-xxl\\\/\",\"url\":\"https:\\\/\\\/mistrzowieimprez.pl\\\/produkt\\\/prawo-jazdy-xxl\\\/\",\"name\":\"Zdob\u0105d\u017a Prawo Jazdy XXL! Od koparki po Monster Trucka\",\"isPartOf\":{\"@id\":\"https:\\\/\\\/mistrzowieimprez.pl\\\/#website\"},\"primaryImageOfPage\":{\"@id\":\"https:\\\/\\\/mistrzowieimprez.pl\\\/produkt\\\/prawo-jazdy-xxl\\\/#primaryimage\"},\"image\":{\"@id\":\"https:\\\/\\\/mistrzowieimprez.pl\\\/produkt\\\/prawo-jazdy-xxl\\\/#primaryimage\"},\"thumbnailUrl\":\"https:\\\/\\\/mistrzowieimprez.pl\\\/wp-content\\\/uploads\\\/2024\\\/10\\\/prawo-jazdy-xxl.webp\",\"datePublished\":\"2024-10-07T15:07:33+00:00\",\"dateModified\":\"2026-03-31T21:07:29+00:00\",\"breadcrumb\":{\"@id\":\"https:\\\/\\\/mistrzowieimprez.pl\\\/produkt\\\/prawo-jazdy-xxl\\\/#breadcrumb\"},\"inLanguage\":\"en-GB\",\"potentialAction\":[{\"@type\":\"ReadAction\",\"target\":[\"https:\\\/\\\/mistrzowieimprez.pl\\\/produkt\\\/prawo-jazdy-xxl\\\/\"]}]},{\"@type\":\"ImageObject\",\"inLanguage\":\"en-GB\",\"@id\":\"https:\\\/\\\/mistrzowieimprez.pl\\\/produkt\\\/prawo-jazdy-xxl\\\/#primaryimage\",\"url\":\"https:\\\/\\\/mistrzowieimprez.pl\\\/wp-content\\\/uploads\\\/2024\\\/10\\\/prawo-jazdy-xxl.webp\",\"contentUrl\":\"https:\\\/\\\/mistrzowieimprez.pl\\\/wp-content\\\/uploads\\\/2024\\\/10\\\/prawo-jazdy-xxl.webp\",\"width\":1000,\"height\":1000,\"caption\":\"Na zdj\u0119ciu wida\u0107 trzy pot\u0119\u017cne monster trucki ustawione na ziemi, prawdopodobnie jako atrakcja na imprez\u0119 organizowan\u0105 przez Mistrz\u00f3w imprez.\"},{\"@type\":\"BreadcrumbList\",\"@id\":\"https:\\\/\\\/mistrzowieimprez.pl\\\/produkt\\\/prawo-jazdy-xxl\\\/#breadcrumb\",\"itemListElement\":[{\"@type\":\"ListItem\",\"position\":1,\"name\":\"Strona g\u0142\u00f3wna\",\"item\":\"https:\\\/\\\/mistrzowieimprez.pl\\\/\"},{\"@type\":\"ListItem\",\"position\":2,\"name\":\"sklep\",\"item\":\"https:\\\/\\\/mistrzowieimprez.pl\\\/sklep\\\/\"},{\"@type\":\"ListItem\",\"position\":3,\"name\":\"Prawo jazdy XXL\"}]},{\"@type\":\"WebSite\",\"@id\":\"https:\\\/\\\/mistrzowieimprez.pl\\\/#website\",\"url\":\"https:\\\/\\\/mistrzowieimprez.pl\\\/\",\"name\":\"Mistrzowie Imprez\",\"description\":\"Kompleksowa organizacja imprez\",\"publisher\":{\"@id\":\"https:\\\/\\\/mistrzowieimprez.pl\\\/#organization\"},\"potentialAction\":[{\"@type\":\"SearchAction\",\"target\":{\"@type\":\"EntryPoint\",\"urlTemplate\":\"https:\\\/\\\/mistrzowieimprez.pl\\\/?s={search_term_string}\"},\"query-input\":{\"@type\":\"PropertyValueSpecification\",\"valueRequired\":true,\"valueName\":\"search_term_string\"}}],\"inLanguage\":\"en-GB\"},{\"@type\":\"Organization\",\"@id\":\"https:\\\/\\\/mistrzowieimprez.pl\\\/#organization\",\"name\":\"Mistrzowie Imprez\",\"url\":\"https:\\\/\\\/mistrzowieimprez.pl\\\/\",\"logo\":{\"@type\":\"ImageObject\",\"inLanguage\":\"en-GB\",\"@id\":\"https:\\\/\\\/mistrzowieimprez.pl\\\/#\\\/schema\\\/logo\\\/image\\\/\",\"url\":\"https:\\\/\\\/mistrzowieimprez.pl\\\/wp-content\\\/uploads\\\/2024\\\/08\\\/mistrzowie_imprez_logo_ciemne-tlo@4x.png\",\"contentUrl\":\"https:\\\/\\\/mistrzowieimprez.pl\\\/wp-content\\\/uploads\\\/2024\\\/08\\\/mistrzowie_imprez_logo_ciemne-tlo@4x.png\",\"width\":1318,\"height\":351,\"caption\":\"Mistrzowie Imprez\"},\"image\":{\"@id\":\"https:\\\/\\\/mistrzowieimprez.pl\\\/#\\\/schema\\\/logo\\\/image\\\/\"},\"sameAs\":[\"https:\\\/\\\/www.facebook.com\\\/mistrzowieimprez\",\"https:\\\/\\\/www.instagram.com\\\/mistrzowieimprez\\\/\",\"https:\\\/\\\/www.youtube.com\\\/@ytmistrzowieimprez\"]}]}<\/script>\n<!-- \/ Yoast SEO plugin. -->","yoast_head_json":{"title":"Zdob\u0105d\u017a Prawo Jazdy XXL! Od koparki po Monster Trucka","robots":{"index":"index","follow":"follow","max-snippet":"max-snippet:-1","max-image-preview":"max-image-preview:large","max-video-preview":"max-video-preview:-1"},"canonical":"https:\/\/mistrzowieimprez.pl\/en\/product\/prawo-jazdy-xxl\/","og_locale":"en_GB","og_type":"article","og_title":"Zdob\u0105d\u017a Prawo Jazdy XXL! Od koparki po Monster Trucka","og_description":"Scenariusz \"Prawo Jazdy XXL\" to nietypowy egzamin, kt\u00f3ry r\u00f3\u017cni si\u0119 od tradycyjnych sprawdzian\u00f3w na prawo jazdy. Zamiast zwyk\u0142ych pojazd\u00f3w, uczestnicy b\u0119d\u0105 musieli zmierzy\u0107 si\u0119 z Monster Truckami, amfibi\u0105, buggy, autami 4x4, quadami, a nawet kopark\u0105, na specjalnie przygotowanym placu manewrowym. Egzamin teoretyczny? Tego nie b\u0119dzie!","og_url":"https:\/\/mistrzowieimprez.pl\/en\/product\/prawo-jazdy-xxl\/","og_site_name":"Mistrzowie Imprez","article_publisher":"https:\/\/www.facebook.com\/mistrzowieimprez","article_modified_time":"2026-03-31T21:07:29+00:00","og_image":[{"width":1000,"height":1000,"url":"https:\/\/mistrzowieimprez.pl\/wp-content\/uploads\/2024\/10\/prawo-jazdy-xxl.webp","type":"image\/webp"}],"twitter_card":"summary_large_image","twitter_misc":{"Estimated reading time":"1 minute"},"schema":{"@context":"https:\/\/schema.org","@graph":[{"@type":"WebPage","@id":"https:\/\/mistrzowieimprez.pl\/produkt\/prawo-jazdy-xxl\/","url":"https:\/\/mistrzowieimprez.pl\/produkt\/prawo-jazdy-xxl\/","name":"Zdob\u0105d\u017a Prawo Jazdy XXL! Od koparki po Monster Trucka","isPartOf":{"@id":"https:\/\/mistrzowieimprez.pl\/#website"},"primaryImageOfPage":{"@id":"https:\/\/mistrzowieimprez.pl\/produkt\/prawo-jazdy-xxl\/#primaryimage"},"image":{"@id":"https:\/\/mistrzowieimprez.pl\/produkt\/prawo-jazdy-xxl\/#primaryimage"},"thumbnailUrl":"https:\/\/mistrzowieimprez.pl\/wp-content\/uploads\/2024\/10\/prawo-jazdy-xxl.webp","datePublished":"2024-10-07T15:07:33+00:00","dateModified":"2026-03-31T21:07:29+00:00","breadcrumb":{"@id":"https:\/\/mistrzowieimprez.pl\/produkt\/prawo-jazdy-xxl\/#breadcrumb"},"inLanguage":"en-GB","potentialAction":[{"@type":"ReadAction","target":["https:\/\/mistrzowieimprez.pl\/produkt\/prawo-jazdy-xxl\/"]}]},{"@type":"ImageObject","inLanguage":"en-GB","@id":"https:\/\/mistrzowieimprez.pl\/produkt\/prawo-jazdy-xxl\/#primaryimage","url":"https:\/\/mistrzowieimprez.pl\/wp-content\/uploads\/2024\/10\/prawo-jazdy-xxl.webp","contentUrl":"https:\/\/mistrzowieimprez.pl\/wp-content\/uploads\/2024\/10\/prawo-jazdy-xxl.webp","width":1000,"height":1000,"caption":"Na zdj\u0119ciu wida\u0107 trzy pot\u0119\u017cne monster trucki ustawione na ziemi, prawdopodobnie jako atrakcja na imprez\u0119 organizowan\u0105 przez Mistrz\u00f3w imprez."},{"@type":"BreadcrumbList","@id":"https:\/\/mistrzowieimprez.pl\/produkt\/prawo-jazdy-xxl\/#breadcrumb","itemListElement":[{"@type":"ListItem","position":1,"name":"Strona g\u0142\u00f3wna","item":"https:\/\/mistrzowieimprez.pl\/"},{"@type":"ListItem","position":2,"name":"sklep","item":"https:\/\/mistrzowieimprez.pl\/sklep\/"},{"@type":"ListItem","position":3,"name":"Prawo jazdy XXL"}]},{"@type":"WebSite","@id":"https:\/\/mistrzowieimprez.pl\/#website","url":"https:\/\/mistrzowieimprez.pl\/","name":"Mistrzowie Imprez","description":"Kompleksowa organizacja imprez","publisher":{"@id":"https:\/\/mistrzowieimprez.pl\/#organization"},"potentialAction":[{"@type":"SearchAction","target":{"@type":"EntryPoint","urlTemplate":"https:\/\/mistrzowieimprez.pl\/?s={search_term_string}"},"query-input":{"@type":"PropertyValueSpecification","valueRequired":true,"valueName":"search_term_string"}}],"inLanguage":"en-GB"},{"@type":"Organization","@id":"https:\/\/mistrzowieimprez.pl\/#organization","name":"Mistrzowie Imprez","url":"https:\/\/mistrzowieimprez.pl\/","logo":{"@type":"ImageObject","inLanguage":"en-GB","@id":"https:\/\/mistrzowieimprez.pl\/#\/schema\/logo\/image\/","url":"https:\/\/mistrzowieimprez.pl\/wp-content\/uploads\/2024\/08\/mistrzowie_imprez_logo_ciemne-tlo@4x.png","contentUrl":"https:\/\/mistrzowieimprez.pl\/wp-content\/uploads\/2024\/08\/mistrzowie_imprez_logo_ciemne-tlo@4x.png","width":1318,"height":351,"caption":"Mistrzowie Imprez"},"image":{"@id":"https:\/\/mistrzowieimprez.pl\/#\/schema\/logo\/image\/"},"sameAs":["https:\/\/www.facebook.com\/mistrzowieimprez","https:\/\/www.instagram.com\/mistrzowieimprez\/","https:\/\/www.youtube.com\/@ytmistrzowieimprez"]}]}},"_links":{"self":[{"href":"https:\/\/mistrzowieimprez.pl\/en\/wp-json\/wp\/v2\/product\/2341","targetHints":{"allow":["GET"]}}],"collection":[{"href":"https:\/\/mistrzowieimprez.pl\/en\/wp-json\/wp\/v2\/product"}],"about":[{"href":"https:\/\/mistrzowieimprez.pl\/en\/wp-json\/wp\/v2\/types\/product"}],"replies":[{"embeddable":true,"href":"https:\/\/mistrzowieimprez.pl\/en\/wp-json\/wp\/v2\/comments?post=2341"}],"version-history":[{"count":1,"href":"https:\/\/mistrzowieimprez.pl\/en\/wp-json\/wp\/v2\/product\/2341\/revisions"}],"predecessor-version":[{"id":2342,"href":"https:\/\/mistrzowieimprez.pl\/en\/wp-json\/wp\/v2\/product\/2341\/revisions\/2342"}],"wp:featuredmedia":[{"embeddable":true,"href":"https:\/\/mistrzowieimprez.pl\/en\/wp-json\/wp\/v2\/media\/2320"}],"wp:attachment":[{"href":"https:\/\/mistrzowieimprez.pl\/en\/wp-json\/wp\/v2\/media?parent=2341"}],"wp:term":[{"taxonomy":"product_brand","embeddable":true,"href":"https:\/\/mistrzowieimprez.pl\/en\/wp-json\/wp\/v2\/product_brand?post=2341"},{"taxonomy":"product_cat","embeddable":true,"href":"https:\/\/mistrzowieimprez.pl\/en\/wp-json\/wp\/v2\/product_cat?post=2341"},{"taxonomy":"product_tag","embeddable":true,"href":"https:\/\/mistrzowieimprez.pl\/en\/wp-json\/wp\/v2\/product_tag?post=2341"}],"curies":[{"name":"wp","href":"https:\/\/api.w.org\/{rel}","templated":true}]}}