{"id":2338,"date":"2024-10-07T15:04:27","date_gmt":"2024-10-07T15:04:27","guid":{"rendered":"https:\/\/mistrzowieimprez.pl\/?post_type=product&#038;p=2338"},"modified":"2026-03-31T21:07:00","modified_gmt":"2026-03-31T21:07:00","slug":"nieustraszeni","status":"publish","type":"product","link":"https:\/\/mistrzowieimprez.pl\/en\/product\/nieustraszeni\/","title":{"rendered":"Nieustraszeni"},"content":{"rendered":"<h4>Opis scenariusza:<\/h4>\n<p>Scenariusz &#8222;Nieustraszeni&#8221; to dynamiczna rywalizacja, w kt\u00f3rej uczestnicy, podzieleni na grupy, staj\u0105 przed seri\u0105 ekscytuj\u0105cych wyzwa\u0144. Ka\u017cda dru\u017cyna pod okiem naszych instruktor\u00f3w b\u0119dzie musia\u0142a przej\u015b\u0107 przez kolejne etapy scenariusza, gdzie czekaj\u0105 na nich r\u00f3\u017cnorodne zadania. Na ka\u017cdej stacji zespo\u0142y otrzymaj\u0105 nie tylko wskaz\u00f3wki dotycz\u0105ce kolejnego zadania, ale r\u00f3wnie\u017c informacj\u0119 o wynikach osi\u0105gni\u0119tych przez inne dru\u017cyny. To dodatkowa motywacja do dzia\u0142ania!<\/p>\n<p>Ka\u017cda stacja jest osobno punktowana, a ostateczna klasyfikacja dru\u017cyn zale\u017cy od liczby zgromadzonych punkt\u00f3w na koniec gry. Wa\u017cnym elementem rozgrywki b\u0119dzie prze\u0142amywanie w\u0142asnych barier i wychodzenie ze strefy komfortu \u2013 te momenty wp\u0142yn\u0105 na ostateczny wynik zespo\u0142u. W grze obowi\u0105zuje zasada wsp\u00f3lnej odpowiedzialno\u015bci, co idealnie podkre\u015bla motto przewodnie: <strong>&#8222;Jeden za wszystkich, wszyscy za jednego!&#8221;<\/strong>. Ta gra to nie tylko rywalizacja, ale tak\u017ce okazja do wzmacniania zespo\u0142owych wi\u0119zi i wsp\u00f3\u0142pracy.<\/p>","protected":false},"excerpt":{"rendered":"<p>W scenariuszu &#8222;Nieustraszeni&#8221; uczestnicy rywalizuj\u0105 w grupach, pokonuj\u0105c seri\u0119 wyzwa\u0144 pod okiem instruktor\u00f3w. Ka\u017cda dru\u017cyna otrzymuje wskaz\u00f3wki i wyniki innych zespo\u0142\u00f3w na kolejnych stacjach, a ko\u0144cowa klasyfikacja zale\u017cy od zgromadzonych punkt\u00f3w. W tej emocjonuj\u0105cej grze kluczowe b\u0119dzie prze\u0142amywanie barier i wsp\u00f3\u0142praca \u2013 zgodnie z mottem &#8222;Jeden za wszystkich, wszyscy za jednego!&#8221;<\/p>","protected":false},"featured_media":2306,"comment_status":"open","ping_status":"closed","template":"","meta":{"_acf_changed":false},"product_brand":[],"product_cat":[95,94],"product_tag":[],"class_list":{"0":"post-2338","1":"product","2":"type-product","3":"status-publish","4":"has-post-thumbnail","6":"product_cat-outdoor-team-building","7":"product_cat-team-building","9":"first","10":"instock","11":"shipping-taxable","12":"product-type-simple"},"acf":[],"yoast_head":"<!-- This site is optimized with the Yoast SEO plugin v27.5 - https:\/\/yoast.com\/product\/yoast-seo-wordpress\/ -->\n<title>Nieustraszeni \u2013 team building i prze\u0142amywanie barier dla firm<\/title>\n<meta name=\"robots\" content=\"index, follow, max-snippet:-1, max-image-preview:large, max-video-preview:-1\" \/>\n<link rel=\"canonical\" href=\"https:\/\/mistrzowieimprez.pl\/en\/product\/nieustraszeni\/\" \/>\n<meta property=\"og:locale\" content=\"en_GB\" \/>\n<meta property=\"og:type\" content=\"article\" \/>\n<meta property=\"og:title\" content=\"Nieustraszeni \u2013 team building i prze\u0142amywanie barier dla firm\" \/>\n<meta property=\"og:description\" content=\"W scenariuszu &quot;Nieustraszeni&quot; uczestnicy rywalizuj\u0105 w grupach, pokonuj\u0105c seri\u0119 wyzwa\u0144 pod okiem instruktor\u00f3w. Ka\u017cda dru\u017cyna otrzymuje wskaz\u00f3wki i wyniki innych zespo\u0142\u00f3w na kolejnych stacjach, a ko\u0144cowa klasyfikacja zale\u017cy od zgromadzonych punkt\u00f3w. W tej emocjonuj\u0105cej grze kluczowe b\u0119dzie prze\u0142amywanie barier i wsp\u00f3\u0142praca \u2013 zgodnie z mottem &quot;Jeden za wszystkich, wszyscy za jednego!&quot;\" \/>\n<meta property=\"og:url\" content=\"https:\/\/mistrzowieimprez.pl\/en\/product\/nieustraszeni\/\" \/>\n<meta property=\"og:site_name\" content=\"Mistrzowie Imprez\" \/>\n<meta property=\"article:publisher\" content=\"https:\/\/www.facebook.com\/mistrzowieimprez\" \/>\n<meta property=\"article:modified_time\" content=\"2026-03-31T21:07:00+00:00\" \/>\n<meta property=\"og:image\" content=\"https:\/\/mistrzowieimprez.pl\/wp-content\/uploads\/2024\/10\/nieustraszeni.webp\" \/>\n\t<meta property=\"og:image:width\" content=\"1000\" \/>\n\t<meta property=\"og:image:height\" content=\"1000\" \/>\n\t<meta property=\"og:image:type\" content=\"image\/webp\" \/>\n<meta name=\"twitter:card\" content=\"summary_large_image\" \/>\n<meta name=\"twitter:label1\" content=\"Estimated reading time\" \/>\n\t<meta name=\"twitter:data1\" content=\"1 minute\" \/>\n<script type=\"application\/ld+json\" class=\"yoast-schema-graph\">{\"@context\":\"https:\\\/\\\/schema.org\",\"@graph\":[{\"@type\":\"WebPage\",\"@id\":\"https:\\\/\\\/mistrzowieimprez.pl\\\/produkt\\\/nieustraszeni\\\/\",\"url\":\"https:\\\/\\\/mistrzowieimprez.pl\\\/produkt\\\/nieustraszeni\\\/\",\"name\":\"Nieustraszeni \u2013 team building i prze\u0142amywanie barier dla firm\",\"isPartOf\":{\"@id\":\"https:\\\/\\\/mistrzowieimprez.pl\\\/#website\"},\"primaryImageOfPage\":{\"@id\":\"https:\\\/\\\/mistrzowieimprez.pl\\\/produkt\\\/nieustraszeni\\\/#primaryimage\"},\"image\":{\"@id\":\"https:\\\/\\\/mistrzowieimprez.pl\\\/produkt\\\/nieustraszeni\\\/#primaryimage\"},\"thumbnailUrl\":\"https:\\\/\\\/mistrzowieimprez.pl\\\/wp-content\\\/uploads\\\/2024\\\/10\\\/nieustraszeni.webp\",\"datePublished\":\"2024-10-07T15:04:27+00:00\",\"dateModified\":\"2026-03-31T21:07:00+00:00\",\"breadcrumb\":{\"@id\":\"https:\\\/\\\/mistrzowieimprez.pl\\\/produkt\\\/nieustraszeni\\\/#breadcrumb\"},\"inLanguage\":\"en-GB\",\"potentialAction\":[{\"@type\":\"ReadAction\",\"target\":[\"https:\\\/\\\/mistrzowieimprez.pl\\\/produkt\\\/nieustraszeni\\\/\"]}]},{\"@type\":\"ImageObject\",\"inLanguage\":\"en-GB\",\"@id\":\"https:\\\/\\\/mistrzowieimprez.pl\\\/produkt\\\/nieustraszeni\\\/#primaryimage\",\"url\":\"https:\\\/\\\/mistrzowieimprez.pl\\\/wp-content\\\/uploads\\\/2024\\\/10\\\/nieustraszeni.webp\",\"contentUrl\":\"https:\\\/\\\/mistrzowieimprez.pl\\\/wp-content\\\/uploads\\\/2024\\\/10\\\/nieustraszeni.webp\",\"width\":1000,\"height\":1000,\"caption\":\"Na zdj\u0119ciu widoczna jest osoba korzystaj\u0105ca z wiruj\u0105cej atrakcji inspirowanej \u017cyroskopem, popularnej w organizacji event\u00f3w.\"},{\"@type\":\"BreadcrumbList\",\"@id\":\"https:\\\/\\\/mistrzowieimprez.pl\\\/produkt\\\/nieustraszeni\\\/#breadcrumb\",\"itemListElement\":[{\"@type\":\"ListItem\",\"position\":1,\"name\":\"Strona g\u0142\u00f3wna\",\"item\":\"https:\\\/\\\/mistrzowieimprez.pl\\\/\"},{\"@type\":\"ListItem\",\"position\":2,\"name\":\"sklep\",\"item\":\"https:\\\/\\\/mistrzowieimprez.pl\\\/sklep\\\/\"},{\"@type\":\"ListItem\",\"position\":3,\"name\":\"Nieustraszeni\"}]},{\"@type\":\"WebSite\",\"@id\":\"https:\\\/\\\/mistrzowieimprez.pl\\\/#website\",\"url\":\"https:\\\/\\\/mistrzowieimprez.pl\\\/\",\"name\":\"Mistrzowie Imprez\",\"description\":\"Kompleksowa organizacja imprez\",\"publisher\":{\"@id\":\"https:\\\/\\\/mistrzowieimprez.pl\\\/#organization\"},\"potentialAction\":[{\"@type\":\"SearchAction\",\"target\":{\"@type\":\"EntryPoint\",\"urlTemplate\":\"https:\\\/\\\/mistrzowieimprez.pl\\\/?s={search_term_string}\"},\"query-input\":{\"@type\":\"PropertyValueSpecification\",\"valueRequired\":true,\"valueName\":\"search_term_string\"}}],\"inLanguage\":\"en-GB\"},{\"@type\":\"Organization\",\"@id\":\"https:\\\/\\\/mistrzowieimprez.pl\\\/#organization\",\"name\":\"Mistrzowie Imprez\",\"url\":\"https:\\\/\\\/mistrzowieimprez.pl\\\/\",\"logo\":{\"@type\":\"ImageObject\",\"inLanguage\":\"en-GB\",\"@id\":\"https:\\\/\\\/mistrzowieimprez.pl\\\/#\\\/schema\\\/logo\\\/image\\\/\",\"url\":\"https:\\\/\\\/mistrzowieimprez.pl\\\/wp-content\\\/uploads\\\/2024\\\/08\\\/mistrzowie_imprez_logo_ciemne-tlo@4x.png\",\"contentUrl\":\"https:\\\/\\\/mistrzowieimprez.pl\\\/wp-content\\\/uploads\\\/2024\\\/08\\\/mistrzowie_imprez_logo_ciemne-tlo@4x.png\",\"width\":1318,\"height\":351,\"caption\":\"Mistrzowie Imprez\"},\"image\":{\"@id\":\"https:\\\/\\\/mistrzowieimprez.pl\\\/#\\\/schema\\\/logo\\\/image\\\/\"},\"sameAs\":[\"https:\\\/\\\/www.facebook.com\\\/mistrzowieimprez\",\"https:\\\/\\\/www.instagram.com\\\/mistrzowieimprez\\\/\",\"https:\\\/\\\/www.youtube.com\\\/@ytmistrzowieimprez\"]}]}<\/script>\n<!-- \/ Yoast SEO plugin. -->","yoast_head_json":{"title":"Nieustraszeni \u2013 team building i prze\u0142amywanie barier dla firm","robots":{"index":"index","follow":"follow","max-snippet":"max-snippet:-1","max-image-preview":"max-image-preview:large","max-video-preview":"max-video-preview:-1"},"canonical":"https:\/\/mistrzowieimprez.pl\/en\/product\/nieustraszeni\/","og_locale":"en_GB","og_type":"article","og_title":"Nieustraszeni \u2013 team building i prze\u0142amywanie barier dla firm","og_description":"W scenariuszu \"Nieustraszeni\" uczestnicy rywalizuj\u0105 w grupach, pokonuj\u0105c seri\u0119 wyzwa\u0144 pod okiem instruktor\u00f3w. Ka\u017cda dru\u017cyna otrzymuje wskaz\u00f3wki i wyniki innych zespo\u0142\u00f3w na kolejnych stacjach, a ko\u0144cowa klasyfikacja zale\u017cy od zgromadzonych punkt\u00f3w. W tej emocjonuj\u0105cej grze kluczowe b\u0119dzie prze\u0142amywanie barier i wsp\u00f3\u0142praca \u2013 zgodnie z mottem \"Jeden za wszystkich, wszyscy za jednego!\"","og_url":"https:\/\/mistrzowieimprez.pl\/en\/product\/nieustraszeni\/","og_site_name":"Mistrzowie Imprez","article_publisher":"https:\/\/www.facebook.com\/mistrzowieimprez","article_modified_time":"2026-03-31T21:07:00+00:00","og_image":[{"width":1000,"height":1000,"url":"https:\/\/mistrzowieimprez.pl\/wp-content\/uploads\/2024\/10\/nieustraszeni.webp","type":"image\/webp"}],"twitter_card":"summary_large_image","twitter_misc":{"Estimated reading time":"1 minute"},"schema":{"@context":"https:\/\/schema.org","@graph":[{"@type":"WebPage","@id":"https:\/\/mistrzowieimprez.pl\/produkt\/nieustraszeni\/","url":"https:\/\/mistrzowieimprez.pl\/produkt\/nieustraszeni\/","name":"Nieustraszeni \u2013 team building i prze\u0142amywanie barier dla firm","isPartOf":{"@id":"https:\/\/mistrzowieimprez.pl\/#website"},"primaryImageOfPage":{"@id":"https:\/\/mistrzowieimprez.pl\/produkt\/nieustraszeni\/#primaryimage"},"image":{"@id":"https:\/\/mistrzowieimprez.pl\/produkt\/nieustraszeni\/#primaryimage"},"thumbnailUrl":"https:\/\/mistrzowieimprez.pl\/wp-content\/uploads\/2024\/10\/nieustraszeni.webp","datePublished":"2024-10-07T15:04:27+00:00","dateModified":"2026-03-31T21:07:00+00:00","breadcrumb":{"@id":"https:\/\/mistrzowieimprez.pl\/produkt\/nieustraszeni\/#breadcrumb"},"inLanguage":"en-GB","potentialAction":[{"@type":"ReadAction","target":["https:\/\/mistrzowieimprez.pl\/produkt\/nieustraszeni\/"]}]},{"@type":"ImageObject","inLanguage":"en-GB","@id":"https:\/\/mistrzowieimprez.pl\/produkt\/nieustraszeni\/#primaryimage","url":"https:\/\/mistrzowieimprez.pl\/wp-content\/uploads\/2024\/10\/nieustraszeni.webp","contentUrl":"https:\/\/mistrzowieimprez.pl\/wp-content\/uploads\/2024\/10\/nieustraszeni.webp","width":1000,"height":1000,"caption":"Na zdj\u0119ciu widoczna jest osoba korzystaj\u0105ca z wiruj\u0105cej atrakcji inspirowanej \u017cyroskopem, popularnej w organizacji event\u00f3w."},{"@type":"BreadcrumbList","@id":"https:\/\/mistrzowieimprez.pl\/produkt\/nieustraszeni\/#breadcrumb","itemListElement":[{"@type":"ListItem","position":1,"name":"Strona g\u0142\u00f3wna","item":"https:\/\/mistrzowieimprez.pl\/"},{"@type":"ListItem","position":2,"name":"sklep","item":"https:\/\/mistrzowieimprez.pl\/sklep\/"},{"@type":"ListItem","position":3,"name":"Nieustraszeni"}]},{"@type":"WebSite","@id":"https:\/\/mistrzowieimprez.pl\/#website","url":"https:\/\/mistrzowieimprez.pl\/","name":"Mistrzowie Imprez","description":"Kompleksowa organizacja imprez","publisher":{"@id":"https:\/\/mistrzowieimprez.pl\/#organization"},"potentialAction":[{"@type":"SearchAction","target":{"@type":"EntryPoint","urlTemplate":"https:\/\/mistrzowieimprez.pl\/?s={search_term_string}"},"query-input":{"@type":"PropertyValueSpecification","valueRequired":true,"valueName":"search_term_string"}}],"inLanguage":"en-GB"},{"@type":"Organization","@id":"https:\/\/mistrzowieimprez.pl\/#organization","name":"Mistrzowie Imprez","url":"https:\/\/mistrzowieimprez.pl\/","logo":{"@type":"ImageObject","inLanguage":"en-GB","@id":"https:\/\/mistrzowieimprez.pl\/#\/schema\/logo\/image\/","url":"https:\/\/mistrzowieimprez.pl\/wp-content\/uploads\/2024\/08\/mistrzowie_imprez_logo_ciemne-tlo@4x.png","contentUrl":"https:\/\/mistrzowieimprez.pl\/wp-content\/uploads\/2024\/08\/mistrzowie_imprez_logo_ciemne-tlo@4x.png","width":1318,"height":351,"caption":"Mistrzowie Imprez"},"image":{"@id":"https:\/\/mistrzowieimprez.pl\/#\/schema\/logo\/image\/"},"sameAs":["https:\/\/www.facebook.com\/mistrzowieimprez","https:\/\/www.instagram.com\/mistrzowieimprez\/","https:\/\/www.youtube.com\/@ytmistrzowieimprez"]}]}},"_links":{"self":[{"href":"https:\/\/mistrzowieimprez.pl\/en\/wp-json\/wp\/v2\/product\/2338","targetHints":{"allow":["GET"]}}],"collection":[{"href":"https:\/\/mistrzowieimprez.pl\/en\/wp-json\/wp\/v2\/product"}],"about":[{"href":"https:\/\/mistrzowieimprez.pl\/en\/wp-json\/wp\/v2\/types\/product"}],"replies":[{"embeddable":true,"href":"https:\/\/mistrzowieimprez.pl\/en\/wp-json\/wp\/v2\/comments?post=2338"}],"version-history":[{"count":1,"href":"https:\/\/mistrzowieimprez.pl\/en\/wp-json\/wp\/v2\/product\/2338\/revisions"}],"predecessor-version":[{"id":2339,"href":"https:\/\/mistrzowieimprez.pl\/en\/wp-json\/wp\/v2\/product\/2338\/revisions\/2339"}],"wp:featuredmedia":[{"embeddable":true,"href":"https:\/\/mistrzowieimprez.pl\/en\/wp-json\/wp\/v2\/media\/2306"}],"wp:attachment":[{"href":"https:\/\/mistrzowieimprez.pl\/en\/wp-json\/wp\/v2\/media?parent=2338"}],"wp:term":[{"taxonomy":"product_brand","embeddable":true,"href":"https:\/\/mistrzowieimprez.pl\/en\/wp-json\/wp\/v2\/product_brand?post=2338"},{"taxonomy":"product_cat","embeddable":true,"href":"https:\/\/mistrzowieimprez.pl\/en\/wp-json\/wp\/v2\/product_cat?post=2338"},{"taxonomy":"product_tag","embeddable":true,"href":"https:\/\/mistrzowieimprez.pl\/en\/wp-json\/wp\/v2\/product_tag?post=2338"}],"curies":[{"name":"wp","href":"https:\/\/api.w.org\/{rel}","templated":true}]}}